{"id":16029,"date":"2025-01-19T15:18:44","date_gmt":"2025-01-19T15:18:44","guid":{"rendered":"https:\/\/www.hydraulic-cylinders.net\/product\/bucket-cylinder-for-kato-small-excavator-hd800-7\/"},"modified":"2025-01-19T15:18:46","modified_gmt":"2025-01-19T15:18:46","slug":"bucket-cylinder-for-kato-small-excavator-hd800-7","status":"publish","type":"product","link":"https:\/\/www.hydraulic-cylinders.net\/nb\/produkt\/bucket-cylinder-for-kato-small-excavator-hd800-7\/","title":{"rendered":"Skuffesylinder for Kato liten gravemaskin HD800-7"},"content":{"rendered":"<h1>Skuffesylinder for Kato liten gravemaskin HD800-7<\/h1>\n<h2>Introduksjon<\/h2>\n<p>En skuffesylinder er en spesialdesignet hydraulisk sylinder som brukes til \u00e5 kontrollere bevegelsen til skuffer i tunge maskiner, som gravemaskiner, traktorgravere og frontlastere. Hovedfunksjonen er \u00e5 gj\u00f8re det mulig for skuffen \u00e5 l\u00f8fte, senke og vippe, noe som gj\u00f8r den ideell for en rekke materialh\u00e5ndteringsoppgaver. I et hydraulisk system oppn\u00e5r skuffesylinderen presis kontroll over skuffen ved \u00e5 variere trykket p\u00e5 hydraulikkoljen, slik at operat\u00f8rer kan h\u00e5ndtere tunge laster effektivt og tilpasse seg komplekse arbeidsmilj\u00f8er og ulike driftsbehov. <\/p>\n<p><img decoding=\"async\" src=\"https:\/\/www.hydraulic-cylinders.net\/wp-content\/uploads\/2025\/01\/songte-company-2.webp\" alt=\"b\u00f8ttesylinder for Kato liten gravemaskin HD800-7\" \/><\/p>\n<h3>Funksjoner<\/h3>\n<ul>\n<li><strong>H\u00f8y styrke og holdbarhet:<\/strong> B\u00f8ttesylinderen er vanligvis laget av h\u00f8yfast st\u00e5l eller aluminium, og t\u00e5ler h\u00f8yt trykk og tunge belastninger, og tilpasser seg t\u00f8ffe arbeidsmilj\u00f8er. Designet tar hensyn til slitestyrke og korrosjonsmotstand for \u00e5 forlenge levetiden.<\/li>\n<li><strong>Effektiv hydraulisk drift:<\/strong> Ved \u00e5 bruke trykket fra hydraulikkoljen til \u00e5 oppn\u00e5 jevn forlengelse og inntrekking, kan skuffesylinderen reagere raskt p\u00e5 kontrollkommandoer, og gi kraftige skyve- og trekkkrefter som er egnet for h\u00e5ndtering av tunge belastninger og komplekse oppgaver.<\/li>\n<li><strong>Ulike typer:<\/strong> Skuffesylinderen kan v\u00e6re en enkeltvirkende sylinder (med hydraulikk i kun \u00e9n retning) eller en dobbeltvirkende sylinder (med hydraulikk i begge retninger) avhengig av driftsbehovet. Noen modeller er teleskopiske, noe som gir st\u00f8rre uttrekk uten \u00e5 \u00f8ke de ytre m\u00e5lene, noe som gj\u00f8r dem egnet for bruk i begrensede omr\u00e5der.<\/li>\n<li><strong>Kan erstatte andre hydrauliske sylindere:<\/strong> Produktene v\u00e5re er perfekte erstatninger for andre hydrauliske sylindere, og forbedrer ytelsen og forlenger levetiden.<\/li>\n<li><strong>Bredt spekter av bruksomr\u00e5der:<\/strong> Skuffesylinderen er mye brukt i anleggsmaskiner, landbruksmaskiner, gravemaskiner, traktorgravere og frontlastere. Den er viktig for utgraving, lasting og flytting av jord eller rusk, l\u00f8fting, graving og dumping av materiale, og andre materialh\u00e5ndteringsoppgaver.<\/li>\n<\/ul>\n<p><img decoding=\"async\" src=\"https:\/\/www.hydraulic-cylinders.net\/wp-content\/uploads\/2025\/01\/songte-cylinder-head-with-all-kinds-excavator-models.webp\" alt=\"b\u00f8ttesylinder for Kato liten gravemaskin HD800-7\" \/><\/p>\n<h3>Designhensyn og utvalgskriterier<\/h3>\n<p>Designhensyn for b\u00f8ttesylinderen inkluderer b\u00e6reevne, tetning, holdbarhet, sikkerhet og vedlikeholdbarhet. Sylinderen m\u00e5 t\u00e5le tunge belastninger samtidig som den opprettholder en h\u00f8y grad av presisjon i driften. Tetningssystemet m\u00e5 v\u00e6re sikkert og p\u00e5litelig, forhindre lekkasje og sikre langvarig drift. Sylinderens holdbarhet m\u00e5 t\u00e5le slitasje, korrosjon og t\u00f8ffe milj\u00f8forhold. Den skal v\u00e6re enkel \u00e5 vedlikeholde og reparere, slik at den kan byttes ut raskt og gjenoppbygges raskt n\u00e5r det er n\u00f8dvendig.<\/p>\n<p><img decoding=\"async\" src=\"https:\/\/www.hydraulic-cylinders.net\/wp-content\/uploads\/2025\/01\/songte-oil-pipes-and-spare-parts.webp\" alt=\"b\u00f8ttesylinder for Kato liten gravemaskin HD800-7\" \/><\/p>\n<h3>Tetting og sm\u00f8ring<\/h3>\n<p>B\u00f8ttesylinderen krever forskjellige tetningskomponenter, som stempeltetningsringer og stangtetningsringer laget av slitesterke materialer som polyuretan og nitrilgummi. Sylinderhuset og den gjengede endeflaten gjennomg\u00e5r fin bearbeiding for \u00e5 forbedre slitestyrken. Regelmessig tilsetning av passende hydraulikkolje er n\u00f8dvendig for sm\u00f8ring.<\/p>\n<h3>Vedlikehold og reparasjon<\/h3>\n<p>Regelmessige inspeksjoner og forebyggende vedlikeholdstiltak som sm\u00f8ring, utskifting av tetninger og kalibreringskontroller er avgj\u00f8rende for at b\u00f8ttesylinderen skal ha optimal ytelse. Korrekt installasjon, sm\u00f8ring og justering er avgj\u00f8rende. Riktig justeringsveiledning under installasjon, bruk av passende monteringsbraketter for \u00e5 sikre sylinderen, og anbefalte inspeksjons-, reparasjons- og utskiftingsprosedyrer kan forbedre sylinderens levetid.<\/p>\n<p><img decoding=\"async\" src=\"https:\/\/www.hydraulic-cylinders.net\/wp-content\/uploads\/2025\/01\/songte-chushion-collar.webp\" alt=\"b\u00f8ttesylinder for Kato liten gravemaskin HD800-7\" \/><\/p>\n<h3>Sikkerhets- og milj\u00f8hensyn<\/h3>\n<p>N\u00e5r du bruker b\u00f8ttesylinderen, er det viktig \u00e5 f\u00f8lge sikkerhetstiltak for \u00e5 unng\u00e5 ulykker, som \u00e5 bruke verneutstyr, s\u00f8rge for at trykket i det hydrauliske systemet er innenfor anbefalt omr\u00e5de og unng\u00e5 overbelastning av sylinderen. Riktig avhending av hydraulisk olje og skadede komponenter kan minimere milj\u00f8p\u00e5virkningen.<\/p>\n<h3>Feils\u00f8king og vanlige problemer<\/h3>\n<p>Noen vanlige problemer med b\u00f8ttesylinderens ytelse inkluderer lekkasje, utilstrekkelig kraft og ustabilitet. Riktig vedlikehold, inspeksjon og kalibrering kan redusere slike problemer. Hvis problemer oppst\u00e5r, kan diagnostiske trinn som \u00e5 sjekke for l\u00f8se forbindelser, skade p\u00e5 sylinderhuset og slitasje p\u00e5 tetningskomponentene bidra til \u00e5 identifisere den underliggende \u00e5rsaken. \u00c5 bytte ut skadede komponenter og bygge opp sylinderen p\u00e5 nytt kan l\u00f8se de fleste problemer.<\/p>\n<p><img decoding=\"async\" src=\"https:\/\/www.hydraulic-cylinders.net\/wp-content\/uploads\/2025\/01\/songte-bushings-with-all-kinds-of-excavator-models.webp\" alt=\"b\u00f8ttesylinder for Kato liten gravemaskin HD800-7\" \/><\/p>\n<h2>Om selskapet v\u00e5rt<\/h2>\n<p>Vi er en produsent av hydrauliske sylindere for utskifting, og tilbyr et komplett utvalg av produkter og tjenester for \u00e5 bli en av de ledende produsentene og grossistdistribut\u00f8rene av hydrauliske sylindere i innenlandske og internasjonale markeder. Vi f\u00f8lger prinsippet om kvalitetssikring, og bruker strategier for industriell produksjonsstyring i sofistikerte produksjonsverksteder, bruker teknologiske talenter, digitalt high-end produksjonsutstyr og et profesjonelt deteksjonssystem for kontinuerlig \u00e5 forbedre produksjonsplattformen og forbedre produktkvaliteten og produksjonsrutene. Vi har sterke produksjonsevner og kan m\u00f8te kundenes ulike behov med h\u00f8y effektivitet, h\u00f8y presisjon og h\u00f8y kvalitet.<\/p>\n<ul>\n<li><strong>Profesjonalitet:<\/strong> Vi har et team av eksperter og teknikere med omfattende erfaring innen hydrauliske sylindere, som sikrer at produktene v\u00e5re oppfyller de h\u00f8yeste standardene for kvalitet og ytelse.<\/li>\n<li><strong>Internasjonal sertifisering:<\/strong> Produktene v\u00e5re har best\u00e5tt internasjonale sertifiseringer som CE, ISO9001 og RoHS, noe som sikrer kvalitet og sikkerhet.<\/li>\n<li><strong>Tilpasningstjenester:<\/strong> Vi tilbyr tilpasningstjenester for \u00e5 m\u00f8te spesifikke behov og krav, og sikrer at produktene v\u00e5re er skreddersydd for \u00e5 m\u00f8te unike behov.<\/li>\n<li><strong>Produksjonsutstyr:<\/strong> Vi bruker avansert produksjonsutstyr, inkludert CNC-dreiebenker, maskineringssentre og testbenker for hydrauliske sylindere, for \u00e5 sikre at produktene v\u00e5re oppfyller de h\u00f8yeste standardene for kvalitet og ytelse.<\/li>\n<li><strong>Ettersalgsservice:<\/strong> Vi tilbyr omfattende ettersalgstjenester, inkludert installasjonsveiledning, vedlikehold og reparasjon, samt deler og ombyggingstjenester, for \u00e5 sikre at kundene v\u00e5re f\u00e5r best mulig service.<\/li>\n<\/ul>\n<p><img decoding=\"async\" src=\"https:\/\/hzpt.com\/wp-content\/uploads\/2024\/11\/songte-company-1.webp\" alt=\"b\u00f8ttesylinder for Kato liten gravemaskin HD800-7\" \/><\/p>\n<p>Forfatter: lyl<\/p>","protected":false},"excerpt":{"rendered":"<p>Bucket Cylinder For Kato Small Excavator HD800-7 Introduction A bucket cylinder is a specially designed hydraulic cylinder used to control the movement of buckets in heavy machinery, such as excavators, backhoes, and front loaders. Its main function is to enable the bucket to lift, lower, and tilt, making it ideal for a variety of material [&hellip;]<\/p>","protected":false},"featured_media":14765,"comment_status":"open","ping_status":"closed","template":"","meta":{"_et_pb_use_builder":"","_et_pb_old_content":"","_et_gb_content_width":""},"product_brand":[],"product_cat":[1494],"product_tag":[1495,1496],"class_list":{"0":"post-16029","1":"product","2":"type-product","3":"status-publish","4":"has-post-thumbnail","6":"product_cat-bucket-cylinders","7":"product_tag-bucket-cylinders","8":"product_tag-hydraulic-cylinders","10":"first","11":"instock","12":"shipping-taxable","13":"product-type-simple"},"amp_enabled":true,"_links":{"self":[{"href":"https:\/\/www.hydraulic-cylinders.net\/nb\/wp-json\/wp\/v2\/product\/16029","targetHints":{"allow":["GET"]}}],"collection":[{"href":"https:\/\/www.hydraulic-cylinders.net\/nb\/wp-json\/wp\/v2\/product"}],"about":[{"href":"https:\/\/www.hydraulic-cylinders.net\/nb\/wp-json\/wp\/v2\/types\/product"}],"replies":[{"embeddable":true,"href":"https:\/\/www.hydraulic-cylinders.net\/nb\/wp-json\/wp\/v2\/comments?post=16029"}],"wp:featuredmedia":[{"embeddable":true,"href":"https:\/\/www.hydraulic-cylinders.net\/nb\/wp-json\/wp\/v2\/media\/14765"}],"wp:attachment":[{"href":"https:\/\/www.hydraulic-cylinders.net\/nb\/wp-json\/wp\/v2\/media?parent=16029"}],"wp:term":[{"taxonomy":"product_brand","embeddable":true,"href":"https:\/\/www.hydraulic-cylinders.net\/nb\/wp-json\/wp\/v2\/product_brand?post=16029"},{"taxonomy":"product_cat","embeddable":true,"href":"https:\/\/www.hydraulic-cylinders.net\/nb\/wp-json\/wp\/v2\/product_cat?post=16029"},{"taxonomy":"product_tag","embeddable":true,"href":"https:\/\/www.hydraulic-cylinders.net\/nb\/wp-json\/wp\/v2\/product_tag?post=16029"}],"curies":[{"name":"wp","href":"https:\/\/api.w.org\/{rel}","templated":true}]}}