{"id":1607,"date":"2023-10-08T01:17:41","date_gmt":"2023-10-08T01:17:41","guid":{"rendered":"https:\/\/hydraulic-cylinders.net\/?post_type=product&#038;p=1607"},"modified":"2025-04-14T01:17:37","modified_gmt":"2025-04-14T01:17:37","slug":"mining-dump-truck-lifting-cylinder","status":"publish","type":"product","link":"https:\/\/www.hydraulic-cylinders.net\/nb\/produkt\/mining-dump-truck-lifting-cylinder\/","title":{"rendered":"L\u00f8ftesylinder for gruvedrift"},"content":{"rendered":"<h1 style=\"text-align: center;\"><strong>L\u00f8ftesylinder for gruvedrift<\/strong><\/h1>\n<p><img loading=\"lazy\" decoding=\"async\" class=\"aligncenter wp-image-1608\" src=\"https:\/\/hydraulic-cylinders.net\/wp-content\/uploads\/2023\/10\/lifting-cylinder-1-300x300.webp\" alt=\"\" width=\"400\" height=\"400\" \/><\/p>\n<p>L\u00f8ftesylinderen for gruvedumpere er en viktig komponent som er spesielt utviklet for gruvedumpere. Denne kraftige hydrauliske sylinderen er ansvarlig for \u00e5 l\u00f8fte og senke lastebilens tippplan, noe som muliggj\u00f8r effektiv lasting og lossing av materialer i gruvedrift.<\/p>\n<p>L\u00f8ftesylinderen til gruvebilen er en avgj\u00f8rende komponent som bidrar betydelig til effektiviteten og produktiviteten i gruvedriften. Med sin robuste konstruksjon, h\u00f8ye l\u00f8ftekapasitet og presise kontroll muliggj\u00f8r denne hydrauliske sylinderen s\u00f8ml\u00f8s lasting og lossing av materialer, minimerer nedetid og maksimerer produksjonen. Ved \u00e5 f\u00f8lge riktige bruksmetoder og overholde anbefalte vedlikeholdspraksiser, kan operat\u00f8rer sikre levetiden og p\u00e5litelig ytelse til l\u00f8ftesylinderen til gruvebilen. Velg denne h\u00f8yytelsessylinderen for \u00e5 forbedre l\u00f8ftekapasiteten til gruvebilen din og optimalisere gruvedriften.<\/p>\n<p>Viktige egenskaper ved l\u00f8ftesylinder for gruvedrift:<\/p>\n<ol>\n<li>Robust og p\u00e5litelig konstruksjon:<\/li>\n<\/ol>\n<ul>\n<li>L\u00f8ftesylinderen for gruvedrift er bygget med tanke p\u00e5 holdbarhet, og bruker materialer av h\u00f8y kvalitet og presisjonsteknikk for \u00e5 t\u00e5le de krevende forholdene i gruvedrift.<\/li>\n<li>Den tilbyr eksepsjonell styrke og p\u00e5litelighet for \u00e5 h\u00e5ndtere tunge belastninger, og sikrer jevn ytelse selv i t\u00f8ffe milj\u00f8er.<\/li>\n<\/ul>\n<ol start=\"2\">\n<li>H\u00f8y l\u00f8ftekapasitet:<\/li>\n<\/ol>\n<ul>\n<li>Denne sylinderen er konstruert for \u00e5 gi betydelig l\u00f8ftekapasitet, slik at gruvedumperen kan h\u00e5ndtere store mengder materialer effektivt.<\/li>\n<li>Med sin imponerende l\u00f8ftekraft muliggj\u00f8r den rask og p\u00e5litelig t\u00f8mming, minimerer nedetid og maksimerer produktiviteten p\u00e5 arbeidsplassen.<\/li>\n<\/ul>\n<ol start=\"3\">\n<li>Presis kontroll og jevn drift:<\/li>\n<\/ol>\n<ul>\n<li>L\u00f8ftesylinderen for gruvedriftsdumpere gir presis kontroll over heving og senking av tippbilen, noe som sikrer jevn og n\u00f8yaktig bevegelse.<\/li>\n<li>Denne funksjonen lar f\u00f8rere plassere tippflaten presist, noe som forenkler effektive laste- og losseoperasjoner.<\/li>\n<\/ul>\n<h2><strong>Parameter for l\u00f8ftesylinder for gruvedrift:<\/strong><\/h2>\n<table border=\"1\" cellspacing=\"0\" cellpadding=\"0\">\n<tbody>\n<tr>\n<td>Produktnavn<\/td>\n<td>L\u00f8ftesylinder for gruvedrift<\/td>\n<\/tr>\n<tr>\n<td>Funksjoner:<\/td>\n<td>L\u00f8ft\/senk karosseriet for lossing av last<\/td>\n<\/tr>\n<tr>\n<td>Borediameter:<\/td>\n<td>120 mm \uff5e380 mm<\/td>\n<\/tr>\n<tr>\n<td>Stangdiameter:<\/td>\n<td>90 mm \uff5e350 mm<\/td>\n<\/tr>\n<tr>\n<td>Generelt:<\/td>\n<td>To-trinns eller tre-trinns sylinder<\/td>\n<\/tr>\n<tr>\n<td>L\u00f8ftesylinderapplikasjoner:<\/td>\n<td>Gruvedriftsdumper<\/td>\n<\/tr>\n<\/tbody>\n<\/table>\n<h2><strong>Diagram for identifikasjon av sylinder for gruvedriftsdumper:<\/strong><\/h2>\n<p><img loading=\"lazy\" decoding=\"async\" class=\"alignnone wp-image-1594 size-full\" src=\"https:\/\/hydraulic-cylinders.net\/wp-content\/uploads\/2023\/10\/mining-dump-truck-cylinder.webp\" alt=\"\" width=\"1418\" height=\"946\" srcset=\"https:\/\/hydraulic-cylinders.net\/wp-content\/uploads\/2023\/10\/mining-dump-truck-cylinder.webp 1418w, https:\/\/hydraulic-cylinders.net\/wp-content\/uploads\/2023\/10\/mining-dump-truck-cylinder-1280x854.webp 1280w, https:\/\/hydraulic-cylinders.net\/wp-content\/uploads\/2023\/10\/mining-dump-truck-cylinder-980x654.webp 980w, https:\/\/hydraulic-cylinders.net\/wp-content\/uploads\/2023\/10\/mining-dump-truck-cylinder-480x320.webp 480w\" sizes=\"(min-width: 0px) and (max-width: 480px) 480px, (min-width: 481px) and (max-width: 980px) 980px, (min-width: 981px) and (max-width: 1280px) 1280px, (min-width: 1281px) 1418px, 100vw\" \/><\/p>\n<h2><strong>Bruksmetode for gruvedrift av l\u00f8ftesylinder for dumper<\/strong><strong>:<\/strong><\/h2>\n<ol>\n<li><strong>Integrasjon med dumpersystem:<\/strong><\/li>\n<\/ol>\n<ul>\n<li>L\u00f8ftesylinderen for gruvedriftsdumper er vanligvis integrert i dumperens hydrauliske system.<\/li>\n<li>Den er koblet til en hydraulisk kraftkilde, for eksempel en pumpe, som gir det n\u00f8dvendige hydrauliske trykket for \u00e5 betjene sylinderen.<\/li>\n<\/ul>\n<ol start=\"2\">\n<li><strong>Kontrollmekanismer:<\/strong><\/li>\n<\/ol>\n<ul>\n<li>Heving og senking av lasteplanet styres ved hjelp av hydrauliske ventiler og kontrollspaker som er plassert i lastebilens f\u00f8rerhus.<\/li>\n<li>Operat\u00f8rer kan aktivere sylinderen for \u00e5 heve eller senke tippplanet, noe som gir effektiv materialh\u00e5ndtering.<\/li>\n<\/ul>\n<h2><strong>Hvordan fungerer et hydraulisk servostyringssystem?<\/strong><\/h2>\n<p>Et hydraulisk servostyringssystem er en n\u00f8kkelkomponent i moderne kj\u00f8ret\u00f8y som hjelper f\u00f8reren med \u00e5 styre kj\u00f8ret\u00f8yet med letthet og presisjon. Det bruker hydraulisk trykk for \u00e5 forsterke f\u00f8rerens innspill og gi jevn og responsiv styring. La oss utforske hvordan et hydraulisk servostyringssystem fungerer:<\/p>\n<ol>\n<li><strong>Hydraulisk pumpe:<\/strong><br \/>\nSystemet starter med en hydraulisk pumpe, vanligvis drevet av kj\u00f8ret\u00f8yets motor. Pumpen er ansvarlig for \u00e5 generere hydraulisk trykk ved \u00e5 trekke kraft fra motorens rotasjonsbevegelse. Den er vanligvis koblet til motoren via en rem eller andre mekaniske midler.<\/li>\n<li><strong>Servostyringsv\u00e6ske:<\/strong><br \/>\nHydraulikkpumpen sirkulerer servostyringsv\u00e6ske, ogs\u00e5 kjent som hydraulisk v\u00e6ske, gjennom hele systemet. V\u00e6sken fungerer som medium for overf\u00f8ring av kraft og trykk.<\/li>\n<li><strong>Styrekasse\/tannstang:<\/strong><br \/>\nServostyringsv\u00e6sken ledes til styringsgirkassen eller tannstangen. Disse komponentene omsetter rattets rotasjonsbevegelse til sideveis bevegelse, som dreier kj\u00f8ret\u00f8yets hjul.<\/li>\n<li><strong>Kraftassistanse:<\/strong><br \/>\nServostyringssystemet inneholder en servoassistansemekanisme, for eksempel en servostyringsventil eller servostyringssylinder. Disse komponentene bruker det hydrauliske trykket fra pumpen til \u00e5 gi assistanse til f\u00f8rerens styringsinngang. N\u00e5r f\u00f8reren dreier p\u00e5 rattet, justerer servoassistansemekanismen str\u00f8mmen av servostyringsv\u00e6ske, noe som bidrar til \u00e5 redusere innsatsen som kreves for \u00e5 dreie hjulene.<\/li>\n<li><strong>Styringstilbakemelding:<\/strong><br \/>\nFor \u00e5 opprettholde en naturlig styref\u00f8lelse og gi tilbakemelding til f\u00f8reren, inkluderer servostyringssystemet en enhet som kalles et styresnekk eller torsjonsstang. Denne komponenten gir en viss motstand og tilbakemelding gjennom rattet, noe som forbedrer f\u00f8rerens kontakt med veien.<\/li>\n<li><strong>Trykkavlastningsventil:<\/strong><br \/>\nEn trykkavlastningsventil er innebygd i servostyringssystemet for \u00e5 forhindre overdreven trykkoppbygging. Den sikrer at systemet fungerer innenfor trygge grenser og beskytter mot potensiell skade.<\/li>\n<\/ol>\n<h2><strong>Fabrikkens kapasitet og kapasitet:<\/strong><\/h2>\n<h3>(1) Montering<\/h3>\n<p>Vi har en f\u00f8rsteklasses uavhengig forsknings- og utviklingsplattform for montering. Verkstedet for produksjon av hydrauliske sylindere har fire halvautomatiske monteringslinjer for l\u00f8ftesylindere og \u00e9n automatisk monteringslinje for vippesylindere, med en \u00e5rlig produksjonskapasitet p\u00e5 1 million enheter. Spesialsylinderverkstedet er utstyrt med ulike spesifikasjoner for et halvautomatisk rengj\u00f8ringsmonteringssystem med en \u00e5rlig produksjonskapasitet p\u00e5 200 000 enheter, og er utstyrt med kjent CNC-maskineringsutstyr, et maskineringssenter, spesialutstyr for h\u00f8ypresisjons sylinderbehandling, en robotsveisemaskin, en automatisk rengj\u00f8ringsmaskin, en automatisk sylindermonteringsmaskin og en automatisk produksjonslinje for lakkering. Vi har mer enn 300 sett (sett) av kritisk utstyr. Optimal allokering og effektiv bruk av utstyrsressurser sikrer n\u00f8yaktighetskravene til produktene og oppfyller produktenes h\u00f8ye kvalitetsbehov.<\/p>\n<p><img loading=\"lazy\" decoding=\"async\" class=\"alignnone wp-image-626\" src=\"https:\/\/hydraulic-cylinders.net\/wp-content\/uploads\/2023\/08\/hydraulic-cylinder-product-1-300x158.webp\" alt=\"\" width=\"495\" height=\"260\" srcset=\"https:\/\/hydraulic-cylinders.net\/wp-content\/uploads\/2023\/08\/hydraulic-cylinder-product-1-300x158.webp 495w, https:\/\/hydraulic-cylinders.net\/wp-content\/uploads\/2023\/08\/hydraulic-cylinder-product-1-480x252.webp 480w\" sizes=\"(min-width: 0px) and (max-width: 480px) 480px, (min-width: 481px) 495px, 100vw\" \/> <img loading=\"lazy\" decoding=\"async\" class=\"alignnone wp-image-627\" src=\"https:\/\/hydraulic-cylinders.net\/wp-content\/uploads\/2023\/08\/hydraulic-cylinder-product-2-300x189.webp\" alt=\"\" width=\"413\" height=\"260\" \/><\/p>\n<h3>(2) Maskinering<\/h3>\n<p>Maskineringsverkstedet er utstyrt med et spesialtilpasset dreiesenter for skr\u00e5 skinner, maskineringssenter, h\u00f8yhastighets honemaskin, sveiserobot og annet relatert utstyr, som kan h\u00e5ndtere bearbeiding av sylinderr\u00f8r med en maksimal indre diameter p\u00e5 400 mm og en maksimal lengde p\u00e5 6 meter.<\/p>\n<p><img loading=\"lazy\" decoding=\"async\" class=\"alignnone wp-image-628 size-large\" src=\"https:\/\/hydraulic-cylinders.net\/wp-content\/uploads\/2023\/08\/hydraulic-cylinder-product-3-1024x391.webp\" alt=\"\" width=\"1024\" height=\"391\" srcset=\"https:\/\/hydraulic-cylinders.net\/wp-content\/uploads\/2023\/08\/hydraulic-cylinder-product-3-980x374.webp 980w, https:\/\/hydraulic-cylinders.net\/wp-content\/uploads\/2023\/08\/hydraulic-cylinder-product-3-480x183.webp 480w\" sizes=\"(min-width: 0px) and (max-width: 480px) 480px, (min-width: 481px) and (max-width: 980px) 980px, (min-width: 981px) 1024px, 100vw\" \/><\/p>\n<h3>(3) Sveising<\/h3>\n<p><img loading=\"lazy\" decoding=\"async\" class=\"alignnone wp-image-629 size-large\" src=\"https:\/\/hydraulic-cylinders.net\/wp-content\/uploads\/2023\/08\/hydraulic-cylinder-product-4-1024x510.webp\" alt=\"\" width=\"1024\" height=\"510\" srcset=\"https:\/\/hydraulic-cylinders.net\/wp-content\/uploads\/2023\/08\/hydraulic-cylinder-product-4-980x488.webp 980w, https:\/\/hydraulic-cylinders.net\/wp-content\/uploads\/2023\/08\/hydraulic-cylinder-product-4-480x239.webp 480w\" sizes=\"(min-width: 0px) and (max-width: 480px) 480px, (min-width: 481px) and (max-width: 980px) 980px, (min-width: 981px) 1024px, 100vw\" \/><\/p>\n<h3>(4) Maling og belegg<\/h3>\n<p>Med sm\u00e5 og mellomstore sylinderautomatiske vannbaserte malingsbeleggslinjer, for \u00e5 oppn\u00e5 automatisk robotlasting og -lossing og automatisk spr\u00f8yting, er den designede kapasiteten 4000 stykker per skift;<br \/>\nVi har ogs\u00e5 en halvautomatisk produksjonslinje for maling for store sylindere drevet av en kabelkjede, med en designkapasitet p\u00e5 60 kasser per skift.<\/p>\n<p><img loading=\"lazy\" decoding=\"async\" class=\"alignnone wp-image-630\" src=\"https:\/\/hydraulic-cylinders.net\/wp-content\/uploads\/2023\/08\/hydraulic-cylinder-product-5-300x213.webp\" alt=\"\" width=\"366\" height=\"260\" \/> <img loading=\"lazy\" decoding=\"async\" class=\"alignnone wp-image-631\" src=\"https:\/\/hydraulic-cylinders.net\/wp-content\/uploads\/2023\/08\/hydraulic-cylinder-product-6-300x225.webp\" alt=\"\" width=\"347\" height=\"260\" \/><\/p>\n<h3>(5) Testing<\/h3>\n<p>Vi har f\u00f8rsteklasses inspeksjonsfasiliteter og testbenker for \u00e5 sikre at sylinderens ytelse oppfyller kravene.<\/p>\n<p><img loading=\"lazy\" decoding=\"async\" class=\"alignnone wp-image-632\" src=\"https:\/\/hydraulic-cylinders.net\/wp-content\/uploads\/2023\/08\/hydraulic-cylinder-product-8-300x200.webp\" alt=\"\" width=\"389\" height=\"260\" \/><\/p>\n<p>&nbsp;<\/p>\n<p>&nbsp;<\/p>\n<p>Vi er en av de beste produsentene av hydrauliske sylindere. Vi kan tilby et omfattende utvalg av hydrauliske sylindere. Vi tilbyr ogs\u00e5 tilsvarende <a href=\"https:\/\/hzpt.com\/agricultural-pto-gearbox\/\" target=\"_blank\" rel=\"noopener\">landbruksgirkasser<\/a>Vi har eksportert produktene v\u00e5re til kunder over hele verden og opparbeidet oss et godt rykte p\u00e5 grunn av v\u00e5r overlegne produktkvalitet og ettersalgsservice. Vi \u00f8nsker kunder i inn- og utland velkommen til \u00e5 kontakte oss for \u00e5 forhandle om forretninger, utveksle informasjon og <a href=\"https:\/\/www.hydraulic-cylinders.net\/nb\/contact-us\/\">samarbeide med oss<\/a>!<\/p>","protected":false},"excerpt":{"rendered":"<p>Mining Dump Truck Lifting Cylinder The mining dump truck lifting cylinder is an essential component designed specifically for mining dump trucks. This powerful hydraulic cylinder is responsible for lifting and lowering the truck&#8217;s dump bed, allowing for efficient loading and unloading of materials in mining operations. The mining dump truck lifting cylinder is a crucial [&hellip;]<\/p>","protected":false},"featured_media":1609,"comment_status":"open","ping_status":"closed","template":"","meta":{"_et_pb_use_builder":"","_et_pb_old_content":"","_et_gb_content_width":""},"product_brand":[],"product_cat":[1517,1532,1549,1376,1393],"product_tag":[1380],"class_list":{"0":"post-1607","1":"product","2":"type-product","3":"status-publish","4":"has-post-thumbnail","6":"product_cat-dump-truck-hydraulic-cylinders","7":"product_cat-mining-dump-truck-hydraulic-cylinders","8":"product_cat-single-acting-hydraulic-cylinder","9":"product_cat-hydraulic-cylinder","10":"product_cat-telescopic-hydraulic-cylinder","11":"product_tag-hydraulic-cylinder","13":"first","14":"instock","15":"shipping-taxable","16":"product-type-simple"},"amp_enabled":true,"_links":{"self":[{"href":"https:\/\/www.hydraulic-cylinders.net\/nb\/wp-json\/wp\/v2\/product\/1607","targetHints":{"allow":["GET"]}}],"collection":[{"href":"https:\/\/www.hydraulic-cylinders.net\/nb\/wp-json\/wp\/v2\/product"}],"about":[{"href":"https:\/\/www.hydraulic-cylinders.net\/nb\/wp-json\/wp\/v2\/types\/product"}],"replies":[{"embeddable":true,"href":"https:\/\/www.hydraulic-cylinders.net\/nb\/wp-json\/wp\/v2\/comments?post=1607"}],"wp:featuredmedia":[{"embeddable":true,"href":"https:\/\/www.hydraulic-cylinders.net\/nb\/wp-json\/wp\/v2\/media\/1609"}],"wp:attachment":[{"href":"https:\/\/www.hydraulic-cylinders.net\/nb\/wp-json\/wp\/v2\/media?parent=1607"}],"wp:term":[{"taxonomy":"product_brand","embeddable":true,"href":"https:\/\/www.hydraulic-cylinders.net\/nb\/wp-json\/wp\/v2\/product_brand?post=1607"},{"taxonomy":"product_cat","embeddable":true,"href":"https:\/\/www.hydraulic-cylinders.net\/nb\/wp-json\/wp\/v2\/product_cat?post=1607"},{"taxonomy":"product_tag","embeddable":true,"href":"https:\/\/www.hydraulic-cylinders.net\/nb\/wp-json\/wp\/v2\/product_tag?post=1607"}],"curies":[{"name":"wp","href":"https:\/\/api.w.org\/{rel}","templated":true}]}}