{"id":1626,"date":"2023-10-08T08:46:25","date_gmt":"2023-10-08T08:46:25","guid":{"rendered":"https:\/\/hydraulic-cylinders.net\/?post_type=product&#038;p=1626"},"modified":"2025-04-11T03:46:32","modified_gmt":"2025-04-11T03:46:32","slug":"press-lateral-shift-anvil-cylinder","status":"publish","type":"product","link":"https:\/\/www.hydraulic-cylinders.net\/nb\/produkt\/press-lateral-shift-anvil-cylinder\/","title":{"rendered":"Trykk p\u00e5 lateral forskyvningsamboltsylinder"},"content":{"rendered":"<h1 style=\"text-align: center;\"><strong>Trykk p\u00e5 lateral forskyvningsamboltsylinder<\/strong><\/h1>\n<p><img loading=\"lazy\" decoding=\"async\" class=\"aligncenter wp-image-1627\" src=\"https:\/\/hydraulic-cylinders.net\/wp-content\/uploads\/2023\/10\/lateral-shift-anvil-cylinder-300x300.webp\" alt=\"\" width=\"400\" height=\"400\" \/><\/p>\n<p>Pressens laterale forskyvningsamboltsylinder er en banebrytende komponent utviklet for \u00e5 optimalisere presseoperasjoner i ulike bransjer. Med sine avanserte funksjoner og p\u00e5litelige ytelse tilbyr denne sylinderen forbedret presisjon, effektivitet og allsidighet.<\/p>\n<p>Pressens laterale forskyvningsamboltsylinder er et kraftig verkt\u00f8y for \u00e5 forbedre presisjon, effektivitet og allsidighet i presseoperasjoner. Med sin laterale forskyvningskapasitet, h\u00f8ye n\u00f8yaktighet, raske prosess og kompatibilitet med ulike applikasjoner, gir denne sylinderen deg muligheten til \u00e5 oppn\u00e5 overlegne resultater. Ved \u00e5 f\u00f8lge de anbefalte bruksmetodene og vedlikeholdspraksisene kan du maksimere presseoperasjonenes ytelse, produktivitet og levetid. Velg pressens laterale forskyvningsamboltsylinder for \u00e5 effektivisere presseprosessene dine og l\u00e5se opp nye niv\u00e5er av presisjon og effektivitet.<\/p>\n<p>N\u00f8kkelegenskaper for sylinder for lateral skift av ambolt:<\/p>\n<ol>\n<li>Lateral forskyvningskapasitet:<\/li>\n<\/ol>\n<ul>\n<li>Pressens laterale forskyvnings-amboltsylinder har en unik lateral forskyvningsmekanisme som muliggj\u00f8r presis plassering av ambolten.<\/li>\n<li>Denne sideforskyvningsfunksjonen muliggj\u00f8r n\u00f8yaktig justering med pressmaterialet, noe som sikrer optimale resultater og reduserer oppsetttiden.<\/li>\n<\/ul>\n<ol start=\"2\">\n<li>H\u00f8y presisjon:<\/li>\n<\/ol>\n<ul>\n<li>Denne sylinderen gir eksepsjonell presisjon i sideveis forskyvning, noe som muliggj\u00f8r finjusteringer av amboltposisjonen.<\/li>\n<li>Med sin h\u00f8ye presisjon sikrer den jevn og n\u00f8yaktig justering, noe som resulterer i overlegen pressekvalitet.<\/li>\n<\/ul>\n<ol start=\"3\">\n<li>Rask og effektiv drift:<\/li>\n<\/ol>\n<ul>\n<li>Pressens laterale forskyvningsamboltsylinder er designet for rask og effektiv drift, og maksimerer produktiviteten.<\/li>\n<li>Det avanserte hydrauliske systemet muliggj\u00f8r rask sideveis forskyvning, noe som reduserer syklustider og \u00f8ker den totale ytelsen.<\/li>\n<\/ul>\n<ol start=\"4\">\n<li>Allsidighet:<\/li>\n<\/ol>\n<ul>\n<li>Denne sylinderen er kompatibel med et bredt spekter av presseapplikasjoner, og passer til ulike materialer og former.<\/li>\n<li>Enten du jobber med metallplater, plast eller andre materialer, tilbyr Press Lateral Shift Anvil-sylinderen allsidighet for \u00e5 m\u00f8te dine pressbehov.<\/li>\n<\/ul>\n<h2><strong>Parameter for sylinder for trykk p\u00e5 sideforskyvnings-ambolt:<\/strong><\/h2>\n<table border=\"1\" cellspacing=\"0\" cellpadding=\"0\">\n<tbody>\n<tr>\n<td>Produktnavn<\/td>\n<td>Hydraulisk presse lateral forskyvnings-amboltsylinder<\/td>\n<\/tr>\n<tr>\n<td>Funksjoner:<\/td>\n<td>Flytt ambolten sidelengs<\/td>\n<\/tr>\n<tr>\n<td>Borediameter:<\/td>\n<td>125 mm \uff5e250 mm<\/td>\n<\/tr>\n<tr>\n<td>Stangdiameter:<\/td>\n<td>90 mm\uff5e180 mm<br \/>\nSlaglengde \u22645500 mm<\/td>\n<\/tr>\n<tr>\n<td>Skyvekraft:<\/td>\n<td>Maksimum 1546 kN<br \/>\n(Boringsdiameter: 250 mm\/trykk 31,5 MPa)<\/td>\n<\/tr>\n<tr>\n<td>Anvendelser av lateralforskyvningssylinder for ambolt:<\/td>\n<td>Hydraulisk presse<\/td>\n<\/tr>\n<\/tbody>\n<\/table>\n<div><\/div>\n<div class=\"txtboxL\">\n<div class=\"txtboxL\">\n<div class=\"txtboxL\">Funksjoner:<\/div>\n<div class=\"txtboxR\">Flytt ambolten sidelengs<\/div>\n<div class=\"txtboxL\">Spesifikasjon:<\/div>\n<div class=\"txtboxR\">Borediameter: 125 mm \uff5e250 mm<br \/>\nStangdiameter: 90 mm ~ 180 mm<br \/>\nSlaglengde \u22645500 mm<\/div>\n<div class=\"txtboxL\">Skyvekraft:<\/div>\n<div class=\"txtboxR\">Maksimum 1546 kN<br \/>\n(Boringsdiameter: 250 mm\/trykk 31,5 MPa)<\/div>\n<\/div>\n<\/div>\n<h2><strong>Pressesylinderfabrikk:<\/strong><\/h2>\n<p><img loading=\"lazy\" decoding=\"async\" class=\"alignnone wp-image-1619 size-full\" src=\"https:\/\/hydraulic-cylinders.net\/wp-content\/uploads\/2023\/10\/press-cylinder.webp\" alt=\"\" width=\"1418\" height=\"946\" srcset=\"https:\/\/hydraulic-cylinders.net\/wp-content\/uploads\/2023\/10\/press-cylinder.webp 1418w, https:\/\/hydraulic-cylinders.net\/wp-content\/uploads\/2023\/10\/press-cylinder-1280x854.webp 1280w, https:\/\/hydraulic-cylinders.net\/wp-content\/uploads\/2023\/10\/press-cylinder-980x654.webp 980w, https:\/\/hydraulic-cylinders.net\/wp-content\/uploads\/2023\/10\/press-cylinder-480x320.webp 480w\" sizes=\"(min-width: 0px) and (max-width: 480px) 480px, (min-width: 481px) and (max-width: 980px) 980px, (min-width: 981px) and (max-width: 1280px) 1280px, (min-width: 1281px) 1418px, 100vw\" \/><\/p>\n<h2><strong>Bruksmetode for press lateral shift anvil sylinder<\/strong><strong>:<\/strong><\/h2>\n<ol>\n<li><strong>Installasjon og integrasjon:<\/strong><\/li>\n<\/ol>\n<ul>\n<li>Monter pressens laterale forskyvningsamboltsylinder sikkert p\u00e5 presserammen eller det angitte monteringsomr\u00e5det.<\/li>\n<li>S\u00f8rg for riktig justering og tilkobling, i henhold til produsentens retningslinjer og anbefalinger.<\/li>\n<\/ul>\n<ol start=\"2\">\n<li><strong>Hydrauliske tilkoblinger:<\/strong><\/li>\n<\/ol>\n<ul>\n<li>Koble pressens laterale forskyvningsamboltsylinder til den hydrauliske kraftenheten med passende slanger og koblinger.<\/li>\n<li>Kontroller at de hydrauliske koblingene er sikre og lekkasjefrie for \u00e5 sikre effektiv v\u00e6skeoverf\u00f8ring og sikker drift.<\/li>\n<\/ul>\n<ol start=\"3\">\n<li><strong>Posisjonsjustering:<\/strong><\/li>\n<\/ol>\n<ul>\n<li>Juster amboltens sideforskyvningsposisjon i henhold til de spesifikke kravene til din presseapplikasjon.<\/li>\n<li>Bruk sideforskyvningsmekanismen for \u00e5 oppn\u00e5 presis justering med pressmaterialet.<\/li>\n<\/ul>\n<ol start=\"4\">\n<li><strong>Driftskontroller:<\/strong><\/li>\n<\/ol>\n<ul>\n<li>Gj\u00f8r deg kjent med driftskontrollene som tilbys av press-lateralskift-amboltsylinderen.<\/li>\n<li>Forst\u00e5 hvordan du starter sideforskyvningsbevegelsen og eventuelle tilleggsfunksjoner, som hastighetskontroll eller posisjonsl\u00e5semekanismer.<\/li>\n<\/ul>\n<h2><strong>Hvordan frigj\u00f8re trykket p\u00e5 det hydrauliske systemet?<\/strong><\/h2>\n<p>\u00c5 frigj\u00f8re trykk fra et hydraulisk system er et viktig trinn for \u00e5 sikre sikkerhet og utf\u00f8re vedlikehold eller reparasjoner. Her er en trinnvis veiledning om hvordan du frigj\u00f8r trykk p\u00e5 et hydraulisk system:<\/p>\n<ol>\n<li><strong>Identifiser str\u00f8mkilden:<\/strong>\n<ul>\n<li>Bestem str\u00f8mkilden som forsyner det hydrauliske systemet med trykk. Dette kan v\u00e6re en elektrisk motor, en motordrevet pumpe eller en annen str\u00f8mkilde.<\/li>\n<\/ul>\n<\/li>\n<li><strong>Sl\u00e5 av str\u00f8mkilden:<\/strong>\n<ul>\n<li>Sl\u00e5 av eller sluk str\u00f8mkilden som genererer trykk for det hydrauliske systemet.<\/li>\n<li>Hvis det er en elektrisk motor, sl\u00e5 av str\u00f8mforsyningen eller koble den fra.<\/li>\n<li>For en motordrevet pumpe, sl\u00e5 av motoren.<\/li>\n<\/ul>\n<\/li>\n<li><strong>Aktiver n\u00f8dstoppen:<\/strong>\n<ul>\n<li>Hvis det hydrauliske systemet har en n\u00f8dstoppknapp eller -spak, m\u00e5 du aktivere den for \u00e5 stoppe ytterligere generering av hydraulisk trykk.<\/li>\n<\/ul>\n<\/li>\n<li><strong>Gi tid til trykkutl\u00f8sning:<\/strong>\n<ul>\n<li>Etter at du har sl\u00e5tt av str\u00f8mkilden og aktivert n\u00f8dstoppen, m\u00e5 du gi trykket tilstrekkelig tid til \u00e5 forsvinne.<\/li>\n<li>Tiden det tar \u00e5 slippe trykket ut, avhenger av st\u00f8rrelsen og kompleksiteten til det hydrauliske systemet. Det kan ta noen minutter eller lenger f\u00f8r trykket slippes helt ut.<\/li>\n<\/ul>\n<\/li>\n<li><strong>Bekreft trykkavlastning:<\/strong>\n<ul>\n<li>For \u00e5 sikre at trykket er utl\u00f8st, sjekk trykkm\u00e5lerne eller indikatorene p\u00e5 det hydrauliske systemet, hvis tilgjengelig.<\/li>\n<li>Hvis trykkavlesningen er null eller n\u00e6r null, indikerer det at trykket er blitt utl\u00f8st.<\/li>\n<\/ul>\n<\/li>\n<li><strong>Lindre gjenv\u00e6rende trykk:<\/strong>\n<ul>\n<li>I noen tilfeller, selv etter at str\u00f8mkilden er sl\u00e5tt av, kan det fortsatt v\u00e6re gjenv\u00e6rende trykk i det hydrauliske systemet.<\/li>\n<li>For \u00e5 avlaste dette resttrykket, finn trykkavlastningsventilen p\u00e5 det hydrauliske systemet.<\/li>\n<li>\u00c5pne trykkavlastningsventilen sakte med passende verkt\u00f8y (f.eks. en skiften\u00f8kkel) for \u00e5 gradvis slippe ut eventuelt gjenv\u00e6rende trykk.<\/li>\n<li>V\u00e6r forsiktig og oppmerksom n\u00e5r du slipper ut resttrykket for \u00e5 unng\u00e5 plutselige bevegelser eller sprut av hydraulisk v\u00e6ske.<\/li>\n<\/ul>\n<\/li>\n<li><strong>Dobbeltsjekk trykkavlastningen:<\/strong>\n<ul>\n<li>Etter at du har lettet det resterende trykket, m\u00e5 du kontrollere igjen at trykkindikatorene viser null trykk eller n\u00e6r det.<\/li>\n<li>Inspiser det hydrauliske systemet visuelt for tegn p\u00e5 bevegelse eller trykkoppbygging.<\/li>\n<\/ul>\n<\/li>\n<\/ol>\n<h2><strong>Fabrikkens kapasitet og kapasitet:<\/strong><\/h2>\n<h3>(1) Montering<\/h3>\n<p>Vi har en f\u00f8rsteklasses uavhengig forsknings- og utviklingsplattform for montering. Verkstedet for produksjon av hydrauliske sylindere har fire halvautomatiske monteringslinjer for l\u00f8ftesylindere og \u00e9n automatisk monteringslinje for vippesylindere, med en \u00e5rlig produksjonskapasitet p\u00e5 1 million enheter. Spesialsylinderverkstedet er utstyrt med ulike spesifikasjoner for et halvautomatisk rengj\u00f8ringsmonteringssystem med en \u00e5rlig produksjonskapasitet p\u00e5 200 000 enheter, og er utstyrt med kjent CNC-maskineringsutstyr, et maskineringssenter, spesialutstyr for h\u00f8ypresisjons sylinderbehandling, en robotsveisemaskin, en automatisk rengj\u00f8ringsmaskin, en automatisk sylindermonteringsmaskin og en automatisk produksjonslinje for lakkering. Vi har mer enn 300 sett (sett) av kritisk utstyr. Optimal allokering og effektiv bruk av utstyrsressurser sikrer n\u00f8yaktighetskravene til produktene og oppfyller produktenes h\u00f8ye kvalitetsbehov.<\/p>\n<p><img loading=\"lazy\" decoding=\"async\" class=\"alignnone wp-image-626\" src=\"https:\/\/hydraulic-cylinders.net\/wp-content\/uploads\/2023\/08\/hydraulic-cylinder-product-1-300x158.webp\" alt=\"\" width=\"495\" height=\"260\" srcset=\"https:\/\/hydraulic-cylinders.net\/wp-content\/uploads\/2023\/08\/hydraulic-cylinder-product-1-300x158.webp 495w, https:\/\/hydraulic-cylinders.net\/wp-content\/uploads\/2023\/08\/hydraulic-cylinder-product-1-480x252.webp 480w\" sizes=\"(min-width: 0px) and (max-width: 480px) 480px, (min-width: 481px) 495px, 100vw\" \/> <img loading=\"lazy\" decoding=\"async\" class=\"alignnone wp-image-627\" src=\"https:\/\/hydraulic-cylinders.net\/wp-content\/uploads\/2023\/08\/hydraulic-cylinder-product-2-300x189.webp\" alt=\"\" width=\"413\" height=\"260\" \/><\/p>\n<h3>(2) Maskinering<\/h3>\n<p>Maskineringsverkstedet er utstyrt med et spesialtilpasset dreiesenter for skr\u00e5 skinner, maskineringssenter, h\u00f8yhastighets honemaskin, sveiserobot og annet relatert utstyr, som kan h\u00e5ndtere bearbeiding av sylinderr\u00f8r med en maksimal indre diameter p\u00e5 400 mm og en maksimal lengde p\u00e5 6 meter.<\/p>\n<p><img loading=\"lazy\" decoding=\"async\" class=\"alignnone wp-image-628 size-large\" src=\"https:\/\/hydraulic-cylinders.net\/wp-content\/uploads\/2023\/08\/hydraulic-cylinder-product-3-1024x391.webp\" alt=\"\" width=\"1024\" height=\"391\" srcset=\"https:\/\/hydraulic-cylinders.net\/wp-content\/uploads\/2023\/08\/hydraulic-cylinder-product-3-980x374.webp 980w, https:\/\/hydraulic-cylinders.net\/wp-content\/uploads\/2023\/08\/hydraulic-cylinder-product-3-480x183.webp 480w\" sizes=\"(min-width: 0px) and (max-width: 480px) 480px, (min-width: 481px) and (max-width: 980px) 980px, (min-width: 981px) 1024px, 100vw\" \/><\/p>\n<h3>(3) Sveising<\/h3>\n<p><img loading=\"lazy\" decoding=\"async\" class=\"alignnone wp-image-629 size-large\" src=\"https:\/\/hydraulic-cylinders.net\/wp-content\/uploads\/2023\/08\/hydraulic-cylinder-product-4-1024x510.webp\" alt=\"\" width=\"1024\" height=\"510\" srcset=\"https:\/\/hydraulic-cylinders.net\/wp-content\/uploads\/2023\/08\/hydraulic-cylinder-product-4-980x488.webp 980w, https:\/\/hydraulic-cylinders.net\/wp-content\/uploads\/2023\/08\/hydraulic-cylinder-product-4-480x239.webp 480w\" sizes=\"(min-width: 0px) and (max-width: 480px) 480px, (min-width: 481px) and (max-width: 980px) 980px, (min-width: 981px) 1024px, 100vw\" \/><\/p>\n<h3>(4) Maling og belegg<\/h3>\n<p>Med sm\u00e5 og mellomstore sylinderautomatiske vannbaserte malingsbeleggslinjer, for \u00e5 oppn\u00e5 automatisk robotlasting og -lossing og automatisk spr\u00f8yting, er den designede kapasiteten 4000 stykker per skift;<br \/>\nVi har ogs\u00e5 en halvautomatisk produksjonslinje for maling for store sylindere drevet av en kabelkjede, med en designkapasitet p\u00e5 60 kasser per skift.<\/p>\n<p><img loading=\"lazy\" decoding=\"async\" class=\"alignnone wp-image-630\" src=\"https:\/\/hydraulic-cylinders.net\/wp-content\/uploads\/2023\/08\/hydraulic-cylinder-product-5-300x213.webp\" alt=\"\" width=\"366\" height=\"260\" \/> <img loading=\"lazy\" decoding=\"async\" class=\"alignnone wp-image-631\" src=\"https:\/\/hydraulic-cylinders.net\/wp-content\/uploads\/2023\/08\/hydraulic-cylinder-product-6-300x225.webp\" alt=\"\" width=\"347\" height=\"260\" \/><\/p>\n<h3>(5) Testing<\/h3>\n<p>Vi har f\u00f8rsteklasses inspeksjonsfasiliteter og testbenker for \u00e5 sikre at sylinderens ytelse oppfyller kravene.<\/p>\n<p><img loading=\"lazy\" decoding=\"async\" class=\"alignnone wp-image-632\" src=\"https:\/\/hydraulic-cylinders.net\/wp-content\/uploads\/2023\/08\/hydraulic-cylinder-product-8-300x200.webp\" alt=\"\" width=\"389\" height=\"260\" \/><\/p>\n<p>&nbsp;<\/p>\n<p>&nbsp;<\/p>\n<p>Vi er en av de beste produsentene av hydrauliske sylindere. Vi kan tilby et omfattende utvalg av hydrauliske sylindere. Vi tilbyr ogs\u00e5 tilsvarende <a href=\"https:\/\/hzpt.com\/agricultural-pto-gearbox\/\" target=\"_blank\" rel=\"noopener\">landbruksgirkasser<\/a>Vi har eksportert produktene v\u00e5re til kunder over hele verden og opparbeidet oss et godt rykte p\u00e5 grunn av v\u00e5r overlegne produktkvalitet og ettersalgsservice. Vi \u00f8nsker kunder i inn- og utland velkommen til \u00e5 kontakte oss for \u00e5 forhandle om forretninger, utveksle informasjon og <a href=\"https:\/\/www.hydraulic-cylinders.net\/nb\/contact-us\/\">samarbeide med oss<\/a>!<\/p>","protected":false},"excerpt":{"rendered":"<p>Press Lateral Shift Anvil Cylinder The press lateral shift anvil cylinder is a cutting-edge component designed to optimize pressing operations in various industries. With its advanced features and reliable performance, this cylinder offers enhanced precision, efficiency, and versatility. The press lateral shift anvil cylinder is a powerful tool for enhancing precision, efficiency, and versatility in [&hellip;]<\/p>","protected":false},"featured_media":1628,"comment_status":"open","ping_status":"closed","template":"","meta":{"_et_pb_use_builder":"","_et_pb_old_content":"","_et_gb_content_width":""},"product_brand":[],"product_cat":[1550,1522,1376],"product_tag":[1380],"class_list":{"0":"post-1626","1":"product","2":"type-product","3":"status-publish","4":"has-post-thumbnail","6":"product_cat-double-acting-hydraulic-cylinder","7":"product_cat-press-hydraulic-cylinders","8":"product_cat-hydraulic-cylinder","9":"product_tag-hydraulic-cylinder","11":"first","12":"instock","13":"shipping-taxable","14":"product-type-simple"},"amp_enabled":true,"_links":{"self":[{"href":"https:\/\/www.hydraulic-cylinders.net\/nb\/wp-json\/wp\/v2\/product\/1626","targetHints":{"allow":["GET"]}}],"collection":[{"href":"https:\/\/www.hydraulic-cylinders.net\/nb\/wp-json\/wp\/v2\/product"}],"about":[{"href":"https:\/\/www.hydraulic-cylinders.net\/nb\/wp-json\/wp\/v2\/types\/product"}],"replies":[{"embeddable":true,"href":"https:\/\/www.hydraulic-cylinders.net\/nb\/wp-json\/wp\/v2\/comments?post=1626"}],"wp:featuredmedia":[{"embeddable":true,"href":"https:\/\/www.hydraulic-cylinders.net\/nb\/wp-json\/wp\/v2\/media\/1628"}],"wp:attachment":[{"href":"https:\/\/www.hydraulic-cylinders.net\/nb\/wp-json\/wp\/v2\/media?parent=1626"}],"wp:term":[{"taxonomy":"product_brand","embeddable":true,"href":"https:\/\/www.hydraulic-cylinders.net\/nb\/wp-json\/wp\/v2\/product_brand?post=1626"},{"taxonomy":"product_cat","embeddable":true,"href":"https:\/\/www.hydraulic-cylinders.net\/nb\/wp-json\/wp\/v2\/product_cat?post=1626"},{"taxonomy":"product_tag","embeddable":true,"href":"https:\/\/www.hydraulic-cylinders.net\/nb\/wp-json\/wp\/v2\/product_tag?post=1626"}],"curies":[{"name":"wp","href":"https:\/\/api.w.org\/{rel}","templated":true}]}}