{"id":1644,"date":"2023-10-10T06:05:51","date_gmt":"2023-10-10T06:05:51","guid":{"rendered":"https:\/\/hydraulic-cylinders.net\/?post_type=product&#038;p=1644"},"modified":"2025-04-11T02:55:30","modified_gmt":"2025-04-11T02:55:30","slug":"press-clamping-cylinder","status":"publish","type":"product","link":"https:\/\/www.hydraulic-cylinders.net\/nb\/produkt\/press-clamping-cylinder\/","title":{"rendered":"Pressklemmesylinder"},"content":{"rendered":"<h1 style=\"text-align: center;\"><strong>Pressklemmesylinder<\/strong><\/h1>\n<p><img loading=\"lazy\" decoding=\"async\" class=\"aligncenter wp-image-1645\" src=\"https:\/\/hydraulic-cylinders.net\/wp-content\/uploads\/2023\/10\/clamping-cylinder-1-1-300x300.webp\" alt=\"\" width=\"400\" height=\"400\" \/><\/p>\n<p>Pressklemmesylinderen er et banebrytende produkt som leverer eksepsjonell ytelse og p\u00e5litelighet i ulike industrielle applikasjoner. Med sine avanserte funksjoner og robuste design tilbyr denne sylinderen forbedret klemkraft, presis kontroll og forbedret produktivitet.<\/p>\n<p>Pressklemmesylinderen er banebrytende innen industrielle applikasjoner, og tilbyr h\u00f8y klemkraft, presis kontroll og rask drift. Med sine allsidige monteringsalternativer og p\u00e5litelige ytelse forbedrer denne sylinderen produktivitet, effektivitet og presisjon i ulike industrielle prosesser. Ved \u00e5 f\u00f8lge anbefalte bruksmetoder og vedlikeholdspraksis kan du maksimere presseklemmesylinderens levetid, p\u00e5litelighet og sikkerhet i ditt industrielle oppsett. Velg denne sylinderen for \u00e5 frigj\u00f8re det fulle potensialet til dine industrielle prosesser og raskt oppn\u00e5 overlegne resultater.<\/p>\n<p>N\u00f8kkelegenskaper for pressklemmesylinder:<\/p>\n<ol>\n<li>H\u00f8y klemkraft:<\/li>\n<\/ol>\n<ul>\n<li>Pressklemsylinderen har en kraftig klemkraft, slik at den holder arbeidsstykkene sikkert p\u00e5 plass under maskinering, sveising eller monteringsprosesser.<\/li>\n<li>Med sin robuste konstruksjon og optimaliserte design gir denne sylinderen p\u00e5litelig og jevn klemkraft, noe som sikrer stabilitet og n\u00f8yaktighet.<\/li>\n<\/ul>\n<ol start=\"2\">\n<li>Presis kontroll:<\/li>\n<\/ol>\n<ul>\n<li>Denne sylinderen har presise kontrollmekanismer som gj\u00f8r det mulig for operat\u00f8rer \u00e5 justere klemkraften n\u00f8yaktig.<\/li>\n<li>Evnen til \u00e5 finjustere klemkraften sikrer optimal grep uten \u00e5 skade sensitive arbeidsstykker, noe som resulterer i overlegen kvalitet og redusert etterarbeid.<\/li>\n<\/ul>\n<ol start=\"3\">\n<li>Rask drift:<\/li>\n<\/ol>\n<ul>\n<li>Pressklemmesylinderen er konstruert for rask klemme- og frigj\u00f8ringsoperasjoner, noe som minimerer nedetid og maksimerer produktiviteten.<\/li>\n<li>Den effektive designen og h\u00f8yhastighetsaktiveringen muliggj\u00f8r raske arbeidsstykkeskift, noe som reduserer syklustider og forbedrer den generelle effektiviteten.<\/li>\n<\/ul>\n<ol start=\"4\">\n<li>Allsidige monteringsalternativer:<\/li>\n<\/ol>\n<ul>\n<li>Denne sylinderen tilbyr allsidige monteringsalternativer, inkludert flens-, fot- eller gjengede kroppsfester, noe som gir fleksibilitet til s\u00f8ml\u00f8s integrering i ulike industrielle oppsett.<\/li>\n<li>Ulike monteringsalternativer muliggj\u00f8r enkel installasjon og integrering med eksisterende maskiner eller tilpassede arbeidsstasjoner.<\/li>\n<\/ul>\n<h2><strong>Parameter for trykkklemmesylinder:<\/strong><\/h2>\n<table border=\"1\" cellspacing=\"0\" cellpadding=\"0\">\n<tbody>\n<tr>\n<td>Produktnavn<\/td>\n<td>Hydraulisk presseklemmesylinder<\/td>\n<\/tr>\n<tr>\n<td>Funksjoner:<\/td>\n<td>Stram klemmehodet som holder st\u00e5lbarren eller -barren<\/td>\n<\/tr>\n<tr>\n<td>Borediameter:<\/td>\n<td>125 mm \uff5e700 mm<\/td>\n<\/tr>\n<tr>\n<td>Stangdiameter:<\/td>\n<td>80 mm \uff5e520 mm<br \/>\nSlaglengde \u22641200 mm<\/td>\n<\/tr>\n<tr>\n<td>Skyvekraft:<\/td>\n<td>Maksimum 9621 kN<br \/>\n(Sylinderdiameter 700 mm \/ trykk 25 MPa)<\/td>\n<\/tr>\n<tr>\n<td>\u00a0Klemmesylinderapplikasjoner:<\/td>\n<td>Hydraulisk presse<\/td>\n<\/tr>\n<\/tbody>\n<\/table>\n<div><\/div>\n<div class=\"txtboxL\">Funksjoner:<\/div>\n<div class=\"txtboxR\">Stram klemmehodet som holder st\u00e5lbarren eller -barren<\/div>\n<div class=\"txtboxL\">Spesifikasjon:<\/div>\n<div class=\"txtboxR\">Borediameter: 125 mm ~ 700 mm<br \/>\nStangdiameter: 80 mm ~ 520 mm<br \/>\nSlaglengde \u22641200 mm<\/div>\n<div class=\"txtboxL\">Skyvekraft:<\/div>\n<div class=\"txtboxR\">Maksimum 9621 kN<br \/>\n(Sylinderdiameter 700 mm \/ trykk 25 MPa)<\/div>\n<h2><strong>Pressesylinderfabrikk:<\/strong><\/h2>\n<p><img loading=\"lazy\" decoding=\"async\" class=\"alignnone wp-image-1619 size-full\" src=\"https:\/\/hydraulic-cylinders.net\/wp-content\/uploads\/2023\/10\/press-cylinder.webp\" alt=\"\" width=\"1418\" height=\"946\" srcset=\"https:\/\/hydraulic-cylinders.net\/wp-content\/uploads\/2023\/10\/press-cylinder.webp 1418w, https:\/\/hydraulic-cylinders.net\/wp-content\/uploads\/2023\/10\/press-cylinder-1280x854.webp 1280w, https:\/\/hydraulic-cylinders.net\/wp-content\/uploads\/2023\/10\/press-cylinder-980x654.webp 980w, https:\/\/hydraulic-cylinders.net\/wp-content\/uploads\/2023\/10\/press-cylinder-480x320.webp 480w\" sizes=\"(min-width: 0px) and (max-width: 480px) 480px, (min-width: 481px) and (max-width: 980px) 980px, (min-width: 981px) and (max-width: 1280px) 1280px, (min-width: 1281px) 1418px, 100vw\" \/><\/p>\n<h2><strong>Bruksmetode for presseklemmesylinder<\/strong><strong>:<\/strong><\/h2>\n<ol>\n<li><strong>Montering og installasjon:<\/strong><\/li>\n<\/ol>\n<ul>\n<li>Begynn med \u00e5 velge riktig monteringsalternativ for applikasjonen din, for eksempel flens, fot eller gjenget hus.<\/li>\n<li>F\u00f8lg produsentens instruksjoner eller retningslinjer for \u00e5 montere presseklemmesylinderen sikkert p\u00e5 \u00f8nsket sted, og s\u00f8rg for riktig justering og stabilitet.<\/li>\n<\/ul>\n<ol start=\"2\">\n<li><strong>Justering av klemkraft:<\/strong><\/li>\n<\/ol>\n<ul>\n<li>Avhengig av kravene til applikasjonen din, bruk de medf\u00f8lgende kontrollene eller justeringsmekanismene for \u00e5 stille inn \u00f8nsket klemkraft.<\/li>\n<li>Vurder n\u00f8ye arbeidsstykkets materiale, st\u00f8rrelse og bearbeidingskrav for \u00e5 oppn\u00e5 optimal klemkraft for best resultat.<\/li>\n<\/ul>\n<ol start=\"3\">\n<li><strong>Klemming av arbeidsstykke:<\/strong><\/li>\n<\/ol>\n<ul>\n<li>Plasser arbeidsstykket innenfor spennomr\u00e5det til pressens spennsylinder.<\/li>\n<li>Aktiver sylinderen for \u00e5 p\u00e5f\u00f8re klemkraften, slik at du har et sikkert grep om arbeidsstykket.<\/li>\n<li>Kontroller at klemkraften er tilstrekkelig til \u00e5 holde arbeidsstykket godt fast under den n\u00f8dvendige operasjonen.<\/li>\n<\/ul>\n<h2><strong>Hvordan fjerne endedekselet p\u00e5 den hydrauliske sylinderen?<\/strong><\/h2>\n<div class=\"ChatMessage_chatMessage__xkgHx\" data-complete=\"true\">\n<div class=\"ChatMessage_botMessageHeader__8yA1R\">\n<div class=\"ChatMessage_headerWrapper__UeGSI\">\n<div class=\"ChatMessage_badge__ah1FU\">\u00c5 fjerne endehetten p\u00e5 en hydraulisk sylinder er en enkel prosess som krever noen viktige verkt\u00f8y og n\u00f8ye utf\u00f8relse. Her er en trinnvis veiledning for hvordan du fjerner endehetten p\u00e5 den hydrauliske sylinderen:<\/div>\n<\/div>\n<\/div>\n<div class=\"ChatMessage_messageRow__DHlnq\">\n<div class=\"ChatMessage_messageWrapper__4Ugd6\">\n<div class=\"Message_row__ug_UU\">\n<div class=\"Message_botMessageBubble__aYctV\">\n<div class=\"Markdown_markdownContainer__Tz3HQ\">\n<ol>\n<li><strong>Sikkerhet f\u00f8rst:<\/strong> F\u00f8r du starter noe arbeid p\u00e5 den hydrauliske sylinderen, m\u00e5 du s\u00f8rge for at systemet er trykkavlastet og at all hydraulisk kraft er sl\u00e5tt av. Dette vil forhindre uventet bevegelse eller utslipp av hydraulisk v\u00e6ske.<\/li>\n<li><strong>Samle verkt\u00f8y:<\/strong> Du trenger passende verkt\u00f8y, inkludert skiften\u00f8kler, pipesett, en gummihammer og et brekkjern eller en skrutrekker.<\/li>\n<li><strong>Identifiser endedekselet:<\/strong> Endehetten er vanligvis plassert i den ene enden av den hydrauliske sylinderen og er festet med bolter eller festeringer.<\/li>\n<li><strong>F\u00e5 tilgang til boltene:<\/strong> Hvis endehetten holdes p\u00e5 plass med bolter, bruk riktig skiften\u00f8kkel eller pipesett til \u00e5 l\u00f8sne og fjerne dem. Start med \u00e5 l\u00f8sne boltene i et kryssm\u00f8nster for \u00e5 sikre jevn trykkavlastning.<\/li>\n<li><strong>Fjern l\u00e5seringene:<\/strong> Endehetten kan noen ganger v\u00e6re festet med l\u00e5seringer. Bruk en brekkjern eller skrutrekker til \u00e5 forsiktig lirke av l\u00e5seringene, og s\u00f8rg for at de ikke skader sylinderen eller endehetten.<\/li>\n<li><strong>Trykk forsiktig:<\/strong> N\u00e5r boltene eller l\u00e5seringene er fjernet, kan endehetten fortsatt v\u00e6re tett forseglet p\u00e5 grunn av hydraulisk trykk eller friksjon. Bruk en gummihammer til \u00e5 banke forsiktig rundt omkretsen av endehetten. Dette bidrar til \u00e5 bryte eventuell lim eller tetningsmateriale og l\u00f8sne endehetten.<\/li>\n<li><strong>Lirk av endehetten:<\/strong> N\u00e5r endehetten er l\u00f8snet, bruk et brekkjern eller en skrutrekker til \u00e5 forsiktig lirke av endehetten. Start i den ene kanten og arbeid deg rundt, og bruk et forsiktig og jevnt trykk for \u00e5 unng\u00e5 \u00e5 skade sylinderen eller endehetten. Bank lett p\u00e5 brekkjernet med en gummihammer for \u00e5 l\u00f8sne endehetten.<\/li>\n<li><strong>Inspiser og rengj\u00f8r:<\/strong> N\u00e5r endehetten er fjernet, m\u00e5 du inspisere den for tegn p\u00e5 skade, slitasje eller lekkasje. Legg merke til eventuelle tetninger eller pakninger som m\u00e5 skiftes ut. Rengj\u00f8r endehetten og sylinderens monteringsflate grundig for \u00e5 sikre at tetningen er riktig ved montering.<\/li>\n<\/ol>\n<\/div>\n<\/div>\n<\/div>\n<\/div>\n<\/div>\n<\/div>\n<h2><strong>Fabrikkens kapasitet og kapasitet:<\/strong><\/h2>\n<h3>(1) Montering<\/h3>\n<p>Vi har en f\u00f8rsteklasses uavhengig forsknings- og utviklingsplattform for montering. Verkstedet for produksjon av hydrauliske sylindere har fire halvautomatiske monteringslinjer for l\u00f8ftesylindere og \u00e9n automatisk monteringslinje for vippesylindere, med en \u00e5rlig produksjonskapasitet p\u00e5 1 million enheter. Spesialsylinderverkstedet er utstyrt med ulike spesifikasjoner for et halvautomatisk rengj\u00f8ringsmonteringssystem med en \u00e5rlig produksjonskapasitet p\u00e5 200 000 enheter, og er utstyrt med kjent CNC-maskineringsutstyr, et maskineringssenter, spesialutstyr for h\u00f8ypresisjons sylinderbehandling, en robotsveisemaskin, en automatisk rengj\u00f8ringsmaskin, en automatisk sylindermonteringsmaskin og en automatisk produksjonslinje for lakkering. Vi har mer enn 300 sett (sett) av kritisk utstyr. Optimal allokering og effektiv bruk av utstyrsressurser sikrer n\u00f8yaktighetskravene til produktene og oppfyller produktenes h\u00f8ye kvalitetsbehov.<\/p>\n<p><img loading=\"lazy\" decoding=\"async\" class=\"alignnone wp-image-626\" src=\"https:\/\/hydraulic-cylinders.net\/wp-content\/uploads\/2023\/08\/hydraulic-cylinder-product-1-300x158.webp\" alt=\"\" width=\"495\" height=\"260\" srcset=\"https:\/\/hydraulic-cylinders.net\/wp-content\/uploads\/2023\/08\/hydraulic-cylinder-product-1-300x158.webp 495w, https:\/\/hydraulic-cylinders.net\/wp-content\/uploads\/2023\/08\/hydraulic-cylinder-product-1-480x252.webp 480w\" sizes=\"(min-width: 0px) and (max-width: 480px) 480px, (min-width: 481px) 495px, 100vw\" \/> <img loading=\"lazy\" decoding=\"async\" class=\"alignnone wp-image-627\" src=\"https:\/\/hydraulic-cylinders.net\/wp-content\/uploads\/2023\/08\/hydraulic-cylinder-product-2-300x189.webp\" alt=\"\" width=\"413\" height=\"260\" \/><\/p>\n<h3>(2) Maskinering<\/h3>\n<p>Maskineringsverkstedet er utstyrt med et spesialtilpasset dreiesenter for skr\u00e5 skinner, maskineringssenter, h\u00f8yhastighets honemaskin, sveiserobot og annet relatert utstyr, som kan h\u00e5ndtere bearbeiding av sylinderr\u00f8r med en maksimal indre diameter p\u00e5 400 mm og en maksimal lengde p\u00e5 6 meter.<\/p>\n<p><img loading=\"lazy\" decoding=\"async\" class=\"alignnone wp-image-628 size-large\" src=\"https:\/\/hydraulic-cylinders.net\/wp-content\/uploads\/2023\/08\/hydraulic-cylinder-product-3-1024x391.webp\" alt=\"\" width=\"1024\" height=\"391\" srcset=\"https:\/\/hydraulic-cylinders.net\/wp-content\/uploads\/2023\/08\/hydraulic-cylinder-product-3-980x374.webp 980w, https:\/\/hydraulic-cylinders.net\/wp-content\/uploads\/2023\/08\/hydraulic-cylinder-product-3-480x183.webp 480w\" sizes=\"(min-width: 0px) and (max-width: 480px) 480px, (min-width: 481px) and (max-width: 980px) 980px, (min-width: 981px) 1024px, 100vw\" \/><\/p>\n<h3>(3) Sveising<\/h3>\n<p><img loading=\"lazy\" decoding=\"async\" class=\"alignnone wp-image-629 size-large\" src=\"https:\/\/hydraulic-cylinders.net\/wp-content\/uploads\/2023\/08\/hydraulic-cylinder-product-4-1024x510.webp\" alt=\"\" width=\"1024\" height=\"510\" srcset=\"https:\/\/hydraulic-cylinders.net\/wp-content\/uploads\/2023\/08\/hydraulic-cylinder-product-4-980x488.webp 980w, https:\/\/hydraulic-cylinders.net\/wp-content\/uploads\/2023\/08\/hydraulic-cylinder-product-4-480x239.webp 480w\" sizes=\"(min-width: 0px) and (max-width: 480px) 480px, (min-width: 481px) and (max-width: 980px) 980px, (min-width: 981px) 1024px, 100vw\" \/><\/p>\n<h3>(4) Maling og belegg<\/h3>\n<p>Med sm\u00e5 og mellomstore sylinderautomatiske vannbaserte malingsbeleggslinjer, for \u00e5 oppn\u00e5 automatisk robotlasting og -lossing og automatisk spr\u00f8yting, er den designede kapasiteten 4000 stykker per skift;<br \/>\nVi har ogs\u00e5 en halvautomatisk produksjonslinje for maling for store sylindere drevet av en kabelkjede, med en designkapasitet p\u00e5 60 kasser per skift.<\/p>\n<p><img loading=\"lazy\" decoding=\"async\" class=\"alignnone wp-image-630\" src=\"https:\/\/hydraulic-cylinders.net\/wp-content\/uploads\/2023\/08\/hydraulic-cylinder-product-5-300x213.webp\" alt=\"\" width=\"366\" height=\"260\" \/> <img loading=\"lazy\" decoding=\"async\" class=\"alignnone wp-image-631\" src=\"https:\/\/hydraulic-cylinders.net\/wp-content\/uploads\/2023\/08\/hydraulic-cylinder-product-6-300x225.webp\" alt=\"\" width=\"347\" height=\"260\" \/><\/p>\n<h3>(5) Testing<\/h3>\n<p>Vi har f\u00f8rsteklasses inspeksjonsfasiliteter og testbenker for \u00e5 sikre at sylinderens ytelse oppfyller kravene.<\/p>\n<p><img loading=\"lazy\" decoding=\"async\" class=\"alignnone wp-image-632\" src=\"https:\/\/hydraulic-cylinders.net\/wp-content\/uploads\/2023\/08\/hydraulic-cylinder-product-8-300x200.webp\" alt=\"\" width=\"389\" height=\"260\" \/><\/p>\n<p>&nbsp;<\/p>\n<p>&nbsp;<\/p>\n<p>Vi er en av de beste produsentene av hydrauliske sylindere. Vi kan tilby et omfattende utvalg av hydrauliske sylindere. Vi tilbyr ogs\u00e5 tilsvarende <a href=\"https:\/\/hzpt.com\/agricultural-pto-gearbox\/\" target=\"_blank\" rel=\"noopener\">landbruksgirkasser<\/a>Vi har eksportert produktene v\u00e5re til kunder over hele verden og opparbeidet oss et godt rykte p\u00e5 grunn av v\u00e5r overlegne produktkvalitet og ettersalgsservice. Vi \u00f8nsker kunder i inn- og utland velkommen til \u00e5 kontakte oss for \u00e5 forhandle om forretninger, utveksle informasjon og <a href=\"https:\/\/www.hydraulic-cylinders.net\/nb\/contact-us\/\">samarbeide med oss<\/a>!<\/p>","protected":false},"excerpt":{"rendered":"<p>Press Clamping Cylinder The press clamping cylinder is a cutting-edge product that delivers exceptional performance and reliability in various industrial applications. With its advanced features and robust design, this cylinder offers enhanced clamping force, precise control, and improved productivity. The press clamping cylinder is a game-changer in industrial applications, offering high clamping force, precise control, [&hellip;]<\/p>","protected":false},"featured_media":1646,"comment_status":"open","ping_status":"closed","template":"","meta":{"_et_pb_use_builder":"","_et_pb_old_content":"","_et_gb_content_width":""},"product_brand":[],"product_cat":[1522,1549,1376],"product_tag":[1380],"class_list":{"0":"post-1644","1":"product","2":"type-product","3":"status-publish","4":"has-post-thumbnail","6":"product_cat-press-hydraulic-cylinders","7":"product_cat-single-acting-hydraulic-cylinder","8":"product_cat-hydraulic-cylinder","9":"product_tag-hydraulic-cylinder","11":"first","12":"instock","13":"shipping-taxable","14":"product-type-simple"},"amp_enabled":true,"_links":{"self":[{"href":"https:\/\/www.hydraulic-cylinders.net\/nb\/wp-json\/wp\/v2\/product\/1644","targetHints":{"allow":["GET"]}}],"collection":[{"href":"https:\/\/www.hydraulic-cylinders.net\/nb\/wp-json\/wp\/v2\/product"}],"about":[{"href":"https:\/\/www.hydraulic-cylinders.net\/nb\/wp-json\/wp\/v2\/types\/product"}],"replies":[{"embeddable":true,"href":"https:\/\/www.hydraulic-cylinders.net\/nb\/wp-json\/wp\/v2\/comments?post=1644"}],"wp:featuredmedia":[{"embeddable":true,"href":"https:\/\/www.hydraulic-cylinders.net\/nb\/wp-json\/wp\/v2\/media\/1646"}],"wp:attachment":[{"href":"https:\/\/www.hydraulic-cylinders.net\/nb\/wp-json\/wp\/v2\/media?parent=1644"}],"wp:term":[{"taxonomy":"product_brand","embeddable":true,"href":"https:\/\/www.hydraulic-cylinders.net\/nb\/wp-json\/wp\/v2\/product_brand?post=1644"},{"taxonomy":"product_cat","embeddable":true,"href":"https:\/\/www.hydraulic-cylinders.net\/nb\/wp-json\/wp\/v2\/product_cat?post=1644"},{"taxonomy":"product_tag","embeddable":true,"href":"https:\/\/www.hydraulic-cylinders.net\/nb\/wp-json\/wp\/v2\/product_tag?post=1644"}],"curies":[{"name":"wp","href":"https:\/\/api.w.org\/{rel}","templated":true}]}}