{"id":1653,"date":"2023-10-10T07:56:30","date_gmt":"2023-10-10T07:56:30","guid":{"rendered":"https:\/\/hydraulic-cylinders.net\/?post_type=product&#038;p=1653"},"modified":"2025-04-11T03:46:19","modified_gmt":"2025-04-11T03:46:19","slug":"press-cushion-cylinder","status":"publish","type":"product","link":"https:\/\/www.hydraulic-cylinders.net\/nb\/produkt\/press-cushion-cylinder\/","title":{"rendered":"Presspute-sylinder"},"content":{"rendered":"<h1 style=\"text-align: center;\"><strong>Presspute-sylinder<\/strong><\/h1>\n<p><img loading=\"lazy\" decoding=\"async\" class=\"aligncenter wp-image-1654\" src=\"https:\/\/hydraulic-cylinders.net\/wp-content\/uploads\/2023\/10\/cushion-cylinder-1-300x300.webp\" alt=\"\" width=\"400\" height=\"400\" \/><\/p>\n<p>Pressputesylinderen er en sv\u00e6rt effektiv og allsidig komponent som er utviklet for \u00e5 forbedre presisjon og produktivitet i industrielle presseapplikasjoner. Med sine avanserte funksjoner og innovative design tilbyr denne sylinderen overlegen demping, noe som sikrer kontrollert nedbremsing og reduserte slagkrefter under presseoperasjoner.<\/p>\n<p>Pressputesylinderen er et bemerkelsesverdig verkt\u00f8y for \u00e5 forbedre presisjon, effektivitet og produktivitet i industrielle presseapplikasjoner. Med sin avanserte dempingteknologi, justerbare innstillinger, raske returslag og robuste konstruksjon, gir denne sylinderen deg muligheten til \u00e5 oppn\u00e5 eksepsjonelle resultater samtidig som den forlenger levetiden til presseutstyret ditt. Ved \u00e5 f\u00f8lge anbefalte bruksmetoder og vedlikeholdspraksis kan du maksimere presputesylinderens ytelse, levetid og sikkerhet i presseoperasjonene dine. Velg denne sylinderen for \u00e5 forbedre pressekapasiteten din og oppleve overlegen kontroll og effektivitet.<\/p>\n<p>N\u00f8kkelegenskaper for sylinderpressepute:<\/p>\n<ol>\n<li>Avansert dempingteknologi:\n<ul>\n<li>Pressputesylinderen er utstyrt med avansert dempingteknologi som muliggj\u00f8r kontrollert retardasjon av stempelslaget, minimerer slagkrefter og forhindrer overdreven slitasje eller skade p\u00e5 presseverkt\u00f8yet og arbeidsstykket.<\/li>\n<li>Denne teknologien forbedrer presisjonen og forlenger levetiden til presseutstyret, noe som sikrer konsistente resultater av h\u00f8y kvalitet.<\/li>\n<\/ul>\n<\/li>\n<li>Justerbar demping:\n<ul>\n<li>Denne sylinderen gj\u00f8r det mulig \u00e5 raskt justere dempingsegenskapene for \u00e5 passe til spesifikke brukskrav.<\/li>\n<li>Ved \u00e5 finjustere dempingsinnstillingene kan operat\u00f8rene oppn\u00e5 optimal kontroll over retardasjonsprosessen, tilpasset forskjellige arbeidsstykkematerialer og varierende pressekrefter.<\/li>\n<\/ul>\n<\/li>\n<li>Raskt returslag:\n<ul>\n<li>Pressputesylinderen har et raskt returslag, noe som reduserer syklustider og \u00f8ker den totale produktiviteten.<\/li>\n<li>Det raske returslaget forbedrer effektiviteten og minimerer nedetid, noe som gj\u00f8r den til et ideelt valg for produksjonsmilj\u00f8er med h\u00f8yt volum.<\/li>\n<\/ul>\n<\/li>\n<li>Robust konstruksjon:\n<ul>\n<li>Denne sylinderen er konstruert med materialer av h\u00f8y kvalitet, noe som sikrer holdbarhet og langvarig p\u00e5litelighet i krevende industrielle omgivelser.<\/li>\n<li>Den robuste designen gj\u00f8r at den t\u00e5ler tunge belastninger, repeterende operasjoner og t\u00f8ffe arbeidsforhold, noe som garanterer jevn ytelse over tid.<\/li>\n<\/ul>\n<\/li>\n<\/ol>\n<h2><strong>Presspute sylinderparameter:<\/strong><\/h2>\n<table border=\"1\" cellspacing=\"0\" cellpadding=\"0\">\n<tbody>\n<tr>\n<td>Produktnavn<\/td>\n<td>Hydraulisk presseputesylinder<\/td>\n<\/tr>\n<tr>\n<td>Funksjoner:<\/td>\n<td>Absorber smiforskyvning\/st\u00f8tvibrasjon<\/td>\n<\/tr>\n<tr>\n<td>Borediameter:<\/td>\n<td>75 mm \uff5e300 mm<\/td>\n<\/tr>\n<tr>\n<td>Stangdiameter:<\/td>\n<td>\u00a050 mm\uff5e180 mm<br \/>\nSlaglengde \u2264500 mm<\/td>\n<\/tr>\n<tr>\n<td>Skyvekraft:<\/td>\n<td>Maksimum 1130 kN<br \/>\n(Sylinderdiameter 300 mm \/ trykk 25 MPa)<\/td>\n<\/tr>\n<tr>\n<td>Bruksomr\u00e5der for pute-sylinder:<\/td>\n<td>Hydraulisk presse<\/td>\n<\/tr>\n<\/tbody>\n<\/table>\n<div><\/div>\n<div>\n<div class=\"txtboxL\">\n<div class=\"txtboxL\">\n<div class=\"txtboxL\">Funksjoner:<\/div>\n<div class=\"txtboxR\">Absorber smiforskyvning\/st\u00f8tvibrasjon<\/div>\n<div class=\"txtboxL\">Spesifikasjon:<\/div>\n<div class=\"txtboxR\">Borediameter: 75 mm ~ 300 mm<br \/>\nStangdiameter: 50 mm ~ 180 mm<br \/>\nSlaglengde \u2264500 mm<\/div>\n<div class=\"txtboxL\">Skyvekraft:<\/div>\n<div class=\"txtboxR\">Maksimum 1130 kN<br \/>\n(Sylinderdiameter 300 mm \/ trykk 25 MPa)<\/div>\n<\/div>\n<\/div>\n<\/div>\n<h2><strong>Pressesylinderfabrikk:<\/strong><\/h2>\n<p><img loading=\"lazy\" decoding=\"async\" class=\"alignnone wp-image-1619 size-full\" src=\"https:\/\/hydraulic-cylinders.net\/wp-content\/uploads\/2023\/10\/press-cylinder.webp\" alt=\"\" width=\"1418\" height=\"946\" srcset=\"https:\/\/hydraulic-cylinders.net\/wp-content\/uploads\/2023\/10\/press-cylinder.webp 1418w, https:\/\/hydraulic-cylinders.net\/wp-content\/uploads\/2023\/10\/press-cylinder-1280x854.webp 1280w, https:\/\/hydraulic-cylinders.net\/wp-content\/uploads\/2023\/10\/press-cylinder-980x654.webp 980w, https:\/\/hydraulic-cylinders.net\/wp-content\/uploads\/2023\/10\/press-cylinder-480x320.webp 480w\" sizes=\"(min-width: 0px) and (max-width: 480px) 480px, (min-width: 481px) and (max-width: 980px) 980px, (min-width: 981px) and (max-width: 1280px) 1280px, (min-width: 1281px) 1418px, 100vw\" \/><\/p>\n<h2><strong>Bruksmetode for pressputesylinder<\/strong><strong>:<\/strong><\/h2>\n<ol>\n<li><strong>Installasjon og integrasjon:<\/strong>\n<ul>\n<li>Monter pressputesylinderen sikkert p\u00e5 \u00f8nsket sted, og s\u00f8rg for riktig justering med pressverkt\u00f8yet og arbeidsstykket.<\/li>\n<li>Koble til hydraulikkledningene i henhold til produsentens anvisninger, og s\u00f8rg for riktig v\u00e6skestr\u00f8m og unng\u00e5 lekkasjer.<\/li>\n<li>Integrer sylinderen med pressekontrollsystemet, og f\u00f8lg instruksjonene for s\u00f8ml\u00f8s drift.<\/li>\n<\/ul>\n<\/li>\n<li><strong>Justering av dempinginnstillinger:<\/strong>\n<ul>\n<li>Se produsentens dokumentasjon for \u00e5 identifisere de spesifikke metodene for \u00e5 justere dempingsinnstillingene til sylinderen.<\/li>\n<li>Justeringer kan gj\u00f8res ved \u00e5 regulere str\u00f8mningskontrollventilene eller modifisere dempingsavstandsstykkene.<\/li>\n<li>Finjuster dempinginnstillingene basert p\u00e5 de spesifikke kravene til presseapplikasjonen din, og ta hensyn til faktorer som arbeidsstykkets materiale, pressekraft og \u00f8nskede retardasjonsegenskaper.<\/li>\n<\/ul>\n<\/li>\n<li><strong>Driftsmessige hensyn:<\/strong>\n<ul>\n<li>Overv\u00e5k presputesylinderens ytelse n\u00f8ye under drift.<\/li>\n<li>Observer nedbremsingsprosessen, og s\u00f8rg for at dempingseffekten effektivt minimerer st\u00f8tkreftene og gir jevn og kontrollert pressing.<\/li>\n<li>Juster dempinginnstillingene for \u00e5 optimalisere ytelsen og oppn\u00e5 \u00f8nsket presseresultat om n\u00f8dvendig.<\/li>\n<\/ul>\n<\/li>\n<\/ol>\n<h2><strong>Hvordan finne tetningssett for hydraulisk sylinder?<\/strong><\/h2>\n<p>Det er avgj\u00f8rende \u00e5 finne riktig tetningssett for en hydraulisk sylinder for riktig vedlikehold og reparasjon. Her er en trinnvis veiledning som hjelper deg med \u00e5 finne tetningssettet du trenger:<\/p>\n<ol>\n<li><strong>Identifiser sylinderinformasjonen:<\/strong><br \/>\nSamle s\u00e5 mye informasjon som mulig om den hydrauliske sylinderen du trenger et tetningssett til. Dette inkluderer produsentens navn, modellnummer og andre identifikasjonsmerker eller etiketter p\u00e5 sylinderen. Se gjennom sylinderens dokumentasjon eller spesifikasjoner for \u00e5 samle ytterligere detaljer hvis du har tilgang til det.<\/li>\n<li><strong>Bestem tetningstypen:<\/strong><br \/>\nHydrauliske sylindere kan bruke forskjellige tetninger, for eksempel stempeltetninger, stangtetninger, viskere eller slitasjeringer. Identifiser den spesifikke typen tetning eller tetninger du m\u00e5 bytte ut. \u00c5 forst\u00e5 tetningskonfigurasjonen er viktig for \u00e5 finne riktig tetningssett.<\/li>\n<li><strong>Unders\u00f8k produsenten:<\/strong><br \/>\nStart s\u00f8ket ditt ved \u00e5 kontakte sylinderprodusenten direkte. Bes\u00f8k deres offisielle nettside eller kontakt kundeserviceavdelingen deres. Gi dem sylinderinformasjonen du samlet inn i trinn 1. Produsenten kan ofte oppgi riktig delenummer for tetningssettet eller veilede deg til sine autoriserte distribut\u00f8rer.<\/li>\n<li><strong>Autoriserte distribut\u00f8rer:<\/strong><br \/>\nHvis produsenten ikke selger tetningssett direkte, eller hvis du foretrekker \u00e5 utforske andre alternativer, b\u00f8r du sp\u00f8rre om autoriserte distribut\u00f8rer eller forhandlere. Disse distribut\u00f8rene har ofte tetningssett som er spesielt utviklet for produsentens sylindere. De kan hjelpe deg med \u00e5 finne riktig tetningssett basert p\u00e5 sylinderinformasjonen du oppgir.<\/li>\n<li><strong>Nettmarkedsplasser og leverand\u00f8rer:<\/strong><br \/>\nS\u00f8k etter anerkjente leverand\u00f8rer av hydrauliske tetningssett eller nettmarkedsplasser som spesialiserer seg p\u00e5 hydrauliske komponenter. Noen popul\u00e6re alternativer inkluderer nettsteder for industrielle forsyninger, leverand\u00f8rer av hydraulisk utstyr og dedikerte forhandlere av hydrauliske tetninger. Bruk s\u00f8kefiltre eller n\u00f8kkelord som samsvarer med sylinderprodusenten og modellnummeret ditt for \u00e5 begrense resultatene.<\/li>\n<li><strong>Kryssreferanseguider:<\/strong><br \/>\nEnkelte nettsteder eller kataloger tilbyr kryssreferanseguider eller kompatibilitetstabeller for hydrauliske tetningssett. Disse ressursene lar deg s\u00f8ke etter tetningssett basert p\u00e5 sylinderprodusent, modellnummer eller tetningsdimensjoner. Kryssreferanser kan hjelpe deg med \u00e5 finne tetningssett fra alternative produsenter som er kompatible med sylinderen din.<\/li>\n<li><strong>Tetningsdimensjoner og spesifikasjoner:<\/strong><br \/>\nHvis du ikke finner et tetningssett som er spesielt utviklet for sylinderen din, kan du ta m\u00e5l av de eksisterende tetningene. Noter tetningsdimensjonene, inkludert indre diameter, ytre diameter og h\u00f8yde. Med denne informasjonen kan du s\u00f8ke etter individuelle tetninger som samsvarer med disse dimensjonene, eller konsultere en spesialist p\u00e5 hydrauliske tetninger som kan hjelpe deg med \u00e5 finne passende erstatninger.<\/li>\n<li><strong>S\u00f8k profesjonell hjelp:<\/strong><br \/>\nHvis du har problemer med \u00e5 finne riktig tetningssett, eller hvis du er usikker p\u00e5 prosessen, b\u00f8r du vurdere \u00e5 konsultere en spesialist p\u00e5 hydraulikkreparasjon eller en leverand\u00f8r av hydrauliske tetninger. De har ekspertise i \u00e5 identifisere og finne tetningssett for ulike hydrauliske sylindere, og kan veilede deg med \u00e5 finne riktig l\u00f8sning.<\/li>\n<\/ol>\n<h2><strong>Fabrikkens kapasitet og kapasitet:<\/strong><\/h2>\n<h3>(1) Montering<\/h3>\n<p>Vi har en f\u00f8rsteklasses uavhengig forsknings- og utviklingsplattform for montering. Verkstedet for produksjon av hydrauliske sylindere har fire halvautomatiske monteringslinjer for l\u00f8ftesylindere og \u00e9n automatisk monteringslinje for vippesylindere, med en \u00e5rlig produksjonskapasitet p\u00e5 1 million enheter. Spesialsylinderverkstedet er utstyrt med ulike spesifikasjoner for et halvautomatisk rengj\u00f8ringsmonteringssystem med en \u00e5rlig produksjonskapasitet p\u00e5 200 000 enheter, og er utstyrt med kjent CNC-maskineringsutstyr, et maskineringssenter, spesialutstyr for h\u00f8ypresisjons sylinderbehandling, en robotsveisemaskin, en automatisk rengj\u00f8ringsmaskin, en automatisk sylindermonteringsmaskin og en automatisk produksjonslinje for lakkering. Vi har mer enn 300 sett (sett) av kritisk utstyr. Optimal allokering og effektiv bruk av utstyrsressurser sikrer n\u00f8yaktighetskravene til produktene og oppfyller produktenes h\u00f8ye kvalitetsbehov.<\/p>\n<p><img loading=\"lazy\" decoding=\"async\" class=\"alignnone wp-image-626\" src=\"https:\/\/hydraulic-cylinders.net\/wp-content\/uploads\/2023\/08\/hydraulic-cylinder-product-1-300x158.webp\" alt=\"\" width=\"495\" height=\"260\" srcset=\"https:\/\/hydraulic-cylinders.net\/wp-content\/uploads\/2023\/08\/hydraulic-cylinder-product-1-300x158.webp 495w, https:\/\/hydraulic-cylinders.net\/wp-content\/uploads\/2023\/08\/hydraulic-cylinder-product-1-480x252.webp 480w\" sizes=\"(min-width: 0px) and (max-width: 480px) 480px, (min-width: 481px) 495px, 100vw\" \/> <img loading=\"lazy\" decoding=\"async\" class=\"alignnone wp-image-627\" src=\"https:\/\/hydraulic-cylinders.net\/wp-content\/uploads\/2023\/08\/hydraulic-cylinder-product-2-300x189.webp\" alt=\"\" width=\"413\" height=\"260\" \/><\/p>\n<h3>(2) Maskinering<\/h3>\n<p>Maskineringsverkstedet er utstyrt med et spesialtilpasset dreiesenter for skr\u00e5 skinner, maskineringssenter, h\u00f8yhastighets honemaskin, sveiserobot og annet relatert utstyr, som kan h\u00e5ndtere bearbeiding av sylinderr\u00f8r med en maksimal indre diameter p\u00e5 400 mm og en maksimal lengde p\u00e5 6 meter.<\/p>\n<p><img loading=\"lazy\" decoding=\"async\" class=\"alignnone wp-image-628 size-large\" src=\"https:\/\/hydraulic-cylinders.net\/wp-content\/uploads\/2023\/08\/hydraulic-cylinder-product-3-1024x391.webp\" alt=\"\" width=\"1024\" height=\"391\" srcset=\"https:\/\/hydraulic-cylinders.net\/wp-content\/uploads\/2023\/08\/hydraulic-cylinder-product-3-980x374.webp 980w, https:\/\/hydraulic-cylinders.net\/wp-content\/uploads\/2023\/08\/hydraulic-cylinder-product-3-480x183.webp 480w\" sizes=\"(min-width: 0px) and (max-width: 480px) 480px, (min-width: 481px) and (max-width: 980px) 980px, (min-width: 981px) 1024px, 100vw\" \/><\/p>\n<h3>(3) Sveising<\/h3>\n<p><img loading=\"lazy\" decoding=\"async\" class=\"alignnone wp-image-629 size-large\" src=\"https:\/\/hydraulic-cylinders.net\/wp-content\/uploads\/2023\/08\/hydraulic-cylinder-product-4-1024x510.webp\" alt=\"\" width=\"1024\" height=\"510\" srcset=\"https:\/\/hydraulic-cylinders.net\/wp-content\/uploads\/2023\/08\/hydraulic-cylinder-product-4-980x488.webp 980w, https:\/\/hydraulic-cylinders.net\/wp-content\/uploads\/2023\/08\/hydraulic-cylinder-product-4-480x239.webp 480w\" sizes=\"(min-width: 0px) and (max-width: 480px) 480px, (min-width: 481px) and (max-width: 980px) 980px, (min-width: 981px) 1024px, 100vw\" \/><\/p>\n<h3>(4) Maling og belegg<\/h3>\n<p>Med sm\u00e5 og mellomstore sylinderautomatiske vannbaserte malingsbeleggslinjer, for \u00e5 oppn\u00e5 automatisk robotlasting og -lossing og automatisk spr\u00f8yting, er den designede kapasiteten 4000 stykker per skift;<br \/>\nVi har ogs\u00e5 en halvautomatisk produksjonslinje for maling for store sylindere drevet av en kabelkjede, med en designkapasitet p\u00e5 60 kasser per skift.<\/p>\n<p><img loading=\"lazy\" decoding=\"async\" class=\"alignnone wp-image-630\" src=\"https:\/\/hydraulic-cylinders.net\/wp-content\/uploads\/2023\/08\/hydraulic-cylinder-product-5-300x213.webp\" alt=\"\" width=\"366\" height=\"260\" \/> <img loading=\"lazy\" decoding=\"async\" class=\"alignnone wp-image-631\" src=\"https:\/\/hydraulic-cylinders.net\/wp-content\/uploads\/2023\/08\/hydraulic-cylinder-product-6-300x225.webp\" alt=\"\" width=\"347\" height=\"260\" \/><\/p>\n<h3>(5) Testing<\/h3>\n<p>Vi har f\u00f8rsteklasses inspeksjonsfasiliteter og testbenker for \u00e5 sikre at sylinderens ytelse oppfyller kravene.<\/p>\n<p><img loading=\"lazy\" decoding=\"async\" class=\"alignnone wp-image-632\" src=\"https:\/\/hydraulic-cylinders.net\/wp-content\/uploads\/2023\/08\/hydraulic-cylinder-product-8-300x200.webp\" alt=\"\" width=\"389\" height=\"260\" \/><\/p>\n<p>&nbsp;<\/p>\n<p>&nbsp;<\/p>\n<p>Vi er en av de beste produsentene av hydrauliske sylindere. Vi kan tilby et omfattende utvalg av hydrauliske sylindere. Vi tilbyr ogs\u00e5 tilsvarende <a href=\"https:\/\/hzpt.com\/agricultural-pto-gearbox\/\" target=\"_blank\" rel=\"noopener\">landbruksgirkasser<\/a>Vi har eksportert produktene v\u00e5re til kunder over hele verden og opparbeidet oss et godt rykte p\u00e5 grunn av v\u00e5r overlegne produktkvalitet og ettersalgsservice. Vi \u00f8nsker kunder i inn- og utland velkommen til \u00e5 kontakte oss for \u00e5 forhandle om forretninger, utveksle informasjon og <a href=\"https:\/\/www.hydraulic-cylinders.net\/nb\/contact-us\/\">samarbeide med oss<\/a>!<\/p>","protected":false},"excerpt":{"rendered":"<p>Press Cushion Cylinder The press cushion cylinder is a highly efficient and versatile component designed to improve precision and productivity in industrial pressing applications. With its advanced features and innovative design, this cylinder offers superior cushioning capabilities, ensuring controlled deceleration and reduced impact forces during pressing operations. The press cushion cylinder is a remarkable tool [&hellip;]<\/p>","protected":false},"featured_media":1655,"comment_status":"open","ping_status":"closed","template":"","meta":{"_et_pb_use_builder":"","_et_pb_old_content":"","_et_gb_content_width":""},"product_brand":[],"product_cat":[1550,1522,1376],"product_tag":[1380],"class_list":{"0":"post-1653","1":"product","2":"type-product","3":"status-publish","4":"has-post-thumbnail","6":"product_cat-double-acting-hydraulic-cylinder","7":"product_cat-press-hydraulic-cylinders","8":"product_cat-hydraulic-cylinder","9":"product_tag-hydraulic-cylinder","11":"first","12":"instock","13":"shipping-taxable","14":"product-type-simple"},"amp_enabled":true,"_links":{"self":[{"href":"https:\/\/www.hydraulic-cylinders.net\/nb\/wp-json\/wp\/v2\/product\/1653","targetHints":{"allow":["GET"]}}],"collection":[{"href":"https:\/\/www.hydraulic-cylinders.net\/nb\/wp-json\/wp\/v2\/product"}],"about":[{"href":"https:\/\/www.hydraulic-cylinders.net\/nb\/wp-json\/wp\/v2\/types\/product"}],"replies":[{"embeddable":true,"href":"https:\/\/www.hydraulic-cylinders.net\/nb\/wp-json\/wp\/v2\/comments?post=1653"}],"wp:featuredmedia":[{"embeddable":true,"href":"https:\/\/www.hydraulic-cylinders.net\/nb\/wp-json\/wp\/v2\/media\/1655"}],"wp:attachment":[{"href":"https:\/\/www.hydraulic-cylinders.net\/nb\/wp-json\/wp\/v2\/media?parent=1653"}],"wp:term":[{"taxonomy":"product_brand","embeddable":true,"href":"https:\/\/www.hydraulic-cylinders.net\/nb\/wp-json\/wp\/v2\/product_brand?post=1653"},{"taxonomy":"product_cat","embeddable":true,"href":"https:\/\/www.hydraulic-cylinders.net\/nb\/wp-json\/wp\/v2\/product_cat?post=1653"},{"taxonomy":"product_tag","embeddable":true,"href":"https:\/\/www.hydraulic-cylinders.net\/nb\/wp-json\/wp\/v2\/product_tag?post=1653"}],"curies":[{"name":"wp","href":"https:\/\/api.w.org\/{rel}","templated":true}]}}