{"id":16695,"date":"2025-01-21T05:47:37","date_gmt":"2025-01-21T05:47:37","guid":{"rendered":"https:\/\/www.hydraulic-cylinders.net\/product\/arm-cylinder-for-jchi-ns75-7\/"},"modified":"2025-01-21T05:47:39","modified_gmt":"2025-01-21T05:47:39","slug":"arm-cylinder-for-jchi-ns75-7","status":"publish","type":"product","link":"https:\/\/www.hydraulic-cylinders.net\/nb\/produkt\/arm-cylinder-for-jchi-ns75-7\/","title":{"rendered":"Armsylinder for JCHI NS75-7"},"content":{"rendered":"<h2>Armsylinder for JCHI NS75-7<\/h2>\n<h3>Introduksjon<\/h3>\n<p>En armsylinder er en spesialdesignet hydraulisk sylinder som prim\u00e6rt brukes til \u00e5 gi line\u00e6r bevegelse og kraft til armen p\u00e5 ulike maskiner, som gravemaskiner, kraner og robotarmer. Armsylinderen spiller en avgj\u00f8rende rolle i hydrauliske systemer, slik at tilkoblede verkt\u00f8y eller redskaper kan bevege seg og kontrolleres effektivt. Disse sylindrene oppn\u00e5r ikke bare jevn bevegelse, men t\u00e5ler ogs\u00e5 tunge belastninger, noe som sikrer effektiv drift og p\u00e5litelighet av maskineriet under ulike arbeidsforhold.<\/p>\n<p><img decoding=\"async\" src=\"https:\/\/www.hydraulic-cylinders.net\/wp-content\/uploads\/2025\/01\/songte-company-2.webp\"><\/p>\n<h3>Funksjoner<\/h3>\n<ul>\n<li>H\u00f8yeffektiv kraftoverf\u00f8ring: Armsylinderen kan gi kraftig line\u00e6r bevegelse og kraft, noe som sikrer robotarmens h\u00f8yeffektive ytelse i ulike operasjoner.<\/li>\n<li>Presis kontroll: Gjennom det hydrauliske systemet kan armsylinderen oppn\u00e5 n\u00f8yaktig bevegelseskontroll, noe som gj\u00f8r betjeningen av tilkoblede verkt\u00f8y mer fleksibel og presis.<\/li>\n<li>Sterk holdbarhet: Armsylinderen er vanligvis laget av h\u00f8yfaste materialer, med god slitestyrke og korrosjonsbestandighet, egnet for langvarig bruk i t\u00f8ffe milj\u00f8er.<\/li>\n<li>Multifunksjonell tilpasningsevne: Disse sylindrene kan brukes mye i ulike typer maskiner som gravemaskiner, kraner og robotarmer, og tilpasser seg ulike arbeidskrav.<\/li>\n<li>Enkelt vedlikehold: Armsylinderen er designet for \u00e5 v\u00e6re enkel \u00e5 vedlikeholde og bytte ut, og gj\u00f8r regelmessige kontroller og vedlikehold enklere, noe som reduserer nedetid p\u00e5 utstyr.<\/li>\n<\/ul>\n<p>Vi kan produsere dette produktet, og produktet v\u00e5rt kan erstatte disse hydrauliske sylindrene perfekt.<\/p>\n<p><img decoding=\"async\" src=\"https:\/\/www.hydraulic-cylinders.net\/wp-content\/uploads\/2025\/01\/songte-oil-pipes-and-spare-parts.webp\"><\/p>\n<h3>Bruksomr\u00e5der<\/h3>\n<ul>\n<li>Byggteknikk: I gravemaskiner og kraner brukes armsylinderen til \u00e5 kontrollere bevegelsen til skuffen eller bommen for jordflytting, materialh\u00e5ndtering og strukturell installasjon.<\/li>\n<li>Produksjonsindustri: I automatiserte produksjonslinjer brukes armsylinderen til bevegelse av robotarmer for montering, sveising og materialh\u00e5ndteringsprosesser, noe som forbedrer produksjonseffektiviteten og n\u00f8yaktigheten.<\/li>\n<li>Landbruksmaskiner: I landbruksmaskiner som hogstmaskiner og plantemaskiner styrer armsylinderen bevegelsen til driftsarmen for oppgaver som planting, gj\u00f8dsling og h\u00f8sting.<\/li>\n<li>Gruvedrift: I gruveutstyr brukes armsylinderen til \u00e5 kontrollere armbevegelsen til gruveutstyr for utvinning og transport av mineraler.<\/li>\n<li>Logistikk og transport: I gaffeltrucker og h\u00e5ndteringsroboter brukes armsylinderen til \u00e5 kontrollere l\u00f8fting og bevegelse av last, noe som muliggj\u00f8r h\u00e5ndtering og stabling av materialer.<\/li>\n<\/ul>\n<h3>Designhensyn og utvalgsstandarder<\/h3>\n<ul>\n<li>B\u00e6reevne: Armsylinderen m\u00e5 v\u00e6re konstruert for \u00e5 t\u00e5le den maksimale belastningen den forventes \u00e5 b\u00e6re, noe som sikrer en sikker og effektiv drift.<\/li>\n<li>Tetting: Armsylinderen bruker forskjellige tetningskomponenter som stempeltetninger og stangtetninger laget av slitesterke materialer som polyuretan og nitrilgummi for \u00e5 sikre god tetningsytelse og forhindre hydrauliske lekkasjer.<\/li>\n<li>Holdbarhet: Sylinderhuset og gjengeenden er fint bearbeidet for \u00e5 forbedre slitestyrken, noe som sikrer armsylinderens holdbarhet selv i t\u00f8ffe milj\u00f8er.<\/li>\n<li>Sikkerhet: Armsylindre b\u00f8r v\u00e6re utformet med sikkerhetsfunksjoner som grensebrytere og trykkavlastningsventiler for \u00e5 forhindre ulykker og sikre sikker drift.<\/li>\n<li>Vedlikehold: Armsylinderen b\u00f8r v\u00e6re utformet for enkelt vedlikehold og utskifting, noe som sikrer rettidig vedlikehold og reduserer nedetid p\u00e5 grunn av utstyrsfeil.<\/li>\n<\/ul>\n<p><img decoding=\"async\" src=\"https:\/\/www.hydraulic-cylinders.net\/wp-content\/uploads\/2025\/01\/songte-cylinder-head-with-all-kinds-excavator-models.webp\"><\/p>\n<h3>Tetting og sm\u00f8ring<\/h3>\n<p>Armsylinderen bruker forskjellige tetningskomponenter som stempeltetninger og stangtetninger laget av slitesterke materialer som polyuretan og nitrilgummi for \u00e5 sikre god tetningsytelse og forhindre hydrauliske lekkasjer. Sylinderhuset og gjengeenden er fint bearbeidet for \u00e5 forbedre slitestyrken, noe som sikrer armsylinderens holdbarhet selv i t\u00f8ffe milj\u00f8er. Armsylinderen krever regelmessig sm\u00f8ring med hydraulisk olje for \u00e5 sikre problemfri drift, og mengden olje som tilsettes b\u00f8r v\u00e6re passende for \u00e5 forhindre oljelekkasje.<\/p>\n<h3>Vedlikehold og forebyggende tiltak<\/h3>\n<ul>\n<li>Regelmessig inspeksjon: Regelmessige inspeksjoner b\u00f8r utf\u00f8res for \u00e5 sjekke om armsylinderen er skadet, slitt eller lekkasjer, og rettidig utskifting eller reparasjon b\u00f8r utf\u00f8res om n\u00f8dvendig.<\/li>\n<li>Regelmessig sm\u00f8ring: Armsylinderen b\u00f8r sm\u00f8res regelmessig med hydraulikkolje for \u00e5 sikre problemfri drift.<\/li>\n<li>Riktig installasjon: Riktig installasjon av armsylinderen er avgj\u00f8rende for sikker og effektiv drift, og installasjonen b\u00f8r utf\u00f8res i henhold til produsentens instruksjoner.<\/li>\n<li>Forebyggende tiltak: For \u00e5 minimere potensielle problemer b\u00f8r forebyggende tiltak som \u00e5 begrense lasten, kontrollere driftshastigheten og unng\u00e5 overtrykk tas n\u00e5r armsylinderen brukes.<\/li>\n<\/ul>\n<p><img decoding=\"async\" src=\"https:\/\/www.hydraulic-cylinders.net\/wp-content\/uploads\/2025\/01\/songte-chushion-collar.webp\"><\/p>\n<h3>Produktinstallasjonsveiledning<\/h3>\n<p>Riktig montering av armsylinderen er avgj\u00f8rende for sikker og effektiv drift. F\u00f8lg disse trinnene for \u00e5 montere armsylinderen:<\/p>\n<ol>\n<li>S\u00f8rg for at installasjonsomr\u00e5det er rent og fritt for rusk.<\/li>\n<li>Kontroller sylinderen og monteringsdelene for skader eller slitasje.<\/li>\n<li>Koble til hydraulikkslangene og koblingene i henhold til produsentens instruksjoner.<\/li>\n<li>Monter armsylinderen p\u00e5 riktig sted og stram boltene.<\/li>\n<li>Test armsylinderen for riktig funksjon.<\/li>\n<\/ol>\n<h3>Sikkerhetshensyn og milj\u00f8faktorer<\/h3>\n<p>N\u00e5r du bruker armsylinderen, b\u00f8r det tas sikkerhetstiltak for \u00e5 forhindre ulykker som kan for\u00e5rsake personskade eller skade p\u00e5 utstyr. Disse tiltakene kan omfatte bruk av verneutstyr, montering av sikkerhetsinnretninger og \u00e5 f\u00f8lge produsentens instruksjoner. Milj\u00f8faktorer som temperatur, fuktighet og st\u00f8v b\u00f8r ogs\u00e5 tas i betraktning n\u00e5r du bruker armsylinderen, og det b\u00f8r tas passende tiltak for \u00e5 forhindre milj\u00f8skader.<\/p>\n<h3>Feils\u00f8king og vanlige problemer<\/h3>\n<p>Vanlige problemer med armsylinderen kan omfatte lekkasjer, slitasje og d\u00e5rlig drift. F\u00f8lg disse tipsene for \u00e5 diagnostisere og l\u00f8se disse problemene:<\/p>\n<ul>\n<li>Sjekk for hydrauliske lekkasjer og reparer eller skift ut pakninger eller andre komponenter etter behov.<\/li>\n<li>Sjekk for slitasje eller skader, og skift ut de skadede komponentene.<\/li>\n<li>Kontroller at armsylinderen er riktig installasjon og drift, og utf\u00f8r justeringer etter behov.<\/li>\n<\/ul>\n<p>For \u00e5 forhindre potensielle problemer, ta forebyggende tiltak som \u00e5 begrense lasten, kontrollere driftshastigheten og unng\u00e5 overtrykk n\u00e5r du bruker armsylinderen.<\/p>\n<p><img decoding=\"async\" src=\"https:\/\/www.hydraulic-cylinders.net\/wp-content\/uploads\/2025\/01\/songte-bushings-with-all-kinds-of-excavator-models.webp\"><\/p>\n<h3>Om oss<\/h3>\n<p>Vi er en profesjonell produsent av hydrauliske erstatningssylindere med et bredt utvalg av produkter, og har blitt en av de ledende produsentene og grossistene av hydrauliske sylindere i b\u00e5de innenlandske og internasjonale markeder. Vi f\u00f8lger alltid prinsippet om kvalitetssikring, og er avhengige av den industrialiserte produksjonsstyringsstrategien til finproduksjonsverksteder, og forbedrer kontinuerlig v\u00e5rt teknologiniv\u00e5 og produksjonseffektivitet. Vi har en sterk innovasjonsevne ved \u00e5 introdusere avansert digitalt produksjonsutstyr og profesjonelle deteksjonssystemer, og kontinuerlig optimalisere produksjonsplattformen og forbedre produktets kvalitetskontrollprosess. V\u00e5rt m\u00e5l er \u00e5 m\u00f8te kundenes mangfoldige behov med prinsipper for h\u00f8y effektivitet, n\u00f8yaktighet og h\u00f8y kvalitet.<\/p>\n<h3>V\u00e5rt selskap<\/h3>\n<ul>\n<li>Profesjonalitet: Vi har et team av erfarne ingeni\u00f8rer og teknikere for \u00e5 gi kundene profesjonelle l\u00f8sninger og tjenester.<\/li>\n<li>Internasjonal sertifisering: Produktene v\u00e5re har internasjonale sertifiseringer som ISO9001 og CE for \u00e5 sikre kvalitet og p\u00e5litelighet.<\/li>\n<li>Tilpasning: Vi tilbyr tilpassede tjenester for \u00e5 m\u00f8te kundenes spesifikke behov.<\/li>\n<li>Produksjonsutstyr: Vi har avansert digitalt produksjonsutstyr for \u00e5 sikre produksjon av h\u00f8y kvalitet og effektivitet.<\/li>\n<li>Ettersalgsservice: Vi tilbyr omfattende ettersalgsservice for \u00e5 sikre kundetilfredshet og tillit.<\/li>\n<\/ul>\n<p><img decoding=\"async\" src=\"https:\/\/www.hydraulic-cylinders.net\/wp-content\/uploads\/2025\/01\/songte-company-4.webp\"><br \/>\n<img decoding=\"async\" src=\"https:\/\/www.hydraulic-cylinders.net\/wp-content\/uploads\/2025\/01\/songte-company-3.webp\"><\/p>\n<p>Forfatter: lyl<\/p>","protected":false},"excerpt":{"rendered":"<p>Arm Cylinder For JCHI NS75-7 Introduction An arm cylinder is a specially designed hydraulic cylinder primarily used to provide linear motion and power to the arm of various machinery, such as excavators, cranes, and robotic arms. The arm cylinder plays a crucial role in hydraulic systems, allowing attached tools or attachments to move and be [&hellip;]<\/p>","protected":false},"featured_media":14763,"comment_status":"open","ping_status":"closed","template":"","meta":{"_et_pb_use_builder":"","_et_pb_old_content":"","_et_gb_content_width":""},"product_brand":[],"product_cat":[1497],"product_tag":[1498,1496],"class_list":{"0":"post-16695","1":"product","2":"type-product","3":"status-publish","4":"has-post-thumbnail","6":"product_cat-arm-cylinders","7":"product_tag-arm-cylinders","8":"product_tag-hydraulic-cylinders","10":"first","11":"instock","12":"shipping-taxable","13":"product-type-simple"},"amp_enabled":true,"_links":{"self":[{"href":"https:\/\/www.hydraulic-cylinders.net\/nb\/wp-json\/wp\/v2\/product\/16695","targetHints":{"allow":["GET"]}}],"collection":[{"href":"https:\/\/www.hydraulic-cylinders.net\/nb\/wp-json\/wp\/v2\/product"}],"about":[{"href":"https:\/\/www.hydraulic-cylinders.net\/nb\/wp-json\/wp\/v2\/types\/product"}],"replies":[{"embeddable":true,"href":"https:\/\/www.hydraulic-cylinders.net\/nb\/wp-json\/wp\/v2\/comments?post=16695"}],"wp:featuredmedia":[{"embeddable":true,"href":"https:\/\/www.hydraulic-cylinders.net\/nb\/wp-json\/wp\/v2\/media\/14763"}],"wp:attachment":[{"href":"https:\/\/www.hydraulic-cylinders.net\/nb\/wp-json\/wp\/v2\/media?parent=16695"}],"wp:term":[{"taxonomy":"product_brand","embeddable":true,"href":"https:\/\/www.hydraulic-cylinders.net\/nb\/wp-json\/wp\/v2\/product_brand?post=16695"},{"taxonomy":"product_cat","embeddable":true,"href":"https:\/\/www.hydraulic-cylinders.net\/nb\/wp-json\/wp\/v2\/product_cat?post=16695"},{"taxonomy":"product_tag","embeddable":true,"href":"https:\/\/www.hydraulic-cylinders.net\/nb\/wp-json\/wp\/v2\/product_tag?post=16695"}],"curies":[{"name":"wp","href":"https:\/\/api.w.org\/{rel}","templated":true}]}}