{"id":16701,"date":"2025-01-21T05:48:03","date_gmt":"2025-01-21T05:48:03","guid":{"rendered":"https:\/\/www.hydraulic-cylinders.net\/product\/arm-cylinder-for-jove-jv55-7\/"},"modified":"2025-01-21T05:48:08","modified_gmt":"2025-01-21T05:48:08","slug":"arm-cylinder-for-jove-jv55-7","status":"publish","type":"product","link":"https:\/\/www.hydraulic-cylinders.net\/nb\/produkt\/arm-cylinder-for-jove-jv55-7\/","title":{"rendered":"Armsylinder for Jove JV55-7"},"content":{"rendered":"<h1>Armsylinder for Jove JV55-7<\/h1>\n<h2>Produktdefinisjon<\/h2>\n<p>En armsylinder er en spesialdesignet hydraulisk sylinder som brukes til \u00e5 gi line\u00e6r bevegelse og kraft til armene p\u00e5 ulike typer maskiner som gravemaskiner, kraner og robotarmer. Armsylinderen spiller en avgj\u00f8rende rolle i hydrauliske systemer, og muliggj\u00f8r bevegelse og kontroll av tilkoblede verkt\u00f8y eller tilbeh\u00f8r. Disse sylindrene sikrer ikke bare jevn bevegelse, men t\u00e5ler ogs\u00e5 tunge belastninger, noe som sikrer effektiv drift og p\u00e5litelighet av maskineriet under ulike arbeidsforhold.<\/p>\n<p><img decoding=\"async\" src=\"https:\/\/www.hydraulic-cylinders.net\/wp-content\/uploads\/2025\/01\/songte-company-2.webp\" alt=\"Armsylinder\" \/><\/p>\n<h2>Produktfunksjoner<\/h2>\n<ul>\n<li><strong>H\u00f8yeffektiv girkasse:<\/strong> Armsylinderen gir kraftig line\u00e6r bevegelse og kraft, noe som sikrer effektiv ytelse i ulike operasjoner.<\/li>\n<li><strong>Presis kontroll:<\/strong> Gjennom det hydrauliske systemet muliggj\u00f8r armsylinderen presis bevegelseskontroll, noe som gj\u00f8r betjeningen av tilkoblede verkt\u00f8y mer fleksibel og n\u00f8yaktig.<\/li>\n<li><strong>Varighet:<\/strong> Armsylindere er vanligvis laget av h\u00f8yfaste materialer med utmerket slitasje- og korrosjonsbestandighet, noe som gj\u00f8r dem egnet for langvarig bruk i t\u00f8ffe milj\u00f8er.<\/li>\n<li><strong>Multifunksjonell tilpasningsevne:<\/strong> Disse sylindrene kan brukes i stor grad p\u00e5 ulike maskiner som gravemaskiner, kraner og robotarmer, og tilpasser seg ulike arbeidskrav.<\/li>\n<li><strong>Enkelt vedlikehold:<\/strong> Armsylindrene er designet for enkelt vedlikehold og utskifting, og muliggj\u00f8r praktiske regelmessige inspeksjoner og vedlikehold, noe som reduserer nedetiden for utstyr.<\/li>\n<\/ul>\n<p><img decoding=\"async\" src=\"https:\/\/www.hydraulic-cylinders.net\/wp-content\/uploads\/2025\/01\/songte-oil-pipes-and-spare-parts.webp\" alt=\"Utskifting av hydrauliske sylindere\" \/><\/p>\n<h2>Bruksomr\u00e5der<\/h2>\n<ul>\n<li><strong>Byggteknikk:<\/strong> I gravemaskiner og kraner brukes armsylindere til \u00e5 kontrollere bevegelsen av skuffer eller bommer for jordflytting, materialh\u00e5ndtering og strukturell installasjon.<\/li>\n<li><strong>Produksjonsindustri:<\/strong> I automatiserte produksjonslinjer brukes armsylindre til bevegelse av robotarmer i prosesser som montering, sveising og materialh\u00e5ndtering, noe som forbedrer produksjonseffektiviteten og presisjonen.<\/li>\n<li><strong>Landbruksmaskiner:<\/strong> I landbruksutstyr som hogstmaskiner og s\u00e5maskiner styrer armsylindere bevegelsen til betjeningsarmene for oppgaver som s\u00e5ing, gj\u00f8dsling og h\u00f8sting.<\/li>\n<li><strong>Gruvedrift:<\/strong> I gruveutstyr brukes armsylindere til \u00e5 kontrollere armbevegelsen til gruvemaskineri for malmutvinning og transport.<\/li>\n<li><strong>Logistikk og transport:<\/strong> I gaffeltrucker og h\u00e5ndteringsroboter brukes armsylindere til \u00e5 kontrollere l\u00f8fting og bevegelse av gafler, noe som muliggj\u00f8r materialh\u00e5ndtering og stabling.<\/li>\n<\/ul>\n<h2>Designhensyn og utvalgskriterier<\/h2>\n<p>N\u00e5r man vurderer design og valg av armsylindere, b\u00f8r man ta hensyn til ulike faktorer:<\/p>\n<ul>\n<li><strong>B\u00e6reevne:<\/strong> Armsylinderen skal kunne t\u00e5le forventede belastninger under drift.<\/li>\n<li><strong>Tetting:<\/strong> Ulike tetningskomponenter som stempeltetninger og stangtetninger laget av slitesterke materialer som polyuretan og nitrilgummi b\u00f8r brukes for \u00e5 sikre effektiv tetting.<\/li>\n<li><strong>Varighet:<\/strong> Sylinderhuset og gjengede ender b\u00f8r gjennomg\u00e5 en finbehandling for \u00e5 forbedre slitestyrken.<\/li>\n<li><strong>Sikkerhet:<\/strong> Sikkerhetshensyn b\u00f8r implementeres i designet, for \u00e5 sikre sikker drift og forhindre ulykker.<\/li>\n<li><strong>Vedlikeholdbarhet:<\/strong> Regelmessig sm\u00f8ring med passende hydraulikkolje og enkel tilgang for vedlikehold og reparasjoner b\u00f8r vurderes.<\/li>\n<\/ul>\n<p><img decoding=\"async\" src=\"https:\/\/www.hydraulic-cylinders.net\/wp-content\/uploads\/2025\/01\/songte-cylinder-head-with-all-kinds-excavator-models.webp\" alt=\"Topplokk\" \/><\/p>\n<h2>Tetting og sm\u00f8ring<\/h2>\n<p>Armsylinderen benytter forskjellige tetningskomponenter som stempeltetninger og stangtetninger laget av slitesterke materialer som polyuretan og nitrilgummi. Sylinderhuset og gjengede ender gjennomg\u00e5r finbehandling for \u00e5 forbedre slitestyrken. Regelmessig sm\u00f8ring med passende hydraulisk olje er n\u00f8dvendig for riktig sm\u00f8ring.<\/p>\n<h2>Regelmessig inspeksjon og forebyggende vedlikehold<\/h2>\n<p>For \u00e5 sikre optimal ytelse og levetid er regelmessige inspeksjoner og forebyggende vedlikehold avgj\u00f8rende:<\/p>\n<ul>\n<li>Inspiser og rengj\u00f8r sylinderen regelmessig for \u00e5 fjerne eventuelle forurensninger.<\/li>\n<li>Sjekk for tegn p\u00e5 slitasje eller skade p\u00e5 tetningskomponentene, og skift dem ut om n\u00f8dvendig.<\/li>\n<li>Overv\u00e5k sylinderens ytelse og utbedre eventuelle unormaliteter raskt.<\/li>\n<li>S\u00f8rg for at det hydrauliske systemet er ordentlig vedlikeholdt og at oljen er p\u00e5 anbefalt niv\u00e5.<\/li>\n<\/ul>\n<h2>Riktig produktinstallasjon<\/h2>\n<p>Riktig montering av armsylinderen er avgj\u00f8rende for dens ytelse og sikkerhet. F\u00f8lg disse retningslinjene:<\/p>\n<ul>\n<li>S\u00f8rg for at monteringsflaten er ren og fri for rusk.<\/li>\n<li>Bruk passende verkt\u00f8y og teknikker for \u00e5 feste sylinderen sikkert uten \u00e5 overstramme.<\/li>\n<li>Follow the manufacturer&#8217;s instructions for connecting hydraulic hoses and fittings.<\/li>\n<li>Sjekk for eventuelle lekkasjer etter installasjon og utbedre dem umiddelbart.<\/li>\n<\/ul>\n<p><img decoding=\"async\" src=\"https:\/\/www.hydraulic-cylinders.net\/wp-content\/uploads\/2025\/01\/songte-bushings-with-all-kinds-of-excavator-models.webp\" alt=\"Foringer\" \/><\/p>\n<h2>Sikkerhetshensyn og milj\u00f8faktorer<\/h2>\n<p>N\u00e5r man bruker armsylindere, er det avgj\u00f8rende \u00e5 prioritere sikkerhetstiltak for \u00e5 forhindre ulykker og beskytte milj\u00f8et. Det er viktig \u00e5 f\u00f8lge sikkerhetsprotokoller og bruke passende sikkerhetsutstyr i alle bruksomr\u00e5der for \u00e5 sikre operat\u00f8renes og omgivelsenes velv\u00e6re.<\/p>\n<h2>Feils\u00f8king og vanlige problemer<\/h2>\n<p>Til tross for holdbarheten kan armsylindere st\u00f8te p\u00e5 problemer fra tid til annen. Her er noen vanlige problemer og mulige l\u00f8sninger:<\/p>\n<ul>\n<li><strong>Utgave:<\/strong> Sylinderen forlenges eller trekkes ikke riktig inn.<\/li>\n<li><strong>L\u00f8sning:<\/strong> Sjekk for lekkasjer av hydraulikkv\u00e6ske, kontroller og skift ut pakninger om n\u00f8dvendig, og s\u00f8rg for riktig v\u00e6sketrykk.<\/li>\n<li><strong>Utgave:<\/strong> For mye st\u00f8y under drift.<\/li>\n<li><strong>L\u00f8sning:<\/strong> Sjekk for l\u00f8se eller skadede komponenter, og stram eller skift dem ut deretter.<\/li>\n<li><strong>Utgave:<\/strong> Sakte eller rykkete bevegelse.<\/li>\n<li><strong>L\u00f8sning:<\/strong> Sjekk om det er for lite hydraulikkv\u00e6ske, rengj\u00f8r eller skift ut tette filtre, og s\u00f8rg for riktig sm\u00f8ring.<\/li>\n<\/ul>\n<p>Det er viktig \u00e5 iverksette forebyggende tiltak for \u00e5 minimere potensielle problemer og sikre optimal ytelse.<\/p>\n<p><img decoding=\"async\" src=\"https:\/\/www.hydraulic-cylinders.net\/wp-content\/uploads\/2025\/01\/songte-chushion-collar.webp\" alt=\"Putekrage\" \/><\/p>\n<p>Husk \u00e5 organisere artikkelen logisk, bruke underoverskrifter for enkel navigering, innlemme relevante bilder eller diagrammer for bedre forst\u00e5else, og s\u00f8rge for klarhet, konsisitet og egnethet for lesere med ulike niv\u00e5er av teknisk kunnskap.<\/p>\n<p><em>Forfatter: lyl<\/em><\/p>\n<p><img decoding=\"async\" src=\"https:\/\/www.hydraulic-cylinders.net\/wp-content\/uploads\/2025\/01\/songte-company-4.webp\" alt=\"Firmabilde 1\" \/><br \/>\n<img decoding=\"async\" src=\"https:\/\/www.hydraulic-cylinders.net\/wp-content\/uploads\/2025\/01\/songte-company-3.webp\" alt=\"Firmabilde 2\" \/><\/p>","protected":false},"excerpt":{"rendered":"<p>Arm Cylinder For Jove JV55-7 Product Definition An arm cylinder is a specially designed hydraulic cylinder that is used to provide linear motion and power to the arms of various types of machinery such as excavators, cranes, and robotic arms. The arm cylinder plays a crucial role in hydraulic systems, enabling the movement and control [&hellip;]<\/p>","protected":false},"featured_media":14774,"comment_status":"open","ping_status":"closed","template":"","meta":{"_et_pb_use_builder":"","_et_pb_old_content":"","_et_gb_content_width":""},"product_brand":[],"product_cat":[1497],"product_tag":[1498,1496],"class_list":{"0":"post-16701","1":"product","2":"type-product","3":"status-publish","4":"has-post-thumbnail","6":"product_cat-arm-cylinders","7":"product_tag-arm-cylinders","8":"product_tag-hydraulic-cylinders","10":"first","11":"instock","12":"shipping-taxable","13":"product-type-simple"},"amp_enabled":true,"_links":{"self":[{"href":"https:\/\/www.hydraulic-cylinders.net\/nb\/wp-json\/wp\/v2\/product\/16701","targetHints":{"allow":["GET"]}}],"collection":[{"href":"https:\/\/www.hydraulic-cylinders.net\/nb\/wp-json\/wp\/v2\/product"}],"about":[{"href":"https:\/\/www.hydraulic-cylinders.net\/nb\/wp-json\/wp\/v2\/types\/product"}],"replies":[{"embeddable":true,"href":"https:\/\/www.hydraulic-cylinders.net\/nb\/wp-json\/wp\/v2\/comments?post=16701"}],"wp:featuredmedia":[{"embeddable":true,"href":"https:\/\/www.hydraulic-cylinders.net\/nb\/wp-json\/wp\/v2\/media\/14774"}],"wp:attachment":[{"href":"https:\/\/www.hydraulic-cylinders.net\/nb\/wp-json\/wp\/v2\/media?parent=16701"}],"wp:term":[{"taxonomy":"product_brand","embeddable":true,"href":"https:\/\/www.hydraulic-cylinders.net\/nb\/wp-json\/wp\/v2\/product_brand?post=16701"},{"taxonomy":"product_cat","embeddable":true,"href":"https:\/\/www.hydraulic-cylinders.net\/nb\/wp-json\/wp\/v2\/product_cat?post=16701"},{"taxonomy":"product_tag","embeddable":true,"href":"https:\/\/www.hydraulic-cylinders.net\/nb\/wp-json\/wp\/v2\/product_tag?post=16701"}],"curies":[{"name":"wp","href":"https:\/\/api.w.org\/{rel}","templated":true}]}}