{"id":16723,"date":"2025-01-21T05:49:38","date_gmt":"2025-01-21T05:49:38","guid":{"rendered":"https:\/\/www.hydraulic-cylinders.net\/product\/arm-cylinder-for-carter-ct60-8a-8b\/"},"modified":"2025-01-21T05:49:40","modified_gmt":"2025-01-21T05:49:40","slug":"arm-cylinder-for-carter-ct60-8a-8b","status":"publish","type":"product","link":"https:\/\/www.hydraulic-cylinders.net\/nb\/produkt\/arm-cylinder-for-carter-ct60-8a-8b\/","title":{"rendered":"Armsylinder for Carter CT60-8A-8B"},"content":{"rendered":"<h2>Armsylinder for Carter CT60-8A-8B<\/h2>\n<p>Armsylinderen er en spesialdesignet hydraulisk sylinder som prim\u00e6rt brukes til \u00e5 gi line\u00e6r bevegelse og kraft til armen p\u00e5 ulike typer maskiner, som gravemaskiner, kraner og robotarmer. Armsylinderen spiller en avgj\u00f8rende rolle i hydrauliske systemer, og muliggj\u00f8r effektiv bevegelse og kontroll av tilleggsverkt\u00f8y eller tilbeh\u00f8r. Disse sylindrene oppn\u00e5r ikke bare jevn bevegelse, men t\u00e5ler ogs\u00e5 tunge belastninger, noe som sikrer effektiv drift og p\u00e5litelighet av maskineriet under ulike arbeidsforhold.<\/p>\n<p><img decoding=\"async\" src=\"https:\/\/www.hydraulic-cylinders.net\/wp-content\/uploads\/2025\/01\/songte-company-2.webp\" alt=\"Armsylinderbilde\"><\/p>\n<h2>Funksjoner p\u00e5 armsylinder for Carter CT60-8A-8B<\/h2>\n<ul>\n<li><strong>H\u00f8yeffektiv girkasse:<\/strong> Armsylinderen gir kraftig line\u00e6r bevegelse og kraft, noe som sikrer robotarmens h\u00f8ye ytelse i ulike operasjoner.<\/li>\n<li><strong>Presis kontroll:<\/strong> Gjennom det hydrauliske systemet muliggj\u00f8r armsylinderen presis bevegelseskontroll, noe som gj\u00f8r betjeningen av tilleggsverkt\u00f8y mer fleksibel og n\u00f8yaktig.<\/li>\n<li><strong>Varighet:<\/strong> Armsylindere er vanligvis produsert av h\u00f8yfaste materialer og har utmerket slitasje- og korrosjonsbestandighet, noe som gj\u00f8r dem egnet for langvarig bruk i t\u00f8ffe milj\u00f8er.<\/li>\n<li><strong>Multifunksjonell tilpasningsevne:<\/strong> Disse sylindrene kan brukes i stor grad p\u00e5 ulike typer maskiner, som gravemaskiner, kraner og robotarmer, og dekker ulike arbeidskrav.<\/li>\n<li><strong>Enkelt vedlikehold:<\/strong> Designhensynene for enkelt vedlikehold og utskifting gj\u00f8r regelmessig inspeksjon og vedlikehold mer praktisk, noe som reduserer nedetiden for utstyr.<\/li>\n<\/ul>\n<p><img decoding=\"async\" src=\"https:\/\/www.hydraulic-cylinders.net\/wp-content\/uploads\/2025\/01\/songte-oil-pipes-and-spare-parts.webp\" alt=\"Bilde av reservedeler for armsylinder\"><\/p>\n<h2>Bruksomr\u00e5der for armsylinder for Carter CT60-8A-8B<\/h2>\n<p>Armsylinderen finner sine bruksomr\u00e5der i ulike bransjer:<\/p>\n<ol>\n<li><strong>Byggteknikk:<\/strong> I gravemaskiner og kraner styrer armsylinderen bevegelsen til skuffen eller bommen for jordflytting, materialh\u00e5ndtering og strukturell installasjon.<\/li>\n<li><strong>Produksjon:<\/strong> I automatiserte produksjonslinjer brukes armsylinderen til bevegelse av robotarmer i monterings-, sveise- og materialh\u00e5ndteringsprosesser, noe som \u00f8ker produksjonseffektiviteten og presisjonen.<\/li>\n<li><strong>Landbruksmaskiner:<\/strong> I landbruksutstyr som hogstmaskiner og s\u00e5maskiner styrer armsylinderen bevegelsen til betjeningsarmene for oppgaver som s\u00e5ing, gj\u00f8dsling og h\u00f8sting.<\/li>\n<li><strong>Gruvedrift:<\/strong> I gruveutstyr styrer armsylinderen armbevegelsen til gruvemaskineriet for malmutvinning og transport.<\/li>\n<li><strong>Logistikk og transport:<\/strong> I gaffeltrucker og h\u00e5ndteringsroboter styrer armsylinderen l\u00f8fting og bevegelse av gafler, noe som muliggj\u00f8r materialh\u00e5ndtering og stabling.<\/li>\n<\/ol>\n<h2>Designhensyn og utvalgskriterier<\/h2>\n<p>N\u00e5r det gjelder designhensyn og utvalgskriterier for armsylindere, b\u00f8r flere viktige faktorer tas i betraktning:<\/p>\n<ol>\n<li><strong>B\u00e6reevne:<\/strong> Armsylinderen b\u00f8r v\u00e6re konstruert for \u00e5 t\u00e5le den tiltenkte belastningen for \u00e5 sikre sikker og p\u00e5litelig drift.<\/li>\n<li><strong>Tetting:<\/strong> Ulike tetningskomponenter, som stempeltetninger og stangtetninger, b\u00f8r brukes. Disse tetningene er laget av slitesterke materialer som polyuretan og nitrilgummi. Sylinderhuset og den gjengede endeflaten b\u00f8r gjennomg\u00e5 finbehandling for \u00e5 forbedre slitestyrken.<\/li>\n<li><strong>Varighet:<\/strong> Armsylinderen b\u00f8r v\u00e6re konstruert av materialer av h\u00f8y kvalitet som har utmerket holdbarhet, noe som sikrer lang levetid selv i krevende milj\u00f8er.<\/li>\n<li><strong>Sikkerhet:<\/strong> Sikkerhetsfunksjoner b\u00f8r innlemmes i designet for \u00e5 forhindre ulykker og sikre operat\u00f8rbeskyttelse under drift.<\/li>\n<li><strong>Vedlikeholdbarhet:<\/strong> Utformingen b\u00f8r ta hensyn til enkelt vedlikehold og reparasjon, noe som gir mulighet for praktiske regelmessige inspeksjoner og minimerer nedetid.<\/li>\n<\/ol>\n<p><img decoding=\"async\" src=\"https:\/\/www.hydraulic-cylinders.net\/wp-content\/uploads\/2025\/01\/songte-cylinder-head-with-all-kinds-excavator-models.webp\" alt=\"Bilde av komponenter for armsylinder\"><\/p>\n<h2>Tetting og sm\u00f8ring<\/h2>\n<p>Armsylinderen bruker forskjellige tetningskomponenter for \u00e5 sikre riktig drift:<\/p>\n<ul>\n<li>Stempeltetninger, stangtetninger osv., laget av slitesterke materialer som polyuretan og nitrilgummi.<\/li>\n<li>Sylinderhuset og den gjengede endeflaten gjennomg\u00e5r finbehandling for \u00e5 forbedre slitestyrken.<\/li>\n<li>Regelmessig sm\u00f8ring med riktig mengde hydraulikkolje er n\u00f8dvendig for \u00e5 sikre problemfri drift.<\/li>\n<\/ul>\n<h2>Regelmessig inspeksjon og forebyggende vedlikehold<\/h2>\n<p>Regelmessig inspeksjon og forebyggende vedlikeholdstiltak bidrar til \u00e5 sikre optimal ytelse og levetid for armsylinderen:<\/p>\n<ul>\n<li>Inspiser sylinderen for tegn p\u00e5 skade, lekkasje eller slitasje.<\/li>\n<li>Sjekk tetningens tilstand og skift den ut om n\u00f8dvendig.<\/li>\n<li>Overv\u00e5k og vedlikehold riktig niv\u00e5 og kvalitet p\u00e5 hydraulikkv\u00e6sken.<\/li>\n<li>Stram eventuelle l\u00f8se forbindelser.<\/li>\n<li>F\u00f8lg produsentens retningslinjer for vedlikeholdsintervaller og prosedyrer.<\/li>\n<\/ul>\n<h2>Produktinstallasjonsveiledning<\/h2>\n<p>Riktig montering av armsylinderen er avgj\u00f8rende for at den skal fungere effektivt:<\/p>\n<ul>\n<li>S\u00f8rg for at monteringsflaten er ren og fri for rusk.<\/li>\n<li>F\u00f8lg de medf\u00f8lgende installasjonsinstruksjonene n\u00f8ye.<\/li>\n<li>Stram alle festemidler til anbefalt moment.<\/li>\n<li>Sjekk for eventuelle feiljusteringer eller forstyrrelser under installasjonsprosessen.<\/li>\n<\/ul>\n<p><img decoding=\"async\" src=\"https:\/\/www.hydraulic-cylinders.net\/wp-content\/uploads\/2025\/01\/songte-bushings-with-all-kinds-of-excavator-models.webp\" alt=\"Bilde av armsylinderforinger\"><\/p>\n<h2>Sikkerhetshensyn og milj\u00f8faktorer<\/h2>\n<p>N\u00e5r man bruker armsylindere, er det avgj\u00f8rende \u00e5 prioritere sikkerhetstiltak:<\/p>\n<ul>\n<li>F\u00f8lg alle sikkerhetsretningslinjer og forskrifter gitt av produsenten.<\/li>\n<li>S\u00f8rg for riktig oppl\u00e6ring og sertifisering av operat\u00f8rer.<\/li>\n<li>Inspiser maskineriet og tilh\u00f8rende komponenter regelmessig for sikkerhetsfarer.<\/li>\n<li>Overhold milj\u00f8forskriftene og kast alt avfall eller v\u00e6sker p\u00e5 riktig m\u00e5te.<\/li>\n<\/ul>\n<h2>Feils\u00f8king og vanlige problemer<\/h2>\n<p>Noen vanlige problemer og feils\u00f8kingstips for armsylindere inkluderer:<\/p>\n<ul>\n<li>Hvis sylinderen lekker, sjekk pakningene og skift dem ut om n\u00f8dvendig.<\/li>\n<li>Hvis sylinderen ikke beveger seg jevnt, sjekk for eventuelle hindringer eller feiljustering.<\/li>\n<li>Hvis sylinderen ikke yter nok kraft, kontroller hydraulikkv\u00e6skens trykk og str\u00f8mningshastighet.<\/li>\n<li>Hvis sylinderen lager mye st\u00f8y, m\u00e5 du inspisere den for l\u00f8se beslag eller skadede komponenter.<\/li>\n<\/ul>\n<p><img decoding=\"async\" src=\"https:\/\/www.hydraulic-cylinders.net\/wp-content\/uploads\/2025\/01\/songte-chushion-collar.webp\" alt=\"Armsylinderkragebilde\"><\/p>\n<p>Husk \u00e5 organisere artikkelen logisk, bruke underoverskrifter for enkel navigering, innlemme relevante bilder eller diagrammer for bedre forst\u00e5else, og s\u00f8rge for klart og konsist innhold som passer for lesere med varierende niv\u00e5er av teknisk kunnskap.<\/p>\n<h2>Om selskapet v\u00e5rt<\/h2>\n<p>Vi er en profesjonell produsent av hydrauliske sylindere for utskifting, og tilbyr et bredt spekter av produkter. Vi har blitt en av de ledende produsentene og grossistdistribut\u00f8rene av hydrauliske sylindere i b\u00e5de innenlandske og internasjonale markeder. Vi opprettholder alltid prinsippet om kvalitet og forbedrer kontinuerlig v\u00e5re tekniske evner og produksjonseffektivitet gjennom industrialisert produksjonsstyring i v\u00e5rt sofistikerte produksjonsverksted. Ved \u00e5 introdusere avansert digitalt produksjonsutstyr og profesjonelle testsystemer optimaliserer vi produksjonsplattformen v\u00e5r og forbedrer v\u00e5r produktkvalitetskontrollprosess, og viser frem sterke innovasjonsevner. V\u00e5rt m\u00e5l er \u00e5 m\u00f8te kundenes ulike behov med effektivitet, presisjon og produkter av h\u00f8y kvalitet.<\/p>\n<p><img decoding=\"async\" src=\"https:\/\/www.hydraulic-cylinders.net\/wp-content\/uploads\/2025\/01\/songte-company-4.webp\" alt=\"Selskapets image\"><br \/>\n<img decoding=\"async\" src=\"https:\/\/www.hydraulic-cylinders.net\/wp-content\/uploads\/2025\/01\/songte-company-3.webp\" alt=\"Selskapets image\"><\/p>\n<p><em>Forfatter: lyl<\/em><\/p>","protected":false},"excerpt":{"rendered":"<p>Arm Cylinder For Carter CT60-8A-8B The arm cylinder is a specially designed hydraulic cylinder that is primarily used to provide linear motion and power to the arm of various types of machinery, such as excavators, cranes, and robotic arms. The arm cylinder plays a crucial role in hydraulic systems, enabling the effective movement and control [&hellip;]<\/p>","protected":false},"featured_media":14770,"comment_status":"open","ping_status":"closed","template":"","meta":{"_et_pb_use_builder":"","_et_pb_old_content":"","_et_gb_content_width":""},"product_brand":[],"product_cat":[1497],"product_tag":[1498,1496],"class_list":{"0":"post-16723","1":"product","2":"type-product","3":"status-publish","4":"has-post-thumbnail","6":"product_cat-arm-cylinders","7":"product_tag-arm-cylinders","8":"product_tag-hydraulic-cylinders","10":"first","11":"instock","12":"shipping-taxable","13":"product-type-simple"},"amp_enabled":true,"_links":{"self":[{"href":"https:\/\/www.hydraulic-cylinders.net\/nb\/wp-json\/wp\/v2\/product\/16723","targetHints":{"allow":["GET"]}}],"collection":[{"href":"https:\/\/www.hydraulic-cylinders.net\/nb\/wp-json\/wp\/v2\/product"}],"about":[{"href":"https:\/\/www.hydraulic-cylinders.net\/nb\/wp-json\/wp\/v2\/types\/product"}],"replies":[{"embeddable":true,"href":"https:\/\/www.hydraulic-cylinders.net\/nb\/wp-json\/wp\/v2\/comments?post=16723"}],"wp:featuredmedia":[{"embeddable":true,"href":"https:\/\/www.hydraulic-cylinders.net\/nb\/wp-json\/wp\/v2\/media\/14770"}],"wp:attachment":[{"href":"https:\/\/www.hydraulic-cylinders.net\/nb\/wp-json\/wp\/v2\/media?parent=16723"}],"wp:term":[{"taxonomy":"product_brand","embeddable":true,"href":"https:\/\/www.hydraulic-cylinders.net\/nb\/wp-json\/wp\/v2\/product_brand?post=16723"},{"taxonomy":"product_cat","embeddable":true,"href":"https:\/\/www.hydraulic-cylinders.net\/nb\/wp-json\/wp\/v2\/product_cat?post=16723"},{"taxonomy":"product_tag","embeddable":true,"href":"https:\/\/www.hydraulic-cylinders.net\/nb\/wp-json\/wp\/v2\/product_tag?post=16723"}],"curies":[{"name":"wp","href":"https:\/\/api.w.org\/{rel}","templated":true}]}}