{"id":1674,"date":"2023-10-11T02:36:33","date_gmt":"2023-10-11T02:36:33","guid":{"rendered":"https:\/\/hydraulic-cylinders.net\/?post_type=product&#038;p=1674"},"modified":"2025-04-11T03:46:16","modified_gmt":"2025-04-11T03:46:16","slug":"press-centering-cylinder","status":"publish","type":"product","link":"https:\/\/www.hydraulic-cylinders.net\/nb\/produkt\/press-centering-cylinder\/","title":{"rendered":"Presssentreringssylinder"},"content":{"rendered":"<h1 style=\"text-align: center;\"><strong>Presssentreringssylinder<\/strong><\/h1>\n<p><img loading=\"lazy\" decoding=\"async\" class=\"alignnone size-medium wp-image-1675 aligncenter\" src=\"https:\/\/hydraulic-cylinders.net\/wp-content\/uploads\/2023\/10\/centering-cylinder-1-300x300.webp\" alt=\"\" width=\"300\" height=\"300\" \/><\/p>\n<p>Presssentreringssylinderen er et banebrytende verkt\u00f8y som er utviklet for \u00e5 forbedre presisjon og effektivitet i en rekke presseapplikasjoner. Denne innovative sylinderen er omhyggelig konstruert for \u00e5 gi n\u00f8yaktig sentrering av arbeidsstykker, noe som sikrer optimal justering og reduserer oppsetttiden.<\/p>\n<p>Presssentreringssylinderen er uunnv\u00e6rlig for \u00e5 oppn\u00e5 presise og effektive presseoperasjoner. Med sin n\u00f8yaktige sentrering, justerbare ytelse, raske responstid og robuste konstruksjon, gir denne sylinderen operat\u00f8rer muligheten til \u00e5 justere arbeidsstykker med st\u00f8rste presisjon, noe som reduserer oppsetttiden og forbedrer den generelle produktiviteten. Ved \u00e5 f\u00f8lge de anbefalte bruksmetodene og vedlikeholdspraksisene kan du maksimere ytelsen, levetiden og sikkerheten til pressesentreringssylinderen i presseoperasjonene dine. Velg denne sylinderen for \u00e5 forbedre pressekapasiteten din og oppleve overlegen justering og effektivitet.<\/p>\n<p>Kjennetegn p\u00e5 n\u00f8kkelen til pressesentreringssylinderen:<\/p>\n<ul>\n<li>N\u00f8yaktig sentrering:\n<ul>\n<li>Pressesentreringssylinderen er spesielt utviklet for \u00e5 sentrere arbeidsstykker presist under presseoperasjoner.<\/li>\n<li>Den avanserte mekanismen sikrer at arbeidsstykket er n\u00f8yaktig justert, noe som minimerer risikoen for feiljustering eller feil.<\/li>\n<\/ul>\n<\/li>\n<li>Justerbar ytelse:\n<ul>\n<li>Denne sylinderen tilbyr justerbare sentreringsmuligheter, slik at operat\u00f8rer kan finjustere justeringen basert p\u00e5 de spesifikke kravene til hver applikasjon.<\/li>\n<li>Ved \u00e5 tilpasse sentreringsinnstillingene kan du oppn\u00e5 optimale resultater for forskjellige arbeidsstykkest\u00f8rrelser, former og materialer.<\/li>\n<\/ul>\n<\/li>\n<li>Rask responstid:\n<ul>\n<li>Pressens sentreringssylinder har en rask responstid, noe som muliggj\u00f8r rask og effektiv sentrering av arbeidsstykker.<\/li>\n<li>Den raske handlingen reduserer den totale syklustiden, noe som forbedrer produktiviteten og gjennomstr\u00f8mningen i presseoperasjoner.<\/li>\n<\/ul>\n<\/li>\n<li>Robust konstruksjon:\n<ul>\n<li>Denne sylinderen er bygget med tanke p\u00e5 holdbarhet, med materialer av h\u00f8y kvalitet og presisjonsteknikk.<\/li>\n<li>Den robuste konstruksjonen sikrer langvarig ytelse, selv i krevende industrielle milj\u00f8er.<\/li>\n<\/ul>\n<\/li>\n<\/ul>\n<h2><strong>Parameter for presssentreringssylinder:<\/strong><\/h2>\n<table border=\"1\" cellspacing=\"0\" cellpadding=\"0\">\n<tbody>\n<tr>\n<td>Produktnavn<\/td>\n<td>Hydraulisk pressesentreringssylinder<\/td>\n<\/tr>\n<tr>\n<td>Funksjoner:<\/td>\n<td>S\u00f8rg for at klemmehodet er i midtposisjon<\/td>\n<\/tr>\n<tr>\n<td>Borediameter:<\/td>\n<td>50 mm\uff5e190 mm<\/td>\n<\/tr>\n<tr>\n<td>Stangdiameter:<\/td>\n<td>35 mm \uff5e150 mm<br \/>\nSlaglengde \u22641200 mm<\/td>\n<\/tr>\n<tr>\n<td>Skyvekraft:<\/td>\n<td>Maksimum 441 kN<br \/>\n(Sylinderdiameter 190 mm \/ trykk 25 MPa)<\/td>\n<\/tr>\n<tr>\n<td>Sentreringssylinderapplikasjoner:<\/td>\n<td>Hydraulisk presse<\/td>\n<\/tr>\n<\/tbody>\n<\/table>\n<div><\/div>\n<div>\n<div class=\"txtboxL\">Funksjoner:<\/div>\n<div class=\"txtboxR\">S\u00f8rg for at klemmehodet er i midtposisjon<\/div>\n<div class=\"txtboxL\">Spesifikasjon:<\/div>\n<div class=\"txtboxR\">Borediameter: 50 mm ~ 190 mm<br \/>\nStangdiameter: 35 mm ~ 150 mm<br \/>\nSlaglengde \u22641200 mm<\/div>\n<div class=\"txtboxL\">Skyvekraft:<\/div>\n<div class=\"txtboxR\">Maksimum 441 kN<br \/>\n(Sylinderdiameter 190 mm \/ trykk 25 MPa)<\/div>\n<\/div>\n<h2><strong>Pressesylinderfabrikk:<\/strong><\/h2>\n<p><img loading=\"lazy\" decoding=\"async\" class=\"alignnone wp-image-1619 size-full\" src=\"https:\/\/hydraulic-cylinders.net\/wp-content\/uploads\/2023\/10\/press-cylinder.webp\" alt=\"\" width=\"1418\" height=\"946\" srcset=\"https:\/\/hydraulic-cylinders.net\/wp-content\/uploads\/2023\/10\/press-cylinder.webp 1418w, https:\/\/hydraulic-cylinders.net\/wp-content\/uploads\/2023\/10\/press-cylinder-1280x854.webp 1280w, https:\/\/hydraulic-cylinders.net\/wp-content\/uploads\/2023\/10\/press-cylinder-980x654.webp 980w, https:\/\/hydraulic-cylinders.net\/wp-content\/uploads\/2023\/10\/press-cylinder-480x320.webp 480w\" sizes=\"(min-width: 0px) and (max-width: 480px) 480px, (min-width: 481px) and (max-width: 980px) 980px, (min-width: 981px) and (max-width: 1280px) 1280px, (min-width: 1281px) 1418px, 100vw\" \/><\/p>\n<h2><strong>Bruksmetode for presssentreringssylinder<\/strong><strong>:<\/strong><\/h2>\n<ul>\n<li><strong>Installasjon:<\/strong>\n<ul>\n<li>Monter pressesentreringssylinderen sikkert p\u00e5 \u00f8nsket sted, og s\u00f8rg for riktig justering med presseutstyret.<\/li>\n<li>Koble til hydraulikkledningene i henhold til produsentens instruksjoner, og s\u00f8rg for riktig v\u00e6skestr\u00f8m og unng\u00e5 lekkasjer.<\/li>\n<\/ul>\n<\/li>\n<li><strong>Sentreringsjustering:<\/strong>\n<ul>\n<li>Gj\u00f8r deg kjent med sentreringsjusteringsmekanismen som sylinderen tilbyr.<\/li>\n<li>Vanligvis kan justeringer gj\u00f8res ved hjelp av kontrollknotter, h\u00e5ndhjul eller digitale kontroller.<\/li>\n<li>F\u00f8lg produsentens retningslinjer for \u00e5 foreta presise sentreringsjusteringer basert p\u00e5 arbeidsstykkets dimensjoner og justeringskrav.<\/li>\n<\/ul>\n<\/li>\n<li><strong>Arbeidsstykkejustering:<\/strong>\n<ul>\n<li>Plasser arbeidsstykket p\u00e5 pressbunnen, og s\u00f8rg for at det er p\u00e5 linje med sentreringssylinderen.<\/li>\n<li>Aktiver sylinderen for \u00e5 aktivere sentreringsmekanismen og feste arbeidsstykket i \u00f8nsket posisjon.<\/li>\n<li>Bekreft justeringen visuelt eller bruk m\u00e5leverkt\u00f8y for \u00e5 sikre n\u00f8yaktig sentrering.<\/li>\n<\/ul>\n<\/li>\n<li><strong>Trykkoperasjon:<\/strong>\n<ul>\n<li>N\u00e5r arbeidsstykket er riktig justert, fortsett med presseoperasjonen i henhold til standardprosedyrene.<\/li>\n<li>Pressesentreringssylinderen vil opprettholde arbeidsstykkets justering og stabilitet gjennom hele presseprosessen, og minimere risikoen for feiljustering eller skade.<\/li>\n<\/ul>\n<\/li>\n<\/ul>\n<h2><strong>Hvordan lufte en hydraulisk sylinder?<\/strong><\/h2>\n<p>Lufting av en hydraulisk sylinder er en viktig vedlikeholdsoppgave som bidrar til \u00e5 fjerne luft eller innestengte gasser fra systemet. Her er en trinnvis veiledning om hvordan du lufter en hydraulisk sylinder:<\/p>\n<p>Merk: F\u00f8r du fortsetter med luftingsprosessen, m\u00e5 du s\u00f8rge for at du har n\u00f8dvendig verkt\u00f8y og sikkerhetsutstyr, og at du f\u00f8lger eventuelle spesifikke instruksjoner fra produsenten av det hydrauliske systemet.<\/p>\n<ol>\n<li><strong>Sikkerhetsregler:<\/strong>\n<ul>\n<li>Ta p\u00e5 deg passende verneutstyr, som hansker og vernebriller, for \u00e5 beskytte deg mot potensielle lekkasjer eller sprut av hydraulisk v\u00e6ske.<\/li>\n<li>S\u00f8rg for at det hydrauliske systemet er trykkavlastet ved \u00e5 sl\u00e5 av str\u00f8mkilden og slippe ut eventuelt lagret trykk.<\/li>\n<\/ul>\n<\/li>\n<li><strong>Finn lufteventilen:<\/strong>\n<ul>\n<li>Identifiser lufteventilen p\u00e5 den hydrauliske sylinderen. Lufteventilen er vanligvis en liten, skruelignende ventil som er plassert p\u00e5 sylinderhuset eller i n\u00e6rheten av de hydrauliske ledningene som er koblet til sylinderen.<\/li>\n<li>Hvis du er usikker p\u00e5 plasseringen av lufteventilen, kan du se i produsentens dokumentasjon eller s\u00f8ke profesjonell hjelp.<\/li>\n<\/ul>\n<\/li>\n<li><strong>Forberedelse til v\u00e6skeinnsamling:<\/strong>\n<ul>\n<li>Plasser en passende beholder eller absorberende materiale under lufteventilen for \u00e5 samle opp v\u00e6ske som kan slippes ut under lufteprosessen. Dette forhindrer s\u00f8l og milj\u00f8forurensning.<\/li>\n<\/ul>\n<\/li>\n<li><strong>\u00c5pne lufteventilen:<\/strong>\n<ul>\n<li>Bruk en passende skiften\u00f8kkel eller et verkt\u00f8y til \u00e5 l\u00f8sne forsiktig lufteventilen mot klokken. V\u00e6r forsiktig s\u00e5 du ikke fjerner ventilen helt p\u00e5 dette stadiet.<\/li>\n<li>\u00c5 \u00e5pne lufteventilen skaper et utl\u00f8p for at luft eller gasser som er fanget i sylinderen, kan slippe ut.<\/li>\n<\/ul>\n<\/li>\n<li><strong>Aktiver hydraulisk system:<\/strong>\n<ul>\n<li>Sl\u00e5 p\u00e5 eller aktiver det hydrauliske systemet ved hjelp av den anbefalte metoden fra produsenten. Dette kan inneb\u00e6re \u00e5 starte kraftenheten eller betjene det hydrauliske utstyret som bruker sylinderen.<\/li>\n<\/ul>\n<\/li>\n<li><strong>Observer v\u00e6skestr\u00f8mmen:<\/strong>\n<ul>\n<li>N\u00e5r det hydrauliske systemet er i drift, vil du merke at v\u00e6ske str\u00f8mmer gjennom lufteventilen.<\/li>\n<li>La v\u00e6sken str\u00f8mme fritt i tilstrekkelig tid til \u00e5 sikre at all luft eller innestengte gasser blir fjernet fra sylinderen.<\/li>\n<li>Hold n\u00f8ye \u00f8ye med v\u00e6skeniv\u00e5et i beholderen, og v\u00e6r forberedt p\u00e5 \u00e5 lukke lufteventilen n\u00e5r v\u00e6skestr\u00f8mmen blir jevn og fri for luftbobler.<\/li>\n<\/ul>\n<\/li>\n<li><strong>Steng lufteventilen:<\/strong>\n<ul>\n<li>N\u00e5r v\u00e6skestr\u00f8mmen stabiliserer seg og er fri for luftbobler, strammes lufteventilen forsiktig med klokken. S\u00f8rg for at den sitter tett, men unng\u00e5 \u00e5 stramme for hardt for \u00e5 unng\u00e5 skade p\u00e5 ventilen eller sylinderen.<\/li>\n<\/ul>\n<\/li>\n<li><strong>Bekreft systemdrift:<\/strong>\n<ul>\n<li>Etter at du har lukket lufteventilen, m\u00e5 du betjene det hydrauliske systemet for \u00e5 kontrollere om sylinderen fungerer som den skal.<\/li>\n<li>Overv\u00e5k sylinderens bevegelse, respons og generelle ytelse for \u00e5 sikre at luftingsprosessen var vellykket.<\/li>\n<\/ul>\n<\/li>\n<li><strong>Opprydding og sikkerhet:<\/strong>\n<ul>\n<li>T\u00f8rk opp s\u00f8lt hydraulikkv\u00e6ske, og s\u00f8rg for at arbeidsomr\u00e5det er rent og fritt for potensielle farer.<\/li>\n<li>Kast den oppsamlede v\u00e6sken i samsvar med lokale forskrifter og milj\u00f8retningslinjer.<\/li>\n<\/ul>\n<\/li>\n<\/ol>\n<h2><strong>Fabrikkens kapasitet og kapasitet:<\/strong><\/h2>\n<h3>(1) Montering<\/h3>\n<p>Vi har en f\u00f8rsteklasses uavhengig forsknings- og utviklingsplattform for montering. Verkstedet for produksjon av hydrauliske sylindere har fire halvautomatiske monteringslinjer for l\u00f8ftesylindere og \u00e9n automatisk monteringslinje for vippesylindere, med en \u00e5rlig produksjonskapasitet p\u00e5 1 million enheter. Spesialsylinderverkstedet er utstyrt med ulike spesifikasjoner for et halvautomatisk rengj\u00f8ringsmonteringssystem med en \u00e5rlig produksjonskapasitet p\u00e5 200 000 enheter, og er utstyrt med kjent CNC-maskineringsutstyr, et maskineringssenter, spesialutstyr for h\u00f8ypresisjons sylinderbehandling, en robotsveisemaskin, en automatisk rengj\u00f8ringsmaskin, en automatisk sylindermonteringsmaskin og en automatisk produksjonslinje for lakkering. Vi har mer enn 300 sett (sett) av kritisk utstyr. Optimal allokering og effektiv bruk av utstyrsressurser sikrer n\u00f8yaktighetskravene til produktene og oppfyller produktenes h\u00f8ye kvalitetsbehov.<\/p>\n<p><img loading=\"lazy\" decoding=\"async\" class=\"alignnone wp-image-626\" src=\"https:\/\/hydraulic-cylinders.net\/wp-content\/uploads\/2023\/08\/hydraulic-cylinder-product-1-300x158.webp\" alt=\"\" width=\"495\" height=\"260\" srcset=\"https:\/\/hydraulic-cylinders.net\/wp-content\/uploads\/2023\/08\/hydraulic-cylinder-product-1-300x158.webp 495w, https:\/\/hydraulic-cylinders.net\/wp-content\/uploads\/2023\/08\/hydraulic-cylinder-product-1-480x252.webp 480w\" sizes=\"(min-width: 0px) and (max-width: 480px) 480px, (min-width: 481px) 495px, 100vw\" \/> <img loading=\"lazy\" decoding=\"async\" class=\"alignnone wp-image-627\" src=\"https:\/\/hydraulic-cylinders.net\/wp-content\/uploads\/2023\/08\/hydraulic-cylinder-product-2-300x189.webp\" alt=\"\" width=\"413\" height=\"260\" \/><\/p>\n<h3>(2) Maskinering<\/h3>\n<p>Maskineringsverkstedet er utstyrt med et spesialtilpasset dreiesenter for skr\u00e5 skinner, maskineringssenter, h\u00f8yhastighets honemaskin, sveiserobot og annet relatert utstyr, som kan h\u00e5ndtere bearbeiding av sylinderr\u00f8r med en maksimal indre diameter p\u00e5 400 mm og en maksimal lengde p\u00e5 6 meter.<\/p>\n<p><img loading=\"lazy\" decoding=\"async\" class=\"alignnone wp-image-628 size-large\" src=\"https:\/\/hydraulic-cylinders.net\/wp-content\/uploads\/2023\/08\/hydraulic-cylinder-product-3-1024x391.webp\" alt=\"\" width=\"1024\" height=\"391\" srcset=\"https:\/\/hydraulic-cylinders.net\/wp-content\/uploads\/2023\/08\/hydraulic-cylinder-product-3-980x374.webp 980w, https:\/\/hydraulic-cylinders.net\/wp-content\/uploads\/2023\/08\/hydraulic-cylinder-product-3-480x183.webp 480w\" sizes=\"(min-width: 0px) and (max-width: 480px) 480px, (min-width: 481px) and (max-width: 980px) 980px, (min-width: 981px) 1024px, 100vw\" \/><\/p>\n<h3>(3) Sveising<\/h3>\n<p><img loading=\"lazy\" decoding=\"async\" class=\"alignnone wp-image-629 size-large\" src=\"https:\/\/hydraulic-cylinders.net\/wp-content\/uploads\/2023\/08\/hydraulic-cylinder-product-4-1024x510.webp\" alt=\"\" width=\"1024\" height=\"510\" srcset=\"https:\/\/hydraulic-cylinders.net\/wp-content\/uploads\/2023\/08\/hydraulic-cylinder-product-4-980x488.webp 980w, https:\/\/hydraulic-cylinders.net\/wp-content\/uploads\/2023\/08\/hydraulic-cylinder-product-4-480x239.webp 480w\" sizes=\"(min-width: 0px) and (max-width: 480px) 480px, (min-width: 481px) and (max-width: 980px) 980px, (min-width: 981px) 1024px, 100vw\" \/><\/p>\n<h3>(4) Maling og belegg<\/h3>\n<p>Med sm\u00e5 og mellomstore sylinderautomatiske vannbaserte malingsbeleggslinjer, for \u00e5 oppn\u00e5 automatisk robotlasting og -lossing og automatisk spr\u00f8yting, er den designede kapasiteten 4000 stykker per skift;<br \/>\nVi har ogs\u00e5 en halvautomatisk produksjonslinje for maling for store sylindere drevet av en kabelkjede, med en designkapasitet p\u00e5 60 kasser per skift.<\/p>\n<p><img loading=\"lazy\" decoding=\"async\" class=\"alignnone wp-image-630\" src=\"https:\/\/hydraulic-cylinders.net\/wp-content\/uploads\/2023\/08\/hydraulic-cylinder-product-5-300x213.webp\" alt=\"\" width=\"366\" height=\"260\" \/> <img loading=\"lazy\" decoding=\"async\" class=\"alignnone wp-image-631\" src=\"https:\/\/hydraulic-cylinders.net\/wp-content\/uploads\/2023\/08\/hydraulic-cylinder-product-6-300x225.webp\" alt=\"\" width=\"347\" height=\"260\" \/><\/p>\n<h3>(5) Testing<\/h3>\n<p>Vi har f\u00f8rsteklasses inspeksjonsfasiliteter og testbenker for \u00e5 sikre at sylinderens ytelse oppfyller kravene.<\/p>\n<p><img loading=\"lazy\" decoding=\"async\" class=\"alignnone wp-image-632\" src=\"https:\/\/hydraulic-cylinders.net\/wp-content\/uploads\/2023\/08\/hydraulic-cylinder-product-8-300x200.webp\" alt=\"\" width=\"389\" height=\"260\" \/><\/p>\n<p>&nbsp;<\/p>\n<p>&nbsp;<\/p>\n<p>Vi er en av de beste produsentene av hydrauliske sylindere. Vi kan tilby et omfattende utvalg av hydrauliske sylindere. Vi tilbyr ogs\u00e5 tilsvarende <a href=\"https:\/\/hzpt.com\/agricultural-pto-gearbox\/\" target=\"_blank\" rel=\"noopener\">landbruksgirkasser<\/a>Vi har eksportert produktene v\u00e5re til kunder over hele verden og opparbeidet oss et godt rykte p\u00e5 grunn av v\u00e5r overlegne produktkvalitet og ettersalgsservice. Vi \u00f8nsker kunder i inn- og utland velkommen til \u00e5 kontakte oss for \u00e5 forhandle om forretninger, utveksle informasjon og <a href=\"https:\/\/www.hydraulic-cylinders.net\/nb\/contact-us\/\">samarbeide med oss<\/a>!<\/p>","protected":false},"excerpt":{"rendered":"<p>Press Centering Cylinder The press centering cylinder is a cutting-edge tool designed to enhance precision and efficiency in a wide range of pressing applications. This innovative cylinder is meticulously engineered to provide accurate centering of workpieces, ensuring optimal alignment and reducing setup time. The press centering cylinder is indispensable for achieving precise and efficient pressing [&hellip;]<\/p>","protected":false},"featured_media":1676,"comment_status":"open","ping_status":"closed","template":"","meta":{"_et_pb_use_builder":"","_et_pb_old_content":"","_et_gb_content_width":""},"product_brand":[],"product_cat":[1550,1522,1376],"product_tag":[1380],"class_list":{"0":"post-1674","1":"product","2":"type-product","3":"status-publish","4":"has-post-thumbnail","6":"product_cat-double-acting-hydraulic-cylinder","7":"product_cat-press-hydraulic-cylinders","8":"product_cat-hydraulic-cylinder","9":"product_tag-hydraulic-cylinder","11":"first","12":"instock","13":"shipping-taxable","14":"product-type-simple"},"amp_enabled":true,"_links":{"self":[{"href":"https:\/\/www.hydraulic-cylinders.net\/nb\/wp-json\/wp\/v2\/product\/1674","targetHints":{"allow":["GET"]}}],"collection":[{"href":"https:\/\/www.hydraulic-cylinders.net\/nb\/wp-json\/wp\/v2\/product"}],"about":[{"href":"https:\/\/www.hydraulic-cylinders.net\/nb\/wp-json\/wp\/v2\/types\/product"}],"replies":[{"embeddable":true,"href":"https:\/\/www.hydraulic-cylinders.net\/nb\/wp-json\/wp\/v2\/comments?post=1674"}],"wp:featuredmedia":[{"embeddable":true,"href":"https:\/\/www.hydraulic-cylinders.net\/nb\/wp-json\/wp\/v2\/media\/1676"}],"wp:attachment":[{"href":"https:\/\/www.hydraulic-cylinders.net\/nb\/wp-json\/wp\/v2\/media?parent=1674"}],"wp:term":[{"taxonomy":"product_brand","embeddable":true,"href":"https:\/\/www.hydraulic-cylinders.net\/nb\/wp-json\/wp\/v2\/product_brand?post=1674"},{"taxonomy":"product_cat","embeddable":true,"href":"https:\/\/www.hydraulic-cylinders.net\/nb\/wp-json\/wp\/v2\/product_cat?post=1674"},{"taxonomy":"product_tag","embeddable":true,"href":"https:\/\/www.hydraulic-cylinders.net\/nb\/wp-json\/wp\/v2\/product_tag?post=1674"}],"curies":[{"name":"wp","href":"https:\/\/api.w.org\/{rel}","templated":true}]}}