{"id":1682,"date":"2023-10-11T06:14:39","date_gmt":"2023-10-11T06:14:39","guid":{"rendered":"https:\/\/hydraulic-cylinders.net\/?post_type=product&#038;p=1682"},"modified":"2025-04-11T03:46:09","modified_gmt":"2025-04-11T03:46:09","slug":"press-rear-side-shift-cylinder","status":"publish","type":"product","link":"https:\/\/www.hydraulic-cylinders.net\/nb\/produkt\/press-rear-side-shift-cylinder\/","title":{"rendered":"Trykk p\u00e5 bakre sideskiftsylinder"},"content":{"rendered":"<h1 style=\"text-align: center;\"><strong>Trykk p\u00e5 bakre sideskiftsylinder<\/strong><\/h1>\n<p><img loading=\"lazy\" decoding=\"async\" class=\"aligncenter wp-image-1684\" src=\"https:\/\/hydraulic-cylinders.net\/wp-content\/uploads\/2023\/10\/rear-side-shift-cylinder-1-300x300.webp\" alt=\"\" width=\"400\" height=\"400\" \/><\/p>\n<p>Pressens bakre sideforskyvningssylinder er et banebrytende verkt\u00f8y utviklet for \u00e5 forbedre effektiviteten og presisjonen i presseoperasjoner. Med sin innovative bakre sideforskyvningsfunksjon muliggj\u00f8r denne sylinderen s\u00f8ml\u00f8s justering av arbeidsstykker under pressing, noe som sikrer n\u00f8yaktig justering og reduserer oppsetttiden.<\/p>\n<p>Bakre sideforskyvningssylinderen til pressen er banebrytende innen pressoperasjoner. Med sin bakre sideforskyvningskapasitet, n\u00f8yaktige justering, justerbare girskifteomr\u00e5de og rask respons, gir denne sylinderen operat\u00f8rene mulighet til \u00e5 oppn\u00e5 presise og effektive presseresultater. Ved \u00e5 f\u00f8lge de anbefalte bruksmetodene og vedlikeholdspraksisene kan du maksimere ytelsen, levetiden og sikkerheten til bakre sideforskyvningssylinderen til pressen i dine pressapplikasjoner. \u00d8k pressekapasiteten din og opplev overlegen justering og effektivitet med denne toppmoderne sylinderen.<\/p>\n<p>Kjennetegn p\u00e5 n\u00f8kkelen til den bakre sideskiftsylinderen:<\/p>\n<ol>\n<li>Mulighet for bakskift:\n<ul>\n<li>Pressens bakre sideforskyvningssylinder er spesielt konstruert for \u00e5 muliggj\u00f8re presis bakoverg\u00e5ende forskyvning av arbeidsstykker under presseoperasjoner.<\/li>\n<li>Det gir operat\u00f8rer muligheten til \u00e5 enkelt justere arbeidsstykkets posisjon, noe som sikrer optimal justering og minimerer behovet for manuelle justeringer.<\/li>\n<\/ul>\n<\/li>\n<li>N\u00f8yaktig justering:\n<ul>\n<li>Denne sylinderen sikrer n\u00f8yaktig justering av arbeidsstykket, noe som reduserer risikoen for feiljustering og forbedrer den generelle presisjonen.<\/li>\n<li>Den presise justeringen som oppn\u00e5s av pressens bakre sideforskyvningssylinder, resulterer i forbedret produktkvalitet og reduserte skraprater.<\/li>\n<\/ul>\n<\/li>\n<li>Justerbart girskifteomr\u00e5de:\n<ul>\n<li>Sylinderen tilbyr et justerbart girskifteomr\u00e5de, slik at f\u00f8rere kan tilpasse omfanget av bakoverg\u00e5ende sideskift basert p\u00e5 spesifikke brukskrav.<\/li>\n<li>Fleksibiliteten til \u00e5 justere forskyvningsomr\u00e5det sikrer kompatibilitet med forskjellige arbeidsstykkest\u00f8rrelser, former og pressebehov.<\/li>\n<\/ul>\n<\/li>\n<li>Rask og responsiv:\n<ul>\n<li>Pressens bakre sideskiftsylinder har en rask og responsiv girmekanisme som muliggj\u00f8r raske justeringer under pressing.<\/li>\n<li>Den raske skiftebevegelsen reduserer den totale syklustiden, og maksimerer produktiviteten og gjennomstr\u00f8mningen i pressapplikasjoner.<\/li>\n<\/ul>\n<\/li>\n<\/ol>\n<h2><strong>Trykk p\u00e5 bakre sideskiftsylinderparameter:<\/strong><\/h2>\n<table border=\"1\" cellspacing=\"0\" cellpadding=\"0\">\n<tbody>\n<tr>\n<td>Produktnavn<\/td>\n<td>Hydraulisk presse forsideskift sylinder<\/td>\n<\/tr>\n<tr>\n<td>Funksjoner:<\/td>\n<td>Flytt emnet eller arbeidsstykket horisontalt<\/td>\n<\/tr>\n<tr>\n<td>Stempel:<\/td>\n<td>80 mm \uff5e240 mm<br \/>\nSlaglengde \u2264300 mm<\/td>\n<\/tr>\n<tr>\n<td>Skyvekraft:<\/td>\n<td>Maksimum 1130 kN<br \/>\n(Stempel 240 mm\/trykk 25 MPa)<\/td>\n<\/tr>\n<tr>\n<td>Bruksomr\u00e5der for sylinder for forskyvning p\u00e5 forsiden:<\/td>\n<td>Hydraulisk presse<\/td>\n<\/tr>\n<\/tbody>\n<\/table>\n<div><\/div>\n<div>\n<div class=\"txtboxL\">\n<div class=\"txtboxL\">\n<div class=\"txtboxL\">Funksjoner:<\/div>\n<div class=\"txtboxR\">Samarbeid for \u00e5 realisere l\u00f8ftingen av klemmehodet p\u00e5 manipulatoren<\/div>\n<div class=\"txtboxL\">Spesifikasjon:<\/div>\n<div class=\"txtboxR\">Stempel: 70 mm \uff5e180 mm<br \/>\nSlaglengde \u2264300 mm<\/div>\n<div class=\"txtboxL\">Skyvekraft:<\/div>\n<div class=\"txtboxR\">Maksimum 636 kN<br \/>\n(Stempel 180 mm\/trykk 25 MPa)<\/div>\n<\/div>\n<\/div>\n<\/div>\n<h2><strong>Pressesylinderfabrikk:<\/strong><\/h2>\n<p><img loading=\"lazy\" decoding=\"async\" class=\"alignnone wp-image-1619 size-full\" src=\"https:\/\/hydraulic-cylinders.net\/wp-content\/uploads\/2023\/10\/press-cylinder.webp\" alt=\"\" width=\"1418\" height=\"946\" srcset=\"https:\/\/hydraulic-cylinders.net\/wp-content\/uploads\/2023\/10\/press-cylinder.webp 1418w, https:\/\/hydraulic-cylinders.net\/wp-content\/uploads\/2023\/10\/press-cylinder-1280x854.webp 1280w, https:\/\/hydraulic-cylinders.net\/wp-content\/uploads\/2023\/10\/press-cylinder-980x654.webp 980w, https:\/\/hydraulic-cylinders.net\/wp-content\/uploads\/2023\/10\/press-cylinder-480x320.webp 480w\" sizes=\"(min-width: 0px) and (max-width: 480px) 480px, (min-width: 481px) and (max-width: 980px) 980px, (min-width: 981px) and (max-width: 1280px) 1280px, (min-width: 1281px) 1418px, 100vw\" \/><\/p>\n<h2><strong>Bruksmetode for trykk p\u00e5 bakre sideskiftsylinder<\/strong><strong>:<\/strong><\/h2>\n<ul>\n<li><strong>Installasjon:<\/strong>\n<ul>\n<li>Monter pressens bakre sideforskyvningssylinder sikkert p\u00e5 \u00f8nsket sted, og s\u00f8rg for riktig justering med pressutstyret.<\/li>\n<li>Koble til hydraulikkledningene i henhold til produsentens instruksjoner, og s\u00f8rg for riktig v\u00e6skestr\u00f8m og unng\u00e5 lekkasjer.<\/li>\n<\/ul>\n<\/li>\n<li><strong>Justering av girskift:<\/strong>\n<ul>\n<li>Gj\u00f8r deg kjent med justeringsmekanismen for girskift som sylinderen tilbyr.<\/li>\n<li>Vanligvis kan justeringer gj\u00f8res ved hjelp av kontrollknotter, h\u00e5ndhjul eller digitale kontroller.<\/li>\n<li>F\u00f8lg produsentens retningslinjer for \u00e5 foreta presise justeringer av baksidens forskyvning basert p\u00e5 arbeidsstykkets dimensjoner og justeringskrav.<\/li>\n<\/ul>\n<\/li>\n<li><strong>Arbeidsstykkejustering og forskyvning:<\/strong>\n<ul>\n<li>Plasser arbeidsstykket p\u00e5 pressbunnen, og s\u00f8rg for at det er justert i forhold til sylinderen f\u00f8rst.<\/li>\n<li>Aktiver sylinderen for \u00e5 aktivere forskyvningsmekanismen og justere arbeidsstykket jevnt til \u00f8nsket bakre sideposisjon.<\/li>\n<li>Bekreft justeringen visuelt eller bruk m\u00e5leverkt\u00f8y for \u00e5 sikre n\u00f8yaktig bakovergiring.<\/li>\n<\/ul>\n<\/li>\n<li><strong>Trykkoperasjon:<\/strong>\n<ul>\n<li>N\u00e5r arbeidsstykket er riktig justert og forskj\u00f8vet, fortsett med presseoperasjonen i henhold til standardprosedyrene dine.<\/li>\n<li>Pressens bakre sideforskyvningssylinder vil opprettholde arbeidsstykkets justering og stabilitet gjennom hele presseprosessen, noe som sikrer konsistente resultater.<\/li>\n<\/ul>\n<\/li>\n<\/ul>\n<h2><strong>Hvordan finne tetningssett for hydraulisk sylinder?<\/strong><\/h2>\n<p>\u00c5 finne et tetningssett til en hydraulisk sylinder inneb\u00e6rer \u00e5 identifisere sylinderens merke og modell, unders\u00f8ke anerkjente leverand\u00f8rer eller produsenter, og skaffe riktig tetningssett basert p\u00e5 sylinderens spesifikasjoner. Her er en trinnvis veiledning om hvordan du finner et tetningssett til en hydraulisk sylinder:<\/p>\n<ol>\n<li><strong>Identifiser sylinderinformasjonen:<\/strong>\n<ul>\n<li>Bestem merke og modell p\u00e5 den hydrauliske sylinderen du trenger et tetningssett til.<\/li>\n<li>Se etter eventuelle identifiserende merker, etiketter eller gravert informasjon p\u00e5 selve sylinderen.<\/li>\n<li>Hvis du har dokumentasjonen eller delenummeret fra den originale utstyrsprodusenten (OEM), kan det v\u00e6re nyttig i s\u00f8keprosessen.<\/li>\n<\/ul>\n<\/li>\n<li><strong>Unders\u00f8k anerkjente leverand\u00f8rer:<\/strong>\n<ul>\n<li>Start med \u00e5 unders\u00f8ke anerkjente leverand\u00f8rer eller produsenter av hydrauliske tetninger.<\/li>\n<li>Se etter leverand\u00f8rer som spesialiserer seg p\u00e5 hydrauliske tetninger og har et bredt utvalg av produkter tilgjengelig.<\/li>\n<li>Netts\u00f8kemotorer, bransjekataloger og fora for hydraulisk utstyr kan v\u00e6re verdifulle ressurser for \u00e5 finne anerkjente leverand\u00f8rer.<\/li>\n<\/ul>\n<\/li>\n<li><strong>Kontakt sylinderprodusenten eller OEM-en:<\/strong>\n<ul>\n<li>Hvis mulig, ta kontakt med produsenten av den hydrauliske sylinderen eller den originale utstyrsprodusenten (OEM) for veiledning.<\/li>\n<li>Kontakt kundeserviceavdelingen eller teknisk st\u00f8tte for \u00e5 sp\u00f8rre om tilgjengeligheten av tetningssett for din spesifikke sylindermodell.<\/li>\n<li>Gi dem merke, modell og annen relevant informasjon om sylinderen din, slik at de kan identifisere riktig tetningssett.<\/li>\n<\/ul>\n<\/li>\n<li><strong>Spesifikasjoner for samlesylinder:<\/strong>\n<ul>\n<li>Bestem de spesifikke spesifikasjonene til den hydrauliske sylinderen du trenger et tetningssett til.<\/li>\n<li>Noter ned detaljer som sylinderboringsdiameter, stangdiameter og antall og typer pakninger som kreves.<\/li>\n<li>M\u00e5l dimensjonene til de eksisterende tetningene, om mulig, for \u00e5 sikre n\u00f8yaktig identifisering og valg av tetningssett.<\/li>\n<\/ul>\n<\/li>\n<li><strong>S\u00f8k etter leverand\u00f8rer av tetninger p\u00e5 nett:<\/strong>\n<ul>\n<li>Bruk nettsider til leverand\u00f8rer av tetninger p\u00e5 nett og s\u00f8k etter tetningssett basert p\u00e5 spesifikasjonene til den hydrauliske sylinderen din.<\/li>\n<li>Skriv inn merke, modell eller dimensjoner p\u00e5 sylinderen i s\u00f8kefiltrene for \u00e5 begrense de tilgjengelige alternativene.<\/li>\n<li>Unders\u00f8k produktbeskrivelsene, spesifikasjonene og kompatibilitetsinformasjonen fra leverand\u00f8rene for \u00e5 sikre en skikkelig match.<\/li>\n<\/ul>\n<\/li>\n<li><strong>Bekreft kompatibilitet:<\/strong>\n<ul>\n<li>N\u00e5r du har identifisert et potensielt tetningssett, m\u00e5 du bekrefte at det er kompatibelt med din hydrauliske sylinder.<\/li>\n<li>Kryssreferer spesifikasjonene og dimensjonene til tetningssettet med informasjonen som er samlet inn fra sylinderen din.<\/li>\n<li>S\u00f8rg for at tetningssettet inneholder alle n\u00f8dvendige tetninger som kreves for sylinderens spesifikke konfigurasjon.<\/li>\n<\/ul>\n<\/li>\n<li><strong>Bestill og installer tetningssettet:<\/strong>\n<ul>\n<li>Bestill tetningssettet fra den valgte leverand\u00f8ren eller produsenten.<\/li>\n<li>Oppgi n\u00f8yaktig informasjon, inkludert sylinderspesifikasjonene og andre n\u00f8dvendige detaljer, for \u00e5 sikre at riktig tetningssett leveres.<\/li>\n<li>F\u00f8lg leverand\u00f8rens instruksjoner for betaling, frakt og levering.<\/li>\n<li>N\u00e5r tetningssettet ankommer, f\u00f8lg n\u00f8ye installasjonsinstruksjonene fra leverand\u00f8ren eller produsenten for \u00e5 bytte ut tetningene i den hydrauliske sylinderen.<\/li>\n<\/ul>\n<\/li>\n<\/ol>\n<h2><strong>Fabrikkens kapasitet og kapasitet:<\/strong><\/h2>\n<h3>(1) Montering<\/h3>\n<p>Vi har en f\u00f8rsteklasses uavhengig forsknings- og utviklingsplattform for montering. Verkstedet for produksjon av hydrauliske sylindere har fire halvautomatiske monteringslinjer for l\u00f8ftesylindere og \u00e9n automatisk monteringslinje for vippesylindere, med en \u00e5rlig produksjonskapasitet p\u00e5 1 million enheter. Spesialsylinderverkstedet er utstyrt med ulike spesifikasjoner for et halvautomatisk rengj\u00f8ringsmonteringssystem med en \u00e5rlig produksjonskapasitet p\u00e5 200 000 enheter, og er utstyrt med kjent CNC-maskineringsutstyr, et maskineringssenter, spesialutstyr for h\u00f8ypresisjons sylinderbehandling, en robotsveisemaskin, en automatisk rengj\u00f8ringsmaskin, en automatisk sylindermonteringsmaskin og en automatisk produksjonslinje for lakkering. Vi har mer enn 300 sett (sett) av kritisk utstyr. Optimal allokering og effektiv bruk av utstyrsressurser sikrer n\u00f8yaktighetskravene til produktene og oppfyller produktenes h\u00f8ye kvalitetsbehov.<\/p>\n<p><img loading=\"lazy\" decoding=\"async\" class=\"alignnone wp-image-626\" src=\"https:\/\/hydraulic-cylinders.net\/wp-content\/uploads\/2023\/08\/hydraulic-cylinder-product-1-300x158.webp\" alt=\"\" width=\"495\" height=\"260\" srcset=\"https:\/\/hydraulic-cylinders.net\/wp-content\/uploads\/2023\/08\/hydraulic-cylinder-product-1-300x158.webp 495w, https:\/\/hydraulic-cylinders.net\/wp-content\/uploads\/2023\/08\/hydraulic-cylinder-product-1-480x252.webp 480w\" sizes=\"(min-width: 0px) and (max-width: 480px) 480px, (min-width: 481px) 495px, 100vw\" \/> <img loading=\"lazy\" decoding=\"async\" class=\"alignnone wp-image-627\" src=\"https:\/\/hydraulic-cylinders.net\/wp-content\/uploads\/2023\/08\/hydraulic-cylinder-product-2-300x189.webp\" alt=\"\" width=\"413\" height=\"260\" \/><\/p>\n<h3>(2) Maskinering<\/h3>\n<p>Maskineringsverkstedet er utstyrt med et spesialtilpasset dreiesenter for skr\u00e5 skinner, maskineringssenter, h\u00f8yhastighets honemaskin, sveiserobot og annet relatert utstyr, som kan h\u00e5ndtere bearbeiding av sylinderr\u00f8r med en maksimal indre diameter p\u00e5 400 mm og en maksimal lengde p\u00e5 6 meter.<\/p>\n<p><img loading=\"lazy\" decoding=\"async\" class=\"alignnone wp-image-628 size-large\" src=\"https:\/\/hydraulic-cylinders.net\/wp-content\/uploads\/2023\/08\/hydraulic-cylinder-product-3-1024x391.webp\" alt=\"\" width=\"1024\" height=\"391\" srcset=\"https:\/\/hydraulic-cylinders.net\/wp-content\/uploads\/2023\/08\/hydraulic-cylinder-product-3-980x374.webp 980w, https:\/\/hydraulic-cylinders.net\/wp-content\/uploads\/2023\/08\/hydraulic-cylinder-product-3-480x183.webp 480w\" sizes=\"(min-width: 0px) and (max-width: 480px) 480px, (min-width: 481px) and (max-width: 980px) 980px, (min-width: 981px) 1024px, 100vw\" \/><\/p>\n<h3>(3) Sveising<\/h3>\n<p><img loading=\"lazy\" decoding=\"async\" class=\"alignnone wp-image-629 size-large\" src=\"https:\/\/hydraulic-cylinders.net\/wp-content\/uploads\/2023\/08\/hydraulic-cylinder-product-4-1024x510.webp\" alt=\"\" width=\"1024\" height=\"510\" srcset=\"https:\/\/hydraulic-cylinders.net\/wp-content\/uploads\/2023\/08\/hydraulic-cylinder-product-4-980x488.webp 980w, https:\/\/hydraulic-cylinders.net\/wp-content\/uploads\/2023\/08\/hydraulic-cylinder-product-4-480x239.webp 480w\" sizes=\"(min-width: 0px) and (max-width: 480px) 480px, (min-width: 481px) and (max-width: 980px) 980px, (min-width: 981px) 1024px, 100vw\" \/><\/p>\n<h3>(4) Maling og belegg<\/h3>\n<p>Med sm\u00e5 og mellomstore sylinderautomatiske vannbaserte malingsbeleggslinjer, for \u00e5 oppn\u00e5 automatisk robotlasting og -lossing og automatisk spr\u00f8yting, er den designede kapasiteten 4000 stykker per skift;<br \/>\nVi har ogs\u00e5 en halvautomatisk produksjonslinje for maling for store sylindere drevet av en kabelkjede, med en designkapasitet p\u00e5 60 kasser per skift.<\/p>\n<p><img loading=\"lazy\" decoding=\"async\" class=\"alignnone wp-image-630\" src=\"https:\/\/hydraulic-cylinders.net\/wp-content\/uploads\/2023\/08\/hydraulic-cylinder-product-5-300x213.webp\" alt=\"\" width=\"366\" height=\"260\" \/> <img loading=\"lazy\" decoding=\"async\" class=\"alignnone wp-image-631\" src=\"https:\/\/hydraulic-cylinders.net\/wp-content\/uploads\/2023\/08\/hydraulic-cylinder-product-6-300x225.webp\" alt=\"\" width=\"347\" height=\"260\" \/><\/p>\n<h3>(5) Testing<\/h3>\n<p>Vi har f\u00f8rsteklasses inspeksjonsfasiliteter og testbenker for \u00e5 sikre at sylinderens ytelse oppfyller kravene.<\/p>\n<p><img loading=\"lazy\" decoding=\"async\" class=\"alignnone wp-image-632\" src=\"https:\/\/hydraulic-cylinders.net\/wp-content\/uploads\/2023\/08\/hydraulic-cylinder-product-8-300x200.webp\" alt=\"\" width=\"389\" height=\"260\" \/><\/p>\n<p>&nbsp;<\/p>\n<p>&nbsp;<\/p>\n<p>Vi er en av de beste produsentene av hydrauliske sylindere. Vi kan tilby et omfattende utvalg av hydrauliske sylindere. Vi tilbyr ogs\u00e5 tilsvarende <a href=\"https:\/\/hzpt.com\/agricultural-pto-gearbox\/\" target=\"_blank\" rel=\"noopener\">landbruksgirkasser<\/a>Vi har eksportert produktene v\u00e5re til kunder over hele verden og opparbeidet oss et godt rykte p\u00e5 grunn av v\u00e5r overlegne produktkvalitet og ettersalgsservice. Vi \u00f8nsker kunder i inn- og utland velkommen til \u00e5 kontakte oss for \u00e5 forhandle om forretninger, utveksle informasjon og <a href=\"https:\/\/www.hydraulic-cylinders.net\/nb\/contact-us\/\">samarbeide med oss<\/a>!<\/p>","protected":false},"excerpt":{"rendered":"<p>Press Rear Side Shift Cylinder The press rear side shift cylinder is a cutting-edge tool designed to enhance efficiency and precision in pressing operations. With its innovative rear side shifting capability, this cylinder allows for seamless adjustment of workpieces during pressing, ensuring accurate alignment and reducing setup time. The press rear side shift cylinder is [&hellip;]<\/p>","protected":false},"featured_media":1685,"comment_status":"open","ping_status":"closed","template":"","meta":{"_et_pb_use_builder":"","_et_pb_old_content":"","_et_gb_content_width":""},"product_brand":[],"product_cat":[1550,1522,1376],"product_tag":[1380],"class_list":{"0":"post-1682","1":"product","2":"type-product","3":"status-publish","4":"has-post-thumbnail","6":"product_cat-double-acting-hydraulic-cylinder","7":"product_cat-press-hydraulic-cylinders","8":"product_cat-hydraulic-cylinder","9":"product_tag-hydraulic-cylinder","11":"first","12":"instock","13":"shipping-taxable","14":"product-type-simple"},"amp_enabled":true,"_links":{"self":[{"href":"https:\/\/www.hydraulic-cylinders.net\/nb\/wp-json\/wp\/v2\/product\/1682","targetHints":{"allow":["GET"]}}],"collection":[{"href":"https:\/\/www.hydraulic-cylinders.net\/nb\/wp-json\/wp\/v2\/product"}],"about":[{"href":"https:\/\/www.hydraulic-cylinders.net\/nb\/wp-json\/wp\/v2\/types\/product"}],"replies":[{"embeddable":true,"href":"https:\/\/www.hydraulic-cylinders.net\/nb\/wp-json\/wp\/v2\/comments?post=1682"}],"wp:featuredmedia":[{"embeddable":true,"href":"https:\/\/www.hydraulic-cylinders.net\/nb\/wp-json\/wp\/v2\/media\/1685"}],"wp:attachment":[{"href":"https:\/\/www.hydraulic-cylinders.net\/nb\/wp-json\/wp\/v2\/media?parent=1682"}],"wp:term":[{"taxonomy":"product_brand","embeddable":true,"href":"https:\/\/www.hydraulic-cylinders.net\/nb\/wp-json\/wp\/v2\/product_brand?post=1682"},{"taxonomy":"product_cat","embeddable":true,"href":"https:\/\/www.hydraulic-cylinders.net\/nb\/wp-json\/wp\/v2\/product_cat?post=1682"},{"taxonomy":"product_tag","embeddable":true,"href":"https:\/\/www.hydraulic-cylinders.net\/nb\/wp-json\/wp\/v2\/product_tag?post=1682"}],"curies":[{"name":"wp","href":"https:\/\/api.w.org\/{rel}","templated":true}]}}