{"id":16845,"date":"2025-01-21T05:58:44","date_gmt":"2025-01-21T05:58:44","guid":{"rendered":"https:\/\/www.hydraulic-cylinders.net\/product\/arm-cylinder-for-aotai-at180e-9\/"},"modified":"2025-01-21T05:58:46","modified_gmt":"2025-01-21T05:58:46","slug":"arm-cylinder-for-aotai-at180e-9","status":"publish","type":"product","link":"https:\/\/www.hydraulic-cylinders.net\/nb\/produkt\/arm-cylinder-for-aotai-at180e-9\/","title":{"rendered":"Armsylinder for Aotai AT180E-9"},"content":{"rendered":"<h2>Armsylinder for Aotai AT180E-9<\/h2>\n<p>Armsylinderen til Aotai AT180E-9 er en spesialdesignet hydraulisk sylinder som gir line\u00e6r bevegelse og kraft til armen p\u00e5 diverse maskiner, som gravemaskiner, kraner og robotarmer. Armsylinderen spiller en avgj\u00f8rende rolle i hydrauliske systemer, og muliggj\u00f8r effektiv bevegelse og kontroll av tilleggsverkt\u00f8y eller tilbeh\u00f8r. Disse sylindrene oppn\u00e5r ikke bare jevn bevegelse, men t\u00e5ler ogs\u00e5 tunge belastninger, noe som sikrer effektiv drift og p\u00e5litelighet av maskineriet under ulike arbeidsforhold.<\/p>\n<p><img decoding=\"async\" src=\"https:\/\/www.hydraulic-cylinders.net\/wp-content\/uploads\/2025\/01\/songte-company-2.webp\"><\/p>\n<h2>Funksjoner<\/h2>\n<ul>\n<li><strong>H\u00f8yeffektiv girkasse:<\/strong> Armsylinderen gir kraftig line\u00e6r bevegelse og kraft, noe som sikrer h\u00f8y ytelse under ulike operasjoner.<\/li>\n<li><strong>Presisjonskontroll:<\/strong> Gjennom det hydrauliske systemet muliggj\u00f8r armsylinderen presis bevegelseskontroll, noe som forbedrer fleksibiliteten og n\u00f8yaktigheten til verkt\u00f8yoperasjonene.<\/li>\n<li><strong>Varighet:<\/strong> Armsylindere er vanligvis laget av h\u00f8yfaste materialer, som gir utmerket slitasje- og korrosjonsbestandighet, noe som gj\u00f8r dem egnet for langvarig bruk i t\u00f8ffe milj\u00f8er.<\/li>\n<li><strong>Multifunksjonell tilpasningsevne:<\/strong> Disse sylindrene finner bred bruk i ulike maskiner, inkludert gravemaskiner, kraner og robotarmer, og dekker ulike arbeidskrav.<\/li>\n<li><strong>Enkelt vedlikehold:<\/strong> Designhensynene for enkelt vedlikehold og utskifting gj\u00f8r regelmessige inspeksjoner og vedlikehold praktisk, noe som minimerer nedetiden for utstyr.<\/li>\n<\/ul>\n<p><img decoding=\"async\" src=\"https:\/\/www.hydraulic-cylinders.net\/wp-content\/uploads\/2025\/01\/songte-oil-pipes-and-spare-parts.webp\"><\/p>\n<h2>Bruksomr\u00e5der<\/h2>\n<p>Armsylinderen finner anvendelse i f\u00f8lgende bransjer:<\/p>\n<h3>1. Byggteknikk<\/h3>\n<p>I gravemaskiner og kraner styrer armsylinderen bevegelsen av skuffer eller bommer for jordarbeid, materialh\u00e5ndtering og strukturell installasjon.<\/p>\n<h3>2. Produksjon<\/h3>\n<p>I automatiserte produksjonslinjer forenkler armsylinderen bevegelsen av robotarmer for montering, sveising og materialh\u00e5ndteringsprosesser, noe som forbedrer produksjonseffektiviteten og presisjonen.<\/p>\n<h3>3. Landbruksmaskiner<\/h3>\n<p>I landbruksmaskiner som hogstmaskiner og s\u00e5maskiner styrer armsylinderen bevegelsen til betjeningsarmene for oppgaver som s\u00e5ing, gj\u00f8dsling og h\u00f8sting.<\/p>\n<h3>4. Gruvedrift<\/h3>\n<p>I gruveutstyr styrer armsylinderen armbevegelsene til gruvemaskineriet for malmutvinning og transport.<\/p>\n<h3>5. Logistikk og transport<\/h3>\n<p>I gaffeltrucker og h\u00e5ndteringsroboter styrer armsylinderen l\u00f8fting og bevegelse av gafler, noe som muliggj\u00f8r materialh\u00e5ndtering og stabling.<\/p>\n<p><img decoding=\"async\" src=\"https:\/\/www.hydraulic-cylinders.net\/wp-content\/uploads\/2025\/01\/songte-cylinder-head-with-all-kinds-excavator-models.webp\"><\/p>\n<h2>Designhensyn og utvalgskriterier<\/h2>\n<p>N\u00e5r det gjelder designhensyn, spiller armsylinderens b\u00e6reevne, tetningsevne, holdbarhet, sikkerhet og vedlikeholdbarhet en avgj\u00f8rende rolle:<\/p>\n<h3>1. B\u00e6reevne<\/h3>\n<p>Armsylinderen b\u00f8r v\u00e6re utformet for \u00e5 h\u00e5ndtere de spesifikke belastningene den vil m\u00f8te under drift, noe som sikrer optimal ytelse og sikkerhet.<\/p>\n<h3>2. Tetting<\/h3>\n<p>Ulike tetningskomponenter, som stempeltetninger og stangtetninger, laget av slitesterke materialer som polyuretan og nitrilgummi, sikrer effektiv tetting. Sylinderhuset og gjengede ender gjennomg\u00e5r en grundig overflatebehandling for \u00e5 forbedre slitestyrken.<\/p>\n<h3>3. Holdbarhet<\/h3>\n<p>Armsylinderen er produsert av h\u00f8yfaste materialer for \u00e5 t\u00e5le de krevende forholdene i bruksomr\u00e5dene, noe som sikrer langvarig ytelse og p\u00e5litelighet.<\/p>\n<h3>4. Sikkerhet<\/h3>\n<p>Hensyn til sikkerhetsfunksjoner og forholdsregler, som trykkavlastningsventiler og n\u00f8dstoppsystemer, er viktige for \u00e5 beskytte b\u00e5de maskineriet og operat\u00f8rene.<\/p>\n<h3>5. Vedlikeholdbarhet<\/h3>\n<p>Utformingen b\u00f8r legge til rette for enkelt vedlikehold og utskifting, sikre praktiske periodiske inspeksjoner og redusere nedetid for utstyr.<\/p>\n<p><img decoding=\"async\" src=\"https:\/\/www.hydraulic-cylinders.net\/wp-content\/uploads\/2025\/01\/songte-chushion-collar.webp\"><\/p>\n<h2>Tetting og sm\u00f8ring<\/h2>\n<p>Armsylinderen bruker ulike tetningskomponenter for \u00e5 sikre effektiv drift. Disse inkluderer stempeltetninger, stangtetninger og andre tetninger laget av slitesterke materialer som polyuretan og nitrilgummi. Sylinderhuset og gjengede ender gjennomg\u00e5r presis overflatebehandling for \u00e5 forbedre slitestyrken. Regelmessig sm\u00f8ring med passende hydraulikkolje er n\u00f8dvendig for \u00e5 sikre riktig ytelse og levetid for sylinderen.<\/p>\n<h2>Regelmessig inspeksjon og forebyggende vedlikehold<\/h2>\n<p>For \u00e5 opprettholde optimal ytelse er regelmessige inspeksjoner og forebyggende vedlikeholdstiltak avgj\u00f8rende:<\/p>\n<ul>\n<li>Inspiser sylinderen for tegn p\u00e5 lekkasjer, skader eller slitasje.<\/li>\n<li>Kontroller og skift ut pakninger etter behov.<\/li>\n<li>Kontroller riktig v\u00e6skeniv\u00e5 og etterfyll hydraulikkolje om n\u00f8dvendig.<\/li>\n<li>S\u00f8rg for at alle tilkoblinger og beslag er sikre.<\/li>\n<li>Rengj\u00f8r sylinderen og omr\u00e5dene rundt for \u00e5 forhindre opphopning av rusk.<\/li>\n<\/ul>\n<h2>Produktinstallasjonsveiledning<\/h2>\n<p>F\u00f8lg disse trinnene for riktig montering av armsylinderen:<\/p>\n<ol>\n<li>Forbered installasjonsomr\u00e5det, og s\u00f8rg for at det er rent og fritt for rusk.<\/li>\n<li>Plasser sylinderen riktig, og juster den med festepunktene.<\/li>\n<li>Stram monteringsboltene godt til angitt moment.<\/li>\n<li>Koble hydraulikkslangene eller r\u00f8rene til de aktuelle portene.<\/li>\n<li>Sjekk for eventuelle lekkasjer og s\u00f8rg for at alle tilkoblinger er tette.<\/li>\n<\/ol>\n<p><img decoding=\"async\" src=\"https:\/\/www.hydraulic-cylinders.net\/wp-content\/uploads\/2025\/01\/songte-bushings-with-all-kinds-of-excavator-models.webp\"><\/p>\n<h2>Sikkerhetshensyn og milj\u00f8faktorer<\/h2>\n<p>N\u00e5r du h\u00e5ndterer armsylinderen, er det avgj\u00f8rende \u00e5 prioritere sikkerhetstiltak. Disse inkluderer:<\/p>\n<ul>\n<li>F\u00f8lge riktige driftsprosedyrer og sikkerhetsretningslinjer.<\/li>\n<li>Bruk av passende personlig verneutstyr (PPE) n\u00e5r det er n\u00f8dvendig.<\/li>\n<li>S\u00f8rge for at maskineriet er riktig vedlikeholdt og inspisert med hensyn til sikkerhetsfunksjoner.<\/li>\n<li>Overholde milj\u00f8forskrifter og avhende alt avfall p\u00e5 en ansvarlig m\u00e5te.<\/li>\n<\/ul>\n<h2>Feils\u00f8king og vanlige problemer<\/h2>\n<p>Her er noen vanlige feils\u00f8kingstips og l\u00f8sninger for problemer relatert til armsylinderen:<\/p>\n<ul>\n<li>Hvis det er en lekkasje av hydraulisk v\u00e6ske, m\u00e5 du inspisere og bytte ut skadede tetninger eller stram til koblingene.<\/li>\n<li>Hvis det er ujevn eller rykkete bevegelse, sjekk for tette eller innsnevrede hydrauliske ledninger, og rengj\u00f8r eller skift dem ut om n\u00f8dvendig.<\/li>\n<li>Hvis armsylinderen ikke fungerer som forventet, kontroller hydraulikksystemets trykk og str\u00f8mningshastighet, og juster dem om n\u00f8dvendig.<\/li>\n<\/ul>\n<p>\u00c5 implementere forebyggende tiltak kan minimere potensielle problemer:<\/p>\n<ul>\n<li>Inspiser og vedlikehold armsylinderen og det hydrauliske systemet regelmessig.<\/li>\n<li>F\u00f8lg riktige driftsprosedyrer og unng\u00e5 overbelastning av sylinderen.<\/li>\n<li>S\u00f8rg for at hydraulikkv\u00e6sken er ren og p\u00e5 riktig niv\u00e5.<\/li>\n<li>Hold sylinderen og omr\u00e5det rundt rent for \u00e5 forhindre at rusk for\u00e5rsaker skade.<\/li>\n<\/ul>\n<p><img decoding=\"async\" src=\"https:\/\/www.hydraulic-cylinders.net\/wp-content\/uploads\/2025\/01\/songte-chushion-collar.webp\"><\/p>\n<p>Husk \u00e5 organisere artikkelen logisk, bruke underoverskrifter for enkel navigering, innlemme relevante bilder eller diagrammer for bedre forst\u00e5else, og s\u00f8rge for klart og konsist innhold som passer for lesere med varierende niv\u00e5er av teknisk kunnskap.<\/p>\n<h2>Om oss<\/h2>\n<p>Vi er en profesjonell produsent av hydrauliske reservesylindere, og tilbyr et bredt spekter av produkter. Vi har blitt en av de ledende produsentene og grossistdistribut\u00f8rene av hydrauliske sylindere i b\u00e5de innenlandske og internasjonale markeder. Vi opprettholder prinsippene om fortreffelighet og forbedrer kontinuerlig v\u00e5re tekniske evner og produksjonseffektivitet gjennom finjusterte produksjonsverksteder og strategier for industriell produksjonsstyring. Ved \u00e5 introdusere avansert digitalt produksjonsutstyr og profesjonelle testsystemer optimaliserer vi produksjonsplattformen v\u00e5r og forbedrer v\u00e5re prosesser for produktkvalitetskontroll, og demonstrerer sterke innovasjonsevner. V\u00e5rt m\u00e5l er \u00e5 m\u00f8te ulike kundekrav med h\u00f8y effektivitet, presisjon og kvalitet.<\/p>\n<p><img decoding=\"async\" src=\"https:\/\/www.hydraulic-cylinders.net\/wp-content\/uploads\/2025\/01\/songte-company-4.webp\"><br \/>\n<img\n<\/p>","protected":false},"excerpt":{"rendered":"<p>Arm Cylinder For Aotai AT180E-9 The Arm Cylinder for Aotai AT180E-9 is a specially designed hydraulic cylinder that provides linear motion and power to the arm of various machinery, such as excavators, cranes, and robotic arms. The arm cylinder plays a crucial role in hydraulic systems, enabling the effective movement and control of additional tools [&hellip;]<\/p>","protected":false},"featured_media":14763,"comment_status":"open","ping_status":"closed","template":"","meta":{"_et_pb_use_builder":"","_et_pb_old_content":"","_et_gb_content_width":""},"product_brand":[],"product_cat":[1497],"product_tag":[1498,1496],"class_list":{"0":"post-16845","1":"product","2":"type-product","3":"status-publish","4":"has-post-thumbnail","6":"product_cat-arm-cylinders","7":"product_tag-arm-cylinders","8":"product_tag-hydraulic-cylinders","10":"first","11":"instock","12":"shipping-taxable","13":"product-type-simple"},"amp_enabled":true,"_links":{"self":[{"href":"https:\/\/www.hydraulic-cylinders.net\/nb\/wp-json\/wp\/v2\/product\/16845","targetHints":{"allow":["GET"]}}],"collection":[{"href":"https:\/\/www.hydraulic-cylinders.net\/nb\/wp-json\/wp\/v2\/product"}],"about":[{"href":"https:\/\/www.hydraulic-cylinders.net\/nb\/wp-json\/wp\/v2\/types\/product"}],"replies":[{"embeddable":true,"href":"https:\/\/www.hydraulic-cylinders.net\/nb\/wp-json\/wp\/v2\/comments?post=16845"}],"wp:featuredmedia":[{"embeddable":true,"href":"https:\/\/www.hydraulic-cylinders.net\/nb\/wp-json\/wp\/v2\/media\/14763"}],"wp:attachment":[{"href":"https:\/\/www.hydraulic-cylinders.net\/nb\/wp-json\/wp\/v2\/media?parent=16845"}],"wp:term":[{"taxonomy":"product_brand","embeddable":true,"href":"https:\/\/www.hydraulic-cylinders.net\/nb\/wp-json\/wp\/v2\/product_brand?post=16845"},{"taxonomy":"product_cat","embeddable":true,"href":"https:\/\/www.hydraulic-cylinders.net\/nb\/wp-json\/wp\/v2\/product_cat?post=16845"},{"taxonomy":"product_tag","embeddable":true,"href":"https:\/\/www.hydraulic-cylinders.net\/nb\/wp-json\/wp\/v2\/product_tag?post=16845"}],"curies":[{"name":"wp","href":"https:\/\/api.w.org\/{rel}","templated":true}]}}