{"id":16868,"date":"2025-01-21T06:09:15","date_gmt":"2025-01-21T06:09:15","guid":{"rendered":"https:\/\/www.hydraulic-cylinders.net\/product\/arm-cylinder-for-bonny-ctd460-6\/"},"modified":"2025-01-21T06:09:17","modified_gmt":"2025-01-21T06:09:17","slug":"arm-cylinder-for-bonny-ctd460-6","status":"publish","type":"product","link":"https:\/\/www.hydraulic-cylinders.net\/nb\/produkt\/arm-cylinder-for-bonny-ctd460-6\/","title":{"rendered":"Armsylinder for Bonny CTD460-6"},"content":{"rendered":"<h1>Armsylinder for Bonny CTD460-6<\/h1>\n<h2>Introduksjon<\/h2>\n<p>En armsylinder er en spesialisert hydraulisk sylinder som prim\u00e6rt brukes til \u00e5 gi line\u00e6r bevegelse og kraft til armene p\u00e5 ulike typer maskiner som gravemaskiner, kraner og robotarmer. Armsylinderen spiller en kritisk rolle i hydrauliske systemer, og muliggj\u00f8r effektiv bevegelse og kontroll av tilkoblede verkt\u00f8y eller tilbeh\u00f8r. Disse sylindrene gir ikke bare jevn bevegelse, men t\u00e5ler ogs\u00e5 tunge belastninger, noe som sikrer effektiv drift og p\u00e5litelighet av maskineriet under ulike arbeidsforhold.<\/p>\n<p><img decoding=\"async\" src=\"https:\/\/www.hydraulic-cylinders.net\/wp-content\/uploads\/2025\/01\/songte-company-2.webp\"><\/p>\n<h2>Funksjoner<\/h2>\n<ul>\n<li>\n<h3>Effektiv kraftoverf\u00f8ring:<\/h3>\n<p> Armsylinderen gir sterk line\u00e6r bevegelse og kraft, noe som sikrer maskineriets h\u00f8ye effektivitet.<\/li>\n<li>\n<h3>Presis kontroll:<\/h3>\n<p> Gjennom det hydrauliske systemet kan armsylinderen oppn\u00e5 presis bevegelseskontroll, noe som gj\u00f8r betjeningen av tilkoblede verkt\u00f8y mer fleksibel og n\u00f8yaktig.<\/li>\n<li>\n<h3>H\u00f8y holdbarhet:<\/h3>\n<p> Armsylindere er vanligvis laget av h\u00f8yfaste materialer som har god slitasje- og korrosjonsbestandighet, noe som gj\u00f8r dem egnet for langvarig bruk i t\u00f8ffe milj\u00f8er.<\/li>\n<li>\n<h3>Multifunksjonell tilpasningsevne:<\/h3>\n<p> Disse sylindrene kan brukes mye i ulike typer maskiner som gravemaskiner, kraner og robotarmer, og tilpasser seg ulike arbeidskrav.<\/li>\n<li>\n<h3>Enkelt vedlikehold:<\/h3>\n<p> Designet tar hensyn til enkelt vedlikehold og utskifting, noe som gj\u00f8r regelmessig inspeksjon og vedlikehold mer praktisk og reduserer nedetid for utstyr.<\/li>\n<\/ul>\n<p>Vi kan produsere dette produktet, og produktene v\u00e5re kan erstatte disse hydrauliske sylindrene perfekt.<\/p>\n<p><img decoding=\"async\" src=\"https:\/\/www.hydraulic-cylinders.net\/wp-content\/uploads\/2025\/01\/songte-oil-pipes-and-spare-parts.webp\"><\/p>\n<h2>Bruksomr\u00e5der<\/h2>\n<p>Armsylindere brukes i ulike bransjer og applikasjoner, inkludert:<\/p>\n<ul>\n<li>\n<h3>Konstruksjon:<\/h3>\n<p> I gravemaskiner og kraner brukes armsylindere til \u00e5 kontrollere bevegelsen av skuffer eller bommer for jordflytting, materialh\u00e5ndtering og strukturell installasjon.<\/li>\n<li>\n<h3>Produksjon:<\/h3>\n<p> I automatiserte produksjonslinjer brukes armsylindre til bevegelse av robotarmer for montering, sveising og h\u00e5ndteringsprosesser, noe som forbedrer produksjonseffektiviteten og presisjonen.<\/li>\n<li>\n<h3>Landbruksmaskiner:<\/h3>\n<p> I landbruksmaskiner som hogstmaskiner og plantemaskiner styrer armsylindere bevegelsen til betjeningsarmene, og utf\u00f8rer oppgaver som s\u00e5ing, gj\u00f8dsling og h\u00f8sting.<\/li>\n<li>\n<h3>Gruvedrift:<\/h3>\n<p> I gruveutstyr brukes armsylindere til \u00e5 kontrollere armbevegelsen til gruveutstyr for malmutvinning og -h\u00e5ndtering.<\/li>\n<li>\n<h3>Logistikk og transport:<\/h3>\n<p> I gaffeltrucker og h\u00e5ndteringsroboter brukes armsylindere til \u00e5 kontrollere l\u00f8fting og bevegelse av gafler, noe som oppn\u00e5r materialh\u00e5ndtering og stabling.<\/li>\n<\/ul>\n<h2>Designhensyn og utvalgskriterier<\/h2>\n<p>Armsylinderdesignet tar hensyn til viktige faktorer som b\u00e6reevne, tetting, holdbarhet, sikkerhet og vedlikeholdbarhet. <\/p>\n<ul>\n<li>\n<h3>B\u00e6reevne:<\/h3>\n<p> Armsylinderen m\u00e5 kunne h\u00e5ndtere belastningene den utsettes for under drift, slik at den fungerer jevnt og effektivt.<\/li>\n<li>\n<h3>Tetting:<\/h3>\n<p> Sylinderen m\u00e5 v\u00e6re effektivt forseglet for \u00e5 forhindre lekkasje av hydraulisk v\u00e6ske og forurensning fra utvendig rusk.<\/li>\n<li>\n<h3>Varighet:<\/h3>\n<p> Armsylinderen b\u00f8r v\u00e6re laget av materialer av h\u00f8y kvalitet som t\u00e5ler det t\u00f8ffe driftsmilj\u00f8et.<\/li>\n<li>\n<h3>Sikkerhet:<\/h3>\n<p> Armsylinderen m\u00e5 v\u00e6re konstruert for \u00e5 forhindre ulykker og skader p\u00e5 personell og maskiner.<\/li>\n<li>\n<h3>Vedlikeholdbarhet:<\/h3>\n<p> Designet m\u00e5 ta hensyn til enkelt vedlikehold og utskifting, redusere nedetid og maksimere produktiviteten.<\/li>\n<\/ul>\n<p><img decoding=\"async\" src=\"https:\/\/www.hydraulic-cylinders.net\/wp-content\/uploads\/2025\/01\/songte-cylinder-head-with-all-kinds-excavator-models.webp\"><\/p>\n<h2>Tetting og sm\u00f8ring<\/h2>\n<p>Ulike tetningskomponenter som stempeltetninger og stangtetninger brukes i armsylindere, laget av slitesterke materialer som polyuretan og nitrilgummi. Sylinderhuset og gjengede endeflater er fint bearbeidet for \u00e5 forbedre slitestyrken. Regelmessig vedlikehold inkluderer \u00e5 tilsette en passende mengde hydraulisk olje for sm\u00f8ring.<\/p>\n<h2>Forebyggende vedlikehold og feils\u00f8king<\/h2>\n<p>Regelmessig inspeksjon og forebyggende vedlikehold er viktig for \u00e5 sikre problemfri drift av armsylinderen. Vanlige problemer som lekkasje av hydraulisk v\u00e6ske, sylinderavdrift og redusert effektivitet kan diagnostiseres og l\u00f8ses ved hjelp av passende feils\u00f8kingsmetoder. Tiltak for \u00e5 forhindre potensielle problemer inkluderer \u00e5 holde sylinderen ren, s\u00f8rge for riktig installasjon og feste, og overholdelse av anbefalte vedlikeholdsplaner.<\/p>\n<p><img decoding=\"async\" src=\"https:\/\/www.hydraulic-cylinders.net\/wp-content\/uploads\/2025\/01\/songte-chushion-collar.webp\"><\/p>\n<h2>Installasjonsveiledning<\/h2>\n<p>For riktig montering av armsylinderen, f\u00f8lg produsentens instruksjoner og overhold relevante sikkerhetsregler. Kontroller utstyrets kompatibilitet og s\u00f8rg for at alle festepunkter er sikre og i god stand. Utf\u00f8r en funksjonstest f\u00f8r bruk for \u00e5 sikre at sylinderen fungerer som den skal.<\/p>\n<h2>Om oss<\/h2>\n<p>Vi er en profesjonell produsent av hydrauliske erstatningssylindere, med et bredt spekter av produkter, og en av de ledende produsentene og grossistdistribut\u00f8rene av hydrauliske sylindere i det innenlandske og internasjonale markedet. Vi opprettholder alltid prinsippet om fortreffelighet, og stoler p\u00e5 industrialiserte produksjonsstyringsstrategier i fint produserte verksteder for kontinuerlig \u00e5 forbedre v\u00e5rt tekniske niv\u00e5 og produksjonseffektivitet. Ved \u00e5 introdusere avansert digitalt produksjonsutstyr og profesjonelle testsystemer, optimaliserer vi produksjonsplattformen og forbedrer produktets kvalitetskontrollprosess, med sterke innovasjonsevner. V\u00e5rt m\u00e5l er \u00e5 m\u00f8te kundenes varierte behov med effektivitet, n\u00f8yaktighet og h\u00f8y kvalitet.<\/p>\n<ul>\n<li>\n<h3>Profesjonalitet:<\/h3>\n<p> Vi har et team av erfarne og profesjonelle ingeni\u00f8rer og teknikere som spesialiserer seg p\u00e5 design, produksjon og kvalitetskontroll av hydrauliske sylindere.<\/li>\n<li>\n<h3>Internasjonal sertifisering:<\/h3>\n<p> Produktene v\u00e5re har best\u00e5tt en rekke nasjonale og internasjonale kvalitetssertifiseringer som ISO9001:2015, CE og SGS.<\/li>\n<li>\n<h3>Tilpasningstjenester:<\/h3>\n<p> Vi tilbyr skreddersydde tjenester for \u00e5 m\u00f8te kundenes spesifikke krav.<\/li>\n<li>\n<h3>Produksjonsutstyr:<\/h3>\n<p> Vi bruker avansert og avansert digitalt produksjonsutstyr som CNC-dreiebenker og maskineringssentre for \u00e5 sikre h\u00f8y presisjon og konsistens i produktene v\u00e5re.<\/li>\n<li>\n<h3>Ettersalgsservice:<\/h3>\n<p> Vi tilbyr omfattende og profesjonelle ettersalgstjenester som teknisk st\u00f8tte, produktvedlikehold og garanti.<\/li>\n<\/ul>\n<p><img decoding=\"async\" src=\"https:\/\/www.hydraulic-cylinders.net\/wp-content\/uploads\/2025\/01\/songte-company-4.webp\"><\/p>\n<p><img decoding=\"async\" src=\"https:\/\/www.hydraulic-cylinders.net\/wp-content\/uploads\/2025\/01\/songte-company-3.webp\"><\/p>\n<footer>Forfatter: lyl.<\/footer>","protected":false},"excerpt":{"rendered":"<p>Arm Cylinder For Bonny CTD460-6 Introduction An arm cylinder is a specialized hydraulic cylinder that is primarily used to provide linear motion and power to the arms of various types of machinery such as excavators, cranes, and robotic arms. The arm cylinder plays a critical role in hydraulic systems, allowing for effective movement and control [&hellip;]<\/p>","protected":false},"featured_media":14786,"comment_status":"open","ping_status":"closed","template":"","meta":{"_et_pb_use_builder":"","_et_pb_old_content":"","_et_gb_content_width":""},"product_brand":[],"product_cat":[1497],"product_tag":[1498,1496],"class_list":{"0":"post-16868","1":"product","2":"type-product","3":"status-publish","4":"has-post-thumbnail","6":"product_cat-arm-cylinders","7":"product_tag-arm-cylinders","8":"product_tag-hydraulic-cylinders","10":"first","11":"instock","12":"shipping-taxable","13":"product-type-simple"},"amp_enabled":true,"_links":{"self":[{"href":"https:\/\/www.hydraulic-cylinders.net\/nb\/wp-json\/wp\/v2\/product\/16868","targetHints":{"allow":["GET"]}}],"collection":[{"href":"https:\/\/www.hydraulic-cylinders.net\/nb\/wp-json\/wp\/v2\/product"}],"about":[{"href":"https:\/\/www.hydraulic-cylinders.net\/nb\/wp-json\/wp\/v2\/types\/product"}],"replies":[{"embeddable":true,"href":"https:\/\/www.hydraulic-cylinders.net\/nb\/wp-json\/wp\/v2\/comments?post=16868"}],"wp:featuredmedia":[{"embeddable":true,"href":"https:\/\/www.hydraulic-cylinders.net\/nb\/wp-json\/wp\/v2\/media\/14786"}],"wp:attachment":[{"href":"https:\/\/www.hydraulic-cylinders.net\/nb\/wp-json\/wp\/v2\/media?parent=16868"}],"wp:term":[{"taxonomy":"product_brand","embeddable":true,"href":"https:\/\/www.hydraulic-cylinders.net\/nb\/wp-json\/wp\/v2\/product_brand?post=16868"},{"taxonomy":"product_cat","embeddable":true,"href":"https:\/\/www.hydraulic-cylinders.net\/nb\/wp-json\/wp\/v2\/product_cat?post=16868"},{"taxonomy":"product_tag","embeddable":true,"href":"https:\/\/www.hydraulic-cylinders.net\/nb\/wp-json\/wp\/v2\/product_tag?post=16868"}],"curies":[{"name":"wp","href":"https:\/\/api.w.org\/{rel}","templated":true}]}}