{"id":1690,"date":"2023-10-11T06:56:41","date_gmt":"2023-10-11T06:56:41","guid":{"rendered":"https:\/\/hydraulic-cylinders.net\/?post_type=product&#038;p=1690"},"modified":"2025-04-11T02:59:53","modified_gmt":"2025-04-11T02:59:53","slug":"electric-furnace-cover-lifting-cylinder","status":"publish","type":"product","link":"https:\/\/www.hydraulic-cylinders.net\/nb\/produkt\/electric-furnace-cover-lifting-cylinder\/","title":{"rendered":"L\u00f8ftesylinder for elektrisk ovnsdeksel"},"content":{"rendered":"<h1 style=\"text-align: center;\"><strong>Elektrisk ovn <\/strong><strong>Dekke <\/strong><strong>L\u00f8ftesylinder<\/strong><\/h1>\n<p><img loading=\"lazy\" decoding=\"async\" class=\"aligncenter wp-image-1691\" src=\"https:\/\/hydraulic-cylinders.net\/wp-content\/uploads\/2023\/10\/lifting-cylinder-of-furnace-cover-1-300x300.webp\" alt=\"\" width=\"400\" height=\"400\" \/><\/p>\n<p>Den elektriske l\u00f8ftesylinderen for ovnsdeksel er en banebrytende l\u00f8sning utviklet for \u00e5 forbedre sikkerhet og effektivitet i industriell ovnsdrift. Som en viktig komponent i ovnsutstyret, forenkler denne sylinderen l\u00f8fting og senking av ovnsdekselet med presisjon og enkelhet.<\/p>\n<p>L\u00f8ftesylinderen for elektrisk ovnsdeksel er viktig i industriell ovnsdrift, og gir forbedret sikkerhet, effektivitet og kontroll ved l\u00f8fting og senking av ovnsdekselet. Med sin robuste konstruksjon, effektive l\u00f8ftekapasitet, elektriske kraftsystem og avanserte sikkerhetsfunksjoner, hever denne sylinderen ytelsen og p\u00e5liteligheten til ovnsutstyret. Ved \u00e5 f\u00f8lge anbefalte bruksmetoder og vedlikeholdspraksiser kan du sikre optimal drift og levetid for l\u00f8ftesylinderen for elektrisk ovnsdeksel, noe som bidrar til et trygt og produktivt ovnsmilj\u00f8.<\/p>\n<p>Viktige egenskaper ved l\u00f8ftesylinder for elektrisk ovnsdeksel:<\/p>\n<ol>\n<li>Robust konstruksjon:\n<ul>\n<li>Dekselet til l\u00f8ftesylinderen p\u00e5 den elektriske ovnen er bygget av materialer av h\u00f8y kvalitet, noe som sikrer holdbarhet og lang levetid selv under krevende driftsforhold.<\/li>\n<li>Den robuste konstruksjonen gj\u00f8r at den t\u00e5ler de ekstreme temperaturene og t\u00f8ffe milj\u00f8ene som vanligvis oppst\u00e5r i ovnsdrift.<\/li>\n<\/ul>\n<\/li>\n<li>Effektiv l\u00f8ftekapasitet:\n<ul>\n<li>Denne sylinderen har en kraftig l\u00f8ftekapasitet, slik at den uanstrengt kan heve og senke ovnsdekselet.<\/li>\n<li>Det gir presis kontroll og jevn drift, minimerer risikoen for ulykker og maksimerer driftseffektiviteten.<\/li>\n<\/ul>\n<\/li>\n<li>Elektrisk drevet:\n<ul>\n<li>Den elektriske ovnsl\u00f8ftesylinderen fungerer ved hjelp av en elektrisk str\u00f8mkilde, noe som eliminerer behovet for manuell eller hydraulisk assistanse.<\/li>\n<li>Dette elektrisk drevne systemet tilbyr bekvemmelighet, hastighet og p\u00e5litelighet, og effektiviserer l\u00f8fteprosessen for ovnsdekselet.<\/li>\n<\/ul>\n<\/li>\n<li>Sikkerhetsfunksjoner:\n<ul>\n<li>Sylinderen har avanserte sikkerhetsfunksjoner som overbelastningsbeskyttelse og n\u00f8dstoppmekanismer.<\/li>\n<li>Disse sikkerhetsfunksjonene sikrer beskyttelse av personell og utstyr, og reduserer risikoen for ulykker og potensiell skade.<\/li>\n<\/ul>\n<\/li>\n<\/ol>\n<h2><strong>Parameter for l\u00f8ftesylinder for elektrisk ovnsdeksel:<\/strong><\/h2>\n<table border=\"1\" cellspacing=\"0\" cellpadding=\"0\">\n<tbody>\n<tr>\n<td>Produktnavn<\/td>\n<td>Roterende sylinder for elektrisk ovnsdeksel<\/td>\n<\/tr>\n<tr>\n<td>Borediameter:<\/td>\n<td>210 mm<\/td>\n<\/tr>\n<tr>\n<td>Stangdiameter:<\/td>\n<td>125 mm<\/td>\n<\/tr>\n<tr>\n<td>Trykk:<\/td>\n<td>14 MPa<\/td>\n<\/tr>\n<tr>\n<td>Skyvekraft:<\/td>\n<td>Maksimum 484 kN<\/td>\n<\/tr>\n<tr>\n<td>Anvendelser av roterende sylinder for ovnsdeksel:<\/td>\n<td>Elektrisk ovn<\/td>\n<\/tr>\n<\/tbody>\n<\/table>\n<div><\/div>\n<div class=\"txtboxR\">\n<div class=\"txtboxL\">\n<div class=\"txtboxL\">Skyvekraft:<\/div>\n<div class=\"txtboxR\">Maksimum 3448 kN<br \/>\n(Boringsdiameter: 580 mm \/ Stangdiameter: 560 \/ trykk 14 MPa)<\/div>\n<\/div>\n<\/div>\n<h2><strong>Elektrisk ovn <\/strong><strong> Sylinderfabrikk:<\/strong><\/h2>\n<p><img loading=\"lazy\" decoding=\"async\" class=\"alignnone wp-image-1697 size-full\" src=\"https:\/\/hydraulic-cylinders.net\/wp-content\/uploads\/2023\/10\/filter-press-cylinder-1.webp\" alt=\"\" width=\"1418\" height=\"946\" srcset=\"https:\/\/hydraulic-cylinders.net\/wp-content\/uploads\/2023\/10\/filter-press-cylinder-1.webp 1418w, https:\/\/hydraulic-cylinders.net\/wp-content\/uploads\/2023\/10\/filter-press-cylinder-1-1280x854.webp 1280w, https:\/\/hydraulic-cylinders.net\/wp-content\/uploads\/2023\/10\/filter-press-cylinder-1-980x654.webp 980w, https:\/\/hydraulic-cylinders.net\/wp-content\/uploads\/2023\/10\/filter-press-cylinder-1-480x320.webp 480w\" sizes=\"(min-width: 0px) and (max-width: 480px) 480px, (min-width: 481px) and (max-width: 980px) 980px, (min-width: 981px) and (max-width: 1280px) 1280px, (min-width: 1281px) 1418px, 100vw\" \/><\/p>\n<h2><strong>Bruksmetode for l\u00f8ftesylinder for elektrisk ovndeksel<\/strong><strong>:<\/strong><\/h2>\n<ol>\n<li><strong>Installasjon:<\/strong>\n<ul>\n<li>S\u00f8rg for at l\u00f8ftemekanismen til ovnsdekselet er tilstrekkelig klargjort for installasjon.<\/li>\n<li>Plasser l\u00f8ftesylinderen til den elektriske ovnen i det angitte omr\u00e5det, og juster den med l\u00f8ftemekanismen.<\/li>\n<li>Fest sylinderen godt til l\u00f8ftemekanismen med passende bolter eller monteringsbraketter.<\/li>\n<\/ul>\n<\/li>\n<li><strong>Elektrisk tilkobling:<\/strong>\n<ul>\n<li>Koble l\u00f8ftesylinderen til den elektriske ovnen til str\u00f8mkilden ved hjelp av den medf\u00f8lgende ledningen.<\/li>\n<li>Kontroller at alle elektriske tilkoblinger er sikre og fri for l\u00f8se tilkoblinger eller eksponerte ledninger.<\/li>\n<li>F\u00f8lg produsentens instruksjoner for riktig elektrisk tilkobling og jording.<\/li>\n<\/ul>\n<\/li>\n<li><strong>Betjening av kontrollpanelet:<\/strong>\n<ul>\n<li>Gj\u00f8r deg kjent med kontrollpanelet og dets funksjoner.<\/li>\n<li>Aktiver kontrollpanelet og s\u00f8rg for at systemet er sl\u00e5tt p\u00e5.<\/li>\n<li>Bruk kontrollknappene eller bryterne til \u00e5 betjene l\u00f8ftesylinderen til den elektriske ovnen, og l\u00f8ft eller senk ovnsdekselet etter behov.<\/li>\n<\/ul>\n<\/li>\n<li><strong>Sikkerhetsregler:<\/strong>\n<ul>\n<li>F\u00f8lg alle sikkerhetsretningslinjer og protokoller n\u00e5r du bruker l\u00f8ftesylinderen til den elektriske ovnen.<\/li>\n<li>S\u00f8rg for at personell ikke befinner seg i l\u00f8fteomr\u00e5det under drift.<\/li>\n<li>Inspiser systemet regelmessig for tegn p\u00e5 slitasje, skade eller funksjonsfeil, og utbedre eventuelle problemer raskt.<\/li>\n<\/ul>\n<\/li>\n<\/ol>\n<h2><strong>Hvordan lufte en hydraulisk sylinder uten lufteventil?<\/strong><\/h2>\n<p>Det kan v\u00e6re mer utfordrende \u00e5 lufte en hydraulisk sylinder uten lufteventil, men det er fortsatt mulig. Her er en trinnvis veiledning om hvordan du lufter en hydraulisk sylinder uten lufteventil:<\/p>\n<ol>\n<li><strong>Forbered arbeidsomr\u00e5det:<\/strong>\n<ul>\n<li>S\u00f8rg for at du har et rent og godt opplyst arbeidsomr\u00e5de for \u00e5 arbeide p\u00e5 den hydrauliske sylinderen.<\/li>\n<li>Legg ned et beskyttende dekke for \u00e5 fange opp s\u00f8l eller rusk.<\/li>\n<\/ul>\n<\/li>\n<li><strong>Slipp hydraulisk trykk:<\/strong>\n<ul>\n<li>Steng av det hydrauliske systemet og avlast trykket i sylinderen ved \u00e5 aktivere kontrollventilen eller fjerne den hydrauliske slangen.<\/li>\n<li>Aktiver eventuelle sikkerhetsl\u00e5ser eller blokker for \u00e5 forhindre utilsiktet sylinderbevegelse under lufteprosessen.<\/li>\n<\/ul>\n<\/li>\n<li><strong>Plasser sylinderen:<\/strong>\n<ul>\n<li>Plasser den hydrauliske sylinderen slik at luftbobler kan stige til det h\u00f8yeste punktet.<\/li>\n<li>Hvis mulig, plasser sylinderen slik at luften kan slippe ut fra den \u00f8vre enden av sylinderen.<\/li>\n<\/ul>\n<\/li>\n<li><strong>Trykk p\u00e5 sylinderen:<\/strong>\n<ul>\n<li>Bruk et ikke-metallisk verkt\u00f8y, for eksempel en gummihammer eller et trestykke, til \u00e5 banke p\u00e5 sidene av sylinderen.<\/li>\n<li>Start nedenfra og arbeid deg oppover, og bank forsiktig for \u00e5 oppmuntre eventuell innestengt luft til \u00e5 stige til toppen av sylinderen.<\/li>\n<\/ul>\n<\/li>\n<li><strong>Slag p\u00e5 sylinderen:<\/strong>\n<ul>\n<li>Betjen det hydrauliske systemet for \u00e5 bevege sylinderen gjennom hele bevegelsesomr\u00e5det.<\/li>\n<li>Trekk sylinderen ut og inn flere ganger for \u00e5 gj\u00f8re det lettere \u00e5 bevege eventuell innestengt luft mot det h\u00f8yeste punktet.<\/li>\n<\/ul>\n<\/li>\n<li><strong>P\u00e5f\u00f8r kontinuerlig trykk:<\/strong>\n<ul>\n<li>Trekk den hydrauliske sylinderen helt ut og trykk kontinuerlig for \u00e5 holde den i utstrakt posisjon.<\/li>\n<li>Dette konstante trykket kan bidra til \u00e5 tvinge eventuelle luftbobler mot toppen av sylinderen.<\/li>\n<\/ul>\n<\/li>\n<li><strong>Overv\u00e5k for luftutslipp:<\/strong>\n<ul>\n<li>Hold n\u00f8ye \u00f8ye med sylinderen under luftingen.<\/li>\n<li>Se etter tegn p\u00e5 luftbobler som slipper ut fra sylinderen, spesielt fra toppenden.<\/li>\n<\/ul>\n<\/li>\n<li><strong>Gjenta prosessen:<\/strong>\n<ul>\n<li>Hvis du ser luftbobler som slipper ut, fortsett \u00e5 banke p\u00e5 sylinderen og sykle den gjennom hele bevegelsesomr\u00e5det.<\/li>\n<li>Gjenta trinn 4 til 7 til det ikke slippes ut flere luftbobler, noe som indikerer at sylinderen er skikkelig luftet.<\/li>\n<\/ul>\n<\/li>\n<li><strong>Sjekk for problemfri drift:<\/strong>\n<ul>\n<li>N\u00e5r du har luftet den hydrauliske sylinderen, m\u00e5 du betjene systemet for \u00e5 sikre jevn og jevn bevegelse.<\/li>\n<li>Kontroller at det ikke er unormale lyder eller vibrasjoner under drift.<\/li>\n<\/ul>\n<\/li>\n<li><strong>Sett sylinderen p\u00e5 plass igjen:<\/strong>\n<ul>\n<li>N\u00e5r du har bekreftet at den hydrauliske sylinderen er riktig luftet og fungerer problemfritt, monter den tilbake i utstyret eller maskineriet.<\/li>\n<li>S\u00f8rg for at sylinderen er riktig justert og forsvarlig festet.<\/li>\n<\/ul>\n<\/li>\n<\/ol>\n<h2><strong>Fabrikkens kapasitet og kapasitet:<\/strong><\/h2>\n<h3>(1) Montering<\/h3>\n<p>Vi har en f\u00f8rsteklasses uavhengig forsknings- og utviklingsplattform for montering. Verkstedet for produksjon av hydrauliske sylindere har fire halvautomatiske monteringslinjer for l\u00f8ftesylindere og \u00e9n automatisk monteringslinje for vippesylindere, med en \u00e5rlig produksjonskapasitet p\u00e5 1 million enheter. Spesialsylinderverkstedet er utstyrt med ulike spesifikasjoner for et halvautomatisk rengj\u00f8ringsmonteringssystem med en \u00e5rlig produksjonskapasitet p\u00e5 200 000 enheter, og er utstyrt med kjent CNC-maskineringsutstyr, et maskineringssenter, spesialutstyr for h\u00f8ypresisjons sylinderbehandling, en robotsveisemaskin, en automatisk rengj\u00f8ringsmaskin, en automatisk sylindermonteringsmaskin og en automatisk produksjonslinje for lakkering. Vi har mer enn 300 sett (sett) av kritisk utstyr. Optimal allokering og effektiv bruk av utstyrsressurser sikrer n\u00f8yaktighetskravene til produktene og oppfyller produktenes h\u00f8ye kvalitetsbehov.<\/p>\n<p><img loading=\"lazy\" decoding=\"async\" class=\"alignnone wp-image-626\" src=\"https:\/\/hydraulic-cylinders.net\/wp-content\/uploads\/2023\/08\/hydraulic-cylinder-product-1-300x158.webp\" alt=\"\" width=\"495\" height=\"260\" srcset=\"https:\/\/hydraulic-cylinders.net\/wp-content\/uploads\/2023\/08\/hydraulic-cylinder-product-1-300x158.webp 495w, https:\/\/hydraulic-cylinders.net\/wp-content\/uploads\/2023\/08\/hydraulic-cylinder-product-1-480x252.webp 480w\" sizes=\"(min-width: 0px) and (max-width: 480px) 480px, (min-width: 481px) 495px, 100vw\" \/> <img loading=\"lazy\" decoding=\"async\" class=\"alignnone wp-image-627\" src=\"https:\/\/hydraulic-cylinders.net\/wp-content\/uploads\/2023\/08\/hydraulic-cylinder-product-2-300x189.webp\" alt=\"\" width=\"413\" height=\"260\" \/><\/p>\n<h3>(2) Maskinering<\/h3>\n<p>Maskineringsverkstedet er utstyrt med et spesialtilpasset dreiesenter for skr\u00e5 skinner, maskineringssenter, h\u00f8yhastighets honemaskin, sveiserobot og annet relatert utstyr, som kan h\u00e5ndtere bearbeiding av sylinderr\u00f8r med en maksimal indre diameter p\u00e5 400 mm og en maksimal lengde p\u00e5 6 meter.<\/p>\n<p><img loading=\"lazy\" decoding=\"async\" class=\"alignnone wp-image-628 size-large\" src=\"https:\/\/hydraulic-cylinders.net\/wp-content\/uploads\/2023\/08\/hydraulic-cylinder-product-3-1024x391.webp\" alt=\"\" width=\"1024\" height=\"391\" srcset=\"https:\/\/hydraulic-cylinders.net\/wp-content\/uploads\/2023\/08\/hydraulic-cylinder-product-3-980x374.webp 980w, https:\/\/hydraulic-cylinders.net\/wp-content\/uploads\/2023\/08\/hydraulic-cylinder-product-3-480x183.webp 480w\" sizes=\"(min-width: 0px) and (max-width: 480px) 480px, (min-width: 481px) and (max-width: 980px) 980px, (min-width: 981px) 1024px, 100vw\" \/><\/p>\n<h3>(3) Sveising<\/h3>\n<p><img loading=\"lazy\" decoding=\"async\" class=\"alignnone wp-image-629 size-large\" src=\"https:\/\/hydraulic-cylinders.net\/wp-content\/uploads\/2023\/08\/hydraulic-cylinder-product-4-1024x510.webp\" alt=\"\" width=\"1024\" height=\"510\" srcset=\"https:\/\/hydraulic-cylinders.net\/wp-content\/uploads\/2023\/08\/hydraulic-cylinder-product-4-980x488.webp 980w, https:\/\/hydraulic-cylinders.net\/wp-content\/uploads\/2023\/08\/hydraulic-cylinder-product-4-480x239.webp 480w\" sizes=\"(min-width: 0px) and (max-width: 480px) 480px, (min-width: 481px) and (max-width: 980px) 980px, (min-width: 981px) 1024px, 100vw\" \/><\/p>\n<h3>(4) Maling og belegg<\/h3>\n<p>Med sm\u00e5 og mellomstore sylinderautomatiske vannbaserte malingsbeleggslinjer, for \u00e5 oppn\u00e5 automatisk robotlasting og -lossing og automatisk spr\u00f8yting, er den designede kapasiteten 4000 stykker per skift;<br \/>\nVi har ogs\u00e5 en halvautomatisk produksjonslinje for maling for store sylindere drevet av en kabelkjede, med en designkapasitet p\u00e5 60 kasser per skift.<\/p>\n<p><img loading=\"lazy\" decoding=\"async\" class=\"alignnone wp-image-630\" src=\"https:\/\/hydraulic-cylinders.net\/wp-content\/uploads\/2023\/08\/hydraulic-cylinder-product-5-300x213.webp\" alt=\"\" width=\"366\" height=\"260\" \/> <img loading=\"lazy\" decoding=\"async\" class=\"alignnone wp-image-631\" src=\"https:\/\/hydraulic-cylinders.net\/wp-content\/uploads\/2023\/08\/hydraulic-cylinder-product-6-300x225.webp\" alt=\"\" width=\"347\" height=\"260\" \/><\/p>\n<h3>(5) Testing<\/h3>\n<p>Vi har f\u00f8rsteklasses inspeksjonsfasiliteter og testbenker for \u00e5 sikre at sylinderens ytelse oppfyller kravene.<\/p>\n<p><img loading=\"lazy\" decoding=\"async\" class=\"alignnone wp-image-632\" src=\"https:\/\/hydraulic-cylinders.net\/wp-content\/uploads\/2023\/08\/hydraulic-cylinder-product-8-300x200.webp\" alt=\"\" width=\"389\" height=\"260\" \/><\/p>\n<p>&nbsp;<\/p>\n<p>&nbsp;<\/p>\n<p>Vi er en av de beste produsentene av hydrauliske sylindere. Vi kan tilby et omfattende utvalg av hydrauliske sylindere. Vi tilbyr ogs\u00e5 tilsvarende <a href=\"https:\/\/hzpt.com\/agricultural-pto-gearbox\/\" target=\"_blank\" rel=\"noopener\">landbruksgirkasser<\/a>Vi har eksportert produktene v\u00e5re til kunder over hele verden og opparbeidet oss et godt rykte p\u00e5 grunn av v\u00e5r overlegne produktkvalitet og ettersalgsservice. Vi \u00f8nsker kunder i inn- og utland velkommen til \u00e5 kontakte oss for \u00e5 forhandle om forretninger, utveksle informasjon og <a href=\"https:\/\/www.hydraulic-cylinders.net\/nb\/contact-us\/\">samarbeide med oss<\/a>!<\/p>","protected":false},"excerpt":{"rendered":"<p>Electric Furnace Cover Lifting Cylinder The electric furnace cover lifting cylinder is a cutting-edge solution designed to enhance safety and efficiency in industrial furnace operations. As a crucial component of furnace equipment, this cylinder facilitates the lifting and lowering of the furnace cover with precision and ease. The electric furnace cover lifting cylinder is vital [&hellip;]<\/p>","protected":false},"featured_media":1692,"comment_status":"open","ping_status":"closed","template":"","meta":{"_et_pb_use_builder":"","_et_pb_old_content":"","_et_gb_content_width":""},"product_brand":[],"product_cat":[1549,1524,1376],"product_tag":[1380],"class_list":{"0":"post-1690","1":"product","2":"type-product","3":"status-publish","4":"has-post-thumbnail","6":"product_cat-single-acting-hydraulic-cylinder","7":"product_cat-steel-mill-hydraulic-cylinders","8":"product_cat-hydraulic-cylinder","9":"product_tag-hydraulic-cylinder","11":"first","12":"instock","13":"shipping-taxable","14":"product-type-simple"},"amp_enabled":true,"_links":{"self":[{"href":"https:\/\/www.hydraulic-cylinders.net\/nb\/wp-json\/wp\/v2\/product\/1690","targetHints":{"allow":["GET"]}}],"collection":[{"href":"https:\/\/www.hydraulic-cylinders.net\/nb\/wp-json\/wp\/v2\/product"}],"about":[{"href":"https:\/\/www.hydraulic-cylinders.net\/nb\/wp-json\/wp\/v2\/types\/product"}],"replies":[{"embeddable":true,"href":"https:\/\/www.hydraulic-cylinders.net\/nb\/wp-json\/wp\/v2\/comments?post=1690"}],"wp:featuredmedia":[{"embeddable":true,"href":"https:\/\/www.hydraulic-cylinders.net\/nb\/wp-json\/wp\/v2\/media\/1692"}],"wp:attachment":[{"href":"https:\/\/www.hydraulic-cylinders.net\/nb\/wp-json\/wp\/v2\/media?parent=1690"}],"wp:term":[{"taxonomy":"product_brand","embeddable":true,"href":"https:\/\/www.hydraulic-cylinders.net\/nb\/wp-json\/wp\/v2\/product_brand?post=1690"},{"taxonomy":"product_cat","embeddable":true,"href":"https:\/\/www.hydraulic-cylinders.net\/nb\/wp-json\/wp\/v2\/product_cat?post=1690"},{"taxonomy":"product_tag","embeddable":true,"href":"https:\/\/www.hydraulic-cylinders.net\/nb\/wp-json\/wp\/v2\/product_tag?post=1690"}],"curies":[{"name":"wp","href":"https:\/\/api.w.org\/{rel}","templated":true}]}}