{"id":16942,"date":"2025-01-21T06:14:29","date_gmt":"2025-01-21T06:14:29","guid":{"rendered":"https:\/\/www.hydraulic-cylinders.net\/product\/arm-cylinder-for-kato-small-excavator-hd820-3\/"},"modified":"2025-01-21T06:14:31","modified_gmt":"2025-01-21T06:14:31","slug":"arm-cylinder-for-kato-small-excavator-hd820-3","status":"publish","type":"product","link":"https:\/\/www.hydraulic-cylinders.net\/nb\/produkt\/arm-cylinder-for-kato-small-excavator-hd820-3\/","title":{"rendered":"Armsylinder for Kato liten gravemaskin HD820-3"},"content":{"rendered":"<h2>Armsylinder for Kato liten gravemaskin HD820-3<\/h2>\n<h3>Introduksjon<\/h3>\n<p>Armsylinderen er en spesialdesignet hydraulisk sylinder som prim\u00e6rt brukes til \u00e5 gi line\u00e6r bevegelse og kraft til armene til ulike typer maskiner, som gravemaskiner, kraner og robotarmer. Armsylinderen spiller en avgj\u00f8rende rolle i det hydrauliske systemet, og muliggj\u00f8r effektiv bevegelse og kontroll av tilleggsverkt\u00f8y eller tilbeh\u00f8r. Disse sylindrene oppn\u00e5r ikke bare jevn bevegelse, men t\u00e5ler ogs\u00e5 tunge belastninger, noe som sikrer effektiv drift og p\u00e5litelighet av maskiner under ulike driftsforhold.<\/p>\n<p><img decoding=\"async\" src=\"https:\/\/www.hydraulic-cylinders.net\/wp-content\/uploads\/2025\/01\/songte-company-2.webp\" alt=\"Armsylinderbilde\"><\/p>\n<h3>Funksjoner<\/h3>\n<ul>\n<li>Effektiv kraftoverf\u00f8ring: Armsylinderen gir sterk line\u00e6r bevegelse og kraft, noe som sikrer h\u00f8y effektivitet i ulike operasjoner av den mekaniske armen.<\/li>\n<li>Presis kontroll: Gjennom det hydrauliske systemet kan armsylinderen oppn\u00e5 n\u00f8yaktig bevegelseskontroll, noe som gj\u00f8r betjeningen av tilleggsverkt\u00f8y mer fleksibel og presis.<\/li>\n<li>Sterk holdbarhet: Armsylindere er vanligvis laget av h\u00f8yfaste materialer, har god slitestyrke og korrosjonsbestandighet, og er egnet for langvarig bruk i t\u00f8ffe milj\u00f8er.<\/li>\n<li>Multifunksjonell tilpasningsevne: Disse sylindrene kan brukes mye i diverse mekanisk utstyr, som gravemaskiner, kraner og robotarmer, for \u00e5 tilpasse seg ulike arbeidsbehov.<\/li>\n<li>Enkelt vedlikehold: Designet tar hensyn til enkelt vedlikehold og utskifting, noe som gj\u00f8r regelmessige inspeksjoner og vedlikehold mer praktisk og reduserer nedetid for utstyr.<\/li>\n<\/ul>\n<p>Vi kan produsere dette produktet, og produktet v\u00e5rt kan erstatte disse hydrauliske sylindrene perfekt.<\/p>\n<p><img decoding=\"async\" src=\"https:\/\/www.hydraulic-cylinders.net\/wp-content\/uploads\/2025\/01\/songte-oil-pipes-and-spare-parts.webp\" alt=\"Bilde av reservedeler for hydrauliske sylindere\"><\/p>\n<h3>Bruksomr\u00e5der<\/h3>\n<p>Armsylinderen er mye brukt i ulike bransjer og felt, for eksempel:<\/p>\n<ul>\n<li>Byggteknikk: I gravemaskiner og kraner brukes armsylinderen til \u00e5 kontrollere bevegelsen av skuffer eller bommer for jordarbeid, materialh\u00e5ndtering og strukturell installasjon.<\/li>\n<li>Produksjon: I automatiserte produksjonslinjer brukes armsylinderen til bevegelse av robotarmer, montering, sveising og h\u00e5ndtering for \u00e5 forbedre produksjonseffektiviteten og n\u00f8yaktigheten.<\/li>\n<li>Landbruksmaskiner: I landbruksmaskiner som hogstmaskiner og plantemaskiner styrer armsylinderen bevegelsen til driftsarmen for \u00e5 utf\u00f8re oppgaver som s\u00e5ing, gj\u00f8dsling og h\u00f8sting.<\/li>\n<li>Gruvedrift: I gruveutstyr brukes armsylinderen til \u00e5 styre armen p\u00e5 gruveutstyret for gruvedrift og transport av malm.<\/li>\n<li>Logistikk og transport: I gaffeltrucker og h\u00e5ndteringsroboter brukes armsylinderen til \u00e5 kontrollere l\u00f8fting og bevegelse av gaflene for \u00e5 h\u00e5ndtere og stable materialer.<\/li>\n<\/ul>\n<h3>Designhensyn og utvalgskriterier<\/h3>\n<p>In terms of design considerations, the arm cylinder&#8217;s load bearing capacity, sealing, durability, safety, and maintainability are the key factors to be considered.<\/p>\n<ul>\n<li>B\u00e6reevne: Armsylinderen skal v\u00e6re konstruert for \u00e5 t\u00e5le den maksimale belastningen den vil m\u00f8te under drift.<\/li>\n<li>Tetting: Ulike tetningskomponenter som stempeltetninger og stangtetninger b\u00f8r velges for \u00e5 sikre p\u00e5litelig tetningsytelse og forhindre oljelekkasje.<\/li>\n<li>Holdbarhet: Armsylinderen b\u00f8r v\u00e6re laget av h\u00f8yfaste materialer for \u00e5 sikre god slitasje- og korrosjonsbestandighet og langvarig bruk i t\u00f8ffe milj\u00f8er.<\/li>\n<li>Sikkerhet: Armsylinderen b\u00f8r v\u00e6re utformet for \u00e5 forhindre ulykker for\u00e5rsaket av overbelastning, st\u00f8t eller andre unormale forhold.<\/li>\n<li>Vedlikeholdsvennlighet: Armsylinderen b\u00f8r v\u00e6re utformet for enkelt vedlikehold og utskifting av skadede komponenter, noe som reduserer nedetiden for utstyr.<\/li>\n<\/ul>\n<p><img decoding=\"async\" src=\"https:\/\/www.hydraulic-cylinders.net\/wp-content\/uploads\/2025\/01\/songte-cylinder-head-with-all-kinds-excavator-models.webp\" alt=\"Bilde av sylinderhode\"><\/p>\n<h3>Tetting og sm\u00f8ring<\/h3>\n<p>Armsylinderen bruker forskjellige tetningskomponenter som stempeltetninger og stangtetninger for \u00e5 sikre p\u00e5litelig tetningsytelse og forhindre oljelekkasje. Disse komponentene er laget av slitesterke materialer som polyuretan og nitrilgummi. Sylinderhuset og gjengeenden er fint bearbeidet for \u00e5 forbedre slitestyrken. Regelmessig tilsetning av passende hydraulisk olje er n\u00f8dvendig for sm\u00f8ring.<\/p>\n<h3>Vedlikehold og feils\u00f8king<\/h3>\n<p>Regelmessig inspeksjon og forebyggende vedlikehold er viktig for \u00e5 sikre sikker og p\u00e5litelig drift av armsylinderen. Ved problemer er rettidig feils\u00f8king og reparasjonstiltak n\u00f8dvendig for \u00e5 minimere nedetid. Noen vanlige problemer og l\u00f8sninger inkluderer:<\/p>\n<ul>\n<li>Oljelekkasje: Skift ut skadede tetningskomponenter eller stram l\u00f8se forbindelser for \u00e5 forhindre oljelekkasje.<\/li>\n<li>D\u00e5rlig ytelse: Kontroller hydraulikkoljeniv\u00e5et og kvaliteten, rengj\u00f8r eller skift filterelementet, og juster trykket for \u00e5 sikre normal drift.<\/li>\n<li>Skade eller deformasjon: Skift ut skadede eller deformerte komponenter i tide for \u00e5 unng\u00e5 skade p\u00e5 andre komponenter og sikre sikker drift.<\/li>\n<\/ul>\n<p><img decoding=\"async\" src=\"https:\/\/www.hydraulic-cylinders.net\/wp-content\/uploads\/2025\/01\/songte-chushion-collar.webp\" alt=\"Putekragebilde\"><\/p>\n<h3>Installasjonsveiledning<\/h3>\n<p>The installation of the arm cylinder should follow the manufacturer&#8217;s instructions and be carried out by trained professionals. The installation process includes checking the installation position and angle, tightening the connection bolts, and connecting the hydraulic hoses and fittings. After installation, check for leaks and perform a pressure test to ensure proper operation.<\/p>\n<h3>Om oss<\/h3>\n<p>We are a professional manufacturer of hydraulic cylinders with a wide range of products and have become one of the leading hydraulic cylinder manufacturers and wholesale distributors in domestic and international markets. We always adhere to the principle of excellent quality, rely on the industrialized production management strategy of the sophisticated manufacturing workshop, continuously improve our technical level and production efficiency. Through the introduction of high-end digital manufacturing equipment and professional testing systems, we continuously optimize the manufacturing platform, improve the product quality control process, and have strong innovation ability. Our goal is to meet customers&#8217; diversified needs with high efficiency, accuracy, and high quality.<\/p>\n<h3>V\u00e5re spesialiteter<\/h3>\n<ul>\n<li>Profesjonalitet: Teamet v\u00e5rt best\u00e5r av erfarne ingeni\u00f8rer, teknikere og selgere som tilbyr profesjonelle og omfattende tjenester.<\/li>\n<li>Internasjonale sertifiseringer: Produktene v\u00e5re har best\u00e5tt en rekke internasjonale sertifiseringer som ISO9001, CE og RoHS.<\/li>\n<li>Customization Services: We provide customized hydraulic cylinder solutions to meet customers&#8217; specific needs and requirements.<\/li>\n<li>Produksjonsutstyr: Vi har avansert produksjonsutstyr som CNC-maskineringssentre, automatiske sveisemaskiner og testutstyr for \u00e5 sikre h\u00f8y effektivitet og presisjon.<\/li>\n<li>Ettersalgsservice: Vi tilbyr rettidig og effektiv ettersalgsservice, inkludert teknisk st\u00f8tte, vedlikehold og reparasjon.<\/li>\n<\/ul>\n<p><img decoding=\"async\" src=\"https:\/\/www.hydraulic-cylinders.net\/wp-content\/uploads\/2025\/01\/songte-company-4.webp\" alt=\"Firmabilde 1\"><br \/>\n<img decoding=\"async\" src=\"https:\/\/www.hydraulic-cylinders.net\/wp-content\/uploads\/2025\/01\/songte-company-3.webp\" alt=\"Firmabilde 2\"><\/p>\n<p>Forfatter: lyl.<\/p>","protected":false},"excerpt":{"rendered":"<p>Arm Cylinder For Kato Small Excavator HD820-3 Introduction The arm cylinder is a specially designed hydraulic cylinder that is primarily used to provide linear motion and power for the arms of various types of machinery, such as excavators, cranes, and robotic arms. The arm cylinder plays a crucial role in the hydraulic system, allowing for [&hellip;]<\/p>","protected":false},"featured_media":14774,"comment_status":"open","ping_status":"closed","template":"","meta":{"_et_pb_use_builder":"","_et_pb_old_content":"","_et_gb_content_width":""},"product_brand":[],"product_cat":[1497],"product_tag":[1498,1496],"class_list":{"0":"post-16942","1":"product","2":"type-product","3":"status-publish","4":"has-post-thumbnail","6":"product_cat-arm-cylinders","7":"product_tag-arm-cylinders","8":"product_tag-hydraulic-cylinders","10":"first","11":"instock","12":"shipping-taxable","13":"product-type-simple"},"amp_enabled":true,"_links":{"self":[{"href":"https:\/\/www.hydraulic-cylinders.net\/nb\/wp-json\/wp\/v2\/product\/16942","targetHints":{"allow":["GET"]}}],"collection":[{"href":"https:\/\/www.hydraulic-cylinders.net\/nb\/wp-json\/wp\/v2\/product"}],"about":[{"href":"https:\/\/www.hydraulic-cylinders.net\/nb\/wp-json\/wp\/v2\/types\/product"}],"replies":[{"embeddable":true,"href":"https:\/\/www.hydraulic-cylinders.net\/nb\/wp-json\/wp\/v2\/comments?post=16942"}],"wp:featuredmedia":[{"embeddable":true,"href":"https:\/\/www.hydraulic-cylinders.net\/nb\/wp-json\/wp\/v2\/media\/14774"}],"wp:attachment":[{"href":"https:\/\/www.hydraulic-cylinders.net\/nb\/wp-json\/wp\/v2\/media?parent=16942"}],"wp:term":[{"taxonomy":"product_brand","embeddable":true,"href":"https:\/\/www.hydraulic-cylinders.net\/nb\/wp-json\/wp\/v2\/product_brand?post=16942"},{"taxonomy":"product_cat","embeddable":true,"href":"https:\/\/www.hydraulic-cylinders.net\/nb\/wp-json\/wp\/v2\/product_cat?post=16942"},{"taxonomy":"product_tag","embeddable":true,"href":"https:\/\/www.hydraulic-cylinders.net\/nb\/wp-json\/wp\/v2\/product_tag?post=16942"}],"curies":[{"name":"wp","href":"https:\/\/api.w.org\/{rel}","templated":true}]}}