{"id":16960,"date":"2025-01-21T08:27:32","date_gmt":"2025-01-21T08:27:32","guid":{"rendered":"https:\/\/www.hydraulic-cylinders.net\/?post_type=product&#038;p=16960"},"modified":"2025-04-11T01:44:58","modified_gmt":"2025-04-11T01:44:58","slug":"hcyy11112000-forklift-lifting-cylinder","status":"publish","type":"product","link":"https:\/\/www.hydraulic-cylinders.net\/nb\/produkt\/hcyy11112000-forklift-lifting-cylinder\/","title":{"rendered":"HCYY11112000 Gaffeltruckl\u00f8ftesylinder"},"content":{"rendered":"<h1 style=\"text-align: center;\"><strong>HCYY11112000 Gaffeltruckl\u00f8ftesylinder<\/strong><\/h1>\n<p><img loading=\"lazy\" decoding=\"async\" class=\"alignnone wp-image-16964\" src=\"https:\/\/www.hydraulic-cylinders.net\/wp-content\/uploads\/2025\/01\/hcyy11112000-forklift-lifting-cylinder-1.webp\" alt=\"\" width=\"1000\" height=\"345\" srcset=\"https:\/\/www.hydraulic-cylinders.net\/wp-content\/uploads\/2025\/01\/hcyy11112000-forklift-lifting-cylinder-1-980x338.webp 980w, https:\/\/www.hydraulic-cylinders.net\/wp-content\/uploads\/2025\/01\/hcyy11112000-forklift-lifting-cylinder-1-480x166.webp 480w\" sizes=\"(min-width: 0px) and (max-width: 480px) 480px, (min-width: 481px) and (max-width: 980px) 980px, (min-width: 981px) 1000px, 100vw\" \/><\/p>\n<p>Gaffeltruckl\u00f8ftesylinderen HCYY11112000 er en viktig komponent for gaffeltruckoperasjoner, og muliggj\u00f8r effektiv l\u00f8fting og senking av tunge laster. Denne hydrauliske sylinderen er konstruert for holdbarhet og h\u00f8y ytelse, og \u00f8ker produktiviteten betydelig i ulike industrielle milj\u00f8er.<\/p>\n<p>Som en viktig ressurs for enhver gaffeltruckoperasjon har HCYY11112000 en robust design og h\u00f8y lastekapasitet, noe som gj\u00f8r den til et ideelt valg for bransjer som lager og bygg og anlegg. Ved \u00e5 gj\u00f8re seg kjent med funksjonene, riktig bruk og vedlikeholdskrav, kan operat\u00f8rer sikre at denne hydrauliske sylinderen gir p\u00e5litelig service og forbedrer produktiviteten i \u00e5revis.<\/p>\n<h2><strong>HCYY11112000 Gaffeltruckl\u00f8ftesylinder Parameter:<\/strong><\/h2>\n<h2><img loading=\"lazy\" decoding=\"async\" class=\"alignnone size-full wp-image-16968\" src=\"https:\/\/www.hydraulic-cylinders.net\/wp-content\/uploads\/2025\/01\/hcyy11112000-forklift-lifting-cylinder-5.webp\" alt=\"\" width=\"1517\" height=\"144\" srcset=\"https:\/\/www.hydraulic-cylinders.net\/wp-content\/uploads\/2025\/01\/hcyy11112000-forklift-lifting-cylinder-5.webp 1517w, https:\/\/www.hydraulic-cylinders.net\/wp-content\/uploads\/2025\/01\/hcyy11112000-forklift-lifting-cylinder-5-1280x122.webp 1280w, https:\/\/www.hydraulic-cylinders.net\/wp-content\/uploads\/2025\/01\/hcyy11112000-forklift-lifting-cylinder-5-980x93.webp 980w, https:\/\/www.hydraulic-cylinders.net\/wp-content\/uploads\/2025\/01\/hcyy11112000-forklift-lifting-cylinder-5-480x46.webp 480w\" sizes=\"(min-width: 0px) and (max-width: 480px) 480px, (min-width: 481px) and (max-width: 980px) 980px, (min-width: 981px) and (max-width: 1280px) 1280px, (min-width: 1281px) 1517px, 100vw\" \/><img loading=\"lazy\" decoding=\"async\" class=\"alignnone wp-image-16965\" style=\"color: #666666; font-size: 14px;\" src=\"https:\/\/www.hydraulic-cylinders.net\/wp-content\/uploads\/2025\/01\/hcyy11112000-forklift-lifting-cylinder-2.webp\" alt=\"\" width=\"1000\" height=\"482\" srcset=\"https:\/\/www.hydraulic-cylinders.net\/wp-content\/uploads\/2025\/01\/hcyy11112000-forklift-lifting-cylinder-2-980x472.webp 980w, https:\/\/www.hydraulic-cylinders.net\/wp-content\/uploads\/2025\/01\/hcyy11112000-forklift-lifting-cylinder-2-480x231.webp 480w\" sizes=\"(min-width: 0px) and (max-width: 480px) 480px, (min-width: 481px) and (max-width: 980px) 980px, (min-width: 981px) 1000px, 100vw\" \/><span style=\"color: #666666; font-size: 14px;\">\u00a0<\/span><img loading=\"lazy\" decoding=\"async\" class=\"alignnone wp-image-16966\" style=\"color: #666666; font-size: 14px;\" src=\"https:\/\/www.hydraulic-cylinders.net\/wp-content\/uploads\/2025\/01\/hcyy11112000-forklift-lifting-cylinder-3.webp\" alt=\"\" width=\"1000\" height=\"482\" srcset=\"https:\/\/www.hydraulic-cylinders.net\/wp-content\/uploads\/2025\/01\/hcyy11112000-forklift-lifting-cylinder-3-980x473.webp 980w, https:\/\/www.hydraulic-cylinders.net\/wp-content\/uploads\/2025\/01\/hcyy11112000-forklift-lifting-cylinder-3-480x232.webp 480w\" sizes=\"(min-width: 0px) and (max-width: 480px) 480px, (min-width: 481px) and (max-width: 980px) 980px, (min-width: 981px) 1000px, 100vw\" \/><img loading=\"lazy\" decoding=\"async\" class=\"alignnone size-full wp-image-16967\" src=\"https:\/\/www.hydraulic-cylinders.net\/wp-content\/uploads\/2025\/01\/hcyy11112000-forklift-lifting-cylinder-4.webp\" alt=\"\" width=\"1496\" height=\"774\" srcset=\"https:\/\/www.hydraulic-cylinders.net\/wp-content\/uploads\/2025\/01\/hcyy11112000-forklift-lifting-cylinder-4.webp 1496w, https:\/\/www.hydraulic-cylinders.net\/wp-content\/uploads\/2025\/01\/hcyy11112000-forklift-lifting-cylinder-4-1280x662.webp 1280w, https:\/\/www.hydraulic-cylinders.net\/wp-content\/uploads\/2025\/01\/hcyy11112000-forklift-lifting-cylinder-4-980x507.webp 980w, https:\/\/www.hydraulic-cylinders.net\/wp-content\/uploads\/2025\/01\/hcyy11112000-forklift-lifting-cylinder-4-480x248.webp 480w\" sizes=\"(min-width: 0px) and (max-width: 480px) 480px, (min-width: 481px) and (max-width: 980px) 980px, (min-width: 981px) and (max-width: 1280px) 1280px, (min-width: 1281px) 1496px, 100vw\" \/><\/h2>\n<h2><strong>Gaffeltrucksylinderserie:\u00a0<\/strong><\/h2>\n<h2><img loading=\"lazy\" decoding=\"async\" class=\"alignnone size-full wp-image-16971\" src=\"https:\/\/www.hydraulic-cylinders.net\/wp-content\/uploads\/2025\/01\/fork-lift-cylinder.webp\" alt=\"\" width=\"2004\" height=\"2529\" srcset=\"https:\/\/www.hydraulic-cylinders.net\/wp-content\/uploads\/2025\/01\/fork-lift-cylinder.webp 2004w, https:\/\/www.hydraulic-cylinders.net\/wp-content\/uploads\/2025\/01\/fork-lift-cylinder-1280x1615.webp 1280w, https:\/\/www.hydraulic-cylinders.net\/wp-content\/uploads\/2025\/01\/fork-lift-cylinder-980x1237.webp 980w, https:\/\/www.hydraulic-cylinders.net\/wp-content\/uploads\/2025\/01\/fork-lift-cylinder-480x606.webp 480w\" sizes=\"(min-width: 0px) and (max-width: 480px) 480px, (min-width: 481px) and (max-width: 980px) 980px, (min-width: 981px) and (max-width: 1280px) 1280px, (min-width: 1281px) 2004px, 100vw\" \/><\/h2>\n<h2><strong>Viktige funksjoner for HCYY11112000 gaffeltruckl\u00f8ftesylinder:<\/strong><\/h2>\n<p>Gaffeltruckl\u00f8ftesylinderen HCYY11112000 er designet med flere fremragende funksjoner som forbedrer ytelsen og p\u00e5liteligheten i krevende industrielle omgivelser.<\/p>\n<h4><strong>H\u00f8y lastekapasitet<\/strong><\/h4>\n<p>HCYY11112000 er konstruert for krevende bruksomr\u00e5der og kan enkelt h\u00e5ndtere betydelige vekter. Denne h\u00f8ye lastekapasiteten sikrer at operat\u00f8rer kan l\u00f8fte og transportere store materialer med trygghet, noe som gj\u00f8r den til et uvurderlig verkt\u00f8y p\u00e5 lager, byggeplasser og i produksjonsanlegg.<\/p>\n<h4><strong>Slitesterk konstruksjon<\/strong><\/h4>\n<p>Denne sylinderen er laget av h\u00f8yfaste materialer og har eksepsjonell holdbarhet. Den robuste designen motst\u00e5r slitasje, slik at den t\u00e5ler p\u00e5kjenningene ved daglig bruk. Denne holdbarheten gir lengre levetid, noe som reduserer behovet for hyppige utskiftninger og minimerer driftskostnadene.<\/p>\n<h4><strong>Presisjonsteknikk<\/strong><\/h4>\n<p>HCYY11112000 har en innovativ design som fremmer jevn og n\u00f8yaktig l\u00f8fting. Denne presisjonskonstruksjonen minimerer risikoen for lastforskyvning, noe som forbedrer sikkerheten under drift. Operat\u00f8rer kan stole p\u00e5 at denne sylinderen opprettholder stabiliteten, selv n\u00e5r de l\u00f8fter ujevne eller store laster.<\/p>\n<h4><strong>Korrosjonsbestandighet<\/strong><\/h4>\n<p>I utfordrende milj\u00f8er kan eksponering for fuktighet og sterke kjemikalier f\u00f8re til for tidlig forringelse. HCYY11112000 er utstyrt med spesielle belegg som gir effektiv beskyttelse mot rust og korrosjon. Denne funksjonen sikrer p\u00e5litelig drift og forlenger sylinderens levetid, uavhengig av forholdene den st\u00e5r overfor.<\/p>\n<h4><strong>Effektiv drift<\/strong><\/h4>\n<p>En optimalisert hydraulisk str\u00f8mningsdesign forbedrer l\u00f8ftehastigheten og effektiviteten til HCYY11112000. Denne gjennomtenkte konstruksjonen reduserer nedetid, slik at operat\u00f8rene kan fullf\u00f8re oppgaver raskere og mer effektivt. Den forbedrede ytelsen sparer ikke bare tid, men forbedrer ogs\u00e5 den generelle produktiviteten i fartsfylte arbeidsmilj\u00f8er.<\/p>\n<h4><strong>Allsidig bruk<\/strong><\/h4>\n<p>HCYY11112000 er allsidig nok til \u00e5 kunne brukes i en rekke bruksomr\u00e5der, fra \u00e5 l\u00f8fte tunge industrikomponenter til \u00e5 h\u00e5ndtere paller p\u00e5 lager. Dens tilpasningsevne gj\u00f8r den til et foretrukket valg p\u00e5 tvers av flere bransjer, noe som sikrer at den oppfyller de ulike behovene til operat\u00f8rer.<\/p>\n<h4><strong>Enkel installasjon og vedlikehold<\/strong><\/h4>\n<p>HCYY11112000 er designet med brukervennlighet i tankene, og gir enkel installasjon og vedlikehold. Operat\u00f8rer kan raskt sette den opp og utf\u00f8re regelmessige kontroller, noe som sikrer problemfri funksjonalitet uten omfattende nedetid.<\/p>\n<p>Med sine imponerende funksjoner forbedrer ikke HCYY11112000 gaffeltruckl\u00f8ftesylinder bare l\u00f8fteeffektiviteten, men hever ogs\u00e5 sikkerhets- og holdbarhetsstandardene. Ved \u00e5 investere i denne h\u00f8yytelsessylinderen kan industrien \u00f8ke produktiviteten og sikre p\u00e5litelig drift i \u00e5revis.<\/p>\n<h2><strong>Hvilke viktige vedlikeholdspraksiser bidrar til \u00e5 forlenge levetiden til en gaffeltrucks l\u00f8ftesylinder?<\/strong><\/h2>\n<p>To significantly extend the life of a forklift lifting cylinder, it&#8217;s essential to adopt a proactive maintenance approach. Here are some key practices that not only enhance longevity but also ensure safe and efficient operations:<\/p>\n<h4><strong>1. Regelmessige inspeksjoner<\/strong><\/h4>\n<ul>\n<li><strong>Hvorfor det er viktig<\/strong>Hyppige inspeksjoner er avgj\u00f8rende for \u00e5 identifisere slitasje, lekkasjer eller skader tidlig. \u00c5 oppdage disse problemene f\u00f8r de eskalerer kan spare deg for kostbare reparasjoner og nedetid.<\/li>\n<li><strong>Tupp<\/strong>Lag en sjekkliste for systematisk \u00e5 inspisere alle komponenter, inkludert slanger, tetninger og selve sylinderen.<\/li>\n<\/ul>\n<h4><strong>2. Kontroller av hydraulisk v\u00e6ske<\/strong><\/h4>\n<ul>\n<li><strong>Hvorfor det er viktig<\/strong>Hydraulikkv\u00e6sken fungerer som livsnerven i l\u00f8ftesylinderen, noe som muliggj\u00f8r jevn drift. \u00c5 opprettholde riktig v\u00e6skeniv\u00e5 og kvalitet er avgj\u00f8rende for optimal ytelse.<\/li>\n<li><strong>Tupp<\/strong>Sjekk regelmessig for forurensning og bytt v\u00e6ske i henhold til produsentens anbefalinger.<\/li>\n<\/ul>\n<h4><strong>3. Vedlikehold av tetninger<\/strong><\/h4>\n<ul>\n<li><strong>Hvorfor det er viktig<\/strong>Tetninger spiller en kritisk rolle i \u00e5 forhindre lekkasjer og opprettholde trykket i sylinderen. Slitte eller skadede tetninger kan f\u00f8re til ytelsesproblemer og sikkerhetsfarer.<\/li>\n<li><strong>Tupp<\/strong>Inspiser pakningene under regelmessige kontroller og skift dem ut omg\u00e5ende for \u00e5 unng\u00e5 mer alvorlige problemer.<\/li>\n<\/ul>\n<h4><strong>4. Rengj\u00f8ring<\/strong><\/h4>\n<ul>\n<li><strong>Hvorfor det er viktig<\/strong>Det er viktig \u00e5 holde sylinderen og omkringliggende omr\u00e5der fri for smuss og rusk for \u00e5 forhindre forurensning og sikre problemfri drift.<\/li>\n<li><strong>Tupp<\/strong>Bruk en myk klut og passende rengj\u00f8ringsmidler for \u00e5 unng\u00e5 \u00e5 skade overflaten, samtidig som du s\u00f8rger for at omr\u00e5det forblir rent.<\/li>\n<\/ul>\n<h4><strong>5. Sm\u00f8ring<\/strong><\/h4>\n<ul>\n<li><strong>Hvorfor det er viktig<\/strong>Riktig sm\u00f8ring av bevegelige deler reduserer friksjon og slitasje, noe som kan forlenge sylinderens levetid.<\/li>\n<li><strong>Tupp<\/strong>F\u00f8lg produsentens retningslinjer for sm\u00f8remidler og s\u00f8rg for at alle bevegelige deler er tilstrekkelig vedlikeholdt.<\/li>\n<\/ul>\n<h4><strong>6. Lasth\u00e5ndtering<\/strong><\/h4>\n<ul>\n<li><strong>Hvorfor det er viktig<\/strong>Det er avgj\u00f8rende for sikkerhet og effektivitet \u00e5 operere innenfor den angitte lastekapasiteten. Overbelastning kan f\u00f8re til mekanisk svikt og \u00f8kt slitasje.<\/li>\n<li><strong>Tupp<\/strong>V\u00e6r alltid oppmerksom p\u00e5 lastegrensene og oppl\u00e6r operat\u00f8rene til \u00e5 forst\u00e5 viktigheten av \u00e5 overholde dem.<\/li>\n<\/ul>\n<h4><strong>7. Profesjonell service<\/strong><\/h4>\n<ul>\n<li><strong>Hvorfor det er viktig<\/strong>\u00c5 engasjere fagfolk til regelmessige vedlikeholdskontroller kan bidra til \u00e5 identifisere potensielle problemer som kanskje ikke er synlige under rutinemessige inspeksjoner.<\/li>\n<li><strong>Tupp<\/strong>Opprett en vedlikeholdsplan med en sertifisert tekniker for \u00e5 sikre at alle komponenter er i topp stand.<\/li>\n<\/ul>\n<p>Ved \u00e5 integrere disse viktige vedlikeholdspraksisene i rutinen din, forlenger du levetiden til gaffeltruckl\u00f8ftesylinderen din og forbedrer sikkerheten og effektiviteten i hele virksomheten. En godt vedlikeholdt l\u00f8ftesylinder kan f\u00f8re til \u00f8kt produktivitet, reduserte driftskostnader og en tryggere arbeidsplass, noe som gj\u00f8r disse rutinene vel verdt innsatsen!<\/p>\n<h2><strong>Produksjonsomr\u00e5de for gaffeltrucksylindere:<\/strong><\/h2>\n<h2><img loading=\"lazy\" decoding=\"async\" class=\"alignnone size-full wp-image-16972\" src=\"https:\/\/www.hydraulic-cylinders.net\/wp-content\/uploads\/2025\/01\/hydraulic-cylinder-factory-1-scaled.webp\" alt=\"\" width=\"2016\" height=\"2560\" srcset=\"https:\/\/www.hydraulic-cylinders.net\/wp-content\/uploads\/2025\/01\/hydraulic-cylinder-factory-1-scaled.webp 2016w, https:\/\/www.hydraulic-cylinders.net\/wp-content\/uploads\/2025\/01\/hydraulic-cylinder-factory-1-1280x1625.webp 1280w, https:\/\/www.hydraulic-cylinders.net\/wp-content\/uploads\/2025\/01\/hydraulic-cylinder-factory-1-980x1244.webp 980w, https:\/\/www.hydraulic-cylinders.net\/wp-content\/uploads\/2025\/01\/hydraulic-cylinder-factory-1-480x610.webp 480w\" sizes=\"(min-width: 0px) and (max-width: 480px) 480px, (min-width: 481px) and (max-width: 980px) 980px, (min-width: 981px) and (max-width: 1280px) 1280px, (min-width: 1281px) 2016px, 100vw\" \/><\/h2>\n<p>Vi har en f\u00f8rsteklasses uavhengig FoU-plattform for montering. Produksjonsverkstedet for gaffeltrucksylindere har fire halvautomatiske monteringslinjer for l\u00f8ftesylindere og en helautomatisk monteringslinje for vippesylindere med en \u00e5rlig produksjonskapasitet p\u00e5 millioner av enheter. Spesialsylinderverkstedet har halvautomatiske rengj\u00f8rings- og monteringssystemer med ulike spesifikasjoner med en \u00e5rlig produksjonskapasitet p\u00e5 200 000 enheter. Det er utstyrt med CNC-maskineringsutstyr fra kjente merker, maskineringssentre, spesialutstyr for h\u00f8ypresisjons sylinderbehandling, robotsveisemaskiner, automatiske rengj\u00f8ringsmaskiner, automatiske sylindermonteringsmaskiner og automatiske produksjonslinjer for maling. Vi har mer enn 300 sett med n\u00f8kkelutstyr i drift. Optimalisert allokering og effektiv utnyttelse av utstyrsressurser sikrer presisjonskravene til produktene og oppfyller de h\u00f8ye kvalitetskravene til produktene.<\/p>\n<p>Maskineringsverkstedet er utstyrt med spesiallagde dreiesentre for tiltf\u00f8ringsskinne, maskineringssentre, h\u00f8yhastighets honemaskiner, sveiseroboter og annet relevant utstyr, som kan h\u00e5ndtere maskinering av sylinderr\u00f8r med en maks. ID p\u00e5 400 mm og en maks. lengde p\u00e5 6 meter.<\/p>\n<h2><img loading=\"lazy\" decoding=\"async\" class=\"alignnone size-full wp-image-16973\" src=\"https:\/\/www.hydraulic-cylinders.net\/wp-content\/uploads\/2025\/01\/hydraulic-cylinder-factory-2-scaled.webp\" alt=\"\" width=\"2011\" height=\"2560\" srcset=\"https:\/\/www.hydraulic-cylinders.net\/wp-content\/uploads\/2025\/01\/hydraulic-cylinder-factory-2-scaled.webp 2011w, https:\/\/www.hydraulic-cylinders.net\/wp-content\/uploads\/2025\/01\/hydraulic-cylinder-factory-2-1280x1629.webp 1280w, https:\/\/www.hydraulic-cylinders.net\/wp-content\/uploads\/2025\/01\/hydraulic-cylinder-factory-2-980x1248.webp 980w, https:\/\/www.hydraulic-cylinders.net\/wp-content\/uploads\/2025\/01\/hydraulic-cylinder-factory-2-480x611.webp 480w\" sizes=\"(min-width: 0px) and (max-width: 480px) 480px, (min-width: 481px) and (max-width: 980px) 980px, (min-width: 981px) and (max-width: 1280px) 1280px, (min-width: 1281px) 2011px, 100vw\" \/><\/h2>\n<p>Vi har en helautomatisk vannbasert malingslinje for sm\u00e5 og mellomstore sylindere, som realiserer automatisk lasting og lossing og automatiske spr\u00f8yteroboter med en konstruert produksjonskapasitet p\u00e5 4000 plasser per skift. Vi har en annen halvautomatisk malelinje for store sylindere drevet av en kabelkjede, og den konstruerte kapasiteten er 60 kasser per skift.<\/p>\n<p>For \u00e5 forbedre produktets ytelse ytterligere og etablere den ledende posisjonen til v\u00e5re hydrauliske sylindere i bransjen, etablerte selskapet v\u00e5rt og zjimee i fellesskap et omfattende ytelseslaboratorium for hydrauliske sylindere, hydrauliske ventiler og hydrauliske pumper. Laboratoriet utf\u00f8rer dataassistert testing ved hjelp av elektrohydraulisk teknologi, testforholdene forh\u00e5ndsinnstilles av en datamaskin som forbedrer testn\u00f8yaktigheten og systemets allsidighet, samt de eksperimentelle dataene.<\/p>\n<p>Den automatiske innsamlingen realiseres ved bruk av sensorer, og utdataene, som intern lekkasje og lasteffektivitet for sylinderen eller ventilen, behandles direkte av datamaskinen og konverteres til standardenheter (ml\/min%). Samtidig, for \u00e5 sikre det hydrauliske systemets driftssikkerhet, utf\u00f8res tilstandsoverv\u00e5kingsfunksjonen for viktige ytelsesparametere som \"oljetemperaturoverv\u00e5king, v\u00e6skeniv\u00e5overv\u00e5king, filterenhetsoverv\u00e5king\" osv. Blant disse kan teststativet for hydrauliske sylindere teste ytelsen til \"lasten\".<br \/>\neffektivitet \u00abog\u00bb intern lekkasje\u00bb ved avlesninger. Samtidig er den utstyrt med et gitterlinjalm\u00e5leinstrument som oppfyller kravene til alle testelementer for hydrauliske sylinderprodukter i henhold til nasjonal standard.<\/p>","protected":false},"excerpt":{"rendered":"<p>HCYY11112000 Forklift Lifting Cylinder The HCYY11112000 Forklift Lifting Cylinder is a crucial component for forklift operations, facilitating the efficient lifting and lowering of heavy loads. Engineered for durability and high performance, this hydraulic cylinder significantly boosts productivity across various industrial environments. As an essential asset for any forklift operation, the HCYY11112000 features a robust design [&hellip;]<\/p>","protected":false},"featured_media":16974,"comment_status":"open","ping_status":"closed","template":"","meta":{"_et_pb_use_builder":"","_et_pb_old_content":"","_et_gb_content_width":""},"product_brand":[],"product_cat":[1484,1549],"product_tag":[],"class_list":{"0":"post-16960","1":"product","2":"type-product","3":"status-publish","4":"has-post-thumbnail","6":"product_cat-forklift-hydraulic-cylinders","7":"product_cat-single-acting-hydraulic-cylinder","9":"first","10":"instock","11":"shipping-taxable","12":"product-type-simple"},"amp_enabled":true,"_links":{"self":[{"href":"https:\/\/www.hydraulic-cylinders.net\/nb\/wp-json\/wp\/v2\/product\/16960","targetHints":{"allow":["GET"]}}],"collection":[{"href":"https:\/\/www.hydraulic-cylinders.net\/nb\/wp-json\/wp\/v2\/product"}],"about":[{"href":"https:\/\/www.hydraulic-cylinders.net\/nb\/wp-json\/wp\/v2\/types\/product"}],"replies":[{"embeddable":true,"href":"https:\/\/www.hydraulic-cylinders.net\/nb\/wp-json\/wp\/v2\/comments?post=16960"}],"wp:featuredmedia":[{"embeddable":true,"href":"https:\/\/www.hydraulic-cylinders.net\/nb\/wp-json\/wp\/v2\/media\/16974"}],"wp:attachment":[{"href":"https:\/\/www.hydraulic-cylinders.net\/nb\/wp-json\/wp\/v2\/media?parent=16960"}],"wp:term":[{"taxonomy":"product_brand","embeddable":true,"href":"https:\/\/www.hydraulic-cylinders.net\/nb\/wp-json\/wp\/v2\/product_brand?post=16960"},{"taxonomy":"product_cat","embeddable":true,"href":"https:\/\/www.hydraulic-cylinders.net\/nb\/wp-json\/wp\/v2\/product_cat?post=16960"},{"taxonomy":"product_tag","embeddable":true,"href":"https:\/\/www.hydraulic-cylinders.net\/nb\/wp-json\/wp\/v2\/product_tag?post=16960"}],"curies":[{"name":"wp","href":"https:\/\/api.w.org\/{rel}","templated":true}]}}