{"id":16982,"date":"2025-01-21T08:46:17","date_gmt":"2025-01-21T08:46:17","guid":{"rendered":"https:\/\/www.hydraulic-cylinders.net\/?post_type=product&#038;p=16982"},"modified":"2025-04-11T03:15:39","modified_gmt":"2025-04-11T03:15:39","slug":"hcyy11112002-forklift-steering-cylinder","status":"publish","type":"product","link":"https:\/\/www.hydraulic-cylinders.net\/nb\/produkt\/hcyy11112002-forklift-steering-cylinder\/","title":{"rendered":"HCYY11112002 Gaffeltruckens styringssylinder"},"content":{"rendered":"<h1 style=\"text-align: center;\"><strong>HCYY11112002 Gaffeltruckens styringssylinder\u00a0<\/strong><\/h1>\n<h1 style=\"text-align: center;\"><strong><img loading=\"lazy\" decoding=\"async\" class=\"alignnone size-full wp-image-16984\" src=\"https:\/\/www.hydraulic-cylinders.net\/wp-content\/uploads\/2025\/01\/hcyy11112002-forklift-lifting-cylinder-2.webp\" alt=\"\" width=\"1496\" height=\"517\" srcset=\"https:\/\/www.hydraulic-cylinders.net\/wp-content\/uploads\/2025\/01\/hcyy11112002-forklift-lifting-cylinder-2.webp 1496w, https:\/\/www.hydraulic-cylinders.net\/wp-content\/uploads\/2025\/01\/hcyy11112002-forklift-lifting-cylinder-2-1280x442.webp 1280w, https:\/\/www.hydraulic-cylinders.net\/wp-content\/uploads\/2025\/01\/hcyy11112002-forklift-lifting-cylinder-2-980x339.webp 980w, https:\/\/www.hydraulic-cylinders.net\/wp-content\/uploads\/2025\/01\/hcyy11112002-forklift-lifting-cylinder-2-480x166.webp 480w\" sizes=\"(min-width: 0px) and (max-width: 480px) 480px, (min-width: 481px) and (max-width: 980px) 980px, (min-width: 981px) and (max-width: 1280px) 1280px, (min-width: 1281px) 1496px, 100vw\" \/> <\/strong><\/h1>\n<p>Gaffeltruckstyringssylinderen HCYY11112002 er en viktig komponent som forbedrer man\u00f8vrerbarheten og kontrollen til gaffeltrucker betydelig i ulike driftsmilj\u00f8er. Denne styringssylinderen er konstruert for b\u00e5de effektivitet og p\u00e5litelighet, og gir f\u00f8rere muligheten til \u00e5 navigere i trange rom og h\u00e5ndtere tunge laster uten problemer.<\/p>\n<p>Som en viktig del av enhver gaffeltruckoperasjon tilbyr HCYY11112002 robust konstruksjon, eksepsjonell respons og enkelt vedlikehold, noe som gj\u00f8r den til et ideelt valg for bedrifter som \u00f8nsker \u00e5 forbedre sine materialh\u00e5ndteringsmuligheter. Ved \u00e5 f\u00f8lge riktig bruk og vedlikeholdspraksis kan du sikre at styresylinderen fungerer jevnt og effektivt, noe som f\u00f8rer til tryggere og mer effektive operasjoner.<\/p>\n<p>\u00c5 investere i komponenter av h\u00f8y kvalitet som HCYY11112002 \u00f8ker ikke bare produktiviteten, men forbedrer ogs\u00e5 den generelle sikkerheten til arbeidsstyrken din. Opplev forskjellen p\u00e5litelig styring kan gj\u00f8re og forvandle driftseffektiviteten din i dag!<\/p>\n<h2><strong>HCYY11112002 Gaffeltruckens styresylinder Parameter:<\/strong><\/h2>\n<h1 style=\"text-align: center;\"><strong><img loading=\"lazy\" decoding=\"async\" class=\"alignnone size-full wp-image-16983\" src=\"https:\/\/www.hydraulic-cylinders.net\/wp-content\/uploads\/2025\/01\/hcyy11112002-forklift-lifting-cylinder-1.webp\" alt=\"\" width=\"1514\" height=\"142\" srcset=\"https:\/\/www.hydraulic-cylinders.net\/wp-content\/uploads\/2025\/01\/hcyy11112002-forklift-lifting-cylinder-1.webp 1514w, https:\/\/www.hydraulic-cylinders.net\/wp-content\/uploads\/2025\/01\/hcyy11112002-forklift-lifting-cylinder-1-1280x120.webp 1280w, https:\/\/www.hydraulic-cylinders.net\/wp-content\/uploads\/2025\/01\/hcyy11112002-forklift-lifting-cylinder-1-980x92.webp 980w, https:\/\/www.hydraulic-cylinders.net\/wp-content\/uploads\/2025\/01\/hcyy11112002-forklift-lifting-cylinder-1-480x45.webp 480w\" sizes=\"(min-width: 0px) and (max-width: 480px) 480px, (min-width: 481px) and (max-width: 980px) 980px, (min-width: 981px) and (max-width: 1280px) 1280px, (min-width: 1281px) 1514px, 100vw\" \/><\/strong><\/h1>\n<h1 style=\"text-align: center;\"><strong><img loading=\"lazy\" decoding=\"async\" class=\"alignnone size-full wp-image-16985\" src=\"https:\/\/www.hydraulic-cylinders.net\/wp-content\/uploads\/2025\/01\/hcyy11112002-forklift-lifting-cylinder-3.webp\" alt=\"\" width=\"1479\" height=\"707\" srcset=\"https:\/\/www.hydraulic-cylinders.net\/wp-content\/uploads\/2025\/01\/hcyy11112002-forklift-lifting-cylinder-3.webp 1479w, https:\/\/www.hydraulic-cylinders.net\/wp-content\/uploads\/2025\/01\/hcyy11112002-forklift-lifting-cylinder-3-1280x612.webp 1280w, https:\/\/www.hydraulic-cylinders.net\/wp-content\/uploads\/2025\/01\/hcyy11112002-forklift-lifting-cylinder-3-980x468.webp 980w, https:\/\/www.hydraulic-cylinders.net\/wp-content\/uploads\/2025\/01\/hcyy11112002-forklift-lifting-cylinder-3-480x229.webp 480w\" sizes=\"(min-width: 0px) and (max-width: 480px) 480px, (min-width: 481px) and (max-width: 980px) 980px, (min-width: 981px) and (max-width: 1280px) 1280px, (min-width: 1281px) 1479px, 100vw\" \/> <img loading=\"lazy\" decoding=\"async\" class=\"alignnone size-full wp-image-16986\" src=\"https:\/\/www.hydraulic-cylinders.net\/wp-content\/uploads\/2025\/01\/hcyy11112002-forklift-lifting-cylinder-4.webp\" alt=\"\" width=\"1477\" height=\"710\" srcset=\"https:\/\/www.hydraulic-cylinders.net\/wp-content\/uploads\/2025\/01\/hcyy11112002-forklift-lifting-cylinder-4.webp 1477w, https:\/\/www.hydraulic-cylinders.net\/wp-content\/uploads\/2025\/01\/hcyy11112002-forklift-lifting-cylinder-4-1280x615.webp 1280w, https:\/\/www.hydraulic-cylinders.net\/wp-content\/uploads\/2025\/01\/hcyy11112002-forklift-lifting-cylinder-4-980x471.webp 980w, https:\/\/www.hydraulic-cylinders.net\/wp-content\/uploads\/2025\/01\/hcyy11112002-forklift-lifting-cylinder-4-480x231.webp 480w\" sizes=\"(min-width: 0px) and (max-width: 480px) 480px, (min-width: 481px) and (max-width: 980px) 980px, (min-width: 981px) and (max-width: 1280px) 1280px, (min-width: 1281px) 1477px, 100vw\" \/> <img loading=\"lazy\" decoding=\"async\" class=\"alignnone size-full wp-image-16987\" src=\"https:\/\/www.hydraulic-cylinders.net\/wp-content\/uploads\/2025\/01\/hcyy11112002-forklift-lifting-cylinder-5.webp\" alt=\"\" width=\"1495\" height=\"730\" srcset=\"https:\/\/www.hydraulic-cylinders.net\/wp-content\/uploads\/2025\/01\/hcyy11112002-forklift-lifting-cylinder-5.webp 1495w, https:\/\/www.hydraulic-cylinders.net\/wp-content\/uploads\/2025\/01\/hcyy11112002-forklift-lifting-cylinder-5-1280x625.webp 1280w, https:\/\/www.hydraulic-cylinders.net\/wp-content\/uploads\/2025\/01\/hcyy11112002-forklift-lifting-cylinder-5-980x479.webp 980w, https:\/\/www.hydraulic-cylinders.net\/wp-content\/uploads\/2025\/01\/hcyy11112002-forklift-lifting-cylinder-5-480x234.webp 480w\" sizes=\"(min-width: 0px) and (max-width: 480px) 480px, (min-width: 481px) and (max-width: 980px) 980px, (min-width: 981px) and (max-width: 1280px) 1280px, (min-width: 1281px) 1495px, 100vw\" \/><\/strong><\/h1>\n<h1 style=\"text-align: center;\"><\/h1>\n<h2>\u00a0<strong>Gaffeltrucksylinderserie:\u00a0<\/strong><\/h2>\n<h2><img loading=\"lazy\" decoding=\"async\" class=\"alignnone size-full wp-image-16971\" src=\"https:\/\/www.hydraulic-cylinders.net\/wp-content\/uploads\/2025\/01\/fork-lift-cylinder.webp\" alt=\"\" width=\"2004\" height=\"2529\" srcset=\"https:\/\/www.hydraulic-cylinders.net\/wp-content\/uploads\/2025\/01\/fork-lift-cylinder.webp 2004w, https:\/\/www.hydraulic-cylinders.net\/wp-content\/uploads\/2025\/01\/fork-lift-cylinder-1280x1615.webp 1280w, https:\/\/www.hydraulic-cylinders.net\/wp-content\/uploads\/2025\/01\/fork-lift-cylinder-980x1237.webp 980w, https:\/\/www.hydraulic-cylinders.net\/wp-content\/uploads\/2025\/01\/fork-lift-cylinder-480x606.webp 480w\" sizes=\"(min-width: 0px) and (max-width: 480px) 480px, (min-width: 481px) and (max-width: 980px) 980px, (min-width: 981px) and (max-width: 1280px) 1280px, (min-width: 1281px) 2004px, 100vw\" \/><\/h2>\n<h2><strong>Viktige funksjoner for HCYY11112002 gaffeltruckstyringssylinder:<\/strong><\/h2>\n<ul>\n<li><strong>Slitesterk konstruksjon<\/strong>HCYY11112002 er laget av materialer av f\u00f8rsteklasses kvalitet og er bygget for \u00e5 t\u00e5le kravene til krevende drift og t\u00f8ffe arbeidsforhold. Den robuste designen sikrer eksepsjonell levetid og p\u00e5litelighet, og minimerer behovet for hyppige utskiftninger.<\/li>\n<li><strong>H\u00f8y responsivitet<\/strong>Opplev uovertruffen kontroll med denne styresylinderen, som gir raske og presise styreresponser. F\u00f8rere kan navigere i trange svinger og komplekse opplegg uten problemer, noe som resulterer i jevnere svinger og forbedret h\u00e5ndtering av last. Denne responsen forbedrer ikke bare effektiviteten, men \u00f8ker ogs\u00e5 den generelle sikkerheten.<\/li>\n<li><strong>Korrosjonsbestandighet<\/strong>: The HCYY11112002 features specially treated surfaces that resist rust and deterioration. This corrosion-resistant property extends the cylinder&#8217;s lifespan and maintains optimal performance, even in environments exposed to moisture or harsh chemicals.<\/li>\n<li><strong>Enkel installasjon<\/strong>HCYY11112002 er designet med brukervennlighet i tankene og gir enkel installasjon. Den intuitive oppsettprosessen minimerer nedetid, noe som muliggj\u00f8r rask utskifting og reparasjon. Denne funksjonen betyr mindre forstyrrelser i driften og mer tid til produktivitet.<\/li>\n<li><strong>Bred kompatibilitet<\/strong>Allsidighet er et kjennetegn ved HCYY11112002. Denne styresylinderen er konstruert for \u00e5 passe til ulike gaffeltruckmodeller, og tilpasser seg s\u00f8ml\u00f8st til ulike systemer, noe som gj\u00f8r den til et ideelt valg for ulike virksomheter. Enten du bruker \u00e9n type gaffeltruck eller en fl\u00e5te, dekker denne komponenten dine varierte behov med letthet.<\/li>\n<li><strong>Forbedrede sikkerhetsfunksjoner<\/strong>HCYY11112002 har avanserte sikkerhetsmekanismer som sikrer stabil drift under ulike forhold. Dette ekstra sikkerhetslaget beskytter b\u00e5de operat\u00f8rer og last, og forbedrer det generelle arbeidsmilj\u00f8et ytterligere.<\/li>\n<li><strong>Lave vedlikeholdskrav<\/strong>HCYY11112002 er designet for holdbarhet og effektivitet, og krever minimalt med vedlikehold. Regelmessige kontroller og sporadisk sm\u00f8ring s\u00f8rger for at den yter best mulig, slik at teamet ditt kan fokusere p\u00e5 oppgavene sine uten \u00e5 bekymre seg for hyppig service.<\/li>\n<\/ul>\n<p>Ved \u00e5 velge HCYY11112002 gaffeltruckstyringssylinder investerer du i et produkt som forbedrer driftseffektiviteten og bidrar til en tryggere og mer produktiv arbeidsplass. Opplev forskjellen disse avanserte funksjonene kan gj\u00f8re i materialh\u00e5ndteringsoperasjonene dine!<\/p>\n<h2><strong>Hva er tegnene p\u00e5 at en gaffeltrucks styresylinder m\u00e5 byttes ut?<\/strong><\/h2>\n<p>En velfungerende styresylinder er avgj\u00f8rende for sikker bruk av gaffeltrucken din. Her er noen tegn p\u00e5 at det kan v\u00e6re p\u00e5 tide med en utskifting:<\/p>\n<ol>\n<li><strong>Lekkasjer av hydraulisk v\u00e6ske<\/strong><br \/>\nIf you notice puddles of hydraulic fluid beneath your forklift, it\u2019s a red flag. Leaks indicate that the seals within the steering cylinder may be worn or damaged, compromising the system&#8217;s integrity.<\/li>\n<li><strong>Styrevansker<\/strong><br \/>\nHvis du sliter med \u00e5 vri p\u00e5 rattet eller f\u00f8ler en kraftig motstand, kan det v\u00e6re et tegn p\u00e5 underliggende problemer. Et responsivt styresystem er viktig for effektivitet og sikkerhet, s\u00e5 ikke ignorer disse symptomene.<\/li>\n<li><strong>Uvanlige lyder<\/strong><br \/>\nV\u00e6r oppmerksom p\u00e5 eventuelle skurende, knirkende eller klirrende lyder under drift. Disse lydene kan indikere mekanisk slitasje eller feiljustering i styresylinderen, noe som kan f\u00f8re til mer alvorlige problemer hvis det ikke gj\u00f8res noe med det.<\/li>\n<li><strong>Slitte tetninger og foringer<\/strong><br \/>\nInspiser tetninger og foringer regelmessig for tegn p\u00e5 slitasje. Sprekker eller frynsing kan f\u00f8re til lekkasjer og redusert ytelse, noe som gj\u00f8r rettidig utskifting kritisk.<\/li>\n<li><strong>Inkonsekvent bevegelse<\/strong><br \/>\nIf your forklift&#8217;s steering feels jerky or unsteady, it may indicate hydraulic issues within the cylinder. Smooth steering is vital for precise maneuvering, especially in tight spaces.<\/li>\n<li><strong>Overdreven spilling<\/strong><br \/>\nEn merkbar \u00f8kning i slark eller l\u00f8shet i rattet kan tyde p\u00e5 at rattsylinderen svikter. Dette kan p\u00e5virke kontrollen din og \u00f8ke risikoen for ulykker.<\/li>\n<li><strong>Varsellys<\/strong><br \/>\nMange moderne gaffeltrucker har diagnosesystemer som varsler deg om potensielle problemer. Hvis du ser en varsellampe relatert til styringen, ta det p\u00e5 alvor og unders\u00f8k det umiddelbart.<\/li>\n<\/ol>\n<p>\u00c5 v\u00e6re proaktiv med tanke p\u00e5 disse tegnene kan spare deg for kostbare reparasjoner og utrygge driftsforhold. Regelmessig vedlikehold og rettidig utskifting sikrer at gaffeltrucken din forblir p\u00e5litelig og effektiv. Hvis du oppdager noen av disse symptomene, b\u00f8r du kontakte en fagperson for \u00e5 vurdere situasjonen og vurdere \u00e5 bytte ut styresylinderen for optimal ytelse. Din sikkerhet og produktivitet avhenger av det!<\/p>\n<h2><strong>Produksjonsomr\u00e5de for gaffeltrucksylindere:<\/strong><\/h2>\n<h2><img loading=\"lazy\" decoding=\"async\" class=\"alignnone size-full wp-image-16972\" src=\"https:\/\/www.hydraulic-cylinders.net\/wp-content\/uploads\/2025\/01\/hydraulic-cylinder-factory-1-scaled.webp\" alt=\"\" width=\"2016\" height=\"2560\" srcset=\"https:\/\/www.hydraulic-cylinders.net\/wp-content\/uploads\/2025\/01\/hydraulic-cylinder-factory-1-scaled.webp 2016w, https:\/\/www.hydraulic-cylinders.net\/wp-content\/uploads\/2025\/01\/hydraulic-cylinder-factory-1-1280x1625.webp 1280w, https:\/\/www.hydraulic-cylinders.net\/wp-content\/uploads\/2025\/01\/hydraulic-cylinder-factory-1-980x1244.webp 980w, https:\/\/www.hydraulic-cylinders.net\/wp-content\/uploads\/2025\/01\/hydraulic-cylinder-factory-1-480x610.webp 480w\" sizes=\"(min-width: 0px) and (max-width: 480px) 480px, (min-width: 481px) and (max-width: 980px) 980px, (min-width: 981px) and (max-width: 1280px) 1280px, (min-width: 1281px) 2016px, 100vw\" \/><\/h2>\n<p>Vi har en f\u00f8rsteklasses uavhengig FoU-plattform for montering. Produksjonsverkstedet for gaffeltrucksylindere har fire halvautomatiske monteringslinjer for l\u00f8ftesylindere og en helautomatisk monteringslinje for vippesylindere med en \u00e5rlig produksjonskapasitet p\u00e5 millioner av enheter. Spesialsylinderverkstedet har halvautomatiske rengj\u00f8rings- og monteringssystemer med ulike spesifikasjoner med en \u00e5rlig produksjonskapasitet p\u00e5 200 000 enheter. Det er utstyrt med CNC-maskineringsutstyr fra kjente merker, maskineringssentre, spesialutstyr for h\u00f8ypresisjons sylinderbehandling, robotsveisemaskiner, automatiske rengj\u00f8ringsmaskiner, automatiske sylindermonteringsmaskiner og automatiske produksjonslinjer for maling. Vi har mer enn 300 sett med n\u00f8kkelutstyr i drift. Optimalisert allokering og effektiv utnyttelse av utstyrsressurser sikrer presisjonskravene til produktene og oppfyller de h\u00f8ye kvalitetskravene til produktene.<\/p>\n<p>Maskineringsverkstedet er utstyrt med spesiallagde dreiesentre for tiltf\u00f8ringsskinne, maskineringssentre, h\u00f8yhastighets honemaskiner, sveiseroboter og annet relevant utstyr, som kan h\u00e5ndtere maskinering av sylinderr\u00f8r med en maks. ID p\u00e5 400 mm og en maks. lengde p\u00e5 6 meter.<\/p>\n<h2><img loading=\"lazy\" decoding=\"async\" class=\"alignnone size-full wp-image-16973\" src=\"https:\/\/www.hydraulic-cylinders.net\/wp-content\/uploads\/2025\/01\/hydraulic-cylinder-factory-2-scaled.webp\" alt=\"\" width=\"2011\" height=\"2560\" srcset=\"https:\/\/www.hydraulic-cylinders.net\/wp-content\/uploads\/2025\/01\/hydraulic-cylinder-factory-2-scaled.webp 2011w, https:\/\/www.hydraulic-cylinders.net\/wp-content\/uploads\/2025\/01\/hydraulic-cylinder-factory-2-1280x1629.webp 1280w, https:\/\/www.hydraulic-cylinders.net\/wp-content\/uploads\/2025\/01\/hydraulic-cylinder-factory-2-980x1248.webp 980w, https:\/\/www.hydraulic-cylinders.net\/wp-content\/uploads\/2025\/01\/hydraulic-cylinder-factory-2-480x611.webp 480w\" sizes=\"(min-width: 0px) and (max-width: 480px) 480px, (min-width: 481px) and (max-width: 980px) 980px, (min-width: 981px) and (max-width: 1280px) 1280px, (min-width: 1281px) 2011px, 100vw\" \/><\/h2>\n<p>Vi har en helautomatisk vannbasert malingslinje for sm\u00e5 og mellomstore sylindere, som realiserer automatisk lasting og lossing og automatiske spr\u00f8yteroboter med en konstruert produksjonskapasitet p\u00e5 4000 plasser per skift. Vi har en annen halvautomatisk malelinje for store sylindere drevet av en kabelkjede, og den konstruerte kapasiteten er 60 kasser per skift.<\/p>\n<p>For \u00e5 forbedre produktets ytelse ytterligere og etablere den ledende posisjonen til v\u00e5re hydrauliske sylindere i bransjen, etablerte selskapet v\u00e5rt og zjimee i fellesskap et omfattende ytelseslaboratorium for hydrauliske sylindere, hydrauliske ventiler og hydrauliske pumper. Laboratoriet utf\u00f8rer dataassistert testing ved hjelp av elektrohydraulisk teknologi, testforholdene forh\u00e5ndsinnstilles av en datamaskin som forbedrer testn\u00f8yaktigheten og systemets allsidighet, samt de eksperimentelle dataene.<\/p>\n<p>Den automatiske innsamlingen realiseres ved bruk av sensorer, og utdataene, som intern lekkasje og lasteffektivitet for sylinderen eller ventilen, behandles direkte av datamaskinen og konverteres til standardenheter (ml\/min%). Samtidig, for \u00e5 sikre det hydrauliske systemets driftssikkerhet, utf\u00f8res tilstandsoverv\u00e5kingsfunksjonen for viktige ytelsesparametere som \"oljetemperaturoverv\u00e5king, v\u00e6skeniv\u00e5overv\u00e5king, filterenhetsoverv\u00e5king\" osv. Blant disse kan teststativet for hydrauliske sylindere teste ytelsen til \"lasten\".<br \/>\neffektivitet \u00abog\u00bb intern lekkasje\u00bb ved avlesninger. Samtidig er den utstyrt med et gitterlinjalm\u00e5leinstrument som oppfyller kravene til alle testelementer for hydrauliske sylinderprodukter i henhold til nasjonal standard.<\/p>","protected":false},"excerpt":{"rendered":"<p>HCYY11112002 Forklift Steering Cylinder\u00a0 The HCYY11112002 Forklift Steering Cylinder stands as a vital component that significantly boosts the maneuverability and control of forklifts across diverse operational environments. Crafted for both efficiency and reliability, this steering cylinder empowers operators to navigate tight spaces and manage heavy loads effortlessly. As an essential part of any forklift operation, [&hellip;]<\/p>","protected":false},"featured_media":16988,"comment_status":"open","ping_status":"closed","template":"","meta":{"_et_pb_use_builder":"","_et_pb_old_content":"","_et_gb_content_width":""},"product_brand":[],"product_cat":[1550,1484,1376],"product_tag":[],"class_list":{"0":"post-16982","1":"product","2":"type-product","3":"status-publish","4":"has-post-thumbnail","6":"product_cat-double-acting-hydraulic-cylinder","7":"product_cat-forklift-hydraulic-cylinders","8":"product_cat-hydraulic-cylinder","10":"first","11":"instock","12":"shipping-taxable","13":"product-type-simple"},"amp_enabled":true,"_links":{"self":[{"href":"https:\/\/www.hydraulic-cylinders.net\/nb\/wp-json\/wp\/v2\/product\/16982","targetHints":{"allow":["GET"]}}],"collection":[{"href":"https:\/\/www.hydraulic-cylinders.net\/nb\/wp-json\/wp\/v2\/product"}],"about":[{"href":"https:\/\/www.hydraulic-cylinders.net\/nb\/wp-json\/wp\/v2\/types\/product"}],"replies":[{"embeddable":true,"href":"https:\/\/www.hydraulic-cylinders.net\/nb\/wp-json\/wp\/v2\/comments?post=16982"}],"wp:featuredmedia":[{"embeddable":true,"href":"https:\/\/www.hydraulic-cylinders.net\/nb\/wp-json\/wp\/v2\/media\/16988"}],"wp:attachment":[{"href":"https:\/\/www.hydraulic-cylinders.net\/nb\/wp-json\/wp\/v2\/media?parent=16982"}],"wp:term":[{"taxonomy":"product_brand","embeddable":true,"href":"https:\/\/www.hydraulic-cylinders.net\/nb\/wp-json\/wp\/v2\/product_brand?post=16982"},{"taxonomy":"product_cat","embeddable":true,"href":"https:\/\/www.hydraulic-cylinders.net\/nb\/wp-json\/wp\/v2\/product_cat?post=16982"},{"taxonomy":"product_tag","embeddable":true,"href":"https:\/\/www.hydraulic-cylinders.net\/nb\/wp-json\/wp\/v2\/product_tag?post=16982"}],"curies":[{"name":"wp","href":"https:\/\/api.w.org\/{rel}","templated":true}]}}