{"id":17047,"date":"2025-02-05T02:02:28","date_gmt":"2025-02-05T02:02:28","guid":{"rendered":"https:\/\/www.hydraulic-cylinders.net\/?post_type=product&#038;p=17047"},"modified":"2025-04-02T08:28:41","modified_gmt":"2025-04-02T08:28:41","slug":"lift-cylinder-for-crawler-crane","status":"publish","type":"product","link":"https:\/\/www.hydraulic-cylinders.net\/nb\/produkt\/lift-cylinder-for-crawler-crane\/","title":{"rendered":"L\u00f8ftesylinder for beltekran"},"content":{"rendered":"<h1 style=\"text-align: center;\"><strong>L\u00f8ftesylinder for beltekran<\/strong><\/h1>\n<h1 style=\"text-align: center;\"><img loading=\"lazy\" decoding=\"async\" class=\"alignnone size-full wp-image-17048\" src=\"https:\/\/www.hydraulic-cylinders.net\/wp-content\/uploads\/2025\/02\/hcyy11112018-lift-cylinder-2.webp\" alt=\"\" width=\"1524\" height=\"539\" srcset=\"https:\/\/www.hydraulic-cylinders.net\/wp-content\/uploads\/2025\/02\/hcyy11112018-lift-cylinder-2.webp 1524w, https:\/\/www.hydraulic-cylinders.net\/wp-content\/uploads\/2025\/02\/hcyy11112018-lift-cylinder-2-1280x453.webp 1280w, https:\/\/www.hydraulic-cylinders.net\/wp-content\/uploads\/2025\/02\/hcyy11112018-lift-cylinder-2-980x347.webp 980w, https:\/\/www.hydraulic-cylinders.net\/wp-content\/uploads\/2025\/02\/hcyy11112018-lift-cylinder-2-480x170.webp 480w\" sizes=\"(min-width: 0px) and (max-width: 480px) 480px, (min-width: 481px) and (max-width: 980px) 980px, (min-width: 981px) and (max-width: 1280px) 1280px, (min-width: 1281px) 1524px, 100vw\" \/><\/h1>\n<p>V\u00e5re l\u00f8ftesylindere for belteg\u00e5ende kraner er konstruert for \u00e5 levere kraftig og p\u00e5litelig l\u00f8fteytelse for tunge applikasjoner. Disse hydrauliske sylindrene er spesielt konstruert for belteg\u00e5ende kraner, og gir kraften som trengs for \u00e5 l\u00f8fte kranarmer (bommer) med presisjon, og st\u00f8tter laster opptil 590 tonn i krevende milj\u00f8er som byggeplasser, brobygging og gruvedrift. L\u00f8ftesylinderne v\u00e5re er konstruert med h\u00f8yfast legeringsst\u00e5l og har avanserte tetningssystemer, og sikrer holdbarhet og lekkasjefri drift, selv under ekstreme dynamiske belastninger og t\u00f8ffe forhold.<\/p>\n<p>Med en trykkklassifisering p\u00e5 opptil 35 MPa og valgfrie korrosjonsbestandige belegg er de bygget for langvarig p\u00e5litelighet i ulendt terreng. Enten du heiser st\u00e5lbjelker eller plasserer tungt utstyr, garanterer v\u00e5re l\u00f8ftesylindere for belteg\u00e5ende kraner sikkerhet, effektivitet og uovertruffen ytelse for dine l\u00f8ftebehov.<\/p>\n<h2><strong>L\u00f8ftesylinder for beltekranparameter:<\/strong><\/h2>\n<h1 style=\"text-align: center;\"><img loading=\"lazy\" decoding=\"async\" class=\"alignnone size-full wp-image-17049\" src=\"https:\/\/www.hydraulic-cylinders.net\/wp-content\/uploads\/2025\/02\/hcyy11112018-lift-cylinder-1.webp\" alt=\"\" width=\"1515\" height=\"147\" srcset=\"https:\/\/www.hydraulic-cylinders.net\/wp-content\/uploads\/2025\/02\/hcyy11112018-lift-cylinder-1.webp 1515w, https:\/\/www.hydraulic-cylinders.net\/wp-content\/uploads\/2025\/02\/hcyy11112018-lift-cylinder-1-1280x124.webp 1280w, https:\/\/www.hydraulic-cylinders.net\/wp-content\/uploads\/2025\/02\/hcyy11112018-lift-cylinder-1-980x95.webp 980w, https:\/\/www.hydraulic-cylinders.net\/wp-content\/uploads\/2025\/02\/hcyy11112018-lift-cylinder-1-480x47.webp 480w\" sizes=\"(min-width: 0px) and (max-width: 480px) 480px, (min-width: 481px) and (max-width: 980px) 980px, (min-width: 981px) and (max-width: 1280px) 1280px, (min-width: 1281px) 1515px, 100vw\" \/> <img loading=\"lazy\" decoding=\"async\" class=\"alignnone size-full wp-image-17051\" src=\"https:\/\/www.hydraulic-cylinders.net\/wp-content\/uploads\/2025\/02\/hcyy11112018-lift-cylinder-3.webp\" alt=\"\" width=\"1477\" height=\"707\" srcset=\"https:\/\/www.hydraulic-cylinders.net\/wp-content\/uploads\/2025\/02\/hcyy11112018-lift-cylinder-3.webp 1477w, https:\/\/www.hydraulic-cylinders.net\/wp-content\/uploads\/2025\/02\/hcyy11112018-lift-cylinder-3-1280x613.webp 1280w, https:\/\/www.hydraulic-cylinders.net\/wp-content\/uploads\/2025\/02\/hcyy11112018-lift-cylinder-3-980x469.webp 980w, https:\/\/www.hydraulic-cylinders.net\/wp-content\/uploads\/2025\/02\/hcyy11112018-lift-cylinder-3-480x230.webp 480w\" sizes=\"(min-width: 0px) and (max-width: 480px) 480px, (min-width: 481px) and (max-width: 980px) 980px, (min-width: 981px) and (max-width: 1280px) 1280px, (min-width: 1281px) 1477px, 100vw\" \/> <img loading=\"lazy\" decoding=\"async\" class=\"alignnone size-full wp-image-17052\" src=\"https:\/\/www.hydraulic-cylinders.net\/wp-content\/uploads\/2025\/02\/hcyy11112018-lift-cylinder-4.webp\" alt=\"\" width=\"1475\" height=\"711\" srcset=\"https:\/\/www.hydraulic-cylinders.net\/wp-content\/uploads\/2025\/02\/hcyy11112018-lift-cylinder-4.webp 1475w, https:\/\/www.hydraulic-cylinders.net\/wp-content\/uploads\/2025\/02\/hcyy11112018-lift-cylinder-4-1280x617.webp 1280w, https:\/\/www.hydraulic-cylinders.net\/wp-content\/uploads\/2025\/02\/hcyy11112018-lift-cylinder-4-980x472.webp 980w, https:\/\/www.hydraulic-cylinders.net\/wp-content\/uploads\/2025\/02\/hcyy11112018-lift-cylinder-4-480x231.webp 480w\" sizes=\"(min-width: 0px) and (max-width: 480px) 480px, (min-width: 481px) and (max-width: 980px) 980px, (min-width: 981px) and (max-width: 1280px) 1280px, (min-width: 1281px) 1475px, 100vw\" \/> <img loading=\"lazy\" decoding=\"async\" class=\"alignnone size-full wp-image-17053\" src=\"https:\/\/www.hydraulic-cylinders.net\/wp-content\/uploads\/2025\/02\/hcyy11112018-lift-cylinder-5.webp\" alt=\"\" width=\"1451\" height=\"696\" srcset=\"https:\/\/www.hydraulic-cylinders.net\/wp-content\/uploads\/2025\/02\/hcyy11112018-lift-cylinder-5.webp 1451w, https:\/\/www.hydraulic-cylinders.net\/wp-content\/uploads\/2025\/02\/hcyy11112018-lift-cylinder-5-1280x614.webp 1280w, https:\/\/www.hydraulic-cylinders.net\/wp-content\/uploads\/2025\/02\/hcyy11112018-lift-cylinder-5-980x470.webp 980w, https:\/\/www.hydraulic-cylinders.net\/wp-content\/uploads\/2025\/02\/hcyy11112018-lift-cylinder-5-480x230.webp 480w\" sizes=\"(min-width: 0px) and (max-width: 480px) 480px, (min-width: 481px) and (max-width: 980px) 980px, (min-width: 981px) and (max-width: 1280px) 1280px, (min-width: 1281px) 1451px, 100vw\" \/><\/h1>\n<h2><strong>Sylinderserie av beltekran:<\/strong><\/h2>\n<h2><img loading=\"lazy\" decoding=\"async\" class=\"alignnone size-full wp-image-17054 aligncenter\" src=\"https:\/\/www.hydraulic-cylinders.net\/wp-content\/uploads\/2025\/02\/cylinder-series-of-crawler-crane-1.webp\" alt=\"\" width=\"709\" height=\"791\" srcset=\"https:\/\/www.hydraulic-cylinders.net\/wp-content\/uploads\/2025\/02\/cylinder-series-of-crawler-crane-1.webp 709w, https:\/\/www.hydraulic-cylinders.net\/wp-content\/uploads\/2025\/02\/cylinder-series-of-crawler-crane-1-480x536.webp 480w\" sizes=\"(min-width: 0px) and (max-width: 480px) 480px, (min-width: 481px) 709px, 100vw\" \/><\/h2>\n<h2><strong>Viktige funksjoner for l\u00f8ftesylinder for beltekran:<\/strong><\/h2>\n<h4><strong>H\u00f8y holdbarhet<\/strong><\/h4>\n<p>L\u00f8ftesylinderen er konstruert av f\u00f8rsteklasses materialer som er spesielt valgt for sin styrke og robusthet. Denne robuste designen gj\u00f8r at sylinderen t\u00e5ler t\u00f8ffe arbeidsforhold og tunge belastninger, noe som gj\u00f8r den til et ideelt valg for krevende byggemilj\u00f8er. Brukere kan stole p\u00e5 den langvarige ytelsen, noe som reduserer behovet for hyppige utskiftninger og sikrer uavbrutt drift, selv i de mest utfordrende situasjoner.<\/p>\n<h4><strong>Presisjonsteknikk<\/strong><\/h4>\n<p>Konstruert med omhyggelig oppmerksomhet p\u00e5 detaljer, har den presise produksjonstoleranser. Dette presisjonsniv\u00e5et muliggj\u00f8r jevn drift og forbedrer l\u00f8ften\u00f8yaktigheten, slik at operat\u00f8rene kan h\u00e5ndtere laster trygt. Enten det l\u00f8ftes delikate materialer eller tungt maskineri, sikrer denne sylinderen at hver bevegelse er kontrollert og p\u00e5litelig, noe som minimerer risikoen for ulykker og forbedrer den generelle effektiviteten.<\/p>\n<h4><strong>Korrosjonsbestandighet<\/strong><\/h4>\n<p>For \u00e5 bekjempe effektene av eksponering for fuktighet og t\u00f8ffe elementer, gjennomg\u00e5r l\u00f8ftesylinderen en spesialisert overflatebehandling. Dette beskyttende laget beskytter mot rust og korrosjon, noe som forlenger sylinderens levetid betydelig. Ved \u00e5 opprettholde optimal ytelse over tid, forbedrer denne funksjonen ikke bare sylinderens p\u00e5litelighet, men bidrar ogs\u00e5 til lavere vedlikeholdskostnader og \u00f8kt driftseffektivitet.<\/p>\n<h4><strong>Kompakt design<\/strong><\/h4>\n<p>L\u00f8ftesylinderens kompakte design skiller den fra andre, og gir enkel installasjon og s\u00f8ml\u00f8s integrering i ulike beltekranmodeller. De plassbesparende dimensjonene gj\u00f8r det mulig for operat\u00f8rer \u00e5 maksimere effektiviteten til maskineriet sitt uten \u00e5 ofre kraft. Denne allsidigheten gj\u00f8r den til et utmerket valg for prosjekter med begrenset plass, og sikrer at tunge l\u00f8fteegenskaper aldri kompromitteres.<\/p>\n<h4><strong>H\u00f8ytrykkskapasitet<\/strong><\/h4>\n<p>L\u00f8ftesylinderen er konstruert for \u00e5 h\u00e5ndtere h\u00f8yt hydraulisk trykk og utmerker seg ved \u00e5 levere effektive l\u00f8fteoperasjoner. Denne egenskapen sikrer at sylinderen kan h\u00e5ndtere betydelige belastninger trygt og effektivt, noe som gir operat\u00f8rene trygghet. Ved \u00e5 prioritere sikkerhet samtidig som ytelsen maksimeres, st\u00f8tter denne sylinderen et bredt spekter av bruksomr\u00e5der, fra konstruksjon til industrielle l\u00f8fteoppgaver, noe som gj\u00f8r den til et p\u00e5litelig valg for enhver tung drift.<\/p>\n<h2><strong>Hva gj\u00f8r l\u00f8ftesylinderen egnet for tung l\u00f8fting?<\/strong><\/h2>\n<p>Her er en utvidet forklaring p\u00e5 hvorfor l\u00f8ftesylinderen er egnet for tung l\u00f8fting:<\/p>\n<ol>\n<li><strong>Eksepsjonell holdbarhet<\/strong>:<br \/>\nL\u00f8ftesylinderen er konstruert av materialer av h\u00f8y kvalitet som er spesielt valgt for sin styrke og robusthet. Denne robustheten gj\u00f8r at sylinderen t\u00e5ler ekstreme forhold, som kraftige vibrasjoner, st\u00f8tbelastninger og t\u00f8ffe milj\u00f8faktorer som er typiske i bygg og anlegg i industrien. Holdbarheten minimerer slitasje, noe som f\u00f8rer til f\u00e6rre havarier og redusert nedetid, noe som er avgj\u00f8rende for \u00e5 opprettholde produktiviteten p\u00e5 arbeidsplasser.<\/li>\n<li><strong>H\u00f8ytrykkskapasitet<\/strong>:<br \/>\nDenne l\u00f8ftesylinderen er konstruert for \u00e5 h\u00e5ndtere h\u00f8yt hydraulisk trykk, noe som er avgj\u00f8rende for \u00e5 l\u00f8fte betydelige vekter p\u00e5 en sikker og effektiv m\u00e5te. Designet inkluderer avanserte ingeni\u00f8rprinsipper som gj\u00f8r at den kan fungere under intens belastning uten \u00e5 kompromittere den strukturelle integriteten. Denne h\u00f8ye trykkkapasiteten sikrer at sylinderen kan l\u00f8fte tunge maskiner og materialer p\u00e5litelig, noe som gj\u00f8r den egnet for ulike bruksomr\u00e5der, fra konstruksjon til tung produksjon.<\/li>\n<li><strong>Presisjonsteknikk<\/strong>:<br \/>\nFunksjonene har toppmoderne produksjonstoleranser som sikrer presis justering og drift. Dette presisjonsniv\u00e5et er avgj\u00f8rende for oppgaver som krever delikat h\u00e5ndtering eller n\u00f8yaktig posisjonering, da det minimerer risikoen for ulykker og forbedrer den generelle l\u00f8ften\u00f8yaktigheten. Operat\u00f8rer kan stole p\u00e5 at sylinderen vil yte konsekvent, noe som f\u00f8rer til \u00f8kt trygghet i l\u00f8fteoperasjoner og forbedret sikkerhet for b\u00e5de personell og utstyr.<\/li>\n<li><strong>Overlegen korrosjonsbestandighet<\/strong>:<br \/>\nFor \u00e5 bekjempe effekten av fuktighet, kjemikalier og andre korrosive elementer, gjennomg\u00e5r den en spesialisert overflatebehandling. Dette beskyttende laget reduserer risikoen for rust og korrosjon betydelig, noe som ellers kan f\u00f8re til mekaniske feil. Ved \u00e5 forbedre sylinderens motstand mot milj\u00f8faktorer, sikrer denne funksjonen langsiktig p\u00e5litelighet og ytelse, noe som til slutt reduserer vedlikeholdskostnader og forlenger levetiden til utstyret.<\/li>\n<li><strong>Kompakt design<\/strong>:<br \/>\nL\u00f8ftesylinderens kompakte design muliggj\u00f8r enkel installasjon og integrering i ulike beltekranmodeller. Denne plassbesparende funksjonen er spesielt fordelaktig i milj\u00f8er med begrenset plass, der det er viktig \u00e5 maksimere kranens driftskapasitet. Den str\u00f8mlinjeformede designen g\u00e5r ikke p\u00e5 bekostning av l\u00f8ftekraften, noe som sikrer at operat\u00f8rer effektivt kan h\u00e5ndtere tunge laster uten den store vekten som er forbundet med tradisjonelle sylindere.<\/li>\n<\/ol>\n<p>Disse forbedrede funksjonene gj\u00f8r l\u00f8ftesylinderen til et toppvalg for tunge l\u00f8fteoppgaver, noe som sikrer p\u00e5litelighet, effektivitet og sikkerhet p\u00e5 jobben.<\/p>\n<h2><strong>Produksjonsomr\u00e5de for gaffeltrucksylindere:<\/strong><\/h2>\n<h2><img loading=\"lazy\" decoding=\"async\" class=\"alignnone size-full wp-image-16972\" src=\"https:\/\/www.hydraulic-cylinders.net\/wp-content\/uploads\/2025\/01\/hydraulic-cylinder-factory-1-scaled.webp\" alt=\"\" width=\"2016\" height=\"2560\" srcset=\"https:\/\/www.hydraulic-cylinders.net\/wp-content\/uploads\/2025\/01\/hydraulic-cylinder-factory-1-scaled.webp 2016w, https:\/\/www.hydraulic-cylinders.net\/wp-content\/uploads\/2025\/01\/hydraulic-cylinder-factory-1-1280x1625.webp 1280w, https:\/\/www.hydraulic-cylinders.net\/wp-content\/uploads\/2025\/01\/hydraulic-cylinder-factory-1-980x1244.webp 980w, https:\/\/www.hydraulic-cylinders.net\/wp-content\/uploads\/2025\/01\/hydraulic-cylinder-factory-1-480x610.webp 480w\" sizes=\"(min-width: 0px) and (max-width: 480px) 480px, (min-width: 481px) and (max-width: 980px) 980px, (min-width: 981px) and (max-width: 1280px) 1280px, (min-width: 1281px) 2016px, 100vw\" \/><\/h2>\n<p>Vi kan skryte av en toppmoderne uavhengig FoU-plattform dedikert til montering, noe som sikrer innovasjon og kvalitet p\u00e5 toppniv\u00e5 i v\u00e5re produksjonsprosesser. V\u00e5rt produksjonsverksted for gaffeltrucksylindere har fire halvautomatiske l\u00f8ftesylindermonteringslinjer og en helautomatisk vippesylindermonteringslinje, som til sammen er designet for \u00e5 produsere opptil \u00e9n million enheter \u00e5rlig.<\/p>\n<p>I tillegg er v\u00e5rt spesialiserte sylinderverksted utstyrt med halvautomatiske rengj\u00f8rings- og monteringssystemer skreddersydd for ulike spesifikasjoner, med en \u00e5rlig produksjonskapasitet p\u00e5 200 000 deler. Vi bruker anerkjent CNC-utstyr, maskineringssentre og spesialverkt\u00f8y for h\u00f8ypresisjons sylinderbehandling. Anlegget v\u00e5rt inkluderer ogs\u00e5 avanserte robotsveisemaskiner, automatiske rengj\u00f8ringssystemer og helautomatiske sylindermonterings- og lakkeringslinjer. Med over 300 viktige utstyrsenheter i drift optimaliserer vi ressursallokering og sikrer effektiv utnyttelse, og oppfyller strenge presisjons- og kvalitetsstandarder.<\/p>\n<p>Maskineringsverkstedet v\u00e5rt har skreddersydde dreiesentre for styreskinne, maskineringssentre, h\u00f8yhastighets honemaskiner, sveiseroboter og annet viktig utstyr. Dette oppsettet lar oss h\u00e5ndtere maskinering av sylinderr\u00f8r med en maksimal indre diameter p\u00e5 400 mm og lengder p\u00e5 opptil 6 meter, noe som ytterligere forbedrer produksjonskapasiteten v\u00e5r.<\/p>\n<h2><img loading=\"lazy\" decoding=\"async\" class=\"alignnone size-full wp-image-16973\" src=\"https:\/\/www.hydraulic-cylinders.net\/wp-content\/uploads\/2025\/01\/hydraulic-cylinder-factory-2-scaled.webp\" alt=\"\" width=\"2011\" height=\"2560\" srcset=\"https:\/\/www.hydraulic-cylinders.net\/wp-content\/uploads\/2025\/01\/hydraulic-cylinder-factory-2-scaled.webp 2011w, https:\/\/www.hydraulic-cylinders.net\/wp-content\/uploads\/2025\/01\/hydraulic-cylinder-factory-2-1280x1629.webp 1280w, https:\/\/www.hydraulic-cylinders.net\/wp-content\/uploads\/2025\/01\/hydraulic-cylinder-factory-2-980x1248.webp 980w, https:\/\/www.hydraulic-cylinders.net\/wp-content\/uploads\/2025\/01\/hydraulic-cylinder-factory-2-480x611.webp 480w\" sizes=\"(min-width: 0px) and (max-width: 480px) 480px, (min-width: 481px) and (max-width: 980px) 980px, (min-width: 981px) and (max-width: 1280px) 1280px, (min-width: 1281px) 2011px, 100vw\" \/><\/h2>\n<p>Vi driver en helautomatisk vannbasert malingslinje spesielt utviklet for sm\u00e5 og mellomstore sylindere, med automatiserte laste-, losse- og spr\u00f8yteroboter. Dette toppmoderne systemet har en produksjonskapasitet p\u00e5 4000 enheter per skift. I tillegg har vi en halvautomatisk lakkeringslinje for store sylindere, drevet av en kjededrift, med en designkapasitet p\u00e5 60 kasser per skift.<\/p>\n<p>For \u00e5 forbedre produktets ytelse og befeste v\u00e5r ledende posisjon innen hydrauliske sylinderindustrien, har vi inng\u00e5tt et samarbeid med ZJIMEE for \u00e5 etablere et omfattende ytelseslaboratorium dedikert til hydrauliske sylindere, ventiler og pumper. Dette avanserte laboratoriet benytter dataassistert testing med elektrohydraulisk teknologi, noe som muliggj\u00f8r forh\u00e5ndsinnstilte testforhold som forbedrer n\u00f8yaktighet og systemets allsidighet. Den automatiserte datainnsamlingsprosessen bruker sensorer for \u00e5 samle inn utdata, for eksempel intern lekkasje og lasteffektivitet, som deretter behandles av en datamaskin og konverteres til standardenheter (ml\/min%).<\/p>\n<p>For \u00e5 sikre sikkerheten til v\u00e5re hydrauliske systemer implementerer vi dessuten tilstandsoverv\u00e5king for viktige ytelsesparametere, inkludert oljetemperatur, v\u00e6skeniv\u00e5 og status for filterenheter. V\u00e5rt teststativ for hydrauliske sylindere kan vurdere \u00ablasteffektivitet\u00bb og \u00abintern lekkasje\u00bb gjennom presise avlesninger. Det er ogs\u00e5 utstyrt med et gitterlinjalm\u00e5leinstrument som oppfyller nasjonale standarder, noe som sikrer samsvar med alle testkrav for hydrauliske sylinderprodukter.<\/p>\n<p>&nbsp;<\/p>","protected":false},"excerpt":{"rendered":"<p>Lift Cylinder For Crawler Crane Our Lift Cylinders for Crawler Cranes are designed to deliver powerful and reliable lifting performance for heavy-duty applications. Engineered specifically for crawler cranes, these hydraulic cylinders provide the force needed to elevate crane arms (booms) with precision, supporting loads up to 590 tons in demanding environments such as construction sites, [&hellip;]<\/p>","protected":false},"featured_media":17055,"comment_status":"open","ping_status":"closed","template":"","meta":{"_et_pb_use_builder":"","_et_pb_old_content":"","_et_gb_content_width":""},"product_brand":[],"product_cat":[1376,1514],"product_tag":[],"class_list":{"0":"post-17047","1":"product","2":"type-product","3":"status-publish","4":"has-post-thumbnail","6":"product_cat-hydraulic-cylinder","7":"product_cat-mobile-crane-hydraulic-cylinders","9":"first","10":"instock","11":"shipping-taxable","12":"product-type-simple"},"amp_enabled":true,"_links":{"self":[{"href":"https:\/\/www.hydraulic-cylinders.net\/nb\/wp-json\/wp\/v2\/product\/17047","targetHints":{"allow":["GET"]}}],"collection":[{"href":"https:\/\/www.hydraulic-cylinders.net\/nb\/wp-json\/wp\/v2\/product"}],"about":[{"href":"https:\/\/www.hydraulic-cylinders.net\/nb\/wp-json\/wp\/v2\/types\/product"}],"replies":[{"embeddable":true,"href":"https:\/\/www.hydraulic-cylinders.net\/nb\/wp-json\/wp\/v2\/comments?post=17047"}],"wp:featuredmedia":[{"embeddable":true,"href":"https:\/\/www.hydraulic-cylinders.net\/nb\/wp-json\/wp\/v2\/media\/17055"}],"wp:attachment":[{"href":"https:\/\/www.hydraulic-cylinders.net\/nb\/wp-json\/wp\/v2\/media?parent=17047"}],"wp:term":[{"taxonomy":"product_brand","embeddable":true,"href":"https:\/\/www.hydraulic-cylinders.net\/nb\/wp-json\/wp\/v2\/product_brand?post=17047"},{"taxonomy":"product_cat","embeddable":true,"href":"https:\/\/www.hydraulic-cylinders.net\/nb\/wp-json\/wp\/v2\/product_cat?post=17047"},{"taxonomy":"product_tag","embeddable":true,"href":"https:\/\/www.hydraulic-cylinders.net\/nb\/wp-json\/wp\/v2\/product_tag?post=17047"}],"curies":[{"name":"wp","href":"https:\/\/api.w.org\/{rel}","templated":true}]}}