{"id":17058,"date":"2025-02-05T06:07:17","date_gmt":"2025-02-05T06:07:17","guid":{"rendered":"https:\/\/www.hydraulic-cylinders.net\/?post_type=product&#038;p=17058"},"modified":"2025-04-11T03:28:20","modified_gmt":"2025-04-11T03:28:20","slug":"arm-anti-tilt-hydraulic-cylinders-for-crawler-crane","status":"publish","type":"product","link":"https:\/\/www.hydraulic-cylinders.net\/nb\/produkt\/arm-anti-tilt-hydraulic-cylinders-for-crawler-crane\/","title":{"rendered":"Arm Anti Tilt hydrauliske sylindere for beltekran"},"content":{"rendered":"<h1 style=\"text-align: center;\"><strong>Arm Anti Tilt hydrauliske sylindere for beltekran<\/strong><\/h1>\n<h1 style=\"text-align: center;\"><img loading=\"lazy\" decoding=\"async\" class=\"alignnone size-full wp-image-17060\" src=\"https:\/\/www.hydraulic-cylinders.net\/wp-content\/uploads\/2025\/02\/hcyy11112019-cylinder-for-preventing-rear-tlit-of-boom-2.webp\" alt=\"\" width=\"1499\" height=\"519\" srcset=\"https:\/\/www.hydraulic-cylinders.net\/wp-content\/uploads\/2025\/02\/hcyy11112019-cylinder-for-preventing-rear-tlit-of-boom-2.webp 1499w, https:\/\/www.hydraulic-cylinders.net\/wp-content\/uploads\/2025\/02\/hcyy11112019-cylinder-for-preventing-rear-tlit-of-boom-2-1280x443.webp 1280w, https:\/\/www.hydraulic-cylinders.net\/wp-content\/uploads\/2025\/02\/hcyy11112019-cylinder-for-preventing-rear-tlit-of-boom-2-980x339.webp 980w, https:\/\/www.hydraulic-cylinders.net\/wp-content\/uploads\/2025\/02\/hcyy11112019-cylinder-for-preventing-rear-tlit-of-boom-2-480x166.webp 480w\" sizes=\"(min-width: 0px) and (max-width: 480px) 480px, (min-width: 481px) and (max-width: 980px) 980px, (min-width: 981px) and (max-width: 1280px) 1280px, (min-width: 1281px) 1499px, 100vw\" \/><\/h1>\n<p>V\u00e5re hydrauliske arm-antitilt-sylindere for belteg\u00e5ende kraner er konstruert for \u00e5 forbedre sikkerhet og stabilitet under tunge l\u00f8fteoperasjoner. Disse sylindrene er spesielt utviklet for belteg\u00e5ende kraner, og forhindrer at kranarmen (bommen) vipper bakover under ekstreme belastninger, noe som sikrer driftssikkerhet i krevende milj\u00f8er som byggeplasser, havneoperasjoner og industriprosjekter. Sylindrene v\u00e5re er bygget med h\u00f8yfaste materialer og avansert tetningsteknologi, og tilbyr eksepsjonell holdbarhet, og t\u00e5ler dynamiske belastninger og t\u00f8ffe forhold samtidig som de opprettholder presis kontroll.<\/p>\n<p>Med en trykkklassifisering p\u00e5 opptil 35 MPa og korrosjonsbestandige belegg er de ideelle for langvarig bruk i ulendt terreng. Enten du l\u00f8fter tunge st\u00e5lkonstruksjoner eller h\u00e5ndterer overdimensjonert last, gir v\u00e5re hydrauliske sylindere med armbeskyttelse p\u00e5liteligheten og ytelsen du trenger for \u00e5 holde beltekranoperasjonene dine trygge og effektive.<\/p>\n<h2><strong>Arm Anti Tilt hydrauliske sylindere for beltekran Parameter:<\/strong><\/h2>\n<h1 style=\"text-align: center;\"><img loading=\"lazy\" decoding=\"async\" class=\"alignnone size-full wp-image-17059\" src=\"https:\/\/www.hydraulic-cylinders.net\/wp-content\/uploads\/2025\/02\/hcyy11112019-cylinder-for-preventing-rear-tlit-of-boom-1.webp\" alt=\"\" width=\"1512\" height=\"147\" srcset=\"https:\/\/www.hydraulic-cylinders.net\/wp-content\/uploads\/2025\/02\/hcyy11112019-cylinder-for-preventing-rear-tlit-of-boom-1.webp 1512w, https:\/\/www.hydraulic-cylinders.net\/wp-content\/uploads\/2025\/02\/hcyy11112019-cylinder-for-preventing-rear-tlit-of-boom-1-1280x124.webp 1280w, https:\/\/www.hydraulic-cylinders.net\/wp-content\/uploads\/2025\/02\/hcyy11112019-cylinder-for-preventing-rear-tlit-of-boom-1-980x95.webp 980w, https:\/\/www.hydraulic-cylinders.net\/wp-content\/uploads\/2025\/02\/hcyy11112019-cylinder-for-preventing-rear-tlit-of-boom-1-480x47.webp 480w\" sizes=\"(min-width: 0px) and (max-width: 480px) 480px, (min-width: 481px) and (max-width: 980px) 980px, (min-width: 981px) and (max-width: 1280px) 1280px, (min-width: 1281px) 1512px, 100vw\" \/><img loading=\"lazy\" decoding=\"async\" class=\"alignnone size-full wp-image-17061\" src=\"https:\/\/www.hydraulic-cylinders.net\/wp-content\/uploads\/2025\/02\/hcyy11112019-cylinder-for-preventing-rear-tlit-of-boom-3.webp\" alt=\"\" width=\"1477\" height=\"707\" srcset=\"https:\/\/www.hydraulic-cylinders.net\/wp-content\/uploads\/2025\/02\/hcyy11112019-cylinder-for-preventing-rear-tlit-of-boom-3.webp 1477w, https:\/\/www.hydraulic-cylinders.net\/wp-content\/uploads\/2025\/02\/hcyy11112019-cylinder-for-preventing-rear-tlit-of-boom-3-1280x613.webp 1280w, https:\/\/www.hydraulic-cylinders.net\/wp-content\/uploads\/2025\/02\/hcyy11112019-cylinder-for-preventing-rear-tlit-of-boom-3-980x469.webp 980w, https:\/\/www.hydraulic-cylinders.net\/wp-content\/uploads\/2025\/02\/hcyy11112019-cylinder-for-preventing-rear-tlit-of-boom-3-480x230.webp 480w\" sizes=\"(min-width: 0px) and (max-width: 480px) 480px, (min-width: 481px) and (max-width: 980px) 980px, (min-width: 981px) and (max-width: 1280px) 1280px, (min-width: 1281px) 1477px, 100vw\" \/> <img loading=\"lazy\" decoding=\"async\" class=\"alignnone size-full wp-image-17062\" src=\"https:\/\/www.hydraulic-cylinders.net\/wp-content\/uploads\/2025\/02\/hcyy11112019-cylinder-for-preventing-rear-tlit-of-boom-4.webp\" alt=\"\" width=\"1477\" height=\"711\" srcset=\"https:\/\/www.hydraulic-cylinders.net\/wp-content\/uploads\/2025\/02\/hcyy11112019-cylinder-for-preventing-rear-tlit-of-boom-4.webp 1477w, https:\/\/www.hydraulic-cylinders.net\/wp-content\/uploads\/2025\/02\/hcyy11112019-cylinder-for-preventing-rear-tlit-of-boom-4-1280x616.webp 1280w, https:\/\/www.hydraulic-cylinders.net\/wp-content\/uploads\/2025\/02\/hcyy11112019-cylinder-for-preventing-rear-tlit-of-boom-4-980x472.webp 980w, https:\/\/www.hydraulic-cylinders.net\/wp-content\/uploads\/2025\/02\/hcyy11112019-cylinder-for-preventing-rear-tlit-of-boom-4-480x231.webp 480w\" sizes=\"(min-width: 0px) and (max-width: 480px) 480px, (min-width: 481px) and (max-width: 980px) 980px, (min-width: 981px) and (max-width: 1280px) 1280px, (min-width: 1281px) 1477px, 100vw\" \/> <img loading=\"lazy\" decoding=\"async\" class=\"alignnone size-full wp-image-17063\" src=\"https:\/\/www.hydraulic-cylinders.net\/wp-content\/uploads\/2025\/02\/hcyy11112019-cylinder-for-preventing-rear-tlit-of-boom-5.webp\" alt=\"\" width=\"1401\" height=\"671\" srcset=\"https:\/\/www.hydraulic-cylinders.net\/wp-content\/uploads\/2025\/02\/hcyy11112019-cylinder-for-preventing-rear-tlit-of-boom-5.webp 1401w, https:\/\/www.hydraulic-cylinders.net\/wp-content\/uploads\/2025\/02\/hcyy11112019-cylinder-for-preventing-rear-tlit-of-boom-5-1280x613.webp 1280w, https:\/\/www.hydraulic-cylinders.net\/wp-content\/uploads\/2025\/02\/hcyy11112019-cylinder-for-preventing-rear-tlit-of-boom-5-980x469.webp 980w, https:\/\/www.hydraulic-cylinders.net\/wp-content\/uploads\/2025\/02\/hcyy11112019-cylinder-for-preventing-rear-tlit-of-boom-5-480x230.webp 480w\" sizes=\"(min-width: 0px) and (max-width: 480px) 480px, (min-width: 481px) and (max-width: 980px) 980px, (min-width: 981px) and (max-width: 1280px) 1280px, (min-width: 1281px) 1401px, 100vw\" \/><\/h1>\n<h2><strong>Sylinderserie av beltekran:<\/strong><\/h2>\n<h2><img loading=\"lazy\" decoding=\"async\" class=\"alignnone size-full wp-image-17054 aligncenter\" src=\"https:\/\/www.hydraulic-cylinders.net\/wp-content\/uploads\/2025\/02\/cylinder-series-of-crawler-crane-1.webp\" alt=\"\" width=\"709\" height=\"791\" srcset=\"https:\/\/www.hydraulic-cylinders.net\/wp-content\/uploads\/2025\/02\/cylinder-series-of-crawler-crane-1.webp 709w, https:\/\/www.hydraulic-cylinders.net\/wp-content\/uploads\/2025\/02\/cylinder-series-of-crawler-crane-1-480x536.webp 480w\" sizes=\"(min-width: 0px) and (max-width: 480px) 480px, (min-width: 481px) 709px, 100vw\" \/><\/h2>\n<h2><strong>Viktige funksjoner for hydrauliske sylindere med armbeskyttelse for beltekran:<\/strong><\/h2>\n<h4><strong>Robust konstruksjon<\/strong><\/h4>\n<p>De hydrauliske arm-antitilt-sylinderne har en robust konstruksjon laget av h\u00f8yfaste materialer, n\u00f8ye utvalgt for \u00e5 t\u00e5le de t\u00f8ffeste arbeidsforholdene. Denne konstruksjonen sikrer ikke bare eksepsjonell holdbarhet, men forbedrer ogs\u00e5 p\u00e5liteligheten, slik at operat\u00f8rene kan fokusere p\u00e5 oppgaven uten \u00e5 bekymre seg for utstyrsfeil. Sylinderens robusthet betyr at den kan takle alt fra ekstreme temperaturer til kraftige vibrasjoner, noe som gj\u00f8r den til et p\u00e5litelig valg for enhver kranoperasjon.<\/p>\n<h4><strong>H\u00f8y lastekapasitet<\/strong><\/h4>\n<p>De hydrauliske sylindrene med armbeskyttelse er konstruert for \u00e5 h\u00e5ndtere betydelige vekter, og gir operat\u00f8rer muligheten til \u00e5 l\u00f8fte og man\u00f8vrere tunge materialer med selvtillit. Den imponerende lastekapasiteten spiller en avgj\u00f8rende rolle i \u00e5 utvide kapasiteten til beltekraner, slik at de kan utf\u00f8re komplekse oppgaver som krever styrke og stabilitet. Enten det er \u00e5 l\u00f8fte st\u00e5lbjelker eller transportere tungt maskineri, gir denne sylinderen musklene som trengs for \u00e5 f\u00e5 jobben gjort trygt og effektivt.<\/p>\n<h4><strong>Presisjonsteknikk<\/strong><\/h4>\n<p>Med et design med sm\u00e5 toleranser, fremmer de hydrauliske antivippesylindrene p\u00e5 armen jevn drift og presis posisjonering av bommen. Dette presisjonsniv\u00e5et minimerer risikoen for ulykker og forbedrer den generelle driftssikkerheten. Operat\u00f8rer kan stole p\u00e5 sylinderens n\u00f8yaktighet, noe som er avgj\u00f8rende for oppgaver som krever grundig kontroll. Denne oppmerksomheten p\u00e5 detaljer \u00f8ker ikke bare ytelsen, men gir ogs\u00e5 operat\u00f8rene tillit n\u00e5r de navigerer i utfordrende l\u00f8ftescenarioer.<\/p>\n<h4><strong>Korrosjonsbestandighet<\/strong><\/h4>\n<p>De hydrauliske sylinderne med antitilt-funksjon p\u00e5 armen har en spesialisert overflatebehandling som gir overlegen beskyttelse mot rust og korrosjon. Denne funksjonen er spesielt fordelaktig i utfordrende milj\u00f8er der eksponering for fuktighet og sterke kjemikalier er vanlig. Ved \u00e5 forlenge sylinderens levetid sikrer denne korrosjonsmotstanden jevn ytelse over tid, noe som reduserer vedlikeholdskostnader og \u00f8ker den totale verdien av investeringen din.<\/p>\n<h4><strong>Kompakt design<\/strong><\/h4>\n<p>Sylinderens plassbesparende design gir enkel installasjon og s\u00f8ml\u00f8s integrering i ulike beltekranmodeller. Denne kompaktheten maksimerer driftseffektiviteten, slik at kraner kan operere p\u00e5 trange steder uten \u00e5 ofre ytelsen. Operat\u00f8rer setter pris p\u00e5 den enkle installasjonsprosessen, som sparer verdifull tid og minimerer nedetid. Designet sikrer at de hydrauliske sylinderne med armbeskyttelse passer uanstrengt inn i eksisterende utstyr, noe som forbedrer allsidigheten og funksjonaliteten.<\/p>\n<p>Kort sagt, HCYY11112019-sylinderen skiller seg ut med sin robuste konstruksjon, h\u00f8ye lastekapasitet, presisjonsteknikk, korrosjonsbestandighet og kompakte design. Hver av disse funksjonene bidrar til en p\u00e5litelig, effektiv og sikker l\u00f8fteopplevelse, noe som gj\u00f8r denne sylinderen til en uvurderlig ressurs for enhver beltekranoperasjon.<\/p>\n<h2><strong>Hvordan forbedrer sylinderen for \u00e5 forhindre bakoverhelling sikkerheten ved drift av beltekraner?<\/strong><\/h2>\n<p>Sylinderen for \u00e5 forhindre bakovertilting er en viktig komponent som dramatisk forbedrer sikkerheten ved bruk av beltekran p\u00e5 flere overbevisende m\u00e5ter:<\/p>\n<ol>\n<li><strong>Stabilitet under l\u00f8fting<\/strong>Tenk deg tryggheten du f\u00e5r av \u00e5 vite at kranen din er stabil, spesielt n\u00e5r du h\u00e5ndterer tunge lass. Sylinderen forhindrer at bommen vipper bakover, og sikrer at kranen opprettholder en balansert posisjon. Denne stabiliteten er avgj\u00f8rende, da den reduserer risikoen for velting eller tap av kontroll betydelig under utfordrende l\u00f8fteoppgaver. Operat\u00f8rer kan fokusere p\u00e5 arbeidet sitt uten konstant bekymring for potensielle ulykker.<\/li>\n<li><strong>N\u00f8yaktig lastkontroll<\/strong>Presisjon er n\u00f8kkelen i kranoperasjoner, og denne sylinderen utmerker seg i \u00e5 fremme dette. Ved \u00e5 muliggj\u00f8re presis posisjonering av bommen, kan operat\u00f8rer man\u00f8vrere laster med bemerkelsesverdig n\u00f8yaktighet. Denne evnen er spesielt viktig n\u00e5r man navigerer i trange rom eller plasserer laster forsiktig. Med forbedret kontroll minimeres sjansene for ulykker p\u00e5 grunn av feil plassering av last, noe som sikrer en smidigere arbeidsflyt.<\/li>\n<li><strong>Redusert risiko for mekanisk svikt<\/strong>Sylinderens robuste konstruksjon er konstruert for \u00e5 t\u00e5le p\u00e5kjenningene ved tunge l\u00f8ft. Denne holdbarheten gj\u00f8r at den effektivt h\u00e5ndterer stress og belastning, noe som er avgj\u00f8rende for \u00e5 forhindre mekaniske feil. Ved \u00e5 redusere sannsynligheten for havarier forbedrer sylinderen ikke bare sikkerheten, men bidrar ogs\u00e5 til driftseffektivitet, slik at prosjekter kan holde seg i rute uten uventede avbrudd.<\/li>\n<li><strong>\u00d8kt f\u00f8rertillit<\/strong>Selvtillit er en avgj\u00f8rende faktor for sikkerhet. N\u00e5r f\u00f8rere vet at sylinderen aktivt forhindrer bakovertilting, kan de fokusere helt p\u00e5 oppgavene sine uten distraksjoner. Denne tryggheten fremmer en sikkerhetskultur p\u00e5 arbeidsplassen, ettersom f\u00f8rere er mer oppmerksomme og bevisste p\u00e5 omgivelsene sine, noe som ytterligere reduserer sannsynligheten for ulykker.<\/li>\n<li><strong>Samsvar med sikkerhetsstandarder<\/strong>I en bransje der sikkerhetsforskrifter er avgj\u00f8rende, bidrar bruk av en bakre vippesikringssylinder til \u00e5 sikre at kraner overholder strenge sikkerhetsstandarder. Denne samsvarskontrollen beskytter ikke bare operat\u00f8rer og mannskap, men forbedrer ogs\u00e5 selskapets omd\u00f8mme og demonstrerer en forpliktelse til sikkerhet og profesjonalitet.<\/li>\n<\/ol>\n<p>Kort sagt er sylinderen for \u00e5 forhindre bakovertilting mer enn bare en komponent; den er banebrytende for kransikkerhet. Ved \u00e5 gi stabilitet, fremme presisjon, redusere mekaniske risikoer, \u00f8ke f\u00f8rerens tillit og sikre samsvar med sikkerhetsstandarder, spiller denne sylinderen en viktig rolle i \u00e5 skape et sikkert og effektivt arbeidsmilj\u00f8. Investering i slike sikkerhetstiltak beskytter ikke bare liv, men \u00f8ker ogs\u00e5 produktiviteten, noe som gj\u00f8r den til et smart valg for enhver beltekranoperasjon.<\/p>\n<h2><strong>Produksjonsomr\u00e5de for gaffeltrucksylindere:<\/strong><\/h2>\n<h2><img loading=\"lazy\" decoding=\"async\" class=\"alignnone size-full wp-image-16972\" src=\"https:\/\/www.hydraulic-cylinders.net\/wp-content\/uploads\/2025\/01\/hydraulic-cylinder-factory-1-scaled.webp\" alt=\"\" width=\"2016\" height=\"2560\" srcset=\"https:\/\/www.hydraulic-cylinders.net\/wp-content\/uploads\/2025\/01\/hydraulic-cylinder-factory-1-scaled.webp 2016w, https:\/\/www.hydraulic-cylinders.net\/wp-content\/uploads\/2025\/01\/hydraulic-cylinder-factory-1-1280x1625.webp 1280w, https:\/\/www.hydraulic-cylinders.net\/wp-content\/uploads\/2025\/01\/hydraulic-cylinder-factory-1-980x1244.webp 980w, https:\/\/www.hydraulic-cylinders.net\/wp-content\/uploads\/2025\/01\/hydraulic-cylinder-factory-1-480x610.webp 480w\" sizes=\"(min-width: 0px) and (max-width: 480px) 480px, (min-width: 481px) and (max-width: 980px) 980px, (min-width: 981px) and (max-width: 1280px) 1280px, (min-width: 1281px) 2016px, 100vw\" \/><\/h2>\n<p>Vi kan skryte av en toppmoderne uavhengig FoU-plattform dedikert til montering, noe som sikrer innovasjon og kvalitet p\u00e5 toppniv\u00e5 i v\u00e5re produksjonsprosesser. V\u00e5rt produksjonsverksted for gaffeltrucksylindere har fire halvautomatiske l\u00f8ftesylindermonteringslinjer og en helautomatisk vippesylindermonteringslinje, som til sammen er designet for \u00e5 produsere opptil \u00e9n million enheter \u00e5rlig.<\/p>\n<p>I tillegg er v\u00e5rt spesialiserte sylinderverksted utstyrt med halvautomatiske rengj\u00f8rings- og monteringssystemer skreddersydd for ulike spesifikasjoner, med en \u00e5rlig produksjonskapasitet p\u00e5 200 000 deler. Vi bruker anerkjent CNC-utstyr, maskineringssentre og spesialverkt\u00f8y for h\u00f8ypresisjons sylinderbehandling. Anlegget v\u00e5rt inkluderer ogs\u00e5 avanserte robotsveisemaskiner, automatiske rengj\u00f8ringssystemer og helautomatiske sylindermonterings- og lakkeringslinjer. Med over 300 viktige utstyrsenheter i drift optimaliserer vi ressursallokering og sikrer effektiv utnyttelse, og oppfyller strenge presisjons- og kvalitetsstandarder.<\/p>\n<p>Maskineringsverkstedet v\u00e5rt har skreddersydde dreiesentre for styreskinne, maskineringssentre, h\u00f8yhastighets honemaskiner, sveiseroboter og annet viktig utstyr. Dette oppsettet lar oss h\u00e5ndtere maskinering av sylinderr\u00f8r med en maksimal indre diameter p\u00e5 400 mm og lengder p\u00e5 opptil 6 meter, noe som ytterligere forbedrer produksjonskapasiteten v\u00e5r.<\/p>\n<h2><img loading=\"lazy\" decoding=\"async\" class=\"alignnone size-full wp-image-16973\" src=\"https:\/\/www.hydraulic-cylinders.net\/wp-content\/uploads\/2025\/01\/hydraulic-cylinder-factory-2-scaled.webp\" alt=\"\" width=\"2011\" height=\"2560\" srcset=\"https:\/\/www.hydraulic-cylinders.net\/wp-content\/uploads\/2025\/01\/hydraulic-cylinder-factory-2-scaled.webp 2011w, https:\/\/www.hydraulic-cylinders.net\/wp-content\/uploads\/2025\/01\/hydraulic-cylinder-factory-2-1280x1629.webp 1280w, https:\/\/www.hydraulic-cylinders.net\/wp-content\/uploads\/2025\/01\/hydraulic-cylinder-factory-2-980x1248.webp 980w, https:\/\/www.hydraulic-cylinders.net\/wp-content\/uploads\/2025\/01\/hydraulic-cylinder-factory-2-480x611.webp 480w\" sizes=\"(min-width: 0px) and (max-width: 480px) 480px, (min-width: 481px) and (max-width: 980px) 980px, (min-width: 981px) and (max-width: 1280px) 1280px, (min-width: 1281px) 2011px, 100vw\" \/><\/h2>\n<p>Vi driver en helautomatisk vannbasert malingslinje spesielt utviklet for sm\u00e5 og mellomstore sylindere, med automatiserte laste-, losse- og spr\u00f8yteroboter. Dette toppmoderne systemet har en produksjonskapasitet p\u00e5 4000 enheter per skift. I tillegg har vi en halvautomatisk lakkeringslinje for store sylindere, drevet av en kjededrift, med en designkapasitet p\u00e5 60 kasser per skift.<\/p>\n<p>For \u00e5 forbedre produktets ytelse og befeste v\u00e5r ledende posisjon innen hydrauliske sylinderindustrien, har vi inng\u00e5tt et samarbeid med ZJIMEE for \u00e5 etablere et omfattende ytelseslaboratorium dedikert til hydrauliske sylindere, ventiler og pumper. Dette avanserte laboratoriet benytter dataassistert testing med elektrohydraulisk teknologi, noe som muliggj\u00f8r forh\u00e5ndsinnstilte testforhold som forbedrer n\u00f8yaktighet og systemets allsidighet. Den automatiserte datainnsamlingsprosessen bruker sensorer for \u00e5 samle inn utdata, for eksempel intern lekkasje og lasteffektivitet, som deretter behandles av en datamaskin og konverteres til standardenheter (ml\/min%).<\/p>\n<p>For \u00e5 sikre sikkerheten til v\u00e5re hydrauliske systemer implementerer vi dessuten tilstandsoverv\u00e5king for viktige ytelsesparametere, inkludert oljetemperatur, v\u00e6skeniv\u00e5 og status for filterenheter. V\u00e5rt teststativ for hydrauliske sylindere kan vurdere \u00ablasteffektivitet\u00bb og \u00abintern lekkasje\u00bb gjennom presise avlesninger. Det er ogs\u00e5 utstyrt med et gitterlinjalm\u00e5leinstrument som oppfyller nasjonale standarder, noe som sikrer samsvar med alle testkrav for hydrauliske sylinderprodukter.<\/p>\n<p>&nbsp;<\/p>","protected":false},"excerpt":{"rendered":"<p>Arm Anti Tilt Hydraulic Cylinders For Crawler Crane Our arm anti tilt hydraulic cylinders for crawler cranes are engineered to enhance safety and stability during heavy-duty lifting operations. Designed specifically for crawler cranes, these cylinders prevent the crane arm (boom) from tilting backward under extreme loads, ensuring operational safety in demanding environments like construction sites, [&hellip;]<\/p>","protected":false},"featured_media":17064,"comment_status":"open","ping_status":"closed","template":"","meta":{"_et_pb_use_builder":"","_et_pb_old_content":"","_et_gb_content_width":""},"product_brand":[],"product_cat":[1550,1514,1376],"product_tag":[],"class_list":{"0":"post-17058","1":"product","2":"type-product","3":"status-publish","4":"has-post-thumbnail","6":"product_cat-double-acting-hydraulic-cylinder","7":"product_cat-mobile-crane-hydraulic-cylinders","8":"product_cat-hydraulic-cylinder","10":"first","11":"instock","12":"shipping-taxable","13":"product-type-simple"},"amp_enabled":true,"_links":{"self":[{"href":"https:\/\/www.hydraulic-cylinders.net\/nb\/wp-json\/wp\/v2\/product\/17058","targetHints":{"allow":["GET"]}}],"collection":[{"href":"https:\/\/www.hydraulic-cylinders.net\/nb\/wp-json\/wp\/v2\/product"}],"about":[{"href":"https:\/\/www.hydraulic-cylinders.net\/nb\/wp-json\/wp\/v2\/types\/product"}],"replies":[{"embeddable":true,"href":"https:\/\/www.hydraulic-cylinders.net\/nb\/wp-json\/wp\/v2\/comments?post=17058"}],"wp:featuredmedia":[{"embeddable":true,"href":"https:\/\/www.hydraulic-cylinders.net\/nb\/wp-json\/wp\/v2\/media\/17064"}],"wp:attachment":[{"href":"https:\/\/www.hydraulic-cylinders.net\/nb\/wp-json\/wp\/v2\/media?parent=17058"}],"wp:term":[{"taxonomy":"product_brand","embeddable":true,"href":"https:\/\/www.hydraulic-cylinders.net\/nb\/wp-json\/wp\/v2\/product_brand?post=17058"},{"taxonomy":"product_cat","embeddable":true,"href":"https:\/\/www.hydraulic-cylinders.net\/nb\/wp-json\/wp\/v2\/product_cat?post=17058"},{"taxonomy":"product_tag","embeddable":true,"href":"https:\/\/www.hydraulic-cylinders.net\/nb\/wp-json\/wp\/v2\/product_tag?post=17058"}],"curies":[{"name":"wp","href":"https:\/\/api.w.org\/{rel}","templated":true}]}}