{"id":17133,"date":"2025-02-06T09:25:20","date_gmt":"2025-02-06T09:25:20","guid":{"rendered":"https:\/\/www.hydraulic-cylinders.net\/?post_type=product&#038;p=17133"},"modified":"2025-04-11T01:52:05","modified_gmt":"2025-04-11T01:52:05","slug":"hcyy11112026-behind-cylinder-for-opening-rack-support-for-truck-cranes","status":"publish","type":"product","link":"https:\/\/www.hydraulic-cylinders.net\/nb\/produkt\/hcyy11112026-behind-cylinder-for-opening-rack-support-for-truck-cranes\/","title":{"rendered":"HCYY11112026 Bak sylinder for \u00e5pning av reolst\u00f8tte for lastebilkraner"},"content":{"rendered":"<h1 style=\"text-align: center;\"><strong>HCYY11112026 Bak sylinder for \u00e5pning av reolst\u00f8tte for lastebilkraner<\/strong><\/h1>\n<h1 style=\"text-align: center;\"><img loading=\"lazy\" decoding=\"async\" class=\"alignnone size-full wp-image-17135\" src=\"https:\/\/www.hydraulic-cylinders.net\/wp-content\/uploads\/2025\/02\/hcyy11112026-behind-cylinder-for-opening-rack-support-2.webp\" alt=\"\" width=\"1496\" height=\"510\" srcset=\"https:\/\/www.hydraulic-cylinders.net\/wp-content\/uploads\/2025\/02\/hcyy11112026-behind-cylinder-for-opening-rack-support-2.webp 1496w, https:\/\/www.hydraulic-cylinders.net\/wp-content\/uploads\/2025\/02\/hcyy11112026-behind-cylinder-for-opening-rack-support-2-1280x436.webp 1280w, https:\/\/www.hydraulic-cylinders.net\/wp-content\/uploads\/2025\/02\/hcyy11112026-behind-cylinder-for-opening-rack-support-2-980x334.webp 980w, https:\/\/www.hydraulic-cylinders.net\/wp-content\/uploads\/2025\/02\/hcyy11112026-behind-cylinder-for-opening-rack-support-2-480x164.webp 480w\" sizes=\"(min-width: 0px) and (max-width: 480px) 480px, (min-width: 481px) and (max-width: 980px) 980px, (min-width: 981px) and (max-width: 1280px) 1280px, (min-width: 1281px) 1496px, 100vw\" \/><\/h1>\n<p>De <strong>HCYY11112026 Bak sylinderen<\/strong> er en viktig komponent spesielt utviklet for lastebilkraner, og gir robust st\u00f8tte for \u00e5pningsreolen. Denne h\u00f8yytelsessylinderen forbedrer kranens stabilitet og driftseffektivitet betydelig under l\u00f8fteoppgaver, noe som gj\u00f8r den til en uvurderlig ressurs i ulike industrielle applikasjoner.<\/p>\n<p>Med sin imponerende lastekapasitet, slitesterke konstruksjon og korrosjonsbestandighet utmerker HCYY11112026 seg i krevende l\u00f8ftesituasjoner. Ved \u00e5 f\u00f8lge riktige bruksmetoder og vedlikeholdsretningslinjer kan operat\u00f8rer sikre at denne sylinderen leverer p\u00e5litelig ytelse i \u00e5revis.<\/p>\n<p>\u00c5 investere i HCYY11112026 \u00f8ker ikke bare driftseffektiviteten, men forbedrer ogs\u00e5 sikkerheten p\u00e5 arbeidsplassen, noe som gj\u00f8r den til et utmerket valg for enhver kranoperasjon.<\/p>\n<h2><strong>HCYY11112026 Bak sylinder for \u00e5pning av stativst\u00f8tte for lastebilkraner Parameter:<\/strong><\/h2>\n<h1 style=\"text-align: center;\"><img loading=\"lazy\" decoding=\"async\" class=\"alignnone size-full wp-image-17134\" src=\"https:\/\/www.hydraulic-cylinders.net\/wp-content\/uploads\/2025\/02\/hcyy11112026-behind-cylinder-for-opening-rack-support-1.webp\" alt=\"\" width=\"1516\" height=\"147\" srcset=\"https:\/\/www.hydraulic-cylinders.net\/wp-content\/uploads\/2025\/02\/hcyy11112026-behind-cylinder-for-opening-rack-support-1.webp 1516w, https:\/\/www.hydraulic-cylinders.net\/wp-content\/uploads\/2025\/02\/hcyy11112026-behind-cylinder-for-opening-rack-support-1-1280x124.webp 1280w, https:\/\/www.hydraulic-cylinders.net\/wp-content\/uploads\/2025\/02\/hcyy11112026-behind-cylinder-for-opening-rack-support-1-980x95.webp 980w, https:\/\/www.hydraulic-cylinders.net\/wp-content\/uploads\/2025\/02\/hcyy11112026-behind-cylinder-for-opening-rack-support-1-480x47.webp 480w\" sizes=\"(min-width: 0px) and (max-width: 480px) 480px, (min-width: 481px) and (max-width: 980px) 980px, (min-width: 981px) and (max-width: 1280px) 1280px, (min-width: 1281px) 1516px, 100vw\" \/><img loading=\"lazy\" decoding=\"async\" class=\"alignnone size-full wp-image-17136\" src=\"https:\/\/www.hydraulic-cylinders.net\/wp-content\/uploads\/2025\/02\/hcyy11112026-behind-cylinder-for-opening-rack-support-3.webp\" alt=\"\" width=\"1476\" height=\"701\" srcset=\"https:\/\/www.hydraulic-cylinders.net\/wp-content\/uploads\/2025\/02\/hcyy11112026-behind-cylinder-for-opening-rack-support-3.webp 1476w, https:\/\/www.hydraulic-cylinders.net\/wp-content\/uploads\/2025\/02\/hcyy11112026-behind-cylinder-for-opening-rack-support-3-1280x608.webp 1280w, https:\/\/www.hydraulic-cylinders.net\/wp-content\/uploads\/2025\/02\/hcyy11112026-behind-cylinder-for-opening-rack-support-3-980x465.webp 980w, https:\/\/www.hydraulic-cylinders.net\/wp-content\/uploads\/2025\/02\/hcyy11112026-behind-cylinder-for-opening-rack-support-3-480x228.webp 480w\" sizes=\"(min-width: 0px) and (max-width: 480px) 480px, (min-width: 481px) and (max-width: 980px) 980px, (min-width: 981px) and (max-width: 1280px) 1280px, (min-width: 1281px) 1476px, 100vw\" \/> <img loading=\"lazy\" decoding=\"async\" class=\"alignnone size-full wp-image-17137\" src=\"https:\/\/www.hydraulic-cylinders.net\/wp-content\/uploads\/2025\/02\/hcyy11112026-behind-cylinder-for-opening-rack-support-4.webp\" alt=\"\" width=\"1475\" height=\"709\" srcset=\"https:\/\/www.hydraulic-cylinders.net\/wp-content\/uploads\/2025\/02\/hcyy11112026-behind-cylinder-for-opening-rack-support-4.webp 1475w, https:\/\/www.hydraulic-cylinders.net\/wp-content\/uploads\/2025\/02\/hcyy11112026-behind-cylinder-for-opening-rack-support-4-1280x615.webp 1280w, https:\/\/www.hydraulic-cylinders.net\/wp-content\/uploads\/2025\/02\/hcyy11112026-behind-cylinder-for-opening-rack-support-4-980x471.webp 980w, https:\/\/www.hydraulic-cylinders.net\/wp-content\/uploads\/2025\/02\/hcyy11112026-behind-cylinder-for-opening-rack-support-4-480x231.webp 480w\" sizes=\"(min-width: 0px) and (max-width: 480px) 480px, (min-width: 481px) and (max-width: 980px) 980px, (min-width: 981px) and (max-width: 1280px) 1280px, (min-width: 1281px) 1475px, 100vw\" \/> <img loading=\"lazy\" decoding=\"async\" class=\"alignnone size-full wp-image-17138\" src=\"https:\/\/www.hydraulic-cylinders.net\/wp-content\/uploads\/2025\/02\/hcyy11112026-behind-cylinder-for-opening-rack-support-5.webp\" alt=\"\" width=\"1392\" height=\"690\" srcset=\"https:\/\/www.hydraulic-cylinders.net\/wp-content\/uploads\/2025\/02\/hcyy11112026-behind-cylinder-for-opening-rack-support-5.webp 1392w, https:\/\/www.hydraulic-cylinders.net\/wp-content\/uploads\/2025\/02\/hcyy11112026-behind-cylinder-for-opening-rack-support-5-1280x634.webp 1280w, https:\/\/www.hydraulic-cylinders.net\/wp-content\/uploads\/2025\/02\/hcyy11112026-behind-cylinder-for-opening-rack-support-5-980x486.webp 980w, https:\/\/www.hydraulic-cylinders.net\/wp-content\/uploads\/2025\/02\/hcyy11112026-behind-cylinder-for-opening-rack-support-5-480x238.webp 480w\" sizes=\"(min-width: 0px) and (max-width: 480px) 480px, (min-width: 481px) and (max-width: 980px) 980px, (min-width: 981px) and (max-width: 1280px) 1280px, (min-width: 1281px) 1392px, 100vw\" \/><\/h1>\n<h2><strong>Sylinderserie for lastebilkraner:<\/strong><\/h2>\n<h2><img loading=\"lazy\" decoding=\"async\" class=\"alignnone size-full wp-image-17123\" src=\"https:\/\/www.hydraulic-cylinders.net\/wp-content\/uploads\/2025\/02\/cylinder-series-for-truck-cranes-2.webp\" alt=\"\" width=\"1240\" height=\"825\" srcset=\"https:\/\/www.hydraulic-cylinders.net\/wp-content\/uploads\/2025\/02\/cylinder-series-for-truck-cranes-2.webp 1240w, https:\/\/www.hydraulic-cylinders.net\/wp-content\/uploads\/2025\/02\/cylinder-series-for-truck-cranes-2-980x652.webp 980w, https:\/\/www.hydraulic-cylinders.net\/wp-content\/uploads\/2025\/02\/cylinder-series-for-truck-cranes-2-480x319.webp 480w\" sizes=\"(min-width: 0px) and (max-width: 480px) 480px, (min-width: 481px) and (max-width: 980px) 980px, (min-width: 981px) 1240px, 100vw\" \/><\/h2>\n<h2><strong>Viktige funksjoner for HCYY11112026 bak sylinder for \u00e5pning av reolst\u00f8tte for lastebilkraner:<\/strong><\/h2>\n<h4><strong>H\u00f8y lastekapasitet<\/strong><\/h4>\n<p>De <strong>HCYY11112026<\/strong> er omhyggelig konstruert for \u00e5 st\u00f8tte betydelige vekter, noe som gj\u00f8r den til et p\u00e5litelig valg for tunge l\u00f8ftescenarioer. Denne sylinderen er designet med avanserte konstruksjonsteknikker, og sikrer at selv de mest krevende lastene h\u00e5ndteres med letthet. Operat\u00f8rer kan stole p\u00e5 dens styrke og stabilitet, noe som forbedrer den generelle produktiviteten og sikkerheten under drift.<\/p>\n<h4><strong>Slitesterk konstruksjon<\/strong><\/h4>\n<p>HCYY11112026-sylinderen er konstruert av materialer av h\u00f8y kvalitet og er bygget for \u00e5 t\u00e5le p\u00e5kjenningene ved hyppig bruk. Den robuste designen minimerer slitasje, noe som sikrer lang levetid og reduserer behovet for hyppige utskiftninger. Denne holdbarheten gir lavere vedlikeholdskostnader og \u00f8kt driftsoppetid, noe som gj\u00f8r den til en smart investering for enhver kranoperasjon.<\/p>\n<h4><strong>Korrosjonsbestandighet<\/strong><\/h4>\n<p>HCYY11112026 er utstyrt med et spesialbelegg og tilbyr eksepsjonell beskyttelse mot rust og korrosjon. Denne funksjonen er spesielt fordelaktig i utfordrende milj\u00f8er, som de som er utsatt for fuktighet eller sterke kjemikalier. Ved \u00e5 opprettholde sin integritet over tid sikrer sylinderen jevn ytelse og p\u00e5litelighet, selv under de t\u00f8ffeste forhold.<\/p>\n<h4><strong>Presisjonsteknikk<\/strong><\/h4>\n<p>HCYY11112026 er produsert etter n\u00f8yaktige spesifikasjoner og garanterer optimal kompatibilitet med et bredt spekter av lastebilkranmodeller. Denne presisjonskonstruksjonen sikrer ikke bare perfekt passform, men forbedrer ogs\u00e5 den generelle effektiviteten til kranens operasjoner. Operat\u00f8rer kan trygt integrere denne sylinderen i sine eksisterende systemer, vel vitende om at den vil fungere s\u00f8ml\u00f8st.<\/p>\n<h4><strong>Enkel installasjon<\/strong><\/h4>\n<p>Utformingen av HCYY11112026 muliggj\u00f8r rask og enkel installasjon, noe som minimerer nedetid under oppsettet. Tydelige retningslinjer og brukervennlige funksjoner gj\u00f8r det mulig for operat\u00f8rer \u00e5 integrere sylinderen i kransystemene sine uten problemer. Denne enkle installasjonen betyr at kranene raskt kan komme tilbake i drift, noe som maksimerer produktiviteten p\u00e5 arbeidsplassen.<\/p>\n<p>De <strong>HCYY11112026 Bak sylinderen<\/strong> skiller seg ut som en h\u00f8yytelseskomponent som forbedrer lastebilkranoperasjoner betydelig. Den h\u00f8ye lastekapasiteten, slitesterke konstruksjonen, korrosjonsbestandigheten, presisjonskonstruksjonen og den enkle installasjonen gj\u00f8r den til et eksepsjonelt valg for enhver l\u00f8fteoppgave. \u00c5 investere i denne sylinderen \u00f8ker ikke bare effektiviteten, men forbedrer ogs\u00e5 sikkerheten og p\u00e5liteligheten, noe som gj\u00f8r den til en uunnv\u00e6rlig ressurs for moderne kranoperasjoner.<\/p>\n<h2><strong>Hvordan forbedrer Hcyy11112026 bak sylinderen stabiliteten til lastebilkraner under l\u00f8fteoperasjoner?<\/strong><\/h2>\n<p>De <strong>HCYY11112026 Bak sylinderen<\/strong> spiller en avgj\u00f8rende rolle i \u00e5 forbedre stabiliteten til lastebilkraner under l\u00f8fteoperasjoner gjennom flere viktige mekanismer:<\/p>\n<h4><strong>1. Vektfordeling<\/strong><\/h4>\n<p>Sylinderen er ekspertutformet for \u00e5 gi jevn vektfordeling over kranens ramme. Ved \u00e5 fordele lasten jevnere forhindrer den overdreven belastning p\u00e5 et enkelt punkt. Denne balanserte lasth\u00e5ndteringen er viktig n\u00e5r man h\u00e5ndterer tunge eller ujevnt fordelte laster, noe som reduserer risikoen for struktursvikt og forbedrer den generelle sikkerheten.<\/p>\n<h4><strong>2. Strukturell forsterkning<\/strong><\/h4>\n<p>Ved \u00e5 gi solid st\u00f8tte for \u00e5pningsstativet forsterker HCYY11112026 kranens overordnede struktur. Denne ekstra forsterkningen minimerer b\u00f8ying og b\u00f8ying, som kan oppst\u00e5 under tunge l\u00f8ft. Som et resultat forblir kranen stabil og sikker, noe som reduserer sannsynligheten for ulykker under drift betydelig.<\/p>\n<h4><strong>3. St\u00f8tdemping<\/strong><\/h4>\n<p>En av de mest fremtredende egenskapene til HCYY11112026 er dens evne til \u00e5 absorbere st\u00f8t og vibrasjoner som kan oppst\u00e5 under l\u00f8fting. Denne st\u00f8tdempingen reduserer st\u00f8tet p\u00e5 kranens struktur, noe som bidrar til jevnere drift. Ved \u00e5 dempe plutselige st\u00f8t bidrar sylinderen til \u00e5 opprettholde stabilitet, spesielt ved man\u00f8vrering eller omplassering av tunge laster.<\/p>\n<h4><strong>4. Forbedret kontroll<\/strong><\/h4>\n<p>Med sin p\u00e5litelige st\u00f8tte gir sylinderen operat\u00f8rene mulighet til \u00e5 utf\u00f8re presise bevegelser under l\u00f8fting. Denne forbedrede kontrollen er spesielt fordelaktig i komplekse l\u00f8ftescenarioer der n\u00f8yaktighet er avgj\u00f8rende. Ved \u00e5 opprettholde stabilitet reduserer HCYY11112026 risikoen for velting eller tap av balanse, noe som sikrer at operat\u00f8rene kan utf\u00f8re oppgaver trygt og effektivt.<\/p>\n<h4><strong>5. Sikkerhetsforsikring<\/strong><\/h4>\n<p>Stabilitet er synonymt med sikkerhet i kranoperasjoner. HCYY11112026 reduserer risikoen for ulykker betydelig ved \u00e5 opprettholde et stabilt l\u00f8ftemilj\u00f8. Ved \u00e5 minimere sjansen for velting, svinging eller uventede bevegelser, skaper den et tryggere arbeidsmilj\u00f8 for b\u00e5de operat\u00f8rer og tilskuere. Denne sikkerheten lar teamene fokusere p\u00e5 oppgavene sine uten konstant bekymring for potensielle farer.<\/p>\n<p>Oppsummert, den <strong>HCYY11112026 Bak sylinderen<\/strong> er en uunnv\u00e6rlig komponent som forbedrer stabiliteten til lastebilkraner betydelig under l\u00f8fteoperasjoner. Gjennom effektiv vektfordeling, strukturell forsterkning, st\u00f8tdemping, forbedret kontroll og forbedret sikkerhet, \u00f8ker denne sylinderen ikke bare driftseffektiviteten, men fremmer ogs\u00e5 et tryggere arbeidsmilj\u00f8. \u00c5 investere i HCYY11112026 er et strategisk valg for enhver virksomhet som \u00f8nsker \u00e5 forbedre p\u00e5liteligheten og sikkerheten til l\u00f8fteutstyret sitt.<\/p>\n<h2><strong>Produksjonsomr\u00e5de for gaffeltrucksylindere:<\/strong><\/h2>\n<h2><img loading=\"lazy\" decoding=\"async\" class=\"alignnone size-full wp-image-16972\" src=\"https:\/\/www.hydraulic-cylinders.net\/wp-content\/uploads\/2025\/01\/hydraulic-cylinder-factory-1-scaled.webp\" alt=\"\" width=\"2016\" height=\"2560\" srcset=\"https:\/\/www.hydraulic-cylinders.net\/wp-content\/uploads\/2025\/01\/hydraulic-cylinder-factory-1-scaled.webp 2016w, https:\/\/www.hydraulic-cylinders.net\/wp-content\/uploads\/2025\/01\/hydraulic-cylinder-factory-1-1280x1625.webp 1280w, https:\/\/www.hydraulic-cylinders.net\/wp-content\/uploads\/2025\/01\/hydraulic-cylinder-factory-1-980x1244.webp 980w, https:\/\/www.hydraulic-cylinders.net\/wp-content\/uploads\/2025\/01\/hydraulic-cylinder-factory-1-480x610.webp 480w\" sizes=\"(min-width: 0px) and (max-width: 480px) 480px, (min-width: 481px) and (max-width: 980px) 980px, (min-width: 981px) and (max-width: 1280px) 1280px, (min-width: 1281px) 2016px, 100vw\" \/><\/h2>\n<p>Vi kan skryte av en toppmoderne uavhengig FoU-plattform dedikert til montering, noe som sikrer innovasjon og kvalitet p\u00e5 toppniv\u00e5 i v\u00e5re produksjonsprosesser. V\u00e5rt produksjonsverksted for gaffeltrucksylindere har fire halvautomatiske l\u00f8ftesylindermonteringslinjer og en helautomatisk vippesylindermonteringslinje, som til sammen er designet for \u00e5 produsere opptil \u00e9n million enheter \u00e5rlig.<\/p>\n<p>I tillegg er v\u00e5rt spesialiserte sylinderverksted utstyrt med halvautomatiske rengj\u00f8rings- og monteringssystemer skreddersydd for ulike spesifikasjoner, med en \u00e5rlig produksjonskapasitet p\u00e5 200 000 deler. Vi bruker anerkjent CNC-utstyr, maskineringssentre og spesialverkt\u00f8y for h\u00f8ypresisjons sylinderbehandling. Anlegget v\u00e5rt inkluderer ogs\u00e5 avanserte robotsveisemaskiner, automatiske rengj\u00f8ringssystemer og helautomatiske sylindermonterings- og lakkeringslinjer. Med over 300 viktige utstyrsenheter i drift optimaliserer vi ressursallokering og sikrer effektiv utnyttelse, og oppfyller strenge presisjons- og kvalitetsstandarder.<\/p>\n<p>Maskineringsverkstedet v\u00e5rt har skreddersydde dreiesentre for styreskinne, maskineringssentre, h\u00f8yhastighets honemaskiner, sveiseroboter og annet viktig utstyr. Dette oppsettet lar oss h\u00e5ndtere maskinering av sylinderr\u00f8r med en maksimal indre diameter p\u00e5 400 mm og lengder p\u00e5 opptil 6 meter, noe som ytterligere forbedrer produksjonskapasiteten v\u00e5r.<\/p>\n<h2><img loading=\"lazy\" decoding=\"async\" class=\"alignnone size-full wp-image-16973\" src=\"https:\/\/www.hydraulic-cylinders.net\/wp-content\/uploads\/2025\/01\/hydraulic-cylinder-factory-2-scaled.webp\" alt=\"\" width=\"2011\" height=\"2560\" srcset=\"https:\/\/www.hydraulic-cylinders.net\/wp-content\/uploads\/2025\/01\/hydraulic-cylinder-factory-2-scaled.webp 2011w, https:\/\/www.hydraulic-cylinders.net\/wp-content\/uploads\/2025\/01\/hydraulic-cylinder-factory-2-1280x1629.webp 1280w, https:\/\/www.hydraulic-cylinders.net\/wp-content\/uploads\/2025\/01\/hydraulic-cylinder-factory-2-980x1248.webp 980w, https:\/\/www.hydraulic-cylinders.net\/wp-content\/uploads\/2025\/01\/hydraulic-cylinder-factory-2-480x611.webp 480w\" sizes=\"(min-width: 0px) and (max-width: 480px) 480px, (min-width: 481px) and (max-width: 980px) 980px, (min-width: 981px) and (max-width: 1280px) 1280px, (min-width: 1281px) 2011px, 100vw\" \/><\/h2>\n<p>Vi driver en helautomatisk vannbasert malingslinje spesielt utviklet for sm\u00e5 og mellomstore sylindere, med automatiserte laste-, losse- og spr\u00f8yteroboter. Dette toppmoderne systemet har en produksjonskapasitet p\u00e5 4000 enheter per skift. I tillegg har vi en halvautomatisk lakkeringslinje for store sylindere, drevet av en kjededrift, med en designkapasitet p\u00e5 60 kasser per skift.<\/p>\n<p>For \u00e5 forbedre produktets ytelse og befeste v\u00e5r ledende posisjon innen hydrauliske sylinderindustrien, har vi inng\u00e5tt et samarbeid med ZJIMEE for \u00e5 etablere et omfattende ytelseslaboratorium dedikert til hydrauliske sylindere, ventiler og pumper. Dette avanserte laboratoriet benytter dataassistert testing med elektrohydraulisk teknologi, noe som muliggj\u00f8r forh\u00e5ndsinnstilte testforhold som forbedrer n\u00f8yaktighet og systemets allsidighet. Den automatiserte datainnsamlingsprosessen bruker sensorer for \u00e5 samle inn utdata, for eksempel intern lekkasje og lasteffektivitet, som deretter behandles av en datamaskin og konverteres til standardenheter (ml\/min%).<\/p>\n<p>For \u00e5 sikre sikkerheten til v\u00e5re hydrauliske systemer implementerer vi dessuten tilstandsoverv\u00e5king for viktige ytelsesparametere, inkludert oljetemperatur, v\u00e6skeniv\u00e5 og status for filterenheter. V\u00e5rt teststativ for hydrauliske sylindere kan vurdere \u00ablasteffektivitet\u00bb og \u00abintern lekkasje\u00bb gjennom presise avlesninger. Det er ogs\u00e5 utstyrt med et gitterlinjalm\u00e5leinstrument som oppfyller nasjonale standarder, noe som sikrer samsvar med alle testkrav for hydrauliske sylinderprodukter.<\/p>\n<p>&nbsp;<\/p>","protected":false},"excerpt":{"rendered":"<p>HCYY11112026 Behind Cylinder For Opening Rack Support For Truck Cranes The HCYY11112026 Behind Cylinder is a vital component specifically designed for truck cranes, providing robust support for the opening rack. This high-performance cylinder significantly enhances the crane&#8217;s stability and operational efficiency during lifting tasks, making it an invaluable asset across various industrial applications. With its [&hellip;]<\/p>","protected":false},"featured_media":17139,"comment_status":"open","ping_status":"closed","template":"","meta":{"_et_pb_use_builder":"","_et_pb_old_content":"","_et_gb_content_width":""},"product_brand":[],"product_cat":[1514,1549,1376],"product_tag":[],"class_list":{"0":"post-17133","1":"product","2":"type-product","3":"status-publish","4":"has-post-thumbnail","6":"product_cat-mobile-crane-hydraulic-cylinders","7":"product_cat-single-acting-hydraulic-cylinder","8":"product_cat-hydraulic-cylinder","10":"first","11":"instock","12":"shipping-taxable","13":"product-type-simple"},"amp_enabled":true,"_links":{"self":[{"href":"https:\/\/www.hydraulic-cylinders.net\/nb\/wp-json\/wp\/v2\/product\/17133","targetHints":{"allow":["GET"]}}],"collection":[{"href":"https:\/\/www.hydraulic-cylinders.net\/nb\/wp-json\/wp\/v2\/product"}],"about":[{"href":"https:\/\/www.hydraulic-cylinders.net\/nb\/wp-json\/wp\/v2\/types\/product"}],"replies":[{"embeddable":true,"href":"https:\/\/www.hydraulic-cylinders.net\/nb\/wp-json\/wp\/v2\/comments?post=17133"}],"wp:featuredmedia":[{"embeddable":true,"href":"https:\/\/www.hydraulic-cylinders.net\/nb\/wp-json\/wp\/v2\/media\/17139"}],"wp:attachment":[{"href":"https:\/\/www.hydraulic-cylinders.net\/nb\/wp-json\/wp\/v2\/media?parent=17133"}],"wp:term":[{"taxonomy":"product_brand","embeddable":true,"href":"https:\/\/www.hydraulic-cylinders.net\/nb\/wp-json\/wp\/v2\/product_brand?post=17133"},{"taxonomy":"product_cat","embeddable":true,"href":"https:\/\/www.hydraulic-cylinders.net\/nb\/wp-json\/wp\/v2\/product_cat?post=17133"},{"taxonomy":"product_tag","embeddable":true,"href":"https:\/\/www.hydraulic-cylinders.net\/nb\/wp-json\/wp\/v2\/product_tag?post=17133"}],"curies":[{"name":"wp","href":"https:\/\/api.w.org\/{rel}","templated":true}]}}