{"id":1731,"date":"2023-10-12T03:54:29","date_gmt":"2023-10-12T03:54:29","guid":{"rendered":"https:\/\/hydraulic-cylinders.net\/?post_type=product&#038;p=1731"},"modified":"2025-04-11T03:44:54","modified_gmt":"2025-04-11T03:44:54","slug":"cement-equipment-roll-over-cylinder","status":"publish","type":"product","link":"https:\/\/www.hydraulic-cylinders.net\/nb\/produkt\/cement-equipment-roll-over-cylinder\/","title":{"rendered":"Sementutstyrs rullesylinder"},"content":{"rendered":"<h1 style=\"text-align: center;\"><strong>Sementutstyrs rullesylinder<\/strong><\/h1>\n<p><img loading=\"lazy\" decoding=\"async\" class=\"aligncenter wp-image-1732\" src=\"https:\/\/hydraulic-cylinders.net\/wp-content\/uploads\/2023\/10\/roll-over-cylinder-1-300x300.webp\" alt=\"\" width=\"400\" height=\"400\" \/><\/p>\n<p>Sementsylinderen er en viktig komponent i sementfabrikker, designet for \u00e5 forbedre sikkerhet og effektivitet under ulike materialh\u00e5ndteringsoperasjoner. Denne spesialiserte sylinderen spiller en kritisk rolle i utstyr som sementblandere og betongbiler, og muliggj\u00f8r kontrollert tipping og rotasjon av trommelen.<\/p>\n<p>Sementsylinderen er avgj\u00f8rende i sementfabrikker, og forbedrer sikkerhet og effektivitet under materialh\u00e5ndteringsoperasjoner. Med sin robuste konstruksjon, presise kontroll, sikkerhetsfunksjoner og kompakte design, muliggj\u00f8r denne sylinderen kontrollert tipping og rotasjon av sementblandere eller betongbiler. Ved \u00e5 f\u00f8lge anbefalte bruksmetoder og vedlikeholdspraksis kan du maksimere ytelsen og levetiden til sementsylinderen, noe som til slutt forbedrer sementproduksjonens sikkerhet, produktivitet og l\u00f8nnsomhet.<\/p>\n<p>Viktige egenskaper for veltesylinder for sementutstyr:<\/p>\n<ol>\n<li>Robust konstruksjon:<\/li>\n<\/ol>\n<ul>\n<li>Sementutstyrets veltesylinder er bygget med materialer av h\u00f8y kvalitet for holdbarhet og p\u00e5litelighet i krevende sementfabrikkmilj\u00f8er.<\/li>\n<li>Den t\u00e5ler tunge belastninger og p\u00e5kjenningene ved hyppig tipping og rotasjon uten at det g\u00e5r p\u00e5 bekostning av ytelsen.<\/li>\n<\/ul>\n<ol start=\"2\">\n<li>Presis kontroll:<\/li>\n<\/ol>\n<ul>\n<li>Denne sylinderen er konstruert for \u00e5 gi presis kontroll over tipping og rotasjon av sementblandere eller betongbiler.<\/li>\n<li>Det gj\u00f8r det mulig for operat\u00f8rer \u00e5 opprettholde stabilitet og n\u00f8yaktighet under materialutmating, noe som bidrar til effektiv drift.<\/li>\n<\/ul>\n<ol start=\"3\">\n<li>Sikkerhetsfunksjoner:<\/li>\n<\/ol>\n<ul>\n<li>Sementutstyrets veltesylinder har sikkerhetsfunksjoner som integrerte l\u00e5semekanismer eller sikkerhetsventiler for \u00e5 forhindre utilsiktet velting eller rotasjon.<\/li>\n<li>Disse funksjonene gir et ekstra lag med beskyttelse for operat\u00f8rer, utstyr og omkringliggende personell.<\/li>\n<\/ul>\n<ol start=\"4\">\n<li>Kompakt design:<\/li>\n<\/ol>\n<ul>\n<li>Sylinderens kompakte design sikrer s\u00f8ml\u00f8s integrering i eksisterende sementutstyr, noe som minimerer behovet for ytterligere modifikasjoner.<\/li>\n<li>Det optimaliserer plassutnyttelsen og muliggj\u00f8r effektiv drift i trange rom.<\/li>\n<\/ul>\n<h2><strong>Parameter for rullesylinder for sementutstyr:<\/strong><\/h2>\n<table border=\"1\" cellspacing=\"0\" cellpadding=\"0\">\n<tbody>\n<tr>\n<td>Produktnavn<\/td>\n<td>Sementutstyrs rullesylinder<\/td>\n<\/tr>\n<tr>\n<td>Funksjoner:<\/td>\n<td>L\u00f8fting og fall av drivrulle<\/td>\n<\/tr>\n<tr>\n<td>Borediameter:<\/td>\n<td>180 mm \uff5e320 mm<\/td>\n<\/tr>\n<tr>\n<td>Stangdiameter:<\/td>\n<td>110 mm\uff5e170 mm<br \/>\nSlaglengde: \u22646000 mm<\/td>\n<\/tr>\n<tr>\n<td>Skyvekraft:<\/td>\n<td>Maks 1688 kN<br \/>\n(Sylinderdiameter 320 mm \/ trykk 21 MPa)<\/td>\n<\/tr>\n<tr>\n<td>Bruksomr\u00e5der for rullesylinder for sementutstyr:<\/td>\n<td>Sementutstyr<\/td>\n<\/tr>\n<\/tbody>\n<\/table>\n<div><\/div>\n<div>\n<div class=\"txtboxL\">\n<div class=\"txtboxL\">Funksjoner:<\/div>\n<div class=\"txtboxR\">L\u00f8fting og fall av drivrulle<\/div>\n<div class=\"txtboxL\">Spesifikasjon:<\/div>\n<div class=\"txtboxR\">Borediameter: 180 mm ~ 320 mm<br \/>\nStangdiameter: 110 mm ~ 170 mm<br \/>\nSlaglengde: \u22646000 mm<\/div>\n<div class=\"txtboxL\">Skyvekraft:<\/div>\n<div class=\"txtboxR\">Maks 1688 kN<br \/>\n(Sylinderdiameter 320 mm \/ trykk 21 MPa)<\/div>\n<\/div>\n<\/div>\n<h2><strong>Sementutstyr <\/strong><strong>Sylinderfabrikk:<\/strong><\/h2>\n<p><img loading=\"lazy\" decoding=\"async\" class=\"alignnone wp-image-1734 size-full\" src=\"https:\/\/hydraulic-cylinders.net\/wp-content\/uploads\/2023\/10\/cement-equipment-cylinder-1.webp\" alt=\"\" width=\"1418\" height=\"946\" srcset=\"https:\/\/hydraulic-cylinders.net\/wp-content\/uploads\/2023\/10\/cement-equipment-cylinder-1.webp 1418w, https:\/\/hydraulic-cylinders.net\/wp-content\/uploads\/2023\/10\/cement-equipment-cylinder-1-1280x854.webp 1280w, https:\/\/hydraulic-cylinders.net\/wp-content\/uploads\/2023\/10\/cement-equipment-cylinder-1-980x654.webp 980w, https:\/\/hydraulic-cylinders.net\/wp-content\/uploads\/2023\/10\/cement-equipment-cylinder-1-480x320.webp 480w\" sizes=\"(min-width: 0px) and (max-width: 480px) 480px, (min-width: 481px) and (max-width: 980px) 980px, (min-width: 981px) and (max-width: 1280px) 1280px, (min-width: 1281px) 1418px, 100vw\" \/><\/p>\n<h2><strong>Bruksmetode for sementutstyrsrulle-sylinder<\/strong><strong>:<\/strong><\/h2>\n<ol>\n<li><strong>Installasjon:<\/strong><\/li>\n<\/ol>\n<ul>\n<li>F\u00f8lg produsentens retningslinjer for \u00e5 montere sementutstyrets veltesylinder sikkert p\u00e5 sementblanderen eller betongbilen.<\/li>\n<li>S\u00f8rg for riktig justering og feste for sikker og p\u00e5litelig drift.<\/li>\n<\/ul>\n<ol start=\"2\">\n<li><strong>Hydraulisk tilkobling:<\/strong><\/li>\n<\/ol>\n<ul>\n<li>Koble sylinderen til utstyrets hydrauliske system ved hjelp av passende koblinger og slanger.<\/li>\n<li>Kontroller at alle hydrauliske koblinger er sikre og fri for lekkasjer.<\/li>\n<\/ul>\n<ol start=\"3\">\n<li><strong>Drift og kontroll:<\/strong><\/li>\n<\/ol>\n<ul>\n<li>Koble til det hydrauliske systemet for \u00e5 aktivere sementutstyrets veltesylinder.<\/li>\n<li>Bruk kontrollpanelet eller grensesnittet til \u00e5 betjene sylinderen, og kontroller tipping og rotasjon av trommelen.<\/li>\n<li>F\u00f8lg produsentens instruksjoner og anbefalte fremgangsm\u00e5ter for sikker og effektiv drift.<\/li>\n<\/ul>\n<h2><strong>Hvordan fjerne hydraulisk clutchledning fra hovedsylinderen?<\/strong><\/h2>\n<p>Det krever n\u00f8ye utf\u00f8relse \u00e5 fjerne den hydrauliske clutchledningen fra hovedsylinderen for \u00e5 unng\u00e5 \u00e5 skade komponentene eller for\u00e5rsake lekkasjer. Her er en trinnvis veiledning for hvordan du fjerner en hydraulisk clutchledning fra hovedsylinderen:<\/p>\n<ol>\n<li><strong>Samle de n\u00f8dvendige verkt\u00f8yene:<\/strong>\n<ul>\n<li>Vernehansker og vernebriller<\/li>\n<li>Skiften\u00f8kler eller linjen\u00f8kler (passende st\u00f8rrelse for beslagene)<\/li>\n<li>Fang opp en panne eller beholder for \u00e5 samle opp s\u00f8lt v\u00e6ske<\/li>\n<li>Rene filler eller h\u00e5ndkl\u00e6r<\/li>\n<\/ul>\n<\/li>\n<li><strong>S\u00f8rg for sikkerhetstiltak:<\/strong>\n<ul>\n<li>Ta p\u00e5 deg vernehansker og vernebriller for \u00e5 beskytte deg mot potensielle farer.<\/li>\n<li>S\u00f8rg for at motoren er sl\u00e5tt av, og at kj\u00f8ret\u00f8yet er i park eller n\u00f8ytral, med parkeringsbremsen aktivert.<\/li>\n<\/ul>\n<\/li>\n<li><strong>Finn hovedsylinderen:<\/strong>\n<ul>\n<li>Hovedsylinderen for den hydrauliske clutchen er vanligvis plassert n\u00e6r brannmuren p\u00e5 f\u00f8rersiden av motorrommet.<\/li>\n<li>Identifiser clutchledningen som er koblet til hovedsylinderen. Den vil ha beslag i begge ender.<\/li>\n<\/ul>\n<\/li>\n<li><strong>Forbered deg p\u00e5 v\u00e6skelekkasje:<\/strong>\n<ul>\n<li>Plasser en oppsamlingspanne eller beholder under hovedsylinderen og clutchledningen for \u00e5 samle opp eventuell v\u00e6ske som kan lekke under demonteringsprosessen.<\/li>\n<li>Ha rene filler eller h\u00e5ndkl\u00e6r i n\u00e6rheten for \u00e5 t\u00f8rke opp s\u00f8l.<\/li>\n<\/ul>\n<\/li>\n<li><strong>L\u00f8sne beslagene:<\/strong>\n<ul>\n<li>Bruk riktig skiften\u00f8kkel eller ledningsn\u00f8kkel til \u00e5 l\u00f8sne beslagene i begge ender av clutchledningen.<\/li>\n<li>Vri skiften\u00f8kkelen mot klokken for \u00e5 l\u00f8sne, men v\u00e6r forsiktig s\u00e5 du ikke strammer for mye eller tvinger beslagene, da de kan v\u00e6re skj\u00f8re.<\/li>\n<\/ul>\n<\/li>\n<li><strong>Fjern linjen:<\/strong>\n<ul>\n<li>N\u00e5r beslagene er l\u00f8snet, skru dem forsiktig ut for h\u00e5nd til de l\u00f8sner helt fra hovedsylinderen.<\/li>\n<li>V\u00e6r forberedt p\u00e5 at noe gjenv\u00e6rende v\u00e6ske kan dryppe fra ledningen og koblingene n\u00e5r de fjernes.<\/li>\n<\/ul>\n<\/li>\n<li><strong>Inspiser ledningen og beslagene:<\/strong>\n<ul>\n<li>Unders\u00f8k clutchledningen og koblingene for tegn p\u00e5 skade, slitasje eller lekkasje.<\/li>\n<li>Hvis det oppdages problemer, anbefales det \u00e5 bytte ut ledningen eller koblingene f\u00f8r reinstallasjon.<\/li>\n<\/ul>\n<\/li>\n<li><strong>Tett hovedsylinderen:<\/strong>\n<ul>\n<li>For \u00e5 forhindre at luft eller rusk kommer inn i hovedsylinderen, dekk den \u00e5pne porten med en ren fille eller hette.<\/li>\n<\/ul>\n<\/li>\n<li><strong>Kast v\u00e6sken p\u00e5 riktig m\u00e5te:<\/strong>\n<ul>\n<li>Kast den oppsamlede v\u00e6sken i henhold til lokale forskrifter, eller ta den med til et passende gjenvinningssenter.<\/li>\n<\/ul>\n<\/li>\n<\/ol>\n<h2><strong>Fabrikkens kapasitet og kapasitet:<\/strong><\/h2>\n<h3>(1) Montering<\/h3>\n<p>Vi har en f\u00f8rsteklasses uavhengig forsknings- og utviklingsplattform for montering. Verkstedet for produksjon av hydrauliske sylindere har fire halvautomatiske monteringslinjer for l\u00f8ftesylindere og \u00e9n automatisk monteringslinje for vippesylindere, med en \u00e5rlig produksjonskapasitet p\u00e5 1 million enheter. Spesialsylinderverkstedet er utstyrt med ulike spesifikasjoner for et halvautomatisk rengj\u00f8ringsmonteringssystem med en \u00e5rlig produksjonskapasitet p\u00e5 200 000 enheter, og er utstyrt med kjent CNC-maskineringsutstyr, et maskineringssenter, spesialutstyr for h\u00f8ypresisjons sylinderbehandling, en robotsveisemaskin, en automatisk rengj\u00f8ringsmaskin, en automatisk sylindermonteringsmaskin og en automatisk produksjonslinje for lakkering. Vi har mer enn 300 sett (sett) av kritisk utstyr. Optimal allokering og effektiv bruk av utstyrsressurser sikrer n\u00f8yaktighetskravene til produktene og oppfyller produktenes h\u00f8ye kvalitetsbehov.<\/p>\n<p><img loading=\"lazy\" decoding=\"async\" class=\"alignnone wp-image-626\" src=\"https:\/\/hydraulic-cylinders.net\/wp-content\/uploads\/2023\/08\/hydraulic-cylinder-product-1-300x158.webp\" alt=\"\" width=\"495\" height=\"260\" srcset=\"https:\/\/hydraulic-cylinders.net\/wp-content\/uploads\/2023\/08\/hydraulic-cylinder-product-1-300x158.webp 495w, https:\/\/hydraulic-cylinders.net\/wp-content\/uploads\/2023\/08\/hydraulic-cylinder-product-1-480x252.webp 480w\" sizes=\"(min-width: 0px) and (max-width: 480px) 480px, (min-width: 481px) 495px, 100vw\" \/> <img loading=\"lazy\" decoding=\"async\" class=\"alignnone wp-image-627\" src=\"https:\/\/hydraulic-cylinders.net\/wp-content\/uploads\/2023\/08\/hydraulic-cylinder-product-2-300x189.webp\" alt=\"\" width=\"413\" height=\"260\" \/><\/p>\n<h3>(2) Maskinering<\/h3>\n<p>Maskineringsverkstedet er utstyrt med et spesialtilpasset dreiesenter for skr\u00e5 skinner, maskineringssenter, h\u00f8yhastighets honemaskin, sveiserobot og annet relatert utstyr, som kan h\u00e5ndtere bearbeiding av sylinderr\u00f8r med en maksimal indre diameter p\u00e5 400 mm og en maksimal lengde p\u00e5 6 meter.<\/p>\n<p><img loading=\"lazy\" decoding=\"async\" class=\"alignnone wp-image-628 size-large\" src=\"https:\/\/hydraulic-cylinders.net\/wp-content\/uploads\/2023\/08\/hydraulic-cylinder-product-3-1024x391.webp\" alt=\"\" width=\"1024\" height=\"391\" srcset=\"https:\/\/hydraulic-cylinders.net\/wp-content\/uploads\/2023\/08\/hydraulic-cylinder-product-3-980x374.webp 980w, https:\/\/hydraulic-cylinders.net\/wp-content\/uploads\/2023\/08\/hydraulic-cylinder-product-3-480x183.webp 480w\" sizes=\"(min-width: 0px) and (max-width: 480px) 480px, (min-width: 481px) and (max-width: 980px) 980px, (min-width: 981px) 1024px, 100vw\" \/><\/p>\n<h3>(3) Sveising<\/h3>\n<p><img loading=\"lazy\" decoding=\"async\" class=\"alignnone wp-image-629 size-large\" src=\"https:\/\/hydraulic-cylinders.net\/wp-content\/uploads\/2023\/08\/hydraulic-cylinder-product-4-1024x510.webp\" alt=\"\" width=\"1024\" height=\"510\" srcset=\"https:\/\/hydraulic-cylinders.net\/wp-content\/uploads\/2023\/08\/hydraulic-cylinder-product-4-980x488.webp 980w, https:\/\/hydraulic-cylinders.net\/wp-content\/uploads\/2023\/08\/hydraulic-cylinder-product-4-480x239.webp 480w\" sizes=\"(min-width: 0px) and (max-width: 480px) 480px, (min-width: 481px) and (max-width: 980px) 980px, (min-width: 981px) 1024px, 100vw\" \/><\/p>\n<h3>(4) Maling og belegg<\/h3>\n<p>Med sm\u00e5 og mellomstore sylinderautomatiske vannbaserte malingsbeleggslinjer, for \u00e5 oppn\u00e5 automatisk robotlasting og -lossing og automatisk spr\u00f8yting, er den designede kapasiteten 4000 stykker per skift;<br \/>\nVi har ogs\u00e5 en halvautomatisk produksjonslinje for maling for store sylindere drevet av en kabelkjede, med en designkapasitet p\u00e5 60 kasser per skift.<\/p>\n<p><img loading=\"lazy\" decoding=\"async\" class=\"alignnone wp-image-630\" src=\"https:\/\/hydraulic-cylinders.net\/wp-content\/uploads\/2023\/08\/hydraulic-cylinder-product-5-300x213.webp\" alt=\"\" width=\"366\" height=\"260\" \/> <img loading=\"lazy\" decoding=\"async\" class=\"alignnone wp-image-631\" src=\"https:\/\/hydraulic-cylinders.net\/wp-content\/uploads\/2023\/08\/hydraulic-cylinder-product-6-300x225.webp\" alt=\"\" width=\"347\" height=\"260\" \/><\/p>\n<h3>(5) Testing<\/h3>\n<p>Vi har f\u00f8rsteklasses inspeksjonsfasiliteter og testbenker for \u00e5 sikre at sylinderens ytelse oppfyller kravene.<\/p>\n<p><img loading=\"lazy\" decoding=\"async\" class=\"alignnone wp-image-632\" src=\"https:\/\/hydraulic-cylinders.net\/wp-content\/uploads\/2023\/08\/hydraulic-cylinder-product-8-300x200.webp\" alt=\"\" width=\"389\" height=\"260\" \/><\/p>\n<p>&nbsp;<\/p>\n<p>&nbsp;<\/p>\n<p>Vi er en av de beste produsentene av hydrauliske sylindere. Vi kan tilby et omfattende utvalg av hydrauliske sylindere. Vi tilbyr ogs\u00e5 tilsvarende <a href=\"https:\/\/hzpt.com\/agricultural-pto-gearbox\/\" target=\"_blank\" rel=\"noopener\">landbruksgirkasser<\/a>Vi har eksportert produktene v\u00e5re til kunder over hele verden og opparbeidet oss et godt rykte p\u00e5 grunn av v\u00e5r overlegne produktkvalitet og ettersalgsservice. Vi \u00f8nsker kunder i inn- og utland velkommen til \u00e5 kontakte oss for \u00e5 forhandle om forretninger, utveksle informasjon og <a href=\"https:\/\/www.hydraulic-cylinders.net\/nb\/contact-us\/\">samarbeide med oss<\/a>!<\/p>","protected":false},"excerpt":{"rendered":"<p>Cement Equipment Roll Over Cylinder The cement equipment roll over cylinder is an essential component in cement plants, designed to enhance safety and efficiency during various material handling operations. This specialized cylinder plays a critical role in equipment such as cement mixers and concrete trucks, allowing for controlled tipping and rotation of the drum. The [&hellip;]<\/p>","protected":false},"featured_media":1733,"comment_status":"open","ping_status":"closed","template":"","meta":{"_et_pb_use_builder":"","_et_pb_old_content":"","_et_gb_content_width":""},"product_brand":[],"product_cat":[1520,1550],"product_tag":[1380],"class_list":{"0":"post-1731","1":"product","2":"type-product","3":"status-publish","4":"has-post-thumbnail","6":"product_cat-concrete-equipment-hydraulic-cylinders","7":"product_cat-double-acting-hydraulic-cylinder","8":"product_tag-hydraulic-cylinder","10":"first","11":"instock","12":"shipping-taxable","13":"product-type-simple"},"amp_enabled":true,"_links":{"self":[{"href":"https:\/\/www.hydraulic-cylinders.net\/nb\/wp-json\/wp\/v2\/product\/1731","targetHints":{"allow":["GET"]}}],"collection":[{"href":"https:\/\/www.hydraulic-cylinders.net\/nb\/wp-json\/wp\/v2\/product"}],"about":[{"href":"https:\/\/www.hydraulic-cylinders.net\/nb\/wp-json\/wp\/v2\/types\/product"}],"replies":[{"embeddable":true,"href":"https:\/\/www.hydraulic-cylinders.net\/nb\/wp-json\/wp\/v2\/comments?post=1731"}],"wp:featuredmedia":[{"embeddable":true,"href":"https:\/\/www.hydraulic-cylinders.net\/nb\/wp-json\/wp\/v2\/media\/1733"}],"wp:attachment":[{"href":"https:\/\/www.hydraulic-cylinders.net\/nb\/wp-json\/wp\/v2\/media?parent=1731"}],"wp:term":[{"taxonomy":"product_brand","embeddable":true,"href":"https:\/\/www.hydraulic-cylinders.net\/nb\/wp-json\/wp\/v2\/product_brand?post=1731"},{"taxonomy":"product_cat","embeddable":true,"href":"https:\/\/www.hydraulic-cylinders.net\/nb\/wp-json\/wp\/v2\/product_cat?post=1731"},{"taxonomy":"product_tag","embeddable":true,"href":"https:\/\/www.hydraulic-cylinders.net\/nb\/wp-json\/wp\/v2\/product_tag?post=1731"}],"curies":[{"name":"wp","href":"https:\/\/api.w.org\/{rel}","templated":true}]}}