{"id":17320,"date":"2025-03-06T08:23:45","date_gmt":"2025-03-06T08:23:45","guid":{"rendered":"https:\/\/www.hydraulic-cylinders.net\/?post_type=product&#038;p=17320"},"modified":"2025-04-11T05:27:14","modified_gmt":"2025-04-11T05:27:14","slug":"zg-series-hydraulic-cylinders-for-harvesting-machinery","status":"publish","type":"product","link":"https:\/\/www.hydraulic-cylinders.net\/nb\/produkt\/zg-series-hydraulic-cylinders-for-harvesting-machinery\/","title":{"rendered":"ZG-serien hydrauliske sylindere for h\u00f8stemaskiner"},"content":{"rendered":"<h1 style=\"text-align: center;\"><strong>ZG-serien hydrauliske sylindere for h\u00f8stemaskiner\u00a0<img loading=\"lazy\" decoding=\"async\" class=\"alignnone wp-image-17302\" src=\"https:\/\/www.hydraulic-cylinders.net\/wp-content\/uploads\/2025\/03\/Zg-And-Hsg-Series-Hydraulic-Cylinders-For-Harvesting-Machinery-2.webp\" alt=\"\" width=\"500\" height=\"500\" \/><br \/>\n<\/strong><\/h1>\n<p>ZG-seriens hydrauliske sylindre er spesielt utviklet for \u00e5 forbedre effektiviteten og ytelsen til h\u00f8stemaskiner. Disse sylindrene spiller en viktig rolle i ulike landbruksapplikasjoner, og muliggj\u00f8r presis kontroll og kraftig drift som er avgj\u00f8rende for moderne landbruk. Med fokus p\u00e5 p\u00e5litelighet og holdbarhet m\u00f8ter ZG-serien de krevende behovene i landbrukssektoren, og sikrer at h\u00f8stemaskinene fungerer jevnt og effektivt.<\/p>\n<p>ZG-seriens hydrauliske sylindere for h\u00f8stemaskiner tilbyr en p\u00e5litelig og effektiv l\u00f8sning for moderne landbruksbehov. Med h\u00f8y lastekapasitet, robust konstruksjon og avansert tetningsteknologi forbedrer disse sylinderene ytelsen til h\u00f8steutstyret. Ved \u00e5 f\u00f8lge anbefalte bruks- og vedlikeholdspraksiser kan f\u00f8rere sikre at maskineriet deres fungerer best mulig, noe som bidrar til vellykket innh\u00f8sting og forbedret produktivitet p\u00e5 jordet. \u00c5 investere i ZG-seriens hydrauliske sylindere betyr \u00e5 velge holdbarhet, effektivitet og presisjon for landbruksdriften.<\/p>\n<h2><strong>ZG-serien hydrauliske sylindere for h\u00f8stemaskiner Parametere:<\/strong><\/h2>\n<h1 style=\"text-align: center;\"><strong><img loading=\"lazy\" decoding=\"async\" class=\"alignnone size-full wp-image-17300\" src=\"https:\/\/www.hydraulic-cylinders.net\/wp-content\/uploads\/2025\/03\/Zg-And-Hsg-Series-Hydraulic-Cylinders-For-Harvesting-Machinery-parameter.webp\" alt=\"\" width=\"2265\" height=\"607\" srcset=\"https:\/\/www.hydraulic-cylinders.net\/wp-content\/uploads\/2025\/03\/Zg-And-Hsg-Series-Hydraulic-Cylinders-For-Harvesting-Machinery-parameter.webp 2265w, https:\/\/www.hydraulic-cylinders.net\/wp-content\/uploads\/2025\/03\/Zg-And-Hsg-Series-Hydraulic-Cylinders-For-Harvesting-Machinery-parameter-1280x343.webp 1280w, https:\/\/www.hydraulic-cylinders.net\/wp-content\/uploads\/2025\/03\/Zg-And-Hsg-Series-Hydraulic-Cylinders-For-Harvesting-Machinery-parameter-980x263.webp 980w, https:\/\/www.hydraulic-cylinders.net\/wp-content\/uploads\/2025\/03\/Zg-And-Hsg-Series-Hydraulic-Cylinders-For-Harvesting-Machinery-parameter-480x129.webp 480w\" sizes=\"(min-width: 0px) and (max-width: 480px) 480px, (min-width: 481px) and (max-width: 980px) 980px, (min-width: 981px) and (max-width: 1280px) 1280px, (min-width: 1281px) 2265px, 100vw\" \/><\/strong><\/h1>\n<h2><strong>ZG-serien hydrauliske sylindere for h\u00f8stemaskiner. Viktige funksjoner:<\/strong><\/h2>\n<h4><strong>H\u00f8y lastekapasitet<\/strong><\/h4>\n<p>ZG-seriens hydrauliske sylindere er omhyggelig konstruert for \u00e5 h\u00e5ndtere store belastninger, noe som gj\u00f8r dem essensielle for h\u00f8stemaskiner. Denne imponerende lastekapasiteten lar operat\u00f8rer l\u00f8fte og man\u00f8vrere tunge komponenter med letthet, noe som forbedrer driftseffektiviteten betydelig. Som et resultat kan oppgaver som tidligere krevde betydelig tid og krefter n\u00e5 utf\u00f8res raskt og effektivt. Enten det gjelder store avlinger eller omfattende h\u00f8steutstyr, gir disse sylinderne operat\u00f8rene mulighet til \u00e5 maksimere produktiviteten og effektivisere arbeidsflyten.<\/p>\n<h4><strong>Robust konstruksjon<\/strong><\/h4>\n<p>ZG-seriens sylindere er konstruert av materialer av h\u00f8y kvalitet og har eksepsjonell holdbarhet, noe som gj\u00f8r dem i stand til \u00e5 t\u00e5le p\u00e5kjenningene i utfordrende landbruksmilj\u00f8er. Den robuste designen motst\u00e5r slitasje og sikrer lang levetid selv under hard bruk. Denne robustheten f\u00f8rer til redusert vedlikeholdsbehov, slik at operat\u00f8rene kan fokusere p\u00e5 arbeidet sitt i stedet for hyppige reparasjoner. Ved \u00e5 investere i disse slitesterke sylinderene kan brukerne forvente lang levetid for h\u00f8steutstyret sitt, noe som til slutt f\u00f8rer til lavere driftskostnader og \u00f8kt p\u00e5litelighet i felten.<\/p>\n<h4><strong>Presisjonsteknikk<\/strong><\/h4>\n<p>Hver hydraulisk sylinder i ZG-serien gjennomg\u00e5r en grundig produksjonsprosess som prioriterer presisjon. Denne oppmerksomheten p\u00e5 detaljer resulterer i n\u00f8yaktige dimensjoner og optimal hydraulisk ytelse, noe som er avgj\u00f8rende for effektiv drift. Med presis konstruksjon muliggj\u00f8r disse sylindrene jevnere bevegelser og bedre kontroll under h\u00f8stingsoppgaver. Operat\u00f8rer kan utf\u00f8re intrikate man\u00f8vrer med selvtillit, noe som gj\u00f8r h\u00f8stingsprosessen ikke bare mer effektiv, men ogs\u00e5 mer virkningsfull. Dette presisjonsniv\u00e5et forbedrer den generelle produktiviteten og sikrer at hver oppgave utf\u00f8res til h\u00f8yeste standard.<\/p>\n<h4><strong>Allsidig kompatibilitet<\/strong><\/h4>\n<p>ZG-seriens sylindere er designet med tanke p\u00e5 allsidighet, slik at de passer til et bredt spekter av h\u00f8stemaskinmodeller. Denne kompatibiliteten gj\u00f8r integrering i eksisterende utstyr s\u00f8ml\u00f8s og enkel. Operat\u00f8rer setter pris p\u00e5 fleksibiliteten til \u00e5 bruke disse sylinderene p\u00e5 tvers av ulike landbruksapplikasjoner uten behov for omfattende modifikasjoner. Denne tilpasningsevnen forenkler ikke bare driften, men forbedrer ogs\u00e5 den generelle funksjonaliteten til h\u00f8stemaskineriet, noe som gj\u00f8r ZG-serien til et ideelt valg for ulike landbruksbehov.<\/p>\n<h4><strong>Avansert tetningsteknologi<\/strong><\/h4>\n<p>ZG-seriens hydrauliske sylindere er utstyrt med toppmoderne tetningsteknologi, og minimerer effektivt lekkasjer og risikoen for tap av hydraulisk v\u00e6ske. Denne innovative funksjonen forbedrer ikke bare effektiviteten, men reduserer ogs\u00e5 vedlikeholdskostnadene betydelig. Ved \u00e5 forhindre lekkasjer sikrer disse sylinderene at det hydrauliske systemet fungerer med topp ytelse, slik at f\u00f8reren kan fokusere p\u00e5 oppgavene sine uten \u00e5 bli distrahert av potensielle feil. Den avanserte tetningsteknologien bidrar til et mer p\u00e5litelig og produktivt arbeidsmilj\u00f8, noe som til slutt gagner den generelle landbruksdriften.<\/p>\n<p>ZG-seriens hydrauliske sylindere skiller seg ut i landbrukssektoren, og kombinerer h\u00f8y lastekapasitet, robust konstruksjon, presisjonsteknikk, allsidig kompatibilitet og avansert tetningsteknologi. Disse funksjonene forbedrer ikke bare ytelsen til h\u00f8stemaskineriet, men bidrar ogs\u00e5 til en mer effektiv og p\u00e5litelig landbruksopplevelse. Ved \u00e5 velge ZG-seriens sylindere utstyrer operat\u00f8rene seg med verkt\u00f8yene som er n\u00f8dvendige for \u00e5 lykkes i dagens krevende landbrukslandskap.<\/p>\n<h2><strong>ZG-serien hydrauliske sylindere for h\u00f8stemaskineri Bruksomr\u00e5de:<\/strong><\/h2>\n<h1 style=\"text-align: center;\"><strong><img loading=\"lazy\" decoding=\"async\" class=\"alignnone size-full wp-image-17301\" src=\"https:\/\/www.hydraulic-cylinders.net\/wp-content\/uploads\/2025\/03\/Zg-And-Hsg-Series-Hydraulic-Cylinders-For-Harvesting-Machinery-1.webp\" alt=\"\" width=\"2481\" height=\"685\" srcset=\"https:\/\/www.hydraulic-cylinders.net\/wp-content\/uploads\/2025\/03\/Zg-And-Hsg-Series-Hydraulic-Cylinders-For-Harvesting-Machinery-1.webp 2481w, https:\/\/www.hydraulic-cylinders.net\/wp-content\/uploads\/2025\/03\/Zg-And-Hsg-Series-Hydraulic-Cylinders-For-Harvesting-Machinery-1-1280x353.webp 1280w, https:\/\/www.hydraulic-cylinders.net\/wp-content\/uploads\/2025\/03\/Zg-And-Hsg-Series-Hydraulic-Cylinders-For-Harvesting-Machinery-1-980x271.webp 980w, https:\/\/www.hydraulic-cylinders.net\/wp-content\/uploads\/2025\/03\/Zg-And-Hsg-Series-Hydraulic-Cylinders-For-Harvesting-Machinery-1-480x133.webp 480w\" sizes=\"(min-width: 0px) and (max-width: 480px) 480px, (min-width: 481px) and (max-width: 980px) 980px, (min-width: 981px) and (max-width: 1280px) 1280px, (min-width: 1281px) 2481px, 100vw\" \/><\/strong><\/h1>\n<h2><strong>ZG-serien hydrauliske sylindere for h\u00f8stemaskiner Bruksmetode:<\/strong><\/h2>\n<p>Det er enkelt \u00e5 bruke hydrauliske sylindere i HSG-serien, noe som gj\u00f8r dem tilgjengelige og brukervennlige for operat\u00f8rer innen byggebransjen. Her er en detaljert oversikt over trinnene som er involvert:<\/p>\n<h4><strong>Installasjon<\/strong><\/h4>\n<p>Installasjonen av HSG-seriens hydrauliske sylindere er utformet for \u00e5 v\u00e6re problemfri. Hver sylinder har standardbeslag som muliggj\u00f8r rask og sikker installasjon p\u00e5 ulike anleggsmaskiner. Operat\u00f8rer kan enkelt justere og feste sylinderene uten behov for spesialverkt\u00f8y eller omfattende oppl\u00e6ring. Denne enkle installasjonen minimerer nedetid, slik at maskineriet kan komme tilbake i arbeid raskt og effektivt.<\/p>\n<h4><strong>Hydraulisk tilkobling<\/strong><\/h4>\n<p>N\u00e5r den er installert, inneb\u00e6rer neste trinn \u00e5 koble hydraulikkledningene til sylinderen. Det er viktig \u00e5 sikre at hydraulikkv\u00e6sken str\u00f8mmer i riktig retning for \u00e5 oppn\u00e5 \u00f8nskede bevegelser. Tydelig merking og fargekodede tilkoblinger forenkler denne prosessen, slik at operat\u00f8rene kan koble til med trygghet. En riktig hydraulisk tilkobling maksimerer ytelsen og sikrer at sylindrene fungerer jevnt og responsivt, noe som er avgj\u00f8rende for presis kontroll under drift.<\/p>\n<h4><strong>Operasjon<\/strong><\/h4>\n<p>Med HSG-seriens hydrauliske sylindere sikkert installert og tilkoblet, kan operat\u00f8rer n\u00e5 ta kontroll over maskineriet. Ved \u00e5 bruke det hydrauliske systemet kan de utf\u00f8re et bredt spekter av bevegelser, fra \u00e5 l\u00f8fte tunge laster til kompliserte man\u00f8vrer. De intuitive kontrollene muliggj\u00f8r finjusteringer, slik at operat\u00f8rene kan utf\u00f8re oppgaver med presisjon og effektivitet. Enten det er heving, senking eller tilting, gir disse sylinderne den responsen som trengs for \u00e5 takle utfordringene ved anleggsarbeid effektivt.<\/p>\n<h4><strong>Overv\u00e5king<\/strong><\/h4>\n<p>For \u00e5 sikre optimal ytelse er regelmessig overv\u00e5king av det hydrauliske systemet avgj\u00f8rende. Operat\u00f8rer b\u00f8r rutinemessig sjekke hydraulikkv\u00e6skeniv\u00e5er og -trykk. Denne proaktive tiln\u00e6rmingen bidrar til \u00e5 identifisere eventuelle problemer f\u00f8r de eskalerer, og sikrer at maskineriet fungerer med maksimal effektivitet. \u00c5 holde \u00f8ye med disse parameterne forlenger ikke bare levetiden til de hydrauliske sylindrene, men forbedrer ogs\u00e5 den generelle sikkerheten p\u00e5 arbeidsplassen. Ved \u00e5 opprettholde \u00e5rv\u00e5kenhet kan operat\u00f8rer sikre at utstyret deres forblir p\u00e5litelig og klart til bruk til enhver tid.<\/p>\n<p>HSG-seriens hydrauliske sylindere tilbyr en brukervennlig opplevelse, fra installasjon til drift og vedlikehold. Den enkle bruksmetoden gir byggefagfolk mulighet til \u00e5 maksimere produktivitet og effektivitet, slik at de kan takle ethvert prosjekt med trygghet. Ved \u00e5 velge HSG investerer operat\u00f8rer i en p\u00e5litelig hydraulisk l\u00f8sning som forenkler arbeidsflyten deres samtidig som den leverer enest\u00e5ende ytelse.<\/p>\n<h2><strong>Testutstyr:<\/strong><\/h2>\n<p><strong><img loading=\"lazy\" decoding=\"async\" class=\"alignnone size-full wp-image-17293\" src=\"https:\/\/www.hydraulic-cylinders.net\/wp-content\/uploads\/2025\/03\/test-equipment.webp-2.webp\" alt=\"\" width=\"1932\" height=\"1741\" srcset=\"https:\/\/www.hydraulic-cylinders.net\/wp-content\/uploads\/2025\/03\/test-equipment.webp-2.webp 1932w, https:\/\/www.hydraulic-cylinders.net\/wp-content\/uploads\/2025\/03\/test-equipment.webp-2-1280x1153.webp 1280w, https:\/\/www.hydraulic-cylinders.net\/wp-content\/uploads\/2025\/03\/test-equipment.webp-2-980x883.webp 980w, https:\/\/www.hydraulic-cylinders.net\/wp-content\/uploads\/2025\/03\/test-equipment.webp-2-480x433.webp 480w\" sizes=\"(min-width: 0px) and (max-width: 480px) 480px, (min-width: 481px) and (max-width: 980px) 980px, (min-width: 981px) and (max-width: 1280px) 1280px, (min-width: 1281px) 1932px, 100vw\" \/><\/strong><\/p>\n<ul>\n<li>1: Saltspraytestkammer<\/li>\n<li>2: Kjemisk analyse<\/li>\n<li>3: Strekktestmaskin<\/li>\n<li>4: Rockwell hardhetsm\u00e5ler<\/li>\n<li>5: Renhetstestmaskin<\/li>\n<li>6: TH110 Rebound hardhetstester<\/li>\n<li>7: M\u00e5ler for beleggtykkelse<\/li>\n<li>8: Pendelslagtest<\/li>\n<\/ul>\n<p><img loading=\"lazy\" decoding=\"async\" class=\"alignnone size-full wp-image-17292\" src=\"https:\/\/www.hydraulic-cylinders.net\/wp-content\/uploads\/2025\/03\/test-equipment.webp-1.webp\" alt=\"\" width=\"1600\" height=\"1216\" srcset=\"https:\/\/www.hydraulic-cylinders.net\/wp-content\/uploads\/2025\/03\/test-equipment.webp-1.webp 1600w, https:\/\/www.hydraulic-cylinders.net\/wp-content\/uploads\/2025\/03\/test-equipment.webp-1-1280x973.webp 1280w, https:\/\/www.hydraulic-cylinders.net\/wp-content\/uploads\/2025\/03\/test-equipment.webp-1-980x745.webp 980w, https:\/\/www.hydraulic-cylinders.net\/wp-content\/uploads\/2025\/03\/test-equipment.webp-1-480x365.webp 480w\" sizes=\"(min-width: 0px) and (max-width: 480px) 480px, (min-width: 481px) and (max-width: 980px) 980px, (min-width: 981px) and (max-width: 1280px) 1280px, (min-width: 1281px) 1600px, 100vw\" \/><\/p>\n<p>V\u00e5rt firma anser kvalitet som grunnlaget for v\u00e5r suksess. For \u00e5 opprettholde denne forpliktelsen har vi investert i banebrytende test- og laboratorieutstyr innenlands, st\u00f8ttet av et team av h\u00f8yt kvalifiserte fagfolk innen vitenskap og teknologi.<\/p>\n<p>Vi opprettholder et strengt kvalitetsstyringssystem som overholder bransjestandarder, og sikrer at hvert parti med produkter vi produserer oppfyller de h\u00f8yeste kvalitetskriteriene. Ved \u00e5 standardisere driften v\u00e5r og kontinuerlig overv\u00e5ke prosessene v\u00e5re, sikrer vi at kundene v\u00e5re kun f\u00e5r det beste.<\/p>\n<p>Denne standhaftige dedikasjonen til kvalitet forbedrer ikke bare p\u00e5liteligheten til produktene v\u00e5re, men bygger ogs\u00e5 tillit og tilfredshet blant kundene v\u00e5re. Vi tror at ved \u00e5 prioritere kvalitet i alle aspekter av produksjonen v\u00e5r, bidrar vi til suksessen til partnerne v\u00e5re og bransjen som helhet. Sammen sikter vi mot innovasjon og kvalitet som varer over tid.<\/p>\n<h2><strong>Produksjonssted for hydrauliske sylindere:<\/strong><\/h2>\n<p>V\u00e5rt selskap er en ledende produsent som spesialiserer seg p\u00e5 hydrauliske sylindere, st\u00f8ttet av v\u00e5r egen uavhengige forskning, utvikling og designkapasitet. Med et toppmoderne anlegg som huser over 170 generelle maskinverkt\u00f8y, CNC-maskiner, maskineringssentre, sveiseutstyr og spesialiserte test- og inspeksjonsverkt\u00f8y, er vi godt rustet til \u00e5 m\u00f8te ulike industrielle behov.<\/p>\n<p>Gjennom \u00e5revis med akkumulert teknologisk ekspertise og prosessforbedring har vi etablert en moden produksjonsprosess som s\u00f8ml\u00f8st integrerer forskning og utvikling med produksjon. Denne integrasjonen har blitt v\u00e5rt viktigste konkurransefortrinn, slik at vi kan designe og produsere et bredt spekter av hydrauliske sylindere tilpasset for \u00e5 m\u00f8te spesifikke kundekrav.<\/p>\n<p>Produktene v\u00e5re er mye brukt i ulike sektorer, inkludert landbruksmaskiner, anleggsmaskiner, kj\u00f8ret\u00f8y, veiteknikk og spesialmaskiner. Vi er stolte av \u00e5 st\u00f8tte en rekke OEM-er, inkludert Bonong Xingda, Bojin Hummer, Jilin Ruifeng, Debang Dawei, Shandong Yineng Heavy Industry, Tai'an Modern Heavy Industry og Shifeng Group, blant andre.<\/p>\n<p><img loading=\"lazy\" decoding=\"async\" class=\"alignnone size-full wp-image-17290\" src=\"https:\/\/www.hydraulic-cylinders.net\/wp-content\/uploads\/2025\/03\/production-site-1.webp\" alt=\"\" width=\"1971\" height=\"2253\" srcset=\"https:\/\/www.hydraulic-cylinders.net\/wp-content\/uploads\/2025\/03\/production-site-1.webp 1971w, https:\/\/www.hydraulic-cylinders.net\/wp-content\/uploads\/2025\/03\/production-site-1-1280x1463.webp 1280w, https:\/\/www.hydraulic-cylinders.net\/wp-content\/uploads\/2025\/03\/production-site-1-980x1120.webp 980w, https:\/\/www.hydraulic-cylinders.net\/wp-content\/uploads\/2025\/03\/production-site-1-480x549.webp 480w\" sizes=\"(min-width: 0px) and (max-width: 480px) 480px, (min-width: 481px) and (max-width: 980px) 980px, (min-width: 981px) and (max-width: 1280px) 1280px, (min-width: 1281px) 1971px, 100vw\" \/><\/p>\n<p>Vi er dedikert til \u00e5 tilby eksepsjonell service gjennom en sterk kvalitetspolicy som prioriterer kontinuerlig innovasjon innen forskning og utvikling, ledelse, kvalitetskontroll og kundeservice. V\u00e5r forpliktelse til kvalitet har blitt anerkjent med ISO\/TS16949-sertifisering, som sikrer at vi ikke bare m\u00f8ter, men konsekvent overg\u00e5r, kundenes forventninger.<\/p>\n<p>N\u00e5r vi ser fremover, vil vi fortsette \u00e5 utvikle teknologien v\u00e5r og utvide kapasiteten v\u00e5r, og alltid ha som m\u00e5l \u00e5 levere produkter og tjenester av h\u00f8yeste kvalitet til kundene v\u00e5re. Sammen skaper vi en arv av fortreffelighet innen hydrauliske sylinderindustrien.<\/p>\n<p><strong>\u00a0<\/strong><\/p>","protected":false},"excerpt":{"rendered":"<p>ZG Series Hydraulic Cylinders For Harvesting Machinery\u00a0 The ZG Series Hydraulic Cylinders are specifically designed to enhance the efficiency and performance of harvesting machinery. These cylinders play a vital role in various agricultural applications, enabling precise control and powerful operation essential for modern farming. With a focus on reliability and durability, the ZG Series meets [&hellip;]<\/p>","protected":false},"featured_media":17312,"comment_status":"open","ping_status":"closed","template":"","meta":{"_et_pb_use_builder":"","_et_pb_old_content":"","_et_gb_content_width":""},"product_brand":[],"product_cat":[1550,1528,1376],"product_tag":[],"class_list":{"0":"post-17320","1":"product","2":"type-product","3":"status-publish","4":"has-post-thumbnail","6":"product_cat-double-acting-hydraulic-cylinder","7":"product_cat-harvesting-machinery-hydraulic-cylinders","8":"product_cat-hydraulic-cylinder","10":"first","11":"instock","12":"shipping-taxable","13":"product-type-simple"},"amp_enabled":true,"_links":{"self":[{"href":"https:\/\/www.hydraulic-cylinders.net\/nb\/wp-json\/wp\/v2\/product\/17320","targetHints":{"allow":["GET"]}}],"collection":[{"href":"https:\/\/www.hydraulic-cylinders.net\/nb\/wp-json\/wp\/v2\/product"}],"about":[{"href":"https:\/\/www.hydraulic-cylinders.net\/nb\/wp-json\/wp\/v2\/types\/product"}],"replies":[{"embeddable":true,"href":"https:\/\/www.hydraulic-cylinders.net\/nb\/wp-json\/wp\/v2\/comments?post=17320"}],"wp:featuredmedia":[{"embeddable":true,"href":"https:\/\/www.hydraulic-cylinders.net\/nb\/wp-json\/wp\/v2\/media\/17312"}],"wp:attachment":[{"href":"https:\/\/www.hydraulic-cylinders.net\/nb\/wp-json\/wp\/v2\/media?parent=17320"}],"wp:term":[{"taxonomy":"product_brand","embeddable":true,"href":"https:\/\/www.hydraulic-cylinders.net\/nb\/wp-json\/wp\/v2\/product_brand?post=17320"},{"taxonomy":"product_cat","embeddable":true,"href":"https:\/\/www.hydraulic-cylinders.net\/nb\/wp-json\/wp\/v2\/product_cat?post=17320"},{"taxonomy":"product_tag","embeddable":true,"href":"https:\/\/www.hydraulic-cylinders.net\/nb\/wp-json\/wp\/v2\/product_tag?post=17320"}],"curies":[{"name":"wp","href":"https:\/\/api.w.org\/{rel}","templated":true}]}}