{"id":17331,"date":"2025-03-07T07:38:49","date_gmt":"2025-03-07T07:38:49","guid":{"rendered":"https:\/\/www.hydraulic-cylinders.net\/?post_type=product&#038;p=17331"},"modified":"2025-04-11T03:05:13","modified_gmt":"2025-04-11T03:05:13","slug":"main-and-auxiliary-lifting-cylinders-for-no-tillage-machines","status":"publish","type":"product","link":"https:\/\/www.hydraulic-cylinders.net\/nb\/produkt\/main-and-auxiliary-lifting-cylinders-for-no-tillage-machines\/","title":{"rendered":"Hoved- og hjelpel\u00f8ftesylindere for maskiner uten jordbearbeiding"},"content":{"rendered":"<h1 style=\"text-align: center;\"><strong>Hoved- og hjelpel\u00f8ftesylindere for maskiner uten jordbearbeiding<img loading=\"lazy\" decoding=\"async\" class=\"alignnone wp-image-17286\" src=\"https:\/\/www.hydraulic-cylinders.net\/wp-content\/uploads\/2025\/03\/main-and-auxiliary-lifting-cylinders-1-1.webp\" alt=\"\" width=\"500\" height=\"500\" \/> \u00a0<\/strong><\/h1>\n<p>Hoved- og hjelpel\u00f8ftesylindere spiller en avgj\u00f8rende rolle i effektiv drift av ikke-jordbearbeidingsmaskiner, og forbedrer ytelsen deres betydelig i ulike landbruksoppgaver. Disse hydrauliske sylindrene gir eksepsjonell effektivitet i l\u00f8fting og senking av viktige komponenter, og sikrer jevn og p\u00e5litelig funksjonalitet under kritiske operasjoner som planting, gj\u00f8dsling og avlingsh\u00e5ndtering.<\/p>\n<p>Disse l\u00f8ftesylindrene er konstruert for b\u00e5de holdbarhet og presisjon, og er bygget for \u00e5 t\u00e5le p\u00e5kjenningene i krevende landbruksmilj\u00f8er. Den robuste konstruksjonen minimerer slitasje, noe som gir b\u00f8nder utstyr som t\u00e5ler utfordringene med ikke-jordbearbeiding. Presisjonskonstruksjonen av disse sylindrene gir n\u00f8yaktig kontroll over maskineriets bevegelser, slik at f\u00f8rere kan foreta finjusteringer og optimalisere plasseringen av redskaper.<\/p>\n<p>Ved \u00e5 integrere hoved- og hjelpel\u00f8ftesylindere i utstyret sitt, kan b\u00f8nder forbedre den generelle funksjonaliteten til sine ikke-jordbearbeidingsmaskiner betydelig. Denne integrasjonen forbedrer driftseffektiviteten og muliggj\u00f8r s\u00f8ml\u00f8se overganger mellom ulike oppgaver, reduserer nedetid og \u00f8ker produktiviteten. Som et resultat kan b\u00f8nder trygt ta i bruk moderne landbrukspraksis, vel vitende om at utstyret deres er utstyrt med avansert hydraulisk teknologi som er utviklet for \u00e5 m\u00f8te kravene til moderne landbruk.<\/p>\n<h2><strong>Hoved- og hjelpel\u00f8ftesylindere for maskiner uten jordbearbeiding Parameter:<\/strong><\/h2>\n<h1 style=\"text-align: center;\"><strong><img loading=\"lazy\" decoding=\"async\" class=\"alignnone size-full wp-image-17283\" src=\"https:\/\/www.hydraulic-cylinders.net\/wp-content\/uploads\/2025\/03\/hydraulic-cylinders-for-no-tillage-machines-parameter-1.webp\" alt=\"\" width=\"2237\" height=\"1271\" srcset=\"https:\/\/www.hydraulic-cylinders.net\/wp-content\/uploads\/2025\/03\/hydraulic-cylinders-for-no-tillage-machines-parameter-1.webp 2237w, https:\/\/www.hydraulic-cylinders.net\/wp-content\/uploads\/2025\/03\/hydraulic-cylinders-for-no-tillage-machines-parameter-1-1280x727.webp 1280w, https:\/\/www.hydraulic-cylinders.net\/wp-content\/uploads\/2025\/03\/hydraulic-cylinders-for-no-tillage-machines-parameter-1-980x557.webp 980w, https:\/\/www.hydraulic-cylinders.net\/wp-content\/uploads\/2025\/03\/hydraulic-cylinders-for-no-tillage-machines-parameter-1-480x273.webp 480w\" sizes=\"(min-width: 0px) and (max-width: 480px) 480px, (min-width: 481px) and (max-width: 980px) 980px, (min-width: 981px) and (max-width: 1280px) 1280px, (min-width: 1281px) 2237px, 100vw\" \/><\/strong><\/h1>\n<h2><strong>Hoved- og hjelpel\u00f8ftesylindere for maskiner uten jordbearbeiding:<\/strong><\/h2>\n<p><img loading=\"lazy\" decoding=\"async\" class=\"alignnone size-full wp-image-17282\" src=\"https:\/\/www.hydraulic-cylinders.net\/wp-content\/uploads\/2025\/03\/hydraulic-cylinders-for-no-tillage-machines-application-1.webp\" alt=\"\" width=\"2273\" height=\"976\" srcset=\"https:\/\/www.hydraulic-cylinders.net\/wp-content\/uploads\/2025\/03\/hydraulic-cylinders-for-no-tillage-machines-application-1.webp 2273w, https:\/\/www.hydraulic-cylinders.net\/wp-content\/uploads\/2025\/03\/hydraulic-cylinders-for-no-tillage-machines-application-1-1280x550.webp 1280w, https:\/\/www.hydraulic-cylinders.net\/wp-content\/uploads\/2025\/03\/hydraulic-cylinders-for-no-tillage-machines-application-1-980x421.webp 980w, https:\/\/www.hydraulic-cylinders.net\/wp-content\/uploads\/2025\/03\/hydraulic-cylinders-for-no-tillage-machines-application-1-480x206.webp 480w\" sizes=\"(min-width: 0px) and (max-width: 480px) 480px, (min-width: 481px) and (max-width: 980px) 980px, (min-width: 981px) and (max-width: 1280px) 1280px, (min-width: 1281px) 2273px, 100vw\" \/><\/p>\n<h2><strong>Hoved- og hjelpel\u00f8ftesylindere for maskiner uten jordbearbeiding. Viktige funksjoner:<\/strong><\/h2>\n<h4><strong>1. Robust konstruksjon<\/strong><\/h4>\n<p>Disse l\u00f8ftesylindrene er konstruert av f\u00f8rsteklasses materialer og designet for \u00e5 t\u00e5le utfordringene i krevende landbruksmilj\u00f8er. Deres eksepsjonelle slitasjemotstand sikrer lang levetid, noe som reduserer behovet for hyppige utskiftninger betydelig. Denne holdbarheten gir kostnadsbesparelser over tid og forbedrer den generelle p\u00e5liteligheten til maskiner uten jordbearbeiding, slik at b\u00f8nder kan konsentrere seg om arbeidet sitt uten bekymringer for utstyrsfeil.<\/p>\n<h4><strong>2. H\u00f8y lastekapasitet<\/strong><\/h4>\n<p>Disse sylindrene er konstruert for \u00e5 h\u00e5ndtere betydelig vekt, og leverer den n\u00f8dvendige kraften til \u00e5 l\u00f8fte tungt utstyr effektivt. Den imponerende lastekapasiteten gj\u00f8r det mulig for b\u00f8nder \u00e5 utf\u00f8re selv de mest krevende landbruksoppgavene uten at det g\u00e5r p\u00e5 bekostning av ytelsen. Denne p\u00e5liteligheten \u00f8ker produktiviteten, slik at b\u00f8ndene enkelt kan takle st\u00f8rre jorder og mer kompliserte operasjoner.<\/p>\n<h4><strong>3. Smidig drift<\/strong><\/h4>\n<p>Med en avansert hydraulisk design minimerer disse sylindrene friksjon, noe som resulterer i s\u00f8ml\u00f8se l\u00f8fte- og senkebevegelser. Denne jevne driften forbedrer den generelle effektiviteten, slik at f\u00f8rere kan opprettholde presis kontroll over utstyret sitt. Med reduserte st\u00f8t og vibrasjoner kan b\u00f8nder oppn\u00e5 st\u00f8rre n\u00f8yaktighet i oppgavene sine, noe som f\u00f8rer til forbedret avlingsh\u00e5ndtering og h\u00f8yere avlinger.<\/p>\n<h4><strong>4. Allsidig kompatibilitet<\/strong><\/h4>\n<p>Disse l\u00f8ftesylindrene er designet for kompatibilitet med et bredt spekter av jordbearbeidingsmaskiner, og tilbyr allsidige l\u00f8sninger for ulike landbruksapplikasjoner. Deres evne til \u00e5 integreres s\u00f8ml\u00f8st med eksisterende utstyr betyr at b\u00f8nder kan oppgradere maskinene sine uten omfattende modifikasjoner. Denne fleksibiliteten gir mulighet for skreddersydde l\u00f8sninger som oppfyller spesifikke driftskrav.<\/p>\n<h4><strong>5. Brukervennlig installasjon<\/strong><\/h4>\n<p>Disse sylinderene er konstruert for enkel installasjon, noe som reduserer nedetiden betydelig og lar b\u00f8ndene raskt komme tilbake til arbeidet. Den enkle installasjonsprosessen sikrer at selv de med begrenset teknisk ekspertise kan installere dem uten problemer. Denne bekvemmeligheten effektiviserer driften og forbedrer den generelle produktiviteten p\u00e5 g\u00e5rden.<\/p>\n<p>Ved \u00e5 velge disse h\u00f8ytytende l\u00f8ftesylindrene kan b\u00f8nder forbedre effektiviteten og p\u00e5liteligheten til utstyret sitt, og dermed bane vei for mer produktiv og vellykket landbruksdrift. Ved \u00e5 ta i bruk disse avanserte hydrauliske l\u00f8sningene kan b\u00f8nder tilpasse seg moderne landbrukspraksis og m\u00f8te utfordringene i dagens landbrukslandskap.<\/p>\n<h2><strong>Hoved- og hjelpel\u00f8ftesylindere for maskiner uten jordbearbeiding. Gjeldende modell:<\/strong><\/h2>\n<h1 style=\"text-align: center;\"><strong><img loading=\"lazy\" decoding=\"async\" class=\"alignnone size-full wp-image-17284\" src=\"https:\/\/www.hydraulic-cylinders.net\/wp-content\/uploads\/2025\/03\/hydraulic-cylinders-for-no-tillage-machines-2.webp\" alt=\"\" width=\"2312\" height=\"600\" srcset=\"https:\/\/www.hydraulic-cylinders.net\/wp-content\/uploads\/2025\/03\/hydraulic-cylinders-for-no-tillage-machines-2.webp 2312w, https:\/\/www.hydraulic-cylinders.net\/wp-content\/uploads\/2025\/03\/hydraulic-cylinders-for-no-tillage-machines-2-1280x332.webp 1280w, https:\/\/www.hydraulic-cylinders.net\/wp-content\/uploads\/2025\/03\/hydraulic-cylinders-for-no-tillage-machines-2-980x254.webp 980w, https:\/\/www.hydraulic-cylinders.net\/wp-content\/uploads\/2025\/03\/hydraulic-cylinders-for-no-tillage-machines-2-480x125.webp 480w\" sizes=\"(min-width: 0px) and (max-width: 480px) 480px, (min-width: 481px) and (max-width: 980px) 980px, (min-width: 981px) and (max-width: 1280px) 1280px, (min-width: 1281px) 2312px, 100vw\" \/><\/strong><\/h1>\n<h2><strong>Hvordan forbedrer hoved- og hjelpel\u00f8ftesylindere effektiviteten til landbruksoppgaver?<\/strong><\/h2>\n<p>Hoved- og hjelpel\u00f8ftesylindere er banebrytende i landbruksverdenen, og gir en rekke fordeler som forbedrer effektiviteten til ulike oppgaver betydelig. Her er en n\u00e6rmere titt p\u00e5 hvordan disse hydrauliske vidunderene utgj\u00f8r en forskjell:<\/p>\n<h4><strong>Forbedret lasth\u00e5ndtering<\/strong>:<\/h4>\n<p>Disse sylindrene er konstruert for \u00e5 h\u00e5ndtere betydelige vekter, slik at b\u00f8nder kan l\u00f8fte tungt utstyr uten problemer. Dette betyr at man ikke lenger trenger \u00e5 slite med tungvinte verkt\u00f8y eller risikere skade p\u00e5 utstyret. Med evnen til \u00e5 ta p\u00e5 seg krevende oppgaver kan b\u00f8nder jobbe smartere, ikke hardere, og s\u00f8rge for at hver operasjon g\u00e5r knirkefritt og effektivt.<\/p>\n<h4><strong>S\u00f8ml\u00f8s drift<\/strong>:<\/h4>\n<p>Takket v\u00e6re den avanserte hydrauliske designen gir disse sylindrene usedvanlig jevne l\u00f8fte- og senkebevegelser. Ved \u00e5 minimere friksjon reduserer de st\u00f8t og vibrasjoner, noe som gir f\u00f8reren presis kontroll over maskinene sine. Denne s\u00f8ml\u00f8se driften forbedrer ikke bare n\u00f8yaktigheten, men gj\u00f8r ogs\u00e5 hele prosessen mer intuitiv, slik at b\u00f8ndene kan fokusere p\u00e5 oppgaven uten distraksjoner.<\/p>\n<h4><strong>Allsidighet<\/strong>:<\/h4>\n<p>En av de mest fremtredende egenskapene til disse l\u00f8ftesylindrene er kompatibiliteten med et bredt spekter av maskiner for ikke-jordbearbeiding. Denne allsidigheten betyr at b\u00f8nder enkelt kan integrere dem i sine eksisterende oppsett, noe som gj\u00f8r oppgraderinger enkle uten behov for omfattende modifikasjoner. Denne fleksibiliteten gir b\u00f8nder muligheten til \u00e5 skreddersy utstyret sitt for \u00e5 m\u00f8te spesifikke driftsbehov, og tilpasse seg enkelt til ulike avlinger og \u00e5kerforhold.<\/p>\n<h4><strong>Redusert nedetid<\/strong>:<\/h4>\n<p>Tid er penger i landbruket, og disse sylinderne er designet med det i tankene. Den brukervennlige installasjonsprosessen muliggj\u00f8r rask oppsett og vedlikehold, noe som minimerer nedetiden. B\u00f8nder kan komme tilbake i arbeid raskere, slik at de f\u00e5r mest mulig ut av hver arbeidstime i kritiske plante- og h\u00f8stesesong.<\/p>\n<h4><strong>Forbedret produktivitet<\/strong>:<\/h4>\n<p>Ved \u00e5 effektivisere driften og muliggj\u00f8re presis h\u00e5ndtering av flere oppgaver, \u00f8ker disse l\u00f8ftesylindrene den totale produktiviteten betydelig. B\u00f8nder kan dekke st\u00f8rre omr\u00e5der og takle mer komplekse operasjoner effektivt, noe som f\u00f8rer til bedre avlingsh\u00e5ndtering og forbedrede avlinger. Dette forbedrer ikke bare l\u00f8nnsomheten, men lar ogs\u00e5 b\u00f8ndene ta i bruk moderne praksiser med selvtillit.<\/p>\n<p>Kort sagt er hoved- og hjelpel\u00f8ftesylindere viktige verkt\u00f8y som forvandler landbruksdriften. Ved \u00e5 forbedre lasth\u00e5ndteringen, sikre jevn drift, tilby allsidighet, redusere nedetid og \u00f8ke produktiviteten, gir de b\u00f8nder mulighet til \u00e5 jobbe mer effektivt og b\u00e6rekraftig. \u00c5 ta i bruk disse teknologiene \u00e5pner for nye muligheter for suksess i det stadig utviklende landbrukslandskapet.<\/p>\n<h2><strong>Testutstyr:<\/strong><\/h2>\n<p><strong><img loading=\"lazy\" decoding=\"async\" class=\"alignnone size-full wp-image-17293\" src=\"https:\/\/www.hydraulic-cylinders.net\/wp-content\/uploads\/2025\/03\/test-equipment.webp-2.webp\" alt=\"\" width=\"1932\" height=\"1741\" srcset=\"https:\/\/www.hydraulic-cylinders.net\/wp-content\/uploads\/2025\/03\/test-equipment.webp-2.webp 1932w, https:\/\/www.hydraulic-cylinders.net\/wp-content\/uploads\/2025\/03\/test-equipment.webp-2-1280x1153.webp 1280w, https:\/\/www.hydraulic-cylinders.net\/wp-content\/uploads\/2025\/03\/test-equipment.webp-2-980x883.webp 980w, https:\/\/www.hydraulic-cylinders.net\/wp-content\/uploads\/2025\/03\/test-equipment.webp-2-480x433.webp 480w\" sizes=\"(min-width: 0px) and (max-width: 480px) 480px, (min-width: 481px) and (max-width: 980px) 980px, (min-width: 981px) and (max-width: 1280px) 1280px, (min-width: 1281px) 1932px, 100vw\" \/><\/strong><\/p>\n<ul>\n<li>1: Saltspraytestkammer<\/li>\n<li>2: Kjemisk analyse<\/li>\n<li>3: Strekktestmaskin<\/li>\n<li>4: Rockwell hardhetsm\u00e5ler<\/li>\n<li>5: Renhetstestmaskin<\/li>\n<li>6: TH110 Rebound hardhetstester<\/li>\n<li>7: M\u00e5ler for beleggtykkelse<\/li>\n<li>8: Pendelslagtest<\/li>\n<\/ul>\n<p><img loading=\"lazy\" decoding=\"async\" class=\"alignnone size-full wp-image-17292\" src=\"https:\/\/www.hydraulic-cylinders.net\/wp-content\/uploads\/2025\/03\/test-equipment.webp-1.webp\" alt=\"\" width=\"1600\" height=\"1216\" srcset=\"https:\/\/www.hydraulic-cylinders.net\/wp-content\/uploads\/2025\/03\/test-equipment.webp-1.webp 1600w, https:\/\/www.hydraulic-cylinders.net\/wp-content\/uploads\/2025\/03\/test-equipment.webp-1-1280x973.webp 1280w, https:\/\/www.hydraulic-cylinders.net\/wp-content\/uploads\/2025\/03\/test-equipment.webp-1-980x745.webp 980w, https:\/\/www.hydraulic-cylinders.net\/wp-content\/uploads\/2025\/03\/test-equipment.webp-1-480x365.webp 480w\" sizes=\"(min-width: 0px) and (max-width: 480px) 480px, (min-width: 481px) and (max-width: 980px) 980px, (min-width: 981px) and (max-width: 1280px) 1280px, (min-width: 1281px) 1600px, 100vw\" \/><\/p>\n<p>V\u00e5rt firma anser kvalitet som grunnlaget for v\u00e5r suksess. For \u00e5 opprettholde denne forpliktelsen har vi investert i banebrytende test- og laboratorieutstyr innenlands, st\u00f8ttet av et team av h\u00f8yt kvalifiserte fagfolk innen vitenskap og teknologi.<\/p>\n<p>Vi opprettholder et strengt kvalitetsstyringssystem som overholder bransjestandarder, og sikrer at hvert parti med produkter vi produserer oppfyller de h\u00f8yeste kvalitetskriteriene. Ved \u00e5 standardisere driften v\u00e5r og kontinuerlig overv\u00e5ke prosessene v\u00e5re, sikrer vi at kundene v\u00e5re kun f\u00e5r det beste.<\/p>\n<p>Denne standhaftige dedikasjonen til kvalitet forbedrer ikke bare p\u00e5liteligheten til produktene v\u00e5re, men bygger ogs\u00e5 tillit og tilfredshet blant kundene v\u00e5re. Vi tror at ved \u00e5 prioritere kvalitet i alle aspekter av produksjonen v\u00e5r, bidrar vi til suksessen til partnerne v\u00e5re og bransjen som helhet. Sammen sikter vi mot innovasjon og kvalitet som varer over tid.<\/p>\n<h2><strong>Produksjonssted for hydrauliske sylindere:<\/strong><\/h2>\n<p>V\u00e5rt selskap er en ledende produsent som spesialiserer seg p\u00e5 hydrauliske sylindere, st\u00f8ttet av v\u00e5r egen uavhengige forskning, utvikling og designkapasitet. Med et toppmoderne anlegg som huser over 170 generelle maskinverkt\u00f8y, CNC-maskiner, maskineringssentre, sveiseutstyr og spesialiserte test- og inspeksjonsverkt\u00f8y, er vi godt rustet til \u00e5 m\u00f8te ulike industrielle behov.<\/p>\n<p>Gjennom \u00e5revis med akkumulert teknologisk ekspertise og prosessforbedring har vi etablert en moden produksjonsprosess som s\u00f8ml\u00f8st integrerer forskning og utvikling med produksjon. Denne integrasjonen har blitt v\u00e5rt viktigste konkurransefortrinn, slik at vi kan designe og produsere et bredt spekter av hydrauliske sylindere tilpasset for \u00e5 m\u00f8te spesifikke kundekrav.<\/p>\n<p>Produktene v\u00e5re er mye brukt i ulike sektorer, inkludert landbruksmaskiner, anleggsmaskiner, kj\u00f8ret\u00f8y, veiteknikk og spesialmaskiner. Vi er stolte av \u00e5 st\u00f8tte en rekke OEM-er, inkludert Bonong Xingda, Bojin Hummer, Jilin Ruifeng, Debang Dawei, Shandong Yineng Heavy Industry, Tai'an Modern Heavy Industry og Shifeng Group, blant andre.<\/p>\n<p><img loading=\"lazy\" decoding=\"async\" class=\"alignnone size-full wp-image-17290\" src=\"https:\/\/www.hydraulic-cylinders.net\/wp-content\/uploads\/2025\/03\/production-site-1.webp\" alt=\"\" width=\"1971\" height=\"2253\" srcset=\"https:\/\/www.hydraulic-cylinders.net\/wp-content\/uploads\/2025\/03\/production-site-1.webp 1971w, https:\/\/www.hydraulic-cylinders.net\/wp-content\/uploads\/2025\/03\/production-site-1-1280x1463.webp 1280w, https:\/\/www.hydraulic-cylinders.net\/wp-content\/uploads\/2025\/03\/production-site-1-980x1120.webp 980w, https:\/\/www.hydraulic-cylinders.net\/wp-content\/uploads\/2025\/03\/production-site-1-480x549.webp 480w\" sizes=\"(min-width: 0px) and (max-width: 480px) 480px, (min-width: 481px) and (max-width: 980px) 980px, (min-width: 981px) and (max-width: 1280px) 1280px, (min-width: 1281px) 1971px, 100vw\" \/><\/p>\n<p>Vi er dedikert til \u00e5 tilby eksepsjonell service gjennom en sterk kvalitetspolicy som prioriterer kontinuerlig innovasjon innen forskning og utvikling, ledelse, kvalitetskontroll og kundeservice. V\u00e5r forpliktelse til kvalitet har blitt anerkjent med ISO\/TS16949-sertifisering, som sikrer at vi ikke bare m\u00f8ter, men konsekvent overg\u00e5r, kundenes forventninger.<\/p>\n<p>N\u00e5r vi ser fremover, vil vi fortsette \u00e5 utvikle teknologien v\u00e5r og utvide kapasiteten v\u00e5r, og alltid ha som m\u00e5l \u00e5 levere produkter og tjenester av h\u00f8yeste kvalitet til kundene v\u00e5re. Sammen skaper vi en arv av fortreffelighet innen hydrauliske sylinderindustrien.<\/p>","protected":false},"excerpt":{"rendered":"<p>Main And Auxiliary Lifting Cylinders For No Tillage Machines \u00a0 Main and auxiliary lifting cylinders play a crucial role in the effective operation of no-tillage machines, significantly enhancing their performance in various agricultural tasks. These hydraulic cylinders deliver exceptional efficiency in lifting and lowering essential components, ensuring smooth and reliable functionality during critical operations such [&hellip;]<\/p>","protected":false},"featured_media":17308,"comment_status":"open","ping_status":"closed","template":"","meta":{"_et_pb_use_builder":"","_et_pb_old_content":"","_et_gb_content_width":""},"product_brand":[],"product_cat":[1530,1549,1376],"product_tag":[],"class_list":{"0":"post-17331","1":"product","2":"type-product","3":"status-publish","4":"has-post-thumbnail","6":"product_cat-no-tillage-machinery-hydraulic-cylinders","7":"product_cat-single-acting-hydraulic-cylinder","8":"product_cat-hydraulic-cylinder","10":"first","11":"instock","12":"shipping-taxable","13":"product-type-simple"},"amp_enabled":true,"_links":{"self":[{"href":"https:\/\/www.hydraulic-cylinders.net\/nb\/wp-json\/wp\/v2\/product\/17331","targetHints":{"allow":["GET"]}}],"collection":[{"href":"https:\/\/www.hydraulic-cylinders.net\/nb\/wp-json\/wp\/v2\/product"}],"about":[{"href":"https:\/\/www.hydraulic-cylinders.net\/nb\/wp-json\/wp\/v2\/types\/product"}],"replies":[{"embeddable":true,"href":"https:\/\/www.hydraulic-cylinders.net\/nb\/wp-json\/wp\/v2\/comments?post=17331"}],"wp:featuredmedia":[{"embeddable":true,"href":"https:\/\/www.hydraulic-cylinders.net\/nb\/wp-json\/wp\/v2\/media\/17308"}],"wp:attachment":[{"href":"https:\/\/www.hydraulic-cylinders.net\/nb\/wp-json\/wp\/v2\/media?parent=17331"}],"wp:term":[{"taxonomy":"product_brand","embeddable":true,"href":"https:\/\/www.hydraulic-cylinders.net\/nb\/wp-json\/wp\/v2\/product_brand?post=17331"},{"taxonomy":"product_cat","embeddable":true,"href":"https:\/\/www.hydraulic-cylinders.net\/nb\/wp-json\/wp\/v2\/product_cat?post=17331"},{"taxonomy":"product_tag","embeddable":true,"href":"https:\/\/www.hydraulic-cylinders.net\/nb\/wp-json\/wp\/v2\/product_tag?post=17331"}],"curies":[{"name":"wp","href":"https:\/\/api.w.org\/{rel}","templated":true}]}}