{"id":17332,"date":"2025-03-07T07:58:20","date_gmt":"2025-03-07T07:58:20","guid":{"rendered":"https:\/\/www.hydraulic-cylinders.net\/?post_type=product&#038;p=17332"},"modified":"2025-04-11T05:31:12","modified_gmt":"2025-04-11T05:31:12","slug":"bi-directional-scriber-cylinder-for-no-tillage-machines","status":"publish","type":"product","link":"https:\/\/www.hydraulic-cylinders.net\/nb\/produkt\/bi-directional-scriber-cylinder-for-no-tillage-machines\/","title":{"rendered":"Toveis rissesylinder for maskiner uten jordbearbeiding"},"content":{"rendered":"<h1 style=\"text-align: center;\"><strong>Toveis rissesylinder for maskiner uten jordbearbeiding<br \/>\n<img loading=\"lazy\" decoding=\"async\" class=\"alignnone wp-image-17269\" src=\"https:\/\/www.hydraulic-cylinders.net\/wp-content\/uploads\/2025\/03\/bi-directional-scriber-cylinder-1.webp\" alt=\"\" width=\"500\" height=\"499\" srcset=\"https:\/\/www.hydraulic-cylinders.net\/wp-content\/uploads\/2025\/03\/bi-directional-scriber-cylinder-1.webp 500w, https:\/\/www.hydraulic-cylinders.net\/wp-content\/uploads\/2025\/03\/bi-directional-scriber-cylinder-1-480x479.webp 480w\" sizes=\"(min-width: 0px) and (max-width: 480px) 480px, (min-width: 481px) 500px, 100vw\" \/><br \/>\n<\/strong><\/h1>\n<p>Den toveis rivesylinderen er en viktig komponent for maskiner uten jordbearbeiding, og forbedrer effektiviteten betydelig i jordforberedelse og planting. Denne innovative sylinderen muliggj\u00f8r presis og allsidig jordh\u00e5ndtering, slik at b\u00f8nder kan skape optimale planteforhold samtidig som de bevarer jordstrukturen. Ved \u00e5 utnytte avansert hydraulisk teknologi forbedrer den toveis rivesylinderen driftseffektiviteten og maksimerer avlingene.<\/p>\n<p>Som et viktig verkt\u00f8y for moderne jordbearbeiding, forbedrer den toveis risseren presisjon og effektivitet i jordh\u00e5ndtering. Dens robuste konstruksjon, toveisfunksjonalitet og enkle installasjon gj\u00f8r det mulig for b\u00f8nder \u00e5 opprettholde ideelle planteforhold med minimal jordforstyrrelse. Ved \u00e5 f\u00f8lge riktige retningslinjer for bruk og vedlikehold kan brukere sikre p\u00e5litelig ytelse, noe som resulterer i h\u00f8yere avlinger og vellykkede landbruksresultater. \u00c5 investere i en toveis risseren er en smart beslutning for enhver landbruksbedrift som \u00f8nsker \u00e5 \u00f8ke produktiviteten og fremme b\u00e6rekraftig praksis.<\/p>\n<h2><strong>Toveis rissesylinder for jordbearbeidingsfrie maskiner Parameter:<\/strong><\/h2>\n<h1 style=\"text-align: center;\"><strong><img loading=\"lazy\" decoding=\"async\" class=\"alignnone size-full wp-image-17283\" src=\"https:\/\/www.hydraulic-cylinders.net\/wp-content\/uploads\/2025\/03\/hydraulic-cylinders-for-no-tillage-machines-parameter-1.webp\" alt=\"\" width=\"2237\" height=\"1271\" srcset=\"https:\/\/www.hydraulic-cylinders.net\/wp-content\/uploads\/2025\/03\/hydraulic-cylinders-for-no-tillage-machines-parameter-1.webp 2237w, https:\/\/www.hydraulic-cylinders.net\/wp-content\/uploads\/2025\/03\/hydraulic-cylinders-for-no-tillage-machines-parameter-1-1280x727.webp 1280w, https:\/\/www.hydraulic-cylinders.net\/wp-content\/uploads\/2025\/03\/hydraulic-cylinders-for-no-tillage-machines-parameter-1-980x557.webp 980w, https:\/\/www.hydraulic-cylinders.net\/wp-content\/uploads\/2025\/03\/hydraulic-cylinders-for-no-tillage-machines-parameter-1-480x273.webp 480w\" sizes=\"(min-width: 0px) and (max-width: 480px) 480px, (min-width: 481px) and (max-width: 980px) 980px, (min-width: 981px) and (max-width: 1280px) 1280px, (min-width: 1281px) 2237px, 100vw\" \/><\/strong><\/h1>\n<h2><strong>Toveis rissesylinder for maskiner uten jordbearbeiding:<\/strong><\/h2>\n<p><img loading=\"lazy\" decoding=\"async\" class=\"alignnone size-full wp-image-17282\" src=\"https:\/\/www.hydraulic-cylinders.net\/wp-content\/uploads\/2025\/03\/hydraulic-cylinders-for-no-tillage-machines-application-1.webp\" alt=\"\" width=\"2273\" height=\"976\" srcset=\"https:\/\/www.hydraulic-cylinders.net\/wp-content\/uploads\/2025\/03\/hydraulic-cylinders-for-no-tillage-machines-application-1.webp 2273w, https:\/\/www.hydraulic-cylinders.net\/wp-content\/uploads\/2025\/03\/hydraulic-cylinders-for-no-tillage-machines-application-1-1280x550.webp 1280w, https:\/\/www.hydraulic-cylinders.net\/wp-content\/uploads\/2025\/03\/hydraulic-cylinders-for-no-tillage-machines-application-1-980x421.webp 980w, https:\/\/www.hydraulic-cylinders.net\/wp-content\/uploads\/2025\/03\/hydraulic-cylinders-for-no-tillage-machines-application-1-480x206.webp 480w\" sizes=\"(min-width: 0px) and (max-width: 480px) 480px, (min-width: 481px) and (max-width: 980px) 980px, (min-width: 981px) and (max-width: 1280px) 1280px, (min-width: 1281px) 2273px, 100vw\" \/><\/p>\n<h2><strong>Toveis rissesylinder for maskiner uten jordbearbeiding. Viktige funksjoner:<\/strong><\/h2>\n<h4><strong>Allsidig drift i to retninger<\/strong><\/h4>\n<p>Den toveis rissesylinderen er designet for effektiv bevegelse i begge retninger, slik at f\u00f8reren enkelt kan tilpasse seg ulike feltforhold. Enten det er snakk om skr\u00e5ninger, ujevnt terreng eller trange steder, forbedrer denne toveisfunksjonen man\u00f8vrerbarheten og den generelle effektiviteten. Som et resultat kan b\u00f8nder dekke mer terreng p\u00e5 kortere tid og opprettholde h\u00f8ye produktivitetsniv\u00e5er selv i utfordrende landbruksmilj\u00f8er.<\/p>\n<h4><strong>Eksepsjonell presisjon<\/strong><\/h4>\n<p>Utstyrt med et avansert hydraulisk system, gir den toveis sylinderen bemerkelsesverdig presisjon i kontroll av b\u00e5de dybde og vinkel. Denne n\u00f8yaktigheten er avgj\u00f8rende for effektiv plassering av fr\u00f8, og sikrer at fr\u00f8ene s\u00e5s i optimal dybde for spiring. Dessuten forbedrer presise justeringer jordluftingen, noe som er avgj\u00f8rende for sunn rotutvikling. Denne oppmerksomheten p\u00e5 detaljer forbedrer den generelle kvaliteten p\u00e5 planteprosessen, noe som f\u00f8rer til bedre avlingsresultater og \u00f8kte avlinger.<\/p>\n<h4><strong>Slitesterk konstruksjon<\/strong><\/h4>\n<p>Den toveis skriftsylinderen er bygget av materialer av h\u00f8y kvalitet og konstruert for \u00e5 t\u00e5le kravene til t\u00f8ffe landbruksforhold. Den robuste designen motst\u00e5r slitasje og gir p\u00e5litelig ytelse gjennom hele jordbrukssesongen. Denne holdbarheten reduserer behovet for hyppige utskiftninger, noe som sparer b\u00f8nder b\u00e5de tid og penger. Med fokus p\u00e5 lang levetid lar sylinderen b\u00f8ndene konsentrere seg om avlingene sine uten bekymringer for utstyrsfeil.<\/p>\n<h4><strong>Brukervennlig installasjon<\/strong><\/h4>\n<p>Den toveis rissesylinderen er designet med tanke p\u00e5 bekvemmelighet, og har en enkel installasjonsprosess. B\u00f8nder kan enkelt integrere den i sine eksisterende jordbearbeidingsmaskiner uten omfattende modifikasjoner. Denne enkle installasjonen minimerer nedetid, slik at b\u00f8ndene raskt kan gjenoppta driften. Med mindre tid brukt p\u00e5 oppsett kan b\u00f8ndene fokusere p\u00e5 \u00e5 maksimere produktiviteten og overholde landbruksplanene sine.<\/p>\n<h4><strong>Minimal jordforstyrrelse<\/strong><\/h4>\n<p>Utformingen av den toveis rissesylinderen reduserer jordforstyrrelser betydelig under drift. Ved \u00e5 bevare jordstrukturen og fuktighetsniv\u00e5ene fremmer denne funksjonen bedre rotutvikling og generell avlingshelse. I tillegg bidrar redusert jordforstyrrelse til \u00e5 opprettholde gunstige mikroorganismer, noe som bidrar til forbedret jordfruktbarhet. Denne n\u00f8ye tiln\u00e6rmingen til jordforvaltning st\u00f8tter b\u00e6rekraftig jordbrukspraksis og sikrer landets langsiktige levedyktighet.<\/p>\n<p>Kort sagt utmerker den toveis sylinderen med sin allsidige toveis drift, eksepsjonelle presisjon, slitesterke konstruksjon, brukervennlige installasjon og minimale jordforstyrrelse. Hver av disse funksjonene forbedrer landbruksopplevelsen, noe som gj\u00f8r den til et uunnv\u00e6rlig verkt\u00f8y for moderne landbrukspraksis.<\/p>\n<h2><strong>Toveis rissesylinder for maskiner uten jordbearbeiding. Gjeldende modell:<\/strong><\/h2>\n<h1 style=\"text-align: center;\"><strong><img loading=\"lazy\" decoding=\"async\" class=\"alignnone size-full wp-image-17284\" src=\"https:\/\/www.hydraulic-cylinders.net\/wp-content\/uploads\/2025\/03\/hydraulic-cylinders-for-no-tillage-machines-2.webp\" alt=\"\" width=\"2312\" height=\"600\" srcset=\"https:\/\/www.hydraulic-cylinders.net\/wp-content\/uploads\/2025\/03\/hydraulic-cylinders-for-no-tillage-machines-2.webp 2312w, https:\/\/www.hydraulic-cylinders.net\/wp-content\/uploads\/2025\/03\/hydraulic-cylinders-for-no-tillage-machines-2-1280x332.webp 1280w, https:\/\/www.hydraulic-cylinders.net\/wp-content\/uploads\/2025\/03\/hydraulic-cylinders-for-no-tillage-machines-2-980x254.webp 980w, https:\/\/www.hydraulic-cylinders.net\/wp-content\/uploads\/2025\/03\/hydraulic-cylinders-for-no-tillage-machines-2-480x125.webp 480w\" sizes=\"(min-width: 0px) and (max-width: 480px) 480px, (min-width: 481px) and (max-width: 980px) 980px, (min-width: 981px) and (max-width: 1280px) 1280px, (min-width: 1281px) 2312px, 100vw\" \/><\/strong><\/h1>\n<h2><strong>Hvordan forbedrer den toveis driften av den toveis ripesylinderen landbrukseffektiviteten?<\/strong><\/h2>\n<p>Den toveis driften av den toveis rissesylinderen forbedrer landbrukseffektiviteten betydelig gjennom flere viktige fordeler:<\/p>\n<h4><strong>\u00d8kt man\u00f8vrerbarhet<\/strong>:<\/h4>\n<p>Muligheten til \u00e5 bevege seg b\u00e5de fremover og bakover gj\u00f8r at f\u00f8rere enkelt kan navigere i variert terreng. Denne fleksibiliteten er spesielt fordelaktig p\u00e5 jorder med skr\u00e5ninger, ujevne overflater eller trange steder der tradisjonelt utstyr med \u00e9n retning kan ha problemer. Ved \u00e5 redusere behovet for konstant omplassering kan b\u00f8ndene opprettholde en jevn arbeidsflyt, slik at hver tomme av jordet h\u00e5ndteres effektivt.<\/p>\n<h4><strong>Tidsbesparelser<\/strong>:<\/h4>\n<p>Med toveisfunksjonalitet kan b\u00f8nder dekke mer terreng p\u00e5 kortere tid. Denne funksjonen minimerer tiden som brukes p\u00e5 svinger og justeringer, noe som gir kontinuerlig drift. Som et resultat reduseres den totale varigheten av jordforberedelse og planteoppgaver betydelig, slik at b\u00f8ndene kan fullf\u00f8re arbeidet sitt mer effektivt og sette av tid til andre viktige landbruksaktiviteter.<\/p>\n<h4><strong>Forbedret produktivitet<\/strong>:<\/h4>\n<p>Den s\u00f8ml\u00f8se overgangen mellom retninger muliggj\u00f8r jevnere arbeidsflyter og reduserer avbrudd. Denne effektiviteten er avgj\u00f8rende i h\u00f8ysesongene n\u00e5r hvert \u00f8yeblikk teller. Ved \u00e5 maksimere effektiviteten av hver passering gjennom \u00e5keren, kan b\u00f8nder oppn\u00e5 h\u00f8yere produksjonsniv\u00e5er, slik at de overholder plantefrister og optimaliserer avlingene.<\/p>\n<h4><strong>Forbedret jordh\u00e5ndtering<\/strong>:<\/h4>\n<p>Utformingen av den toveis rissesylinderen minimerer jordforstyrrelser under drift, noe som er viktig for \u00e5 opprettholde jordens helse. Ved \u00e5 bevare jordstrukturen og fuktighetsniv\u00e5ene fremmer denne funksjonen bedre rotutvikling og generell avlingsvitalitet. I tillegg bidrar redusert jordforstyrrelse til \u00e5 opprettholde gunstige mikroorganismer i jorden, noe som bidrar til forbedret fruktbarhet og b\u00e6rekraftig jordbrukspraksis.<\/p>\n<p>Oppsummert effektiviserer den toveis driften av den toveis rissesylinderen ikke bare landbruksprosesser, men st\u00f8tter ogs\u00e5 bedre jordforvaltning, noe som f\u00f8rer til forbedret produktivitet og langsiktig b\u00e6rekraft i landbrukspraksis.<\/p>\n<h2><strong>Testutstyr:<\/strong><\/h2>\n<p><strong><img loading=\"lazy\" decoding=\"async\" class=\"alignnone size-full wp-image-17293\" src=\"https:\/\/www.hydraulic-cylinders.net\/wp-content\/uploads\/2025\/03\/test-equipment.webp-2.webp\" alt=\"\" width=\"1932\" height=\"1741\" srcset=\"https:\/\/www.hydraulic-cylinders.net\/wp-content\/uploads\/2025\/03\/test-equipment.webp-2.webp 1932w, https:\/\/www.hydraulic-cylinders.net\/wp-content\/uploads\/2025\/03\/test-equipment.webp-2-1280x1153.webp 1280w, https:\/\/www.hydraulic-cylinders.net\/wp-content\/uploads\/2025\/03\/test-equipment.webp-2-980x883.webp 980w, https:\/\/www.hydraulic-cylinders.net\/wp-content\/uploads\/2025\/03\/test-equipment.webp-2-480x433.webp 480w\" sizes=\"(min-width: 0px) and (max-width: 480px) 480px, (min-width: 481px) and (max-width: 980px) 980px, (min-width: 981px) and (max-width: 1280px) 1280px, (min-width: 1281px) 1932px, 100vw\" \/><\/strong><\/p>\n<ul>\n<li>1: Saltspraytestkammer<\/li>\n<li>2: Kjemisk analyse<\/li>\n<li>3: Strekktestmaskin<\/li>\n<li>4: Rockwell hardhetsm\u00e5ler<\/li>\n<li>5: Renhetstestmaskin<\/li>\n<li>6: TH110 Rebound hardhetstester<\/li>\n<li>7: M\u00e5ler for beleggtykkelse<\/li>\n<li>8: Pendelslagtest<\/li>\n<\/ul>\n<p><img loading=\"lazy\" decoding=\"async\" class=\"alignnone size-full wp-image-17292\" src=\"https:\/\/www.hydraulic-cylinders.net\/wp-content\/uploads\/2025\/03\/test-equipment.webp-1.webp\" alt=\"\" width=\"1600\" height=\"1216\" srcset=\"https:\/\/www.hydraulic-cylinders.net\/wp-content\/uploads\/2025\/03\/test-equipment.webp-1.webp 1600w, https:\/\/www.hydraulic-cylinders.net\/wp-content\/uploads\/2025\/03\/test-equipment.webp-1-1280x973.webp 1280w, https:\/\/www.hydraulic-cylinders.net\/wp-content\/uploads\/2025\/03\/test-equipment.webp-1-980x745.webp 980w, https:\/\/www.hydraulic-cylinders.net\/wp-content\/uploads\/2025\/03\/test-equipment.webp-1-480x365.webp 480w\" sizes=\"(min-width: 0px) and (max-width: 480px) 480px, (min-width: 481px) and (max-width: 980px) 980px, (min-width: 981px) and (max-width: 1280px) 1280px, (min-width: 1281px) 1600px, 100vw\" \/><\/p>\n<p>V\u00e5rt firma anser kvalitet som grunnlaget for v\u00e5r suksess. For \u00e5 opprettholde denne forpliktelsen har vi investert i banebrytende test- og laboratorieutstyr innenlands, st\u00f8ttet av et team av h\u00f8yt kvalifiserte fagfolk innen vitenskap og teknologi.<\/p>\n<p>Vi opprettholder et strengt kvalitetsstyringssystem som overholder bransjestandarder, og sikrer at hvert parti med produkter vi produserer oppfyller de h\u00f8yeste kvalitetskriteriene. Ved \u00e5 standardisere driften v\u00e5r og kontinuerlig overv\u00e5ke prosessene v\u00e5re, sikrer vi at kundene v\u00e5re kun f\u00e5r det beste.<\/p>\n<p>Denne standhaftige dedikasjonen til kvalitet forbedrer ikke bare p\u00e5liteligheten til produktene v\u00e5re, men bygger ogs\u00e5 tillit og tilfredshet blant kundene v\u00e5re. Vi tror at ved \u00e5 prioritere kvalitet i alle aspekter av produksjonen v\u00e5r, bidrar vi til suksessen til partnerne v\u00e5re og bransjen som helhet. Sammen sikter vi mot innovasjon og kvalitet som varer over tid.<\/p>\n<h2><strong>Produksjonssted for hydrauliske sylindere:<\/strong><\/h2>\n<p>V\u00e5rt selskap er en ledende produsent som spesialiserer seg p\u00e5 hydrauliske sylindere, st\u00f8ttet av v\u00e5r egen uavhengige forskning, utvikling og designkapasitet. Med et toppmoderne anlegg som huser over 170 generelle maskinverkt\u00f8y, CNC-maskiner, maskineringssentre, sveiseutstyr og spesialiserte test- og inspeksjonsverkt\u00f8y, er vi godt rustet til \u00e5 m\u00f8te ulike industrielle behov.<\/p>\n<p>Gjennom \u00e5revis med akkumulert teknologisk ekspertise og prosessforbedring har vi etablert en moden produksjonsprosess som s\u00f8ml\u00f8st integrerer forskning og utvikling med produksjon. Denne integrasjonen har blitt v\u00e5rt viktigste konkurransefortrinn, slik at vi kan designe og produsere et bredt spekter av hydrauliske sylindere tilpasset for \u00e5 m\u00f8te spesifikke kundekrav.<\/p>\n<p>Produktene v\u00e5re er mye brukt i ulike sektorer, inkludert landbruksmaskiner, anleggsmaskiner, kj\u00f8ret\u00f8y, veiteknikk og spesialmaskiner. Vi er stolte av \u00e5 st\u00f8tte en rekke OEM-er, inkludert Bonong Xingda, Bojin Hummer, Jilin Ruifeng, Debang Dawei, Shandong Yineng Heavy Industry, Tai'an Modern Heavy Industry og Shifeng Group, blant andre.<\/p>\n<p><img loading=\"lazy\" decoding=\"async\" class=\"alignnone size-full wp-image-17290\" src=\"https:\/\/www.hydraulic-cylinders.net\/wp-content\/uploads\/2025\/03\/production-site-1.webp\" alt=\"\" width=\"1971\" height=\"2253\" srcset=\"https:\/\/www.hydraulic-cylinders.net\/wp-content\/uploads\/2025\/03\/production-site-1.webp 1971w, https:\/\/www.hydraulic-cylinders.net\/wp-content\/uploads\/2025\/03\/production-site-1-1280x1463.webp 1280w, https:\/\/www.hydraulic-cylinders.net\/wp-content\/uploads\/2025\/03\/production-site-1-980x1120.webp 980w, https:\/\/www.hydraulic-cylinders.net\/wp-content\/uploads\/2025\/03\/production-site-1-480x549.webp 480w\" sizes=\"(min-width: 0px) and (max-width: 480px) 480px, (min-width: 481px) and (max-width: 980px) 980px, (min-width: 981px) and (max-width: 1280px) 1280px, (min-width: 1281px) 1971px, 100vw\" \/><\/p>\n<p>Vi er dedikert til \u00e5 tilby eksepsjonell service gjennom en sterk kvalitetspolicy som prioriterer kontinuerlig innovasjon innen forskning og utvikling, ledelse, kvalitetskontroll og kundeservice. V\u00e5r forpliktelse til kvalitet har blitt anerkjent med ISO\/TS16949-sertifisering, som sikrer at vi ikke bare m\u00f8ter, men konsekvent overg\u00e5r, kundenes forventninger.<\/p>\n<p>N\u00e5r vi ser fremover, vil vi fortsette \u00e5 utvikle teknologien v\u00e5r og utvide kapasiteten v\u00e5r, og alltid ha som m\u00e5l \u00e5 levere produkter og tjenester av h\u00f8yeste kvalitet til kundene v\u00e5re. Sammen skaper vi en arv av fortreffelighet innen hydrauliske sylinderindustrien.<\/p>\n<p><strong>\u00a0<\/strong><\/p>","protected":false},"excerpt":{"rendered":"<p>BI-Directional Scriber Cylinder For No Tillage Machines The BI-Directional Scriber Cylinder is a crucial component for no-tillage machines, significantly enhancing their effectiveness in soil preparation and planting. This innovative cylinder allows for precise and versatile soil management, enabling farmers to create optimal planting conditions while preserving the soil structure. By leveraging advanced hydraulic technology, the [&hellip;]<\/p>","protected":false},"featured_media":17303,"comment_status":"open","ping_status":"closed","template":"","meta":{"_et_pb_use_builder":"","_et_pb_old_content":"","_et_gb_content_width":""},"product_brand":[],"product_cat":[1550,1530,1376],"product_tag":[],"class_list":{"0":"post-17332","1":"product","2":"type-product","3":"status-publish","4":"has-post-thumbnail","6":"product_cat-double-acting-hydraulic-cylinder","7":"product_cat-no-tillage-machinery-hydraulic-cylinders","8":"product_cat-hydraulic-cylinder","10":"first","11":"instock","12":"shipping-taxable","13":"product-type-simple"},"amp_enabled":true,"_links":{"self":[{"href":"https:\/\/www.hydraulic-cylinders.net\/nb\/wp-json\/wp\/v2\/product\/17332","targetHints":{"allow":["GET"]}}],"collection":[{"href":"https:\/\/www.hydraulic-cylinders.net\/nb\/wp-json\/wp\/v2\/product"}],"about":[{"href":"https:\/\/www.hydraulic-cylinders.net\/nb\/wp-json\/wp\/v2\/types\/product"}],"replies":[{"embeddable":true,"href":"https:\/\/www.hydraulic-cylinders.net\/nb\/wp-json\/wp\/v2\/comments?post=17332"}],"wp:featuredmedia":[{"embeddable":true,"href":"https:\/\/www.hydraulic-cylinders.net\/nb\/wp-json\/wp\/v2\/media\/17303"}],"wp:attachment":[{"href":"https:\/\/www.hydraulic-cylinders.net\/nb\/wp-json\/wp\/v2\/media?parent=17332"}],"wp:term":[{"taxonomy":"product_brand","embeddable":true,"href":"https:\/\/www.hydraulic-cylinders.net\/nb\/wp-json\/wp\/v2\/product_brand?post=17332"},{"taxonomy":"product_cat","embeddable":true,"href":"https:\/\/www.hydraulic-cylinders.net\/nb\/wp-json\/wp\/v2\/product_cat?post=17332"},{"taxonomy":"product_tag","embeddable":true,"href":"https:\/\/www.hydraulic-cylinders.net\/nb\/wp-json\/wp\/v2\/product_tag?post=17332"}],"curies":[{"name":"wp","href":"https:\/\/api.w.org\/{rel}","templated":true}]}}