{"id":17336,"date":"2025-03-07T08:15:05","date_gmt":"2025-03-07T08:15:05","guid":{"rendered":"https:\/\/www.hydraulic-cylinders.net\/?post_type=product&#038;p=17336"},"modified":"2025-04-11T03:04:56","modified_gmt":"2025-04-11T03:04:56","slug":"unidirectional-scriber-cylinder-for-no-tillage-machines","status":"publish","type":"product","link":"https:\/\/www.hydraulic-cylinders.net\/nb\/produkt\/unidirectional-scriber-cylinder-for-no-tillage-machines\/","title":{"rendered":"Enveis skrapesylinder for maskiner uten jordbearbeiding"},"content":{"rendered":"<h1 style=\"text-align: center;\"><strong>Enveis skrapesylinder for maskiner uten jordbearbeiding<\/strong><\/h1>\n<h1 style=\"text-align: center;\"><strong><img loading=\"lazy\" decoding=\"async\" class=\"alignnone wp-image-17299\" src=\"https:\/\/www.hydraulic-cylinders.net\/wp-content\/uploads\/2025\/03\/unidirectional-scriber-cylinder-1.webp\" alt=\"\" width=\"500\" height=\"521\" srcset=\"https:\/\/www.hydraulic-cylinders.net\/wp-content\/uploads\/2025\/03\/unidirectional-scriber-cylinder-1.webp 500w, https:\/\/www.hydraulic-cylinders.net\/wp-content\/uploads\/2025\/03\/unidirectional-scriber-cylinder-1-480x500.webp 480w\" sizes=\"(min-width: 0px) and (max-width: 480px) 480px, (min-width: 481px) 500px, 100vw\" \/><br \/>\n<\/strong><\/h1>\n<p>Den enveisg\u00e5ende rissesylinderen er en viktig komponent som er spesielt utviklet for maskiner uten jordbearbeiding. Dette innovative verkt\u00f8yet forbedrer jordforberedelse og planteprosesser betydelig, slik at b\u00f8nder kan skape optimale planteforhold med st\u00f8rre effektivitet. Ved \u00e5 minimere jordforstyrrelser spiller den enveisg\u00e5ende rissesylinderen en avgj\u00f8rende rolle i \u00e5 bevare jordstrukturen og fuktighetsniv\u00e5ene, noe som er viktig for \u00e5 fremme sunn avlingsvekst. Dens avanserte design og funksjonalitet gj\u00f8r den til en verdifull ressurs i moderne landbrukspraksis.<\/p>\n<p>Som et uunnv\u00e6rlig verkt\u00f8y for ikke-jordbearbeiding forbedrer den enveis ripesylinderen b\u00e5de presisjon og effektivitet i jordh\u00e5ndtering. Den robuste konstruksjonen sikrer holdbarhet, mens den enkle installasjonsprosessen muliggj\u00f8r rask integrering i eksisterende maskineri. Ved \u00e5 redusere jordforstyrrelser st\u00f8tter den b\u00e6rekraftig jordbrukspraksis og hjelper b\u00f8nder med \u00e5 oppn\u00e5 ideelle planteforhold.<\/p>\n<p>\u00c5 f\u00f8lge riktige retningslinjer for bruk og vedlikehold sikrer p\u00e5litelig ytelse, noe som til slutt f\u00f8rer til forbedrede avlinger og vellykkede landbruksresultater. Investering i en enveis rissesylinder er en klok beslutning for enhver landbruksdrift som tar sikte p\u00e5 \u00e5 \u00f8ke produktiviteten og driftseffektiviteten.<\/p>\n<h2><strong>Enveis rissesylinder for jordbearbeidingsmaskiner Parameter:<\/strong><\/h2>\n<h1 style=\"text-align: center;\"><strong><img loading=\"lazy\" decoding=\"async\" class=\"alignnone size-full wp-image-17283\" src=\"https:\/\/www.hydraulic-cylinders.net\/wp-content\/uploads\/2025\/03\/hydraulic-cylinders-for-no-tillage-machines-parameter-1.webp\" alt=\"\" width=\"2237\" height=\"1271\" srcset=\"https:\/\/www.hydraulic-cylinders.net\/wp-content\/uploads\/2025\/03\/hydraulic-cylinders-for-no-tillage-machines-parameter-1.webp 2237w, https:\/\/www.hydraulic-cylinders.net\/wp-content\/uploads\/2025\/03\/hydraulic-cylinders-for-no-tillage-machines-parameter-1-1280x727.webp 1280w, https:\/\/www.hydraulic-cylinders.net\/wp-content\/uploads\/2025\/03\/hydraulic-cylinders-for-no-tillage-machines-parameter-1-980x557.webp 980w, https:\/\/www.hydraulic-cylinders.net\/wp-content\/uploads\/2025\/03\/hydraulic-cylinders-for-no-tillage-machines-parameter-1-480x273.webp 480w\" sizes=\"(min-width: 0px) and (max-width: 480px) 480px, (min-width: 481px) and (max-width: 980px) 980px, (min-width: 981px) and (max-width: 1280px) 1280px, (min-width: 1281px) 2237px, 100vw\" \/><\/strong><\/h1>\n<h2><strong>Enveis rissesylinder for maskiner uten jordbearbeiding:<\/strong><\/h2>\n<p><img loading=\"lazy\" decoding=\"async\" class=\"alignnone size-full wp-image-17282\" src=\"https:\/\/www.hydraulic-cylinders.net\/wp-content\/uploads\/2025\/03\/hydraulic-cylinders-for-no-tillage-machines-application-1.webp\" alt=\"\" width=\"2273\" height=\"976\" srcset=\"https:\/\/www.hydraulic-cylinders.net\/wp-content\/uploads\/2025\/03\/hydraulic-cylinders-for-no-tillage-machines-application-1.webp 2273w, https:\/\/www.hydraulic-cylinders.net\/wp-content\/uploads\/2025\/03\/hydraulic-cylinders-for-no-tillage-machines-application-1-1280x550.webp 1280w, https:\/\/www.hydraulic-cylinders.net\/wp-content\/uploads\/2025\/03\/hydraulic-cylinders-for-no-tillage-machines-application-1-980x421.webp 980w, https:\/\/www.hydraulic-cylinders.net\/wp-content\/uploads\/2025\/03\/hydraulic-cylinders-for-no-tillage-machines-application-1-480x206.webp 480w\" sizes=\"(min-width: 0px) and (max-width: 480px) 480px, (min-width: 481px) and (max-width: 980px) 980px, (min-width: 981px) and (max-width: 1280px) 1280px, (min-width: 1281px) 2273px, 100vw\" \/><\/p>\n<h2><strong>Enveis rissesylinder for maskiner uten jordbearbeiding. Viktige funksjoner:<\/strong><\/h2>\n<h4><strong>Str\u00f8mlinjeformet drift i \u00e9n retning<\/strong><\/h4>\n<p>Den enveisdesignede designen til rissesylinderen muliggj\u00f8r effektiv bevegelse i \u00e9n retning, noe som gj\u00f8r den spesielt effektiv for enkle plantings- og jordh\u00e5ndteringsoppgaver. Denne fokuserte driften forenkler brukeropplevelsen, slik at operat\u00f8rene kan konsentrere seg om \u00e5 oppn\u00e5 konsistente og presise resultater. Ved \u00e5 redusere kompleksiteten ved man\u00f8vrering kan b\u00f8nder forbedre produktiviteten, opprettholde en jevn arbeidsflyt og minimere risikoen for driftsfeil.<\/p>\n<h4><strong>Robust og p\u00e5litelig konstruksjon<\/strong><\/h4>\n<p>Den enveis rissesylinderen er laget av f\u00f8rsteklasses materialer og konstruert for \u00e5 t\u00e5le utfordringene i t\u00f8ffe landbruksmilj\u00f8er. Den robuste konstruksjonen motst\u00e5r slitasje og sikrer p\u00e5litelig ytelse gjennom hele jordbrukssesongen. Denne holdbarheten betyr f\u00e6rre reparasjoner og utskiftinger, slik at b\u00f8nder kan spare b\u00e5de tid og penger samtidig som de f\u00e5r et p\u00e5litelig verkt\u00f8y. Det slitesterke designet gir trygghet, vel vitende om at den kan m\u00f8te de daglige kravene til landbruksdrift.<\/p>\n<h4><strong>Forbedret presisjon og kontroll<\/strong><\/h4>\n<p>Den unidireksjonelle rissesylinderen er utstyrt med et avansert hydraulisk system og gir eksepsjonell presisjon i h\u00e5ndtering av b\u00e5de dybde og vinkel. Denne funksjonen gj\u00f8r det mulig for f\u00f8rere \u00e5 gj\u00f8re n\u00f8yaktige justeringer skreddersydd til spesifikke jordforhold og avlingsbehov. Slik presisjon er avgj\u00f8rende for optimal plassering av fr\u00f8, slik at fr\u00f8ene s\u00e5s i ideell dybde for effektiv spiring. Forbedret jordlufting fra presise justeringer st\u00f8tter ytterligere robust avlingsutvikling, noe som f\u00f8rer til sunnere planter og \u00f8kt avling.<\/p>\n<h4><strong>Enkel installasjon<\/strong><\/h4>\n<p>Den enveis skrapesylinderen er designet med brukervennlighet i tankene, og har en enkel installasjonsprosess. B\u00f8nder kan s\u00f8ml\u00f8st integrere den i sine eksisterende jordbearbeidingsmaskiner med minimal innsats eller teknisk ekspertise. Dette brukervennlige aspektet reduserer nedetiden betydelig, slik at landbruksdriften kan gjenopptas raskt uten forsinkelser. Ved \u00e5 minimere oppsetttiden kan b\u00f8nder fokusere p\u00e5 \u00e5 maksimere produktiviteten og tilpasse seg de dynamiske kravene i landbruksplanene sine.<\/p>\n<h4><strong>Minimal jordforstyrrelse<\/strong><\/h4>\n<p>Den innovative utformingen av den enveisstyrte rissesylinderen minimerer effektivt jordforstyrrelser under drift. Ved \u00e5 bevare viktig jordstruktur og fuktighetsinnhold, fremmer denne funksjonen bedre rotutvikling, noe som er avgj\u00f8rende for avlingens helse. I tillegg bidrar redusert jordforstyrrelse til \u00e5 opprettholde gunstige mikroorganismer i jorden, noe som forbedrer jordens generelle fruktbarhet. Denne gjennomtenkte tiln\u00e6rmingen til jordforvaltning st\u00f8tter b\u00e6rekraftig jordbrukspraksis og forbedrer avlingens helse, noe som f\u00f8rer til \u00f8kt avling og langsiktig landbrukssuksess.<\/p>\n<p>Oppsummert skiller den enveisstyrte rissesylinderen seg ut med sin str\u00f8mlinjeformede drift i \u00e9n retning, robuste konstruksjon, forbedrede presisjon, enkle installasjon og minimale jordforstyrrelse. Disse funksjonene gj\u00f8r den til et uvurderlig verkt\u00f8y for moderne landbrukspraksis, og gir b\u00f8nder mulighet til \u00e5 oppn\u00e5 effektiv og virkningsfull jordforvaltning, noe som til slutt f\u00f8rer til sunnere avlinger og forbedret produktivitet.<\/p>\n<h2><strong>Enveis rissesylinder for maskiner uten jordbearbeiding Gjeldende modell:<\/strong><\/h2>\n<h1 style=\"text-align: center;\"><strong><img loading=\"lazy\" decoding=\"async\" class=\"alignnone size-full wp-image-17284\" src=\"https:\/\/www.hydraulic-cylinders.net\/wp-content\/uploads\/2025\/03\/hydraulic-cylinders-for-no-tillage-machines-2.webp\" alt=\"\" width=\"2312\" height=\"600\" srcset=\"https:\/\/www.hydraulic-cylinders.net\/wp-content\/uploads\/2025\/03\/hydraulic-cylinders-for-no-tillage-machines-2.webp 2312w, https:\/\/www.hydraulic-cylinders.net\/wp-content\/uploads\/2025\/03\/hydraulic-cylinders-for-no-tillage-machines-2-1280x332.webp 1280w, https:\/\/www.hydraulic-cylinders.net\/wp-content\/uploads\/2025\/03\/hydraulic-cylinders-for-no-tillage-machines-2-980x254.webp 980w, https:\/\/www.hydraulic-cylinders.net\/wp-content\/uploads\/2025\/03\/hydraulic-cylinders-for-no-tillage-machines-2-480x125.webp 480w\" sizes=\"(min-width: 0px) and (max-width: 480px) 480px, (min-width: 481px) and (max-width: 980px) 980px, (min-width: 981px) and (max-width: 1280px) 1280px, (min-width: 1281px) 2312px, 100vw\" \/><\/strong><\/h1>\n<h2><strong>Hvordan forbedrer den enveis ripesylinderen jordhelsen under planting?<\/strong><\/h2>\n<p>Den enveis ripesylinderen forbedrer jordhelsen under planting gjennom flere viktige mekanismer:<\/p>\n<h4><strong>Redusert jordforstyrrelse<\/strong>:<\/h4>\n<p>Den spesialiserte designen minimerer forstyrrelser i jordstrukturen og bevarer den naturlige ordningen av jordlagene. Denne bevaringen forhindrer komprimering, slik at r\u00f8ttene lettere kan trenge inn. Ved \u00e5 opprettholde integriteten til disse lagene, sikrer sylinderen at viktige n\u00e6ringsstoffer og fuktighet beholdes i jorden, noe som skaper et gunstigere milj\u00f8 for plantevekst.<\/p>\n<h4><strong>Fuktighetsbevaring<\/strong>:<\/h4>\n<p>Ved \u00e5 begrense jordforstyrrelser bidrar den enveisstyrte rissesylinderen til \u00e5 opprettholde fuktighetsniv\u00e5er som er avgj\u00f8rende for fr\u00f8spiring og tidlig planteutvikling. Dette er spesielt viktig under t\u00f8rre forhold, der fuktighetstap kan hindre etablering av avlinger. Evnen til \u00e5 opprettholde fuktighet st\u00f8tter ikke bare den f\u00f8rste veksten, men forbedrer ogs\u00e5 plantens motstandskraft mot t\u00f8rkestress senere i vekstsesongen.<\/p>\n<h4><strong>Forbedret mikrobiell aktivitet<\/strong>:<\/h4>\n<p>Sylinderens design lar gunstige mikroorganismer i jorden trives ved \u00e5 minimere forstyrrelser i deres habitat. Sunne mikrobielle populasjoner spiller en viktig rolle i \u00e5 bryte ned organisk materiale, omsette n\u00e6ringsstoffer og forbedre jordens fruktbarhet. Ved \u00e5 fremme et robust mikrobielt samfunn bidrar den unidireksjonelle skrapesylinderen til forbedret n\u00e6ringstilgjengelighet, noe som st\u00f8tter sterkere og sunnere avlingsvekst.<\/p>\n<h4><strong>Fremmer rotutvikling<\/strong>:<\/h4>\n<p>Ved \u00e5 skape et stabilt jordmilj\u00f8, fremmer den enveisstyrte rissesylinderen bedre rotvekst og -utvikling. Dype og omfattende rotsystemer er avgj\u00f8rende for tilgang til vann og n\u00e6ringsstoffer, som er kritiske for plantehelsen. Forbedret rotutvikling forbedrer ogs\u00e5 plantens evne til \u00e5 motst\u00e5 milj\u00f8belastninger, som t\u00f8rke eller n\u00e6ringsmangel, noe som f\u00f8rer til mer robuste avlinger.<\/p>\n<h4><strong>Jordlufting<\/strong>:<\/h4>\n<p>Sylinderens presise justeringer muliggj\u00f8r optimal plassering av fr\u00f8 og forbedrer jordlufting. Tilstrekkelig lufting er avgj\u00f8rende for rot\u00e5nding og jordens generelle helse. Ved \u00e5 fremme bedre luftsirkulasjon i jorden, st\u00f8tter den enveis rissesylinderen sunn rotvekst og forbedrer aktiviteten til gunstige jordorganismer, noe som ytterligere bidrar til et blomstrende landbruks\u00f8kosystem.<\/p>\n<p>Oppsummert spiller den enveis rissesylinderen en viktig rolle i \u00e5 forbedre jordhelsen under planting ved \u00e5 redusere jordforstyrrelser, holde p\u00e5 fuktigheten, fremme mikrobiell aktivitet, fremme rotutvikling og forbedre jordlufting. Disse kombinerte fordelene f\u00f8rer til sunnere jord, forbedrede avlinger og b\u00e6rekraftig jordbrukspraksis.<\/p>\n<h2><strong>Testutstyr:<\/strong><\/h2>\n<p><strong><img loading=\"lazy\" decoding=\"async\" class=\"alignnone size-full wp-image-17293\" src=\"https:\/\/www.hydraulic-cylinders.net\/wp-content\/uploads\/2025\/03\/test-equipment.webp-2.webp\" alt=\"\" width=\"1932\" height=\"1741\" srcset=\"https:\/\/www.hydraulic-cylinders.net\/wp-content\/uploads\/2025\/03\/test-equipment.webp-2.webp 1932w, https:\/\/www.hydraulic-cylinders.net\/wp-content\/uploads\/2025\/03\/test-equipment.webp-2-1280x1153.webp 1280w, https:\/\/www.hydraulic-cylinders.net\/wp-content\/uploads\/2025\/03\/test-equipment.webp-2-980x883.webp 980w, https:\/\/www.hydraulic-cylinders.net\/wp-content\/uploads\/2025\/03\/test-equipment.webp-2-480x433.webp 480w\" sizes=\"(min-width: 0px) and (max-width: 480px) 480px, (min-width: 481px) and (max-width: 980px) 980px, (min-width: 981px) and (max-width: 1280px) 1280px, (min-width: 1281px) 1932px, 100vw\" \/><\/strong><\/p>\n<ul>\n<li>1: Saltspraytestkammer<\/li>\n<li>2: Kjemisk analyse<\/li>\n<li>3: Strekktestmaskin<\/li>\n<li>4: Rockwell hardhetsm\u00e5ler<\/li>\n<li>5: Renhetstestmaskin<\/li>\n<li>6: TH110 Rebound hardhetstester<\/li>\n<li>7: M\u00e5ler for beleggtykkelse<\/li>\n<li>8: Pendelslagtest<\/li>\n<\/ul>\n<p><img loading=\"lazy\" decoding=\"async\" class=\"alignnone size-full wp-image-17292\" src=\"https:\/\/www.hydraulic-cylinders.net\/wp-content\/uploads\/2025\/03\/test-equipment.webp-1.webp\" alt=\"\" width=\"1600\" height=\"1216\" srcset=\"https:\/\/www.hydraulic-cylinders.net\/wp-content\/uploads\/2025\/03\/test-equipment.webp-1.webp 1600w, https:\/\/www.hydraulic-cylinders.net\/wp-content\/uploads\/2025\/03\/test-equipment.webp-1-1280x973.webp 1280w, https:\/\/www.hydraulic-cylinders.net\/wp-content\/uploads\/2025\/03\/test-equipment.webp-1-980x745.webp 980w, https:\/\/www.hydraulic-cylinders.net\/wp-content\/uploads\/2025\/03\/test-equipment.webp-1-480x365.webp 480w\" sizes=\"(min-width: 0px) and (max-width: 480px) 480px, (min-width: 481px) and (max-width: 980px) 980px, (min-width: 981px) and (max-width: 1280px) 1280px, (min-width: 1281px) 1600px, 100vw\" \/><\/p>\n<p>V\u00e5rt firma anser kvalitet som grunnlaget for v\u00e5r suksess. For \u00e5 opprettholde denne forpliktelsen har vi investert i banebrytende test- og laboratorieutstyr innenlands, st\u00f8ttet av et team av h\u00f8yt kvalifiserte fagfolk innen vitenskap og teknologi.<\/p>\n<p>Vi opprettholder et strengt kvalitetsstyringssystem som overholder bransjestandarder, og sikrer at hvert parti med produkter vi produserer oppfyller de h\u00f8yeste kvalitetskriteriene. Ved \u00e5 standardisere driften v\u00e5r og kontinuerlig overv\u00e5ke prosessene v\u00e5re, sikrer vi at kundene v\u00e5re kun f\u00e5r det beste.<\/p>\n<p>Denne standhaftige dedikasjonen til kvalitet forbedrer ikke bare p\u00e5liteligheten til produktene v\u00e5re, men bygger ogs\u00e5 tillit og tilfredshet blant kundene v\u00e5re. Vi tror at ved \u00e5 prioritere kvalitet i alle aspekter av produksjonen v\u00e5r, bidrar vi til suksessen til partnerne v\u00e5re og bransjen som helhet. Sammen sikter vi mot innovasjon og kvalitet som varer over tid.<\/p>\n<h2><strong>Produksjonssted for hydrauliske sylindere:<\/strong><\/h2>\n<p>V\u00e5rt selskap er en ledende produsent som spesialiserer seg p\u00e5 hydrauliske sylindere, st\u00f8ttet av v\u00e5r egen uavhengige forskning, utvikling og designkapasitet. Med et toppmoderne anlegg som huser over 170 generelle maskinverkt\u00f8y, CNC-maskiner, maskineringssentre, sveiseutstyr og spesialiserte test- og inspeksjonsverkt\u00f8y, er vi godt rustet til \u00e5 m\u00f8te ulike industrielle behov.<\/p>\n<p>Gjennom \u00e5revis med akkumulert teknologisk ekspertise og prosessforbedring har vi etablert en moden produksjonsprosess som s\u00f8ml\u00f8st integrerer forskning og utvikling med produksjon. Denne integrasjonen har blitt v\u00e5rt viktigste konkurransefortrinn, slik at vi kan designe og produsere et bredt spekter av hydrauliske sylindere tilpasset for \u00e5 m\u00f8te spesifikke kundekrav.<\/p>\n<p>Produktene v\u00e5re er mye brukt i ulike sektorer, inkludert landbruksmaskiner, anleggsmaskiner, kj\u00f8ret\u00f8y, veiteknikk og spesialmaskiner. Vi er stolte av \u00e5 st\u00f8tte en rekke OEM-er, inkludert Bonong Xingda, Bojin Hummer, Jilin Ruifeng, Debang Dawei, Shandong Yineng Heavy Industry, Tai'an Modern Heavy Industry og Shifeng Group, blant andre.<\/p>\n<p><img loading=\"lazy\" decoding=\"async\" class=\"alignnone size-full wp-image-17290\" src=\"https:\/\/www.hydraulic-cylinders.net\/wp-content\/uploads\/2025\/03\/production-site-1.webp\" alt=\"\" width=\"1971\" height=\"2253\" srcset=\"https:\/\/www.hydraulic-cylinders.net\/wp-content\/uploads\/2025\/03\/production-site-1.webp 1971w, https:\/\/www.hydraulic-cylinders.net\/wp-content\/uploads\/2025\/03\/production-site-1-1280x1463.webp 1280w, https:\/\/www.hydraulic-cylinders.net\/wp-content\/uploads\/2025\/03\/production-site-1-980x1120.webp 980w, https:\/\/www.hydraulic-cylinders.net\/wp-content\/uploads\/2025\/03\/production-site-1-480x549.webp 480w\" sizes=\"(min-width: 0px) and (max-width: 480px) 480px, (min-width: 481px) and (max-width: 980px) 980px, (min-width: 981px) and (max-width: 1280px) 1280px, (min-width: 1281px) 1971px, 100vw\" \/><\/p>\n<p>Vi er dedikert til \u00e5 tilby eksepsjonell service gjennom en sterk kvalitetspolicy som prioriterer kontinuerlig innovasjon innen forskning og utvikling, ledelse, kvalitetskontroll og kundeservice. V\u00e5r forpliktelse til kvalitet har blitt anerkjent med ISO\/TS16949-sertifisering, som sikrer at vi ikke bare m\u00f8ter, men konsekvent overg\u00e5r, kundenes forventninger.<\/p>\n<p>N\u00e5r vi ser fremover, vil vi fortsette \u00e5 utvikle teknologien v\u00e5r og utvide kapasiteten v\u00e5r, og alltid ha som m\u00e5l \u00e5 levere produkter og tjenester av h\u00f8yeste kvalitet til kundene v\u00e5re. Sammen skaper vi en arv av fortreffelighet innen hydrauliske sylinderindustrien.<\/p>","protected":false},"excerpt":{"rendered":"<p>Unidirectional Scriber Cylinder For No Tillage Machines The Unidirectional Scriber Cylinder is an essential component specifically engineered for no-tillage machines. This innovative tool significantly improves soil preparation and planting processes, enabling farmers to create optimal planting conditions with greater efficiency. By minimizing soil disruption, the Unidirectional Scriber Cylinder plays a crucial role in preserving soil [&hellip;]<\/p>","protected":false},"featured_media":17311,"comment_status":"open","ping_status":"closed","template":"","meta":{"_et_pb_use_builder":"","_et_pb_old_content":"","_et_gb_content_width":""},"product_brand":[],"product_cat":[1530,1549,1376],"product_tag":[],"class_list":{"0":"post-17336","1":"product","2":"type-product","3":"status-publish","4":"has-post-thumbnail","6":"product_cat-no-tillage-machinery-hydraulic-cylinders","7":"product_cat-single-acting-hydraulic-cylinder","8":"product_cat-hydraulic-cylinder","10":"first","11":"instock","12":"shipping-taxable","13":"product-type-simple"},"amp_enabled":true,"_links":{"self":[{"href":"https:\/\/www.hydraulic-cylinders.net\/nb\/wp-json\/wp\/v2\/product\/17336","targetHints":{"allow":["GET"]}}],"collection":[{"href":"https:\/\/www.hydraulic-cylinders.net\/nb\/wp-json\/wp\/v2\/product"}],"about":[{"href":"https:\/\/www.hydraulic-cylinders.net\/nb\/wp-json\/wp\/v2\/types\/product"}],"replies":[{"embeddable":true,"href":"https:\/\/www.hydraulic-cylinders.net\/nb\/wp-json\/wp\/v2\/comments?post=17336"}],"wp:featuredmedia":[{"embeddable":true,"href":"https:\/\/www.hydraulic-cylinders.net\/nb\/wp-json\/wp\/v2\/media\/17311"}],"wp:attachment":[{"href":"https:\/\/www.hydraulic-cylinders.net\/nb\/wp-json\/wp\/v2\/media?parent=17336"}],"wp:term":[{"taxonomy":"product_brand","embeddable":true,"href":"https:\/\/www.hydraulic-cylinders.net\/nb\/wp-json\/wp\/v2\/product_brand?post=17336"},{"taxonomy":"product_cat","embeddable":true,"href":"https:\/\/www.hydraulic-cylinders.net\/nb\/wp-json\/wp\/v2\/product_cat?post=17336"},{"taxonomy":"product_tag","embeddable":true,"href":"https:\/\/www.hydraulic-cylinders.net\/nb\/wp-json\/wp\/v2\/product_tag?post=17336"}],"curies":[{"name":"wp","href":"https:\/\/api.w.org\/{rel}","templated":true}]}}