{"id":1735,"date":"2023-10-12T05:49:25","date_gmt":"2023-10-12T05:49:25","guid":{"rendered":"https:\/\/hydraulic-cylinders.net\/?post_type=product&#038;p=1735"},"modified":"2025-04-11T02:53:40","modified_gmt":"2025-04-11T02:53:40","slug":"cement-equipment-feeding-cylinder","status":"publish","type":"product","link":"https:\/\/www.hydraulic-cylinders.net\/nb\/produkt\/cement-equipment-feeding-cylinder\/","title":{"rendered":"Sementutstyrsf\u00f4ringssylinder"},"content":{"rendered":"<h1 style=\"text-align: center;\"><strong>Sementutstyrsf\u00f4ringssylinder<\/strong><\/h1>\n<p><img loading=\"lazy\" decoding=\"async\" class=\"aligncenter wp-image-1738\" src=\"https:\/\/hydraulic-cylinders.net\/wp-content\/uploads\/2023\/10\/feeding-cylinder-1-1-300x300.webp\" alt=\"\" width=\"400\" height=\"400\" \/><\/p>\n<p>Sementutstyrets matesylinder er en viktig komponent i sementproduksjon, spesielt utviklet for \u00e5 forbedre effektiviteten og presisjonen under matingsprosessen. Denne spesialiserte sylinderen spiller en avgj\u00f8rende rolle i sementfabrikker, og muliggj\u00f8r kontrollert og n\u00f8yaktig mating av r\u00e5varer inn i sementproduksjonsmaskineriet.<\/p>\n<p>Sementutstyrets matesylinder er en uunnv\u00e6rlig komponent i sementproduksjon, og forbedrer effektiviteten og presisjonen under matingsprosessen. Med sin robuste konstruksjon, presise kontroll, justerbare slaglengde og p\u00e5litelige tetningsmekanisme sikrer denne sylinderen n\u00f8yaktig og jevn materialflyt, noe som bidrar til optimalisert sementproduksjon. Ved \u00e5 f\u00f8lge anbefalte bruksmetoder og vedlikeholdspraksis kan operat\u00f8rer maksimere ytelsen og levetiden til sementutstyrets matesylinder, noe som til slutt forbedrer effektiviteten, produktiviteten og kvaliteten p\u00e5 sementproduksjonen.<\/p>\n<p>Viktige egenskaper for sementutstyrsf\u00f4ringssylinder:<\/p>\n<ol>\n<li>Robust konstruksjon:<\/li>\n<\/ol>\n<ul>\n<li>Sementutstyrets matesylinder er konstruert med materialer av h\u00f8y kvalitet for \u00e5 sikre holdbarhet og lang levetid i krevende sementfabrikkmilj\u00f8er.<\/li>\n<li>Den t\u00e5ler tunge belastninger og p\u00e5kjenningene ved kontinuerlig drift uten at det g\u00e5r p\u00e5 bekostning av ytelsen.<\/li>\n<\/ul>\n<ol start=\"2\">\n<li>Presis kontroll:<\/li>\n<\/ol>\n<ul>\n<li>Denne sylinderen er konstruert for \u00e5 gi presis kontroll over matingsprosessen, noe som muliggj\u00f8r n\u00f8yaktig og jevn materialflyt.<\/li>\n<li>Det gj\u00f8r det mulig for operat\u00f8rer \u00e5 opprettholde optimale f\u00f4ringshastigheter, noe som forbedrer effektiviteten og produktkvaliteten.<\/li>\n<\/ul>\n<ol start=\"3\">\n<li>Justerbar slaglengde:<\/li>\n<\/ol>\n<ul>\n<li>Sementutstyrets matesylinder tilbyr justerbar slaglengde, noe som gir fleksibilitet i volumet av materiale som leveres under hver matesyklus.<\/li>\n<li>Operat\u00f8rer kan finjustere slaglengden basert p\u00e5 spesifikke produksjonskrav og materialegenskaper.<\/li>\n<\/ul>\n<ol start=\"4\">\n<li>P\u00e5litelig tetningsmekanisme:<\/li>\n<\/ol>\n<ul>\n<li>Sylinderen har en p\u00e5litelig tetningsmekanisme som forhindrer lekkasje og sikrer en jevn matingsprosess.<\/li>\n<li>Det minimerer materialsvinn og fremmer et rent og effektivt produksjonsmilj\u00f8.<\/li>\n<\/ul>\n<h2><strong>Parameter for f\u00f4ringssylinder for sementutstyr:<\/strong><\/h2>\n<table border=\"1\" cellspacing=\"0\" cellpadding=\"0\">\n<tbody>\n<tr>\n<td>Produktnavn<\/td>\n<td>Sementutstyrsf\u00f4ringssylinder<\/td>\n<\/tr>\n<tr>\n<td>Funksjoner:<\/td>\n<td>Fremme den frem- og tilbakeg\u00e5ende bevegelsen til ristbunnen i ristkj\u00f8leren<\/td>\n<\/tr>\n<tr>\n<td>Borediameter:<\/td>\n<td>80 mm\uff5e140 mm<\/td>\n<\/tr>\n<tr>\n<td>Stangdiameter:<\/td>\n<td>45 mm \uff5e80 mm<br \/>\nSlaglengde: \u22641200 mm<\/td>\n<\/tr>\n<tr>\n<td>Skyvekraft:<\/td>\n<td>Maks 385 kN<br \/>\n(Sylinderdiameter 140 mm \/ trykk 25 MPa)<\/td>\n<\/tr>\n<tr>\n<td>Bruksomr\u00e5der for f\u00f4ringssylinder for sementutstyr:<\/td>\n<td>Sementutstyr<\/td>\n<\/tr>\n<\/tbody>\n<\/table>\n<div><\/div>\n<div>\n<div class=\"txtboxL\">\n<div class=\"txtboxL\">\n<div class=\"txtboxL\">Funksjoner:<\/div>\n<div class=\"txtboxR\">Fremme den frem- og tilbakeg\u00e5ende bevegelsen til ristbunnen i ristkj\u00f8leren<\/div>\n<div class=\"txtboxL\">Spesifikasjon:<\/div>\n<div class=\"txtboxR\">Borediameter: 80 mm ~ 140 mm<br \/>\nStangdiameter: 45 mm ~ 80 mm<br \/>\nSlaglengde: \u22641200 mm<\/div>\n<div class=\"txtboxL\">Skyvekraft:<\/div>\n<div class=\"txtboxR\">Maks 385 kN<br \/>\n(Sylinderdiameter 140 mm \/ trykk 25 MPa)<\/div>\n<\/div>\n<\/div>\n<\/div>\n<h2><strong>Sementutstyr <\/strong><strong>Sylinderfabrikk:<\/strong><\/h2>\n<p><img loading=\"lazy\" decoding=\"async\" class=\"alignnone wp-image-1734 size-full\" src=\"https:\/\/hydraulic-cylinders.net\/wp-content\/uploads\/2023\/10\/cement-equipment-cylinder-1.webp\" alt=\"\" width=\"1418\" height=\"946\" srcset=\"https:\/\/hydraulic-cylinders.net\/wp-content\/uploads\/2023\/10\/cement-equipment-cylinder-1.webp 1418w, https:\/\/hydraulic-cylinders.net\/wp-content\/uploads\/2023\/10\/cement-equipment-cylinder-1-1280x854.webp 1280w, https:\/\/hydraulic-cylinders.net\/wp-content\/uploads\/2023\/10\/cement-equipment-cylinder-1-980x654.webp 980w, https:\/\/hydraulic-cylinders.net\/wp-content\/uploads\/2023\/10\/cement-equipment-cylinder-1-480x320.webp 480w\" sizes=\"(min-width: 0px) and (max-width: 480px) 480px, (min-width: 481px) and (max-width: 980px) 980px, (min-width: 981px) and (max-width: 1280px) 1280px, (min-width: 1281px) 1418px, 100vw\" \/><\/p>\n<h2><strong>Bruksmetode for sementutstyrsf\u00f4ringssylinder<\/strong><strong>:<\/strong><\/h2>\n<ol>\n<li><strong>Installasjon:<\/strong><\/li>\n<\/ol>\n<ul>\n<li>F\u00f8lg produsentens retningslinjer for \u00e5 installere sementutstyrets matesylinder sikkert i sementproduksjonsmaskineriet.<\/li>\n<li>S\u00f8rg for riktig justering, feste og integrering med f\u00f4ringssystemet.<\/li>\n<\/ul>\n<ol start=\"2\">\n<li><strong>Innstilling:<\/strong><\/li>\n<\/ol>\n<ul>\n<li>Juster sylinderens slaglengde i henhold til \u00f8nsket matevolum og -hastighet.<\/li>\n<li>Se produsentens instruksjoner for spesifikke justeringsmekanismer og innstillinger.<\/li>\n<\/ul>\n<ol start=\"3\">\n<li><strong>Materialbelastning:<\/strong><\/li>\n<\/ol>\n<ul>\n<li>Last de \u00f8nskede r\u00e5varene inn i f\u00f4ringssystemet, og s\u00f8rg for at de er riktig plassert for jevn og uavbrutt f\u00f4ring.<\/li>\n<li>Unng\u00e5 overbelastning av systemet, da det kan p\u00e5virke ytelsen og effektiviteten til sementutstyrets matesylinder negativt.<\/li>\n<\/ul>\n<ol start=\"4\">\n<li><strong>Aktivering og kontroll:<\/strong><\/li>\n<\/ol>\n<ul>\n<li>Aktiver matesystemet, og aktiver sementutstyrets matesylinder for \u00e5 starte materialstr\u00f8mmen.<\/li>\n<li>Bruk kontrollpanelet eller grensesnittet til \u00e5 regulere matingsprosessen, og juster slaglengden og hastigheten etter behov.<\/li>\n<\/ul>\n<h2><strong>Hvordan fungerer hydrauliske sylindere?<\/strong><\/h2>\n<p>Hydrauliske sylindere er mekaniske enheter som bruker kraften fra hydraulisk v\u00e6ske til \u00e5 generere kraft og legge til rette for line\u00e6r bevegelse. De brukes ofte i ulike applikasjoner, alt fra anleggsutstyr til industrimaskiner. Her er en forenklet forklaring p\u00e5 hvordan hydrauliske sylindere fungerer:<\/p>\n<ol>\n<li><strong>Grunnleggende komponenter:<\/strong>\n<ul>\n<li>Sylindersylinder: Det er hoveddelen av den hydrauliske sylinderen, som huser stempelet og andre interne komponenter.<\/li>\n<li>Stempel: En sylindrisk komponent som deler sylindersylinderen i to kamre.<\/li>\n<li>Stempelstang: Den er koblet til stempelet, strekker seg utenfor sylinderr\u00f8ret og overf\u00f8rer den genererte kraften.<\/li>\n<li>Tetninger: Disse forhindrer lekkasje av hydraulisk v\u00e6ske mellom stempelet og sylindersylinderen, og sikrer effektiv drift.<\/li>\n<\/ul>\n<\/li>\n<li><strong>Hydraulisk system:<\/strong>\n<ul>\n<li>Et hydraulisk system best\u00e5r av en hydraulisk pumpe, kontrollventiler og hydraulisk v\u00e6ske (vanligvis olje).<\/li>\n<li>Den hydrauliske pumpen setter v\u00e6sken under trykk, og skaper hydraulisk energi som kan brukes til \u00e5 generere kraft.<\/li>\n<\/ul>\n<\/li>\n<li><strong>To kamre:<\/strong>\n<ul>\n<li>Den hydrauliske sylinderen har to kamre: stangsiden (eller trykksiden) og motsatt side (eller retursiden).<\/li>\n<li>Stangsiden er koblet til den hydrauliske pumpen, mens den motsatte siden er koblet til et reservoar eller en returledning.<\/li>\n<\/ul>\n<\/li>\n<li><strong>Operasjon:<\/strong>\n<ul>\n<li>N\u00e5r hydraulisk v\u00e6ske pumpes inn i stangkammeret, legger det trykk p\u00e5 stempelet, slik at det beveger seg utover.<\/li>\n<li>N\u00e5r stempelet beveger seg, skyver det stempelstangen, og genererer en line\u00e6r kraft.<\/li>\n<li>Samtidig returnerer hydraulikkv\u00e6sken fra kammeret p\u00e5 motsatt side til reservoaret eller gjennom returledningen.<\/li>\n<\/ul>\n<\/li>\n<li><strong>Retningskontroll:<\/strong>\n<ul>\n<li>Bevegelsesretningen til den hydrauliske sylinderen kan styres ved hjelp av retningsventiler.<\/li>\n<li>Disse ventilene regulerer str\u00f8mmen av hydraulisk v\u00e6ske til riktig kammer, og bestemmer retningen p\u00e5 stempelbevegelsen.<\/li>\n<\/ul>\n<\/li>\n<li><strong>Kraft- og hastighetskontroll:<\/strong>\n<ul>\n<li>Kraften som genereres av den hydrauliske sylinderen avhenger av det hydrauliske trykket og stempelets effektive areal.<\/li>\n<li>Ved \u00e5 justere det hydrauliske trykket kan kraftuttaket kontrolleres.<\/li>\n<li>Hastigheten p\u00e5 sylinderens bevegelse kan reguleres ved \u00e5 justere str\u00f8mningshastigheten til hydraulisk v\u00e6ske inn i eller ut av sylinderen.<\/li>\n<\/ul>\n<\/li>\n<li><strong>Bruksomr\u00e5der:<\/strong>\n<ul>\n<li>Hydrauliske sylindere brukes i ulike applikasjoner som krever line\u00e6r kraft og bevegelse, for eksempel l\u00f8fting, skyving, trekking og b\u00f8ying.<\/li>\n<li>De finnes ofte i anleggsmaskiner, materialh\u00e5ndteringsmaskiner, produksjonssystemer og bilindustrien.<\/li>\n<\/ul>\n<\/li>\n<\/ol>\n<h2><strong>Fabrikkens kapasitet og kapasitet:<\/strong><\/h2>\n<h3>(1) Montering<\/h3>\n<p>Vi har en f\u00f8rsteklasses uavhengig forsknings- og utviklingsplattform for montering. Verkstedet for produksjon av hydrauliske sylindere har fire halvautomatiske monteringslinjer for l\u00f8ftesylindere og \u00e9n automatisk monteringslinje for vippesylindere, med en \u00e5rlig produksjonskapasitet p\u00e5 1 million enheter. Spesialsylinderverkstedet er utstyrt med ulike spesifikasjoner for et halvautomatisk rengj\u00f8ringsmonteringssystem med en \u00e5rlig produksjonskapasitet p\u00e5 200 000 enheter, og er utstyrt med kjent CNC-maskineringsutstyr, et maskineringssenter, spesialutstyr for h\u00f8ypresisjons sylinderbehandling, en robotsveisemaskin, en automatisk rengj\u00f8ringsmaskin, en automatisk sylindermonteringsmaskin og en automatisk produksjonslinje for lakkering. Vi har mer enn 300 sett (sett) av kritisk utstyr. Optimal allokering og effektiv bruk av utstyrsressurser sikrer n\u00f8yaktighetskravene til produktene og oppfyller produktenes h\u00f8ye kvalitetsbehov.<\/p>\n<p><img loading=\"lazy\" decoding=\"async\" class=\"alignnone wp-image-626\" src=\"https:\/\/hydraulic-cylinders.net\/wp-content\/uploads\/2023\/08\/hydraulic-cylinder-product-1-300x158.webp\" alt=\"\" width=\"495\" height=\"260\" srcset=\"https:\/\/hydraulic-cylinders.net\/wp-content\/uploads\/2023\/08\/hydraulic-cylinder-product-1-300x158.webp 495w, https:\/\/hydraulic-cylinders.net\/wp-content\/uploads\/2023\/08\/hydraulic-cylinder-product-1-480x252.webp 480w\" sizes=\"(min-width: 0px) and (max-width: 480px) 480px, (min-width: 481px) 495px, 100vw\" \/> <img loading=\"lazy\" decoding=\"async\" class=\"alignnone wp-image-627\" src=\"https:\/\/hydraulic-cylinders.net\/wp-content\/uploads\/2023\/08\/hydraulic-cylinder-product-2-300x189.webp\" alt=\"\" width=\"413\" height=\"260\" \/><\/p>\n<h3>(2) Maskinering<\/h3>\n<p>Maskineringsverkstedet er utstyrt med et spesialtilpasset dreiesenter for skr\u00e5 skinner, maskineringssenter, h\u00f8yhastighets honemaskin, sveiserobot og annet relatert utstyr, som kan h\u00e5ndtere bearbeiding av sylinderr\u00f8r med en maksimal indre diameter p\u00e5 400 mm og en maksimal lengde p\u00e5 6 meter.<\/p>\n<p><img loading=\"lazy\" decoding=\"async\" class=\"alignnone wp-image-628 size-large\" src=\"https:\/\/hydraulic-cylinders.net\/wp-content\/uploads\/2023\/08\/hydraulic-cylinder-product-3-1024x391.webp\" alt=\"\" width=\"1024\" height=\"391\" srcset=\"https:\/\/hydraulic-cylinders.net\/wp-content\/uploads\/2023\/08\/hydraulic-cylinder-product-3-980x374.webp 980w, https:\/\/hydraulic-cylinders.net\/wp-content\/uploads\/2023\/08\/hydraulic-cylinder-product-3-480x183.webp 480w\" sizes=\"(min-width: 0px) and (max-width: 480px) 480px, (min-width: 481px) and (max-width: 980px) 980px, (min-width: 981px) 1024px, 100vw\" \/><\/p>\n<h3>(3) Sveising<\/h3>\n<p><img loading=\"lazy\" decoding=\"async\" class=\"alignnone wp-image-629 size-large\" src=\"https:\/\/hydraulic-cylinders.net\/wp-content\/uploads\/2023\/08\/hydraulic-cylinder-product-4-1024x510.webp\" alt=\"\" width=\"1024\" height=\"510\" srcset=\"https:\/\/hydraulic-cylinders.net\/wp-content\/uploads\/2023\/08\/hydraulic-cylinder-product-4-980x488.webp 980w, https:\/\/hydraulic-cylinders.net\/wp-content\/uploads\/2023\/08\/hydraulic-cylinder-product-4-480x239.webp 480w\" sizes=\"(min-width: 0px) and (max-width: 480px) 480px, (min-width: 481px) and (max-width: 980px) 980px, (min-width: 981px) 1024px, 100vw\" \/><\/p>\n<h3>(4) Maling og belegg<\/h3>\n<p>Med sm\u00e5 og mellomstore sylinderautomatiske vannbaserte malingsbeleggslinjer, for \u00e5 oppn\u00e5 automatisk robotlasting og -lossing og automatisk spr\u00f8yting, er den designede kapasiteten 4000 stykker per skift;<br \/>\nVi har ogs\u00e5 en halvautomatisk produksjonslinje for maling for store sylindere drevet av en kabelkjede, med en designkapasitet p\u00e5 60 kasser per skift.<\/p>\n<p><img loading=\"lazy\" decoding=\"async\" class=\"alignnone wp-image-630\" src=\"https:\/\/hydraulic-cylinders.net\/wp-content\/uploads\/2023\/08\/hydraulic-cylinder-product-5-300x213.webp\" alt=\"\" width=\"366\" height=\"260\" \/> <img loading=\"lazy\" decoding=\"async\" class=\"alignnone wp-image-631\" src=\"https:\/\/hydraulic-cylinders.net\/wp-content\/uploads\/2023\/08\/hydraulic-cylinder-product-6-300x225.webp\" alt=\"\" width=\"347\" height=\"260\" \/><\/p>\n<h3>(5) Testing<\/h3>\n<p>Vi har f\u00f8rsteklasses inspeksjonsfasiliteter og testbenker for \u00e5 sikre at sylinderens ytelse oppfyller kravene.<\/p>\n<p><img loading=\"lazy\" decoding=\"async\" class=\"alignnone wp-image-632\" src=\"https:\/\/hydraulic-cylinders.net\/wp-content\/uploads\/2023\/08\/hydraulic-cylinder-product-8-300x200.webp\" alt=\"\" width=\"389\" height=\"260\" \/><\/p>\n<p>&nbsp;<\/p>\n<p>&nbsp;<\/p>\n<p>Vi er en av de beste produsentene av hydrauliske sylindere. Vi kan tilby et omfattende utvalg av hydrauliske sylindere. Vi tilbyr ogs\u00e5 tilsvarende <a href=\"https:\/\/hzpt.com\/agricultural-pto-gearbox\/\" target=\"_blank\" rel=\"noopener\">landbruksgirkasser<\/a>Vi har eksportert produktene v\u00e5re til kunder over hele verden og opparbeidet oss et godt rykte p\u00e5 grunn av v\u00e5r overlegne produktkvalitet og ettersalgsservice. Vi \u00f8nsker kunder i inn- og utland velkommen til \u00e5 kontakte oss for \u00e5 forhandle om forretninger, utveksle informasjon og <a href=\"https:\/\/www.hydraulic-cylinders.net\/nb\/contact-us\/\">samarbeide med oss<\/a>!<\/p>","protected":false},"excerpt":{"rendered":"<p>Cement Equipment Feeding Cylinder The cement equipment feeding cylinder is a vital component in cement production, specifically designed to enhance efficiency and precision during the feeding process. This specialized cylinder plays a crucial role in cement plants, enabling controlled and accurate feeding of raw materials into the cement manufacturing machinery. The cement equipment feeding cylinder [&hellip;]<\/p>","protected":false},"featured_media":1736,"comment_status":"open","ping_status":"closed","template":"","meta":{"_et_pb_use_builder":"","_et_pb_old_content":"","_et_gb_content_width":""},"product_brand":[],"product_cat":[1520,1549],"product_tag":[1380],"class_list":{"0":"post-1735","1":"product","2":"type-product","3":"status-publish","4":"has-post-thumbnail","6":"product_cat-concrete-equipment-hydraulic-cylinders","7":"product_cat-single-acting-hydraulic-cylinder","8":"product_tag-hydraulic-cylinder","10":"first","11":"instock","12":"shipping-taxable","13":"product-type-simple"},"amp_enabled":true,"_links":{"self":[{"href":"https:\/\/www.hydraulic-cylinders.net\/nb\/wp-json\/wp\/v2\/product\/1735","targetHints":{"allow":["GET"]}}],"collection":[{"href":"https:\/\/www.hydraulic-cylinders.net\/nb\/wp-json\/wp\/v2\/product"}],"about":[{"href":"https:\/\/www.hydraulic-cylinders.net\/nb\/wp-json\/wp\/v2\/types\/product"}],"replies":[{"embeddable":true,"href":"https:\/\/www.hydraulic-cylinders.net\/nb\/wp-json\/wp\/v2\/comments?post=1735"}],"wp:featuredmedia":[{"embeddable":true,"href":"https:\/\/www.hydraulic-cylinders.net\/nb\/wp-json\/wp\/v2\/media\/1736"}],"wp:attachment":[{"href":"https:\/\/www.hydraulic-cylinders.net\/nb\/wp-json\/wp\/v2\/media?parent=1735"}],"wp:term":[{"taxonomy":"product_brand","embeddable":true,"href":"https:\/\/www.hydraulic-cylinders.net\/nb\/wp-json\/wp\/v2\/product_brand?post=1735"},{"taxonomy":"product_cat","embeddable":true,"href":"https:\/\/www.hydraulic-cylinders.net\/nb\/wp-json\/wp\/v2\/product_cat?post=1735"},{"taxonomy":"product_tag","embeddable":true,"href":"https:\/\/www.hydraulic-cylinders.net\/nb\/wp-json\/wp\/v2\/product_tag?post=1735"}],"curies":[{"name":"wp","href":"https:\/\/api.w.org\/{rel}","templated":true}]}}