{"id":1742,"date":"2023-10-12T07:55:54","date_gmt":"2023-10-12T07:55:54","guid":{"rendered":"https:\/\/hydraulic-cylinders.net\/?post_type=product&#038;p=1742"},"modified":"2025-04-11T02:56:56","modified_gmt":"2025-04-11T02:56:56","slug":"injection-molding-machine-ejection-cylinder","status":"publish","type":"product","link":"https:\/\/www.hydraulic-cylinders.net\/nb\/produkt\/injection-molding-machine-ejection-cylinder\/","title":{"rendered":"Utkastningssylinder for spr\u00f8ytest\u00f8pemaskin"},"content":{"rendered":"<h1 style=\"text-align: center;\"><strong>Utkastningssylinder for spr\u00f8ytest\u00f8pemaskin<\/strong><\/h1>\n<p><img loading=\"lazy\" decoding=\"async\" class=\"wp-image-1744 aligncenter\" src=\"https:\/\/hydraulic-cylinders.net\/wp-content\/uploads\/2023\/10\/ejection-cylinder-1-300x300.webp\" alt=\"\" width=\"400\" height=\"400\" \/><\/p>\n<p>Utkastsylinderen til spr\u00f8ytest\u00f8pemaskinen er en viktig komponent i spr\u00f8ytest\u00f8peprosessen for plast, og er utviklet for \u00e5 forbedre effektivitet og presisjon ved \u00e5 legge til rette for utkasting av st\u00f8pte deler fra formhulrommet. Denne spesialiserte sylinderen spiller en avgj\u00f8rende rolle i den siste fasen av spr\u00f8ytest\u00f8pesyklusen, og sikrer jevn og effektiv fjerning av st\u00f8pte deler fra formen.<\/p>\n<p>Utkastsylinderen til spr\u00f8ytest\u00f8pemaskinen er en viktig komponent i spr\u00f8ytest\u00f8ping av plast, og muliggj\u00f8r effektiv og presis utkasting av st\u00f8pte deler fra formhulrommet. Denne sylinderen sikrer p\u00e5litelige og optimaliserte utkastingsprosesser med sin robuste konstruksjon, presise utkastingskontroll, raske drift og justerbare slaglengde. Ved \u00e5 f\u00f8lge anbefalte bruksmetoder og vedlikeholdspraksiser kan produsenter maksimere ytelsen og levetiden til utkastsylinderen til spr\u00f8ytest\u00f8pemaskinen, noe som til slutt forbedrer effektiviteten, presisjonen og den generelle kvaliteten p\u00e5 spr\u00f8ytest\u00f8peoperasjonene i plast.<\/p>\n<p>N\u00f8kkelegenskaper for utst\u00f8tingssylinder for spr\u00f8ytest\u00f8pemaskin:<\/p>\n<ol>\n<li>Robust konstruksjon:<\/li>\n<\/ol>\n<ul>\n<li>Utst\u00f8tingssylinderen til spr\u00f8ytest\u00f8pemaskinen er bygget med materialer av h\u00f8y kvalitet, noe som sikrer holdbarhet og lang levetid selv i krevende produksjonsmilj\u00f8er.<\/li>\n<li>Den er konstruert for \u00e5 t\u00e5le h\u00f8ye utst\u00f8tingskrefter og repeterende bevegelser, og opprettholder jevn ytelse over lengre bruksperioder.<\/li>\n<\/ul>\n<ol start=\"2\">\n<li>Presis utkastingskontroll:<\/li>\n<\/ol>\n<ul>\n<li>Denne sylinderen gir presis kontroll over utst\u00f8tingsprosessen, noe som muliggj\u00f8r n\u00f8yaktig og repeterbar utst\u00f8ting av st\u00f8pte deler.<\/li>\n<li>Det muliggj\u00f8r tilpasning av utst\u00f8tingshastighet, kraft og slaglengde, noe som sikrer optimal fjerning av deler uten \u00e5 for\u00e5rsake skade.<\/li>\n<\/ul>\n<ol start=\"3\">\n<li>Rask og effektiv drift:<\/li>\n<\/ol>\n<ul>\n<li>Utkastsylinderen til spr\u00f8ytest\u00f8pemaskinen muliggj\u00f8r raske utkastingssykluser, noe som minimerer produksjonstiden og \u00f8ker den totale produktiviteten.<\/li>\n<li>Det sikrer rask og p\u00e5litelig utst\u00f8ting av st\u00f8pte deler, noe som reduserer nedetid og muliggj\u00f8r raskere st\u00f8pesyklus.<\/li>\n<\/ul>\n<ol start=\"4\">\n<li>Justerbar slaglengde:<\/li>\n<\/ol>\n<ul>\n<li>Denne sylinderen tilbyr justerbar slaglengde for \u00e5 tilpasse seg formdesign og delst\u00f8rrelser.<\/li>\n<li>Det gir fleksibilitet i utkasting, og sikrer at delene kastes ut med passende avstand og klaring fra formen.<\/li>\n<\/ul>\n<h2><strong>Parameter for utst\u00f8tingssylinder for spr\u00f8ytest\u00f8pemaskin:<\/strong><\/h2>\n<table border=\"1\" cellspacing=\"0\" cellpadding=\"0\">\n<tbody>\n<tr>\n<td>Produktnavn<\/td>\n<td>Utkastningssylinder for spr\u00f8ytest\u00f8pemaskin<\/td>\n<\/tr>\n<tr>\n<td>Funksjoner:<\/td>\n<td>Kast ut produktet som dannes i formen<\/td>\n<\/tr>\n<tr>\n<td>Borediameter:<\/td>\n<td>\u00a090 mm\uff5e220 mm<\/td>\n<\/tr>\n<tr>\n<td>Stangdiameter:<\/td>\n<td>50 mm \uff5e140 mm<br \/>\nSlaglengde \u2264600 mm<\/td>\n<\/tr>\n<tr>\n<td>Skyvekraft:<\/td>\n<td>Maksimum 760 kN<br \/>\n(Boringsdiameter: 220 mm \/ trykk 10 MPa)<\/td>\n<\/tr>\n<tr>\n<td>Bruksomr\u00e5der:<\/td>\n<td>Spr\u00f8ytest\u00f8pemaskin<\/td>\n<\/tr>\n<\/tbody>\n<\/table>\n<div><\/div>\n<div>\n<div class=\"txtboxL\">\n<div class=\"txtboxL\">\n<div class=\"txtboxL\">\n<div class=\"txtboxL\">\n<div class=\"txtboxL\">Funksjoner:<\/div>\n<div class=\"txtboxR\">Kast ut produktet som dannes i formen<\/div>\n<div class=\"txtboxL\">Spesifikasjon:<\/div>\n<div class=\"txtboxR\">Borediameter: 90 mm ~ 220 mm<br \/>\nStangdiameter: 50 mm ~ 140 mm<br \/>\nSlaglengde \u2264600 mm<\/div>\n<div class=\"txtboxL\">Skyvekraft:<\/div>\n<div class=\"txtboxR\">Maksimum 760 kN<br \/>\n(Boringsdiameter: 220 mm \/ trykk 10 MPa)<\/div>\n<\/div>\n<\/div>\n<\/div>\n<\/div>\n<\/div>\n<h2><strong>Sementutstyr <\/strong><strong>Sylinderfabrikk:<\/strong><\/h2>\n<p><img loading=\"lazy\" decoding=\"async\" class=\"alignnone wp-image-1734 size-full\" src=\"https:\/\/hydraulic-cylinders.net\/wp-content\/uploads\/2023\/10\/cement-equipment-cylinder-1.webp\" alt=\"\" width=\"1418\" height=\"946\" srcset=\"https:\/\/hydraulic-cylinders.net\/wp-content\/uploads\/2023\/10\/cement-equipment-cylinder-1.webp 1418w, https:\/\/hydraulic-cylinders.net\/wp-content\/uploads\/2023\/10\/cement-equipment-cylinder-1-1280x854.webp 1280w, https:\/\/hydraulic-cylinders.net\/wp-content\/uploads\/2023\/10\/cement-equipment-cylinder-1-980x654.webp 980w, https:\/\/hydraulic-cylinders.net\/wp-content\/uploads\/2023\/10\/cement-equipment-cylinder-1-480x320.webp 480w\" sizes=\"(min-width: 0px) and (max-width: 480px) 480px, (min-width: 481px) and (max-width: 980px) 980px, (min-width: 981px) and (max-width: 1280px) 1280px, (min-width: 1281px) 1418px, 100vw\" \/><\/p>\n<h2><strong>Bruksmetode for utst\u00f8tingssylinder for spr\u00f8ytest\u00f8pemaskin<\/strong><strong>:<\/strong><\/h2>\n<ol>\n<li><strong>Installasjon:<\/strong><\/li>\n<\/ol>\n<ul>\n<li>F\u00f8lg produsentens retningslinjer for \u00e5 montere utst\u00f8tingssylinderen til spr\u00f8ytest\u00f8pemaskinen sikkert p\u00e5 spr\u00f8ytest\u00f8pemaskinen.<\/li>\n<li>S\u00f8rg for riktig justering og feste til maskinens utkastingsenhet, slik at utkastingsprosessen g\u00e5r problemfritt.<\/li>\n<\/ul>\n<ol start=\"2\">\n<li><strong>Justering av utkastingsparametere:<\/strong><\/li>\n<\/ol>\n<ul>\n<li>Bruk maskinens kontrollpanel eller grensesnitt til \u00e5 justere utkastingsparametere, for eksempel hastighet, kraft og slaglengde.<\/li>\n<li>Se maskinens bruksanvisning for spesifikke retningslinjer for innstilling av riktige parametere basert p\u00e5 delspesifikasjonene og formkravene.<\/li>\n<\/ul>\n<ol start=\"3\">\n<li><strong>Formforberedelse:<\/strong><\/li>\n<\/ol>\n<ul>\n<li>Sett opp formen i spr\u00f8ytest\u00f8pemaskinen, og s\u00f8rg for riktig justering og fastspenning.<\/li>\n<li>Fest utst\u00f8tingskomponentene, for eksempel utst\u00f8terpinner eller utst\u00f8terplater, til formen, for \u00e5 sikre sikker og p\u00e5litelig utst\u00f8ting.<\/li>\n<\/ul>\n<ol start=\"4\">\n<li><strong>Utkastingsprosess:<\/strong><\/li>\n<\/ol>\n<ul>\n<li>Start utst\u00f8tingsprosessen ved \u00e5 aktivere spr\u00f8ytest\u00f8pemaskinen.<\/li>\n<li>Utst\u00f8tingssylinderen til spr\u00f8ytest\u00f8pemaskinen forlenger raskt utst\u00f8tingskomponentene og skyver de st\u00f8pte delene ut av formhulrommet.<\/li>\n<li>S\u00f8rg for at utkastningsslagets lengde er justert for \u00e5 kaste ut delene med \u00f8nsket klaring og uten \u00e5 for\u00e5rsake skade.<\/li>\n<\/ul>\n<h2><strong>Hvordan fungerer en hydraulisk sylinder?<\/strong><\/h2>\n<p>En hydraulisk sylinder er en mekanisk enhet som bruker hydraulisk v\u00e6ske til \u00e5 generere kraft og legge til rette for line\u00e6r bevegelse. Den fungerer ved \u00e5 overf\u00f8re trykk gjennom en lukket v\u00e6ske for \u00e5 produsere mekanisk effekt. Her er en forenklet forklaring p\u00e5 hvordan en hydraulisk sylinder fungerer:<\/p>\n<ol>\n<li><strong>Grunnleggende komponenter:<\/strong>\n<ul>\n<li>Sylindersylinder: Hoveddelen av den hydrauliske sylinderen huser stempelet og andre interne komponenter.<\/li>\n<li>Stempel: En sylindrisk komponent som deler sylindersylinderen i to kamre.<\/li>\n<li>Stempelstang: Den er koblet til stempelet, strekker seg utenfor sylinderr\u00f8ret og overf\u00f8rer den genererte kraften.<\/li>\n<li>Tetninger forhindrer lekkasje av hydraulisk v\u00e6ske mellom stempelet og sylindersylinderen, noe som sikrer effektiv drift.<\/li>\n<\/ul>\n<\/li>\n<li><strong>Hydraulisk system:<\/strong>\n<ul>\n<li>Det hydrauliske systemet best\u00e5r av en pumpe, kontrollventiler, hydraulisk v\u00e6ske (vanligvis olje) og tilkoblingsr\u00f8r.<\/li>\n<li>Den hydrauliske pumpen setter v\u00e6sken under trykk, og skaper hydraulisk energi som kan brukes til \u00e5 generere kraft.<\/li>\n<\/ul>\n<\/li>\n<li><strong>To kamre:<\/strong>\n<ul>\n<li>Den hydrauliske sylinderen har to kamre: stangsiden (eller trykksiden) og motsatt side (eller retursiden).<\/li>\n<li>Stangsiden er koblet til den hydrauliske pumpen, mens den motsatte er koblet til et reservoar eller en returledning.<\/li>\n<\/ul>\n<\/li>\n<li><strong>Operasjon:<\/strong>\n<ul>\n<li>N\u00e5r den pumpes inn i stangens sidekammer, legger hydraulikkv\u00e6sken trykk p\u00e5 stempelet, slik at det beveger seg utover.<\/li>\n<li>N\u00e5r stempelet beveger seg, skyver det stangen, og genererer line\u00e6r kraft.<\/li>\n<li>Samtidig returnerer hydraulikkv\u00e6sken fra kammeret p\u00e5 motsatt side til reservoaret eller gjennom returledningen.<\/li>\n<\/ul>\n<\/li>\n<li><strong>Retningskontroll:<\/strong>\n<ul>\n<li>Bevegelsesretningen til den hydrauliske sylinderen styres ved hjelp av retningsventiler.<\/li>\n<li>Disse ventilene regulerer str\u00f8mmen av hydraulisk v\u00e6ske til riktig kammer, og bestemmer retningen p\u00e5 stempelbevegelsen.<\/li>\n<\/ul>\n<\/li>\n<li><strong>Kraft- og hastighetskontroll:<\/strong>\n<ul>\n<li>Kraften som genereres av den hydrauliske sylinderen avhenger av det hydrauliske trykket og stempelets effektive areal.<\/li>\n<li>Ved \u00e5 justere det hydrauliske trykket kan kraftuttaket kontrolleres.<\/li>\n<li>Hastigheten p\u00e5 sylinderens bevegelse kan reguleres ved \u00e5 justere str\u00f8mningshastigheten til hydraulisk v\u00e6ske inn i eller ut av sylinderen.<\/li>\n<\/ul>\n<\/li>\n<li><strong>Bruksomr\u00e5der:<\/strong>\n<ul>\n<li>Hydrauliske sylindere brukes i ulike applikasjoner som krever line\u00e6r kraft og bevegelse, for eksempel anleggsutstyr, materialh\u00e5ndteringsmaskiner, produksjonssystemer og kj\u00f8ret\u00f8y.<\/li>\n<li>De brukes ofte i l\u00f8fte-, skyve-, trekke-, b\u00f8ye- og posisjoneringsapplikasjoner.<\/li>\n<\/ul>\n<\/li>\n<\/ol>\n<h2><strong>Fabrikkens kapasitet og kapasitet:<\/strong><\/h2>\n<h3>(1) Montering<\/h3>\n<p>Vi har en f\u00f8rsteklasses uavhengig forsknings- og utviklingsplattform for montering. Verkstedet for produksjon av hydrauliske sylindere har fire halvautomatiske monteringslinjer for l\u00f8ftesylindere og \u00e9n automatisk monteringslinje for vippesylindere, med en \u00e5rlig produksjonskapasitet p\u00e5 1 million enheter. Spesialsylinderverkstedet er utstyrt med ulike spesifikasjoner for et halvautomatisk rengj\u00f8ringsmonteringssystem med en \u00e5rlig produksjonskapasitet p\u00e5 200 000 enheter, og er utstyrt med kjent CNC-maskineringsutstyr, et maskineringssenter, spesialutstyr for h\u00f8ypresisjons sylinderbehandling, en robotsveisemaskin, en automatisk rengj\u00f8ringsmaskin, en automatisk sylindermonteringsmaskin og en automatisk produksjonslinje for lakkering. Vi har mer enn 300 sett (sett) av kritisk utstyr. Optimal allokering og effektiv bruk av utstyrsressurser sikrer n\u00f8yaktighetskravene til produktene og oppfyller produktenes h\u00f8ye kvalitetsbehov.<\/p>\n<p><img loading=\"lazy\" decoding=\"async\" class=\"alignnone wp-image-626\" src=\"https:\/\/hydraulic-cylinders.net\/wp-content\/uploads\/2023\/08\/hydraulic-cylinder-product-1-300x158.webp\" alt=\"\" width=\"495\" height=\"260\" srcset=\"https:\/\/hydraulic-cylinders.net\/wp-content\/uploads\/2023\/08\/hydraulic-cylinder-product-1-300x158.webp 495w, https:\/\/hydraulic-cylinders.net\/wp-content\/uploads\/2023\/08\/hydraulic-cylinder-product-1-480x252.webp 480w\" sizes=\"(min-width: 0px) and (max-width: 480px) 480px, (min-width: 481px) 495px, 100vw\" \/> <img loading=\"lazy\" decoding=\"async\" class=\"alignnone wp-image-627\" src=\"https:\/\/hydraulic-cylinders.net\/wp-content\/uploads\/2023\/08\/hydraulic-cylinder-product-2-300x189.webp\" alt=\"\" width=\"413\" height=\"260\" \/><\/p>\n<h3>(2) Maskinering<\/h3>\n<p>Maskineringsverkstedet er utstyrt med et spesialtilpasset dreiesenter for skr\u00e5 skinner, maskineringssenter, h\u00f8yhastighets honemaskin, sveiserobot og annet relatert utstyr, som kan h\u00e5ndtere bearbeiding av sylinderr\u00f8r med en maksimal indre diameter p\u00e5 400 mm og en maksimal lengde p\u00e5 6 meter.<\/p>\n<p><img loading=\"lazy\" decoding=\"async\" class=\"alignnone wp-image-628 size-large\" src=\"https:\/\/hydraulic-cylinders.net\/wp-content\/uploads\/2023\/08\/hydraulic-cylinder-product-3-1024x391.webp\" alt=\"\" width=\"1024\" height=\"391\" srcset=\"https:\/\/hydraulic-cylinders.net\/wp-content\/uploads\/2023\/08\/hydraulic-cylinder-product-3-980x374.webp 980w, https:\/\/hydraulic-cylinders.net\/wp-content\/uploads\/2023\/08\/hydraulic-cylinder-product-3-480x183.webp 480w\" sizes=\"(min-width: 0px) and (max-width: 480px) 480px, (min-width: 481px) and (max-width: 980px) 980px, (min-width: 981px) 1024px, 100vw\" \/><\/p>\n<h3>(3) Sveising<\/h3>\n<p><img loading=\"lazy\" decoding=\"async\" class=\"alignnone wp-image-629 size-large\" src=\"https:\/\/hydraulic-cylinders.net\/wp-content\/uploads\/2023\/08\/hydraulic-cylinder-product-4-1024x510.webp\" alt=\"\" width=\"1024\" height=\"510\" srcset=\"https:\/\/hydraulic-cylinders.net\/wp-content\/uploads\/2023\/08\/hydraulic-cylinder-product-4-980x488.webp 980w, https:\/\/hydraulic-cylinders.net\/wp-content\/uploads\/2023\/08\/hydraulic-cylinder-product-4-480x239.webp 480w\" sizes=\"(min-width: 0px) and (max-width: 480px) 480px, (min-width: 481px) and (max-width: 980px) 980px, (min-width: 981px) 1024px, 100vw\" \/><\/p>\n<h3>(4) Maling og belegg<\/h3>\n<p>Med sm\u00e5 og mellomstore sylinderautomatiske vannbaserte malingsbeleggslinjer, for \u00e5 oppn\u00e5 automatisk robotlasting og -lossing og automatisk spr\u00f8yting, er den designede kapasiteten 4000 stykker per skift;<br \/>\nVi har ogs\u00e5 en halvautomatisk produksjonslinje for maling for store sylindere drevet av en kabelkjede, med en designkapasitet p\u00e5 60 kasser per skift.<\/p>\n<p><img loading=\"lazy\" decoding=\"async\" class=\"alignnone wp-image-630\" src=\"https:\/\/hydraulic-cylinders.net\/wp-content\/uploads\/2023\/08\/hydraulic-cylinder-product-5-300x213.webp\" alt=\"\" width=\"366\" height=\"260\" \/> <img loading=\"lazy\" decoding=\"async\" class=\"alignnone wp-image-631\" src=\"https:\/\/hydraulic-cylinders.net\/wp-content\/uploads\/2023\/08\/hydraulic-cylinder-product-6-300x225.webp\" alt=\"\" width=\"347\" height=\"260\" \/><\/p>\n<h3>(5) Testing<\/h3>\n<p>Vi har f\u00f8rsteklasses inspeksjonsfasiliteter og testbenker for \u00e5 sikre at sylinderens ytelse oppfyller kravene.<\/p>\n<p><img loading=\"lazy\" decoding=\"async\" class=\"alignnone wp-image-632\" src=\"https:\/\/hydraulic-cylinders.net\/wp-content\/uploads\/2023\/08\/hydraulic-cylinder-product-8-300x200.webp\" alt=\"\" width=\"389\" height=\"260\" \/><\/p>\n<p>&nbsp;<\/p>\n<p>&nbsp;<\/p>\n<p>Vi er en av de beste produsentene av hydrauliske sylindere. Vi kan tilby et omfattende utvalg av hydrauliske sylindere. Vi tilbyr ogs\u00e5 tilsvarende <a href=\"https:\/\/hzpt.com\/agricultural-pto-gearbox\/\" target=\"_blank\" rel=\"noopener\">landbruksgirkasser<\/a>Vi har eksportert produktene v\u00e5re til kunder over hele verden og opparbeidet oss et godt rykte p\u00e5 grunn av v\u00e5r overlegne produktkvalitet og ettersalgsservice. Vi \u00f8nsker kunder i inn- og utland velkommen til \u00e5 kontakte oss for \u00e5 forhandle om forretninger, utveksle informasjon og <a href=\"https:\/\/www.hydraulic-cylinders.net\/nb\/contact-us\/\">samarbeide med oss<\/a>!<\/p>","protected":false},"excerpt":{"rendered":"<p>Injection Molding Machine Ejection Cylinder The injection molding machine ejection cylinder is a vital component in the plastic injection molding process, designed to improve efficiency and precision by facilitating the ejection of molded parts from the mold cavity. This specialized cylinder plays a crucial role in the final stage of the injection molding cycle, ensuring [&hellip;]<\/p>","protected":false},"featured_media":1745,"comment_status":"open","ping_status":"closed","template":"","meta":{"_et_pb_use_builder":"","_et_pb_old_content":"","_et_gb_content_width":""},"product_brand":[],"product_cat":[1523,1549,1376],"product_tag":[1380],"class_list":{"0":"post-1742","1":"product","2":"type-product","3":"status-publish","4":"has-post-thumbnail","6":"product_cat-injection-molding-hydraulic-cylinders","7":"product_cat-single-acting-hydraulic-cylinder","8":"product_cat-hydraulic-cylinder","9":"product_tag-hydraulic-cylinder","11":"first","12":"instock","13":"shipping-taxable","14":"product-type-simple"},"amp_enabled":true,"_links":{"self":[{"href":"https:\/\/www.hydraulic-cylinders.net\/nb\/wp-json\/wp\/v2\/product\/1742","targetHints":{"allow":["GET"]}}],"collection":[{"href":"https:\/\/www.hydraulic-cylinders.net\/nb\/wp-json\/wp\/v2\/product"}],"about":[{"href":"https:\/\/www.hydraulic-cylinders.net\/nb\/wp-json\/wp\/v2\/types\/product"}],"replies":[{"embeddable":true,"href":"https:\/\/www.hydraulic-cylinders.net\/nb\/wp-json\/wp\/v2\/comments?post=1742"}],"wp:featuredmedia":[{"embeddable":true,"href":"https:\/\/www.hydraulic-cylinders.net\/nb\/wp-json\/wp\/v2\/media\/1745"}],"wp:attachment":[{"href":"https:\/\/www.hydraulic-cylinders.net\/nb\/wp-json\/wp\/v2\/media?parent=1742"}],"wp:term":[{"taxonomy":"product_brand","embeddable":true,"href":"https:\/\/www.hydraulic-cylinders.net\/nb\/wp-json\/wp\/v2\/product_brand?post=1742"},{"taxonomy":"product_cat","embeddable":true,"href":"https:\/\/www.hydraulic-cylinders.net\/nb\/wp-json\/wp\/v2\/product_cat?post=1742"},{"taxonomy":"product_tag","embeddable":true,"href":"https:\/\/www.hydraulic-cylinders.net\/nb\/wp-json\/wp\/v2\/product_tag?post=1742"}],"curies":[{"name":"wp","href":"https:\/\/api.w.org\/{rel}","templated":true}]}}