{"id":1749,"date":"2023-10-12T08:32:32","date_gmt":"2023-10-12T08:32:32","guid":{"rendered":"https:\/\/hydraulic-cylinders.net\/?post_type=product&#038;p=1749"},"modified":"2025-04-11T03:49:34","modified_gmt":"2025-04-11T03:49:34","slug":"injection-molding-machine-reciprocating-cylinder","status":"publish","type":"product","link":"https:\/\/www.hydraulic-cylinders.net\/nb\/produkt\/injection-molding-machine-reciprocating-cylinder\/","title":{"rendered":"Spr\u00f8ytest\u00f8pemaskin Stempelg\u00e5ende sylinder"},"content":{"rendered":"<h1 style=\"text-align: center;\"><strong>Spr\u00f8ytest\u00f8pemaskin Stempelg\u00e5ende sylinder<\/strong><\/h1>\n<p><img loading=\"lazy\" decoding=\"async\" class=\"aligncenter wp-image-1750\" src=\"https:\/\/hydraulic-cylinders.net\/wp-content\/uploads\/2023\/10\/reciprocating-cylinder-1-300x300.webp\" alt=\"\" width=\"400\" height=\"400\" \/><\/p>\n<p>Spr\u00f8ytest\u00f8pemaskinens frem- og tilbakeg\u00e5ende sylinder er en avgj\u00f8rende komponent i spr\u00f8ytest\u00f8peprosessen for plast. Denne spesialiserte sylinderen er utformet for \u00e5 legge til rette for den frem- og tilbakeg\u00e5ende bevegelsen til injeksjonsenheten, noe som er viktig for \u00e5 sikre presis og effektiv produksjon.<\/p>\n<p>Spr\u00f8ytest\u00f8pemaskinens frem- og tilbakeg\u00e5ende sylinder er en kritisk komponent i plastspr\u00f8ytest\u00f8ping, som muliggj\u00f8r injeksjonsenhetens presise og effektive frem- og tilbakeg\u00e5ende bevegelse. Denne sylinderen sikrer p\u00e5litelige og optimaliserte bevegelser av injeksjonsenheten med sin robuste konstruksjon, spesielle frem- og tilbakeg\u00e5ende bevegelse, raske drift og justerbare slaglengde og kraft. Ved \u00e5 f\u00f8lge anbefalte bruksmetoder og vedlikeholdspraksis kan produsenter maksimere spr\u00f8ytest\u00f8pemaskinens frem- og tilbakeg\u00e5ende sylinders ytelse og levetid, noe som til slutt forbedrer presisjonen, effektiviteten og den generelle kvaliteten p\u00e5 plastspr\u00f8ytest\u00f8peoperasjonene.<\/p>\n<p>Viktige egenskaper ved spr\u00f8ytest\u00f8pemaskinens frem- og tilbakeg\u00e5ende sylinder:<\/p>\n<ol>\n<li>Robust konstruksjon:<\/li>\n<\/ol>\n<ul>\n<li>Spr\u00f8ytest\u00f8pemaskinens frem- og tilbakeg\u00e5ende sylinder er konstruert med materialer av h\u00f8y kvalitet, noe som sikrer holdbarhet og lang levetid selv i krevende produksjonsmilj\u00f8er.<\/li>\n<li>Den er konstruert for \u00e5 t\u00e5le h\u00f8ye krefter og repeterende bevegelser, og opprettholder jevn ytelse over lengre bruksperioder.<\/li>\n<\/ul>\n<ol start=\"2\">\n<li>Presis frem- og tilbakeg\u00e5ende bevegelse:<\/li>\n<\/ol>\n<ul>\n<li>Denne sylinderen gir presis kontroll over injeksjonsenhetens frem- og tilbakeg\u00e5ende bevegelse, noe som sikrer n\u00f8yaktig posisjonering og justering.<\/li>\n<li>Det muliggj\u00f8r tilpasning av frem- og tilbakeg\u00e5ende hastighet, noe som gir optimaliserte produksjonssykluser og minimerer delfeil.<\/li>\n<\/ul>\n<ol start=\"3\">\n<li>Rask og effektiv drift:<\/li>\n<\/ol>\n<ul>\n<li>Den frem- og tilbakeg\u00e5ende sylinderen p\u00e5 spr\u00f8ytest\u00f8pemaskinen muliggj\u00f8r raske frem- og tilbakeg\u00e5ende bevegelser, noe som reduserer produksjonstiden og \u00f8ker den totale produktiviteten.<\/li>\n<li>Det sikrer rask og p\u00e5litelig bevegelse av injeksjonsenheten, noe som muliggj\u00f8r raskere injeksjonssykluser og maksimerer produksjonsutbyttet.<\/li>\n<\/ul>\n<ol start=\"4\">\n<li>Justerbar slaglengde og kraft:<\/li>\n<\/ol>\n<ul>\n<li>Denne sylinderen tilbyr justerbar slaglengde og kraft for \u00e5 im\u00f8tekomme forskjellige injeksjonsenhetsst\u00f8rrelser og delkrav.<\/li>\n<li>Det gir fleksibilitet i driften av injeksjonsenheten, og sikrer optimal mykgj\u00f8ring og injeksjon uten \u00e5 for\u00e5rsake skade.<\/li>\n<\/ul>\n<h2><strong>Parameter for spr\u00f8ytest\u00f8pemaskin med gjengjeldende sylinder:<\/strong><\/h2>\n<table border=\"1\" cellspacing=\"0\" cellpadding=\"0\">\n<tbody>\n<tr>\n<td>Produktnavn<\/td>\n<td>Spr\u00f8ytest\u00f8pemaskin Stempelg\u00e5ende sylinder<\/td>\n<\/tr>\n<tr>\n<td>Funksjoner:<\/td>\n<td>Rask formskifting, ogs\u00e5 kalt formskiftesylinder<\/td>\n<\/tr>\n<tr>\n<td>Borediameter:<\/td>\n<td>\u00a063 mm\uff5e180 mm<\/td>\n<\/tr>\n<tr>\n<td>Stangdiameter:<\/td>\n<td>\u00a045 mm \uff5e125 mm<br \/>\nSlaglengde \u22644000 mm<\/td>\n<\/tr>\n<tr>\n<td>Skyvekraft:<\/td>\n<td>Maksimum 407 kN<br \/>\n(Boringsdiameter: 180 mm \/ trykk 16 MPa)<\/td>\n<\/tr>\n<tr>\n<td>Bruksomr\u00e5der:<\/td>\n<td>Spr\u00f8ytest\u00f8pemaskin<\/td>\n<\/tr>\n<\/tbody>\n<\/table>\n<div><\/div>\n<div>\n<div class=\"txtboxL\">\n<div class=\"txtboxL\">\n<div class=\"txtboxL\">\n<div class=\"txtboxL\">\n<div class=\"txtboxL\">\n<div class=\"txtboxL\">\n<div class=\"txtboxL\">Funksjoner:<\/div>\n<div class=\"txtboxR\">Rask formskifting, ogs\u00e5 kalt formskiftesylinder<\/div>\n<div class=\"txtboxL\">Spesifikasjon:<\/div>\n<div class=\"txtboxR\">Borediameter: 63 mm ~ 180 mm<br \/>\nStangdiameter: 45 mm ~ 125 mm<br \/>\nSlaglengde \u22644000 mm<\/div>\n<div class=\"txtboxL\">Skyvekraft:<\/div>\n<div class=\"txtboxR\">Maksimum 407 kN<br \/>\n(Boringsdiameter: 180 mm \/ trykk 16 MPa)<\/div>\n<\/div>\n<\/div>\n<\/div>\n<\/div>\n<\/div>\n<\/div>\n<\/div>\n<h2><strong>Sementutstyr <\/strong><strong>Sylinderfabrikk:<\/strong><\/h2>\n<p><img loading=\"lazy\" decoding=\"async\" class=\"alignnone wp-image-1734 size-full\" src=\"https:\/\/hydraulic-cylinders.net\/wp-content\/uploads\/2023\/10\/cement-equipment-cylinder-1.webp\" alt=\"\" width=\"1418\" height=\"946\" srcset=\"https:\/\/hydraulic-cylinders.net\/wp-content\/uploads\/2023\/10\/cement-equipment-cylinder-1.webp 1418w, https:\/\/hydraulic-cylinders.net\/wp-content\/uploads\/2023\/10\/cement-equipment-cylinder-1-1280x854.webp 1280w, https:\/\/hydraulic-cylinders.net\/wp-content\/uploads\/2023\/10\/cement-equipment-cylinder-1-980x654.webp 980w, https:\/\/hydraulic-cylinders.net\/wp-content\/uploads\/2023\/10\/cement-equipment-cylinder-1-480x320.webp 480w\" sizes=\"(min-width: 0px) and (max-width: 480px) 480px, (min-width: 481px) and (max-width: 980px) 980px, (min-width: 981px) and (max-width: 1280px) 1280px, (min-width: 1281px) 1418px, 100vw\" \/><\/p>\n<h2><strong>Bruksmetode for spr\u00f8ytest\u00f8pemaskinens frem- og tilbakeg\u00e5ende sylinder<\/strong><strong>:<\/strong><\/h2>\n<ol>\n<li><strong>Installasjon:<\/strong><\/li>\n<\/ol>\n<ul>\n<li>F\u00f8lg produsentens retningslinjer for \u00e5 montere spr\u00f8ytest\u00f8pemaskinens frem- og tilbakeg\u00e5ende sylinder sikkert p\u00e5 maskinen.<\/li>\n<li>S\u00f8rg for riktig justering og feste til maskinens frem- og tilbakeg\u00e5ende mekanisme, slik at st\u00f8pingen g\u00e5r jevnt.<\/li>\n<\/ul>\n<ol start=\"2\">\n<li><strong>Justering av frem- og tilbakeg\u00e5ende parametere:<\/strong><\/li>\n<\/ol>\n<ul>\n<li>Bruk maskinens kontrollpanel eller grensesnitt til \u00e5 justere frem- og tilbakeg\u00e5ende parametere som hastighet, slaglengde og kraft.<\/li>\n<li>Se maskinens bruksanvisning for spesifikke retningslinjer for innstilling av riktige parametere basert p\u00e5 injeksjonsenhetens design og delspesifikasjoner.<\/li>\n<\/ul>\n<ol start=\"3\">\n<li><strong>Formforberedelse:<\/strong><\/li>\n<\/ol>\n<ul>\n<li>Sett opp formen i injeksjonsmaskinen, og s\u00f8rg for riktig justering og fastspenning.<\/li>\n<li>Fest injeksjonsenheten til formen, og s\u00f8rg for en sikker og p\u00e5litelig forbindelse som muliggj\u00f8r presis plastifisering og injeksjon.<\/li>\n<\/ul>\n<ol start=\"4\">\n<li><strong>Gjengjeldende bevegelse:<\/strong><\/li>\n<\/ol>\n<ul>\n<li>Start st\u00f8peprosessen ved \u00e5 aktivere spr\u00f8ytest\u00f8pemaskinen.<\/li>\n<li>Den frem- og tilbakeg\u00e5ende sylinderen p\u00e5 spr\u00f8ytest\u00f8pemaskinen styrer den frem- og tilbakeg\u00e5ende bevegelsen til injeksjonsenheten, og sikrer presise og jevne bevegelser.<\/li>\n<li>S\u00f8rg for at slaglengden og kraften er justert for \u00e5 oppn\u00e5 \u00f8nsket frem- og tilbakeg\u00e5ende bevegelse uten \u00e5 for\u00e5rsake skade.<\/li>\n<\/ul>\n<h2><strong>Hvordan gjenoppbygge en hydraulisk sylinder?<\/strong><\/h2>\n<ol>\n<li><strong>Demontering:<\/strong>\n<ul>\n<li>Begynn med \u00e5 fjerne den hydrauliske sylinderen fra utstyret eller maskineriet.<\/li>\n<li>Koble forsiktig fra alle hydrauliske ledninger eller koblinger som er festet til sylinderen.<\/li>\n<li>V\u00e6r oppmerksom p\u00e5 sylinderens retning og posisjon for montering igjen.<\/li>\n<\/ul>\n<\/li>\n<li><strong>T\u00f8m v\u00e6ske:<\/strong>\n<ul>\n<li>Plasser en passende beholder under sylinderen for \u00e5 samle opp eventuell gjenv\u00e6rende hydraulikkv\u00e6ske.<\/li>\n<li>Trekk sylinderen helt ut eller inn for \u00e5 la v\u00e6sken renne helt ut.<\/li>\n<\/ul>\n<\/li>\n<li><strong>Fjern endehettene:<\/strong>\n<ul>\n<li>Finn endehettene p\u00e5 sylinderen.<\/li>\n<li>Avhengig av sylinderdesignet, kan det hende du m\u00e5 fjerne festebolter, l\u00e5seringer eller andre festemidler for \u00e5 l\u00f8sne endehettene.<\/li>\n<li>Bank forsiktig p\u00e5 endehettene med en gummihammer hvis de sitter fast, og v\u00e6r forsiktig s\u00e5 du ikke skader noen komponenter.<\/li>\n<\/ul>\n<\/li>\n<li><strong>Trekk ut stempel og stang:<\/strong>\n<ul>\n<li>N\u00e5r endehettene er fjernet, skyv forsiktig ut stempel- og stangenheten.<\/li>\n<li>V\u00e6r oppmerksom p\u00e5 retningen og plasseringen av tetninger, lagre og andre komponenter.<\/li>\n<\/ul>\n<\/li>\n<li><strong>Inspiser komponenter:<\/strong>\n<ul>\n<li>Unders\u00f8k alle komponenter grundig for slitasje, skade eller tegn p\u00e5 lekkasje.<\/li>\n<li>Sjekk stempel, stang, sylinderboring, pakninger, lagre og andre deler for eventuelle problemer som kan kreve utskifting.<\/li>\n<\/ul>\n<\/li>\n<li><strong>Skift ut pakninger og komponenter:<\/strong>\n<ul>\n<li>Bytt ut slitte eller skadede pakninger, lagre eller andre komponenter med nye som er kompatible med sylinderen.<\/li>\n<li>S\u00f8rg for riktig sm\u00f8ring av tetninger og komponenter f\u00f8r installasjon.<\/li>\n<\/ul>\n<\/li>\n<li><strong>Montering:<\/strong>\n<ul>\n<li>Sett stempel- og stangenheten forsiktig tilbake i sylinderboringen.<\/li>\n<li>P\u00e5f\u00f8r et passende monteringssm\u00f8remiddel for \u00e5 hjelpe til med monteringsprosessen.<\/li>\n<li>Juster endehettene og monter eventuelle n\u00f8dvendige festemidler, og s\u00f8rg for at riktige momentspesifikasjoner f\u00f8lges.<\/li>\n<\/ul>\n<\/li>\n<li><strong>Test og installer p\u00e5 nytt:<\/strong>\n<ul>\n<li>N\u00e5r sylinderen er montert igjen, utf\u00f8r en grundig inspeksjon for \u00e5 sikre at alle komponenter er riktig installert og justert.<\/li>\n<li>Koble til igjen eventuelle hydrauliske ledninger eller beslag som ble frakoblet under demonteringsprosessen.<\/li>\n<li>Test den ombygde hydrauliske sylinderen for riktig drift og lekkasje.<\/li>\n<li>Hvis sylinderen fungerer som den skal, m\u00e5 den monteres p\u00e5 nytt i utstyret eller maskineriet.<\/li>\n<\/ul>\n<\/li>\n<\/ol>\n<h2><strong>Fabrikkens kapasitet og kapasitet:<\/strong><\/h2>\n<h3>(1) Montering<\/h3>\n<p>Vi har en f\u00f8rsteklasses uavhengig forsknings- og utviklingsplattform for montering. Verkstedet for produksjon av hydrauliske sylindere har fire halvautomatiske monteringslinjer for l\u00f8ftesylindere og \u00e9n automatisk monteringslinje for vippesylindere, med en \u00e5rlig produksjonskapasitet p\u00e5 1 million enheter. Spesialsylinderverkstedet er utstyrt med ulike spesifikasjoner for et halvautomatisk rengj\u00f8ringsmonteringssystem med en \u00e5rlig produksjonskapasitet p\u00e5 200 000 enheter, og er utstyrt med kjent CNC-maskineringsutstyr, et maskineringssenter, spesialutstyr for h\u00f8ypresisjons sylinderbehandling, en robotsveisemaskin, en automatisk rengj\u00f8ringsmaskin, en automatisk sylindermonteringsmaskin og en automatisk produksjonslinje for lakkering. Vi har mer enn 300 sett (sett) av kritisk utstyr. Optimal allokering og effektiv bruk av utstyrsressurser sikrer n\u00f8yaktighetskravene til produktene og oppfyller produktenes h\u00f8ye kvalitetsbehov.<\/p>\n<p><img loading=\"lazy\" decoding=\"async\" class=\"alignnone wp-image-626\" src=\"https:\/\/hydraulic-cylinders.net\/wp-content\/uploads\/2023\/08\/hydraulic-cylinder-product-1-300x158.webp\" alt=\"\" width=\"495\" height=\"260\" srcset=\"https:\/\/hydraulic-cylinders.net\/wp-content\/uploads\/2023\/08\/hydraulic-cylinder-product-1-300x158.webp 495w, https:\/\/hydraulic-cylinders.net\/wp-content\/uploads\/2023\/08\/hydraulic-cylinder-product-1-480x252.webp 480w\" sizes=\"(min-width: 0px) and (max-width: 480px) 480px, (min-width: 481px) 495px, 100vw\" \/> <img loading=\"lazy\" decoding=\"async\" class=\"alignnone wp-image-627\" src=\"https:\/\/hydraulic-cylinders.net\/wp-content\/uploads\/2023\/08\/hydraulic-cylinder-product-2-300x189.webp\" alt=\"\" width=\"413\" height=\"260\" \/><\/p>\n<h3>(2) Maskinering<\/h3>\n<p>Maskineringsverkstedet er utstyrt med et spesialtilpasset dreiesenter for skr\u00e5 skinner, maskineringssenter, h\u00f8yhastighets honemaskin, sveiserobot og annet relatert utstyr, som kan h\u00e5ndtere bearbeiding av sylinderr\u00f8r med en maksimal indre diameter p\u00e5 400 mm og en maksimal lengde p\u00e5 6 meter.<\/p>\n<p><img loading=\"lazy\" decoding=\"async\" class=\"alignnone wp-image-628 size-large\" src=\"https:\/\/hydraulic-cylinders.net\/wp-content\/uploads\/2023\/08\/hydraulic-cylinder-product-3-1024x391.webp\" alt=\"\" width=\"1024\" height=\"391\" srcset=\"https:\/\/hydraulic-cylinders.net\/wp-content\/uploads\/2023\/08\/hydraulic-cylinder-product-3-980x374.webp 980w, https:\/\/hydraulic-cylinders.net\/wp-content\/uploads\/2023\/08\/hydraulic-cylinder-product-3-480x183.webp 480w\" sizes=\"(min-width: 0px) and (max-width: 480px) 480px, (min-width: 481px) and (max-width: 980px) 980px, (min-width: 981px) 1024px, 100vw\" \/><\/p>\n<h3>(3) Sveising<\/h3>\n<p><img loading=\"lazy\" decoding=\"async\" class=\"alignnone wp-image-629 size-large\" src=\"https:\/\/hydraulic-cylinders.net\/wp-content\/uploads\/2023\/08\/hydraulic-cylinder-product-4-1024x510.webp\" alt=\"\" width=\"1024\" height=\"510\" srcset=\"https:\/\/hydraulic-cylinders.net\/wp-content\/uploads\/2023\/08\/hydraulic-cylinder-product-4-980x488.webp 980w, https:\/\/hydraulic-cylinders.net\/wp-content\/uploads\/2023\/08\/hydraulic-cylinder-product-4-480x239.webp 480w\" sizes=\"(min-width: 0px) and (max-width: 480px) 480px, (min-width: 481px) and (max-width: 980px) 980px, (min-width: 981px) 1024px, 100vw\" \/><\/p>\n<h3>(4) Maling og belegg<\/h3>\n<p>Med sm\u00e5 og mellomstore sylinderautomatiske vannbaserte malingsbeleggslinjer, for \u00e5 oppn\u00e5 automatisk robotlasting og -lossing og automatisk spr\u00f8yting, er den designede kapasiteten 4000 stykker per skift;<br \/>\nVi har ogs\u00e5 en halvautomatisk produksjonslinje for maling for store sylindere drevet av en kabelkjede, med en designkapasitet p\u00e5 60 kasser per skift.<\/p>\n<p><img loading=\"lazy\" decoding=\"async\" class=\"alignnone wp-image-630\" src=\"https:\/\/hydraulic-cylinders.net\/wp-content\/uploads\/2023\/08\/hydraulic-cylinder-product-5-300x213.webp\" alt=\"\" width=\"366\" height=\"260\" \/> <img loading=\"lazy\" decoding=\"async\" class=\"alignnone wp-image-631\" src=\"https:\/\/hydraulic-cylinders.net\/wp-content\/uploads\/2023\/08\/hydraulic-cylinder-product-6-300x225.webp\" alt=\"\" width=\"347\" height=\"260\" \/><\/p>\n<h3>(5) Testing<\/h3>\n<p>Vi har f\u00f8rsteklasses inspeksjonsfasiliteter og testbenker for \u00e5 sikre at sylinderens ytelse oppfyller kravene.<\/p>\n<p><img loading=\"lazy\" decoding=\"async\" class=\"alignnone wp-image-632\" src=\"https:\/\/hydraulic-cylinders.net\/wp-content\/uploads\/2023\/08\/hydraulic-cylinder-product-8-300x200.webp\" alt=\"\" width=\"389\" height=\"260\" \/><\/p>\n<p>&nbsp;<\/p>\n<p>&nbsp;<\/p>\n<p>Vi er en av de beste produsentene av hydrauliske sylindere. Vi kan tilby et omfattende utvalg av hydrauliske sylindere. Vi tilbyr ogs\u00e5 tilsvarende <a href=\"https:\/\/hzpt.com\/agricultural-pto-gearbox\/\" target=\"_blank\" rel=\"noopener\">landbruksgirkasser<\/a>Vi har eksportert produktene v\u00e5re til kunder over hele verden og opparbeidet oss et godt rykte p\u00e5 grunn av v\u00e5r overlegne produktkvalitet og ettersalgsservice. Vi \u00f8nsker kunder i inn- og utland velkommen til \u00e5 kontakte oss for \u00e5 forhandle om forretninger, utveksle informasjon og <a href=\"https:\/\/www.hydraulic-cylinders.net\/nb\/contact-us\/\">samarbeide med oss<\/a>!<\/p>","protected":false},"excerpt":{"rendered":"<p>Injection Molding Machine Reciprocating Cylinder The injection molding machine reciprocating cylinder is a crucial component in the plastic injection molding process. This specialized cylinder is designed to facilitate the reciprocating movement of the injection unit, which is vital in ensuring precise and efficient production. The injection molding machine reciprocating cylinder is a critical component in [&hellip;]<\/p>","protected":false},"featured_media":1751,"comment_status":"open","ping_status":"closed","template":"","meta":{"_et_pb_use_builder":"","_et_pb_old_content":"","_et_gb_content_width":""},"product_brand":[],"product_cat":[1550,1523,1376],"product_tag":[1380],"class_list":{"0":"post-1749","1":"product","2":"type-product","3":"status-publish","4":"has-post-thumbnail","6":"product_cat-double-acting-hydraulic-cylinder","7":"product_cat-injection-molding-hydraulic-cylinders","8":"product_cat-hydraulic-cylinder","9":"product_tag-hydraulic-cylinder","11":"first","12":"instock","13":"shipping-taxable","14":"product-type-simple"},"amp_enabled":true,"_links":{"self":[{"href":"https:\/\/www.hydraulic-cylinders.net\/nb\/wp-json\/wp\/v2\/product\/1749","targetHints":{"allow":["GET"]}}],"collection":[{"href":"https:\/\/www.hydraulic-cylinders.net\/nb\/wp-json\/wp\/v2\/product"}],"about":[{"href":"https:\/\/www.hydraulic-cylinders.net\/nb\/wp-json\/wp\/v2\/types\/product"}],"replies":[{"embeddable":true,"href":"https:\/\/www.hydraulic-cylinders.net\/nb\/wp-json\/wp\/v2\/comments?post=1749"}],"wp:featuredmedia":[{"embeddable":true,"href":"https:\/\/www.hydraulic-cylinders.net\/nb\/wp-json\/wp\/v2\/media\/1751"}],"wp:attachment":[{"href":"https:\/\/www.hydraulic-cylinders.net\/nb\/wp-json\/wp\/v2\/media?parent=1749"}],"wp:term":[{"taxonomy":"product_brand","embeddable":true,"href":"https:\/\/www.hydraulic-cylinders.net\/nb\/wp-json\/wp\/v2\/product_brand?post=1749"},{"taxonomy":"product_cat","embeddable":true,"href":"https:\/\/www.hydraulic-cylinders.net\/nb\/wp-json\/wp\/v2\/product_cat?post=1749"},{"taxonomy":"product_tag","embeddable":true,"href":"https:\/\/www.hydraulic-cylinders.net\/nb\/wp-json\/wp\/v2\/product_tag?post=1749"}],"curies":[{"name":"wp","href":"https:\/\/api.w.org\/{rel}","templated":true}]}}