{"id":17554,"date":"2025-03-17T07:34:13","date_gmt":"2025-03-17T07:34:13","guid":{"rendered":"https:\/\/www.hydraulic-cylinders.net\/?post_type=product&#038;p=17554"},"modified":"2025-04-11T03:15:35","modified_gmt":"2025-04-11T03:15:35","slug":"side-shift-hydraulic-cylinders-for-small-forklift","status":"publish","type":"product","link":"https:\/\/www.hydraulic-cylinders.net\/nb\/produkt\/side-shift-hydraulic-cylinders-for-small-forklift\/","title":{"rendered":"Sideforskyvningshydraliske sylindere for liten gaffeltruck"},"content":{"rendered":"<h1 style=\"text-align: center;\"><strong>Sideforskyvningshydraliske sylindere for sm\u00e5 gaffeltrucker<\/strong><\/h1>\n<p><img loading=\"lazy\" decoding=\"async\" class=\"aligncenter wp-image-17556\" src=\"https:\/\/www.hydraulic-cylinders.net\/wp-content\/uploads\/2025\/03\/side-shift-hydraulic-cylinders-for-small-toongae-forklift.webp\" alt=\"Hydraulisk sylinder for sideforskyvning for sm\u00e5 gaffeltrucker\" width=\"500\" height=\"500\" srcset=\"https:\/\/www.hydraulic-cylinders.net\/wp-content\/uploads\/2025\/03\/side-shift-hydraulic-cylinders-for-small-toongae-forklift.webp 500w, https:\/\/www.hydraulic-cylinders.net\/wp-content\/uploads\/2025\/03\/side-shift-hydraulic-cylinders-for-small-toongae-forklift-480x480.webp 480w\" sizes=\"(min-width: 0px) and (max-width: 480px) 480px, (min-width: 481px) 500px, 100vw\" \/><\/p>\n<p>V\u00e5re hydrauliske sylindere for sideforskyvning er konstruert for \u00e5 gi presis sideveis lastposisjonering, noe som gj\u00f8r dem ideelle for sm\u00e5 gaffeltrucker som opererer i trange rom. Med en robust design og enkel installasjon forbedrer disse sylinderene effektiviteten og sikkerheten i materialh\u00e5ndteringsoppgaver.<\/p>\n<p><span class=\"break-words bg-yellow-50\">Hydrauliske sylindere for sideforskyvning er uunnv\u00e6rlige for \u00e5 forbedre funksjonaliteten og ytelsen til sm\u00e5 gaffeltrucker.<\/span>\u00a0<span class=\"break-words bg-yellow-50\">Disse spesialiserte delene forenkler horisontal bevegelse av last, slik at operat\u00f8rer kan posisjonere varer n\u00f8yaktig uten \u00e5 m\u00e5tte flytte gaffeltrucken.<\/span>\u00a0<span class=\"break-words bg-yellow-50\">Denne funksjonen er spesielt fordelaktig p\u00e5 trange steder, og forenkler materialh\u00e5ndteringsoppgaver og \u00f8ker den generelle effektiviteten.<\/span><\/p>\n<p><span class=\"break-words bg-yellow-50\">For sm\u00e5 gaffeltrucker representerer hydrauliske sylindere for sideforskyvning et betydelig fremskritt, som forbedrer b\u00e5de effektivitet og sikkerhet betraktelig.<\/span>\u00a0<span class=\"break-words bg-yellow-50\">Deres evne til \u00e5 sikre n\u00f8yaktig lastplassering og forbedret man\u00f8vrerbarhet gj\u00f8r dem til en viktig forbedring for ethvert gaffeltrucksystem.<\/span>\u00a0<span class=\"break-words\">Ved \u00e5 f\u00f8lge regelmessige vedlikeholdsrutiner og riktig driftspraksis kan brukerne sikre at disse hydrauliske delene opprettholder stabil og p\u00e5litelig ytelse, noe som resulterer i h\u00f8yere produktivitet og f\u00e6rre avbrudd.<\/span>\u00a0<span class=\"break-words\">\u00c5 velge hydrauliske sylindere for sideforskyvning er et strategisk trekk for \u00e5 forbedre gaffeltruckoperasjonene dine.<\/span><\/p>\n<h2><strong>Liten gaffeltruck hydraulisk sylinderserie:\u00a0<\/strong><\/h2>\n<h2><img loading=\"lazy\" decoding=\"async\" class=\"aligncenter wp-image-17558 size-full\" src=\"https:\/\/www.hydraulic-cylinders.net\/wp-content\/uploads\/2025\/03\/forklift-hydraulic-cylinder-construction.webp\" alt=\"liten gaffeltruck hydraulisk sylinder\" width=\"640\" height=\"358\" srcset=\"https:\/\/www.hydraulic-cylinders.net\/wp-content\/uploads\/2025\/03\/forklift-hydraulic-cylinder-construction.webp 640w, https:\/\/www.hydraulic-cylinders.net\/wp-content\/uploads\/2025\/03\/forklift-hydraulic-cylinder-construction-480x269.webp 480w\" sizes=\"(min-width: 0px) and (max-width: 480px) 480px, (min-width: 481px) 640px, 100vw\" \/><\/h2>\n<h2><strong>Sideforskyvningshydraliske sylindere for liten gaffeltruck <\/strong><strong>Tekniske spesifikasjoner<\/strong><strong>:<\/strong><\/h2>\n<p><strong>Funksjon:<\/strong> Brukes for \u00e5 oppn\u00e5 total venstre og h\u00f8yre bevegelse av gaffelen<br \/>\n<strong>Sylinderdiameter:<\/strong> 50 mm<br \/>\n<strong>Stangdiameter:<\/strong> 25 mm<br \/>\n<strong>Reise:<\/strong> 200 mm<br \/>\n<strong>Maksimalt trykk i mpa:<\/strong> 17,5 MPa<br \/>\n<strong>Maksimal skyvekraft KN:<\/strong> 34 kn<\/p>\n<h2><strong>Viktige funksjoner i <\/strong><strong>Sideforskyvningshydraliske sylindere for liten gaffeltruck<\/strong><strong>:<\/strong><\/h2>\n<h3><strong>1. Presisjonskontroll<\/strong><\/h3>\n<p><strong>Utvidet innhold<\/strong>:<br \/>\nV\u00e5re hydrauliske sylindere for gaffeltrucker er konstruert for \u00e5 levere <strong>h\u00f8y presisjon<\/strong>\u00a0i lastposisjonering. Enten du jobber i smale lagerganger eller trange byggeplasser, lar disse sylindrene operat\u00f8rene\u00a0<strong>juster lasten sidelengs<\/strong>\u00a0uten behov for \u00e5 flytte hele gaffeltrucken. Denne funksjonen sparer ikke bare tid, men minimerer ogs\u00e5 risikoen for produktskade for\u00e5rsaket av un\u00f8dvendige bevegelser. Med jevne og responsive kontroller kan operat\u00f8rer oppn\u00e5\u00a0<strong>presisjon p\u00e5 millimeterniv\u00e5<\/strong>, slik at hver last plasseres n\u00f8yaktig der den skal v\u00e6re.<\/p>\n<h3><strong>2. Slitesterk konstruksjon<\/strong><\/h3>\n<p><strong>Utvidet innhold<\/strong>:<br \/>\nV\u00e5re hydrauliske sideforskyvningssylindere er konstruert for \u00e5 t\u00e5le de t\u00f8ffeste arbeidsforholdene.\u00a0<strong>materialer av h\u00f8y kvalitet<\/strong>, inkludert forsterket st\u00e5l og korrosjonsbestandige belegg. Hver sylinder gjennomg\u00e5r grundige tester for \u00e5 sikre at den t\u00e5ler\u00a0<strong>tunge lass<\/strong>\u00a0og\u00a0<strong>hyppig bruk<\/strong>\u00a0uten at det g\u00e5r p\u00e5 bekostning av ytelsen. Den robuste designen sikrer en\u00a0<strong>lang levetid<\/strong>, selv i krevende milj\u00f8er som byggeplasser eller produksjonsanlegg.<\/p>\n<h3><strong>3. Enkel installasjon<\/strong><\/h3>\n<p><strong>Utvidet innhold<\/strong>:<br \/>\nV\u00e5re hydrauliske sideforskyvningssylindere er designet med brukervennlighet i tankene,\u00a0<strong>fullt kompatibel<\/strong> med sm\u00e5 gaffeltrucker. Installasjonsprosessen er enkel og krever <strong>minimalt med verkt\u00f8y og nedetid<\/strong>Detaljerte instruksjoner og forh\u00e5ndsborede monteringspunkter gj\u00f8r det enkelt for teknikere \u00e5 sette opp sylindrene raskt, slik at gaffeltrucken din er tilbake i drift p\u00e5 kort tid. I tillegg er v\u00e5re hydrauliske sylindere for gaffeltrucker designet for \u00e5 integreres s\u00f8ml\u00f8st med eksisterende hydrauliske systemer, noe som eliminerer behovet for kostbare modifikasjoner.<\/p>\n<h3><strong>4. Sikkerhetsfunksjoner<\/strong><\/h3>\n<p><strong>Utvidet innhold<\/strong>:<br \/>\nSikkerhet er en topprioritet innen materialh\u00e5ndtering, og v\u00e5re hydrauliske sideforskyvningssylindere er designet for \u00e5 forbedre begge deler.\u00a0<strong>operat\u00f8rsikkerhet<\/strong>\u00a0og\u00a0<strong>effektivitet p\u00e5 arbeidsplassen<\/strong>Ved \u00e5 muliggj\u00f8re presis sideveis bevegelse reduserer disse sylindrene behovet for risikable man\u00f8vrer i trange rom, noe som reduserer risikoen for ulykker betydelig. Den ergonomiske designen minimerer ogs\u00e5\u00a0<strong>operat\u00f8rtretthet<\/strong>, noe som gir lengre og mer produktive skift. Videre er sylindrene utstyrt med\u00a0<strong>sikkerhetsventiler<\/strong>\u00a0for \u00e5 forhindre overbelastning og sikre stabil drift under tung belastning.<\/p>\n<h3><strong>5. Kostnadseffektiv<\/strong><\/h3>\n<p><strong>Utvidet innhold<\/strong>:<br \/>\nV\u00e5re hydrauliske sideforskyvningssylindere er konstruert for \u00e5 v\u00e6re\u00a0<strong>lite vedlikeholdskrevende<\/strong>\u00a0og\u00a0<strong>sv\u00e6rt p\u00e5litelig<\/strong>, noe som hjelper deg med \u00e5 spare driftskostnader over tid. Bruken av f\u00f8rsteklasses materialer og avanserte produksjonsteknikker sikrer at sylindrene krever\u00a0<strong>minimalt vedlikehold<\/strong>, mens holdbarheten reduserer hyppigheten av utskiftinger. I tillegg kan den forbedrede effektiviteten og presisjonen de gir f\u00f8re til\u00a0<strong>betydelige kostnadsbesparelser<\/strong>\u00a0innen arbeidskraft og materialh\u00e5ndtering. Ved \u00e5 investere i sylinderene v\u00e5re kj\u00f8per du ikke bare et produkt \u2013 du investerer i\u00a0<strong>langsiktig driftseffektivitet<\/strong>.<\/p>\n<h2><strong>Sideforskyvningshydraliske sylindere for liten gaffeltruck <\/strong><strong>Brukstilfeller:<\/strong><\/h2>\n<p><img loading=\"lazy\" decoding=\"async\" class=\"alignnone wp-image-17572 size-full\" src=\"https:\/\/www.hydraulic-cylinders.net\/wp-content\/uploads\/2025\/03\/Side-shift-cylinder-in-action-on-a-small-Toongae-forklift.webp\" alt=\"Sideforskyvningssylinder i aksjon p\u00e5 en liten gaffeltruck\" width=\"2320\" height=\"1340\" srcset=\"https:\/\/www.hydraulic-cylinders.net\/wp-content\/uploads\/2025\/03\/Side-shift-cylinder-in-action-on-a-small-Toongae-forklift.webp 2320w, https:\/\/www.hydraulic-cylinders.net\/wp-content\/uploads\/2025\/03\/Side-shift-cylinder-in-action-on-a-small-Toongae-forklift-1280x739.webp 1280w, https:\/\/www.hydraulic-cylinders.net\/wp-content\/uploads\/2025\/03\/Side-shift-cylinder-in-action-on-a-small-Toongae-forklift-980x566.webp 980w, https:\/\/www.hydraulic-cylinders.net\/wp-content\/uploads\/2025\/03\/Side-shift-cylinder-in-action-on-a-small-Toongae-forklift-480x277.webp 480w\" sizes=\"(min-width: 0px) and (max-width: 480px) 480px, (min-width: 481px) and (max-width: 980px) 980px, (min-width: 981px) and (max-width: 1280px) 1280px, (min-width: 1281px) 2320px, 100vw\" \/><\/p>\n<ul>\n<li><strong>Lagerhold<\/strong>Perfekt for smale ganger og lagring med h\u00f8y tetthet.<\/li>\n<li><strong>Konstruksjon<\/strong>Ideell for presis materialplassering p\u00e5 arbeidsplasser.<\/li>\n<li><strong>Produksjon<\/strong>Forbedrer effektiviteten i samleb\u00e5ndsoperasjoner.<\/li>\n<\/ul>\n<h3><strong>Hvordan fungerer hydrauliske sylindere med sideforskyvning?<\/strong><\/h3>\n<p>Hydrauliske sideforskyvningssylindere fungerer ved hjelp av <strong>hydraulisk trykk<\/strong>\u00a0\u00e5 bevege gaffeltruckens vogn sidelengs. N\u00e5r f\u00f8reren aktiverer kontrollspaken, pumpes hydraulisk v\u00e6ske inn i sylinderen, som skyver stempelet og f\u00e5r vognen til \u00e5 forskyves til venstre eller h\u00f8yre. Denne sidelengsbevegelsen muliggj\u00f8r\u00a0<strong>presis lastposisjonering<\/strong>\u00a0uten \u00e5 m\u00e5tte flytte hele gaffeltrucken. Systemet er designet for \u00e5 v\u00e6re\u00a0<strong>smidig og responsiv<\/strong>, noe som sikrer minimal innsats fra operat\u00f8ren samtidig som n\u00f8yaktigheten maksimeres.<\/p>\n<p><strong>N\u00f8kkelkomponenter<\/strong>:<\/p>\n<ul>\n<li><strong>Sylinderfat<\/strong>: Inneholder stempelet og hydraulikkv\u00e6sken.<\/li>\n<li><strong>Stempelstang<\/strong>Overf\u00f8rer kraft for \u00e5 bevege vognen.<\/li>\n<li><strong>Hydrauliske tetninger<\/strong>Forhindre v\u00e6skelekkasje og s\u00f8rg for effektiv drift.<\/li>\n<li><strong>Kontrollventil<\/strong>Regulerer str\u00f8mmen av hydraulisk v\u00e6ske for presis bevegelse.<\/li>\n<\/ul>\n<h2><strong>Produksjonsomr\u00e5de for gaffeltrucksylindere:<\/strong><\/h2>\n<h2><img loading=\"lazy\" decoding=\"async\" class=\"alignnone size-full wp-image-16972\" src=\"https:\/\/www.hydraulic-cylinders.net\/wp-content\/uploads\/2025\/01\/hydraulic-cylinder-factory-1-scaled.webp\" alt=\"\" width=\"2016\" height=\"2560\" srcset=\"https:\/\/www.hydraulic-cylinders.net\/wp-content\/uploads\/2025\/01\/hydraulic-cylinder-factory-1-scaled.webp 2016w, https:\/\/www.hydraulic-cylinders.net\/wp-content\/uploads\/2025\/01\/hydraulic-cylinder-factory-1-1280x1625.webp 1280w, https:\/\/www.hydraulic-cylinders.net\/wp-content\/uploads\/2025\/01\/hydraulic-cylinder-factory-1-980x1244.webp 980w, https:\/\/www.hydraulic-cylinders.net\/wp-content\/uploads\/2025\/01\/hydraulic-cylinder-factory-1-480x610.webp 480w\" sizes=\"(min-width: 0px) and (max-width: 480px) 480px, (min-width: 481px) and (max-width: 980px) 980px, (min-width: 981px) and (max-width: 1280px) 1280px, (min-width: 1281px) 2016px, 100vw\" \/><\/h2>\n<p>Vi har en f\u00f8rsteklasses uavhengig FoU-plattform for montering. Produksjonsverkstedet for gaffeltrucksylindere har fire halvautomatiske monteringslinjer for l\u00f8ftesylindere og en helautomatisk monteringslinje for vippesylindere med en \u00e5rlig produksjonskapasitet p\u00e5 millioner av enheter. Spesialsylinderverkstedet har halvautomatiske rengj\u00f8rings- og monteringssystemer med ulike spesifikasjoner med en \u00e5rlig produksjonskapasitet p\u00e5 200 000 enheter. Det er utstyrt med CNC-maskineringsutstyr fra kjente merker, maskineringssentre, spesialutstyr for h\u00f8ypresisjons sylinderbehandling, robotsveisemaskiner, automatiske rengj\u00f8ringsmaskiner, automatiske sylindermonteringsmaskiner og automatiske produksjonslinjer for maling. Vi har mer enn 300 sett med n\u00f8kkelutstyr i drift. Optimalisert allokering og effektiv utnyttelse av utstyrsressurser sikrer presisjonskravene til produktene og oppfyller de h\u00f8ye kvalitetskravene til produktene.<\/p>\n<p>Maskineringsverkstedet er utstyrt med spesiallagde dreiesentre for tiltf\u00f8ringsskinne, maskineringssentre, h\u00f8yhastighets honemaskiner, sveiseroboter og annet relevant utstyr, som kan h\u00e5ndtere maskinering av sylinderr\u00f8r med en maks. ID p\u00e5 400 mm og en maks. lengde p\u00e5 6 meter.<\/p>\n<h2><img loading=\"lazy\" decoding=\"async\" class=\"alignnone size-full wp-image-16973\" src=\"https:\/\/www.hydraulic-cylinders.net\/wp-content\/uploads\/2025\/01\/hydraulic-cylinder-factory-2-scaled.webp\" alt=\"\" width=\"2011\" height=\"2560\" srcset=\"https:\/\/www.hydraulic-cylinders.net\/wp-content\/uploads\/2025\/01\/hydraulic-cylinder-factory-2-scaled.webp 2011w, https:\/\/www.hydraulic-cylinders.net\/wp-content\/uploads\/2025\/01\/hydraulic-cylinder-factory-2-1280x1629.webp 1280w, https:\/\/www.hydraulic-cylinders.net\/wp-content\/uploads\/2025\/01\/hydraulic-cylinder-factory-2-980x1248.webp 980w, https:\/\/www.hydraulic-cylinders.net\/wp-content\/uploads\/2025\/01\/hydraulic-cylinder-factory-2-480x611.webp 480w\" sizes=\"(min-width: 0px) and (max-width: 480px) 480px, (min-width: 481px) and (max-width: 980px) 980px, (min-width: 981px) and (max-width: 1280px) 1280px, (min-width: 1281px) 2011px, 100vw\" \/><\/h2>\n<p>Vi har en helautomatisk vannbasert malingslinje for sm\u00e5 og mellomstore sylindere, som realiserer automatisk lasting og lossing og automatiske spr\u00f8yteroboter med en konstruert produksjonskapasitet p\u00e5 4000 plasser per skift. Vi har en annen halvautomatisk malelinje for store sylindere drevet av en kabelkjede, og den konstruerte kapasiteten er 60 kasser per skift.<\/p>\n<p>For \u00e5 forbedre produktets ytelse ytterligere og etablere den ledende posisjonen til v\u00e5re hydrauliske sylindere i bransjen, etablerte selskapet v\u00e5rt og zjimee i fellesskap et omfattende ytelseslaboratorium for hydrauliske sylindere, hydrauliske ventiler og hydrauliske pumper. Laboratoriet utf\u00f8rer dataassistert testing ved hjelp av elektrohydraulisk teknologi, testforholdene forh\u00e5ndsinnstilles av en datamaskin som forbedrer testn\u00f8yaktigheten og systemets allsidighet, samt de eksperimentelle dataene.<\/p>\n<p>Den automatiske innsamlingen realiseres ved bruk av sensorer, og utdataene, som intern lekkasje og lasteffektivitet for sylinderen eller ventilen, behandles direkte av datamaskinen og konverteres til standardenheter (ml\/min%). Samtidig, for \u00e5 sikre det hydrauliske systemets driftssikkerhet, utf\u00f8res tilstandsoverv\u00e5kingsfunksjonen for viktige ytelsesparametere som \"oljetemperaturoverv\u00e5king, v\u00e6skeniv\u00e5overv\u00e5king, filterenhetsoverv\u00e5king\" osv. Blant disse kan teststativet for hydrauliske sylindere teste ytelsen til \"lasten\".<br \/>\neffektivitet \u00abog\u00bb intern lekkasje\u00bb ved avlesninger. Samtidig er den utstyrt med et gitterlinjalm\u00e5leinstrument som oppfyller kravene til alle testelementer for hydrauliske sylinderprodukter i henhold til nasjonal standard.<\/p>\n<h3><strong>FAQ-seksjon:<\/strong><\/h3>\n<p><strong>Sp\u00f8rsm\u00e5l: Er disse sylindrene kompatible med alle gaffeltruckmodeller?<\/strong><br \/>\nA: Ja, de er spesielt utviklet for sm\u00e5 gaffeltrucker. Vennligst sjekk modellnummeret for kompatibilitet.<\/p>\n<p><strong>Sp\u00f8rsm\u00e5l: Hva er garantiperioden?<\/strong><br \/>\nA: Vi tilbyr 2 \u00e5rs garanti p\u00e5 alle hydrauliske sylindere for sideforskyvning.<\/p>\n<p><strong>Sp\u00f8rsm\u00e5l: Kan jeg montere sylinderen selv?<\/strong><br \/>\nA: Ja, sylinderene leveres med en brukervennlig installasjonsveiledning. Profesjonell installasjon anbefales imidlertid for optimal ytelse.<\/p>","protected":false},"excerpt":{"rendered":"<p>Side Shift Hydraulic Cylinders For Small Forklifts Our side shift hydraulic cylinders are engineered to provide precise lateral load positioning, making them ideal for small forklifts operating in confined spaces. With a robust design and easy installation, these cylinders enhance efficiency and safety in material handling tasks. Side shift hydraulic cylinders are indispensable for enhancing [&hellip;]<\/p>","protected":false},"featured_media":17557,"comment_status":"open","ping_status":"closed","template":"","meta":{"_et_pb_use_builder":"","_et_pb_old_content":"","_et_gb_content_width":""},"product_brand":[],"product_cat":[1484,1550],"product_tag":[],"class_list":{"0":"post-17554","1":"product","2":"type-product","3":"status-publish","4":"has-post-thumbnail","6":"product_cat-forklift-hydraulic-cylinders","7":"product_cat-double-acting-hydraulic-cylinder","9":"first","10":"instock","11":"shipping-taxable","12":"product-type-simple"},"amp_enabled":true,"_links":{"self":[{"href":"https:\/\/www.hydraulic-cylinders.net\/nb\/wp-json\/wp\/v2\/product\/17554","targetHints":{"allow":["GET"]}}],"collection":[{"href":"https:\/\/www.hydraulic-cylinders.net\/nb\/wp-json\/wp\/v2\/product"}],"about":[{"href":"https:\/\/www.hydraulic-cylinders.net\/nb\/wp-json\/wp\/v2\/types\/product"}],"replies":[{"embeddable":true,"href":"https:\/\/www.hydraulic-cylinders.net\/nb\/wp-json\/wp\/v2\/comments?post=17554"}],"wp:featuredmedia":[{"embeddable":true,"href":"https:\/\/www.hydraulic-cylinders.net\/nb\/wp-json\/wp\/v2\/media\/17557"}],"wp:attachment":[{"href":"https:\/\/www.hydraulic-cylinders.net\/nb\/wp-json\/wp\/v2\/media?parent=17554"}],"wp:term":[{"taxonomy":"product_brand","embeddable":true,"href":"https:\/\/www.hydraulic-cylinders.net\/nb\/wp-json\/wp\/v2\/product_brand?post=17554"},{"taxonomy":"product_cat","embeddable":true,"href":"https:\/\/www.hydraulic-cylinders.net\/nb\/wp-json\/wp\/v2\/product_cat?post=17554"},{"taxonomy":"product_tag","embeddable":true,"href":"https:\/\/www.hydraulic-cylinders.net\/nb\/wp-json\/wp\/v2\/product_tag?post=17554"}],"curies":[{"name":"wp","href":"https:\/\/api.w.org\/{rel}","templated":true}]}}