{"id":1758,"date":"2023-10-13T03:29:58","date_gmt":"2023-10-13T03:29:58","guid":{"rendered":"https:\/\/hydraulic-cylinders.net\/?post_type=product&#038;p=1758"},"modified":"2025-04-15T05:55:27","modified_gmt":"2025-04-15T05:55:27","slug":"cutter-suction-dredger-piling-cylinder","status":"publish","type":"product","link":"https:\/\/www.hydraulic-cylinders.net\/nb\/produkt\/cutter-suction-dredger-piling-cylinder\/","title":{"rendered":"Kuttersuge Dredger Piling Cylinder"},"content":{"rendered":"<h1 style=\"text-align: center;\"><strong>Kuttersuge Dredger Piling Cylinder<\/strong><\/h1>\n<p><img loading=\"lazy\" decoding=\"async\" class=\"aligncenter wp-image-1759\" src=\"https:\/\/hydraulic-cylinders.net\/wp-content\/uploads\/2023\/10\/cutter-suction-dredger-piling-cylinder-1-300x300.webp\" alt=\"\" width=\"400\" height=\"400\" \/><\/p>\n<p>Sylinderen for muddermaskin med kuttersuge er en kraftig og allsidig hydraulisk enhet som er spesielt utviklet for marine byggeprosjekter. Med sin robuste konstruksjon og h\u00f8ye ytelse er denne sylinderen en n\u00f8kkelkomponent i moderne mudringsoperasjoner.<\/p>\n<p>Sylinderen for mudderverk med kuttersuge er en p\u00e5litelig og allsidig hydraulisk enhet som forbedrer maritime byggeprosjekter betydelig. Med sin robuste konstruksjon, justerbare slaglengde og kraftige hydrauliske system leverer den presise og effektive peleoperasjoner. Ved \u00e5 f\u00f8lge riktige bruksmetoder og utf\u00f8re regelmessig vedlikehold kan brukerne maksimere levetiden og ytelsen til denne viktige komponenten for mudderverk med kuttersuge. Invester i sylinderen for mudderverk med kuttersuge, og opplev forbedret produktivitet og n\u00f8yaktighet i dine maritime byggeprosjekter.<\/p>\n<p>Viktige egenskaper for sylinder for muddermaskinens p\u00e6leverk:<\/p>\n<ol>\n<li>Robust konstruksjon: Sylinderen for mudderverket er bygget for \u00e5 t\u00e5le de krevende forholdene i marine milj\u00f8er. Den er konstruert av materialer av h\u00f8y kvalitet og viser utmerket motstand mot korrosjon, slitasje og st\u00f8t, noe som sikrer langvarig holdbarhet.<\/li>\n<li>Hydraulisk kraft: Denne pelesylinderen er utstyrt med et h\u00f8ytytende hydraulisk system og leverer imponerende kraft og presisjon. Den overf\u00f8rer effektivt hydraulisk energi for \u00e5 drive peleoperasjonen, noe som resulterer i forbedret produktivitet og n\u00f8yaktighet.<\/li>\n<li>Justerbar slaglengde: P\u00e6lesylinderen gir fleksibilitet til \u00e5 justere slaglengden i henhold til prosjektets spesifikke krav. Denne tilpasningsevnen gir presis kontroll over p\u00e6ledybden, og im\u00f8tekommer ulike behov for maritim konstruksjon.<\/li>\n<\/ol>\n<h2><strong>Parameter for sylinder for muddermaskin med kuttersuging:<\/strong><\/h2>\n<table border=\"1\" cellspacing=\"0\" cellpadding=\"0\">\n<tbody>\n<tr>\n<td>Produktnavn<\/td>\n<td>Kuttersuge Dredger Reisesylinder<\/td>\n<\/tr>\n<tr>\n<td>Funksjoner:<\/td>\n<td>Er det viktigste ut\u00f8vende elementet i kj\u00f8remekanismen til kutter-suge-mudderfart\u00f8yet<\/td>\n<\/tr>\n<tr>\n<td>Borediameter:<\/td>\n<td>Opptil 480 mm<\/td>\n<\/tr>\n<tr>\n<td>Stangdiameter:<\/td>\n<td>Opptil 360 mm<br \/>\nSlaglengde opptil 9400 mm<\/td>\n<\/tr>\n<tr>\n<td>Trykk:<\/td>\n<td>opptil 32 MPa<\/td>\n<\/tr>\n<tr>\n<td>Skyvekraft:<\/td>\n<td>Maksimum 2900 kN<\/td>\n<\/tr>\n<tr>\n<td>Bruksomr\u00e5der:<\/td>\n<td>Kuttersuge mudderfart\u00f8y<\/td>\n<\/tr>\n<\/tbody>\n<\/table>\n<div><\/div>\n<div>\n<div class=\"txtboxL\">\n<div class=\"txtboxL\">\n<div class=\"txtboxL\">\n<div class=\"txtboxL\">\n<div class=\"txtboxL\">\n<div class=\"txtboxL\">\n<div class=\"txtboxL\">\n<div class=\"txtboxL\">Funksjoner:<\/div>\n<div class=\"txtboxR\">Er det viktigste ut\u00f8vende elementet i kj\u00f8remekanismen til kutter-suge-mudderfart\u00f8yet<\/div>\n<div class=\"txtboxL\">Spesifikasjon:<\/div>\n<div class=\"txtboxR\">Borediameter: opptil 480 mm<br \/>\nStangdiameter: opptil 360 mm<br \/>\nSlaglengde opptil 9400 mm<\/div>\n<div class=\"txtboxL\">Trykk:<\/div>\n<div class=\"txtboxR\">opptil 32 MPa<\/div>\n<div class=\"txtboxL\">Skyvekraft:<\/div>\n<div class=\"txtboxR\">Maksimum 2900 kN<\/div>\n<\/div>\n<\/div>\n<\/div>\n<\/div>\n<\/div>\n<\/div>\n<\/div>\n<\/div>\n<h2><strong>Bruksomr\u00e5de for muddertankkutter-sugesylindere:<\/strong><\/h2>\n<p><img loading=\"lazy\" decoding=\"async\" class=\"alignnone wp-image-1757 size-full\" src=\"https:\/\/hydraulic-cylinders.net\/wp-content\/uploads\/2023\/10\/dredger-tank-cylinder-1.webp\" alt=\"\" width=\"600\" height=\"400\" srcset=\"https:\/\/hydraulic-cylinders.net\/wp-content\/uploads\/2023\/10\/dredger-tank-cylinder-1.webp 600w, https:\/\/hydraulic-cylinders.net\/wp-content\/uploads\/2023\/10\/dredger-tank-cylinder-1-480x320.webp 480w\" sizes=\"(min-width: 0px) and (max-width: 480px) 480px, (min-width: 481px) 600px, 100vw\" \/><\/p>\n<h2><strong>Bruksmetode for kuttersuge-dredger-sylinder<\/strong><strong>:<\/strong><\/h2>\n<ul>\n<li><strong>Preparat:<\/strong> F\u00f8r pelearbeidet starter, m\u00e5 du s\u00f8rge for at alle sikkerhetsprotokoller f\u00f8lges. Inspiser pelesylinderen, tilkoblingene og det hydrauliske systemet for tegn p\u00e5 skade eller lekkasje. Bekreft at den hydrauliske kraftkilden er riktig tilkoblet og fungerer.<\/li>\n<li><strong>Posisjonering:<\/strong> Plasser sylinderen for muddermaskinens p\u00e6ling p\u00e5 \u00f8nsket sted for p\u00e6ling. Juster den med m\u00e5lomr\u00e5det, og s\u00f8rg for riktig stabilitet og st\u00f8tte.<\/li>\n<li><strong>Forbindelse:<\/strong> Koble pelesylinderen til den hydrauliske kraftkilden med kompatible koblinger og slanger. Bekreft at koblingene er sikre og lekkasjefrie.<\/li>\n<li><strong>Justering av slaglengde:<\/strong> Still inn \u00f8nsket slaglengde p\u00e5 pelesylinderen, med tanke p\u00e5 dybden som kreves for peleoperasjonen. Juster slaglengden ved hjelp av de medf\u00f8lgende kontrollene eller mekanismene, i henhold til produsentens instruksjoner.<\/li>\n<li><strong>P\u00e6leoperasjon:<\/strong> Aktiver den hydrauliske kraftkilden for \u00e5 starte p\u00e6learbeidet. Cutter Suction Dredger-p\u00e6lesylinderen vil presse p\u00e6lene ned i havbunnen eller elvebunnen. Overv\u00e5k prosessen n\u00f8ye, og s\u00f8rg for at \u00f8nsket dybde og n\u00f8yaktighet oppn\u00e5s.<\/li>\n<\/ul>\n<h2><strong>Hvordan pakke om en hydraulisk sylinder?<\/strong><\/h2>\n<p>Ompakking av en hydraulisk sylinder inneb\u00e6rer \u00e5 bytte ut pakninger og andre komponenter for \u00e5 gjenopprette funksjonaliteten og forhindre lekkasjer. Her er en generell veiledning om hvordan du pakker om en hydraulisk sylinder:<\/p>\n<ol>\n<li><strong>Sikkerhetsregler:<\/strong>\n<ul>\n<li>S\u00f8rg for at det hydrauliske systemet er trykkavlastet og at sylinderen er helt utstrakt.<\/li>\n<li>F\u00f8lg riktige prosedyrer for l\u00e5sing\/tagout for \u00e5 forhindre utilsiktet aktivering av systemet.<\/li>\n<\/ul>\n<\/li>\n<li><strong>Fjerning av sylinder:<\/strong>\n<ul>\n<li>Koble fra alle hydrauliske slanger eller koblinger som er koblet til sylinderen.<\/li>\n<li>Fjern eventuelle festepinner eller bolter som fester sylinderen til utstyret.<\/li>\n<li>Skyv eller man\u00f8vrer sylinderen forsiktig ut av monteringsbrakettene eller tilkoblingene.<\/li>\n<\/ul>\n<\/li>\n<li><strong>Demontering:<\/strong>\n<ul>\n<li>Plasser sylinderen p\u00e5 en ren arbeidsflate.<\/li>\n<li>Fjern endehetten(e) p\u00e5 sylinderen med passende verkt\u00f8y, for eksempel skiften\u00f8kler eller pipesett.<\/li>\n<li>V\u00e6r oppmerksom p\u00e5 rekkef\u00f8lgen og retningen p\u00e5 komponentene n\u00e5r du demonterer dem.<\/li>\n<li>Fjern stempelet, stangen og pakningene fra sylindersylinderen.<\/li>\n<\/ul>\n<\/li>\n<li><strong>Utskifting av tetning:<\/strong>\n<ul>\n<li>Unders\u00f8k de gamle tetningene for skader eller slitasje, og skift dem ut med nye av samme st\u00f8rrelse og type.<\/li>\n<li>Sm\u00f8r de nye pakningene med hydraulikkolje f\u00f8r du monterer dem.<\/li>\n<li>Sett de nye pakningene forsiktig inn i sporene sine, og s\u00f8rg for at de sitter riktig.<\/li>\n<\/ul>\n<\/li>\n<li><strong>Komponentinspeksjon og rengj\u00f8ring:<\/strong>\n<ul>\n<li>Inspiser stempelet, stangen og andre komponenter for tegn p\u00e5 skade eller slitasje.<\/li>\n<li>Rengj\u00f8r alle deler grundig med et egnet rengj\u00f8ringsmiddel for \u00e5 fjerne smuss, rusk og rester av hydraulikkv\u00e6ske.<\/li>\n<li>S\u00f8rg for at alle overflater er t\u00f8rre f\u00f8r montering igjen.<\/li>\n<\/ul>\n<\/li>\n<li><strong>Montering:<\/strong>\n<ul>\n<li>Monter stempelet, stangen og pakningene tilbake i sylindersylinderen, i riktig rekkef\u00f8lge og retning.<\/li>\n<li>P\u00e5f\u00f8r et tynt lag med hydraulikkolje p\u00e5 tetningene og andre kontaktflater.<\/li>\n<li>Sett forsiktig p\u00e5 endehetten(e) igjen og stram dem godt til i henhold til produsentens spesifikasjoner.<\/li>\n<li>S\u00f8rg for at alle gjengede tilkoblinger er riktig justert og strammet.<\/li>\n<\/ul>\n<\/li>\n<li><strong>Montering av sylinder:<\/strong>\n<ul>\n<li>Skyv eller man\u00f8vrer den remonterte sylinderen tilbake i monteringsbrakettene eller tilkoblingene.<\/li>\n<li>Fest eventuelle festepinner eller bolter for \u00e5 feste sylinderen p\u00e5 plass.<\/li>\n<li>Koble hydraulikkslangene eller -koblingene til sylinderen igjen, og s\u00f8rg for at de er riktig justert og stramt.<\/li>\n<\/ul>\n<\/li>\n<li><strong>Testing og inspeksjon:<\/strong>\n<ul>\n<li>Sett trykk p\u00e5 det hydrauliske systemet p\u00e5 nytt og sjekk for lekkasjer eller unormal drift.<\/li>\n<li>Trekk sylinderen helt ut og inn for \u00e5 sikre jevn bevegelse og korrekt funksjon.<\/li>\n<li>Inspiser sylinderen og koblingene for lekkasjer eller andre problemer.<\/li>\n<\/ul>\n<\/li>\n<\/ol>\n<h2><strong>Fabrikkens kapasitet og kapasitet:<\/strong><\/h2>\n<h3>(1) Montering<\/h3>\n<p>Vi har en f\u00f8rsteklasses uavhengig forsknings- og utviklingsplattform for montering. Verkstedet for produksjon av hydrauliske sylindere har fire halvautomatiske monteringslinjer for l\u00f8ftesylindere og \u00e9n automatisk monteringslinje for vippesylindere, med en \u00e5rlig produksjonskapasitet p\u00e5 1 million enheter. Spesialsylinderverkstedet er utstyrt med ulike spesifikasjoner for et halvautomatisk rengj\u00f8ringsmonteringssystem med en \u00e5rlig produksjonskapasitet p\u00e5 200 000 enheter, og er utstyrt med kjent CNC-maskineringsutstyr, et maskineringssenter, spesialutstyr for h\u00f8ypresisjons sylinderbehandling, en robotsveisemaskin, en automatisk rengj\u00f8ringsmaskin, en automatisk sylindermonteringsmaskin og en automatisk produksjonslinje for lakkering. Vi har mer enn 300 sett (sett) av kritisk utstyr. Optimal allokering og effektiv bruk av utstyrsressurser sikrer n\u00f8yaktighetskravene til produktene og oppfyller produktenes h\u00f8ye kvalitetsbehov.<\/p>\n<p><img loading=\"lazy\" decoding=\"async\" class=\"alignnone wp-image-626\" src=\"https:\/\/hydraulic-cylinders.net\/wp-content\/uploads\/2023\/08\/hydraulic-cylinder-product-1-300x158.webp\" alt=\"\" width=\"495\" height=\"260\" srcset=\"https:\/\/hydraulic-cylinders.net\/wp-content\/uploads\/2023\/08\/hydraulic-cylinder-product-1-300x158.webp 495w, https:\/\/hydraulic-cylinders.net\/wp-content\/uploads\/2023\/08\/hydraulic-cylinder-product-1-480x252.webp 480w\" sizes=\"(min-width: 0px) and (max-width: 480px) 480px, (min-width: 481px) 495px, 100vw\" \/> <img loading=\"lazy\" decoding=\"async\" class=\"alignnone wp-image-627\" src=\"https:\/\/hydraulic-cylinders.net\/wp-content\/uploads\/2023\/08\/hydraulic-cylinder-product-2-300x189.webp\" alt=\"\" width=\"413\" height=\"260\" \/><\/p>\n<h3>(2) Maskinering<\/h3>\n<p>Maskineringsverkstedet er utstyrt med et spesialtilpasset dreiesenter for skr\u00e5 skinner, maskineringssenter, h\u00f8yhastighets honemaskin, sveiserobot og annet relatert utstyr, som kan h\u00e5ndtere bearbeiding av sylinderr\u00f8r med en maksimal indre diameter p\u00e5 400 mm og en maksimal lengde p\u00e5 6 meter.<\/p>\n<p><img loading=\"lazy\" decoding=\"async\" class=\"alignnone wp-image-628 size-large\" src=\"https:\/\/hydraulic-cylinders.net\/wp-content\/uploads\/2023\/08\/hydraulic-cylinder-product-3-1024x391.webp\" alt=\"\" width=\"1024\" height=\"391\" srcset=\"https:\/\/hydraulic-cylinders.net\/wp-content\/uploads\/2023\/08\/hydraulic-cylinder-product-3-980x374.webp 980w, https:\/\/hydraulic-cylinders.net\/wp-content\/uploads\/2023\/08\/hydraulic-cylinder-product-3-480x183.webp 480w\" sizes=\"(min-width: 0px) and (max-width: 480px) 480px, (min-width: 481px) and (max-width: 980px) 980px, (min-width: 981px) 1024px, 100vw\" \/><\/p>\n<h3>(3) Sveising<\/h3>\n<p><img loading=\"lazy\" decoding=\"async\" class=\"alignnone wp-image-629 size-large\" src=\"https:\/\/hydraulic-cylinders.net\/wp-content\/uploads\/2023\/08\/hydraulic-cylinder-product-4-1024x510.webp\" alt=\"\" width=\"1024\" height=\"510\" srcset=\"https:\/\/hydraulic-cylinders.net\/wp-content\/uploads\/2023\/08\/hydraulic-cylinder-product-4-980x488.webp 980w, https:\/\/hydraulic-cylinders.net\/wp-content\/uploads\/2023\/08\/hydraulic-cylinder-product-4-480x239.webp 480w\" sizes=\"(min-width: 0px) and (max-width: 480px) 480px, (min-width: 481px) and (max-width: 980px) 980px, (min-width: 981px) 1024px, 100vw\" \/><\/p>\n<h3>(4) Maling og belegg<\/h3>\n<p>Med sm\u00e5 og mellomstore sylinderautomatiske vannbaserte malingsbeleggslinjer, for \u00e5 oppn\u00e5 automatisk robotlasting og -lossing og automatisk spr\u00f8yting, er den designede kapasiteten 4000 stykker per skift;<br \/>\nVi har ogs\u00e5 en halvautomatisk produksjonslinje for maling for store sylindere drevet av en kabelkjede, med en designkapasitet p\u00e5 60 kasser per skift.<\/p>\n<p><img loading=\"lazy\" decoding=\"async\" class=\"alignnone wp-image-630\" src=\"https:\/\/hydraulic-cylinders.net\/wp-content\/uploads\/2023\/08\/hydraulic-cylinder-product-5-300x213.webp\" alt=\"\" width=\"366\" height=\"260\" \/> <img loading=\"lazy\" decoding=\"async\" class=\"alignnone wp-image-631\" src=\"https:\/\/hydraulic-cylinders.net\/wp-content\/uploads\/2023\/08\/hydraulic-cylinder-product-6-300x225.webp\" alt=\"\" width=\"347\" height=\"260\" \/><\/p>\n<h3>(5) Testing<\/h3>\n<p>Vi har f\u00f8rsteklasses inspeksjonsfasiliteter og testbenker for \u00e5 sikre at sylinderens ytelse oppfyller kravene.<\/p>\n<p><img loading=\"lazy\" decoding=\"async\" class=\"alignnone wp-image-632\" src=\"https:\/\/hydraulic-cylinders.net\/wp-content\/uploads\/2023\/08\/hydraulic-cylinder-product-8-300x200.webp\" alt=\"\" width=\"389\" height=\"260\" \/><\/p>\n<p>&nbsp;<\/p>\n<p>&nbsp;<\/p>\n<p>Vi er en av de beste produsentene av hydrauliske sylindere. Vi kan tilby et omfattende utvalg av hydrauliske sylindere. Vi tilbyr ogs\u00e5 tilsvarende <a href=\"https:\/\/hzpt.com\/agricultural-pto-gearbox\/\" target=\"_blank\" rel=\"noopener\">landbruksgirkasser<\/a>Vi har eksportert produktene v\u00e5re til kunder over hele verden og opparbeidet oss et godt rykte p\u00e5 grunn av v\u00e5r overlegne produktkvalitet og ettersalgsservice. Vi \u00f8nsker kunder i inn- og utland velkommen til \u00e5 kontakte oss for \u00e5 forhandle om forretninger, utveksle informasjon og <a href=\"https:\/\/www.hydraulic-cylinders.net\/nb\/contact-us\/\">samarbeide med oss<\/a>!<\/p>","protected":false},"excerpt":{"rendered":"<p>Cutter Suction Dredger Piling Cylinder The cutter suction dredger piling cylinder is a powerful and versatile hydraulic device designed specifically for marine construction projects. With its robust construction and high-performance capabilities, this piling cylinder is a key component in modern dredging operations. The cutter suction dredger piling cylinder is a reliable and versatile hydraulic device [&hellip;]<\/p>","protected":false},"featured_media":1760,"comment_status":"open","ping_status":"closed","template":"","meta":{"_et_pb_use_builder":"","_et_pb_old_content":"","_et_gb_content_width":""},"product_brand":[],"product_cat":[1535,1549,1552,1376],"product_tag":[1380],"class_list":{"0":"post-1758","1":"product","2":"type-product","3":"status-publish","4":"has-post-thumbnail","6":"product_cat-dredger-hydraulic-cylinders","7":"product_cat-single-acting-hydraulic-cylinder","8":"product_cat-stainless-steel-hydraulic-cylinder","9":"product_cat-hydraulic-cylinder","10":"product_tag-hydraulic-cylinder","12":"first","13":"instock","14":"shipping-taxable","15":"product-type-simple"},"amp_enabled":true,"_links":{"self":[{"href":"https:\/\/www.hydraulic-cylinders.net\/nb\/wp-json\/wp\/v2\/product\/1758","targetHints":{"allow":["GET"]}}],"collection":[{"href":"https:\/\/www.hydraulic-cylinders.net\/nb\/wp-json\/wp\/v2\/product"}],"about":[{"href":"https:\/\/www.hydraulic-cylinders.net\/nb\/wp-json\/wp\/v2\/types\/product"}],"replies":[{"embeddable":true,"href":"https:\/\/www.hydraulic-cylinders.net\/nb\/wp-json\/wp\/v2\/comments?post=1758"}],"wp:featuredmedia":[{"embeddable":true,"href":"https:\/\/www.hydraulic-cylinders.net\/nb\/wp-json\/wp\/v2\/media\/1760"}],"wp:attachment":[{"href":"https:\/\/www.hydraulic-cylinders.net\/nb\/wp-json\/wp\/v2\/media?parent=1758"}],"wp:term":[{"taxonomy":"product_brand","embeddable":true,"href":"https:\/\/www.hydraulic-cylinders.net\/nb\/wp-json\/wp\/v2\/product_brand?post=1758"},{"taxonomy":"product_cat","embeddable":true,"href":"https:\/\/www.hydraulic-cylinders.net\/nb\/wp-json\/wp\/v2\/product_cat?post=1758"},{"taxonomy":"product_tag","embeddable":true,"href":"https:\/\/www.hydraulic-cylinders.net\/nb\/wp-json\/wp\/v2\/product_tag?post=1758"}],"curies":[{"name":"wp","href":"https:\/\/api.w.org\/{rel}","templated":true}]}}