{"id":17589,"date":"2025-03-18T06:09:41","date_gmt":"2025-03-18T06:09:41","guid":{"rendered":"https:\/\/www.hydraulic-cylinders.net\/?post_type=product&#038;p=17589"},"modified":"2025-04-11T01:44:55","modified_gmt":"2025-04-11T01:44:55","slug":"lift-hydraulic-cylinders-for-large-forklift","status":"publish","type":"product","link":"https:\/\/www.hydraulic-cylinders.net\/nb\/produkt\/lift-hydraulic-cylinders-for-large-forklift\/","title":{"rendered":"L\u00f8ft hydrauliske sylindere for stor gaffeltruck"},"content":{"rendered":"<h1 style=\"text-align: center;\"><strong>L\u00f8ft hydrauliske sylindere for stor gaffeltruck<\/strong><\/h1>\n<p>L\u00f8ftehydrauliske sylindere er viktige komponenter i store gaffeltrucker, slik at de kan utf\u00f8re viktige l\u00f8fte- og senkefunksjoner. Disse sylinderene gir den n\u00f8dvendige kraften til \u00e5 h\u00e5ndtere tunge laster effektivt, noe som sikrer problemfri drift i ulike industrielle milj\u00f8er. Med robust design og h\u00f8y ytelse forbedrer l\u00f8ftehydrauliske sylindere produktiviteten og sikkerheten i materialh\u00e5ndtering.<\/p>\n<p>\u00c5 investere i hydrauliske l\u00f8ftesylindere av h\u00f8y kvalitet for store gaffeltrucker forbedrer driftseffektiviteten og sikkerheten betydelig. Ved \u00e5 forst\u00e5 funksjonene, riktig bruk og vedlikeholdskrav, kan operat\u00f8rer sikre at disse sylindrene leverer jevn ytelse og lang levetid. Med de riktige hydrauliske l\u00f8ftesylinderene kan bedrifter optimalisere materialh\u00e5ndteringsprosessene sine, noe som f\u00f8rer til \u00f8kt produktivitet og redusert nedetid.<\/p>\n<h1 style=\"text-align: center;\"><img loading=\"lazy\" decoding=\"async\" class=\"alignnone wp-image-17590\" src=\"https:\/\/www.hydraulic-cylinders.net\/wp-content\/uploads\/2025\/03\/Lift-hydraulic-cylinders-for-large-forklift.jpg\" alt=\"\" width=\"500\" height=\"500\" srcset=\"https:\/\/www.hydraulic-cylinders.net\/wp-content\/uploads\/2025\/03\/Lift-hydraulic-cylinders-for-large-forklift.jpg 500w, https:\/\/www.hydraulic-cylinders.net\/wp-content\/uploads\/2025\/03\/Lift-hydraulic-cylinders-for-large-forklift-480x480.jpg 480w\" sizes=\"(min-width: 0px) and (max-width: 480px) 480px, (min-width: 481px) 500px, 100vw\" \/><\/h1>\n<p style=\"text-align: center;\"><strong>L\u00f8ft hydrauliske sylindere for stor gaffeltruck<\/strong><\/p>\n<h2><strong>Stor gaffeltruck hydraulisk sylinderserie:\u00a0<\/strong><\/h2>\n<h2><img loading=\"lazy\" decoding=\"async\" class=\"alignnone size-full wp-image-17582\" src=\"https:\/\/www.hydraulic-cylinders.net\/wp-content\/uploads\/2025\/03\/large-forklift-hydraulic-cylinder-construction.webp\" alt=\"\" width=\"1100\" height=\"615\" srcset=\"https:\/\/www.hydraulic-cylinders.net\/wp-content\/uploads\/2025\/03\/large-forklift-hydraulic-cylinder-construction.webp 1100w, https:\/\/www.hydraulic-cylinders.net\/wp-content\/uploads\/2025\/03\/large-forklift-hydraulic-cylinder-construction-980x548.webp 980w, https:\/\/www.hydraulic-cylinders.net\/wp-content\/uploads\/2025\/03\/large-forklift-hydraulic-cylinder-construction-480x268.webp 480w\" sizes=\"(min-width: 0px) and (max-width: 480px) 480px, (min-width: 481px) and (max-width: 980px) 980px, (min-width: 981px) 1100px, 100vw\" \/><\/h2>\n<h2><strong>L\u00f8ftehydrauliske sylindere for stor gaffeltruck for stor gaffeltruck <\/strong><strong>Tekniske spesifikasjoner<\/strong><strong>:<\/strong><\/h2>\n<p><strong>Funksjon:<\/strong> For \u00e5 oppn\u00e5 l\u00f8fte- og senkefunksjonen til gantryen<br \/>\n<strong>Sylinderdiameter:<\/strong> 65 mm\u2013190 mm<br \/>\n<strong>Stangdiameter:<\/strong> 50 mm\u2013160 mm<br \/>\n<strong>Reise:<\/strong> 100 mm\u20133490 mm<br \/>\n<strong>Maksimalt trykk:<\/strong> 21 MPa<br \/>\n<strong>Maksimal skyvekraft:<\/strong> 596 kn<\/p>\n<h2><strong>Viktige funksjoner for l\u00f8ftehydrauliske sylindere for store gaffeltrucker<\/strong><strong>:<\/strong><\/h2>\n<ul>\n<li><strong>H\u00f8y lastekapasitet<\/strong>Disse hydrauliske l\u00f8ftesylindrene er konstruert for \u00e5 t\u00e5le betydelige vekter, noe som gj\u00f8r dem ideelle for krevende applikasjoner. Den robuste designen sikrer p\u00e5litelig drift selv under ekstreme belastninger, slik at gaffeltrucker kan h\u00e5ndtere store paller og materialer med trygghet. Denne egenskapen forbedrer arbeidsplassens effektivitet betydelig ved \u00e5 minimere risikoen for driftsfeil under krevende oppgaver.<\/li>\n<li><strong>Slitesterk konstruksjon<\/strong>Disse hydrauliske sylindrene er laget av materialer av f\u00f8rsteklasses kvalitet og er konstruert for \u00e5 t\u00e5le t\u00f8ffe arbeidsmilj\u00f8er. Motstanden mot slitasje, korrosjon og utmatting forlenger sylinderens levetid, noe som reduserer behovet for hyppige utskiftninger. Denne holdbarheten gir lavere vedlikeholdskostnader og \u00f8kt oppetid, noe som gj\u00f8r dem til en smart investering for enhver industriell drift.<\/li>\n<li><strong>Allsidige st\u00f8rrelser<\/strong>Disse hydrauliske l\u00f8ftesylindrene er tilgjengelige i et bredt spekter av diametre og slaglengder, og kan tilpasses for \u00e5 m\u00f8te de spesifikke behovene til ulike gaffeltruckmodeller og bruksomr\u00e5der. Denne allsidigheten sikrer at de s\u00f8ml\u00f8st kan integreres i ulike systemer, noe som gir fleksibilitet for bedrifter som h\u00e5ndterer ulike laster og materialer.<\/li>\n<li><strong>Effektiv ytelse<\/strong>Disse hydrauliske sylindrene er designet for optimal funksjonalitet, og muliggj\u00f8r raske l\u00f8fte- og senkebevegelser. Denne effektiviteten minimerer syklustider, slik at operat\u00f8rene kan fullf\u00f8re oppgaver raskere og mer effektivt. Forbedret arbeidsflyt \u00f8ker ikke bare produktiviteten, men forbedrer ogs\u00e5 gaffeltruckens generelle driftseffektivitet, noe som gj\u00f8r den til en viktig ressurs i materialh\u00e5ndtering.<\/li>\n<li><strong>H\u00f8ytrykksklassifiseringer<\/strong>Disse sylindrene kan operere ved forh\u00f8yet trykk, og sikrer effektiv skyvekraft og stabilitet under l\u00f8fteoperasjoner. Deres h\u00f8ye trykkklassifiseringer muliggj\u00f8r sikker h\u00e5ndtering av tunge laster uten at det g\u00e5r p\u00e5 bekostning av ytelsen. Denne p\u00e5liteligheten er avgj\u00f8rende for \u00e5 opprettholde sikkerhetsstandarder p\u00e5 arbeidsplassen, og gir operat\u00f8rene trygghet n\u00e5r de arbeider med tunge materialer.<\/li>\n<\/ul>\n<h2><strong>Bruksomr\u00e5der for hydrauliske sylindere for store gaffeltrucker:<\/strong><\/h2>\n<h3><strong>1. Lagring og distribusjon<\/strong><\/h3>\n<p>P\u00e5 lager er store gaffeltrucker utstyrt med hydrauliske l\u00f8ftesylindere avgj\u00f8rende for stabling og henting av tunge paller. Disse sylindrene muliggj\u00f8r rask l\u00f8fting og senking, slik at operat\u00f8rer effektivt kan administrere lagerbeholdning og optimalisere lagerplass. De forenkler raske laste- og losseprosesser, noe som forbedrer den totale produktiviteten betydelig.<\/p>\n<h3><strong>2. Byggeplasser<\/strong><\/h3>\n<p>P\u00e5 byggeplasser spiller hydrauliske l\u00f8ftesylindere en kritisk rolle i \u00e5 flytte tunge materialer som st\u00e5lbjelker, betongblokker og utstyr. Den h\u00f8ye lastekapasiteten gj\u00f8r at gaffeltrucker kan l\u00f8fte store vekter trygt, og sikre at materialene leveres til riktig sted uten forsinkelse. Denne funksjonen forbedrer arbeidsflyten og st\u00f8tter rettidig prosjektgjennomf\u00f8ring.<\/p>\n<h3><strong>3. Produksjonsanlegg<\/strong><\/h3>\n<p>I produksjonsmilj\u00f8er hjelper store gaffeltrucker med hydrauliske l\u00f8ftesylindere med \u00e5 transportere r\u00e5varer og ferdige produkter mellom forskjellige omr\u00e5der av anlegget. Disse sylindrene muliggj\u00f8r presis lastposisjonering, noe som er avgj\u00f8rende for samleb\u00e5nd og kvalitetskontrollprosesser. Den effektive ytelsen reduserer syklustider og \u00f8ker den totale produksjonseffektiviteten.<\/p>\n<h3><strong>4. Resirkulering og avfallsh\u00e5ndtering<\/strong><\/h3>\n<p>Hydrauliske l\u00f8ftesylindere er avgj\u00f8rende i resirkulerings- og avfallsh\u00e5ndteringsoperasjoner, der store gaffeltrucker brukes til \u00e5 h\u00e5ndtere tunge beholdere og containere. Disse sylindrene gj\u00f8r det mulig for operat\u00f8rer \u00e5 l\u00f8fte og man\u00f8vrere store avfallsmaterialer p\u00e5 en sikker m\u00e5te, noe som effektiviserer sorteringen og behandlingen av resirkulerbart materiale. Denne effektiviteten bidrar til et mer organisert og effektivt avfallsh\u00e5ndteringssystem.<\/p>\n<h3><strong>5. Jordbruk<\/strong><\/h3>\n<p>I landbruksmilj\u00f8er brukes store gaffeltrucker med hydrauliske l\u00f8ftesylindere til \u00e5 transportere tunge lass som h\u00f8yballer, f\u00f4r og utstyr. Muligheten til \u00e5 l\u00f8fte og senke disse lastene enkelt gj\u00f8r at b\u00f8nder kan styre driften mer effektivt, noe som sikrer rettidige leveranser og effektiv bruk av ressurser.<\/p>\n<p>Leter du etter kraftige gaffeltrucksylindere? Sjekk ut v\u00e5re <a href=\"https:\/\/www.hydraulic-cylinders.net\/nb\/forklift-hydraulic-cylinder\/\">Kraftige hydrauliske sylindere<\/a>.<\/p>\n<h2><strong>Produksjonsomr\u00e5de for gaffeltrucksylindere:<\/strong><\/h2>\n<h2><img loading=\"lazy\" decoding=\"async\" class=\"alignnone size-full wp-image-16972\" src=\"https:\/\/www.hydraulic-cylinders.net\/wp-content\/uploads\/2025\/01\/hydraulic-cylinder-factory-1-scaled.webp\" sizes=\"(min-width: 0px) and (max-width: 480px) 480px, (min-width: 481px) and (max-width: 980px) 980px, (min-width: 981px) and (max-width: 1280px) 1280px, (min-width: 1281px) 2016px, 100vw\" srcset=\"https:\/\/www.hydraulic-cylinders.net\/wp-content\/uploads\/2025\/01\/hydraulic-cylinder-factory-1-scaled.webp 2016w, https:\/\/www.hydraulic-cylinders.net\/wp-content\/uploads\/2025\/01\/hydraulic-cylinder-factory-1-1280x1625.webp 1280w, https:\/\/www.hydraulic-cylinders.net\/wp-content\/uploads\/2025\/01\/hydraulic-cylinder-factory-1-980x1244.webp 980w, https:\/\/www.hydraulic-cylinders.net\/wp-content\/uploads\/2025\/01\/hydraulic-cylinder-factory-1-480x610.webp 480w\" alt=\"\" width=\"2016\" height=\"2560\" \/><\/h2>\n<p>Vi har en f\u00f8rsteklasses uavhengig FoU-plattform for montering. Produksjonsverkstedet for gaffeltrucksylindere har fire halvautomatiske monteringslinjer for l\u00f8ftesylindere og en helautomatisk monteringslinje for vippesylindere med en \u00e5rlig produksjonskapasitet p\u00e5 millioner av enheter. Spesialsylinderverkstedet har halvautomatiske rengj\u00f8rings- og monteringssystemer med ulike spesifikasjoner med en \u00e5rlig produksjonskapasitet p\u00e5 200 000 enheter. Det er utstyrt med CNC-maskineringsutstyr fra kjente merker, maskineringssentre, spesialutstyr for h\u00f8ypresisjons sylinderbehandling, robotsveisemaskiner, automatiske rengj\u00f8ringsmaskiner, automatiske sylindermonteringsmaskiner og automatiske produksjonslinjer for maling. Vi har mer enn 300 sett med n\u00f8kkelutstyr i drift. Optimalisert allokering og effektiv utnyttelse av utstyrsressurser sikrer presisjonskravene til produktene og oppfyller de h\u00f8ye kvalitetskravene til produktene.<\/p>\n<p>Maskineringsverkstedet er utstyrt med spesiallagde dreiesentre for tiltf\u00f8ringsskinne, maskineringssentre, h\u00f8yhastighets honemaskiner, sveiseroboter og annet relevant utstyr, som kan h\u00e5ndtere maskinering av sylinderr\u00f8r med en maks. ID p\u00e5 400 mm og en maks. lengde p\u00e5 6 meter.<\/p>\n<h2><img loading=\"lazy\" decoding=\"async\" class=\"alignnone size-full wp-image-16973\" src=\"https:\/\/www.hydraulic-cylinders.net\/wp-content\/uploads\/2025\/01\/hydraulic-cylinder-factory-2-scaled.webp\" sizes=\"(min-width: 0px) and (max-width: 480px) 480px, (min-width: 481px) and (max-width: 980px) 980px, (min-width: 981px) and (max-width: 1280px) 1280px, (min-width: 1281px) 2011px, 100vw\" srcset=\"https:\/\/www.hydraulic-cylinders.net\/wp-content\/uploads\/2025\/01\/hydraulic-cylinder-factory-2-scaled.webp 2011w, https:\/\/www.hydraulic-cylinders.net\/wp-content\/uploads\/2025\/01\/hydraulic-cylinder-factory-2-1280x1629.webp 1280w, https:\/\/www.hydraulic-cylinders.net\/wp-content\/uploads\/2025\/01\/hydraulic-cylinder-factory-2-980x1248.webp 980w, https:\/\/www.hydraulic-cylinders.net\/wp-content\/uploads\/2025\/01\/hydraulic-cylinder-factory-2-480x611.webp 480w\" alt=\"\" width=\"2011\" height=\"2560\" \/><\/h2>\n<p>Vi har en helautomatisk vannbasert malingslinje for sm\u00e5 og mellomstore sylindere, som realiserer automatisk lasting og lossing og automatiske spr\u00f8yteroboter med en konstruert produksjonskapasitet p\u00e5 4000 plasser per skift. Vi har en annen halvautomatisk malelinje for store sylindere drevet av en kabelkjede, og den konstruerte kapasiteten er 60 kasser per skift.<\/p>\n<p>For \u00e5 forbedre produktets ytelse ytterligere og etablere den ledende posisjonen til v\u00e5re hydrauliske sylindere i bransjen, etablerte selskapet v\u00e5rt og zjimee i fellesskap et omfattende ytelseslaboratorium for hydrauliske sylindere, hydrauliske ventiler og hydrauliske pumper. Laboratoriet utf\u00f8rer dataassistert testing ved hjelp av elektrohydraulisk teknologi, testforholdene forh\u00e5ndsinnstilles av en datamaskin som forbedrer testn\u00f8yaktigheten og systemets allsidighet, samt de eksperimentelle dataene.<\/p>\n<p>Den automatiske innsamlingen realiseres ved bruk av sensorer, og utdataene, som intern lekkasje og lasteffektivitet for sylinderen eller ventilen, behandles direkte av datamaskinen og konverteres til standardenheter (ml\/min%). Samtidig, for \u00e5 sikre det hydrauliske systemets driftssikkerhet, utf\u00f8res tilstandsoverv\u00e5kingsfunksjonen for viktige ytelsesparametere som \"oljetemperaturoverv\u00e5king, v\u00e6skeniv\u00e5overv\u00e5king, filterenhetsoverv\u00e5king\" osv. Blant disse kan teststativet for hydrauliske sylindere teste ytelsen til \"lasten\".<br \/>\neffektivitet \u00abog\u00bb intern lekkasje\u00bb ved avlesninger. Samtidig er den utstyrt med et gitterlinjalm\u00e5leinstrument som oppfyller kravene til alle testelementer for hydrauliske sylinderprodukter i henhold til nasjonal standard.<\/p>\n<p>&nbsp;<\/p>","protected":false},"excerpt":{"rendered":"<p>Lift Hydraulic Cylinders For Large Forklift Lift hydraulic cylinders are crucial components in large forklifts, enabling them to perform essential lifting and lowering functions. These cylinders provide the necessary power to handle heavy loads efficiently, ensuring smooth operations in various industrial settings. With robust design and high performance, lift hydraulic cylinders enhance productivity and safety [&hellip;]<\/p>","protected":false},"featured_media":17591,"comment_status":"open","ping_status":"closed","template":"","meta":{"_et_pb_use_builder":"","_et_pb_old_content":"","_et_gb_content_width":""},"product_brand":[],"product_cat":[1484,1549],"product_tag":[],"class_list":{"0":"post-17589","1":"product","2":"type-product","3":"status-publish","4":"has-post-thumbnail","6":"product_cat-forklift-hydraulic-cylinders","7":"product_cat-single-acting-hydraulic-cylinder","9":"first","10":"instock","11":"shipping-taxable","12":"product-type-simple"},"amp_enabled":true,"_links":{"self":[{"href":"https:\/\/www.hydraulic-cylinders.net\/nb\/wp-json\/wp\/v2\/product\/17589","targetHints":{"allow":["GET"]}}],"collection":[{"href":"https:\/\/www.hydraulic-cylinders.net\/nb\/wp-json\/wp\/v2\/product"}],"about":[{"href":"https:\/\/www.hydraulic-cylinders.net\/nb\/wp-json\/wp\/v2\/types\/product"}],"replies":[{"embeddable":true,"href":"https:\/\/www.hydraulic-cylinders.net\/nb\/wp-json\/wp\/v2\/comments?post=17589"}],"wp:featuredmedia":[{"embeddable":true,"href":"https:\/\/www.hydraulic-cylinders.net\/nb\/wp-json\/wp\/v2\/media\/17591"}],"wp:attachment":[{"href":"https:\/\/www.hydraulic-cylinders.net\/nb\/wp-json\/wp\/v2\/media?parent=17589"}],"wp:term":[{"taxonomy":"product_brand","embeddable":true,"href":"https:\/\/www.hydraulic-cylinders.net\/nb\/wp-json\/wp\/v2\/product_brand?post=17589"},{"taxonomy":"product_cat","embeddable":true,"href":"https:\/\/www.hydraulic-cylinders.net\/nb\/wp-json\/wp\/v2\/product_cat?post=17589"},{"taxonomy":"product_tag","embeddable":true,"href":"https:\/\/www.hydraulic-cylinders.net\/nb\/wp-json\/wp\/v2\/product_tag?post=17589"}],"curies":[{"name":"wp","href":"https:\/\/api.w.org\/{rel}","templated":true}]}}