{"id":17596,"date":"2025-03-18T06:28:26","date_gmt":"2025-03-18T06:28:26","guid":{"rendered":"https:\/\/www.hydraulic-cylinders.net\/?post_type=product&#038;p=17596"},"modified":"2025-04-11T01:44:52","modified_gmt":"2025-04-11T01:44:52","slug":"lifting-hydraulic-cylinders-storage-handling-vehicles","status":"publish","type":"product","link":"https:\/\/www.hydraulic-cylinders.net\/nb\/produkt\/lifting-hydraulic-cylinders-storage-handling-vehicles\/","title":{"rendered":"L\u00f8fte hydrauliske sylindere for lagring og h\u00e5ndtering av kj\u00f8ret\u00f8y"},"content":{"rendered":"<h1 style=\"text-align: center;\"><strong>L\u00f8fte hydrauliske sylindere for lagring og h\u00e5ndtering av kj\u00f8ret\u00f8y<\/strong><\/h1>\n<p>Hydrauliske l\u00f8ftesylindere er viktige komponenter i lager- og h\u00e5ndteringskj\u00f8ret\u00f8y, og muliggj\u00f8r effektiv l\u00f8fting og senking av tunge laster. Disse sylindrene omdanner hydraulisk trykk til mekanisk kraft, og gir kraften som er n\u00f8dvendig for \u00e5 utf\u00f8re en rekke oppgaver p\u00e5 lager, distribusjonssentre og produksjonsanlegg. Deres p\u00e5litelighet og effektivitet gj\u00f8r dem avgj\u00f8rende for \u00e5 optimalisere materialh\u00e5ndteringsoperasjoner.<\/p>\n<p>L\u00f8ftehydrauliske sylindere er avgj\u00f8rende for effektiv drift av lagrings- og h\u00e5ndteringskj\u00f8ret\u00f8y. Deres robuste konstruksjon, h\u00f8ye lastekapasitet og jevne drift gj\u00f8r dem uunnv\u00e6rlige i ulike industrielle applikasjoner. Ved \u00e5 forst\u00e5 funksjonene, riktige bruksmetoder og vedlikeholdskrav, kan operat\u00f8rer maksimere ytelsen og sikkerheten til l\u00f8fteutstyret sitt, noe som til slutt forbedrer produktiviteten i materialh\u00e5ndteringsoppgaver. Investering i h\u00f8ykvalitets l\u00f8ftehydrauliske sylindere sikrer p\u00e5litelig og effektiv drift, noe som er avgj\u00f8rende for suksess i enhver bedrift.<\/p>\n<h1 style=\"text-align: center;\"><img loading=\"lazy\" decoding=\"async\" class=\"alignnone wp-image-17598\" src=\"https:\/\/www.hydraulic-cylinders.net\/wp-content\/uploads\/2025\/03\/Lifting-hydraulic-cylinders-for-Storage-and-handling-vehicle.jpg\" alt=\"\" width=\"500\" height=\"500\" srcset=\"https:\/\/www.hydraulic-cylinders.net\/wp-content\/uploads\/2025\/03\/Lifting-hydraulic-cylinders-for-Storage-and-handling-vehicle.jpg 500w, https:\/\/www.hydraulic-cylinders.net\/wp-content\/uploads\/2025\/03\/Lifting-hydraulic-cylinders-for-Storage-and-handling-vehicle-480x480.jpg 480w\" sizes=\"(min-width: 0px) and (max-width: 480px) 480px, (min-width: 481px) 500px, 100vw\" \/><\/h1>\n<p style=\"text-align: center;\"><strong>L\u00f8fte hydrauliske sylindere for lagring og h\u00e5ndtering av kj\u00f8ret\u00f8y<\/strong><\/p>\n<h2><strong>L\u00f8fte hydrauliske sylindere for lagring og h\u00e5ndtering av kj\u00f8ret\u00f8y <\/strong><strong>Tekniske spesifikasjoner<\/strong><strong>:<\/strong><\/h2>\n<p><strong>Funksjon:<\/strong> Brukes for \u00e5 oppn\u00e5 total venstre og h\u00f8yre bevegelse av gaffelen<br \/>\n<strong>Sylinderdiameter:<\/strong> 70 mm\u2013120 mm<br \/>\n<strong>Stangdiameter:<\/strong> 30 mm\u201360 mm<br \/>\n<strong>Reise:<\/strong> 300 mm\u20131025 mm<br \/>\n<strong>Maksimalt trykk:<\/strong> 21 MPa<br \/>\n<strong>Maksimal skyvekraft:<\/strong> 238 kn<\/p>\n<h2><strong>Lagrings- og h\u00e5ndteringskj\u00f8ret\u00f8y Hydraulisk sylinderserie:\u00a0<\/strong><\/h2>\n<h2><img loading=\"lazy\" decoding=\"async\" class=\"aligncenter wp-image-17600 size-full\" src=\"https:\/\/www.hydraulic-cylinders.net\/wp-content\/uploads\/2025\/03\/Storage-and-handling-vehicle-hydraulic-cylinders-construction.webp\" alt=\"\" width=\"640\" height=\"358\" srcset=\"https:\/\/www.hydraulic-cylinders.net\/wp-content\/uploads\/2025\/03\/Storage-and-handling-vehicle-hydraulic-cylinders-construction.webp 640w, https:\/\/www.hydraulic-cylinders.net\/wp-content\/uploads\/2025\/03\/Storage-and-handling-vehicle-hydraulic-cylinders-construction-480x269.webp 480w\" sizes=\"(min-width: 0px) and (max-width: 480px) 480px, (min-width: 481px) 640px, 100vw\" \/><\/h2>\n<h2><strong>Viktige funksjoner ved l\u00f8fting av hydrauliske sylindere for lagring og h\u00e5ndtering av kj\u00f8ret\u00f8y<\/strong><strong>:<\/strong><\/h2>\n<ul>\n<li><strong>H\u00f8y lastekapasitet:<\/strong> L\u00f8ftehydrauliske sylindere er konstruert for \u00e5 st\u00f8tte betydelige vekter, noe som sikrer sikker og effektiv drift selv under de mest utfordrende forhold. Denne egenskapen er avgj\u00f8rende for effektiv flytting av store paller, containere og tungt utstyr, noe som gj\u00f8r dem uunnv\u00e6rlige i lager og distribusjonssentre. Ved \u00e5 gi p\u00e5litelig l\u00f8ftekraft forbedrer disse sylinderne den generelle produktiviteten og sikkerheten p\u00e5 jobben.<\/li>\n<li><strong>Slitesterk konstruksjon:<\/strong> L\u00f8ftehydrauliske sylindere er konstruert av h\u00f8yfaste materialer og er designet for \u00e5 t\u00e5le t\u00f8ff bruk og motst\u00e5 slitasje. Den robuste konstruksjonen forlenger ikke bare levetiden, men reduserer ogs\u00e5 behovet for hyppige utskiftninger, noe som gj\u00f8r dem til en kostnadseffektiv l\u00f8sning for bedrifter som er avhengige av tunge l\u00f8ft. Investering i slitesterke sylindere betyr mindre nedetid og lavere vedlikeholdskostnader, noe som bidrar til en mer effektiv drift.<\/li>\n<li><strong>Jevn drift:<\/strong> Det hydrauliske systemet i disse sylindrene gir jevne og konsistente l\u00f8ftebevegelser, noe som minimerer st\u00f8t og vibrasjoner betydelig under drift. Denne jevnheten forbedrer sikkerheten ved \u00e5 gi bedre laststabilitet, noe som reduserer risikoen for ulykker eller skade p\u00e5 varer. Operat\u00f8rer kan stole p\u00e5 at disse sylindrene utf\u00f8rer oppgaver med presisjon, og sikrer at lasten h\u00e5ndteres sk\u00e5nsomt og effektivt.<\/li>\n<li><strong>Kompakt design:<\/strong> L\u00f8ftehydrauliske sylindere har en kompakt design som muliggj\u00f8r s\u00f8ml\u00f8s integrering i ulike typer lagrings- og h\u00e5ndteringskj\u00f8ret\u00f8y. Denne plassbesparende designen maksimerer kj\u00f8ret\u00f8yets smidighet, slik at det enkelt kan navigere i trange rom. F\u00f8rere drar nytte av et str\u00f8mlinjeformet oppsett som forbedrer den generelle effektiviteten, noe som gir raskere respons i fartsfylte milj\u00f8er.<\/li>\n<li><strong>Allsidige bruksomr\u00e5der:<\/strong> Disse hydrauliske sylindrene er kompatible med et bredt spekter av kj\u00f8ret\u00f8ytyper, inkludert gaffeltrucker, pallel\u00f8ftere og hydrauliske l\u00f8ftere. Denne allsidigheten gj\u00f8r dem egnet for ulike bransjer, fra logistikk og produksjon til bygg og landbruk. Deres evne til \u00e5 tilpasse seg ulike utstyrsbehov betyr at bedrifter kan standardisere komponentene sine, forenkle vedlikehold og forbedre driftseffektiviteten.<\/li>\n<\/ul>\n<h2><strong>Bruksomr\u00e5der for l\u00f8fting av hydrauliske sylindere for lagring og h\u00e5ndtering av kj\u00f8ret\u00f8y<\/strong><strong>:<\/strong><\/h2>\n<p>L\u00f8ftehydrauliske sylindere er avgj\u00f8rende for effektiv drift av lagrings- og h\u00e5ndteringskj\u00f8ret\u00f8y. Deres evne til \u00e5 l\u00f8fte og senke tunge laster jevnt og sikkert gj\u00f8r dem essensielle i ulike industrielle applikasjoner. Her er noen viktige bruksomr\u00e5der:<\/p>\n<h4>1. <strong>Lagerdrift<\/strong><\/h4>\n<p>P\u00e5 lager er l\u00f8ftehydrauliske sylindere avgj\u00f8rende for \u00e5 flytte og stable paller. De lar gaffeltrucker og jekker l\u00f8fte tunge laster til h\u00f8ye hyller, optimalisere vertikal lagringsplass og gj\u00f8re det enklere \u00e5 f\u00e5 tilgang til varelageret.<\/p>\n<h4>2. <strong>Lasting og lossing<\/strong><\/h4>\n<p>Ved lasting eller lossing av lastebiler gir disse sylindrene den n\u00f8dvendige kraften til \u00e5 heve og senke last effektivt. Denne funksjonen reduserer tiden som brukes p\u00e5 disse oppgavene og minimerer risikoen for skade p\u00e5 varer.<\/p>\n<h4>3. <strong>Produksjonsanlegg<\/strong><\/h4>\n<p>I produksjonsmilj\u00f8er hjelper l\u00f8ftende hydrauliske sylindere med \u00e5 transportere komponenter mellom ulike produksjonstrinn. De muliggj\u00f8r presis plassering av materialer, noe som forbedrer arbeidsflyten og produktiviteten p\u00e5 samleb\u00e5nd.<\/p>\n<h4>4. <strong>Byggeplasser<\/strong><\/h4>\n<p>P\u00e5 byggeplasser er disse sylindrene viktige for \u00e5 l\u00f8fte tunge materialer som bjelker, betongblokker og utstyr. De muliggj\u00f8r n\u00f8yaktig plassering av last, noe som forbedrer sikkerheten og effektiviteten under byggearbeid.<\/p>\n<h4>5. <strong>Bilindustrien<\/strong><\/h4>\n<p>L\u00f8ftehydrauliske sylindere brukes i bilmonteringslinjer for \u00e5 l\u00f8fte kj\u00f8ret\u00f8y eller komponenter under produksjon og reparasjoner. Deres evne til \u00e5 gi stabil l\u00f8fting gj\u00f8r dem ideelle for oppgaver som krever presisjon.<\/p>\n<p>Leter du etter kraftige gaffeltrucksylindere? Sjekk ut v\u00e5re <a href=\"https:\/\/www.hydraulic-cylinders.net\/nb\/forklift-hydraulic-cylinder\/\">Kraftige hydrauliske sylindere<\/a>.<\/p>\n<h2><strong>Produksjonsomr\u00e5de for gaffeltrucksylindere:<\/strong><\/h2>\n<h2><img loading=\"lazy\" decoding=\"async\" class=\"alignnone size-full wp-image-16972\" src=\"https:\/\/www.hydraulic-cylinders.net\/wp-content\/uploads\/2025\/01\/hydraulic-cylinder-factory-1-scaled.webp\" sizes=\"(min-width: 0px) and (max-width: 480px) 480px, (min-width: 481px) and (max-width: 980px) 980px, (min-width: 981px) and (max-width: 1280px) 1280px, (min-width: 1281px) 2016px, 100vw\" srcset=\"https:\/\/www.hydraulic-cylinders.net\/wp-content\/uploads\/2025\/01\/hydraulic-cylinder-factory-1-scaled.webp 2016w, https:\/\/www.hydraulic-cylinders.net\/wp-content\/uploads\/2025\/01\/hydraulic-cylinder-factory-1-1280x1625.webp 1280w, https:\/\/www.hydraulic-cylinders.net\/wp-content\/uploads\/2025\/01\/hydraulic-cylinder-factory-1-980x1244.webp 980w, https:\/\/www.hydraulic-cylinders.net\/wp-content\/uploads\/2025\/01\/hydraulic-cylinder-factory-1-480x610.webp 480w\" alt=\"\" width=\"2016\" height=\"2560\" \/><\/h2>\n<p>Vi har en f\u00f8rsteklasses uavhengig FoU-plattform for montering. Produksjonsverkstedet for gaffeltrucksylindere har fire halvautomatiske monteringslinjer for l\u00f8ftesylindere og en helautomatisk monteringslinje for vippesylindere med en \u00e5rlig produksjonskapasitet p\u00e5 millioner av enheter. Spesialsylinderverkstedet har halvautomatiske rengj\u00f8rings- og monteringssystemer med ulike spesifikasjoner med en \u00e5rlig produksjonskapasitet p\u00e5 200 000 enheter. Det er utstyrt med CNC-maskineringsutstyr fra kjente merker, maskineringssentre, spesialutstyr for h\u00f8ypresisjons sylinderbehandling, robotsveisemaskiner, automatiske rengj\u00f8ringsmaskiner, automatiske sylindermonteringsmaskiner og automatiske produksjonslinjer for maling. Vi har mer enn 300 sett med n\u00f8kkelutstyr i drift. Optimalisert allokering og effektiv utnyttelse av utstyrsressurser sikrer presisjonskravene til produktene og oppfyller de h\u00f8ye kvalitetskravene til produktene.<\/p>\n<p>Maskineringsverkstedet er utstyrt med spesiallagde dreiesentre for tiltf\u00f8ringsskinne, maskineringssentre, h\u00f8yhastighets honemaskiner, sveiseroboter og annet relevant utstyr, som kan h\u00e5ndtere maskinering av sylinderr\u00f8r med en maks. ID p\u00e5 400 mm og en maks. lengde p\u00e5 6 meter.<\/p>\n<h2><img loading=\"lazy\" decoding=\"async\" class=\"alignnone size-full wp-image-16973\" src=\"https:\/\/www.hydraulic-cylinders.net\/wp-content\/uploads\/2025\/01\/hydraulic-cylinder-factory-2-scaled.webp\" sizes=\"(min-width: 0px) and (max-width: 480px) 480px, (min-width: 481px) and (max-width: 980px) 980px, (min-width: 981px) and (max-width: 1280px) 1280px, (min-width: 1281px) 2011px, 100vw\" srcset=\"https:\/\/www.hydraulic-cylinders.net\/wp-content\/uploads\/2025\/01\/hydraulic-cylinder-factory-2-scaled.webp 2011w, https:\/\/www.hydraulic-cylinders.net\/wp-content\/uploads\/2025\/01\/hydraulic-cylinder-factory-2-1280x1629.webp 1280w, https:\/\/www.hydraulic-cylinders.net\/wp-content\/uploads\/2025\/01\/hydraulic-cylinder-factory-2-980x1248.webp 980w, https:\/\/www.hydraulic-cylinders.net\/wp-content\/uploads\/2025\/01\/hydraulic-cylinder-factory-2-480x611.webp 480w\" alt=\"\" width=\"2011\" height=\"2560\" \/><\/h2>\n<p>Vi har en helautomatisk vannbasert malingslinje for sm\u00e5 og mellomstore sylindere, som realiserer automatisk lasting og lossing og automatiske spr\u00f8yteroboter med en konstruert produksjonskapasitet p\u00e5 4000 plasser per skift. Vi har en annen halvautomatisk malelinje for store sylindere drevet av en kabelkjede, og den konstruerte kapasiteten er 60 kasser per skift.<\/p>\n<p>For \u00e5 forbedre produktets ytelse ytterligere og etablere den ledende posisjonen til v\u00e5re hydrauliske sylindere i bransjen, etablerte selskapet v\u00e5rt og zjimee i fellesskap et omfattende ytelseslaboratorium for hydrauliske sylindere, hydrauliske ventiler og hydrauliske pumper. Laboratoriet utf\u00f8rer dataassistert testing ved hjelp av elektrohydraulisk teknologi, testforholdene forh\u00e5ndsinnstilles av en datamaskin som forbedrer testn\u00f8yaktigheten og systemets allsidighet, samt de eksperimentelle dataene.<\/p>\n<p>Den automatiske innsamlingen realiseres ved bruk av sensorer, og utdataene, som intern lekkasje og lasteffektivitet for sylinderen eller ventilen, behandles direkte av datamaskinen og konverteres til standardenheter (ml\/min%). Samtidig, for \u00e5 sikre det hydrauliske systemets driftssikkerhet, utf\u00f8res tilstandsoverv\u00e5kingsfunksjonen for viktige ytelsesparametere som \"oljetemperaturoverv\u00e5king, v\u00e6skeniv\u00e5overv\u00e5king, filterenhetsoverv\u00e5king\" osv. Blant disse kan teststativet for hydrauliske sylindere teste ytelsen til \"lasten\".<br \/>\neffektivitet \u00abog\u00bb intern lekkasje\u00bb ved avlesninger. Samtidig er den utstyrt med et gitterlinjalm\u00e5leinstrument som oppfyller kravene til alle testelementer for hydrauliske sylinderprodukter i henhold til nasjonal standard.<\/p>\n<p>&nbsp;<\/p>","protected":false},"excerpt":{"rendered":"<p>Lifting Hydraulic Cylinders for Storage and Handling Vehicles Lifting hydraulic cylinders are essential components in storage and handling vehicles, enabling efficient lifting and lowering of heavy loads. These cylinders convert hydraulic pressure into mechanical force, providing the power necessary to perform a variety of tasks in warehouses, distribution centers, and manufacturing facilities. Their reliability and [&hellip;]<\/p>","protected":false},"featured_media":17599,"comment_status":"open","ping_status":"closed","template":"","meta":{"_et_pb_use_builder":"","_et_pb_old_content":"","_et_gb_content_width":""},"product_brand":[],"product_cat":[1484,1549],"product_tag":[],"class_list":{"0":"post-17596","1":"product","2":"type-product","3":"status-publish","4":"has-post-thumbnail","6":"product_cat-forklift-hydraulic-cylinders","7":"product_cat-single-acting-hydraulic-cylinder","9":"first","10":"instock","11":"shipping-taxable","12":"product-type-simple"},"amp_enabled":true,"_links":{"self":[{"href":"https:\/\/www.hydraulic-cylinders.net\/nb\/wp-json\/wp\/v2\/product\/17596","targetHints":{"allow":["GET"]}}],"collection":[{"href":"https:\/\/www.hydraulic-cylinders.net\/nb\/wp-json\/wp\/v2\/product"}],"about":[{"href":"https:\/\/www.hydraulic-cylinders.net\/nb\/wp-json\/wp\/v2\/types\/product"}],"replies":[{"embeddable":true,"href":"https:\/\/www.hydraulic-cylinders.net\/nb\/wp-json\/wp\/v2\/comments?post=17596"}],"wp:featuredmedia":[{"embeddable":true,"href":"https:\/\/www.hydraulic-cylinders.net\/nb\/wp-json\/wp\/v2\/media\/17599"}],"wp:attachment":[{"href":"https:\/\/www.hydraulic-cylinders.net\/nb\/wp-json\/wp\/v2\/media?parent=17596"}],"wp:term":[{"taxonomy":"product_brand","embeddable":true,"href":"https:\/\/www.hydraulic-cylinders.net\/nb\/wp-json\/wp\/v2\/product_brand?post=17596"},{"taxonomy":"product_cat","embeddable":true,"href":"https:\/\/www.hydraulic-cylinders.net\/nb\/wp-json\/wp\/v2\/product_cat?post=17596"},{"taxonomy":"product_tag","embeddable":true,"href":"https:\/\/www.hydraulic-cylinders.net\/nb\/wp-json\/wp\/v2\/product_tag?post=17596"}],"curies":[{"name":"wp","href":"https:\/\/api.w.org\/{rel}","templated":true}]}}