{"id":1761,"date":"2023-10-13T05:50:50","date_gmt":"2023-10-13T05:50:50","guid":{"rendered":"https:\/\/hydraulic-cylinders.net\/?post_type=product&#038;p=1761"},"modified":"2025-04-15T05:55:24","modified_gmt":"2025-04-15T05:55:24","slug":"cutter-suction-dredger-inverted-pile-cylinder","status":"publish","type":"product","link":"https:\/\/www.hydraulic-cylinders.net\/nb\/produkt\/cutter-suction-dredger-inverted-pile-cylinder\/","title":{"rendered":"Kuttersuge-mudderfart\u00f8y invertert haugesylinder"},"content":{"rendered":"<h1 style=\"text-align: center;\"><strong>Kuttersuge-mudderfart\u00f8y invertert haugesylinder<\/strong><\/h1>\n<p><img loading=\"lazy\" decoding=\"async\" class=\"aligncenter wp-image-1763\" src=\"https:\/\/hydraulic-cylinders.net\/wp-content\/uploads\/2023\/10\/cutter-suction-dredger-inverted-pile-cylinder-1-300x300.webp\" alt=\"\" width=\"400\" height=\"400\" \/><\/p>\n<p>Den inverterte p\u00e6lesylinderen for kuttersuger er en banebrytende hydraulisk enhet som forvandler marine byggeprosjekter. Med sin innovative design og eksepsjonelle ytelse er denne sylinderen avgj\u00f8rende for moderne mudringsoperasjoner.<\/p>\n<p>Den inverterte p\u00e6lesylinderen med kuttersugemudring har revolusjonert marin konstruksjon ved \u00e5 tilby eksepsjonell ytelse i p\u00e6leoperasjoner. Den inverterte designen, h\u00f8ytrykkskapasiteten og korrosjonsmotstanden gj\u00f8r den til en p\u00e5litelig og slitesterk hydraulisk enhet. Ved \u00e5 f\u00f8lge riktige bruksmetoder og utf\u00f8re regelmessig vedlikehold kan fagfolk innen marin konstruksjon maksimere effektiviteten og n\u00f8yaktigheten i prosjektene sine. Omfavn kraften til den inverterte p\u00e6lesylinderen med kuttersugemudring og opplev forskjellen den kan utgj\u00f8re i dine maritime konstruksjonsprosjekter.<\/p>\n<p>Kuttersuge-mudderfart\u00f8yets inverterte sylinder, viktige egenskaper:<\/p>\n<ul>\n<li>Invertert design: Den inverterte sylinderen til muddermaskinen har en unik invertert konfigurasjon, med stempelstangen som strekker seg nedover fra sylinderen. Denne designen muliggj\u00f8r effektive og presise peleoperasjoner i marine milj\u00f8er.<\/li>\n<li>H\u00f8ytrykkskapasitet: Denne sylinderen er konstruert for \u00e5 t\u00e5le h\u00f8ytrykksforhold, noe som sikrer p\u00e5litelig og robust ytelse selv i utfordrende marine byggeprosjekter. Den leverer kraften og kraften som er n\u00f8dvendig for \u00e5 drive p\u00e6ler ned i havbunnen med eksepsjonell n\u00f8yaktighet.<\/li>\n<li>Korrosjonsbestandighet: Den inverterte sylinderen med sylinderhode er konstruert av materialer av h\u00f8y kvalitet og har utmerket motstand mot korrosjon, rust og slitasje. Denne funksjonen forbedrer holdbarheten og gj\u00f8r den egnet for langvarig bruk under t\u00f8ffe maritime forhold.<\/li>\n<\/ul>\n<h2><strong>Parameter for invertert pilesylinder for kuttersuging:<\/strong><\/h2>\n<table border=\"1\" cellspacing=\"0\" cellpadding=\"0\">\n<tbody>\n<tr>\n<td>Produktnavn<\/td>\n<td>Kuttersuge-mudderfart\u00f8y invertert haugesylinder<\/td>\n<\/tr>\n<tr>\n<td>Funksjoner:<\/td>\n<td>S\u00f8rg for skyv- og trekkkraft for inn- og utfolding av st\u00e5lp\u00e6len<\/td>\n<\/tr>\n<tr>\n<td>Borediameter:<\/td>\n<td>Opptil 620 mm<\/td>\n<\/tr>\n<tr>\n<td>Stangdiameter:<\/td>\n<td>Opptil 360 mm<br \/>\nSlaglengde opptil 5200 mm<\/td>\n<\/tr>\n<tr>\n<td>Trykk:<\/td>\n<td>opptil 32 MPa<\/td>\n<\/tr>\n<tr>\n<td>Skyvekraft:<\/td>\n<td>Maksimum 7500 kN<\/td>\n<\/tr>\n<tr>\n<td>Trekkkraft:<\/td>\n<td>Maksimum 5000 kN<\/td>\n<\/tr>\n<tr>\n<td>Bruksomr\u00e5der:<\/td>\n<td>Kuttersuge mudderfart\u00f8y<\/td>\n<\/tr>\n<\/tbody>\n<\/table>\n<div><\/div>\n<div>\n<div class=\"txtboxL\">Funksjoner:<\/div>\n<div class=\"txtboxR\">S\u00f8rg for skyv- og trekkkraft for inn- og utfolding av st\u00e5lp\u00e6len<\/div>\n<div class=\"txtboxL\">Spesifikasjon:<\/div>\n<div class=\"txtboxR\">Borediameter: opptil 620 mm<br \/>\nStangdiameter: opptil 360 mm<br \/>\nSlaglengde opptil 5200 mm<\/div>\n<div class=\"txtboxL\">Trykk:<\/div>\n<div class=\"txtboxR\">opptil 32 MPa<\/div>\n<div class=\"txtboxL\">Skyvekraft:<\/div>\n<div class=\"txtboxR\">Maksimum 7500 kN<\/div>\n<div class=\"txtboxL\">Trekkkraft:<\/div>\n<div class=\"txtboxR\">Maksimum 5000 kN<\/div>\n<\/div>\n<h2><strong>Bruksomr\u00e5de for muddertankkutter-sugesylindere:<\/strong><\/h2>\n<p><img loading=\"lazy\" decoding=\"async\" class=\"alignnone wp-image-1757 size-full\" src=\"https:\/\/hydraulic-cylinders.net\/wp-content\/uploads\/2023\/10\/dredger-tank-cylinder-1.webp\" alt=\"\" width=\"600\" height=\"400\" srcset=\"https:\/\/hydraulic-cylinders.net\/wp-content\/uploads\/2023\/10\/dredger-tank-cylinder-1.webp 600w, https:\/\/hydraulic-cylinders.net\/wp-content\/uploads\/2023\/10\/dredger-tank-cylinder-1-480x320.webp 480w\" sizes=\"(min-width: 0px) and (max-width: 480px) 480px, (min-width: 481px) 600px, 100vw\" \/><\/p>\n<h2><strong>Bruksmetode for kuttersugedreder invertert pilesylinder<\/strong><strong>:<\/strong><\/h2>\n<ul>\n<li><strong>Preparat:<\/strong> F\u00f8r du bruker muddermaskinens inverterte sylinder med p\u00e6le, m\u00e5 du s\u00f8rge for at alle sikkerhetsforanstaltninger er p\u00e5 plass. Utf\u00f8r en visuell inspeksjon for \u00e5 bekrefte at sylinderen og komponentene er i god stand, uten tegn til skade eller lekkasjer.<\/li>\n<li><strong>Posisjonering:<\/strong> Plasser sylinderen p\u00e5 \u00f8nsket sted for p\u00e6ling. S\u00f8rg for at den er godt festet til mudderfart\u00f8yet eller annet utstyr, slik at den gir stabilitet og st\u00f8tte under operasjonen.<\/li>\n<li><strong>Forbindelse:<\/strong> Koble hydraulikkslangene eller -koblingene til de riktige portene p\u00e5 sylinderen og den hydrauliske kraftkilden. Bekreft at koblingene er sikre, lekkasjefrie og riktig justert.<\/li>\n<li><strong>Justering av slaglengde:<\/strong> Juster sylinderens slaglengde i henhold til \u00f8nsket peledybde. Dette kan vanligvis gj\u00f8res ved hjelp av kontrollene eller mekanismene som f\u00f8lger med. F\u00f8lg produsentens instruksjoner for \u00e5 sikre presis justering.<\/li>\n<li><strong>P\u00e6leoperasjon:<\/strong> Aktiver den hydrauliske kraftkilden for \u00e5 starte pelearbeidet. Den inverterte pelesylinderen p\u00e5 muddermaskinen vil ut\u00f8ve kontrollert kraft for \u00e5 drive pelene ned i havbunnen. Overv\u00e5k prosessen n\u00f8ye, og s\u00f8rg for at \u00f8nsket dybde og n\u00f8yaktighet oppn\u00e5s.<\/li>\n<\/ul>\n<h2><strong>Hvordan bytte tetninger p\u00e5 en hydraulisk sylinder?<\/strong><\/h2>\n<p>\u00c5 bytte tetninger p\u00e5 en hydraulisk sylinder er en vanlig vedlikeholdsoppgave som bidrar til \u00e5 gjenopprette ytelsen og forhindre lekkasjer. Her er en trinnvis veiledning om hvordan du bytter tetninger p\u00e5 en hydraulisk sylinder:<\/p>\n<ol>\n<li><strong>Sikkerhetsregler:<\/strong>\n<ul>\n<li>S\u00f8rg for at det hydrauliske systemet er trykkavlastet og at sylinderen er helt utstrakt.<\/li>\n<li>F\u00f8lg riktige prosedyrer for l\u00e5sing\/tagout for \u00e5 forhindre utilsiktet aktivering av systemet.<\/li>\n<\/ul>\n<\/li>\n<li><strong>Fjerning av sylinder:<\/strong>\n<ul>\n<li>Koble fra alle hydrauliske slanger eller koblinger som er koblet til sylinderen.<\/li>\n<li>Fjern eventuelle festepinner eller bolter som fester sylinderen til utstyret.<\/li>\n<li>Skyv eller man\u00f8vrer sylinderen forsiktig ut av monteringsbrakettene eller tilkoblingene.<\/li>\n<\/ul>\n<\/li>\n<li><strong>Seglidentifikasjon:<\/strong>\n<ul>\n<li>Identifiser typene og st\u00f8rrelsene p\u00e5 pakningene som m\u00e5 byttes ut. Denne informasjonen finner du i sylinderens dokumentasjon eller ved \u00e5 m\u00e5le de gamle pakningene.<\/li>\n<\/ul>\n<\/li>\n<li><strong>Demontering:<\/strong>\n<ul>\n<li>Plasser sylinderen p\u00e5 en ren arbeidsflate.<\/li>\n<li>Fjern endehetten(e) p\u00e5 sylinderen med passende verkt\u00f8y, for eksempel skiften\u00f8kler eller pipesett.<\/li>\n<li>Fjern stempelet, stangen og de gamle pakningene forsiktig fra sylinderr\u00f8ret.<\/li>\n<li>V\u00e6r oppmerksom p\u00e5 rekkef\u00f8lgen og retningen p\u00e5 komponentene n\u00e5r du demonterer dem.<\/li>\n<\/ul>\n<\/li>\n<li><strong>Fjerning av tetning:<\/strong>\n<ul>\n<li>Fjern forsiktig de gamle pakningene fra de respektive sporene med verkt\u00f8y for fjerning av pakninger eller hakker.<\/li>\n<li>V\u00e6r forsiktig s\u00e5 du ikke skader sylinderboringen eller andre overflater under denne prosessen.<\/li>\n<\/ul>\n<\/li>\n<li><strong>Rengj\u00f8ring og inspeksjon:<\/strong>\n<ul>\n<li>Rengj\u00f8r sylindersylinderen, stempelet, stangen og andre komponenter med et egnet rengj\u00f8ringsmiddel for \u00e5 fjerne smuss, rusk og rester av hydraulikkv\u00e6ske.<\/li>\n<li>Inspiser alle deler for tegn p\u00e5 skade eller slitasje, som for eksempel riper, groper eller sprekker.<\/li>\n<li>Skift ut eventuelle skadede eller slitte komponenter etter behov.<\/li>\n<\/ul>\n<\/li>\n<li><strong>Ny tetningsinstallasjon:<\/strong>\n<ul>\n<li>Sm\u00f8r de nye pakningene med hydraulikkolje f\u00f8r du monterer dem.<\/li>\n<li>Sett de nye pakningene forsiktig inn i de respektive sporene, og s\u00f8rg for at de sitter ordentlig p\u00e5 plass.<\/li>\n<li>Bruk verkt\u00f8y for montering av tetninger eller passende improviserte metoder for \u00e5 presse tetningene jevnt p\u00e5 plass.<\/li>\n<li>V\u00e6r forsiktig s\u00e5 du ikke skader tetningene under installasjonsprosessen.<\/li>\n<\/ul>\n<\/li>\n<li><strong>Montering:<\/strong>\n<ul>\n<li>Monter stempelet, stangen og pakningene tilbake i sylindersylinderen, i riktig rekkef\u00f8lge og retning.<\/li>\n<li>P\u00e5f\u00f8r et tynt lag med hydraulikkolje p\u00e5 tetningene og andre kontaktflater.<\/li>\n<li>Sett forsiktig p\u00e5 endehetten(e) igjen og stram dem godt til i henhold til produsentens spesifikasjoner.<\/li>\n<li>S\u00f8rg for at alle gjengede tilkoblinger er riktig justert og strammet.<\/li>\n<\/ul>\n<\/li>\n<li><strong>Montering av sylinder:<\/strong>\n<ul>\n<li>Skyv eller man\u00f8vrer den remonterte sylinderen tilbake i monteringsbrakettene eller tilkoblingene.<\/li>\n<li>Fest eventuelle festepinner eller bolter for \u00e5 feste sylinderen p\u00e5 plass.<\/li>\n<li>Koble hydraulikkslangene eller -koblingene til sylinderen igjen, og s\u00f8rg for at de er riktig justert og stramt.<\/li>\n<\/ul>\n<\/li>\n<li><strong>Testing og inspeksjon:<\/strong>\n<ul>\n<li>Sett trykk p\u00e5 det hydrauliske systemet p\u00e5 nytt og sjekk for lekkasjer eller unormal drift.<\/li>\n<li>Trekk sylinderen helt ut og inn for \u00e5 sikre jevn bevegelse og korrekt funksjon.<\/li>\n<li>Inspiser sylinderen og koblingene for tegn p\u00e5 lekkasje eller andre problemer.<\/li>\n<\/ul>\n<\/li>\n<\/ol>\n<h2><strong>Fabrikkens kapasitet og kapasitet:<\/strong><\/h2>\n<h3>(1) Montering<\/h3>\n<p>Vi har en f\u00f8rsteklasses uavhengig forsknings- og utviklingsplattform for montering. Verkstedet for produksjon av hydrauliske sylindere har fire halvautomatiske monteringslinjer for l\u00f8ftesylindere og \u00e9n automatisk monteringslinje for vippesylindere, med en \u00e5rlig produksjonskapasitet p\u00e5 1 million enheter. Spesialsylinderverkstedet er utstyrt med ulike spesifikasjoner for et halvautomatisk rengj\u00f8ringsmonteringssystem med en \u00e5rlig produksjonskapasitet p\u00e5 200 000 enheter, og er utstyrt med kjent CNC-maskineringsutstyr, et maskineringssenter, spesialutstyr for h\u00f8ypresisjons sylinderbehandling, en robotsveisemaskin, en automatisk rengj\u00f8ringsmaskin, en automatisk sylindermonteringsmaskin og en automatisk produksjonslinje for lakkering. Vi har mer enn 300 sett (sett) av kritisk utstyr. Optimal allokering og effektiv bruk av utstyrsressurser sikrer n\u00f8yaktighetskravene til produktene og oppfyller produktenes h\u00f8ye kvalitetsbehov.<\/p>\n<p><img loading=\"lazy\" decoding=\"async\" class=\"alignnone wp-image-626\" src=\"https:\/\/hydraulic-cylinders.net\/wp-content\/uploads\/2023\/08\/hydraulic-cylinder-product-1-300x158.webp\" alt=\"\" width=\"495\" height=\"260\" srcset=\"https:\/\/hydraulic-cylinders.net\/wp-content\/uploads\/2023\/08\/hydraulic-cylinder-product-1-300x158.webp 495w, https:\/\/hydraulic-cylinders.net\/wp-content\/uploads\/2023\/08\/hydraulic-cylinder-product-1-480x252.webp 480w\" sizes=\"(min-width: 0px) and (max-width: 480px) 480px, (min-width: 481px) 495px, 100vw\" \/> <img loading=\"lazy\" decoding=\"async\" class=\"alignnone wp-image-627\" src=\"https:\/\/hydraulic-cylinders.net\/wp-content\/uploads\/2023\/08\/hydraulic-cylinder-product-2-300x189.webp\" alt=\"\" width=\"413\" height=\"260\" \/><\/p>\n<h3>(2) Maskinering<\/h3>\n<p>Maskineringsverkstedet er utstyrt med et spesialtilpasset dreiesenter for skr\u00e5 skinner, maskineringssenter, h\u00f8yhastighets honemaskin, sveiserobot og annet relatert utstyr, som kan h\u00e5ndtere bearbeiding av sylinderr\u00f8r med en maksimal indre diameter p\u00e5 400 mm og en maksimal lengde p\u00e5 6 meter.<\/p>\n<p><img loading=\"lazy\" decoding=\"async\" class=\"alignnone wp-image-628 size-large\" src=\"https:\/\/hydraulic-cylinders.net\/wp-content\/uploads\/2023\/08\/hydraulic-cylinder-product-3-1024x391.webp\" alt=\"\" width=\"1024\" height=\"391\" srcset=\"https:\/\/hydraulic-cylinders.net\/wp-content\/uploads\/2023\/08\/hydraulic-cylinder-product-3-980x374.webp 980w, https:\/\/hydraulic-cylinders.net\/wp-content\/uploads\/2023\/08\/hydraulic-cylinder-product-3-480x183.webp 480w\" sizes=\"(min-width: 0px) and (max-width: 480px) 480px, (min-width: 481px) and (max-width: 980px) 980px, (min-width: 981px) 1024px, 100vw\" \/><\/p>\n<h3>(3) Sveising<\/h3>\n<p><img loading=\"lazy\" decoding=\"async\" class=\"alignnone wp-image-629 size-large\" src=\"https:\/\/hydraulic-cylinders.net\/wp-content\/uploads\/2023\/08\/hydraulic-cylinder-product-4-1024x510.webp\" alt=\"\" width=\"1024\" height=\"510\" srcset=\"https:\/\/hydraulic-cylinders.net\/wp-content\/uploads\/2023\/08\/hydraulic-cylinder-product-4-980x488.webp 980w, https:\/\/hydraulic-cylinders.net\/wp-content\/uploads\/2023\/08\/hydraulic-cylinder-product-4-480x239.webp 480w\" sizes=\"(min-width: 0px) and (max-width: 480px) 480px, (min-width: 481px) and (max-width: 980px) 980px, (min-width: 981px) 1024px, 100vw\" \/><\/p>\n<h3>(4) Maling og belegg<\/h3>\n<p>Med sm\u00e5 og mellomstore sylinderautomatiske vannbaserte malingsbeleggslinjer, for \u00e5 oppn\u00e5 automatisk robotlasting og -lossing og automatisk spr\u00f8yting, er den designede kapasiteten 4000 stykker per skift;<br \/>\nVi har ogs\u00e5 en halvautomatisk produksjonslinje for maling for store sylindere drevet av en kabelkjede, med en designkapasitet p\u00e5 60 kasser per skift.<\/p>\n<p><img loading=\"lazy\" decoding=\"async\" class=\"alignnone wp-image-630\" src=\"https:\/\/hydraulic-cylinders.net\/wp-content\/uploads\/2023\/08\/hydraulic-cylinder-product-5-300x213.webp\" alt=\"\" width=\"366\" height=\"260\" \/> <img loading=\"lazy\" decoding=\"async\" class=\"alignnone wp-image-631\" src=\"https:\/\/hydraulic-cylinders.net\/wp-content\/uploads\/2023\/08\/hydraulic-cylinder-product-6-300x225.webp\" alt=\"\" width=\"347\" height=\"260\" \/><\/p>\n<h3>(5) Testing<\/h3>\n<p>Vi har f\u00f8rsteklasses inspeksjonsfasiliteter og testbenker for \u00e5 sikre at sylinderens ytelse oppfyller kravene.<\/p>\n<p><img loading=\"lazy\" decoding=\"async\" class=\"alignnone wp-image-632\" src=\"https:\/\/hydraulic-cylinders.net\/wp-content\/uploads\/2023\/08\/hydraulic-cylinder-product-8-300x200.webp\" alt=\"\" width=\"389\" height=\"260\" \/><\/p>\n<p>&nbsp;<\/p>\n<p>&nbsp;<\/p>\n<p>Vi er en av de beste produsentene av hydrauliske sylindere. Vi kan tilby et omfattende utvalg av hydrauliske sylindere. Vi tilbyr ogs\u00e5 tilsvarende <a href=\"https:\/\/hzpt.com\/agricultural-pto-gearbox\/\" target=\"_blank\" rel=\"noopener\">landbruksgirkasser<\/a>Vi har eksportert produktene v\u00e5re til kunder over hele verden og opparbeidet oss et godt rykte p\u00e5 grunn av v\u00e5r overlegne produktkvalitet og ettersalgsservice. Vi \u00f8nsker kunder i inn- og utland velkommen til \u00e5 kontakte oss for \u00e5 forhandle om forretninger, utveksle informasjon og <a href=\"https:\/\/www.hydraulic-cylinders.net\/nb\/contact-us\/\">samarbeide med oss<\/a>!<\/p>","protected":false},"excerpt":{"rendered":"<p>Cutter Suction Dredger Inverted Pile Cylinder The cutter suction dredger inverted pile cylinder is a groundbreaking hydraulic device transforming marine construction projects. With its innovative design and exceptional performance, this cylinder is crucial to modern dredging operations. The cutter suction dredger inverted pile cylinder has revolutionized marine construction by offering exceptional performance in piling operations. [&hellip;]<\/p>","protected":false},"featured_media":1764,"comment_status":"open","ping_status":"closed","template":"","meta":{"_et_pb_use_builder":"","_et_pb_old_content":"","_et_gb_content_width":""},"product_brand":[],"product_cat":[1535,1549,1552,1376],"product_tag":[1380],"class_list":{"0":"post-1761","1":"product","2":"type-product","3":"status-publish","4":"has-post-thumbnail","6":"product_cat-dredger-hydraulic-cylinders","7":"product_cat-single-acting-hydraulic-cylinder","8":"product_cat-stainless-steel-hydraulic-cylinder","9":"product_cat-hydraulic-cylinder","10":"product_tag-hydraulic-cylinder","12":"first","13":"instock","14":"shipping-taxable","15":"product-type-simple"},"amp_enabled":true,"_links":{"self":[{"href":"https:\/\/www.hydraulic-cylinders.net\/nb\/wp-json\/wp\/v2\/product\/1761","targetHints":{"allow":["GET"]}}],"collection":[{"href":"https:\/\/www.hydraulic-cylinders.net\/nb\/wp-json\/wp\/v2\/product"}],"about":[{"href":"https:\/\/www.hydraulic-cylinders.net\/nb\/wp-json\/wp\/v2\/types\/product"}],"replies":[{"embeddable":true,"href":"https:\/\/www.hydraulic-cylinders.net\/nb\/wp-json\/wp\/v2\/comments?post=1761"}],"wp:featuredmedia":[{"embeddable":true,"href":"https:\/\/www.hydraulic-cylinders.net\/nb\/wp-json\/wp\/v2\/media\/1764"}],"wp:attachment":[{"href":"https:\/\/www.hydraulic-cylinders.net\/nb\/wp-json\/wp\/v2\/media?parent=1761"}],"wp:term":[{"taxonomy":"product_brand","embeddable":true,"href":"https:\/\/www.hydraulic-cylinders.net\/nb\/wp-json\/wp\/v2\/product_brand?post=1761"},{"taxonomy":"product_cat","embeddable":true,"href":"https:\/\/www.hydraulic-cylinders.net\/nb\/wp-json\/wp\/v2\/product_cat?post=1761"},{"taxonomy":"product_tag","embeddable":true,"href":"https:\/\/www.hydraulic-cylinders.net\/nb\/wp-json\/wp\/v2\/product_tag?post=1761"}],"curies":[{"name":"wp","href":"https:\/\/api.w.org\/{rel}","templated":true}]}}