{"id":1772,"date":"2023-10-13T06:29:47","date_gmt":"2023-10-13T06:29:47","guid":{"rendered":"https:\/\/hydraulic-cylinders.net\/?post_type=product&#038;p=1772"},"modified":"2025-04-15T05:54:57","modified_gmt":"2025-04-15T05:54:57","slug":"trailing-suction-dredger-mud-door-cylinder","status":"publish","type":"product","link":"https:\/\/www.hydraulic-cylinders.net\/nb\/produkt\/trailing-suction-dredger-mud-door-cylinder\/","title":{"rendered":"Slepesuge muddermaskin-sylinder"},"content":{"rendered":"<h1 style=\"text-align: center;\"><strong>Slepesuge muddermaskin-sylinder<\/strong><\/h1>\n<h1 style=\"text-align: center;\"><strong><img loading=\"lazy\" decoding=\"async\" class=\"alignnone wp-image-1774\" src=\"https:\/\/hydraulic-cylinders.net\/wp-content\/uploads\/2023\/10\/trailing-suction-dredger-mud-door-cylinder-1-1-300x300.webp\" alt=\"\" width=\"400\" height=\"400\" \/><\/strong><\/h1>\n<p>Sylinderen til mudderluken p\u00e5 slepemudderfart\u00f8yet er en viktig hydraulisk komponent som er utviklet for \u00e5 forbedre effektiviteten og virkningsgraden av mudringsoperasjoner. Denne sylinderen spiller en avgj\u00f8rende rolle i \u00e5 kontrollere \u00e5pning og lukking av mudderlukene, og sikrer s\u00f8ml\u00f8s sedimentinntak og -utslipp.<\/p>\n<p>Slepemudderfart\u00f8yets mudderportsylinder er en kritisk komponent for \u00e5 optimalisere effektiviteten og produktiviteten til mudringsoperasjoner. Med sin robuste konstruksjon, presise kontroll og sikre lukking sikrer denne hydrauliske sylinderen s\u00f8ml\u00f8s sedimentinntak og -utslipp, noe som forbedrer den totale mudringseffektiviteten. Ved \u00e5 f\u00f8lge riktige bruksmetoder og regelmessige vedlikeholdspraksiser kan mudringsfagfolk maksimere ytelsen og levetiden til dette eksepsjonelle produktet. Omfavn kraften til slepemudderfart\u00f8yets mudderportsylinder og opplev forskjellen den kan utgj\u00f8re i mudringsarbeidet ditt.<\/p>\n<p>Viktige egenskaper ved sylinder for muddersluke for slepende sugefart\u00f8y:<\/p>\n<ol>\n<li>Robust konstruksjon:<\/li>\n<\/ol>\n<ul>\n<li>Mudderportsylinderen er konstruert av materialer av h\u00f8y kvalitet, noe som sikrer holdbarhet og lang levetid selv under krevende mudringsforhold.<br \/>\nDen er konstruert for \u00e5 t\u00e5le h\u00f8yt trykk, t\u00f8ffe milj\u00f8er og konstant bruk, og opprettholder jevn ytelse under mudringsoperasjoner.<\/li>\n<\/ul>\n<ol start=\"2\">\n<li>Jevn drift:<\/li>\n<\/ol>\n<ul>\n<li>Denne sylinderen gir jevn og presis drift, noe som muliggj\u00f8r effektiv kontroll og justering av lemd\u00f8rens \u00e5pnings- og lukkemekanismer.<\/li>\n<li>Det sikrer p\u00e5litelig og n\u00f8yaktig plassering av mudderporten, noe som muliggj\u00f8r optimal mudringsytelse.<\/li>\n<\/ul>\n<ol start=\"3\">\n<li>Kraftig aktivering:<\/li>\n<\/ol>\n<ul>\n<li>Lekeportens sylinder gir kraftige aktiveringsmuligheter, slik at det er enkelt \u00e5 \u00e5pne og lukke lekeporten.<\/li>\n<li>Den leverer den n\u00f8dvendige kraften til \u00e5 h\u00e5ndtere store mengder mudret materiale, og sikrer effektiv oppsamling og utslipp under mudringsoperasjoner.<\/li>\n<\/ul>\n<ol start=\"4\">\n<li>Tilpassbare parametere:<\/li>\n<\/ol>\n<ul>\n<li>Denne sylinderen muliggj\u00f8r tilpassbar justering av ulike parametere, som \u00e5pnings- og lukkehastighet, slaglengde og driftstrykk.<\/li>\n<li>Operat\u00f8rer kan skreddersy sylinderinnstillingene slik at de samsvarer med de spesifikke mudringskravene, og dermed optimalisere effektiviteten og produktiviteten til den totale operasjonen.<\/li>\n<\/ul>\n<h2><strong>Parameter for slepende sugedreder-slamd\u00f8rsylinder:<\/strong><\/h2>\n<table border=\"1\" cellspacing=\"0\" cellpadding=\"0\">\n<tbody>\n<tr>\n<td>Produktnavn<\/td>\n<td>Slepesuge muddermaskin-sylinder<\/td>\n<\/tr>\n<tr>\n<td>Funksjoner:<\/td>\n<td>Trekkkraft for \u00e5pning og lukking av lemd\u00f8ren, og kan utstyres med en forskyvningssensor etter behov<\/td>\n<\/tr>\n<tr>\n<td>Borediameter:<\/td>\n<td>400 mm<\/td>\n<\/tr>\n<tr>\n<td>Stangdiameter:<\/td>\n<td>200 mm<br \/>\nSlaglengde: 1400 mm<\/td>\n<\/tr>\n<tr>\n<td>Trykk:<\/td>\n<td>opptil 32 MPa<\/td>\n<\/tr>\n<tr>\n<td>Trekkkraft:<\/td>\n<td>Maksimum 2355 kN<\/td>\n<\/tr>\n<tr>\n<td>Bruksomr\u00e5der:<\/td>\n<td>Slepemuddermaskin<\/td>\n<\/tr>\n<\/tbody>\n<\/table>\n<div><\/div>\n<div>\n<div class=\"txtboxL\">\n<div class=\"txtboxL\">\n<div class=\"txtboxL\">Funksjoner:<\/div>\n<div class=\"txtboxR\">Trekkkraft for \u00e5pning og lukking av lemd\u00f8ren, og kan utstyres med en forskyvningssensor etter behov<\/div>\n<div class=\"txtboxL\">Spesifikasjon:<\/div>\n<div class=\"txtboxR\">Borediameter: 400 mm<br \/>\nStangdiameter: 200 mm<br \/>\nSlaglengde: 1400 mm<\/div>\n<div class=\"txtboxL\">Trykk:<\/div>\n<div class=\"txtboxR\">opptil 32 MPa<\/div>\n<div class=\"txtboxL\">Trekkkraft:<\/div>\n<div class=\"txtboxR\">Maksimum 2355 kN<\/div>\n<\/div>\n<\/div>\n<\/div>\n<h2><strong>Bruksomr\u00e5de for muddertankkutter-sugesylindere:<\/strong><\/h2>\n<p><img loading=\"lazy\" decoding=\"async\" class=\"alignnone wp-image-1757 size-full\" src=\"https:\/\/hydraulic-cylinders.net\/wp-content\/uploads\/2023\/10\/dredger-tank-cylinder-1.webp\" alt=\"\" width=\"600\" height=\"400\" srcset=\"https:\/\/hydraulic-cylinders.net\/wp-content\/uploads\/2023\/10\/dredger-tank-cylinder-1.webp 600w, https:\/\/hydraulic-cylinders.net\/wp-content\/uploads\/2023\/10\/dredger-tank-cylinder-1-480x320.webp 480w\" sizes=\"(min-width: 0px) and (max-width: 480px) 480px, (min-width: 481px) 600px, 100vw\" \/><\/p>\n<h2><strong>Bruksmetode for etterf\u00f8lgende sugedredder-slamd\u00f8rsylinder<\/strong><strong>:<\/strong><\/h2>\n<ol>\n<li><strong>Installasjon:<\/strong><\/li>\n<\/ol>\n<ul>\n<li>F\u00f8lg produsentens retningslinjer for \u00e5 montere mudd\u00f8rsylinderen sikkert p\u00e5 slepemudderfart\u00f8yet.<\/li>\n<li>S\u00f8rg for riktig justering og feste til lemd\u00f8ren og tilh\u00f8rende komponenter, slik at den fungerer jevnt og sikkert.<\/li>\n<\/ul>\n<ol start=\"2\">\n<li><strong>Kontroll og justering:<\/strong><\/li>\n<\/ol>\n<ul>\n<li>Bruk mudderfart\u00f8yets kontrollsystem til \u00e5 betjene og justere mudderportsylinderen.<\/li>\n<li>Kontroller \u00e5pning og lukking av mudderporten ved hjelp av de angitte kontrollene, slik at du f\u00e5r presis kontroll over utslippet av mudret materiale.<\/li>\n<\/ul>\n<ol start=\"3\">\n<li><strong>Mudringsoperasjoner:<\/strong><\/li>\n<\/ol>\n<ul>\n<li>Aktiver mudderportsylinderen for \u00e5 \u00e5pne eller lukke mudderporten etter behov under mudringsoperasjoner.<\/li>\n<li>Juster sylinderens parametere, som hastighet og slaglengde, for \u00e5 optimalisere mudringsprosessen og sikre effektiv materialinnsamling og -utslipp.<\/li>\n<\/ul>\n<h2><strong>Hvordan kontrollere hastigheten p\u00e5 den hydrauliske sylinderen?<\/strong><\/h2>\n<p>En hydraulisk sylinder er en mekanisk aktuator som omdanner hydraulisk trykk til line\u00e6r kraft og bevegelse. Den best\u00e5r av en sylindrisk sylinder, et stempel, en stempelstang, tetninger og porter for hydraulisk v\u00e6ske. Her er en oversikt over hvordan en hydraulisk sylinder fungerer:<\/p>\n<ol>\n<li><strong>Hydraulikkv\u00e6sketilf\u00f8rsel:<\/strong> En hydraulisk sylinder er koblet til en hydraulisk kraftenhet eller pumpe som forsyner trykksatt hydraulisk v\u00e6ske. V\u00e6sken er vanligvis en oljebasert hydraulisk v\u00e6ske.<\/li>\n<li><strong>Sylinderstruktur:<\/strong> Sylinderen har en hul sylindrisk sylinder med et stempel montert inni. Stempelet deler sylinderen inn i to kamre: stangkammeret og hettekammeret.<\/li>\n<li><strong>Trykkp\u00e5f\u00f8ring:<\/strong> Hydraulikkv\u00e6sken ledes inn i et av sylinderkamrene, enten stangenden eller hettekammeret, avhengig av \u00f8nsket bevegelsesretning.<\/li>\n<li><strong>Trykkforskjell:<\/strong> Den trykksatte hydrauliske v\u00e6sken virker p\u00e5 stempelets overflate og skaper en kraft som driver stempelet i den angitte retningen. Trykkforskjellen mellom de to kamrene f\u00e5r stempelet til \u00e5 bevege seg.<\/li>\n<li><strong>Line\u00e6r bevegelse:<\/strong> N\u00e5r hydraulikkv\u00e6sken presser mot stempelet, forlenges eller trekkes stempelstangen som er festet til stempelet line\u00e6rt, avhengig av retningen p\u00e5 v\u00e6skestr\u00f8mmen. Denne line\u00e6re bevegelsen overf\u00f8rer kraft til lasten eller mekanismen som er koblet til stempelstangen.<\/li>\n<li><strong>Tetningsmekanisme:<\/strong> Den hydrauliske sylinderen er utstyrt med tetninger, som stempeltetninger og stangtetninger, for \u00e5 forhindre lekkasje av hydraulisk v\u00e6ske. Disse tetningene opprettholder trykket i sylinderen og sikrer jevn drift ved \u00e5 forhindre v\u00e6skelekkasje.<\/li>\n<li><strong>Kontrollventiler:<\/strong> Kontrollventiler brukes til \u00e5 kontrollere retningen og str\u00f8mmen av hydraulisk v\u00e6ske. Disse ventilene styrer str\u00f8mmen av hydraulisk v\u00e6ske inn i sylinderens passende kammer, slik at stempelet kan forlenges eller trekkes tilbake.<\/li>\n<li><strong>Trykkavlastning:<\/strong> For \u00e5 kontrollere hastigheten og kraften til den hydrauliske sylinderen kan trykkavlastningsventiler eller str\u00f8mningskontrollventiler v\u00e6re integrert i det hydrauliske systemet. Disse ventilene regulerer trykket og str\u00f8mmen av hydraulisk v\u00e6ske, forhindrer overdreven trykkoppbygging og sikrer sikker drift.<\/li>\n<li><strong>Last inn applikasjon:<\/strong> Stempelstangen til den hydrauliske sylinderen er koblet til lasten eller mekanismen som krever kraft eller bevegelse. N\u00e5r stempelet forlenges eller trekkes tilbake, overf\u00f8res den genererte kraften gjennom stempelstangen til lasten, slik at den kan bevege seg eller ut\u00f8ve kraft.<\/li>\n<\/ol>\n<h2><strong>Fabrikkens kapasitet og kapasitet:<\/strong><\/h2>\n<h3>(1) Montering<\/h3>\n<p>Vi har en f\u00f8rsteklasses uavhengig forsknings- og utviklingsplattform for montering. Verkstedet for produksjon av hydrauliske sylindere har fire halvautomatiske monteringslinjer for l\u00f8ftesylindere og \u00e9n automatisk monteringslinje for vippesylindere, med en \u00e5rlig produksjonskapasitet p\u00e5 1 million enheter. Spesialsylinderverkstedet er utstyrt med ulike spesifikasjoner for et halvautomatisk rengj\u00f8ringsmonteringssystem med en \u00e5rlig produksjonskapasitet p\u00e5 200 000 enheter, og er utstyrt med kjent CNC-maskineringsutstyr, et maskineringssenter, spesialutstyr for h\u00f8ypresisjons sylinderbehandling, en robotsveisemaskin, en automatisk rengj\u00f8ringsmaskin, en automatisk sylindermonteringsmaskin og en automatisk produksjonslinje for lakkering. Vi har mer enn 300 sett (sett) av kritisk utstyr. Optimal allokering og effektiv bruk av utstyrsressurser sikrer n\u00f8yaktighetskravene til produktene og oppfyller produktenes h\u00f8ye kvalitetsbehov.<\/p>\n<p><img loading=\"lazy\" decoding=\"async\" class=\"alignnone wp-image-626\" src=\"https:\/\/hydraulic-cylinders.net\/wp-content\/uploads\/2023\/08\/hydraulic-cylinder-product-1-300x158.webp\" alt=\"\" width=\"495\" height=\"260\" srcset=\"https:\/\/hydraulic-cylinders.net\/wp-content\/uploads\/2023\/08\/hydraulic-cylinder-product-1-300x158.webp 495w, https:\/\/hydraulic-cylinders.net\/wp-content\/uploads\/2023\/08\/hydraulic-cylinder-product-1-480x252.webp 480w\" sizes=\"(min-width: 0px) and (max-width: 480px) 480px, (min-width: 481px) 495px, 100vw\" \/> <img loading=\"lazy\" decoding=\"async\" class=\"alignnone wp-image-627\" src=\"https:\/\/hydraulic-cylinders.net\/wp-content\/uploads\/2023\/08\/hydraulic-cylinder-product-2-300x189.webp\" alt=\"\" width=\"413\" height=\"260\" \/><\/p>\n<h3>(2) Maskinering<\/h3>\n<p>Maskineringsverkstedet er utstyrt med et spesialtilpasset dreiesenter for skr\u00e5 skinner, maskineringssenter, h\u00f8yhastighets honemaskin, sveiserobot og annet relatert utstyr, som kan h\u00e5ndtere bearbeiding av sylinderr\u00f8r med en maksimal indre diameter p\u00e5 400 mm og en maksimal lengde p\u00e5 6 meter.<\/p>\n<p><img loading=\"lazy\" decoding=\"async\" class=\"alignnone wp-image-628 size-large\" src=\"https:\/\/hydraulic-cylinders.net\/wp-content\/uploads\/2023\/08\/hydraulic-cylinder-product-3-1024x391.webp\" alt=\"\" width=\"1024\" height=\"391\" srcset=\"https:\/\/hydraulic-cylinders.net\/wp-content\/uploads\/2023\/08\/hydraulic-cylinder-product-3-980x374.webp 980w, https:\/\/hydraulic-cylinders.net\/wp-content\/uploads\/2023\/08\/hydraulic-cylinder-product-3-480x183.webp 480w\" sizes=\"(min-width: 0px) and (max-width: 480px) 480px, (min-width: 481px) and (max-width: 980px) 980px, (min-width: 981px) 1024px, 100vw\" \/><\/p>\n<h3>(3) Sveising<\/h3>\n<p><img loading=\"lazy\" decoding=\"async\" class=\"alignnone wp-image-629 size-large\" src=\"https:\/\/hydraulic-cylinders.net\/wp-content\/uploads\/2023\/08\/hydraulic-cylinder-product-4-1024x510.webp\" alt=\"\" width=\"1024\" height=\"510\" srcset=\"https:\/\/hydraulic-cylinders.net\/wp-content\/uploads\/2023\/08\/hydraulic-cylinder-product-4-980x488.webp 980w, https:\/\/hydraulic-cylinders.net\/wp-content\/uploads\/2023\/08\/hydraulic-cylinder-product-4-480x239.webp 480w\" sizes=\"(min-width: 0px) and (max-width: 480px) 480px, (min-width: 481px) and (max-width: 980px) 980px, (min-width: 981px) 1024px, 100vw\" \/><\/p>\n<h3>(4) Maling og belegg<\/h3>\n<p>Med sm\u00e5 og mellomstore sylinderautomatiske vannbaserte malingsbeleggslinjer, for \u00e5 oppn\u00e5 automatisk robotlasting og -lossing og automatisk spr\u00f8yting, er den designede kapasiteten 4000 stykker per skift;<br \/>\nVi har ogs\u00e5 en halvautomatisk produksjonslinje for maling for store sylindere drevet av en kabelkjede, med en designkapasitet p\u00e5 60 kasser per skift.<\/p>\n<p><img loading=\"lazy\" decoding=\"async\" class=\"alignnone wp-image-630\" src=\"https:\/\/hydraulic-cylinders.net\/wp-content\/uploads\/2023\/08\/hydraulic-cylinder-product-5-300x213.webp\" alt=\"\" width=\"366\" height=\"260\" \/> <img loading=\"lazy\" decoding=\"async\" class=\"alignnone wp-image-631\" src=\"https:\/\/hydraulic-cylinders.net\/wp-content\/uploads\/2023\/08\/hydraulic-cylinder-product-6-300x225.webp\" alt=\"\" width=\"347\" height=\"260\" \/><\/p>\n<h3>(5) Testing<\/h3>\n<p>Vi har f\u00f8rsteklasses inspeksjonsfasiliteter og testbenker for \u00e5 sikre at sylinderens ytelse oppfyller kravene.<\/p>\n<p><img loading=\"lazy\" decoding=\"async\" class=\"alignnone wp-image-632\" src=\"https:\/\/hydraulic-cylinders.net\/wp-content\/uploads\/2023\/08\/hydraulic-cylinder-product-8-300x200.webp\" alt=\"\" width=\"389\" height=\"260\" \/><\/p>\n<p>&nbsp;<\/p>\n<p>&nbsp;<\/p>\n<p>Vi er en av de beste produsentene av hydrauliske sylindere. Vi kan tilby et omfattende utvalg av hydrauliske sylindere. Vi tilbyr ogs\u00e5 tilsvarende <a href=\"https:\/\/hzpt.com\/agricultural-pto-gearbox\/\" target=\"_blank\" rel=\"noopener\">landbruksgirkasser<\/a>Vi har eksportert produktene v\u00e5re til kunder over hele verden og opparbeidet oss et godt rykte p\u00e5 grunn av v\u00e5r overlegne produktkvalitet og ettersalgsservice. Vi \u00f8nsker kunder i inn- og utland velkommen til \u00e5 kontakte oss for \u00e5 forhandle om forretninger, utveksle informasjon og <a href=\"https:\/\/www.hydraulic-cylinders.net\/nb\/contact-us\/\">samarbeide med oss<\/a>!<\/p>","protected":false},"excerpt":{"rendered":"<p>Trailing Suction Dredger Mud Door Cylinder The trailing suction dredger mud door cylinder is a vital hydraulic component designed to improve the efficiency and effectiveness of dredging operations. This cylinder plays a crucial role in controlling the opening and closing of the mud doors, ensuring seamless sediment intake and discharge. The trailing suction dredger mud [&hellip;]<\/p>","protected":false},"featured_media":1773,"comment_status":"open","ping_status":"closed","template":"","meta":{"_et_pb_use_builder":"","_et_pb_old_content":"","_et_gb_content_width":""},"product_brand":[],"product_cat":[1550,1535,1552,1376],"product_tag":[1380],"class_list":{"0":"post-1772","1":"product","2":"type-product","3":"status-publish","4":"has-post-thumbnail","6":"product_cat-double-acting-hydraulic-cylinder","7":"product_cat-dredger-hydraulic-cylinders","8":"product_cat-stainless-steel-hydraulic-cylinder","9":"product_cat-hydraulic-cylinder","10":"product_tag-hydraulic-cylinder","12":"first","13":"instock","14":"shipping-taxable","15":"product-type-simple"},"amp_enabled":true,"_links":{"self":[{"href":"https:\/\/www.hydraulic-cylinders.net\/nb\/wp-json\/wp\/v2\/product\/1772","targetHints":{"allow":["GET"]}}],"collection":[{"href":"https:\/\/www.hydraulic-cylinders.net\/nb\/wp-json\/wp\/v2\/product"}],"about":[{"href":"https:\/\/www.hydraulic-cylinders.net\/nb\/wp-json\/wp\/v2\/types\/product"}],"replies":[{"embeddable":true,"href":"https:\/\/www.hydraulic-cylinders.net\/nb\/wp-json\/wp\/v2\/comments?post=1772"}],"wp:featuredmedia":[{"embeddable":true,"href":"https:\/\/www.hydraulic-cylinders.net\/nb\/wp-json\/wp\/v2\/media\/1773"}],"wp:attachment":[{"href":"https:\/\/www.hydraulic-cylinders.net\/nb\/wp-json\/wp\/v2\/media?parent=1772"}],"wp:term":[{"taxonomy":"product_brand","embeddable":true,"href":"https:\/\/www.hydraulic-cylinders.net\/nb\/wp-json\/wp\/v2\/product_brand?post=1772"},{"taxonomy":"product_cat","embeddable":true,"href":"https:\/\/www.hydraulic-cylinders.net\/nb\/wp-json\/wp\/v2\/product_cat?post=1772"},{"taxonomy":"product_tag","embeddable":true,"href":"https:\/\/www.hydraulic-cylinders.net\/nb\/wp-json\/wp\/v2\/product_tag?post=1772"}],"curies":[{"name":"wp","href":"https:\/\/api.w.org\/{rel}","templated":true}]}}