{"id":1775,"date":"2023-10-13T06:57:31","date_gmt":"2023-10-13T06:57:31","guid":{"rendered":"https:\/\/hydraulic-cylinders.net\/?post_type=product&#038;p=1775"},"modified":"2025-04-15T05:54:54","modified_gmt":"2025-04-15T05:54:54","slug":"trailing-suction-dredger-overflow-cylinder","status":"publish","type":"product","link":"https:\/\/www.hydraulic-cylinders.net\/nb\/produkt\/trailing-suction-dredger-overflow-cylinder\/","title":{"rendered":"Overl\u00f8pssylinder for etterf\u00f8lgende sugedredder"},"content":{"rendered":"<h1 style=\"text-align: center;\"><strong>Overl\u00f8pssylinder for etterf\u00f8lgende sugedredder<\/strong><\/h1>\n<h1 style=\"text-align: center;\"><img loading=\"lazy\" decoding=\"async\" class=\"alignnone wp-image-1776\" src=\"https:\/\/hydraulic-cylinders.net\/wp-content\/uploads\/2023\/10\/trailing-suction-dredger-overflow-cylinder-1-300x300.webp\" alt=\"\" width=\"400\" height=\"400\" \/><\/h1>\n<p>Overl\u00f8pssylinderen til slepemudringsfart\u00f8yet er en viktig komponent i moderne mudringsutstyr. Denne sylinderen er designet for \u00e5 optimalisere ytelsen til slepemudringsfart\u00f8y, og spiller en avgj\u00f8rende rolle i styringen av overl\u00f8pssystemet.<\/p>\n<p>Overl\u00f8pssylinderen til slepemudringsfart\u00f8yet er en viktig komponent for \u00e5 oppn\u00e5 effektive mudringsoperasjoner. Med sin robuste konstruksjon, presise kontroll, p\u00e5litelige aktivering og tilpassbare innstillinger forbedrer denne sylinderen den generelle ytelsen til slepemudringsfart\u00f8yene. Ved \u00e5 f\u00f8lge anbefalte bruksmetoder og vedlikeholdspraksiser kan operat\u00f8rer maksimere ytelsen og levetiden til overl\u00f8pssylinderen, noe som til slutt forbedrer effektiviteten og virkningsgraden av mudringsaktivitetene.<\/p>\n<p>Viktige egenskaper ved overl\u00f8pssylinder for slepende sugefart\u00f8y:<\/p>\n<ol>\n<li>Robust konstruksjon:<\/li>\n<\/ol>\n<ul>\n<li>Overl\u00f8pssylinderen er bygget med materialer av h\u00f8y kvalitet, noe som sikrer holdbarhet og lang levetid selv i utfordrende mudringsmilj\u00f8er.<\/li>\n<li>Den robuste konstruksjonen gj\u00f8r at den t\u00e5ler h\u00f8yt trykk, t\u00f8ffe forhold og konstant bruk, og opprettholder jevn ytelse gjennom hele mudringsoperasjonene.<\/li>\n<\/ul>\n<ol start=\"2\">\n<li>Presis kontroll:<\/li>\n<\/ol>\n<ul>\n<li>Denne sylinderen gir presis kontroll over overl\u00f8pssystemet, noe som muliggj\u00f8r n\u00f8yaktig h\u00e5ndtering av mudringsmaterialet.<\/li>\n<li>Det sikrer optimal kontroll og regulering av overl\u00f8psprosessen, noe som muliggj\u00f8r effektiv separasjon og utslipp av sediment.<\/li>\n<\/ul>\n<ol start=\"3\">\n<li>P\u00e5litelig aktivering:<\/li>\n<\/ol>\n<ul>\n<li>Overl\u00f8pssylinderen gir p\u00e5litelige aktiveringsegenskaper, noe som sikrer jevn og jevn drift av overl\u00f8pssystemet.<\/li>\n<li>Den leverer den n\u00f8dvendige kraften til \u00e5 kontrollere bevegelsen til overl\u00f8psporten, og sikrer effektiv styring av str\u00f8mmen av mudret material.<\/li>\n<\/ul>\n<ol start=\"4\">\n<li>Tilpassbare innstillinger:<\/li>\n<\/ol>\n<ul>\n<li>Denne sylinderen muliggj\u00f8r tilpassbar justering av ulike parametere, som \u00e5pnings- og lukkehastighet, slaglengde og aktiveringstrykk.<\/li>\n<li>Operat\u00f8rer kan skreddersy disse innstillingene for \u00e5 matche spesifikke mudringskrav, og optimalisere effektiviteten til overl\u00f8pssystemet.<\/li>\n<\/ul>\n<h2><strong>Parameter for overl\u00f8pssylinder for etterf\u00f8lgende sugedreder:<\/strong><\/h2>\n<table border=\"1\" cellspacing=\"0\" cellpadding=\"0\">\n<tbody>\n<tr>\n<td>Produktnavn<\/td>\n<td>Overl\u00f8pssylinder for etterf\u00f8lgende sugedredder<\/td>\n<\/tr>\n<tr>\n<td>Funksjoner:<\/td>\n<td>S\u00f8rg for trekkraft for l\u00f8fting av avlastningsr\u00f8ret<\/td>\n<\/tr>\n<tr>\n<td>Borediameter:<\/td>\n<td>Opptil 280 mm<\/td>\n<\/tr>\n<tr>\n<td>Stangdiameter:<\/td>\n<td>Opptil 180 mm<br \/>\nSlaglengde opptil 6000 mm<\/td>\n<\/tr>\n<tr>\n<td>Trykk:<\/td>\n<td>opptil 32 MPa<\/td>\n<\/tr>\n<tr>\n<td>Trekkkraft:<\/td>\n<td>Maksimum 900 kN<\/td>\n<\/tr>\n<tr>\n<td>Bruksomr\u00e5der:<\/td>\n<td>Slepemuddermaskin<\/td>\n<\/tr>\n<\/tbody>\n<\/table>\n<div><\/div>\n<div>\n<div class=\"txtboxL\">\n<div class=\"txtboxL\">\n<div class=\"txtboxL\">\n<div class=\"txtboxL\">Funksjoner:<\/div>\n<div class=\"txtboxR\">S\u00f8rg for trekkraft for l\u00f8fting av avlastningsr\u00f8ret<\/div>\n<div class=\"txtboxL\">Spesifikasjon:<\/div>\n<div class=\"txtboxR\">Borediameter: opptil 280 mm<br \/>\nStangdiameter: opptil 180 mm<br \/>\nSlaglengde opptil 6000 mm<\/div>\n<div class=\"txtboxL\">Trykk:<\/div>\n<div class=\"txtboxR\">opptil 32 MPa<\/div>\n<div class=\"txtboxL\">Trekkkraft:<\/div>\n<div class=\"txtboxR\">Maksimum 900 kN<\/div>\n<\/div>\n<\/div>\n<\/div>\n<\/div>\n<h2><strong>Bruksomr\u00e5de for muddertankkutter-sugesylindere:<\/strong><\/h2>\n<p><img loading=\"lazy\" decoding=\"async\" class=\"alignnone wp-image-1757 size-full\" src=\"https:\/\/hydraulic-cylinders.net\/wp-content\/uploads\/2023\/10\/dredger-tank-cylinder-1.webp\" alt=\"\" width=\"600\" height=\"400\" srcset=\"https:\/\/hydraulic-cylinders.net\/wp-content\/uploads\/2023\/10\/dredger-tank-cylinder-1.webp 600w, https:\/\/hydraulic-cylinders.net\/wp-content\/uploads\/2023\/10\/dredger-tank-cylinder-1-480x320.webp 480w\" sizes=\"(min-width: 0px) and (max-width: 480px) 480px, (min-width: 481px) 600px, 100vw\" \/><\/p>\n<h2><strong>Bruksmetode for overl\u00f8pssylinder for etterf\u00f8lgende sugedredder<\/strong><strong>:<\/strong><\/h2>\n<ol>\n<li><strong>Installasjon:<\/strong><\/li>\n<\/ol>\n<ul>\n<li>F\u00f8lg produsentens retningslinjer for \u00e5 installere overl\u00f8pssylinderen sikkert p\u00e5 slepemudderfart\u00f8yet.<\/li>\n<li>S\u00f8rg for riktig justering og festing av sylinderen til overl\u00f8psporten og tilh\u00f8rende komponenter, slik at du sikrer jevn og p\u00e5litelig drift.<\/li>\n<\/ul>\n<ol start=\"2\">\n<li><strong>Overl\u00f8pssystemh\u00e5ndtering:<\/strong><\/li>\n<\/ol>\n<ul>\n<li>Bruk mudderfart\u00f8yets kontrollsystem til \u00e5 betjene og administrere overl\u00f8pssylinderen.<\/li>\n<li>Kontroller \u00e5pning og lukking av overl\u00f8psporten ved hjelp av de angitte kontrollene, slik at du f\u00e5r presis kontroll over str\u00f8mmen og utslippet av mudret materiale.<\/li>\n<\/ul>\n<ol start=\"3\">\n<li><strong>Mudringsoperasjoner:<\/strong><\/li>\n<\/ol>\n<ul>\n<li>Aktiver overl\u00f8pssylinderen for \u00e5 justere posisjonen til overl\u00f8psporten etter behov under mudringsoperasjoner.<\/li>\n<li>Juster sylinderens innstillinger, som hastighet og slaglengde, for \u00e5 optimalisere overl\u00f8psprosessen og sikre effektiv separasjon og t\u00f8mming av sediment.<\/li>\n<\/ul>\n<h2><strong>Hvordan demontere en hydraulisk sylinder?<\/strong><\/h2>\n<p>Demontering av en hydraulisk sylinder krever n\u00f8ye oppmerksomhet og overholdelse av riktige prosedyrer for \u00e5 sikre sikker og effektiv demontering. Her er en trinnvis veiledning for hvordan du demonterer en hydraulisk sylinder:<\/p>\n<ol>\n<li><strong>Samle n\u00f8dvendige verkt\u00f8y og utstyr:<\/strong>\n<ul>\n<li>Skiften\u00f8kler eller pipesett<\/li>\n<li>Br\u00e6kjern eller skrutrekker<\/li>\n<li>Gummihammer eller d\u00f8dslagshammer<\/li>\n<li>Rene filler eller butikkh\u00e5ndkl\u00e6r<\/li>\n<li>Oppsamlingspanne eller beholder for hydraulisk v\u00e6ske<\/li>\n<li>Vernehansker og vernebriller<\/li>\n<\/ul>\n<\/li>\n<li><strong>Forbered arbeidsomr\u00e5det:<\/strong>\n<ul>\n<li>S\u00f8rg for at du har et rent og organisert arbeidsomr\u00e5de med tilstrekkelig plass til \u00e5 legge ut de demonterte komponentene.<\/li>\n<li>Legg en absorberende matte eller oljeabsorberende materiale for \u00e5 samle opp s\u00f8lt hydraulikkv\u00e6ske.<\/li>\n<\/ul>\n<\/li>\n<li><strong>Avlast hydraulisk trykk:<\/strong>\n<ul>\n<li>F\u00f8r demonteringsprosessen starter, slipp ut det hydrauliske trykket fra sylinderen. Dette kan gj\u00f8res ved \u00e5 aktivere den hydrauliske systemets kontrollventil for \u00e5 trekke sylinderen helt inn.<\/li>\n<\/ul>\n<\/li>\n<li><strong>Fjern beslag og tilkoblinger:<\/strong>\n<ul>\n<li>Bruk skiften\u00f8kler eller et pipen\u00f8kkelsett til \u00e5 l\u00f8sne og fjerne forsiktig eventuelle beslag, kontakter eller hydrauliske slanger som er festet til sylinderen.<\/li>\n<li>Hold oversikt over beslagene og deres tilh\u00f8rende plasseringer for montering igjen.<\/li>\n<\/ul>\n<\/li>\n<li><strong>Sikre sylinderen:<\/strong>\n<ul>\n<li>S\u00f8rg for at sylinderen er ordentlig st\u00f8ttet opp med en egnet arbeidsbenk eller skrustikke for \u00e5 forhindre at den faller eller ruller under demontering.<\/li>\n<\/ul>\n<\/li>\n<li><strong>Fjern kjernen eller endedekselet:<\/strong>\n<ul>\n<li>Glandpakningen eller endedekselet er vanligvis plassert ved sylinderens stangende.<\/li>\n<li>Bruk en skiften\u00f8kkel eller pipen\u00f8kkel til \u00e5 l\u00f8sne og fjerne festeboltene eller mutterne.<\/li>\n<li>Hvis pakkboksen eller endedekselet sitter fast, kan du banke lett p\u00e5 den med en gummihammer eller en slaghammer for \u00e5 l\u00f8sne den.<\/li>\n<li>N\u00e5r den er l\u00f8s, fjern forsiktig pakkboksen eller endedekselet, slik at eventuell hydraulisk v\u00e6ske renner ned i oppsamlingspannen.<\/li>\n<\/ul>\n<\/li>\n<li><strong>Trekk ut stempel- og stangenheten:<\/strong>\n<ul>\n<li>N\u00e5r pakkboksen eller endedekselet er fjernet, kan du n\u00e5 f\u00e5 tilgang til stempel- og stangenheten.<\/li>\n<li>Skyv stempel- og stangenheten forsiktig ut av sylindersylinderen, og s\u00f8rg for at du har et godt grep for \u00e5 hindre at den faller eller blir skadet.<\/li>\n<li>Hvis enheten sitter fast, kan du bruke en brekjern eller skrutrekker til \u00e5 forsiktig bruke kraftverk og hjelpe til med \u00e5 fjerne den.<\/li>\n<\/ul>\n<\/li>\n<li><strong>Inspiser og rengj\u00f8r komponentene:<\/strong>\n<ul>\n<li>Etter demontering, kontroller alle komponenter for tegn p\u00e5 slitasje, skade eller forurensning.<\/li>\n<li>Rengj\u00f8r komponentene grundig med rene filler eller h\u00e5ndkl\u00e6r, og fjern smuss, rusk eller hydraulisk v\u00e6ske.<\/li>\n<li>V\u00e6r n\u00f8ye med stempelet, stangen, sylinderr\u00f8ret og pakningene.<\/li>\n<\/ul>\n<\/li>\n<li><strong>Bytt ut eller reparer komponenter:<\/strong>\n<ul>\n<li>Hvis noen komponenter er slitte eller skadet, anbefales det \u00e5 erstatte dem med nye.<\/li>\n<li>Inspiser pakningene for tegn p\u00e5 slitasje, og skift dem ut om n\u00f8dvendig.<\/li>\n<li>Se produsentens retningslinjer eller s\u00f8k profesjonell r\u00e5dgivning hvis du er usikker p\u00e5 utskifting eller reparasjon av komponenter.<\/li>\n<\/ul>\n<\/li>\n<li><strong>Montering:<\/strong>\n<ul>\n<li>F\u00f8lg produsentens instruksjoner for \u00e5 montere den hydrauliske sylinderen p\u00e5 nytt.<\/li>\n<li>P\u00e5f\u00f8r en passende hydraulisk v\u00e6ske eller sm\u00f8remiddel p\u00e5 tetningene og komponentene under montering.<\/li>\n<li>S\u00f8rg for at alle beslag og tilkoblinger er strammet til de angitte momentverdiene.<\/li>\n<li>Dobbeltsjekk at komponentene er riktig justert og orientert f\u00f8r du fullf\u00f8rer monteringen.<\/li>\n<\/ul>\n<\/li>\n<\/ol>\n<h2><strong>Fabrikkens kapasitet og kapasitet:<\/strong><\/h2>\n<h3>(1) Montering<\/h3>\n<p>Vi har en f\u00f8rsteklasses uavhengig forsknings- og utviklingsplattform for montering. Verkstedet for produksjon av hydrauliske sylindere har fire halvautomatiske monteringslinjer for l\u00f8ftesylindere og \u00e9n automatisk monteringslinje for vippesylindere, med en \u00e5rlig produksjonskapasitet p\u00e5 1 million enheter. Spesialsylinderverkstedet er utstyrt med ulike spesifikasjoner for et halvautomatisk rengj\u00f8ringsmonteringssystem med en \u00e5rlig produksjonskapasitet p\u00e5 200 000 enheter, og er utstyrt med kjent CNC-maskineringsutstyr, et maskineringssenter, spesialutstyr for h\u00f8ypresisjons sylinderbehandling, en robotsveisemaskin, en automatisk rengj\u00f8ringsmaskin, en automatisk sylindermonteringsmaskin og en automatisk produksjonslinje for lakkering. Vi har mer enn 300 sett (sett) av kritisk utstyr. Optimal allokering og effektiv bruk av utstyrsressurser sikrer n\u00f8yaktighetskravene til produktene og oppfyller produktenes h\u00f8ye kvalitetsbehov.<\/p>\n<p><img loading=\"lazy\" decoding=\"async\" class=\"alignnone wp-image-626\" src=\"https:\/\/hydraulic-cylinders.net\/wp-content\/uploads\/2023\/08\/hydraulic-cylinder-product-1-300x158.webp\" alt=\"\" width=\"495\" height=\"260\" srcset=\"https:\/\/hydraulic-cylinders.net\/wp-content\/uploads\/2023\/08\/hydraulic-cylinder-product-1-300x158.webp 495w, https:\/\/hydraulic-cylinders.net\/wp-content\/uploads\/2023\/08\/hydraulic-cylinder-product-1-480x252.webp 480w\" sizes=\"(min-width: 0px) and (max-width: 480px) 480px, (min-width: 481px) 495px, 100vw\" \/> <img loading=\"lazy\" decoding=\"async\" class=\"alignnone wp-image-627\" src=\"https:\/\/hydraulic-cylinders.net\/wp-content\/uploads\/2023\/08\/hydraulic-cylinder-product-2-300x189.webp\" alt=\"\" width=\"413\" height=\"260\" \/><\/p>\n<h3>(2) Maskinering<\/h3>\n<p>Maskineringsverkstedet er utstyrt med et spesialtilpasset dreiesenter for skr\u00e5 skinner, maskineringssenter, h\u00f8yhastighets honemaskin, sveiserobot og annet relatert utstyr, som kan h\u00e5ndtere bearbeiding av sylinderr\u00f8r med en maksimal indre diameter p\u00e5 400 mm og en maksimal lengde p\u00e5 6 meter.<\/p>\n<p><img loading=\"lazy\" decoding=\"async\" class=\"alignnone wp-image-628 size-large\" src=\"https:\/\/hydraulic-cylinders.net\/wp-content\/uploads\/2023\/08\/hydraulic-cylinder-product-3-1024x391.webp\" alt=\"\" width=\"1024\" height=\"391\" srcset=\"https:\/\/hydraulic-cylinders.net\/wp-content\/uploads\/2023\/08\/hydraulic-cylinder-product-3-980x374.webp 980w, https:\/\/hydraulic-cylinders.net\/wp-content\/uploads\/2023\/08\/hydraulic-cylinder-product-3-480x183.webp 480w\" sizes=\"(min-width: 0px) and (max-width: 480px) 480px, (min-width: 481px) and (max-width: 980px) 980px, (min-width: 981px) 1024px, 100vw\" \/><\/p>\n<h3>(3) Sveising<\/h3>\n<p><img loading=\"lazy\" decoding=\"async\" class=\"alignnone wp-image-629 size-large\" src=\"https:\/\/hydraulic-cylinders.net\/wp-content\/uploads\/2023\/08\/hydraulic-cylinder-product-4-1024x510.webp\" alt=\"\" width=\"1024\" height=\"510\" srcset=\"https:\/\/hydraulic-cylinders.net\/wp-content\/uploads\/2023\/08\/hydraulic-cylinder-product-4-980x488.webp 980w, https:\/\/hydraulic-cylinders.net\/wp-content\/uploads\/2023\/08\/hydraulic-cylinder-product-4-480x239.webp 480w\" sizes=\"(min-width: 0px) and (max-width: 480px) 480px, (min-width: 481px) and (max-width: 980px) 980px, (min-width: 981px) 1024px, 100vw\" \/><\/p>\n<h3>(4) Maling og belegg<\/h3>\n<p>Med sm\u00e5 og mellomstore sylinderautomatiske vannbaserte malingsbeleggslinjer, for \u00e5 oppn\u00e5 automatisk robotlasting og -lossing og automatisk spr\u00f8yting, er den designede kapasiteten 4000 stykker per skift;<br \/>\nVi har ogs\u00e5 en halvautomatisk produksjonslinje for maling for store sylindere drevet av en kabelkjede, med en designkapasitet p\u00e5 60 kasser per skift.<\/p>\n<p><img loading=\"lazy\" decoding=\"async\" class=\"alignnone wp-image-630\" src=\"https:\/\/hydraulic-cylinders.net\/wp-content\/uploads\/2023\/08\/hydraulic-cylinder-product-5-300x213.webp\" alt=\"\" width=\"366\" height=\"260\" \/> <img loading=\"lazy\" decoding=\"async\" class=\"alignnone wp-image-631\" src=\"https:\/\/hydraulic-cylinders.net\/wp-content\/uploads\/2023\/08\/hydraulic-cylinder-product-6-300x225.webp\" alt=\"\" width=\"347\" height=\"260\" \/><\/p>\n<h3>(5) Testing<\/h3>\n<p>Vi har f\u00f8rsteklasses inspeksjonsfasiliteter og testbenker for \u00e5 sikre at sylinderens ytelse oppfyller kravene.<\/p>\n<p><img loading=\"lazy\" decoding=\"async\" class=\"alignnone wp-image-632\" src=\"https:\/\/hydraulic-cylinders.net\/wp-content\/uploads\/2023\/08\/hydraulic-cylinder-product-8-300x200.webp\" alt=\"\" width=\"389\" height=\"260\" \/><\/p>\n<p>&nbsp;<\/p>\n<p>&nbsp;<\/p>\n<p>Vi er en av de beste produsentene av hydrauliske sylindere. Vi kan tilby et omfattende utvalg av hydrauliske sylindere. Vi tilbyr ogs\u00e5 tilsvarende <a href=\"https:\/\/hzpt.com\/agricultural-pto-gearbox\/\" target=\"_blank\" rel=\"noopener\">landbruksgirkasser<\/a>Vi har eksportert produktene v\u00e5re til kunder over hele verden og opparbeidet oss et godt rykte p\u00e5 grunn av v\u00e5r overlegne produktkvalitet og ettersalgsservice. Vi \u00f8nsker kunder i inn- og utland velkommen til \u00e5 kontakte oss for \u00e5 forhandle om forretninger, utveksle informasjon og <a href=\"https:\/\/www.hydraulic-cylinders.net\/nb\/contact-us\/\">samarbeide med oss<\/a>!<\/p>","protected":false},"excerpt":{"rendered":"<p>Trailing Suction Dredger Overflow Cylinder The trailing suction dredger overflow cylinder is a vital component in modern dredging equipment. Designed to optimize the performance of trailing suction dredgers, this cylinder plays a crucial role in managing the overflow system. The trailing suction dredger overflow cylinder is an essential component for achieving efficient and effective dredging [&hellip;]<\/p>","protected":false},"featured_media":1777,"comment_status":"open","ping_status":"closed","template":"","meta":{"_et_pb_use_builder":"","_et_pb_old_content":"","_et_gb_content_width":""},"product_brand":[],"product_cat":[1535,1549,1552,1376],"product_tag":[1380],"class_list":{"0":"post-1775","1":"product","2":"type-product","3":"status-publish","4":"has-post-thumbnail","6":"product_cat-dredger-hydraulic-cylinders","7":"product_cat-single-acting-hydraulic-cylinder","8":"product_cat-stainless-steel-hydraulic-cylinder","9":"product_cat-hydraulic-cylinder","10":"product_tag-hydraulic-cylinder","12":"first","13":"instock","14":"shipping-taxable","15":"product-type-simple"},"amp_enabled":true,"_links":{"self":[{"href":"https:\/\/www.hydraulic-cylinders.net\/nb\/wp-json\/wp\/v2\/product\/1775","targetHints":{"allow":["GET"]}}],"collection":[{"href":"https:\/\/www.hydraulic-cylinders.net\/nb\/wp-json\/wp\/v2\/product"}],"about":[{"href":"https:\/\/www.hydraulic-cylinders.net\/nb\/wp-json\/wp\/v2\/types\/product"}],"replies":[{"embeddable":true,"href":"https:\/\/www.hydraulic-cylinders.net\/nb\/wp-json\/wp\/v2\/comments?post=1775"}],"wp:featuredmedia":[{"embeddable":true,"href":"https:\/\/www.hydraulic-cylinders.net\/nb\/wp-json\/wp\/v2\/media\/1777"}],"wp:attachment":[{"href":"https:\/\/www.hydraulic-cylinders.net\/nb\/wp-json\/wp\/v2\/media?parent=1775"}],"wp:term":[{"taxonomy":"product_brand","embeddable":true,"href":"https:\/\/www.hydraulic-cylinders.net\/nb\/wp-json\/wp\/v2\/product_brand?post=1775"},{"taxonomy":"product_cat","embeddable":true,"href":"https:\/\/www.hydraulic-cylinders.net\/nb\/wp-json\/wp\/v2\/product_cat?post=1775"},{"taxonomy":"product_tag","embeddable":true,"href":"https:\/\/www.hydraulic-cylinders.net\/nb\/wp-json\/wp\/v2\/product_tag?post=1775"}],"curies":[{"name":"wp","href":"https:\/\/api.w.org\/{rel}","templated":true}]}}