{"id":1785,"date":"2023-10-13T08:07:17","date_gmt":"2023-10-13T08:07:17","guid":{"rendered":"https:\/\/hydraulic-cylinders.net\/?post_type=product&#038;p=1785"},"modified":"2025-04-15T05:54:48","modified_gmt":"2025-04-15T05:54:48","slug":"jack-up-offshore-platform-lifting-cylinder","status":"publish","type":"product","link":"https:\/\/www.hydraulic-cylinders.net\/nb\/produkt\/jack-up-offshore-platform-lifting-cylinder\/","title":{"rendered":"L\u00f8ftesylinder for offshore-plattform med oppjekkbar plattform"},"content":{"rendered":"<h1 style=\"text-align: center;\"><strong>L\u00f8ftesylinder for offshore-plattform med oppjekkbar plattform<\/strong><\/h1>\n<h1 style=\"text-align: center;\"><img loading=\"lazy\" decoding=\"async\" class=\"alignnone wp-image-1786\" src=\"https:\/\/hydraulic-cylinders.net\/wp-content\/uploads\/2023\/10\/lifting-cylinder-1-2-300x300.webp\" alt=\"\" width=\"400\" height=\"400\" \/><\/h1>\n<p>L\u00f8ftesylinderen for offshoreplattformer med oppjekkbar plattform er et banebrytende hydraulisk system som er spesielt utviklet for offshoreplattformer. Den er avgj\u00f8rende for \u00e5 heve og stabilisere medier, og sikre sikker og effektiv drift i utfordrende offshoremilj\u00f8er. Med sine avanserte funksjoner og robuste konstruksjon er denne l\u00f8ftesylinderen den foretrukne l\u00f8sningen for offshoreindustrier over hele verden.<\/p>\n<p>L\u00f8ftesylinderen for offshoreplattformer med oppjekkbar plattform er et p\u00e5litelig og effektivt hydraulisk system som er utviklet for \u00e5 heve og stabilisere offshoreplattformer. Den robuste konstruksjonen, h\u00f8ye lastekapasiteten og justerbare h\u00f8ydemulighetene sikrer sikker og s\u00f8ml\u00f8s drift i utfordrende offshoremilj\u00f8er. Ved \u00e5 f\u00f8lge de anbefalte bruksmetodene og implementere regelmessige vedlikeholdspraksiser, kan operat\u00f8rer maksimere levetiden og ytelsen til denne viktige l\u00f8ftel\u00f8sningen, og dermed bidra til suksessen til offshoreprosjekter.<\/p>\n<p>Viktige egenskaper for l\u00f8ftesylinder for offshore-plattform med oppjekkbar oppjekk:<\/p>\n<ul>\n<li>Robust konstruksjon: L\u00f8ftesylinderen er bygget for \u00e5 t\u00e5le de t\u00f8ffe forholdene i offshore-milj\u00f8er. Den er konstruert av korrosjonsbestandige materialer av h\u00f8y kvalitet, og tilbyr eksepsjonell holdbarhet og lang levetid, noe som minimerer vedlikeholdsbehovet.<\/li>\n<li>H\u00f8y lastekapasitet: L\u00f8ftesylinderen har en imponerende lastekapasitet, slik at den kan h\u00e5ndtere tunge lass med letthet. Den gir p\u00e5litelig st\u00f8tte for hele plattformen under heving, noe som sikrer stabilitet og sikkerhet under drift.<\/li>\n<li>Hydraulisk kraft: L\u00f8ftesylinderen drives av et hydraulisk system og bruker kraften som genereres av trykksatte v\u00e6sker til \u00e5 heve og senke plattformen. Denne hydrauliske mekanismen gir presis kontroll over l\u00f8fteprosessen, noe som sikrer jevne og kontrollerte bevegelser.<\/li>\n<li>Justerbar h\u00f8yde: L\u00f8ftesylinderen for offshore-plattformen med oppjekkbar ...<\/li>\n<\/ul>\n<h2><strong>Parameter for l\u00f8ftesylinder for offshore-plattform med oppjekkbar plattform:<\/strong><\/h2>\n<table border=\"1\" cellspacing=\"0\" cellpadding=\"0\">\n<tbody>\n<tr>\n<td>Produktnavn<\/td>\n<td>L\u00f8ftesylinder for offshore-plattform med oppjekkbar plattform<\/td>\n<\/tr>\n<tr>\n<td>Funksjoner:<\/td>\n<td>Realiser l\u00f8fting og senking av plattformen ved \u00e5 drive ringbjelken<\/td>\n<\/tr>\n<tr>\n<td>Borediameter:<\/td>\n<td>Opptil 700 mm<\/td>\n<\/tr>\n<tr>\n<td>Stangdiameter:<\/td>\n<td>Opptil 420 mm<br \/>\nSlaglengde opptil 2150 mm<\/td>\n<\/tr>\n<tr>\n<td>Trykk:<\/td>\n<td>opptil 32 MPa<\/td>\n<\/tr>\n<tr>\n<td>Sensor:<\/td>\n<td>En ekstern forskyvningssensor kan konfigureres for \u00e5 dekke behovene for vedlikehold og utskifting av sensoren uten \u00e5 demontere sylindrene.<\/td>\n<\/tr>\n<tr>\n<td>Bruksomr\u00e5der:<\/td>\n<td>Jack-up offshore-plattform<\/td>\n<\/tr>\n<\/tbody>\n<\/table>\n<div><\/div>\n<div>\n<div class=\"txtboxL\">\n<div class=\"txtboxL\">\n<div class=\"txtboxL\">\n<div class=\"txtboxL\">\n<div class=\"txtboxL\">\n<div class=\"txtboxL\">Funksjoner:<\/div>\n<div class=\"txtboxR\">Realiser l\u00f8fting og senking av plattformen ved \u00e5 drive ringbjelken<\/div>\n<div class=\"txtboxL\">Spesifikasjon:<\/div>\n<div class=\"txtboxR\">Borediameter: opptil 700 mm<br \/>\nStangdiameter: opptil 420 mm<br \/>\nSlaglengde opptil 2150 mm<\/div>\n<div class=\"txtboxL\">Trykk:<\/div>\n<div class=\"txtboxR\">opptil 32 MPa<\/div>\n<div class=\"txtboxL\">Sensor:<\/div>\n<div class=\"txtboxR\">En ekstern forskyvningssensor kan konfigureres for \u00e5 dekke behovene for vedlikehold og utskifting av sensoren uten \u00e5 demontere sylindrene.<\/div>\n<\/div>\n<\/div>\n<\/div>\n<\/div>\n<\/div>\n<\/div>\n<h2><strong>Bruksomr\u00e5de for sylinder for oppjekkbar offshore-plattform:<\/strong><\/h2>\n<p><img loading=\"lazy\" decoding=\"async\" class=\"alignnone wp-image-1788 size-full\" src=\"https:\/\/hydraulic-cylinders.net\/wp-content\/uploads\/2023\/10\/jack-up-offshore-platform-cylinder-1.webp\" alt=\"\" width=\"1418\" height=\"946\" srcset=\"https:\/\/hydraulic-cylinders.net\/wp-content\/uploads\/2023\/10\/jack-up-offshore-platform-cylinder-1.webp 1418w, https:\/\/hydraulic-cylinders.net\/wp-content\/uploads\/2023\/10\/jack-up-offshore-platform-cylinder-1-1280x854.webp 1280w, https:\/\/hydraulic-cylinders.net\/wp-content\/uploads\/2023\/10\/jack-up-offshore-platform-cylinder-1-980x654.webp 980w, https:\/\/hydraulic-cylinders.net\/wp-content\/uploads\/2023\/10\/jack-up-offshore-platform-cylinder-1-480x320.webp 480w\" sizes=\"(min-width: 0px) and (max-width: 480px) 480px, (min-width: 481px) and (max-width: 980px) 980px, (min-width: 981px) and (max-width: 1280px) 1280px, (min-width: 1281px) 1418px, 100vw\" \/><\/p>\n<h2><strong>Bruksmetode for l\u00f8ftesylinder for offshore-plattform med oppjekkbar plattform<\/strong><strong>:<\/strong><\/h2>\n<ol>\n<li>Forberedelser f\u00f8r l\u00f8ft: F\u00f8r du starter l\u00f8fteprosessen, m\u00e5 du s\u00f8rge for at plattformen er forsvarlig plassert og at alle sikkerhetstiltak er p\u00e5 plass. Utf\u00f8r en grundig inspeksjon av l\u00f8ftesylinderen og tilh\u00f8rende komponenter.<\/li>\n<li>Aktivering av hydraulisk system: Aktiver det hydrauliske systemet, og s\u00f8rg for riktig trykkniv\u00e5 og v\u00e6sketilf\u00f8rsel. Dette vil gi den n\u00f8dvendige kraften for l\u00f8ftesylinderen for \u00e5 heve plattformen.<\/li>\n<li>Kontrollert h\u00f8yde: Aktiver l\u00f8ftesylinderen, og bruk de hydrauliske kontrollene til \u00e5 gradvis heve plattformen til \u00f8nsket h\u00f8yde. Overv\u00e5k prosessen n\u00f8ye, og s\u00f8rg for jevne og kontrollerte bevegelser.<\/li>\n<li>Stabilisering: N\u00e5r \u00f8nsket h\u00f8yde er oppn\u00e5dd, aktiver plattformens stabiliseringsmekanisme, og s\u00f8rg for at plattformen forblir sikker og i vater under drift.<\/li>\n<\/ol>\n<h2><strong>Hvordan fjerner man pinnene p\u00e5 en hydraulisk sylinder?<\/strong><\/h2>\n<p>Fjerning av hydrauliske sylinderpinner krever forsiktig h\u00e5ndtering og overholdelse av sikkerhetsprosedyrer. Her er en trinnvis veiledning for hvordan du fjerner hydrauliske sylinderpinner:<\/p>\n<ol>\n<li><strong>Forbered arbeidsomr\u00e5det:<\/strong> S\u00f8rg for at du har et rent og godt opplyst arbeidsomr\u00e5de. Fjern eventuelle hindringer rundt den hydrauliske sylinderen for \u00e5 gi enkel tilgang til fjerningsprosessen for pinnen.<\/li>\n<li><strong>Slipp trykk:<\/strong> F\u00f8r du pr\u00f8ver \u00e5 fjerne pinnene, m\u00e5 du avlaste det hydrauliske trykket i systemet. Dette trinnet er avgj\u00f8rende for \u00e5 forhindre plutselig bevegelse eller uventet frigj\u00f8ring av lagret energi. F\u00f8lg produsentens instruksjoner for sikker trykkavlasting av det hydrauliske systemet.<\/li>\n<li><strong>Identifiser PIN-typer:<\/strong> Hydrauliske sylinderbolter kan komme i forskjellige typer, for eksempel gaffelbolter, splinter eller l\u00e5seringer. Identifiser den spesifikke typen bolt som brukes i den hydrauliske sylinderen din for \u00e5 bestemme riktig fjerningsmetode.<\/li>\n<li><strong>Samle verkt\u00f8y:<\/strong> Avhengig av typen pinne kan det hende du trenger spesifikke verkt\u00f8y for fjerning. Vanlige verkt\u00f8y inkluderer en hammer, dor, tang eller et pinnefjerningsverkt\u00f8y designet for hydrauliske sylindere.<\/li>\n<li><strong>Fjern festeutstyret:<\/strong> Hvis pinnen er sikret med festeanordninger, som for eksempel splinter eller l\u00e5seringer, m\u00e5 du forsiktig fjerne dem med riktig verkt\u00f8y. V\u00e6r forsiktig s\u00e5 du ikke skader de omkringliggende komponentene.<\/li>\n<li><strong>P\u00e5f\u00f8r penetrerende olje (om n\u00f8dvendig):<\/strong> Hvis pinnen ser ut til \u00e5 sitte fast eller v\u00e6re motstandsdyktig mot bevegelse, kan det \u00e5 p\u00e5f\u00f8re en penetrerende olje bidra til \u00e5 l\u00f8sne rust eller rusk. La oljen trenge inn i noen minutter for \u00e5 gj\u00f8re det lettere \u00e5 fjerne den.<\/li>\n<li><strong>Trykk p\u00e5 pinnen:<\/strong> Bruk en hammer og en dor eller et verkt\u00f8y for fjerning av pinne, og bank forsiktig p\u00e5 pinnen fra motsatt side av festeanordningene. Start med lette bank for \u00e5 unng\u00e5 skade, og \u00f8k kraften gradvis om n\u00f8dvendig. M\u00e5let er \u00e5 l\u00f8sne pinnen uten \u00e5 bruke for mye kraft.<\/li>\n<li><strong>Vri og dra:<\/strong> N\u00e5r pinnen begynner \u00e5 bevege seg, vri den frem og tilbake mens du bruker utoverrettet trykk for \u00e5 fjerne den fra den hydrauliske sylinderen. V\u00e6r t\u00e5lmodig og unng\u00e5 \u00e5 bruke for mye kraft, da dette kan f\u00f8re til skade eller personskade.<\/li>\n<li><strong>Inspiser pinnen:<\/strong> Etter fjerning, kontroller pinnen for tegn p\u00e5 skade eller slitasje. Hvis pinnen er skadet, m\u00e5 du bytte den ut med en ny f\u00f8r du monterer den hydrauliske sylinderen igjen.<\/li>\n<li><strong>Rengj\u00f8r og sm\u00f8r:<\/strong> Rengj\u00f8r pinnen og hullene i den hydrauliske sylinderen grundig. Fjern eventuelle rusk, rust eller gammelt sm\u00f8remiddel. P\u00e5f\u00f8r et passende sm\u00f8remiddel p\u00e5 pinnen f\u00f8r du monterer den p\u00e5 nytt for \u00e5 sikre problemfri drift.<\/li>\n<\/ol>\n<h2><strong>Fabrikkens kapasitet og kapasitet:<\/strong><\/h2>\n<h3>(1) Montering<\/h3>\n<p>Vi har en f\u00f8rsteklasses uavhengig forsknings- og utviklingsplattform for montering. Verkstedet for produksjon av hydrauliske sylindere har fire halvautomatiske monteringslinjer for l\u00f8ftesylindere og \u00e9n automatisk monteringslinje for vippesylindere, med en \u00e5rlig produksjonskapasitet p\u00e5 1 million enheter. Spesialsylinderverkstedet er utstyrt med ulike spesifikasjoner for et halvautomatisk rengj\u00f8ringsmonteringssystem med en \u00e5rlig produksjonskapasitet p\u00e5 200 000 enheter, og er utstyrt med kjent CNC-maskineringsutstyr, et maskineringssenter, spesialutstyr for h\u00f8ypresisjons sylinderbehandling, en robotsveisemaskin, en automatisk rengj\u00f8ringsmaskin, en automatisk sylindermonteringsmaskin og en automatisk produksjonslinje for lakkering. Vi har mer enn 300 sett (sett) av kritisk utstyr. Optimal allokering og effektiv bruk av utstyrsressurser sikrer n\u00f8yaktighetskravene til produktene og oppfyller produktenes h\u00f8ye kvalitetsbehov.<\/p>\n<p><img loading=\"lazy\" decoding=\"async\" class=\"alignnone wp-image-626\" src=\"https:\/\/hydraulic-cylinders.net\/wp-content\/uploads\/2023\/08\/hydraulic-cylinder-product-1-300x158.webp\" alt=\"\" width=\"495\" height=\"260\" srcset=\"https:\/\/hydraulic-cylinders.net\/wp-content\/uploads\/2023\/08\/hydraulic-cylinder-product-1-300x158.webp 495w, https:\/\/hydraulic-cylinders.net\/wp-content\/uploads\/2023\/08\/hydraulic-cylinder-product-1-480x252.webp 480w\" sizes=\"(min-width: 0px) and (max-width: 480px) 480px, (min-width: 481px) 495px, 100vw\" \/> <img loading=\"lazy\" decoding=\"async\" class=\"alignnone wp-image-627\" src=\"https:\/\/hydraulic-cylinders.net\/wp-content\/uploads\/2023\/08\/hydraulic-cylinder-product-2-300x189.webp\" alt=\"\" width=\"413\" height=\"260\" \/><\/p>\n<h3>(2) Maskinering<\/h3>\n<p>Maskineringsverkstedet er utstyrt med et spesialtilpasset dreiesenter for skr\u00e5 skinner, maskineringssenter, h\u00f8yhastighets honemaskin, sveiserobot og annet relatert utstyr, som kan h\u00e5ndtere bearbeiding av sylinderr\u00f8r med en maksimal indre diameter p\u00e5 400 mm og en maksimal lengde p\u00e5 6 meter.<\/p>\n<p><img loading=\"lazy\" decoding=\"async\" class=\"alignnone wp-image-628 size-large\" src=\"https:\/\/hydraulic-cylinders.net\/wp-content\/uploads\/2023\/08\/hydraulic-cylinder-product-3-1024x391.webp\" alt=\"\" width=\"1024\" height=\"391\" srcset=\"https:\/\/hydraulic-cylinders.net\/wp-content\/uploads\/2023\/08\/hydraulic-cylinder-product-3-980x374.webp 980w, https:\/\/hydraulic-cylinders.net\/wp-content\/uploads\/2023\/08\/hydraulic-cylinder-product-3-480x183.webp 480w\" sizes=\"(min-width: 0px) and (max-width: 480px) 480px, (min-width: 481px) and (max-width: 980px) 980px, (min-width: 981px) 1024px, 100vw\" \/><\/p>\n<h3>(3) Sveising<\/h3>\n<p><img loading=\"lazy\" decoding=\"async\" class=\"alignnone wp-image-629 size-large\" src=\"https:\/\/hydraulic-cylinders.net\/wp-content\/uploads\/2023\/08\/hydraulic-cylinder-product-4-1024x510.webp\" alt=\"\" width=\"1024\" height=\"510\" srcset=\"https:\/\/hydraulic-cylinders.net\/wp-content\/uploads\/2023\/08\/hydraulic-cylinder-product-4-980x488.webp 980w, https:\/\/hydraulic-cylinders.net\/wp-content\/uploads\/2023\/08\/hydraulic-cylinder-product-4-480x239.webp 480w\" sizes=\"(min-width: 0px) and (max-width: 480px) 480px, (min-width: 481px) and (max-width: 980px) 980px, (min-width: 981px) 1024px, 100vw\" \/><\/p>\n<h3>(4) Maling og belegg<\/h3>\n<p>Med sm\u00e5 og mellomstore sylinderautomatiske vannbaserte malingsbeleggslinjer, for \u00e5 oppn\u00e5 automatisk robotlasting og -lossing og automatisk spr\u00f8yting, er den designede kapasiteten 4000 stykker per skift;<br \/>\nVi har ogs\u00e5 en halvautomatisk produksjonslinje for maling for store sylindere drevet av en kabelkjede, med en designkapasitet p\u00e5 60 kasser per skift.<\/p>\n<p><img loading=\"lazy\" decoding=\"async\" class=\"alignnone wp-image-630\" src=\"https:\/\/hydraulic-cylinders.net\/wp-content\/uploads\/2023\/08\/hydraulic-cylinder-product-5-300x213.webp\" alt=\"\" width=\"366\" height=\"260\" \/> <img loading=\"lazy\" decoding=\"async\" class=\"alignnone wp-image-631\" src=\"https:\/\/hydraulic-cylinders.net\/wp-content\/uploads\/2023\/08\/hydraulic-cylinder-product-6-300x225.webp\" alt=\"\" width=\"347\" height=\"260\" \/><\/p>\n<h3>(5) Testing<\/h3>\n<p>Vi har f\u00f8rsteklasses inspeksjonsfasiliteter og testbenker for \u00e5 sikre at sylinderens ytelse oppfyller kravene.<\/p>\n<p><img loading=\"lazy\" decoding=\"async\" class=\"alignnone wp-image-632\" src=\"https:\/\/hydraulic-cylinders.net\/wp-content\/uploads\/2023\/08\/hydraulic-cylinder-product-8-300x200.webp\" alt=\"\" width=\"389\" height=\"260\" \/><\/p>\n<p>&nbsp;<\/p>\n<p>&nbsp;<\/p>\n<p>Vi er en av de beste produsentene av hydrauliske sylindere. Vi kan tilby et omfattende utvalg av hydrauliske sylindere. Vi tilbyr ogs\u00e5 tilsvarende <a href=\"https:\/\/hzpt.com\/agricultural-pto-gearbox\/\" target=\"_blank\" rel=\"noopener\">landbruksgirkasser<\/a>Vi har eksportert produktene v\u00e5re til kunder over hele verden og opparbeidet oss et godt rykte p\u00e5 grunn av v\u00e5r overlegne produktkvalitet og ettersalgsservice. Vi \u00f8nsker kunder i inn- og utland velkommen til \u00e5 kontakte oss for \u00e5 forhandle om forretninger, utveksle informasjon og <a href=\"https:\/\/www.hydraulic-cylinders.net\/nb\/contact-us\/\">samarbeide med oss<\/a>!<\/p>","protected":false},"excerpt":{"rendered":"<p>Jack-up Offshore Platform Lifting Cylinder The jack-up offshore platform lifting cylinder is a cutting-edge hydraulic system explicitly designed for offshore platforms. It is crucial in elevating and stabilizing media, ensuring safe and efficient operations in challenging offshore environments. With its advanced features and robust construction, this lifting cylinder is the go-to solution for offshore industries [&hellip;]<\/p>","protected":false},"featured_media":1787,"comment_status":"open","ping_status":"closed","template":"","meta":{"_et_pb_use_builder":"","_et_pb_old_content":"","_et_gb_content_width":""},"product_brand":[],"product_cat":[1536,1549,1552,1376],"product_tag":[1380],"class_list":{"0":"post-1785","1":"product","2":"type-product","3":"status-publish","4":"has-post-thumbnail","6":"product_cat-offshore-platform-hydraulic-cylinders","7":"product_cat-single-acting-hydraulic-cylinder","8":"product_cat-stainless-steel-hydraulic-cylinder","9":"product_cat-hydraulic-cylinder","10":"product_tag-hydraulic-cylinder","12":"first","13":"instock","14":"shipping-taxable","15":"product-type-simple"},"amp_enabled":true,"_links":{"self":[{"href":"https:\/\/www.hydraulic-cylinders.net\/nb\/wp-json\/wp\/v2\/product\/1785","targetHints":{"allow":["GET"]}}],"collection":[{"href":"https:\/\/www.hydraulic-cylinders.net\/nb\/wp-json\/wp\/v2\/product"}],"about":[{"href":"https:\/\/www.hydraulic-cylinders.net\/nb\/wp-json\/wp\/v2\/types\/product"}],"replies":[{"embeddable":true,"href":"https:\/\/www.hydraulic-cylinders.net\/nb\/wp-json\/wp\/v2\/comments?post=1785"}],"wp:featuredmedia":[{"embeddable":true,"href":"https:\/\/www.hydraulic-cylinders.net\/nb\/wp-json\/wp\/v2\/media\/1787"}],"wp:attachment":[{"href":"https:\/\/www.hydraulic-cylinders.net\/nb\/wp-json\/wp\/v2\/media?parent=1785"}],"wp:term":[{"taxonomy":"product_brand","embeddable":true,"href":"https:\/\/www.hydraulic-cylinders.net\/nb\/wp-json\/wp\/v2\/product_brand?post=1785"},{"taxonomy":"product_cat","embeddable":true,"href":"https:\/\/www.hydraulic-cylinders.net\/nb\/wp-json\/wp\/v2\/product_cat?post=1785"},{"taxonomy":"product_tag","embeddable":true,"href":"https:\/\/www.hydraulic-cylinders.net\/nb\/wp-json\/wp\/v2\/product_tag?post=1785"}],"curies":[{"name":"wp","href":"https:\/\/api.w.org\/{rel}","templated":true}]}}