{"id":1792,"date":"2023-10-16T01:38:04","date_gmt":"2023-10-16T01:38:04","guid":{"rendered":"https:\/\/hydraulic-cylinders.net\/?post_type=product&#038;p=1792"},"modified":"2025-04-15T05:54:45","modified_gmt":"2025-04-15T05:54:45","slug":"jack-up-platform-bolt-offshore-hydraulic-cylinder","status":"publish","type":"product","link":"https:\/\/www.hydraulic-cylinders.net\/nb\/produkt\/jack-up-platform-bolt-offshore-hydraulic-cylinder\/","title":{"rendered":"Jack-up-plattformbolt offshore hydraulisk sylinder"},"content":{"rendered":"<h1 style=\"text-align: center;\"><strong>Jack-up-plattformbolt offshore hydraulisk sylinder<\/strong><\/h1>\n<h1 style=\"text-align: center;\"><img loading=\"lazy\" decoding=\"async\" class=\"alignnone wp-image-1794\" src=\"https:\/\/hydraulic-cylinders.net\/wp-content\/uploads\/2023\/10\/bolt-cylinder-1-300x300.webp\" alt=\"\" width=\"400\" height=\"400\" \/><\/h1>\n<p>Den hydrauliske sylinderen for offshore bolting av jack-up-plattformer er en banebrytende hydraulisk komponent konstruert for p\u00e5litelig og effektiv st\u00f8tte av offshore-plattformer. Denne innovative sylinderen er avgj\u00f8rende for \u00e5 heve og stabilisere plattformer, og sikrer sikker og produktiv drift i utfordrende offshore-milj\u00f8er. Med sine eksepsjonelle funksjoner og robuste konstruksjon tilbyr den hydrauliske sylinderen for offshore bolting av jack-up-plattformer den ultimate l\u00f8sningen for offshore-industrien over hele verden.<\/p>\n<p>Den hydrauliske sylinderen for offshore boltmonterte jack-up-plattformer er designet for maksimal p\u00e5litelighet og effektivitet, og l\u00f8fter og stabiliserer effektivt offshore-plattformer. Dens robuste design, forbedrede stabilitet og justerbare h\u00f8ydeegenskaper sikrer s\u00f8ml\u00f8s drift under krevende forhold. Ved \u00e5 f\u00f8lge anbefalte bruksmetoder og implementere regelmessige vedlikeholdspraksiser, kan operat\u00f8rer forlenge levetiden og ytelsen til denne viktige komponenten betydelig, noe som til slutt bidrar til suksessen til offshore-prosjekter.<\/p>\n<p>Velg den hydrauliske sylinderen for offshore-operasjoner med bolt for oppjekkbar plattform for uovertruffen st\u00f8tte og stabilitet, og opplev forskjellen den kan gj\u00f8re for \u00e5 forbedre sikkerhet og produktivitet.<\/p>\n<h2><strong>Jack-up-plattformbolt offshore hydraulisk sylinder <\/strong><strong>Parameter:<\/strong><\/h2>\n<table border=\"1\" cellspacing=\"0\" cellpadding=\"0\">\n<tbody>\n<tr>\n<td>Produktnavn<\/td>\n<td>Jack-up-plattformbolt offshore hydraulisk sylinder<\/td>\n<\/tr>\n<tr>\n<td>Funksjoner:<\/td>\n<td>Sett inn og trekk ut den sylindriske pinnen p\u00e5 ringbjelken for \u00e5 l\u00e5se ringbjelken.<\/td>\n<\/tr>\n<tr>\n<td>Borediameter:<\/td>\n<td>Opptil 100 mm<\/td>\n<\/tr>\n<tr>\n<td>Stangdiameter:<\/td>\n<td>Opptil 60 mm<\/td>\n<\/tr>\n<tr>\n<td>Trykk:<\/td>\n<td>Opptil 32 MPa<\/td>\n<\/tr>\n<tr>\n<td>Sensor:<\/td>\n<td>Den kan utstyres med en innebygd forskyvningssensor for \u00e5 redusere installasjonsst\u00f8rrelsen p\u00e5 de hydrauliske sylindrene.<\/td>\n<\/tr>\n<tr>\n<td>Bruksomr\u00e5der:<\/td>\n<td>Jack-up offshore-plattform<\/td>\n<\/tr>\n<\/tbody>\n<\/table>\n<div><\/div>\n<div>\n<div class=\"txtboxL\">\n<div class=\"txtboxL\">\n<div class=\"txtboxL\">\n<div class=\"txtboxL\">\n<div class=\"txtboxL\">\n<div class=\"txtboxL\">\n<div class=\"txtboxL\"><strong>Funksjoner: <\/strong>Sett inn og trekk ut den sylindriske pinnen p\u00e5 ringbjelken for \u00e5 l\u00e5se ringbjelken.<\/div>\n<div class=\"txtboxL\"><strong>Spesifikasjon: <\/strong>Borediameter: opptil 100 mm<br \/>\n<strong>Stangdiameter:<\/strong> opptil 60 mm<\/div>\n<div class=\"txtboxL\"><strong>Trykk: <\/strong>opptil 32 MPa<\/div>\n<div class=\"txtboxL\"><strong>Sensor: <\/strong>Den kan utstyres med en innebygd forskyvningssensor for \u00e5 redusere installasjonsst\u00f8rrelsen p\u00e5 de hydrauliske sylindrene.<\/div>\n<\/div>\n<\/div>\n<\/div>\n<\/div>\n<\/div>\n<div><\/div>\n<div><strong style=\"color: #333333; font-size: 26px;\">Bruksomr\u00e5de for boltsylinder for offshore-plattform med oppjekkbar oppheng:<\/strong><\/div>\n<\/div>\n<\/div>\n<p><img loading=\"lazy\" decoding=\"async\" class=\"alignnone size-full wp-image-8206\" src=\"https:\/\/www.hydraulic-cylinders.net\/wp-content\/uploads\/2023\/10\/jack-up-platform-bolt-offshore-hydraulic-cylinder-1-1.webp\" alt=\"\" width=\"1418\" height=\"798\" srcset=\"https:\/\/www.hydraulic-cylinders.net\/wp-content\/uploads\/2023\/10\/jack-up-platform-bolt-offshore-hydraulic-cylinder-1-1.webp 1418w, https:\/\/www.hydraulic-cylinders.net\/wp-content\/uploads\/2023\/10\/jack-up-platform-bolt-offshore-hydraulic-cylinder-1-1-1280x720.webp 1280w, https:\/\/www.hydraulic-cylinders.net\/wp-content\/uploads\/2023\/10\/jack-up-platform-bolt-offshore-hydraulic-cylinder-1-1-980x552.webp 980w, https:\/\/www.hydraulic-cylinders.net\/wp-content\/uploads\/2023\/10\/jack-up-platform-bolt-offshore-hydraulic-cylinder-1-1-480x270.webp 480w\" sizes=\"(min-width: 0px) and (max-width: 480px) 480px, (min-width: 481px) and (max-width: 980px) 980px, (min-width: 981px) and (max-width: 1280px) 1280px, (min-width: 1281px) 1418px, 100vw\" \/><\/p>\n<h2><strong>Jack-up-plattformbolt offshore hydraulisk sylinder <\/strong><strong>Viktige egenskaper:<\/strong><\/h2>\n<h3><strong>Robust konstruksjon<\/strong><\/h3>\n<p>Den hydrauliske sylinderen for offshore bruk med bolt p\u00e5 oppjekkbare plattformer er konstruert for \u00e5 t\u00e5le de t\u00f8ffeste offshore-forholdene. Den er laget av korrosjonsbestandige materialer av h\u00f8y kvalitet, og tilbyr eksepsjonell holdbarhet og lang levetid, noe som reduserer vedlikeholdsbehovet betydelig.<\/p>\n<h3><strong>Forbedret stabilitet<\/strong><\/h3>\n<p>Denne hydrauliske sylinderen er konstruert for \u00e5 gi overlegen stabilitet for offshore-plattformer under heving. Den sterke boltmekanismen sikrer en sikker forbindelse mellom plattformen og dens st\u00f8ttestruktur, noe som minimerer bevegelse og maksimerer sikkerheten under hele operasjonen.<\/p>\n<h3><strong>Hydraulisk kraft<\/strong><\/h3>\n<p>Den hydrauliske sylinderen for offshore-plattformbolter p\u00e5 oppjekkbar plattform drives av et sofistikert hydraulisk system og bruker trykkv\u00e6sker for \u00e5 generere kraften som er n\u00f8dvendig for plattformheving. Denne hydrauliske mekanismen gir presis kontroll under hevingsprosessen, noe som sikrer jevne og kontrollerte bevegelser.<\/p>\n<h3><strong>Justerbar h\u00f8yde<\/strong><\/h3>\n<p>Boltsylinderen p\u00e5 den oppjekkbare plattformen har justerbar h\u00f8yde, slik at den kan tilpasses varierende vanndybder og sj\u00f8forhold. Denne fleksibiliteten sikrer optimal plattformposisjonering, forbedrer stabiliteten og legger til rette for effektiv drift.<\/p>\n<p>Velg den hydrauliske sylinderen for offshore-utligning med bolt for oppjekkbar plattform for uovertruffen ytelse og p\u00e5litelighet i offshore-prosjektene dine. Opplev forbedret sikkerhet og effektivitet med denne viktige komponenten.<\/p>\n<h2><strong>Hvordan reparere en hydraulisk sylinder?<\/strong><\/h2>\n<p>Reparasjon av en hydraulisk sylinder krever n\u00f8ye oppmerksomhet p\u00e5 detaljer og overholdelse av sikkerhetsprosedyrer. Her er en trinnvis veiledning om hvordan du reparerer en hydraulisk sylinder:<\/p>\n<h3><strong>1. Sikkerhet f\u00f8rst<\/strong><\/h3>\n<p>F\u00f8r du starter reparasjonsarbeid, m\u00e5 du s\u00f8rge for at det hydrauliske systemet er trykkl\u00f8st og at sylinderen er forsvarlig st\u00f8ttet. Bruk passende personlig verneutstyr (PPE) som hansker og vernebriller for \u00e5 beskytte deg mot potensielle farer.<\/p>\n<h3><strong>2. Identifiser problemet<\/strong><\/h3>\n<p>Vurder den hydrauliske sylinderen for \u00e5 finne ut hvilket spesifikt problem som m\u00e5 l\u00f8ses. Vanlige problemer inkluderer lekkasjer, skadede pakninger, riper p\u00e5 stempelstangen eller b\u00f8yde komponenter. \u00c5 forst\u00e5 problemet vil hjelpe deg med \u00e5 bestemme n\u00f8dvendige reparasjonstrinn og deler.<\/p>\n<h3><strong>3. Samle verkt\u00f8y og reservedeler<\/strong><\/h3>\n<p><img loading=\"lazy\" decoding=\"async\" class=\"size-full wp-image-7902 aligncenter\" src=\"https:\/\/www.hydraulic-cylinders.net\/wp-content\/uploads\/2024\/09\/mining-dump-lifting-cylinder-hydraulic-on-trucks-5.webp\" alt=\"\" width=\"500\" height=\"305\" srcset=\"https:\/\/www.hydraulic-cylinders.net\/wp-content\/uploads\/2024\/09\/mining-dump-lifting-cylinder-hydraulic-on-trucks-5.webp 500w, https:\/\/www.hydraulic-cylinders.net\/wp-content\/uploads\/2024\/09\/mining-dump-lifting-cylinder-hydraulic-on-trucks-5-480x293.webp 480w\" sizes=\"(min-width: 0px) and (max-width: 480px) 480px, (min-width: 481px) 500px, 100vw\" \/><\/p>\n<p>Klargj\u00f8r n\u00f8dvendige verkt\u00f8y og reservedeler f\u00f8r du starter reparasjonen. Typiske apparater inkluderer skiften\u00f8kler, tang, en klubbe eller hammer, verkt\u00f8y for fjerning av tetninger og en hydraulisk presse. S\u00f8rg for at den hydrauliske sylindermodellen din har riktige reservetetninger, O-ringer og andre komponenter.<\/p>\n<h3><strong>4. Demonter sylinderen:<\/strong><\/h3>\n<p>Demonter den hydrauliske sylinderen forsiktig i henhold til produsentens instruksjoner. V\u00e6r oppmerksom p\u00e5 rekkef\u00f8lgen komponentene fjernes i, da dette vil veilede monteringsprosessen. Hold oversikt over shims eller avstandsstykker, da de kanskje m\u00e5 monteres p\u00e5 nytt p\u00e5 samme sted.<\/p>\n<h3><strong>5. Inspiser og rengj\u00f8r komponenter:<\/strong><\/h3>\n<p><img loading=\"lazy\" decoding=\"async\" class=\"size-full wp-image-8207 aligncenter\" src=\"https:\/\/www.hydraulic-cylinders.net\/wp-content\/uploads\/2023\/10\/hydraulic-system.webp\" alt=\"\" width=\"800\" height=\"450\" srcset=\"https:\/\/www.hydraulic-cylinders.net\/wp-content\/uploads\/2023\/10\/hydraulic-system.webp 800w, https:\/\/www.hydraulic-cylinders.net\/wp-content\/uploads\/2023\/10\/hydraulic-system-480x270.webp 480w\" sizes=\"(min-width: 0px) and (max-width: 480px) 480px, (min-width: 481px) 800px, 100vw\" \/><\/p>\n<p>Inspiser alle demonterte komponenter for tegn p\u00e5 slitasje, skade eller riper. Rengj\u00f8r delene med et egnet rengj\u00f8ringsmiddel for \u00e5 fjerne smuss, rusk og gammelt sm\u00f8remiddel. S\u00f8rg for at alle overflater er rene og fri for forurensninger f\u00f8r du fortsetter.<\/p>\n<h3><strong>6. Skift ut pakninger og O-ringer:<\/strong><\/h3>\n<p>Skift ut slitte eller skadede tetninger, O-ringer eller pakninger. Sm\u00f8r tetningene med et tynt lag hydraulikkv\u00e6ske f\u00f8r montering. S\u00f8rg for riktig justering og passform av de nye tetningene for \u00e5 forhindre lekkasjer.<\/p>\n<h3><strong>7. Reparer eller skift ut skadede deler:<\/strong><\/h3>\n<p>Hvis noen komponenter, som stempelstangen eller sylinderr\u00f8ret, er skadet utover reparasjon, m\u00e5 de kanskje byttes ut. F\u00f8lg produsentens retningslinjer for riktig utskiftingsprosedyre. Bruk en hydraulisk presse om n\u00f8dvendig for \u00e5 sikre n\u00f8yaktig og presis montering.<\/p>\n<h3><strong>8. Sett sylinderen sammen igjen:<\/strong><\/h3>\n<p>Monter den hydrauliske sylinderen i omvendt rekkef\u00f8lge for demontering. S\u00f8rg for at alle komponenter er riktig justert og montert. Bruk en momentn\u00f8kkel til \u00e5 stramme bolter og festemidler i henhold til produsentens spesifikasjoner. V\u00e6r oppmerksom p\u00e5 riktig orientering og justering av komponentene.<\/p>\n<h3><strong>9. Test for lekkasjer:<\/strong><\/h3>\n<p>N\u00e5r den er montert igjen, test den hydrauliske sylinderen for lekkasjer. Sett hydraulisk trykk p\u00e5 systemet og kontroller for tegn p\u00e5 lekkasje rundt tetninger eller koblinger. Hvis det oppdages lekkasjer, m\u00e5 de rettes ved \u00e5 justere eller bytte ut de ber\u00f8rte komponentene.<\/p>\n<h3><strong>10. Funksjonalitets- og driftstesting:<\/strong><\/h3>\n<p>Test den reparerte hydrauliske sylinderen for riktig funksjonalitet og drift. Bekreft at sylinderen beveger seg jevnt og fungerer som forventet. Overv\u00e5k eventuelle unormale lyder eller bevegelser under drift.<\/p>\n<h2><strong>Fabrikkens kapasitet og kapasitet:<\/strong><\/h2>\n<h3><strong>(1) Montering<\/strong><\/h3>\n<p>Anlegget v\u00e5rt kan skryte av en uavhengig forsknings- og utviklingsplattform i toppklasse dedikert til produksjon av hydrauliske sylindere. Vi driver fire halvautomatiske monteringslinjer for l\u00f8ftesylindere og \u00e9n helautomatisk monteringslinje for vippesylindere, med en imponerende \u00e5rlig produksjonskapasitet p\u00e5 1 million sylindere.<img loading=\"lazy\" decoding=\"async\" class=\"aligncenter wp-image-626\" src=\"https:\/\/hydraulic-cylinders.net\/wp-content\/uploads\/2023\/08\/hydraulic-cylinder-product-1-300x158.webp\" alt=\"\" width=\"500\" height=\"263\" srcset=\"https:\/\/hydraulic-cylinders.net\/wp-content\/uploads\/2023\/08\/hydraulic-cylinder-product-1-300x158.webp 500w, https:\/\/hydraulic-cylinders.net\/wp-content\/uploads\/2023\/08\/hydraulic-cylinder-product-1-480x252.webp 480w\" sizes=\"(min-width: 0px) and (max-width: 480px) 480px, (min-width: 481px) 500px, 100vw\" \/><\/p>\n<p>I v\u00e5rt spesialiserte sylinderverksted bruker vi et halvautomatisk rengj\u00f8ringssystem designet for ulike spesifikasjoner, og som kan produsere 200 000 sylindere \u00e5rlig. Verkstedet v\u00e5rt er utstyrt med avansert CNC-maskineringsutstyr, et maskineringssenter, h\u00f8ypresisjonsverkt\u00f8y for sylinderbehandling, robotsveisemaskiner, automatiske rengj\u00f8ringssystemer og en automatisert sylindermonteringslinje. I tillegg har vi en helautomatisert produksjonslinje for lakkering.<\/p>\n<p>Med over 300 deler kritisk utstyr sikrer v\u00e5r optimale ressursallokering at vi oppfyller de strenge n\u00f8yaktighets- og kvalitetsstandardene som kundene v\u00e5re krever. Denne forpliktelsen til effektivitet og presisjon posisjonerer oss som en leder i bransjen for hydrauliske sylindere.<\/p>\n<p><img loading=\"lazy\" decoding=\"async\" class=\"aligncenter wp-image-627\" src=\"https:\/\/hydraulic-cylinders.net\/wp-content\/uploads\/2023\/08\/hydraulic-cylinder-product-2-300x189.webp\" alt=\"\" width=\"500\" height=\"315\" srcset=\"https:\/\/hydraulic-cylinders.net\/wp-content\/uploads\/2023\/08\/hydraulic-cylinder-product-2-300x189.webp 500w, https:\/\/hydraulic-cylinders.net\/wp-content\/uploads\/2023\/08\/hydraulic-cylinder-product-2-480x302.webp 480w\" sizes=\"(min-width: 0px) and (max-width: 480px) 480px, (min-width: 481px) 500px, 100vw\" \/><\/p>\n<h3><strong>(2) Maskinering<\/strong><\/h3>\n<p>V\u00e5rt maskineringsverksted har toppmoderne utstyr, inkludert et spesialtilpasset dreiesenter for skr\u00e5 skinner, et presisjonsmaskineringssenter, en h\u00f8yhastighets honemaskin og avanserte sveiseroboter. Dette sofistikerte oppsettet gj\u00f8r det mulig for oss \u00e5 effektivt bearbeide sylinderr\u00f8r med en maksimal indre diameter p\u00e5 400 mm og en lengde p\u00e5 opptil 6 meter.<\/p>\n<p><img loading=\"lazy\" decoding=\"async\" class=\"wp-image-628 size-large aligncenter\" src=\"https:\/\/hydraulic-cylinders.net\/wp-content\/uploads\/2023\/08\/hydraulic-cylinder-product-3-1024x391.webp\" alt=\"\" width=\"1024\" height=\"391\" srcset=\"https:\/\/hydraulic-cylinders.net\/wp-content\/uploads\/2023\/08\/hydraulic-cylinder-product-3-980x374.webp 980w, https:\/\/hydraulic-cylinders.net\/wp-content\/uploads\/2023\/08\/hydraulic-cylinder-product-3-480x183.webp 480w\" sizes=\"(min-width: 0px) and (max-width: 480px) 480px, (min-width: 481px) and (max-width: 980px) 980px, (min-width: 981px) 1024px, 100vw\" \/><\/p>\n<p>Med v\u00e5r banebrytende teknologi sikrer vi h\u00f8ykvalitetsmaskinering som oppfyller de ulike behovene innen produksjon av hydrauliske sylindere.<\/p>\n<h3><strong>(3) Sveising<\/strong><\/h3>\n<p><img loading=\"lazy\" decoding=\"async\" class=\"wp-image-629 size-large aligncenter\" src=\"https:\/\/hydraulic-cylinders.net\/wp-content\/uploads\/2023\/08\/hydraulic-cylinder-product-4-1024x510.webp\" alt=\"\" width=\"1024\" height=\"510\" srcset=\"https:\/\/hydraulic-cylinders.net\/wp-content\/uploads\/2023\/08\/hydraulic-cylinder-product-4-980x488.webp 980w, https:\/\/hydraulic-cylinders.net\/wp-content\/uploads\/2023\/08\/hydraulic-cylinder-product-4-480x239.webp 480w\" sizes=\"(min-width: 0px) and (max-width: 480px) 480px, (min-width: 481px) and (max-width: 980px) 980px, (min-width: 981px) 1024px, 100vw\" \/><\/p>\n<h3><strong>(4) Maling og belegg<\/strong><\/h3>\n<p><img loading=\"lazy\" decoding=\"async\" class=\"wp-image-630 aligncenter\" src=\"https:\/\/hydraulic-cylinders.net\/wp-content\/uploads\/2023\/08\/hydraulic-cylinder-product-5-300x213.webp\" alt=\"\" width=\"500\" height=\"355\" \/><\/p>\n<p>Anlegget v\u00e5rt har avanserte automatiske vannbaserte malingslinjer som er spesielt utviklet for sm\u00e5 og mellomstore sylindere. Disse linjene bruker robotteknologi for effektiv lasting, lossing og spr\u00f8yting, og oppn\u00e5r en bemerkelsesverdig produksjonskapasitet p\u00e5 4000 enheter per skift.<\/p>\n<p><img loading=\"lazy\" decoding=\"async\" class=\"wp-image-631 aligncenter\" src=\"https:\/\/hydraulic-cylinders.net\/wp-content\/uploads\/2023\/08\/hydraulic-cylinder-product-6-300x225.webp\" alt=\"\" width=\"500\" height=\"375\" srcset=\"https:\/\/hydraulic-cylinders.net\/wp-content\/uploads\/2023\/08\/hydraulic-cylinder-product-6-300x225.webp 500w, https:\/\/hydraulic-cylinders.net\/wp-content\/uploads\/2023\/08\/hydraulic-cylinder-product-6-480x360.webp 480w\" sizes=\"(min-width: 0px) and (max-width: 480px) 480px, (min-width: 481px) 500px, 100vw\" \/><\/p>\n<p>I tillegg driver vi en halvautomatisk produksjonslinje for maling av store sylindere, drevet av en robust kraftkjede, med en konstruert kapasitet p\u00e5 60 kasser per skift. Denne kombinasjonen av automatisering og effektivitet sikrer h\u00f8ykvalitets finish for alle v\u00e5re hydrauliske sylindere.<\/p>\n<h3><strong>(5) Testing<\/strong><\/h3>\n<p>Vi har f\u00f8rsteklasses inspeksjonsfasiliteter og testbenker for \u00e5 sikre at sylinderens ytelse oppfyller kravene.<\/p>\n<p><img loading=\"lazy\" decoding=\"async\" class=\"wp-image-632 aligncenter\" src=\"https:\/\/hydraulic-cylinders.net\/wp-content\/uploads\/2023\/08\/hydraulic-cylinder-product-8-300x200.webp\" alt=\"\" width=\"389\" height=\"260\" \/><\/p>\n<p>Vi er en anerkjent produsent av <a href=\"https:\/\/hzpt.com\/mobile-machinery-hydraulic-cylinder\/\" target=\"_blank\" rel=\"noopener\">hydrauliske sylindere<\/a>, anerkjent som en av de beste i bransjen. V\u00e5rt omfattende produktsortiment inkluderer et bredt utvalg av hydrauliske sylindere skreddersydd for \u00e5 dekke ulike bruksomr\u00e5der. I tillegg til hydrauliske sylindere tilbyr vi ogs\u00e5 landbruksgirkasser av h\u00f8y kvalitet, noe som sikrer at kundene v\u00e5re har tilgang til omfattende l\u00f8sninger for sine maskinbehov.<\/p>\n<p>Med en forpliktelse til kvalitet har vi med suksess eksportert produktene v\u00e5re til kunder over hele verden, og opparbeidet oss et sterkt rykte for overlegen produktkvalitet og eksepsjonell ettersalgsservice. V\u00e5r dedikasjon til kundetilfredshet har posisjonert oss som en p\u00e5litelig partner i b\u00e5de innenlandske og internasjonale markeder.<\/p>\n<h2><strong>Hvorfor velge oss?<\/strong><\/h2>\n<p><img loading=\"lazy\" decoding=\"async\" class=\"size-full wp-image-7201 aligncenter\" src=\"https:\/\/www.hydraulic-cylinders.net\/wp-content\/uploads\/2024\/09\/mining-dump-steering-cylinder-hydraulics-on-trucks-8.webp\" alt=\"\" width=\"1110\" height=\"735\" srcset=\"https:\/\/www.hydraulic-cylinders.net\/wp-content\/uploads\/2024\/09\/mining-dump-steering-cylinder-hydraulics-on-trucks-8.webp 1110w, https:\/\/www.hydraulic-cylinders.net\/wp-content\/uploads\/2024\/09\/mining-dump-steering-cylinder-hydraulics-on-trucks-8-980x649.webp 980w, https:\/\/www.hydraulic-cylinders.net\/wp-content\/uploads\/2024\/09\/mining-dump-steering-cylinder-hydraulics-on-trucks-8-480x318.webp 480w\" sizes=\"(min-width: 0px) and (max-width: 480px) 480px, (min-width: 481px) and (max-width: 980px) 980px, (min-width: 981px) 1110px, 100vw\" \/><\/p>\n<p><strong>Faglig ekspertise:<\/strong> Teamet v\u00e5rt best\u00e5r av bransjefolk med omfattende kunnskap og erfaring innen hydrauliske systemer, noe som sikrer at vi leverer produkter og tjenester av ypperste klasse.<\/p>\n<p><strong>Internasjonale sertifiseringer:<\/strong> Vi overholder strenge kvalitetsstandarder og har diverse internasjonale sertifiseringer, noe som viser v\u00e5r forpliktelse til \u00e5 levere p\u00e5litelige og trygge hydrauliske l\u00f8sninger.<\/p>\n<p><strong>Tilpassede l\u00f8sninger:<\/strong> Vi forst\u00e5r at hver kundes behov er unike. Derfor tilbyr vi tilpassede hydrauliske sylindere og girkasser som er skreddersydd for \u00e5 m\u00f8te spesifikke krav.<\/p>\n<p><strong>Avansert produksjonsutstyr:<\/strong> V\u00e5re toppmoderne produksjonsanlegg bruker den nyeste teknologien og utstyret, slik at vi kan produsere produkter av h\u00f8y kvalitet effektivt.<\/p>\n<p><strong>Omfattende kundest\u00f8tte etter salg:<\/strong> V\u00e5r forpliktelse overfor kundene v\u00e5re strekker seg utover salget. Vi tilbyr kontinuerlig st\u00f8tte og vedlikeholdstjenester for \u00e5 sikre optimal ytelse for produktene v\u00e5re.<\/p>\n<p>Vi inviterer kunder fra hele verden til \u00e5 kontakte oss for forretningsforhandlinger, informasjonsutveksling og samarbeidsmuligheter. Sammen kan vi oppn\u00e5 st\u00f8rre suksess i hydraulikkbransjen!<\/p>\n<p>&nbsp;<\/p>\n<p>&nbsp;<\/p>\n<p>Vi er en av de beste produsentene av hydrauliske sylindere. Vi kan tilby et omfattende utvalg av hydrauliske sylindere. Vi tilbyr ogs\u00e5 tilsvarende <a href=\"https:\/\/hzpt.com\/agricultural-pto-gearbox\/\" target=\"_blank\" rel=\"noopener\">landbruksgirkasser<\/a>Vi har eksportert produktene v\u00e5re til kunder over hele verden og opparbeidet oss et godt rykte p\u00e5 grunn av v\u00e5r overlegne produktkvalitet og ettersalgsservice. Vi \u00f8nsker kunder i inn- og utland velkommen til \u00e5 kontakte oss for \u00e5 forhandle om forretninger, utveksle informasjon og <a href=\"https:\/\/www.hydraulic-cylinders.net\/nb\/contact-us\/\">samarbeide med oss<\/a>!<\/p>","protected":false},"excerpt":{"rendered":"<p>Jack-up Platform Bolt Offshore Hydraulic Cylinder The jack-up platform bolt offshore hydraulic cylinder is a cutting-edge hydraulic component engineered for reliable and efficient support of offshore platforms. This innovative cylinder is crucial in elevating and stabilizing platforms, ensuring safe and productive operations in challenging offshore environments. With its exceptional features and robust construction, the jack-up [&hellip;]<\/p>","protected":false},"featured_media":1795,"comment_status":"open","ping_status":"closed","template":"","meta":{"_et_pb_use_builder":"","_et_pb_old_content":"","_et_gb_content_width":""},"product_brand":[],"product_cat":[1536,1549,1552,1376],"product_tag":[1380],"class_list":{"0":"post-1792","1":"product","2":"type-product","3":"status-publish","4":"has-post-thumbnail","6":"product_cat-offshore-platform-hydraulic-cylinders","7":"product_cat-single-acting-hydraulic-cylinder","8":"product_cat-stainless-steel-hydraulic-cylinder","9":"product_cat-hydraulic-cylinder","10":"product_tag-hydraulic-cylinder","12":"first","13":"instock","14":"shipping-taxable","15":"product-type-simple"},"amp_enabled":true,"_links":{"self":[{"href":"https:\/\/www.hydraulic-cylinders.net\/nb\/wp-json\/wp\/v2\/product\/1792","targetHints":{"allow":["GET"]}}],"collection":[{"href":"https:\/\/www.hydraulic-cylinders.net\/nb\/wp-json\/wp\/v2\/product"}],"about":[{"href":"https:\/\/www.hydraulic-cylinders.net\/nb\/wp-json\/wp\/v2\/types\/product"}],"replies":[{"embeddable":true,"href":"https:\/\/www.hydraulic-cylinders.net\/nb\/wp-json\/wp\/v2\/comments?post=1792"}],"wp:featuredmedia":[{"embeddable":true,"href":"https:\/\/www.hydraulic-cylinders.net\/nb\/wp-json\/wp\/v2\/media\/1795"}],"wp:attachment":[{"href":"https:\/\/www.hydraulic-cylinders.net\/nb\/wp-json\/wp\/v2\/media?parent=1792"}],"wp:term":[{"taxonomy":"product_brand","embeddable":true,"href":"https:\/\/www.hydraulic-cylinders.net\/nb\/wp-json\/wp\/v2\/product_brand?post=1792"},{"taxonomy":"product_cat","embeddable":true,"href":"https:\/\/www.hydraulic-cylinders.net\/nb\/wp-json\/wp\/v2\/product_cat?post=1792"},{"taxonomy":"product_tag","embeddable":true,"href":"https:\/\/www.hydraulic-cylinders.net\/nb\/wp-json\/wp\/v2\/product_tag?post=1792"}],"curies":[{"name":"wp","href":"https:\/\/api.w.org\/{rel}","templated":true}]}}