{"id":1848,"date":"2023-10-17T07:33:15","date_gmt":"2023-10-17T07:33:15","guid":{"rendered":"https:\/\/hydraulic-cylinders.net\/?post_type=product&#038;p=1848"},"modified":"2025-04-15T05:42:48","modified_gmt":"2025-04-15T05:42:48","slug":"reach-stacker-steering-cylinder","status":"publish","type":"product","link":"https:\/\/www.hydraulic-cylinders.net\/nb\/produkt\/reach-stacker-steering-cylinder\/","title":{"rendered":"Styresylinder for rekkeviddestabler"},"content":{"rendered":"<h1 style=\"text-align: center;\"><strong>Styresylinder for rekkeviddestabler<\/strong><\/h1>\n<h1 style=\"text-align: center;\"><img loading=\"lazy\" decoding=\"async\" class=\"alignnone wp-image-1849\" src=\"https:\/\/hydraulic-cylinders.net\/wp-content\/uploads\/2023\/10\/steering-cylinder-1-6-300x300.webp\" alt=\"\" width=\"400\" height=\"400\" \/><\/h1>\n<p>Styresylinderen til reachstackeren er en viktig hydraulisk komponent som er utviklet for \u00e5 optimalisere kontrollen og man\u00f8vrerbarheten til reachstackere i materialh\u00e5ndteringsoperasjoner. Denne spesialiserte sylinderen muliggj\u00f8r jevn og presis styring, slik at operat\u00f8rer kan navigere i trange rom og h\u00e5ndtere tunge laster med letthet. Med sine eksepsjonelle funksjoner, robuste konstruksjon og p\u00e5litelige ytelse revolusjonerer reachstackerens styresylinder effektiviteten og produktiviteten i materialh\u00e5ndteringsprosesser.<\/p>\n<p>Styresylinderen for reachstackere er banebrytende innen materialh\u00e5ndteringsoperasjoner, og tilbyr forbedret kontroll, man\u00f8vrerbarhet og effektivitet. Med sine eksepsjonelle styreegenskaper, h\u00f8ye lastekapasitet og optimale energieffektivitet, gir denne sylinderen operat\u00f8rer muligheten til \u00e5 navigere reachstackere med letthet, noe som \u00f8ker produktiviteten og sikkerheten. Ved \u00e5 f\u00f8lge de anbefalte bruksmetodene og implementere regelmessige vedlikeholdspraksiser, kan bedrifter maksimere ytelsen, levetiden og p\u00e5liteligheten til reachstacker-operasjonene sine. Styresylinderen for reachstackere er en verdifull investering for enhver materialh\u00e5ndteringsfl\u00e5te, og muliggj\u00f8r presis kontroll, effektiv man\u00f8vrering og s\u00f8ml\u00f8s drift i den konkurransepregede materialh\u00e5ndteringsbransjen.<\/p>\n<p>Viktige egenskaper for styringssylinder for reachstacker:<\/p>\n<ul>\n<li>Forbedret styrekontroll: Styresylinderen p\u00e5 reachstackeren gir eksepsjonell styrekontroll, slik at f\u00f8rere kan navigere reachstackere presist. Den sikrer jevn og responsiv styring, noe som forenkler n\u00f8yaktig plassering av containere og effektiv man\u00f8vrering i trange rom. F\u00f8rere kan trygt navigere i komplekse oppsett, noe som forbedrer produktiviteten og reduserer risikoen for ulykker eller skader.<\/li>\n<li>H\u00f8y lastekapasitet: Denne sylinderen er konstruert for \u00e5 t\u00e5le tunge belastninger som oppst\u00e5r i materialh\u00e5ndteringsoperasjoner. Den er konstruert med solide materialer og robust konstruksjon, slik at den kan h\u00e5ndtere p\u00e5kjenningene i krevende applikasjoner. Reach Stacker-styringssylinderen sikrer stabilitet og p\u00e5litelighet, selv ved man\u00f8vrering av store containere eller ved transport av betydelige lass, noe som forbedrer sikkerhet og ytelse.<\/li>\n<li>Optimal effektivitet: Styresylinderen p\u00e5 reachstackeren bidrar til den generelle driftseffektiviteten ved \u00e5 minimere energitap under styreman\u00f8vrer. Den har avansert hydraulisk teknologi som reduserer intern friksjon, forbedrer energieffektiviteten og reduserer str\u00f8mforbruket. Denne effektiviteten gir kostnadsbesparelser og forlenget levetid for utstyr.<\/li>\n<\/ul>\n<h2><strong>Parameter for styresylinder for rekkeviddestabler:<\/strong><\/h2>\n<table border=\"1\" cellspacing=\"0\" cellpadding=\"0\">\n<tbody>\n<tr>\n<td>Produktnavn<\/td>\n<td>Reach Stacker Luffing Sylinder<\/td>\n<\/tr>\n<tr>\n<td>Funksjoner:<\/td>\n<td>Innse justeringen av retningen p\u00e5 kranens dekk<\/td>\n<\/tr>\n<tr>\n<td>Borediameter:<\/td>\n<td>80 mm \uff5e200 mm<\/td>\n<\/tr>\n<tr>\n<td>Stangdiameter:<\/td>\n<td>60 mm\uff5e100 mm<br \/>\nSlaglengde \u22649500 mm<\/td>\n<\/tr>\n<tr>\n<td>Trykk:<\/td>\n<td>Maksimum 25 MPa<\/td>\n<\/tr>\n<tr>\n<td>Bruksomr\u00e5der:<\/td>\n<td>Reachstacker<\/td>\n<\/tr>\n<\/tbody>\n<\/table>\n<h2><strong>Bruksomr\u00e5de for sylinder for rekkeviddestabler:<\/strong><\/h2>\n<p><img loading=\"lazy\" decoding=\"async\" class=\"alignnone wp-image-1844 size-full\" src=\"https:\/\/hydraulic-cylinders.net\/wp-content\/uploads\/2023\/10\/reach-stacker-cylinder.webp\" alt=\"\" width=\"1418\" height=\"946\" srcset=\"https:\/\/hydraulic-cylinders.net\/wp-content\/uploads\/2023\/10\/reach-stacker-cylinder.webp 1418w, https:\/\/hydraulic-cylinders.net\/wp-content\/uploads\/2023\/10\/reach-stacker-cylinder-1280x854.webp 1280w, https:\/\/hydraulic-cylinders.net\/wp-content\/uploads\/2023\/10\/reach-stacker-cylinder-980x654.webp 980w, https:\/\/hydraulic-cylinders.net\/wp-content\/uploads\/2023\/10\/reach-stacker-cylinder-480x320.webp 480w\" sizes=\"(min-width: 0px) and (max-width: 480px) 480px, (min-width: 481px) and (max-width: 980px) 980px, (min-width: 981px) and (max-width: 1280px) 1280px, (min-width: 1281px) 1418px, 100vw\" \/><\/p>\n<h2><strong>Bruksmetode for rekkeviddestablers styresylinder<\/strong><strong>:<\/strong><\/h2>\n<p>Styrekontroll: For \u00e5 bruke reachstackerens styresylinder effektivt, f\u00f8lg disse trinnene:<\/p>\n<p>a. Koble til reachstackerens hydrauliske system og s\u00f8rg for at det hydrauliske trykket er innenfor det anbefalte driftsomr\u00e5det.<br \/>\nb. Bruk reachstackerens styrekontroller, for eksempel et ratt eller en joystick, til \u00e5 styre kj\u00f8ret\u00f8yets bevegelse.<br \/>\nc. Styresylinderen p\u00e5 reachstackeren vil reagere p\u00e5 f\u00f8rerens input og oversette den til jevne og presise styrebevegelser.<br \/>\nd. Overv\u00e5k reachstackerens retning og juster styreinngangen for \u00e5 oppn\u00e5 \u00f8nsket bane eller posisjonering.<\/p>\n<h2><strong>Hvordan lages hydrauliske sylindere?<\/strong><\/h2>\n<p>Hydrauliske sylindere produseres vanligvis ved hjelp av en systematisk prosess som involverer flere viktige trinn. Selv om detaljene kan variere avhengig av produsent og sylinderdesign, er f\u00f8lgende en generell oversikt over hvordan hydrauliske sylindere lages:<\/p>\n<ol>\n<li><strong>Design og prosjektering:<\/strong>\n<ul>\n<li>Prosessen begynner med design- og prosjekteringsfasen. Ingeni\u00f8rer og designere lager detaljerte spesifikasjoner, med tanke p\u00e5 lastekapasitet, slaglengde, driftstrykk og milj\u00f8forhold.<\/li>\n<\/ul>\n<\/li>\n<li><strong>Materialvalg:<\/strong>\n<ul>\n<li>N\u00e5r designet er ferdigstilt, velges egnede materialer basert p\u00e5 brukskravene. Vanlige materialer som brukes til hydrauliske sylindere inkluderer h\u00f8yfast st\u00e5l til sylindersylinder, stempel og stang, og tetninger og pakninger laget av elastomerer eller andre egnede materialer.<\/li>\n<\/ul>\n<\/li>\n<li><strong>Produksjon av sylinderfat:<\/strong>\n<ul>\n<li>Sylinderl\u00f8pet produseres vanligvis gjennom en prosess som kalles honing. Honing inneb\u00e6rer presisjonsbearbeiding av den indre overflaten av l\u00f8pet for \u00e5 oppn\u00e5 en glatt og presis finish. Dette sikrer optimal tetting og reduserer friksjon under drift.<\/li>\n<\/ul>\n<\/li>\n<li><strong>Produksjon av stempel og stang:<\/strong>\n<ul>\n<li>Stempelet og stangen er vanligvis maskinert av h\u00f8yfast st\u00e5l. CNC eller andre maskineringsteknikker brukes for \u00e5 oppn\u00e5 presise dimensjoner og toleranser. Stempelet kan ha spor for tetninger, og stangen er ofte herdet og forkrommet for holdbarhet og slitestyrke.<\/li>\n<\/ul>\n<\/li>\n<li><strong>Forsamling:<\/strong>\n<ul>\n<li>Monteringsprosessen inneb\u00e6rer \u00e5 montere ulike komponenter sammen for \u00e5 lage den hydrauliske sylinderen. Dette inkluderer \u00e5 sette inn tetninger, lagre og andre n\u00f8dvendige deler i sylinderen, feste stempelet og stangen, og sikre dem med l\u00e5seringer eller bolter.<\/li>\n<\/ul>\n<\/li>\n<li><strong>Overflatebehandling og belegg:<\/strong>\n<ul>\n<li>Avhengig av bruksomr\u00e5de og milj\u00f8forhold kan den hydrauliske sylinderen gjennomg\u00e5 overflatebehandlinger og belegg for \u00e5 forbedre korrosjonsmotstand og holdbarhet. Dette kan inkludere galvanisering, maling eller p\u00e5f\u00f8ring av spesialbelegg.<\/li>\n<\/ul>\n<\/li>\n<li><strong>Testing og kvalitetskontroll:<\/strong>\n<ul>\n<li>N\u00e5r monteringen er fullf\u00f8rt, gjennomg\u00e5r hydrauliske sylindere strenge tester for \u00e5 oppfylle kvalitets- og ytelsesstandarder. Dette kan inkludere trykk-, lekkasje- og funksjonstesting for \u00e5 bekrefte riktig drift og p\u00e5litelighet.<\/li>\n<\/ul>\n<\/li>\n<li><strong>Endelig etterbehandling og emballasje:<\/strong>\n<ul>\n<li>Etter \u00e5 ha best\u00e5tt kvalitetskontroll, gjennomg\u00e5r de hydrauliske sylindrene en siste etterbehandlingsprosess, som rengj\u00f8ring, avgrading og kosmetiske forbedringer. Deretter pakkes de n\u00f8ye for forsendelse eller lagring, klare til \u00e5 installeres i hydrauliske systemer.<\/li>\n<\/ul>\n<\/li>\n<\/ol>\n<h2><strong>Fabrikkens kapasitet og kapasitet:<\/strong><\/h2>\n<h3>(1) Montering<\/h3>\n<p>Vi har en f\u00f8rsteklasses uavhengig forsknings- og utviklingsplattform for montering. Verkstedet for produksjon av hydrauliske sylindere har fire halvautomatiske monteringslinjer for l\u00f8ftesylindere og \u00e9n automatisk monteringslinje for vippesylindere, med en \u00e5rlig produksjonskapasitet p\u00e5 1 million enheter. Spesialsylinderverkstedet er utstyrt med ulike spesifikasjoner for et halvautomatisk rengj\u00f8ringsmonteringssystem med en \u00e5rlig produksjonskapasitet p\u00e5 200 000 enheter, og er utstyrt med kjent CNC-maskineringsutstyr, et maskineringssenter, spesialutstyr for h\u00f8ypresisjons sylinderbehandling, en robotsveisemaskin, en automatisk rengj\u00f8ringsmaskin, en automatisk sylindermonteringsmaskin og en automatisk produksjonslinje for lakkering. Vi har mer enn 300 sett (sett) av kritisk utstyr. Optimal allokering og effektiv bruk av utstyrsressurser sikrer n\u00f8yaktighetskravene til produktene og oppfyller produktenes h\u00f8ye kvalitetsbehov.<\/p>\n<p><img loading=\"lazy\" decoding=\"async\" class=\"alignnone wp-image-626\" src=\"https:\/\/hydraulic-cylinders.net\/wp-content\/uploads\/2023\/08\/hydraulic-cylinder-product-1-300x158.webp\" alt=\"\" width=\"495\" height=\"260\" srcset=\"https:\/\/hydraulic-cylinders.net\/wp-content\/uploads\/2023\/08\/hydraulic-cylinder-product-1-300x158.webp 495w, https:\/\/hydraulic-cylinders.net\/wp-content\/uploads\/2023\/08\/hydraulic-cylinder-product-1-480x252.webp 480w\" sizes=\"(min-width: 0px) and (max-width: 480px) 480px, (min-width: 481px) 495px, 100vw\" \/> <img loading=\"lazy\" decoding=\"async\" class=\"alignnone wp-image-627\" src=\"https:\/\/hydraulic-cylinders.net\/wp-content\/uploads\/2023\/08\/hydraulic-cylinder-product-2-300x189.webp\" alt=\"\" width=\"413\" height=\"260\" \/><\/p>\n<h3>(2) Maskinering<\/h3>\n<p>Maskineringsverkstedet er utstyrt med et spesialtilpasset dreiesenter for skr\u00e5 skinner, maskineringssenter, h\u00f8yhastighets honemaskin, sveiserobot og annet relatert utstyr, som kan h\u00e5ndtere bearbeiding av sylinderr\u00f8r med en maksimal indre diameter p\u00e5 400 mm og en maksimal lengde p\u00e5 6 meter.<\/p>\n<p><img loading=\"lazy\" decoding=\"async\" class=\"alignnone wp-image-628 size-large\" src=\"https:\/\/hydraulic-cylinders.net\/wp-content\/uploads\/2023\/08\/hydraulic-cylinder-product-3-1024x391.webp\" alt=\"\" width=\"1024\" height=\"391\" srcset=\"https:\/\/hydraulic-cylinders.net\/wp-content\/uploads\/2023\/08\/hydraulic-cylinder-product-3-980x374.webp 980w, https:\/\/hydraulic-cylinders.net\/wp-content\/uploads\/2023\/08\/hydraulic-cylinder-product-3-480x183.webp 480w\" sizes=\"(min-width: 0px) and (max-width: 480px) 480px, (min-width: 481px) and (max-width: 980px) 980px, (min-width: 981px) 1024px, 100vw\" \/><\/p>\n<h3>(3) Sveising<\/h3>\n<p><img loading=\"lazy\" decoding=\"async\" class=\"alignnone wp-image-629 size-large\" src=\"https:\/\/hydraulic-cylinders.net\/wp-content\/uploads\/2023\/08\/hydraulic-cylinder-product-4-1024x510.webp\" alt=\"\" width=\"1024\" height=\"510\" srcset=\"https:\/\/hydraulic-cylinders.net\/wp-content\/uploads\/2023\/08\/hydraulic-cylinder-product-4-980x488.webp 980w, https:\/\/hydraulic-cylinders.net\/wp-content\/uploads\/2023\/08\/hydraulic-cylinder-product-4-480x239.webp 480w\" sizes=\"(min-width: 0px) and (max-width: 480px) 480px, (min-width: 481px) and (max-width: 980px) 980px, (min-width: 981px) 1024px, 100vw\" \/><\/p>\n<h3>(4) Maling og belegg<\/h3>\n<p>Med sm\u00e5 og mellomstore sylinderautomatiske vannbaserte malingsbeleggslinjer, for \u00e5 oppn\u00e5 automatisk robotlasting og -lossing og automatisk spr\u00f8yting, er den designede kapasiteten 4000 stykker per skift;<br \/>\nVi har ogs\u00e5 en halvautomatisk produksjonslinje for maling for store sylindere drevet av en kabelkjede, med en designkapasitet p\u00e5 60 kasser per skift.<\/p>\n<p><img loading=\"lazy\" decoding=\"async\" class=\"alignnone wp-image-630\" src=\"https:\/\/hydraulic-cylinders.net\/wp-content\/uploads\/2023\/08\/hydraulic-cylinder-product-5-300x213.webp\" alt=\"\" width=\"366\" height=\"260\" \/> <img loading=\"lazy\" decoding=\"async\" class=\"alignnone wp-image-631\" src=\"https:\/\/hydraulic-cylinders.net\/wp-content\/uploads\/2023\/08\/hydraulic-cylinder-product-6-300x225.webp\" alt=\"\" width=\"347\" height=\"260\" \/><\/p>\n<h3>(5) Testing<\/h3>\n<p>Vi har f\u00f8rsteklasses inspeksjonsfasiliteter og testbenker for \u00e5 sikre at sylinderens ytelse oppfyller kravene.<\/p>\n<p><img loading=\"lazy\" decoding=\"async\" class=\"alignnone wp-image-632\" src=\"https:\/\/hydraulic-cylinders.net\/wp-content\/uploads\/2023\/08\/hydraulic-cylinder-product-8-300x200.webp\" alt=\"\" width=\"389\" height=\"260\" \/><\/p>\n<p>&nbsp;<\/p>\n<p>&nbsp;<\/p>\n<p>Vi er en av de beste produsentene av hydrauliske sylindere. Vi kan tilby et omfattende utvalg av hydrauliske sylindere. Vi tilbyr ogs\u00e5 tilsvarende <a href=\"https:\/\/hzpt.com\/agricultural-pto-gearbox\/\" target=\"_blank\" rel=\"noopener\">landbruksgirkasser<\/a>Vi har eksportert produktene v\u00e5re til kunder over hele verden og opparbeidet oss et godt rykte p\u00e5 grunn av v\u00e5r overlegne produktkvalitet og ettersalgsservice. Vi \u00f8nsker kunder i inn- og utland velkommen til \u00e5 kontakte oss for \u00e5 forhandle om forretninger, utveksle informasjon og <a href=\"https:\/\/www.hydraulic-cylinders.net\/nb\/contact-us\/\">samarbeide med oss<\/a>!<\/p>\n<p>&nbsp;<\/p>\n<p>&nbsp;<\/p>","protected":false},"excerpt":{"rendered":"<p>Reach Stacker Steering Cylinder The reach stacker steering cylinder is a vital hydraulic component designed to optimize control and maneuverability of reach stackers in material handling operations. This specialized cylinder enables smooth and precise steering, allowing operators to navigate tight spaces and handle heavy loads with ease. With its exceptional features, robust construction, and reliable [&hellip;]<\/p>","protected":false},"featured_media":1850,"comment_status":"open","ping_status":"closed","template":"","meta":{"_et_pb_use_builder":"","_et_pb_old_content":"","_et_gb_content_width":""},"product_brand":[],"product_cat":[1550,1516,1552],"product_tag":[1380],"class_list":{"0":"post-1848","1":"product","2":"type-product","3":"status-publish","4":"has-post-thumbnail","6":"product_cat-double-acting-hydraulic-cylinder","7":"product_cat-stacker-reclaimer-hydraulic-cylinders","8":"product_cat-stainless-steel-hydraulic-cylinder","9":"product_tag-hydraulic-cylinder","11":"first","12":"instock","13":"shipping-taxable","14":"product-type-simple"},"amp_enabled":true,"_links":{"self":[{"href":"https:\/\/www.hydraulic-cylinders.net\/nb\/wp-json\/wp\/v2\/product\/1848","targetHints":{"allow":["GET"]}}],"collection":[{"href":"https:\/\/www.hydraulic-cylinders.net\/nb\/wp-json\/wp\/v2\/product"}],"about":[{"href":"https:\/\/www.hydraulic-cylinders.net\/nb\/wp-json\/wp\/v2\/types\/product"}],"replies":[{"embeddable":true,"href":"https:\/\/www.hydraulic-cylinders.net\/nb\/wp-json\/wp\/v2\/comments?post=1848"}],"wp:featuredmedia":[{"embeddable":true,"href":"https:\/\/www.hydraulic-cylinders.net\/nb\/wp-json\/wp\/v2\/media\/1850"}],"wp:attachment":[{"href":"https:\/\/www.hydraulic-cylinders.net\/nb\/wp-json\/wp\/v2\/media?parent=1848"}],"wp:term":[{"taxonomy":"product_brand","embeddable":true,"href":"https:\/\/www.hydraulic-cylinders.net\/nb\/wp-json\/wp\/v2\/product_brand?post=1848"},{"taxonomy":"product_cat","embeddable":true,"href":"https:\/\/www.hydraulic-cylinders.net\/nb\/wp-json\/wp\/v2\/product_cat?post=1848"},{"taxonomy":"product_tag","embeddable":true,"href":"https:\/\/www.hydraulic-cylinders.net\/nb\/wp-json\/wp\/v2\/product_tag?post=1848"}],"curies":[{"name":"wp","href":"https:\/\/api.w.org\/{rel}","templated":true}]}}