{"id":1859,"date":"2023-10-18T02:17:53","date_gmt":"2023-10-18T02:17:53","guid":{"rendered":"https:\/\/hydraulic-cylinders.net\/?post_type=product&#038;p=1859"},"modified":"2025-04-15T05:42:38","modified_gmt":"2025-04-15T05:42:38","slug":"stacker-reclaimer-belt-tensioning-cylinder","status":"publish","type":"product","link":"https:\/\/www.hydraulic-cylinders.net\/nb\/produkt\/stacker-reclaimer-belt-tensioning-cylinder\/","title":{"rendered":"Strammesylinder for stablerevinningsbelte"},"content":{"rendered":"<h1 style=\"text-align: center;\"><strong>Strammesylinder for stablerevinningsbelte<\/strong><\/h1>\n<h1 style=\"text-align: center;\"><img loading=\"lazy\" decoding=\"async\" class=\"alignnone wp-image-1860\" src=\"https:\/\/hydraulic-cylinders.net\/wp-content\/uploads\/2023\/10\/belt-tensioning-cylinder-1-300x300.webp\" alt=\"\" width=\"400\" height=\"400\" \/><\/h1>\n<p>Strammesylinderen for stableb\u00e5ndets gjenvinningsb\u00e5nd er en kritisk komponent i transportb\u00e5ndsystemer som brukes i materialh\u00e5ndteringsoperasjoner. Den spiller en avgj\u00f8rende rolle i \u00e5 opprettholde riktig spenning og justering av transportb\u00e5ndet, noe som sikrer effektiv og p\u00e5litelig transport av bulkmaterialer. Denne spesialiserte hydrauliske sylinderen tilbyr eksepsjonell ytelse og holdbarhet, slik at operat\u00f8rer kan optimalisere transportb\u00e5ndets ytelse samtidig som de forlenger transportb\u00e5ndets levetid.<\/p>\n<p>Beltestrammingssylinderen for stablere, gjenvinningsb\u00e5nd er en viktig komponent i transportb\u00e5ndsystemer, og tilbyr presis spenningskontroll, robust konstruksjon og p\u00e5litelig beltejustering. Med sin evne til \u00e5 optimalisere spenning og opprettholde riktig beltejustering, forbedrer den transportb\u00e5ndets ytelse, minimerer nedetid og forlenger levetiden til transportb\u00e5ndet. Ved \u00e5 f\u00f8lge de anbefalte bruksmetodene og implementere regelmessige vedlikeholdspraksiser, kan bedrifter maksimere ytelsen, levetiden og p\u00e5liteligheten til transportb\u00e5ndsystemene sine. Beltestrammingssylinderen for stablere, gjenvinningsb\u00e5nd er en verdifull investering for materialh\u00e5ndteringsoperasjoner, og gir operat\u00f8rer mulighet til \u00e5 oppn\u00e5 optimal effektivitet, n\u00f8yaktighet og produktivitet i dynamiske og krevende materialh\u00e5ndteringsmilj\u00f8er.<\/p>\n<p>Viktige egenskaper for strammesylinder for reclaimerbelte:<\/p>\n<ul>\n<li>Presis spenningskontroll: B\u00e5ndstrammingssylinderen gir presis kontroll over spenningen som p\u00e5f\u00f8res transportb\u00e5ndet. Denne funksjonen lar operat\u00f8rene justere spenningen i henhold til de spesifikke kravene til materialet som transporteres, noe som sikrer optimal ytelse og forhindrer at b\u00e5ndet slurrer eller skader.<\/li>\n<li>Robust konstruksjon: Beltestrammersylinderen er bygget med materialer av h\u00f8y kvalitet og robust konstruksjon, og er designet for \u00e5 t\u00e5le de krevende forholdene ved materialh\u00e5ndtering. Den robuste designen sikrer p\u00e5litelig ytelse, selv n\u00e5r den utsettes for tung belastning, vibrasjoner og t\u00f8ffe milj\u00f8er.<\/li>\n<li>P\u00e5litelig remjustering: Sylinderens design muliggj\u00f8r jevn og n\u00f8yaktig remjustering. Ved \u00e5 opprettholde riktig spenning bidrar den til \u00e5 forhindre feiljustering av rem og reduserer risikoen for materials\u00f8l, noe som minimerer nedetid og forbedrer driftseffektiviteten.<\/li>\n<\/ul>\n<h2><strong>Parameter for sylinder for gjenvinningsjager for stabler:<\/strong><\/h2>\n<table border=\"1\" cellspacing=\"0\" cellpadding=\"0\">\n<tbody>\n<tr>\n<td>Produktnavn<\/td>\n<td>Strammesylinder for stablerevinningsbelte<\/td>\n<\/tr>\n<tr>\n<td>Funksjoner:<\/td>\n<td>Oppmerksom p\u00e5 beltestramming og slakk<\/td>\n<\/tr>\n<tr>\n<td>Borediameter:<\/td>\n<td>80 mm\uff5e180 m<\/td>\n<\/tr>\n<tr>\n<td>Stangdiameter:<\/td>\n<td>45 mm \uff5e120 mm<br \/>\nSlaglengde 500 mm ~ 1500 mm<\/td>\n<\/tr>\n<tr>\n<td>Trykk:<\/td>\n<td>opptil 35 MPa<\/td>\n<\/tr>\n<tr>\n<td>Bruksomr\u00e5der:<\/td>\n<td>Stablergjenvinning<\/td>\n<\/tr>\n<\/tbody>\n<\/table>\n<h2><strong>Bruksomr\u00e5de for gjenvinningssylinder for stabler:<\/strong><\/h2>\n<p><img loading=\"lazy\" decoding=\"async\" class=\"alignnone wp-image-1854 size-full\" src=\"https:\/\/hydraulic-cylinders.net\/wp-content\/uploads\/2023\/10\/stacker-reclaimer-cylinder-1.webp\" alt=\"\" width=\"494\" height=\"330\" srcset=\"https:\/\/hydraulic-cylinders.net\/wp-content\/uploads\/2023\/10\/stacker-reclaimer-cylinder-1.webp 494w, https:\/\/hydraulic-cylinders.net\/wp-content\/uploads\/2023\/10\/stacker-reclaimer-cylinder-1-480x321.webp 480w\" sizes=\"(min-width: 0px) and (max-width: 480px) 480px, (min-width: 481px) 494px, 100vw\" \/><\/p>\n<h2><strong>Bruksmetode for Stacker Reclaimer Chaser Pitch Cylinder<\/strong><strong>:<\/strong><\/h2>\n<p>Justering av spenning: F\u00f8lg disse trinnene for \u00e5 bruke spennsylinderen for stablereturneringsbeltet effektivt:<\/p>\n<p>a. Koble til det hydrauliske systemet som driver transportb\u00e5ndet, og s\u00f8rg for at det hydrauliske trykket er innenfor det anbefalte driftsomr\u00e5det.<br \/>\nb. Bruk det medf\u00f8lgende kontrollgrensesnittet eller justeringsmekanismen til \u00e5 \u00f8ke eller redusere spenningen som p\u00e5f\u00f8res transportb\u00e5ndet.<br \/>\nc. Overv\u00e5k beltets ytelse og juster spenningen for \u00e5 opprettholde optimal justering og forhindre glidning eller skade.<\/p>\n<h2><strong>Hvor mye koster det \u00e5 reparere en hydraulisk sylinder?<\/strong><\/h2>\n<p>Kostnaden for \u00e5 reparere en hydraulisk sylinder kan variere avhengig av flere faktorer, inkludert omfanget av skaden eller slitasjen, st\u00f8rrelsen p\u00e5 sylinderen, tilgjengeligheten av reservedeler og arbeidskostnader. Reparasjon av en hydraulisk sylinder inneb\u00e6rer vanligvis \u00e5 demontere sylinderen, inspisere og reparere eller bytte ut skadede komponenter, og forsegle og montere sylinderen p\u00e5 nytt for \u00e5 gjenopprette funksjonaliteten.<\/p>\n<p>Her er noen faktorer som kan p\u00e5virke kostnadene ved \u00e5 reparere en hydraulisk sylinder:<\/p>\n<ol>\n<li><strong>Skade eller slitasje:<\/strong> Omfanget av skade eller slitasje i sylinderen kan p\u00e5virke kostnaden. Mindre reparasjoner eller utskifting av pakninger kan v\u00e6re billigere enn \u00e5 reparere eller bytte ut viktige komponenter som stempel, stang eller sylinder.<\/li>\n<li><strong>Reservedeler:<\/strong> Tilgjengeligheten og kostnaden for reservedeler som trengs for reparasjonen kan variere. Noen sylindere kan ha lett tilgjengelige og rimelige deler, mens andre kan kreve tilpassede eller spesialiserte komponenter, noe som kan \u00f8ke kostnaden.<\/li>\n<li><strong>Sylinderst\u00f8rrelse:<\/strong> St\u00f8rre sylindere kan kreve mer tid og krefter \u00e5 reparere, noe som p\u00e5virker den totale kostnaden.<\/li>\n<li><strong>L\u00f8nnskostnader:<\/strong> Arbeidskostnadene kan variere avhengig av reparasjonens kompleksitet, ferdighetsniv\u00e5et som kreves og tjenesteleverand\u00f8rens beliggenhet. Arbeidskostnadene kan omfatte demontering, inspeksjon, rengj\u00f8ring, reparasjon eller utskifting av komponenter, forsegling og montering.<\/li>\n<li><strong>Tilleggstjenester:<\/strong> Hvis andre tjenester, som maskinering, sveising eller honing, er n\u00f8dvendig, kan de \u00f8ke den totale kostnaden for reparasjonen.<\/li>\n<\/ol>\n<h2><strong>Fabrikkens kapasitet og kapasitet:<\/strong><\/h2>\n<h3>(1) Montering<\/h3>\n<p>Vi har en f\u00f8rsteklasses uavhengig forsknings- og utviklingsplattform for montering. Verkstedet for produksjon av hydrauliske sylindere har fire halvautomatiske monteringslinjer for l\u00f8ftesylindere og \u00e9n automatisk monteringslinje for vippesylindere, med en \u00e5rlig produksjonskapasitet p\u00e5 1 million enheter. Spesialsylinderverkstedet er utstyrt med ulike spesifikasjoner for et halvautomatisk rengj\u00f8ringsmonteringssystem med en \u00e5rlig produksjonskapasitet p\u00e5 200 000 enheter, og er utstyrt med kjent CNC-maskineringsutstyr, et maskineringssenter, spesialutstyr for h\u00f8ypresisjons sylinderbehandling, en robotsveisemaskin, en automatisk rengj\u00f8ringsmaskin, en automatisk sylindermonteringsmaskin og en automatisk produksjonslinje for lakkering. Vi har mer enn 300 sett (sett) av kritisk utstyr. Optimal allokering og effektiv bruk av utstyrsressurser sikrer n\u00f8yaktighetskravene til produktene og oppfyller produktenes h\u00f8ye kvalitetsbehov.<\/p>\n<p><img loading=\"lazy\" decoding=\"async\" class=\"alignnone wp-image-626\" src=\"https:\/\/hydraulic-cylinders.net\/wp-content\/uploads\/2023\/08\/hydraulic-cylinder-product-1-300x158.webp\" alt=\"\" width=\"495\" height=\"260\" srcset=\"https:\/\/hydraulic-cylinders.net\/wp-content\/uploads\/2023\/08\/hydraulic-cylinder-product-1-300x158.webp 495w, https:\/\/hydraulic-cylinders.net\/wp-content\/uploads\/2023\/08\/hydraulic-cylinder-product-1-480x252.webp 480w\" sizes=\"(min-width: 0px) and (max-width: 480px) 480px, (min-width: 481px) 495px, 100vw\" \/> <img loading=\"lazy\" decoding=\"async\" class=\"alignnone wp-image-627\" src=\"https:\/\/hydraulic-cylinders.net\/wp-content\/uploads\/2023\/08\/hydraulic-cylinder-product-2-300x189.webp\" alt=\"\" width=\"413\" height=\"260\" \/><\/p>\n<h3>(2) Maskinering<\/h3>\n<p>Maskineringsverkstedet er utstyrt med et spesialtilpasset dreiesenter for skr\u00e5 skinner, maskineringssenter, h\u00f8yhastighets honemaskin, sveiserobot og annet relatert utstyr, som kan h\u00e5ndtere bearbeiding av sylinderr\u00f8r med en maksimal indre diameter p\u00e5 400 mm og en maksimal lengde p\u00e5 6 meter.<\/p>\n<p><img loading=\"lazy\" decoding=\"async\" class=\"alignnone wp-image-628 size-large\" src=\"https:\/\/hydraulic-cylinders.net\/wp-content\/uploads\/2023\/08\/hydraulic-cylinder-product-3-1024x391.webp\" alt=\"\" width=\"1024\" height=\"391\" srcset=\"https:\/\/hydraulic-cylinders.net\/wp-content\/uploads\/2023\/08\/hydraulic-cylinder-product-3-980x374.webp 980w, https:\/\/hydraulic-cylinders.net\/wp-content\/uploads\/2023\/08\/hydraulic-cylinder-product-3-480x183.webp 480w\" sizes=\"(min-width: 0px) and (max-width: 480px) 480px, (min-width: 481px) and (max-width: 980px) 980px, (min-width: 981px) 1024px, 100vw\" \/><\/p>\n<h3>(3) Sveising<\/h3>\n<p><img loading=\"lazy\" decoding=\"async\" class=\"alignnone wp-image-629 size-large\" src=\"https:\/\/hydraulic-cylinders.net\/wp-content\/uploads\/2023\/08\/hydraulic-cylinder-product-4-1024x510.webp\" alt=\"\" width=\"1024\" height=\"510\" srcset=\"https:\/\/hydraulic-cylinders.net\/wp-content\/uploads\/2023\/08\/hydraulic-cylinder-product-4-980x488.webp 980w, https:\/\/hydraulic-cylinders.net\/wp-content\/uploads\/2023\/08\/hydraulic-cylinder-product-4-480x239.webp 480w\" sizes=\"(min-width: 0px) and (max-width: 480px) 480px, (min-width: 481px) and (max-width: 980px) 980px, (min-width: 981px) 1024px, 100vw\" \/><\/p>\n<h3>(4) Maling og belegg<\/h3>\n<p>Med sm\u00e5 og mellomstore sylinderautomatiske vannbaserte malingsbeleggslinjer, for \u00e5 oppn\u00e5 automatisk robotlasting og -lossing og automatisk spr\u00f8yting, er den designede kapasiteten 4000 stykker per skift;<br \/>\nVi har ogs\u00e5 en halvautomatisk produksjonslinje for maling for store sylindere drevet av en kabelkjede, med en designkapasitet p\u00e5 60 kasser per skift.<\/p>\n<p><img loading=\"lazy\" decoding=\"async\" class=\"alignnone wp-image-630\" src=\"https:\/\/hydraulic-cylinders.net\/wp-content\/uploads\/2023\/08\/hydraulic-cylinder-product-5-300x213.webp\" alt=\"\" width=\"366\" height=\"260\" \/> <img loading=\"lazy\" decoding=\"async\" class=\"alignnone wp-image-631\" src=\"https:\/\/hydraulic-cylinders.net\/wp-content\/uploads\/2023\/08\/hydraulic-cylinder-product-6-300x225.webp\" alt=\"\" width=\"347\" height=\"260\" \/><\/p>\n<h3>(5) Testing<\/h3>\n<p>Vi har f\u00f8rsteklasses inspeksjonsfasiliteter og testbenker for \u00e5 sikre at sylinderens ytelse oppfyller kravene.<\/p>\n<p><img loading=\"lazy\" decoding=\"async\" class=\"alignnone wp-image-632\" src=\"https:\/\/hydraulic-cylinders.net\/wp-content\/uploads\/2023\/08\/hydraulic-cylinder-product-8-300x200.webp\" alt=\"\" width=\"389\" height=\"260\" \/><\/p>\n<p>&nbsp;<\/p>\n<p>&nbsp;<\/p>\n<p>Vi er en av de beste produsentene av hydrauliske sylindere. Vi kan tilby et omfattende utvalg av hydrauliske sylindere. Vi tilbyr ogs\u00e5 tilsvarende <a href=\"https:\/\/hzpt.com\/agricultural-pto-gearbox\/\" target=\"_blank\" rel=\"noopener\">landbruksgirkasser<\/a>Vi har eksportert produktene v\u00e5re til kunder over hele verden og opparbeidet oss et godt rykte p\u00e5 grunn av v\u00e5r overlegne produktkvalitet og ettersalgsservice. Vi \u00f8nsker kunder i inn- og utland velkommen til \u00e5 kontakte oss for \u00e5 forhandle om forretninger, utveksle informasjon og <a href=\"https:\/\/www.hydraulic-cylinders.net\/nb\/contact-us\/\">samarbeide med oss<\/a>!<\/p>\n<p>&nbsp;<\/p>\n<p>&nbsp;<\/p>","protected":false},"excerpt":{"rendered":"<p>Stacker Reclaimer Belt Tensioning Cylinder The stacker reclaimer belt tensioning cylinder is a critical component in conveyor systems used in material handling operations. It plays a crucial role in maintaining proper tension and alignment of the conveyor belt, ensuring efficient and reliable transportation of bulk materials. This specialized hydraulic cylinder offers exceptional performance and durability, [&hellip;]<\/p>","protected":false},"featured_media":1861,"comment_status":"open","ping_status":"closed","template":"","meta":{"_et_pb_use_builder":"","_et_pb_old_content":"","_et_gb_content_width":""},"product_brand":[],"product_cat":[1549,1516,1552],"product_tag":[1380],"class_list":{"0":"post-1859","1":"product","2":"type-product","3":"status-publish","4":"has-post-thumbnail","6":"product_cat-single-acting-hydraulic-cylinder","7":"product_cat-stacker-reclaimer-hydraulic-cylinders","8":"product_cat-stainless-steel-hydraulic-cylinder","9":"product_tag-hydraulic-cylinder","11":"first","12":"instock","13":"shipping-taxable","14":"product-type-simple"},"amp_enabled":true,"_links":{"self":[{"href":"https:\/\/www.hydraulic-cylinders.net\/nb\/wp-json\/wp\/v2\/product\/1859","targetHints":{"allow":["GET"]}}],"collection":[{"href":"https:\/\/www.hydraulic-cylinders.net\/nb\/wp-json\/wp\/v2\/product"}],"about":[{"href":"https:\/\/www.hydraulic-cylinders.net\/nb\/wp-json\/wp\/v2\/types\/product"}],"replies":[{"embeddable":true,"href":"https:\/\/www.hydraulic-cylinders.net\/nb\/wp-json\/wp\/v2\/comments?post=1859"}],"wp:featuredmedia":[{"embeddable":true,"href":"https:\/\/www.hydraulic-cylinders.net\/nb\/wp-json\/wp\/v2\/media\/1861"}],"wp:attachment":[{"href":"https:\/\/www.hydraulic-cylinders.net\/nb\/wp-json\/wp\/v2\/media?parent=1859"}],"wp:term":[{"taxonomy":"product_brand","embeddable":true,"href":"https:\/\/www.hydraulic-cylinders.net\/nb\/wp-json\/wp\/v2\/product_brand?post=1859"},{"taxonomy":"product_cat","embeddable":true,"href":"https:\/\/www.hydraulic-cylinders.net\/nb\/wp-json\/wp\/v2\/product_cat?post=1859"},{"taxonomy":"product_tag","embeddable":true,"href":"https:\/\/www.hydraulic-cylinders.net\/nb\/wp-json\/wp\/v2\/product_tag?post=1859"}],"curies":[{"name":"wp","href":"https:\/\/api.w.org\/{rel}","templated":true}]}}