{"id":1877,"date":"2023-10-18T07:57:51","date_gmt":"2023-10-18T07:57:51","guid":{"rendered":"https:\/\/hydraulic-cylinders.net\/?post_type=product&#038;p=1877"},"modified":"2025-04-11T03:43:31","modified_gmt":"2025-04-11T03:43:31","slug":"shield-machine-articulated-cylinder","status":"publish","type":"product","link":"https:\/\/www.hydraulic-cylinders.net\/nb\/produkt\/shield-machine-articulated-cylinder\/","title":{"rendered":"Skjoldmaskin leddsylinder"},"content":{"rendered":"<h1 style=\"text-align: center;\"><strong>Skjoldmaskin leddsylinder<\/strong><\/h1>\n<p><img loading=\"lazy\" decoding=\"async\" class=\"aligncenter wp-image-1878\" src=\"https:\/\/hydraulic-cylinders.net\/wp-content\/uploads\/2023\/10\/articulated-cylinder-1-300x300.webp\" alt=\"\" width=\"400\" height=\"400\" \/><\/p>\n<p>Skjoldmaskinens leddsylinder er en banebrytende hydraulisk komponent som er spesielt utviklet for skjermmaskiner som brukes i tunnelering og underjordiske byggeprosjekter. Med sin eksepsjonelle fleksibilitet, p\u00e5litelighet og effektivitet er denne sylinderen avgj\u00f8rende for \u00e5 sikre problemfrie graveoperasjoner. Denne artikkelen vil fordype seg i de viktigste egenskapene, bruksmetodene og vedlikeholdstipsene for dette bemerkelsesverdige produktet.<\/p>\n<p>Skjoldmaskinens leddete sylinder revolusjonerer tunneldrift med sitt fleksible bevegelsesomr\u00e5de, robuste konstruksjon og presise hydrauliske kontroll. Den leddete designen muliggj\u00f8r eksepsjonell tilpasningsevne, man\u00f8vrerbarhet og effektivitet, noe som gj\u00f8r den uunnv\u00e6rlig for vellykkede underjordiske byggeprosjekter. Ved \u00e5 f\u00f8lge de anbefalte bruksmetodene og implementere regelmessige vedlikeholdspraksiser, vil skjermmaskinens leddete sylinder fortsette \u00e5 levere eksepsjonell ytelse, noe som sikrer en jevn fremdrift av tunnelarbeidet ditt. Opplev fleksibiliteten, effektiviteten og p\u00e5liteligheten til skjermmaskinens leddete sylinder og l\u00e5s opp det fulle potensialet i tunnelprosjektene dine.<\/p>\n<p>Viktige egenskaper for leddsylinder for skjoldmaskin:<\/p>\n<ol>\n<li>Ledddesign: Skjoldmaskinens leddete sylinder har en innovativ ledddesign som gir forbedret man\u00f8vrerbarhet og tilpasningsevne under tunnelarbeid. Den unike strukturen gj\u00f8r at skjermmaskinen enkelt kan navigere i utfordrende terreng, skarpe kurver og varierende tunnellinjer, noe som sikrer maksimal effektivitet og prosjektets suksess.<\/li>\n<li>Robust konstruksjon: Denne sylinderen er bygget med materialer av h\u00f8y kvalitet og presis konstruksjon, og viser eksepsjonell holdbarhet og motstand mot de krevende forholdene som oppst\u00e5r ved underjordisk konstruksjon. Den robuste konstruksjonen sikrer p\u00e5litelig ytelse, lang levetid og minimal nedetid, selv i de t\u00f8ffeste driftsmilj\u00f8ene.<\/li>\n<li>Fleksibelt bevegelsesomr\u00e5de: Den leddete sylinderen tilbyr et bredt bevegelsesomr\u00e5de, slik at skjermingsmaskinen kan lende og justere posisjonen etter behov. Denne fleksibiliteten muliggj\u00f8r presis justering, effektiv utgraving og forbedret tunneln\u00f8yaktighet, noe som til slutt resulterer i raskere prosjektgjennomf\u00f8ring og reduserte kostnader.<\/li>\n<li>Hydraulisk kontrollsystem: Utstyrt med avanserte hydrauliske kontrollsystemer gir den leddstyrte sylinderen til skjoldmaskinen presis og responsiv kontroll over leddbevegelsen. Dette sikrer jevn drift og lar operat\u00f8rene opprettholde optimal kontroll over skjoldmaskinen, noe som forbedrer sikkerhet og produktivitet.<\/li>\n<\/ol>\n<h2><strong>Parameter for leddsylinder for skjoldmaskin:<\/strong><\/h2>\n<table border=\"1\" cellspacing=\"0\" cellpadding=\"0\">\n<tbody>\n<tr>\n<td>Produktnavn<\/td>\n<td>Skjoldmaskin leddsylinder<\/td>\n<\/tr>\n<tr>\n<td>Funksjoner:<\/td>\n<td>Aktiv artikulasjon: styring av kutterhodet\/koordinert verkt\u00f8ybytte<br \/>\nPassiv artikulasjon: dra skjoldets hale fremover<\/td>\n<\/tr>\n<tr>\n<td>Borediameter:<\/td>\n<td>125 mm \uff5e550 mm<\/td>\n<\/tr>\n<tr>\n<td>Stangdiameter:<\/td>\n<td>\u00a070 mm\uff5e370 mm<br \/>\nSlaglengde 140 mm ~ 1200 mm<\/td>\n<\/tr>\n<tr>\n<td>Trykk:<\/td>\n<td>Opptil 35 MPa<\/td>\n<\/tr>\n<tr>\n<td>Bruksomr\u00e5der:<\/td>\n<td>Skjoldmaskin, tunnelboremaskineri<\/td>\n<\/tr>\n<\/tbody>\n<\/table>\n<h2><strong>Skjoldmaskinens skyvesylinderapplikasjon:<\/strong><\/h2>\n<p><img loading=\"lazy\" decoding=\"async\" class=\"alignnone wp-image-1875 size-full\" src=\"https:\/\/hydraulic-cylinders.net\/wp-content\/uploads\/2023\/10\/harsh-corrosive-cylinder-1.webp\" alt=\"\" width=\"1418\" height=\"946\" srcset=\"https:\/\/hydraulic-cylinders.net\/wp-content\/uploads\/2023\/10\/harsh-corrosive-cylinder-1.webp 1418w, https:\/\/hydraulic-cylinders.net\/wp-content\/uploads\/2023\/10\/harsh-corrosive-cylinder-1-1280x854.webp 1280w, https:\/\/hydraulic-cylinders.net\/wp-content\/uploads\/2023\/10\/harsh-corrosive-cylinder-1-980x654.webp 980w, https:\/\/hydraulic-cylinders.net\/wp-content\/uploads\/2023\/10\/harsh-corrosive-cylinder-1-480x320.webp 480w\" sizes=\"(min-width: 0px) and (max-width: 480px) 480px, (min-width: 481px) and (max-width: 980px) 980px, (min-width: 981px) and (max-width: 1280px) 1280px, (min-width: 1281px) 1418px, 100vw\" \/><\/p>\n<h2><strong>Bruksmetode for leddsylinder med skjoldmaskin<\/strong><strong>:<\/strong><\/h2>\n<ul>\n<li><strong>Vurdering f\u00f8r installasjon:<\/strong>\u00a0 F\u00f8r installasjon av skjermmaskinens artikulerte sylinder, vurder prosjektets krav, inkludert tunneldimensjoner, justeringsbegrensninger og grunnforhold. Denne evalueringen vil bidra til \u00e5 bestemme passende sylinderspesifikasjoner og konfigurasjon for optimal ytelse.<\/li>\n<li><strong>Installasjon og integrasjon:<\/strong> F\u00f8lg disse trinnene for vellykket installasjon:\n<ul>\n<li>Monter den leddete sylinderen sikkert p\u00e5 skjermmaskinen, og s\u00f8rg for riktig justering og stabilitet i henhold til produsentens retningslinjer.<\/li>\n<li>Koble hydraulikkledningene til sylinderen, og s\u00f8rg for at koblingene er tette og lekkasjefrie. Kontroller kompatibiliteten med det hydrauliske systemet og bruk passende koblinger og slanger.<\/li>\n<\/ul>\n<\/li>\n<li><strong>Oppsett av hydraulisk system:<\/strong> Integrer sylinderen i skjermmaskinens hydrauliske system, og koble den til en p\u00e5litelig str\u00f8mkilde og kontrollmekanisme. Riktig oppsett og kalibrering av det hydrauliske systemet er avgj\u00f8rende for optimal ytelse og sikkerhet.<\/li>\n<li><strong>Driftskontroll:<\/strong> Gj\u00f8r deg kjent med kontrollmekanismen for den artikulerte sylinderen. Forst\u00e5 kontrollinngangene og deres tilsvarende effekter p\u00e5 sylinderens bevegelsesomr\u00e5de. \u00d8v p\u00e5 \u00e5 betjene kontrollsystemet for \u00e5 sikre jevn og presis artikulasjon under tunnelboring.<\/li>\n<\/ul>\n<h2><strong>Hvordan lufte en hydraulisk sylinder p\u00e5 en dumper?<\/strong><\/h2>\n<p><strong>Trinn 1: Klargj\u00f8r kj\u00f8ret\u00f8yet og sikkerhetstiltak<\/strong><\/p>\n<ul>\n<li>Parker dumperen p\u00e5 et plant underlag og aktiver parkeringsbremsen.<\/li>\n<li>Sl\u00e5 av motoren og ta ut n\u00f8kkelen fra tenningen for \u00e5 forhindre utilsiktet aktivering av det hydrauliske systemet.<\/li>\n<li>Bruk passende personlig verneutstyr, som hansker og vernebriller, for \u00e5 beskytte deg mot hydraulisk v\u00e6ske og rusk.<\/li>\n<\/ul>\n<p><strong>Trinn 2: Finn lufteventilen<\/strong><\/p>\n<ul>\n<li>Identifiser den\/de hydrauliske sylinderen(e) som m\u00e5 luftes. Disse sylinderne er vanligvis koblet til dumperens l\u00f8ftemekanisme.<\/li>\n<li>Finn lufteventilen(e) p\u00e5 den\/de hydrauliske sylinderen(e). Lufteventilen er en liten kopling med st\u00f8vhette.<\/li>\n<\/ul>\n<p><strong>Trinn 3: Forbered deg p\u00e5 bl\u00f8dning<\/strong><\/p>\n<ul>\n<li>Fjern st\u00f8vhetten fra lufteventilen.<\/li>\n<li>Plasser filler eller h\u00e5ndkl\u00e6r rundt lufteventilen for \u00e5 fange opp eventuell hydraulisk v\u00e6ske som lekker under lufteprosessen.<\/li>\n<\/ul>\n<p><strong>Trinn 4: Bl\u00f8dningsprosess<\/strong><\/p>\n<ul>\n<li>Med hjelp fra en annen person, som skal betjene kontrollene inne i f\u00f8rerhuset, kommunisere og koordinere lufteprosessen.<\/li>\n<li>Avhengig av dumperens konfigurasjon, instruer personen som betjener kontrollene til \u00e5 aktivere det hydrauliske systemet i \u00absenke\u00bb- eller \u00abt\u00f8mme\u00bb-modus.<\/li>\n<li>\u00c5pne lufteventilen ved \u00e5 vri den mot klokken. N\u00e5r ventilen \u00e5pnes, vil hydraulisk v\u00e6ske og luftbobler bli t\u00f8mt fra systemet.<\/li>\n<li>La hydraulikkv\u00e6sken renne ut til du ser en jevn str\u00f8m, som indikerer at luften er presset ut. Lukk lufteventilen ved \u00e5 vri den med klokken.<\/li>\n<\/ul>\n<p><strong>Trinn 5: Gjenta prosessen<\/strong><\/p>\n<ul>\n<li>Gjenta lufteprosessen for hver hydrauliske sylinder som trenger lufting, ved \u00e5 f\u00f8lge de samme trinnene som er beskrevet ovenfor.<\/li>\n<li>S\u00f8rg for at hver lufteventil er tett lukket etter lufting for \u00e5 forhindre lekkasje av hydraulisk v\u00e6ske.<\/li>\n<\/ul>\n<p><strong>Trinn 6: Kontroller v\u00e6skeniv\u00e5 og drift<\/strong><\/p>\n<ul>\n<li>Kontroller hydraulikkv\u00e6skeniv\u00e5et i dumperens beholder. Etterfyll v\u00e6ske om n\u00f8dvendig, i henhold til produsentens anvisninger.<\/li>\n<li>Start motoren og bruk det hydrauliske systemet for \u00e5 teste driften av de luftede sylindrene. Kontroller at de g\u00e5r jevnt ut og inn uten unormale lyder eller ytelsesproblemer.<\/li>\n<\/ul>\n<h2><strong>Fabrikkens kapasitet og kapasitet:<\/strong><\/h2>\n<h3>(1) Montering<\/h3>\n<p>Vi har en f\u00f8rsteklasses uavhengig forsknings- og utviklingsplattform for montering. Verkstedet for produksjon av hydrauliske sylindere har fire halvautomatiske monteringslinjer for l\u00f8ftesylindere og \u00e9n automatisk monteringslinje for vippesylindere, med en \u00e5rlig produksjonskapasitet p\u00e5 1 million enheter. Spesialsylinderverkstedet er utstyrt med ulike spesifikasjoner for et halvautomatisk rengj\u00f8ringsmonteringssystem med en \u00e5rlig produksjonskapasitet p\u00e5 200 000 enheter, og er utstyrt med kjent CNC-maskineringsutstyr, et maskineringssenter, spesialutstyr for h\u00f8ypresisjons sylinderbehandling, en robotsveisemaskin, en automatisk rengj\u00f8ringsmaskin, en automatisk sylindermonteringsmaskin og en automatisk produksjonslinje for lakkering. Vi har mer enn 300 sett (sett) av kritisk utstyr. Optimal allokering og effektiv bruk av utstyrsressurser sikrer n\u00f8yaktighetskravene til produktene og oppfyller produktenes h\u00f8ye kvalitetsbehov.<\/p>\n<p><img loading=\"lazy\" decoding=\"async\" class=\"alignnone wp-image-626\" src=\"https:\/\/hydraulic-cylinders.net\/wp-content\/uploads\/2023\/08\/hydraulic-cylinder-product-1-300x158.webp\" alt=\"\" width=\"495\" height=\"260\" srcset=\"https:\/\/hydraulic-cylinders.net\/wp-content\/uploads\/2023\/08\/hydraulic-cylinder-product-1-300x158.webp 495w, https:\/\/hydraulic-cylinders.net\/wp-content\/uploads\/2023\/08\/hydraulic-cylinder-product-1-480x252.webp 480w\" sizes=\"(min-width: 0px) and (max-width: 480px) 480px, (min-width: 481px) 495px, 100vw\" \/> <img loading=\"lazy\" decoding=\"async\" class=\"alignnone wp-image-627\" src=\"https:\/\/hydraulic-cylinders.net\/wp-content\/uploads\/2023\/08\/hydraulic-cylinder-product-2-300x189.webp\" alt=\"\" width=\"413\" height=\"260\" \/><\/p>\n<h3>(2) Maskinering<\/h3>\n<p>Maskineringsverkstedet er utstyrt med et spesialtilpasset dreiesenter for skr\u00e5 skinner, maskineringssenter, h\u00f8yhastighets honemaskin, sveiserobot og annet relatert utstyr, som kan h\u00e5ndtere bearbeiding av sylinderr\u00f8r med en maksimal indre diameter p\u00e5 400 mm og en maksimal lengde p\u00e5 6 meter.<\/p>\n<p><img loading=\"lazy\" decoding=\"async\" class=\"alignnone wp-image-628 size-large\" src=\"https:\/\/hydraulic-cylinders.net\/wp-content\/uploads\/2023\/08\/hydraulic-cylinder-product-3-1024x391.webp\" alt=\"\" width=\"1024\" height=\"391\" srcset=\"https:\/\/hydraulic-cylinders.net\/wp-content\/uploads\/2023\/08\/hydraulic-cylinder-product-3-980x374.webp 980w, https:\/\/hydraulic-cylinders.net\/wp-content\/uploads\/2023\/08\/hydraulic-cylinder-product-3-480x183.webp 480w\" sizes=\"(min-width: 0px) and (max-width: 480px) 480px, (min-width: 481px) and (max-width: 980px) 980px, (min-width: 981px) 1024px, 100vw\" \/><\/p>\n<h3>(3) Sveising<\/h3>\n<p><img loading=\"lazy\" decoding=\"async\" class=\"alignnone wp-image-629 size-large\" src=\"https:\/\/hydraulic-cylinders.net\/wp-content\/uploads\/2023\/08\/hydraulic-cylinder-product-4-1024x510.webp\" alt=\"\" width=\"1024\" height=\"510\" srcset=\"https:\/\/hydraulic-cylinders.net\/wp-content\/uploads\/2023\/08\/hydraulic-cylinder-product-4-980x488.webp 980w, https:\/\/hydraulic-cylinders.net\/wp-content\/uploads\/2023\/08\/hydraulic-cylinder-product-4-480x239.webp 480w\" sizes=\"(min-width: 0px) and (max-width: 480px) 480px, (min-width: 481px) and (max-width: 980px) 980px, (min-width: 981px) 1024px, 100vw\" \/><\/p>\n<h3>(4) Maling og belegg<\/h3>\n<p>Med sm\u00e5 og mellomstore sylinderautomatiske vannbaserte malingsbeleggslinjer, for \u00e5 oppn\u00e5 automatisk robotlasting og -lossing og automatisk spr\u00f8yting, er den designede kapasiteten 4000 stykker per skift;<br \/>\nVi har ogs\u00e5 en halvautomatisk produksjonslinje for maling for store sylindere drevet av en kabelkjede, med en designkapasitet p\u00e5 60 kasser per skift.<\/p>\n<p><img loading=\"lazy\" decoding=\"async\" class=\"alignnone wp-image-630\" src=\"https:\/\/hydraulic-cylinders.net\/wp-content\/uploads\/2023\/08\/hydraulic-cylinder-product-5-300x213.webp\" alt=\"\" width=\"366\" height=\"260\" \/> <img loading=\"lazy\" decoding=\"async\" class=\"alignnone wp-image-631\" src=\"https:\/\/hydraulic-cylinders.net\/wp-content\/uploads\/2023\/08\/hydraulic-cylinder-product-6-300x225.webp\" alt=\"\" width=\"347\" height=\"260\" \/><\/p>\n<h3>(5) Testing<\/h3>\n<p>Vi har f\u00f8rsteklasses inspeksjonsfasiliteter og testbenker for \u00e5 sikre at sylinderens ytelse oppfyller kravene.<\/p>\n<p><img loading=\"lazy\" decoding=\"async\" class=\"alignnone wp-image-632\" src=\"https:\/\/hydraulic-cylinders.net\/wp-content\/uploads\/2023\/08\/hydraulic-cylinder-product-8-300x200.webp\" alt=\"\" width=\"389\" height=\"260\" \/><\/p>\n<p>&nbsp;<\/p>\n<p>&nbsp;<\/p>\n<p>Vi er en av de beste produsentene av hydrauliske sylindere. Vi kan tilby et omfattende utvalg av hydrauliske sylindere. Vi tilbyr ogs\u00e5 tilsvarende <a href=\"https:\/\/hzpt.com\/agricultural-pto-gearbox\/\" target=\"_blank\" rel=\"noopener\">landbruksgirkasser<\/a>Vi har eksportert produktene v\u00e5re til kunder over hele verden og opparbeidet oss et godt rykte p\u00e5 grunn av v\u00e5r overlegne produktkvalitet og ettersalgsservice. Vi \u00f8nsker kunder i inn- og utland velkommen til \u00e5 kontakte oss for \u00e5 forhandle om forretninger, utveksle informasjon og <a href=\"https:\/\/www.hydraulic-cylinders.net\/nb\/contact-us\/\">samarbeide med oss<\/a>!<\/p>\n<p>&nbsp;<\/p>","protected":false},"excerpt":{"rendered":"<p>Shield Machine Articulated Cylinder The shield machine articulated cylinder is a cutting-edge hydraulic component specifically designed for shield machines used in tunneling and underground construction projects. With its exceptional flexibility, reliability, and efficiency, this cylinder is vital in ensuring smooth excavation operations. This article will delve into the key characteristics, usage methods, and maintenance tips [&hellip;]<\/p>","protected":false},"featured_media":1881,"comment_status":"open","ping_status":"closed","template":"","meta":{"_et_pb_use_builder":"","_et_pb_old_content":"","_et_gb_content_width":""},"product_brand":[],"product_cat":[1550,1519],"product_tag":[1380],"class_list":{"0":"post-1877","1":"product","2":"type-product","3":"status-publish","4":"has-post-thumbnail","6":"product_cat-double-acting-hydraulic-cylinder","7":"product_cat-shield-machine-hydraulic-cylinders","8":"product_tag-hydraulic-cylinder","10":"first","11":"instock","12":"shipping-taxable","13":"product-type-simple"},"amp_enabled":true,"_links":{"self":[{"href":"https:\/\/www.hydraulic-cylinders.net\/nb\/wp-json\/wp\/v2\/product\/1877","targetHints":{"allow":["GET"]}}],"collection":[{"href":"https:\/\/www.hydraulic-cylinders.net\/nb\/wp-json\/wp\/v2\/product"}],"about":[{"href":"https:\/\/www.hydraulic-cylinders.net\/nb\/wp-json\/wp\/v2\/types\/product"}],"replies":[{"embeddable":true,"href":"https:\/\/www.hydraulic-cylinders.net\/nb\/wp-json\/wp\/v2\/comments?post=1877"}],"wp:featuredmedia":[{"embeddable":true,"href":"https:\/\/www.hydraulic-cylinders.net\/nb\/wp-json\/wp\/v2\/media\/1881"}],"wp:attachment":[{"href":"https:\/\/www.hydraulic-cylinders.net\/nb\/wp-json\/wp\/v2\/media?parent=1877"}],"wp:term":[{"taxonomy":"product_brand","embeddable":true,"href":"https:\/\/www.hydraulic-cylinders.net\/nb\/wp-json\/wp\/v2\/product_brand?post=1877"},{"taxonomy":"product_cat","embeddable":true,"href":"https:\/\/www.hydraulic-cylinders.net\/nb\/wp-json\/wp\/v2\/product_cat?post=1877"},{"taxonomy":"product_tag","embeddable":true,"href":"https:\/\/www.hydraulic-cylinders.net\/nb\/wp-json\/wp\/v2\/product_tag?post=1877"}],"curies":[{"name":"wp","href":"https:\/\/api.w.org\/{rel}","templated":true}]}}