{"id":1882,"date":"2023-10-18T08:18:09","date_gmt":"2023-10-18T08:18:09","guid":{"rendered":"https:\/\/hydraulic-cylinders.net\/?post_type=product&#038;p=1882"},"modified":"2025-04-11T02:52:07","modified_gmt":"2025-04-11T02:52:07","slug":"shield-machine-assembly-lifting-cylinder","status":"publish","type":"product","link":"https:\/\/www.hydraulic-cylinders.net\/nb\/produkt\/shield-machine-assembly-lifting-cylinder\/","title":{"rendered":"L\u00f8ftesylinder for montering av skjoldmaskin"},"content":{"rendered":"<h1 style=\"text-align: center;\"><strong>L\u00f8ftesylinder for montering av skjoldmaskin<\/strong><\/h1>\n<p><img loading=\"lazy\" decoding=\"async\" class=\"aligncenter wp-image-1884\" src=\"https:\/\/hydraulic-cylinders.net\/wp-content\/uploads\/2023\/10\/assembly-lifting-cylinder-1-300x300.webp\" alt=\"\" width=\"400\" height=\"400\" \/><\/p>\n<p>L\u00f8ftesylinderen for montering av skjermmaskiner er en avansert hydraulisk komponent som er spesielt utviklet for skjermmaskiner som brukes i tunnelbyggeprosjekter. Denne sylinderen sikrer effektive og n\u00f8yaktige monteringsoperasjoner med sine eksepsjonelle l\u00f8fteegenskaper, p\u00e5litelighet og presisjon. Denne artikkelen vil utforske de viktigste egenskapene, bruksmetodene og vedlikeholdsretningslinjene for dette bemerkelsesverdige produktet.<\/p>\n<p>L\u00f8ftesylinderen for montering av skjoldmaskin er en p\u00e5litelig og robust hydraulisk komponent som revolusjonerer monteringsprosessen i tunnelkonstruksjon. Med sin eksepsjonelle l\u00f8ftekapasitet, presise kontroll og holdbarhet forbedrer denne sylinderen effektiviteten og n\u00f8yaktigheten, reduserer prosjekttidslinjene og forbedrer produktiviteten. Ved \u00e5 f\u00f8lge de anbefalte bruksmetodene og overholde regelmessige vedlikeholdspraksiser, vil l\u00f8ftesylinderen for montering av skjoldmaskin fortsette \u00e5 levere enest\u00e5ende ytelse, noe som sikrer s\u00f8ml\u00f8s monteringsoperasjon og vellykkede tunnelkonstruksjonsprosjekter. L\u00f8ft byggeprosjektene dine med effektiviteten og presisjonen til l\u00f8ftesylinderen for montering av skjoldmaskin.<\/p>\n<p>Viktige egenskaper for leddsylinder for skjoldmaskin:<\/p>\n<ul>\n<li>Kraftig l\u00f8ftekapasitet: L\u00f8ftesylinderen for montering av skjermmaskinen har en robust design som gj\u00f8r at den enkelt kan h\u00e5ndtere tunge belastninger. Med sin h\u00f8ye l\u00f8ftekapasitet muliggj\u00f8r denne sylinderen en smidig og effektiv montering av skjermmaskinkomponenter, noe som reduserer byggetiden og \u00f8ker produktiviteten.<\/li>\n<li>Presis kontroll: Denne sylinderen er utstyrt med avanserte hydrauliske kontrollsystemer og gir presis og responsiv kontroll over l\u00f8fteoperasjonen. Operat\u00f8rer kan justere l\u00f8ftehastigheten og posisjonen n\u00f8yaktig, noe som sikrer optimal justering og minimerer risikoen for feil under monteringsprosessen.<\/li>\n<li>Holdbarhet og p\u00e5litelighet: L\u00f8ftesylinderen for skjoldmaskinmontering er konstruert med materialer av h\u00f8y kvalitet og bygget for \u00e5 t\u00e5le de krevende forholdene som oppst\u00e5r i tunnelkonstruksjon, og har eksepsjonell holdbarhet og p\u00e5litelighet. Den robuste konstruksjonen sikrer langvarig ytelse, noe som minimerer nedetid og vedlikeholdskostnader.<\/li>\n<li>Sikkerhetsfunksjoner: Sylinderen har sikkerhetsfunksjoner som prioriterer operat\u00f8renes og milj\u00f8ets velv\u00e6re. Disse funksjonene kan omfatte overbelastningsbeskyttelsesmekanismer, n\u00f8dstoppfunksjonalitet og sikkerhetssystemer for \u00e5 forhindre ulykker og sikre trygge l\u00f8fteoperasjoner.<\/li>\n<\/ul>\n<h2><strong>Parameter for leddsylinder for skjoldmaskin:<\/strong><\/h2>\n<table border=\"1\" cellspacing=\"0\" cellpadding=\"0\">\n<tbody>\n<tr>\n<td>Produktnavn<\/td>\n<td>Skjoldmaskin leddsylinder<\/td>\n<\/tr>\n<tr>\n<td>Funksjoner:<\/td>\n<td>Aktiv artikulasjon: styring av kutterhodet\/koordinert verkt\u00f8ybytte<br \/>\nPassiv artikulasjon: dra skjoldets hale fremover<\/td>\n<\/tr>\n<tr>\n<td>Borediameter:<\/td>\n<td>125 mm \uff5e550 mm<\/td>\n<\/tr>\n<tr>\n<td>Stangdiameter:<\/td>\n<td>\u00a070 mm\uff5e370 mm<br \/>\nSlaglengde 140 mm ~ 1200 mm<\/td>\n<\/tr>\n<tr>\n<td>Trykk:<\/td>\n<td>Opptil 35 MPa<\/td>\n<\/tr>\n<tr>\n<td>Bruksomr\u00e5der:<\/td>\n<td>Skjoldmaskin, tunnelboremaskineri<\/td>\n<\/tr>\n<\/tbody>\n<\/table>\n<h2><strong>Skjoldmaskinens skyvesylinderapplikasjon:<\/strong><\/h2>\n<p><img loading=\"lazy\" decoding=\"async\" class=\"alignnone wp-image-1875 size-full\" src=\"https:\/\/hydraulic-cylinders.net\/wp-content\/uploads\/2023\/10\/harsh-corrosive-cylinder-1.webp\" alt=\"\" width=\"1418\" height=\"946\" srcset=\"https:\/\/hydraulic-cylinders.net\/wp-content\/uploads\/2023\/10\/harsh-corrosive-cylinder-1.webp 1418w, https:\/\/hydraulic-cylinders.net\/wp-content\/uploads\/2023\/10\/harsh-corrosive-cylinder-1-1280x854.webp 1280w, https:\/\/hydraulic-cylinders.net\/wp-content\/uploads\/2023\/10\/harsh-corrosive-cylinder-1-980x654.webp 980w, https:\/\/hydraulic-cylinders.net\/wp-content\/uploads\/2023\/10\/harsh-corrosive-cylinder-1-480x320.webp 480w\" sizes=\"(min-width: 0px) and (max-width: 480px) 480px, (min-width: 481px) and (max-width: 980px) 980px, (min-width: 981px) and (max-width: 1280px) 1280px, (min-width: 1281px) 1418px, 100vw\" \/><\/p>\n<h2><strong>Bruksmetode for leddsylinder med skjoldmaskin<\/strong><strong>:<\/strong><\/h2>\n<ul>\n<li><strong>Planlegging f\u00f8r montering:<\/strong> F\u00f8r monteringsprosessen starter, m\u00e5 du utf\u00f8re en grundig vurdering av skjermmaskinens komponenter, monteringsrekkef\u00f8lge og sikkerhetskrav. Planlegg l\u00f8ftepunktene og bestem riktig plassering av skjermmaskinens l\u00f8ftesylinder for optimal l\u00f8fteeffektivitet og stabilitet.<\/li>\n<li><strong>Sylinderinstallasjon:<\/strong>\u00a0 Monter l\u00f8ftesylinderen til skjermmaskinen p\u00e5 en sikker m\u00e5te p\u00e5 skjermmaskinen. S\u00f8rg for at den er festet og justert i henhold til produsentens instruksjoner. Bruk egnet monteringsutstyr, for eksempel bolter eller braketter, for \u00e5 sikre en stabil forbindelse.<\/li>\n<li><strong>Integrering av hydraulisk system:<\/strong> Koble sylinderen til skjermingsmaskinens hydrauliske system med kompatible slanger og koblinger. S\u00f8rg for tette og lekkasjefrie koblinger for \u00e5 forhindre lekkasje av hydraulisk v\u00e6ske og opprettholde optimal systemytelse.<\/li>\n<li><strong>Driftskontroll:<\/strong> Gj\u00f8r deg kjent med kontrollmekanismene og driftsprosedyrene for l\u00f8ftesylinderen til montering av skjoldmaskinen. Forst\u00e5 kontrollinngangene og deres tilsvarende effekter p\u00e5 l\u00f8fteoperasjonen. \u00d8v p\u00e5 \u00e5 bruke kontrollene for \u00e5 oppn\u00e5 ferdigheter og sikre jevn og presis l\u00f8fting under monteringsprosessen.<\/li>\n<\/ul>\n<h2><strong>Hvordan lufte en enkeltvirkende hydraulisk sylinder?<\/strong><\/h2>\n<p>\u00c5 lufte en enkeltvirkende hydraulisk sylinder er en relativt enkel prosess. Enkeltvirkende sylindere har v\u00e6sketrykk p\u00e5f\u00f8rt den ene siden av stempelet, mens den andre siden er avhengig av tyngdekraften eller en ytre kraft for \u00e5 g\u00e5 tilbake til sin opprinnelige posisjon. Her er en trinnvis veiledning om hvordan du lufter en enkeltvirkende hydraulisk sylinder:<\/p>\n<ol>\n<li><strong>Preparat:<\/strong>\n<ul>\n<li>S\u00f8rg for at det hydrauliske systemet er sl\u00e5tt av og at trykket er utl\u00f8st.<\/li>\n<li>Ta p\u00e5 personlig verneutstyr, hansker og vernebriller for \u00e5 beskytte deg mot hydraulisk v\u00e6ske.<\/li>\n<\/ul>\n<\/li>\n<li><strong>Identifiser lufteventilen:<\/strong>\n<ul>\n<li>Finn lufteventilen p\u00e5 den hydrauliske sylinderen. Det er vanligvis en liten beslag med en st\u00f8vhette. Lufteventilen lar luft som er fanget i sylinderen slippe ut.<\/li>\n<\/ul>\n<\/li>\n<li><strong>Plasser sylinderen:<\/strong>\n<ul>\n<li>Flytt sylinderen til helt tilbaketrukket posisjon. Dette sikrer at lufteventilen er tilgjengelig og lar luft stige til toppen av sylinderen.<\/li>\n<\/ul>\n<\/li>\n<li><strong>Fjern st\u00f8vhetten:<\/strong>\n<ul>\n<li>Ta av st\u00f8vhetten fra lufteventilen. Legg den til side p\u00e5 et trygt sted.<\/li>\n<\/ul>\n<\/li>\n<li><strong>\u00c5pne lufteventilen:<\/strong>\n<ul>\n<li>Bruk en passende skiften\u00f8kkel eller et verkt\u00f8y til \u00e5 vri lufteventilen mot klokken for \u00e5 \u00e5pne den. Dette lar luft og eventuell innestengt v\u00e6ske slippe ut av sylinderen.<\/li>\n<\/ul>\n<\/li>\n<li><strong>Forleng sylinderen:<\/strong>\n<ul>\n<li>Sett hydraulisk trykk p\u00e5 sylinderen ved \u00e5 aktivere den hydrauliske pumpen eller ventilen som styrer sylinderen. Dette f\u00f8rer til at sylinderen forlenges, og presser v\u00e6ske og luft ut gjennom den \u00e5pne lufteventilen.<\/li>\n<\/ul>\n<\/li>\n<li><strong>Observer v\u00e6skestr\u00f8mmen:<\/strong>\n<ul>\n<li>F\u00f8lg med p\u00e5 v\u00e6skestr\u00f8mmen fra lufteventilen. I starten kan du legge merke til at det kommer ut luftbobler sammen med v\u00e6sken. La v\u00e6sken renne til det ikke er flere bobler, noe som indikerer at luften er blitt t\u00f8mt fra sylinderen.<\/li>\n<\/ul>\n<\/li>\n<li><strong>Lukk lufteventilen:<\/strong>\n<ul>\n<li>Lukk lufteventilen med klokken n\u00e5r du har fjernet alle luftboblene. S\u00f8rg for at den er tett lukket for \u00e5 forhindre v\u00e6skelekkasje.<\/li>\n<\/ul>\n<\/li>\n<li><strong>Trekk inn sylinderen:<\/strong>\n<ul>\n<li>Slipp ut det hydrauliske trykket og la sylinderen trekke seg helt inn. Dette kan inneb\u00e6re \u00e5 aktivere en kontrollventil eller frigj\u00f8re eventuell ekstern kraft som holder sylinderen utstrakt.<\/li>\n<\/ul>\n<\/li>\n<li><strong>Gjenta om n\u00f8dvendig:<\/strong>\n<ul>\n<li>Hvis du fortsatt merker luftbobler eller opplever svampaktig drift i sylinderen, gjenta lufteprosessen til all luft er fjernet.<\/li>\n<\/ul>\n<\/li>\n<li><strong>Sjekk v\u00e6skeniv\u00e5et:<\/strong>\n<ul>\n<li>Etter at sylinderen er luftet, sjekk niv\u00e5et p\u00e5 hydraulikkv\u00e6sken i systemets beholder. Etterfyll v\u00e6ske om n\u00f8dvendig for \u00e5 opprettholde anbefalt niv\u00e5.<\/li>\n<\/ul>\n<\/li>\n<\/ol>\n<h2><strong>Fabrikkens kapasitet og kapasitet:<\/strong><\/h2>\n<h3>(1) Montering<\/h3>\n<p>Vi har en f\u00f8rsteklasses uavhengig forsknings- og utviklingsplattform for montering. Verkstedet for produksjon av hydrauliske sylindere har fire halvautomatiske monteringslinjer for l\u00f8ftesylindere og \u00e9n automatisk monteringslinje for vippesylindere, med en \u00e5rlig produksjonskapasitet p\u00e5 1 million enheter. Spesialsylinderverkstedet er utstyrt med ulike spesifikasjoner for et halvautomatisk rengj\u00f8ringsmonteringssystem med en \u00e5rlig produksjonskapasitet p\u00e5 200 000 enheter, og er utstyrt med kjent CNC-maskineringsutstyr, et maskineringssenter, spesialutstyr for h\u00f8ypresisjons sylinderbehandling, en robotsveisemaskin, en automatisk rengj\u00f8ringsmaskin, en automatisk sylindermonteringsmaskin og en automatisk produksjonslinje for lakkering. Vi har mer enn 300 sett (sett) av kritisk utstyr. Optimal allokering og effektiv bruk av utstyrsressurser sikrer n\u00f8yaktighetskravene til produktene og oppfyller produktenes h\u00f8ye kvalitetsbehov.<\/p>\n<p><img loading=\"lazy\" decoding=\"async\" class=\"alignnone wp-image-626\" src=\"https:\/\/hydraulic-cylinders.net\/wp-content\/uploads\/2023\/08\/hydraulic-cylinder-product-1-300x158.webp\" alt=\"\" width=\"495\" height=\"260\" srcset=\"https:\/\/hydraulic-cylinders.net\/wp-content\/uploads\/2023\/08\/hydraulic-cylinder-product-1-300x158.webp 495w, https:\/\/hydraulic-cylinders.net\/wp-content\/uploads\/2023\/08\/hydraulic-cylinder-product-1-480x252.webp 480w\" sizes=\"(min-width: 0px) and (max-width: 480px) 480px, (min-width: 481px) 495px, 100vw\" \/> <img loading=\"lazy\" decoding=\"async\" class=\"alignnone wp-image-627\" src=\"https:\/\/hydraulic-cylinders.net\/wp-content\/uploads\/2023\/08\/hydraulic-cylinder-product-2-300x189.webp\" alt=\"\" width=\"413\" height=\"260\" \/><\/p>\n<h3>(2) Maskinering<\/h3>\n<p>Maskineringsverkstedet er utstyrt med et spesialtilpasset dreiesenter for skr\u00e5 skinner, maskineringssenter, h\u00f8yhastighets honemaskin, sveiserobot og annet relatert utstyr, som kan h\u00e5ndtere bearbeiding av sylinderr\u00f8r med en maksimal indre diameter p\u00e5 400 mm og en maksimal lengde p\u00e5 6 meter.<\/p>\n<p><img loading=\"lazy\" decoding=\"async\" class=\"alignnone wp-image-628 size-large\" src=\"https:\/\/hydraulic-cylinders.net\/wp-content\/uploads\/2023\/08\/hydraulic-cylinder-product-3-1024x391.webp\" alt=\"\" width=\"1024\" height=\"391\" srcset=\"https:\/\/hydraulic-cylinders.net\/wp-content\/uploads\/2023\/08\/hydraulic-cylinder-product-3-980x374.webp 980w, https:\/\/hydraulic-cylinders.net\/wp-content\/uploads\/2023\/08\/hydraulic-cylinder-product-3-480x183.webp 480w\" sizes=\"(min-width: 0px) and (max-width: 480px) 480px, (min-width: 481px) and (max-width: 980px) 980px, (min-width: 981px) 1024px, 100vw\" \/><\/p>\n<h3>(3) Sveising<\/h3>\n<p><img loading=\"lazy\" decoding=\"async\" class=\"alignnone wp-image-629 size-large\" src=\"https:\/\/hydraulic-cylinders.net\/wp-content\/uploads\/2023\/08\/hydraulic-cylinder-product-4-1024x510.webp\" alt=\"\" width=\"1024\" height=\"510\" srcset=\"https:\/\/hydraulic-cylinders.net\/wp-content\/uploads\/2023\/08\/hydraulic-cylinder-product-4-980x488.webp 980w, https:\/\/hydraulic-cylinders.net\/wp-content\/uploads\/2023\/08\/hydraulic-cylinder-product-4-480x239.webp 480w\" sizes=\"(min-width: 0px) and (max-width: 480px) 480px, (min-width: 481px) and (max-width: 980px) 980px, (min-width: 981px) 1024px, 100vw\" \/><\/p>\n<h3>(4) Maling og belegg<\/h3>\n<p>Med sm\u00e5 og mellomstore sylinderautomatiske vannbaserte malingsbeleggslinjer, for \u00e5 oppn\u00e5 automatisk robotlasting og -lossing og automatisk spr\u00f8yting, er den designede kapasiteten 4000 stykker per skift;<br \/>\nVi har ogs\u00e5 en halvautomatisk produksjonslinje for maling for store sylindere drevet av en kabelkjede, med en designkapasitet p\u00e5 60 kasser per skift.<\/p>\n<p><img loading=\"lazy\" decoding=\"async\" class=\"alignnone wp-image-630\" src=\"https:\/\/hydraulic-cylinders.net\/wp-content\/uploads\/2023\/08\/hydraulic-cylinder-product-5-300x213.webp\" alt=\"\" width=\"366\" height=\"260\" \/> <img loading=\"lazy\" decoding=\"async\" class=\"alignnone wp-image-631\" src=\"https:\/\/hydraulic-cylinders.net\/wp-content\/uploads\/2023\/08\/hydraulic-cylinder-product-6-300x225.webp\" alt=\"\" width=\"347\" height=\"260\" \/><\/p>\n<h3>(5) Testing<\/h3>\n<p>Vi har f\u00f8rsteklasses inspeksjonsfasiliteter og testbenker for \u00e5 sikre at sylinderens ytelse oppfyller kravene.<\/p>\n<p><img loading=\"lazy\" decoding=\"async\" class=\"alignnone wp-image-632\" src=\"https:\/\/hydraulic-cylinders.net\/wp-content\/uploads\/2023\/08\/hydraulic-cylinder-product-8-300x200.webp\" alt=\"\" width=\"389\" height=\"260\" \/><\/p>\n<p>&nbsp;<\/p>\n<p>&nbsp;<\/p>\n<p>Vi er en av de beste produsentene av hydrauliske sylindere. Vi kan tilby et omfattende utvalg av hydrauliske sylindere. Vi tilbyr ogs\u00e5 tilsvarende <a href=\"https:\/\/hzpt.com\/agricultural-pto-gearbox\/\" target=\"_blank\" rel=\"noopener\">landbruksgirkasser<\/a>Vi har eksportert produktene v\u00e5re til kunder over hele verden og opparbeidet oss et godt rykte p\u00e5 grunn av v\u00e5r overlegne produktkvalitet og ettersalgsservice. Vi \u00f8nsker kunder i inn- og utland velkommen til \u00e5 kontakte oss for \u00e5 forhandle om forretninger, utveksle informasjon og <a href=\"https:\/\/www.hydraulic-cylinders.net\/nb\/contact-us\/\">samarbeide med oss<\/a>!<\/p>\n<p>&nbsp;<\/p>","protected":false},"excerpt":{"rendered":"<p>Shield Machine Assembly Lifting Cylinder The shield machine assembly lifting cylinder is an advanced hydraulic component explicitly designed for shield machines used in tunnel construction projects. This cylinder ensures efficient and accurate assembly operations with its exceptional lifting capabilities, reliability, and precision. This article will explore the key characteristics, usage methods, and maintenance guidelines for [&hellip;]<\/p>","protected":false},"featured_media":1885,"comment_status":"open","ping_status":"closed","template":"","meta":{"_et_pb_use_builder":"","_et_pb_old_content":"","_et_gb_content_width":""},"product_brand":[],"product_cat":[1519,1549],"product_tag":[1380],"class_list":{"0":"post-1882","1":"product","2":"type-product","3":"status-publish","4":"has-post-thumbnail","6":"product_cat-shield-machine-hydraulic-cylinders","7":"product_cat-single-acting-hydraulic-cylinder","8":"product_tag-hydraulic-cylinder","10":"first","11":"instock","12":"shipping-taxable","13":"product-type-simple"},"amp_enabled":true,"_links":{"self":[{"href":"https:\/\/www.hydraulic-cylinders.net\/nb\/wp-json\/wp\/v2\/product\/1882","targetHints":{"allow":["GET"]}}],"collection":[{"href":"https:\/\/www.hydraulic-cylinders.net\/nb\/wp-json\/wp\/v2\/product"}],"about":[{"href":"https:\/\/www.hydraulic-cylinders.net\/nb\/wp-json\/wp\/v2\/types\/product"}],"replies":[{"embeddable":true,"href":"https:\/\/www.hydraulic-cylinders.net\/nb\/wp-json\/wp\/v2\/comments?post=1882"}],"wp:featuredmedia":[{"embeddable":true,"href":"https:\/\/www.hydraulic-cylinders.net\/nb\/wp-json\/wp\/v2\/media\/1885"}],"wp:attachment":[{"href":"https:\/\/www.hydraulic-cylinders.net\/nb\/wp-json\/wp\/v2\/media?parent=1882"}],"wp:term":[{"taxonomy":"product_brand","embeddable":true,"href":"https:\/\/www.hydraulic-cylinders.net\/nb\/wp-json\/wp\/v2\/product_brand?post=1882"},{"taxonomy":"product_cat","embeddable":true,"href":"https:\/\/www.hydraulic-cylinders.net\/nb\/wp-json\/wp\/v2\/product_cat?post=1882"},{"taxonomy":"product_tag","embeddable":true,"href":"https:\/\/www.hydraulic-cylinders.net\/nb\/wp-json\/wp\/v2\/product_tag?post=1882"}],"curies":[{"name":"wp","href":"https:\/\/api.w.org\/{rel}","templated":true}]}}