{"id":1890,"date":"2023-10-19T03:22:23","date_gmt":"2023-10-19T03:22:23","guid":{"rendered":"https:\/\/hydraulic-cylinders.net\/?post_type=product&#038;p=1890"},"modified":"2025-04-11T02:52:03","modified_gmt":"2025-04-11T02:52:03","slug":"shield-machine-crusher-cylinder","status":"publish","type":"product","link":"https:\/\/www.hydraulic-cylinders.net\/nb\/produkt\/shield-machine-crusher-cylinder\/","title":{"rendered":"Skjoldmaskinknusersylinder"},"content":{"rendered":"<h1 style=\"text-align: center;\"><strong>Skjoldmaskinknusersylinder<\/strong><\/h1>\n<p><img loading=\"lazy\" decoding=\"async\" class=\"aligncenter wp-image-1891\" src=\"https:\/\/hydraulic-cylinders.net\/wp-content\/uploads\/2023\/10\/crusher-cylinder-1-300x300.webp\" alt=\"\" width=\"400\" height=\"400\" \/><\/p>\n<p>Skjoldmaskinens knusersylinder er en banebrytende hydraulisk komponent som er utviklet for \u00e5 forbedre skjermmaskiners knuseeffektivitet og produktivitet i tunneldrift. Denne spesialiserte sylinderen spiller en viktig rolle i fragmenteringen og knusingen av stein og jord, noe som muliggj\u00f8r jevn utgraving og rask fremdrift. Denne omfattende artikkelen vil fordype seg i de viktigste egenskapene, bruksmetodene og vedlikeholdsretningslinjene for skjermmaskinens knusersylinder.<\/p>\n<p>Skjoldmaskinens knusersylinder er en banebrytende hydraulisk komponent som forbedrer skjermmaskiners knuseeffektivitet og produktivitet i tunneldrift. Med sine kraftige knuseegenskaper, optimaliserte ytelse, raske installasjon og slitesterke konstruksjon sikrer denne sylinderen effektiv fragmentering og rask fremdrift i tunnelutgravingsprosjekter. Ved \u00e5 f\u00f8lge de anbefalte bruksmetodene og overholde regelmessige vedlikeholdspraksiser, vil skjermmaskinens knusersylinder fortsette \u00e5 levere enest\u00e5ende ytelse, noe som forbedrer effektiviteten og produktiviteten i tunneldrift. L\u00f8ft tunneldriftsprosjektene dine med knusekraften og p\u00e5liteligheten til skjermmaskinens knusersylinder.<\/p>\n<p>Viktige egenskaper for sylinderen til knusermaskinen:<\/p>\n<ul>\n<li>Knusekraft: Skjoldmaskinens knusersylinder leverer betydelig knusekraft for \u00e5 bryte ned stein og jord under tunnelutgraving. Den robuste designen og h\u00f8ytrykkskapasiteten sikrer effektiv fragmentering, noe som reduserer st\u00f8rrelsen p\u00e5 utgravd materiale og forenkler fjerning av det.<\/li>\n<li>Optimalisert ytelse: Denne sylinderen er utstyrt med avanserte hydrauliske systemer og gir presis kontroll over knuseprosessen. Operat\u00f8rer kan justere kraften og hastigheten som p\u00e5f\u00f8res av knusersylinderen, og optimalisere ytelsen slik at den passer til varierende geologiske forhold og oppn\u00e5r de \u00f8nskede knuseresultatene.<\/li>\n<li>Rask installasjon: Skjoldmaskinens knusersylinder er designet for enkel installasjon og integrering i eksisterende skjermmaskiner. Den kompakte st\u00f8rrelsen muliggj\u00f8r s\u00f8ml\u00f8s integrering samtidig som den opprettholder den generelle balansen og man\u00f8vrerbarheten til utstyret, noe som minimerer nedetid under oppsett.<\/li>\n<li>Holdbarhet og p\u00e5litelighet: Skjoldmaskinens knusersylinder er konstruert med h\u00f8yfaste materialer og er bygget for \u00e5 t\u00e5le de krevende forholdene som oppst\u00e5r ved tunnelgraving. Den robuste designen sikrer holdbarhet, lang levetid og jevn ytelse, selv i t\u00f8ffe milj\u00f8er.<\/li>\n<\/ul>\n<h2><strong>Parameter for sylinder for knusermaskin:<\/strong><\/h2>\n<table border=\"1\" cellspacing=\"0\" cellpadding=\"0\">\n<tbody>\n<tr>\n<td>Produktnavn<\/td>\n<td>Skjoldmaskinknusersylinder<\/td>\n<\/tr>\n<tr>\n<td>Funksjoner:<\/td>\n<td>Klem knusetangen fast for \u00e5 sikre at store grusbiter knuses f\u00f8r de kommer inn i utl\u00f8psporten.<\/td>\n<\/tr>\n<tr>\n<td>\n<div class=\"txtboxL\">Spesifikasjon:<\/div>\n<\/td>\n<td>Ulike spesifikasjoner for knusersylindere kan designes og produseres i henhold til kundens krav<\/td>\n<\/tr>\n<tr>\n<td>Bruksomr\u00e5der:<\/td>\n<td>Skjoldmaskin, tunnelboremaskineri<\/td>\n<\/tr>\n<\/tbody>\n<\/table>\n<h2><strong>Skjoldmaskinknusersylinderapplikasjon:<\/strong><\/h2>\n<p><img loading=\"lazy\" decoding=\"async\" class=\"alignnone wp-image-1875 size-full\" src=\"https:\/\/hydraulic-cylinders.net\/wp-content\/uploads\/2023\/10\/harsh-corrosive-cylinder-1.webp\" alt=\"\" width=\"1418\" height=\"946\" srcset=\"https:\/\/hydraulic-cylinders.net\/wp-content\/uploads\/2023\/10\/harsh-corrosive-cylinder-1.webp 1418w, https:\/\/hydraulic-cylinders.net\/wp-content\/uploads\/2023\/10\/harsh-corrosive-cylinder-1-1280x854.webp 1280w, https:\/\/hydraulic-cylinders.net\/wp-content\/uploads\/2023\/10\/harsh-corrosive-cylinder-1-980x654.webp 980w, https:\/\/hydraulic-cylinders.net\/wp-content\/uploads\/2023\/10\/harsh-corrosive-cylinder-1-480x320.webp 480w\" sizes=\"(min-width: 0px) and (max-width: 480px) 480px, (min-width: 481px) and (max-width: 980px) 980px, (min-width: 981px) and (max-width: 1280px) 1280px, (min-width: 1281px) 1418px, 100vw\" \/><\/p>\n<h2><strong>Bruksmetode for skjoldmaskinknusersylinder<\/strong><strong>:<\/strong><\/h2>\n<ol>\n<li><strong>Sylinderinstallasjon:<\/strong>\u00a0 Installer skjermmaskinens knusersylinder i samsvar med produsentens instruksjoner. S\u00f8rg for riktig justering og sikkert feste til skjermmaskinens struktur ved hjelp av passende monteringsbraketter eller tilbeh\u00f8r.<\/li>\n<li><strong>Integrering av hydraulisk system:<\/strong> Koble sylinderen til skjermingsmaskinens hydrauliske system med kompatible slanger og koblinger. Kontroller at alle koblinger er sikre, lekkasjefrie og tilstrekkelig strammet for \u00e5 opprettholde optimal hydraulisk ytelse.<\/li>\n<li><strong>Driftskontroller:<\/strong> Gj\u00f8r deg kjent med betjeningselementene som er spesifikke for Shield Machine-knusersylinderen. Forst\u00e5 hvordan du justerer kraften og hastigheten som sylinderen bruker, og \u00f8v p\u00e5 \u00e5 bruke reglene for \u00e5 oppn\u00e5 presise og responsive knuseresultater.<\/li>\n<li><strong>Knuseprosess:<\/strong> Under tunnelboring m\u00e5 de geologiske forholdene overv\u00e5kes og kraft- og hastighetsinnstillingene til knusersylinderen justeres deretter. Optimaliser knuseprosessen for \u00e5 sikre effektiv fragmentering og legge til rette for fjerning av utgravd materiale.<\/li>\n<\/ol>\n<h2><strong>Hvordan lufte en toveis hydraulisk sylinder?<\/strong><\/h2>\n<p>Lufting av en toveis hydraulisk sylinder er en prosess som inneb\u00e6rer \u00e5 fjerne luft fra systemet for \u00e5 sikre riktig drift og forhindre problemer som svampete sylinder eller redusert ytelse. En toveis hydraulisk sylinder er en dobbeltvirkende sylinder som bruker hydraulisk trykk for \u00e5 forlenge og trekke inn stempelet. Her er en trinnvis veiledning for hvordan du lufter en toveis hydraulisk sylinder:<\/p>\n<ol>\n<li><strong>Preparat:<\/strong>\n<ul>\n<li>S\u00f8rg for at det hydrauliske systemet er sl\u00e5tt av og at trykket er utl\u00f8st.<\/li>\n<li>Ta p\u00e5 personlig verneutstyr, inkludert hansker og vernebriller, for \u00e5 beskytte deg mot hydraulisk v\u00e6ske.<\/li>\n<\/ul>\n<\/li>\n<li><strong>Identifiser lufteventilen:<\/strong>\n<ul>\n<li>Finn lufteventilen p\u00e5 den hydrauliske sylinderen. Det er vanligvis en liten kopling med en st\u00f8vhette. Lufteventilen lar luft som er fanget i sylinderen slippe ut.<\/li>\n<\/ul>\n<\/li>\n<li><strong>Forleng sylinderen:<\/strong>\n<ul>\n<li>Aktiver den hydrauliske pumpen eller ventilen, og kontroller sylinderen slik at stempelet strekkes helt ut. Denne bevegelsen hjelper eventuelle luftbobler med \u00e5 stige til toppen av sylinderen.<\/li>\n<\/ul>\n<\/li>\n<li><strong>Fjern st\u00f8vhetten:<\/strong>\n<ul>\n<li>Ta av st\u00f8vhetten fra lufteventilen. Legg den til side p\u00e5 et trygt sted.<\/li>\n<\/ul>\n<\/li>\n<li><strong>\u00c5pne lufteventilen:<\/strong>\n<ul>\n<li>Bruk en passende skiften\u00f8kkel eller et verkt\u00f8y til \u00e5 vri lufteventilen mot klokken for \u00e5 \u00e5pne den. Dette lar luft og eventuell innestengt v\u00e6ske slippe ut av sylinderen.<\/li>\n<\/ul>\n<\/li>\n<li><strong>Trekk inn sylinderen:<\/strong>\n<ul>\n<li>Slipp hydraulisk trykk og la sylinderen trekke seg helt inn. Dette kan inneb\u00e6re \u00e5 aktivere en kontrollventil eller frigj\u00f8re eventuell ekstern kraft som holdt sylinderen utstrakt.<\/li>\n<\/ul>\n<\/li>\n<li><strong>Observer v\u00e6skestr\u00f8mmen:<\/strong>\n<ul>\n<li>F\u00f8lg med p\u00e5 v\u00e6skestr\u00f8mmen fra lufteventilen. I starten kan du legge merke til at det kommer ut luftbobler sammen med v\u00e6sken. La v\u00e6sken renne til det ikke er flere bobler, noe som indikerer at luften er t\u00f8mt fra sylinderen.<\/li>\n<\/ul>\n<\/li>\n<li><strong>Lukk lufteventilen:<\/strong>\n<ul>\n<li>N\u00e5r du har fjernet alle luftboblene, lukk lufteventilen ved \u00e5 vri den med klokken. S\u00f8rg for at den er tett lukket for \u00e5 forhindre v\u00e6skelekkasje.<\/li>\n<\/ul>\n<\/li>\n<li><strong>Forleng og trekk inn sylinderen:<\/strong>\n<ul>\n<li>Gjenta trinn 3 til 8, og trekk sylinderen ut og deretter inn igjen for \u00e5 sikre at all gjenv\u00e6rende luft er fjernet fra systemet. Dette trinnet bidrar til \u00e5 sikre grundig lufting av den hydrauliske sylinderen.<\/li>\n<\/ul>\n<\/li>\n<li><strong>Sjekk v\u00e6skeniv\u00e5et:<\/strong>\n<ul>\n<li>Etter at sylinderen er luftet, sjekk niv\u00e5et p\u00e5 hydraulikkv\u00e6sken i systemets beholder. Etterfyll v\u00e6ske om n\u00f8dvendig for \u00e5 opprettholde anbefalt niv\u00e5.<\/li>\n<\/ul>\n<\/li>\n<\/ol>\n<h2><strong>Fabrikkens kapasitet og kapasitet:<\/strong><\/h2>\n<h3>(1) Montering<\/h3>\n<p>Vi har en f\u00f8rsteklasses uavhengig forsknings- og utviklingsplattform for montering. Verkstedet for produksjon av hydrauliske sylindere har fire halvautomatiske monteringslinjer for l\u00f8ftesylindere og \u00e9n automatisk monteringslinje for vippesylindere, med en \u00e5rlig produksjonskapasitet p\u00e5 1 million enheter. Spesialsylinderverkstedet er utstyrt med ulike spesifikasjoner for et halvautomatisk rengj\u00f8ringsmonteringssystem med en \u00e5rlig produksjonskapasitet p\u00e5 200 000 enheter, og er utstyrt med kjent CNC-maskineringsutstyr, et maskineringssenter, spesialutstyr for h\u00f8ypresisjons sylinderbehandling, en robotsveisemaskin, en automatisk rengj\u00f8ringsmaskin, en automatisk sylindermonteringsmaskin og en automatisk produksjonslinje for lakkering. Vi har mer enn 300 sett (sett) av kritisk utstyr. Optimal allokering og effektiv bruk av utstyrsressurser sikrer n\u00f8yaktighetskravene til produktene og oppfyller produktenes h\u00f8ye kvalitetsbehov.<\/p>\n<p><img loading=\"lazy\" decoding=\"async\" class=\"alignnone wp-image-626\" src=\"https:\/\/hydraulic-cylinders.net\/wp-content\/uploads\/2023\/08\/hydraulic-cylinder-product-1-300x158.webp\" alt=\"\" width=\"495\" height=\"260\" srcset=\"https:\/\/hydraulic-cylinders.net\/wp-content\/uploads\/2023\/08\/hydraulic-cylinder-product-1-300x158.webp 495w, https:\/\/hydraulic-cylinders.net\/wp-content\/uploads\/2023\/08\/hydraulic-cylinder-product-1-480x252.webp 480w\" sizes=\"(min-width: 0px) and (max-width: 480px) 480px, (min-width: 481px) 495px, 100vw\" \/> <img loading=\"lazy\" decoding=\"async\" class=\"alignnone wp-image-627\" src=\"https:\/\/hydraulic-cylinders.net\/wp-content\/uploads\/2023\/08\/hydraulic-cylinder-product-2-300x189.webp\" alt=\"\" width=\"413\" height=\"260\" \/><\/p>\n<h3>(2) Maskinering<\/h3>\n<p>Maskineringsverkstedet er utstyrt med et spesialtilpasset dreiesenter for skr\u00e5 skinner, maskineringssenter, h\u00f8yhastighets honemaskin, sveiserobot og annet relatert utstyr, som kan h\u00e5ndtere bearbeiding av sylinderr\u00f8r med en maksimal indre diameter p\u00e5 400 mm og en maksimal lengde p\u00e5 6 meter.<\/p>\n<p><img loading=\"lazy\" decoding=\"async\" class=\"alignnone wp-image-628 size-large\" src=\"https:\/\/hydraulic-cylinders.net\/wp-content\/uploads\/2023\/08\/hydraulic-cylinder-product-3-1024x391.webp\" alt=\"\" width=\"1024\" height=\"391\" srcset=\"https:\/\/hydraulic-cylinders.net\/wp-content\/uploads\/2023\/08\/hydraulic-cylinder-product-3-980x374.webp 980w, https:\/\/hydraulic-cylinders.net\/wp-content\/uploads\/2023\/08\/hydraulic-cylinder-product-3-480x183.webp 480w\" sizes=\"(min-width: 0px) and (max-width: 480px) 480px, (min-width: 481px) and (max-width: 980px) 980px, (min-width: 981px) 1024px, 100vw\" \/><\/p>\n<h3>(3) Sveising<\/h3>\n<p><img loading=\"lazy\" decoding=\"async\" class=\"alignnone wp-image-629 size-large\" src=\"https:\/\/hydraulic-cylinders.net\/wp-content\/uploads\/2023\/08\/hydraulic-cylinder-product-4-1024x510.webp\" alt=\"\" width=\"1024\" height=\"510\" srcset=\"https:\/\/hydraulic-cylinders.net\/wp-content\/uploads\/2023\/08\/hydraulic-cylinder-product-4-980x488.webp 980w, https:\/\/hydraulic-cylinders.net\/wp-content\/uploads\/2023\/08\/hydraulic-cylinder-product-4-480x239.webp 480w\" sizes=\"(min-width: 0px) and (max-width: 480px) 480px, (min-width: 481px) and (max-width: 980px) 980px, (min-width: 981px) 1024px, 100vw\" \/><\/p>\n<h3>(4) Maling og belegg<\/h3>\n<p>Med sm\u00e5 og mellomstore sylinderautomatiske vannbaserte malingsbeleggslinjer, for \u00e5 oppn\u00e5 automatisk robotlasting og -lossing og automatisk spr\u00f8yting, er den designede kapasiteten 4000 stykker per skift;<br \/>\nVi har ogs\u00e5 en halvautomatisk produksjonslinje for maling for store sylindere drevet av en kabelkjede, med en designkapasitet p\u00e5 60 kasser per skift.<\/p>\n<p><img loading=\"lazy\" decoding=\"async\" class=\"alignnone wp-image-630\" src=\"https:\/\/hydraulic-cylinders.net\/wp-content\/uploads\/2023\/08\/hydraulic-cylinder-product-5-300x213.webp\" alt=\"\" width=\"366\" height=\"260\" \/> <img loading=\"lazy\" decoding=\"async\" class=\"alignnone wp-image-631\" src=\"https:\/\/hydraulic-cylinders.net\/wp-content\/uploads\/2023\/08\/hydraulic-cylinder-product-6-300x225.webp\" alt=\"\" width=\"347\" height=\"260\" \/><\/p>\n<h3>(5) Testing<\/h3>\n<p>Vi har f\u00f8rsteklasses inspeksjonsfasiliteter og testbenker for \u00e5 sikre at sylinderens ytelse oppfyller kravene.<\/p>\n<p><img loading=\"lazy\" decoding=\"async\" class=\"alignnone wp-image-632\" src=\"https:\/\/hydraulic-cylinders.net\/wp-content\/uploads\/2023\/08\/hydraulic-cylinder-product-8-300x200.webp\" alt=\"\" width=\"389\" height=\"260\" \/><\/p>\n<p>&nbsp;<\/p>\n<p>&nbsp;<\/p>\n<p>Vi er en av de beste produsentene av hydrauliske sylindere. Vi kan tilby et omfattende utvalg av hydrauliske sylindere. Vi tilbyr ogs\u00e5 tilsvarende <a href=\"https:\/\/hzpt.com\/agricultural-pto-gearbox\/\" target=\"_blank\" rel=\"noopener\">landbruksgirkasser<\/a>Vi har eksportert produktene v\u00e5re til kunder over hele verden og opparbeidet oss et godt rykte p\u00e5 grunn av v\u00e5r overlegne produktkvalitet og ettersalgsservice. Vi \u00f8nsker kunder i inn- og utland velkommen til \u00e5 kontakte oss for \u00e5 forhandle om forretninger, utveksle informasjon og <a href=\"https:\/\/www.hydraulic-cylinders.net\/nb\/contact-us\/\">samarbeide med oss<\/a>!<\/p>\n<p>&nbsp;<\/p>","protected":false},"excerpt":{"rendered":"<p>Shield Machine Crusher Cylinder The shield machine crusher cylinder is a cutting-edge hydraulic component designed to enhance shield machines&#8217; crushing efficiency and productivity in tunneling operations. This specialized cylinder plays a vital role in the fragmentation and crushing of rock and soil, enabling smooth excavation and rapid progress. This comprehensive article will delve into the [&hellip;]<\/p>","protected":false},"featured_media":1892,"comment_status":"open","ping_status":"closed","template":"","meta":{"_et_pb_use_builder":"","_et_pb_old_content":"","_et_gb_content_width":""},"product_brand":[],"product_cat":[1519,1549],"product_tag":[1380],"class_list":{"0":"post-1890","1":"product","2":"type-product","3":"status-publish","4":"has-post-thumbnail","6":"product_cat-shield-machine-hydraulic-cylinders","7":"product_cat-single-acting-hydraulic-cylinder","8":"product_tag-hydraulic-cylinder","10":"first","11":"instock","12":"shipping-taxable","13":"product-type-simple"},"amp_enabled":true,"_links":{"self":[{"href":"https:\/\/www.hydraulic-cylinders.net\/nb\/wp-json\/wp\/v2\/product\/1890","targetHints":{"allow":["GET"]}}],"collection":[{"href":"https:\/\/www.hydraulic-cylinders.net\/nb\/wp-json\/wp\/v2\/product"}],"about":[{"href":"https:\/\/www.hydraulic-cylinders.net\/nb\/wp-json\/wp\/v2\/types\/product"}],"replies":[{"embeddable":true,"href":"https:\/\/www.hydraulic-cylinders.net\/nb\/wp-json\/wp\/v2\/comments?post=1890"}],"wp:featuredmedia":[{"embeddable":true,"href":"https:\/\/www.hydraulic-cylinders.net\/nb\/wp-json\/wp\/v2\/media\/1892"}],"wp:attachment":[{"href":"https:\/\/www.hydraulic-cylinders.net\/nb\/wp-json\/wp\/v2\/media?parent=1890"}],"wp:term":[{"taxonomy":"product_brand","embeddable":true,"href":"https:\/\/www.hydraulic-cylinders.net\/nb\/wp-json\/wp\/v2\/product_brand?post=1890"},{"taxonomy":"product_cat","embeddable":true,"href":"https:\/\/www.hydraulic-cylinders.net\/nb\/wp-json\/wp\/v2\/product_cat?post=1890"},{"taxonomy":"product_tag","embeddable":true,"href":"https:\/\/www.hydraulic-cylinders.net\/nb\/wp-json\/wp\/v2\/product_tag?post=1890"}],"curies":[{"name":"wp","href":"https:\/\/api.w.org\/{rel}","templated":true}]}}