{"id":18931,"date":"2025-04-07T06:02:47","date_gmt":"2025-04-07T06:02:47","guid":{"rendered":"https:\/\/www.hydraulic-cylinders.net\/product\/boom-cylinder-for-caterpillar-small-excavator-e300-9d301-7d\/"},"modified":"2025-04-07T06:02:50","modified_gmt":"2025-04-07T06:02:50","slug":"boom-cylinder-for-caterpillar-small-excavator-e300-9d301-7d","status":"publish","type":"product","link":"https:\/\/www.hydraulic-cylinders.net\/nb\/produkt\/boom-cylinder-for-caterpillar-small-excavator-e300-9d301-7d\/","title":{"rendered":"Bomcylinder for Caterpillar liten gravemaskin E300.9D301.7D"},"content":{"rendered":"<h1>Bomcylinder for Caterpillar liten gravemaskin E300.9D301.7D<\/h1>\n<h2>Produktoversikt<\/h2>\n<p>De <strong>Bom-sylinder<\/strong> er en viktig hydraulisk komponent som brukes i diverse tunge maskiner, spesielt i gravemaskiner som Caterpillar E300.9D301.7D. Den er prim\u00e6rt designet for \u00e5 kontrollere bevegelsen til skuffen, noe som muliggj\u00f8r effektive l\u00f8fte-, senke- og vippebevegelser. Bom-sylinderen spiller en avgj\u00f8rende rolle i hydrauliske systemer ved \u00e5 muliggj\u00f8re presise og kraftige operasjoner, noe som gj\u00f8r den uunnv\u00e6rlig for materialh\u00e5ndteringsoppgaver. Denne hydrauliske sylinderen er konstruert for \u00e5 t\u00e5le kravene i krevende milj\u00f8er, og dermed forbedre ytelse og holdbarhet.<\/p>\n<p><img decoding=\"async\" src=\"https:\/\/www.hydraulic-cylinders.net\/wp-content\/uploads\/2025\/04\/songte-company-1.webp\" alt=\"Bom-sylinder\"><\/p>\n<h3>Definisjon og funksjon<\/h3>\n<p>En skuffesylinder er en type hydraulisk sylinder som er spesielt utviklet for \u00e5 forenkle bevegelsen av gravemaskinens skuffer. Hovedfunksjonen til denne hydrauliske komponenten er \u00e5 gi den n\u00f8dvendige kraften for \u00e5 l\u00f8fte og manipulere tunge materialer effektivt. Den lar skuffen utf\u00f8re oppgaver som graving, utgraving og dumping, som er viktige i anleggs- og jordflyttingsoperasjoner. Ved \u00e5 konvertere hydraulisk trykk til mekanisk kraft, s\u00f8rger bomsylinderen for at gravemaskinen fungerer jevnt og effektivt, noe som maksimerer produktiviteten p\u00e5 arbeidsplassen.<\/p>\n<h2>Viktige funksjoner<\/h2>\n<ul>\n<li><strong>H\u00f8y styrke og holdbarhet:<\/strong> Konstruert av h\u00f8yfast st\u00e5l eller aluminium, i stand til \u00e5 motst\u00e5 h\u00f8yt trykk og tunge belastninger, designet for \u00e5 motst\u00e5 slitasje og korrosjon, og dermed forlenge levetiden.<\/li>\n<li><strong>Effektiv hydraulisk drift:<\/strong> Utnytter hydraulisk oljetrykk for jevn forlengelse og tilbaketrekking, noe som muliggj\u00f8r rask respons p\u00e5 driftskommandoer og gir sterk skyve- og trekkekraft, ideell for h\u00e5ndtering av tunge belastninger.<\/li>\n<li><strong>Ulike typer:<\/strong> Tilgjengelig i enkeltvirkende (fungerer i \u00e9n retning) eller dobbeltvirkende (fungerer i begge retninger) konfigurasjoner, egnet for ulike driftskrav, med noen modeller med teleskopisk design for forbedret forlengelse i kompakte rom.<\/li>\n<\/ul>\n<h2>Produksjonskapasiteter<\/h2>\n<p>V\u00e5rt firma spesialiserer seg p\u00e5 produksjon av h\u00f8ykvalitets bomsylindre som perfekt erstatter eksisterende hydrauliske sylindere i ulike bruksomr\u00e5der. V\u00e5r forpliktelse til kvalitet sikrer at produktene v\u00e5re oppfyller og overg\u00e5r bransjestandarder.<\/p>\n<p><img decoding=\"async\" src=\"https:\/\/www.hydraulic-cylinders.net\/wp-content\/uploads\/2025\/04\/songte-cylinder-head-with-all-kinds-excavator-models.webp\" alt=\"Gravemaskinmodeller\"><\/p>\n<h2>S\u00f8knadsscenarier<\/h2>\n<h3>Anleggsutstyr<\/h3>\n<p>I gravemaskiner er bomsylindre avgj\u00f8rende for graving, lasting og flytting av jord eller rusk. Det hydrauliske systemet gir presis kontroll over skuffens bevegelse, slik at operat\u00f8rer kan oppn\u00e5 n\u00f8yaktige gravedybder og effektiv materialh\u00e5ndtering. Denne funksjonen er viktig i bygg og anlegg, hvor effektivitet og presisjon kan p\u00e5virke prosjektets tidslinjer og resultater betydelig.<\/p>\n<h3>Landbruksmaskiner<\/h3>\n<p>Bomsylindre, som brukes i frontlastere, er viktige for \u00e5 utarbeide, l\u00f8fte og transportere jord, h\u00f8y og andre materialer. De forbedrer driftseffektiviteten til landbruksutstyr, noe som gj\u00f8r det enklere for b\u00f8nder \u00e5 h\u00e5ndtere sine daglige oppgaver og forbedre produktiviteten p\u00e5 g\u00e5rden.<\/p>\n<h3>Gravemaskiner<\/h3>\n<p>I gravemaskiner forenkler skuffesylindrene gravebevegelsen ved \u00e5 la skuffen trenge effektivt ned i jorden. Den hydrauliske kraften som genereres gj\u00f8r det mulig for f\u00f8reren \u00e5 ut\u00f8ve tilstrekkelig kraft til \u00e5 bryte gjennom t\u00f8ffe terrengforhold, noe som gj\u00f8r gravemaskiner uunnv\u00e6rlige i ulike graveoppgaver.<\/p>\n<h3>Lastere<\/h3>\n<p>I frontlastere hjelper bomsylindre med \u00e5 l\u00f8fte og dumpe last effektivt. Denne funksjonaliteten er avgj\u00f8rende for oppgaver som lasting av materialer p\u00e5 lastebiler eller overf\u00f8ring av materialer fra ett sted til et annet, og forbedrer dermed den totale effektiviteten av lasteoperasjonene.<\/p>\n<h2>Designhensyn og utvalgskriterier<\/h2>\n<h3>Lastekapasitet<\/h3>\n<p>N\u00e5r du velger en bomsylinder, er lastekapasitet en grunnleggende faktor. Sylinderen m\u00e5 kunne h\u00e5ndtere de maksimale belastningene som forventes under drift uten at det g\u00e5r p\u00e5 bekostning av sikkerhet eller funksjonalitet. En godt designet sylinder vil sikre stabilitet og forhindre mekaniske feil under krevende arbeidsforhold.<\/p>\n<h3>Tettingsintegritet<\/h3>\n<p>Tetting spiller en avgj\u00f8rende rolle i ytelsen og levetiden til hydrauliske sylindere. Effektive tetninger forhindrer lekkasjer av hydraulisk v\u00e6ske, noe som kan f\u00f8re til redusert effektivitet og potensielle systemfeil. \u00c5 velge tetninger av h\u00f8y kvalitet og sikre riktig installasjon er avgj\u00f8rende for \u00e5 opprettholde det hydrauliske systemets integritet.<\/p>\n<h3>Varighet<\/h3>\n<p>En slitesterk design er avgj\u00f8rende for bomsylindere som opererer i t\u00f8ffe milj\u00f8er. Faktorer som materialvalg, overflatebehandlinger og beskyttende belegg bidrar til sylinderens evne til \u00e5 motst\u00e5 slitasje, korrosjon og andre former for skade over tid, noe som sikrer p\u00e5litelig ytelse selv under utfordrende forhold.<\/p>\n<h3>Sikkerhetsfunksjoner<\/h3>\n<p>Det er avgj\u00f8rende \u00e5 inkludere sikkerhetsfunksjoner i utformingen av bomsylindere for \u00e5 beskytte operat\u00f8rer og maskineri. Dette inkluderer trykkavlastningsventiler, overbelastningsbeskyttelse og sikkerhetsl\u00e5ser. Disse funksjonene bidrar til \u00e5 forhindre ulykker og mekaniske feil, og sikrer sikker drift i ulike bruksomr\u00e5der.<\/p>\n<h3>Vedlikehold og reparasjonsevne<\/h3>\n<p>Designhensyn b\u00f8r ogs\u00e5 prioritere enkelt vedlikehold. En sylinder som muliggj\u00f8r enkel inspeksjon, service og utskifting av deler vil redusere nedetid og vedlikeholdskostnader. Funksjoner som tilgjengelige tetninger og utskiftbare komponenter kan forbedre den totale p\u00e5liteligheten og levetiden til den hydrauliske sylinderen betydelig.<\/p>\n<p><img decoding=\"async\" src=\"https:\/\/www.hydraulic-cylinders.net\/wp-content\/uploads\/2025\/04\/songte-oil-pipes-and-spare-parts.webp\" alt=\"Oljer\u00f8r og reservedeler\"><\/p>\n<h2>Tetting og sm\u00f8ring<\/h2>\n<p>Tetting og sm\u00f8ring av bomsylindere er avgj\u00f8rende for deres ytelse og levetid. Ulike tetninger, som stempeltetninger og stangtetninger, brukes for \u00e5 forhindre lekkasje av hydraulisk v\u00e6ske og opprettholde trykket. Tetninger laget av slitesterke materialer som polyuretan og nitrilgummi er foretrukket p\u00e5 grunn av deres slitestyrke. I tillegg er sylinderhuset og gjengede ender presist maskinert for \u00e5 forbedre holdbarheten. Regelmessig sm\u00f8ring med hydraulisk olje er n\u00f8dvendig for \u00e5 sikre jevn drift og forhindre slitasje.<\/p>\n<h2>Forebyggende vedlikeholdstiltak<\/h2>\n<ul>\n<li><strong>Regelmessige inspeksjoner:<\/strong> Sjekk ofte for tegn p\u00e5 slitasje, lekkasjer eller skader for \u00e5 sikre at det hydrauliske systemet fungerer optimalt.<\/li>\n<li><strong>Passende sm\u00f8ring:<\/strong> S\u00f8rg for tilstrekkelig sm\u00f8ring av sylinderen og dens komponenter for \u00e5 minimere friksjon og forlenge levetiden.<\/li>\n<li><strong>Utskifting av tetning:<\/strong> Skift pakninger regelmessig for \u00e5 forhindre lekkasjer og opprettholde hydraulisk effektivitet.<\/li>\n<\/ul>\n<h2>Installasjonsretningslinjer<\/h2>\n<p>Riktig montering av bomsylinderen er avgj\u00f8rende for optimal ytelse. Begynn med \u00e5 s\u00f8rge for at alle monteringsflater er rene og fri for rusk. Juster sylinderen n\u00f8yaktig med festepunktene, og bruk passende st\u00f8ttebraketter for \u00e5 feste den p\u00e5 plass. Det er viktig \u00e5 f\u00f8lge produsentens spesifikasjoner for momentinnstillinger og justeringstoleranser. Etter montering, kontroller de hydrauliske koblingene for lekkasjer og s\u00f8rg for at systemet er fylt med riktig hydraulisk v\u00e6ske f\u00f8r du tester driften.<\/p>\n<h2>Vedlikeholdsoppgaver<\/h2>\n<h3>Regelmessige inspeksjoner<\/h3>\n<p>Det er viktig \u00e5 utf\u00f8re regelmessige inspeksjoner av bomsylinderen for \u00e5 identifisere potensielle problemer f\u00f8r de eskalerer. Dette inkluderer \u00e5 sjekke for eksterne lekkasjer, inspisere tetninger for slitasje og s\u00f8rge for at sylinderen er riktig justert. Tidlig oppdagelse av problemer kan forhindre kostbare reparasjoner og nedetid.<\/p>\n<h3>Riktig sm\u00f8ring<\/h3>\n<p>Regelmessig sm\u00f8ring av den hydrauliske sylinderen er avgj\u00f8rende for \u00e5 opprettholde dens funksjonalitet. S\u00f8rg for at riktig hydraulikkolje brukes og at sm\u00f8repunktene er lett tilgjengelige. Riktig sm\u00f8ring reduserer friksjon og slitasje, noe som forlenger sylinderens levetid og sikrer problemfri drift.<\/p>\n<h3>Utskifting og kalibrering av tetninger<\/h3>\n<p>\u00c5 bytte ut slitte eller skadede pakninger er en kritisk vedlikeholdsoppgave som ikke b\u00f8r overses. Regelmessig vedlikehold b\u00f8r omfatte kontroll av pakningene og utskifting etter behov for \u00e5 forhindre hydrauliske lekkasjer. I tillegg sikrer kalibrering av det hydrauliske systemet optimal ytelse og sikkerhet under drift.<\/p>\n<p><img decoding=\"async\" src=\"https:\/\/www.hydraulic-cylinders.net\/wp-content\/uploads\/2025\/04\/songte-chushion-collar.webp\" alt=\"Putekrage\"><\/p>\n<h2>Sikkerhetshensyn og milj\u00f8faktorer<\/h2>\n<p>Sikkerhetstiltak er avgj\u00f8rende n\u00e5r man bruker bomsylindere. Operat\u00f8rer b\u00f8r trenes i sikre driftsprosedyrer, inkludert hvordan de skal gjenkjenne og reagere p\u00e5 potensielle farer. I tillegg b\u00f8r milj\u00f8faktorer som ekstreme temperaturer og eksponering for korrosive elementer vurderes ved design og valg av hydrauliske sylindere for \u00e5 sikre p\u00e5litelighet.<\/p>\n<h2>Feildiagnose og vanlige problemer<\/h2>\n<ul>\n<li><strong>Hydrauliske lekkasjer:<\/strong> Tegn p\u00e5 v\u00e6skelekkasjer kan indikere slitte pakninger eller skadede komponenter.<\/li>\n<li><strong>Mangelfull ytelse:<\/strong> Hvis sylinderen ikke utvides eller trekkes riktig inn, kan det v\u00e6re n\u00f8dvendig \u00e5 inspisere den for hydraulikkv\u00e6skeniv\u00e5er eller indre skader.<\/li>\n<li><strong>St\u00f8y under drift:<\/strong> Unormale lyder kan tyde p\u00e5 problemer i det hydrauliske systemet, som kavitasjon eller forurensning.<\/li>\n<\/ul>\n<h2>Feils\u00f8kingstips<\/h2>\n<p>For \u00e5 effektivt diagnostisere og l\u00f8se problemer med bomsylindere, begynn med \u00e5 visuelt inspisere alle hydrauliske koblinger for lekkasjer. Sjekk v\u00e6skeniv\u00e5ene og skift ut eventuelle slitte komponenter for \u00e5 forhindre ytterligere skade. Implementer forebyggende tiltak som regelmessig vedlikehold og inspeksjoner for \u00e5 minimere potensielle problemer.<\/p>\n<p><img decoding=\"async\" src=\"https:\/\/www.hydraulic-cylinders.net\/wp-content\/uploads\/2025\/04\/songte-bushings-with-all-kinds-of-excavator-models.webp\" alt=\"Foringer med gravemaskinmodeller\"><\/p>\n<h2>Om selskapet v\u00e5rt<\/h2>\n<p>Vi er en ledende produsent av hydrauliske sylindere for utskifting, og tilbyr et omfattende utvalg av produkter som m\u00f8ter nasjonale og internasjonale markedskrav. V\u00e5r forpliktelse til kvalitet gjenspeiles i v\u00e5re raffinerte produksjonsprosesser, st\u00f8ttet av dyktige fagfolk, banebrytende teknologi og strenge kvalitetskontrollsystemer. Vi forbedrer kontinuerlig produksjonskapasiteten v\u00e5r for \u00e5 gi kundene v\u00e5re h\u00f8yeffektive, presise og toppkvalitets hydrauliske l\u00f8sninger.<\/p>\n<p><img decoding=\"async\" src=\"https:\/\/www.hydraulic-cylinders.net\/wp-content\/uploads\/2025\/04\/songte-company-4.webp\" alt=\"Bedriftens interi\u00f8r\"><br \/>\n<img decoding=\"async\" src=\"https:\/\/www.hydraulic-cylinders.net\/wp-content\/uploads\/2025\/04\/songte-company-3.webp\" alt=\"Produksjonsprosess\"><\/p>\n<h2>Konklusjon<\/h2>\n<p>Avslutningsvis er bomsylinderen for Caterpillar liten gravemaskin E300.9D301.7D en viktig komponent for effektiv hydraulisk drift i tungt maskineri. \u00c5 forst\u00e5 dens funksjoner, bruksomr\u00e5der og vedlikeholdskrav vil sikre optimal ytelse og levetid.<\/p>\n<p>Forfatter: lyl<\/p>","protected":false},"excerpt":{"rendered":"<p>Boom Cylinder For Caterpillar Small Excavator E300.9D301.7D Product Overview The Boom Cylinder is an essential hydraulic component used in various heavy machinery, particularly in excavators like the Caterpillar E300.9D301.7D. It is primarily designed to control the movement of the bucket, allowing for efficient lifting, lowering, and tilting actions. The boom cylinder plays a crucial role [&hellip;]<\/p>","protected":false},"featured_media":17873,"comment_status":"open","ping_status":"closed","template":"","meta":{"_et_pb_use_builder":"","_et_pb_old_content":"","_et_gb_content_width":""},"product_brand":[],"product_cat":[1546],"product_tag":[1547,1496],"class_list":{"0":"post-18931","1":"product","2":"type-product","3":"status-publish","4":"has-post-thumbnail","6":"product_cat-boom-cylinders","7":"product_tag-boom-cylinders","8":"product_tag-hydraulic-cylinders","10":"first","11":"instock","12":"shipping-taxable","13":"product-type-simple"},"amp_enabled":true,"_links":{"self":[{"href":"https:\/\/www.hydraulic-cylinders.net\/nb\/wp-json\/wp\/v2\/product\/18931","targetHints":{"allow":["GET"]}}],"collection":[{"href":"https:\/\/www.hydraulic-cylinders.net\/nb\/wp-json\/wp\/v2\/product"}],"about":[{"href":"https:\/\/www.hydraulic-cylinders.net\/nb\/wp-json\/wp\/v2\/types\/product"}],"replies":[{"embeddable":true,"href":"https:\/\/www.hydraulic-cylinders.net\/nb\/wp-json\/wp\/v2\/comments?post=18931"}],"wp:featuredmedia":[{"embeddable":true,"href":"https:\/\/www.hydraulic-cylinders.net\/nb\/wp-json\/wp\/v2\/media\/17873"}],"wp:attachment":[{"href":"https:\/\/www.hydraulic-cylinders.net\/nb\/wp-json\/wp\/v2\/media?parent=18931"}],"wp:term":[{"taxonomy":"product_brand","embeddable":true,"href":"https:\/\/www.hydraulic-cylinders.net\/nb\/wp-json\/wp\/v2\/product_brand?post=18931"},{"taxonomy":"product_cat","embeddable":true,"href":"https:\/\/www.hydraulic-cylinders.net\/nb\/wp-json\/wp\/v2\/product_cat?post=18931"},{"taxonomy":"product_tag","embeddable":true,"href":"https:\/\/www.hydraulic-cylinders.net\/nb\/wp-json\/wp\/v2\/product_tag?post=18931"}],"curies":[{"name":"wp","href":"https:\/\/api.w.org\/{rel}","templated":true}]}}