{"id":18955,"date":"2025-04-07T06:04:00","date_gmt":"2025-04-07T06:04:00","guid":{"rendered":"https:\/\/www.hydraulic-cylinders.net\/product\/boom-cylinder-for-caterpillar-middle-excavator-e320d-rr\/"},"modified":"2025-04-07T06:04:08","modified_gmt":"2025-04-07T06:04:08","slug":"boom-cylinder-for-caterpillar-middle-excavator-e320d-rr","status":"publish","type":"product","link":"https:\/\/www.hydraulic-cylinders.net\/nb\/produkt\/boom-cylinder-for-caterpillar-middle-excavator-e320d-rr\/","title":{"rendered":"Bom-sylinder for Caterpillar mellomgraver E320D RR"},"content":{"rendered":"<h1>Bom-sylinder for Caterpillar mellomgraver E320D RR<\/h1>\n<h2>Oversikt over bomsylinder<\/h2>\n<p>Bom-sylinderen er en viktig komponent i det hydrauliske systemet i tunge maskiner, spesielt utviklet for \u00e5 kontrollere bevegelsen til skuffen i gravemaskiner og traktorgravere. Denne hydrauliske sylinderen muliggj\u00f8r l\u00f8fting, senking og tilting av skuffen, noe som forenkler materialh\u00e5ndteringsoppgaver effektivt. Bom-sylinderen fungerer ved \u00e5 bruke hydraulisk v\u00e6ske for \u00e5 skape trykk, som igjen genererer kraften som er n\u00f8dvendig for \u00e5 bevege skuffen i forskjellige retninger, noe som gj\u00f8r den til en viktig del av anleggs- og gravearbeid.<\/p>\n<p><img decoding=\"async\" src=\"https:\/\/www.hydraulic-cylinders.net\/wp-content\/uploads\/2025\/04\/songte-company-1.webp\" alt=\"Hydraulisk sylinder\" \/><\/p>\n<h3>Viktige funksjoner p\u00e5 bomsylinderen<\/h3>\n<ul>\n<li><strong>H\u00f8y styrke og holdbarhet:<\/strong> Vanligvis laget av h\u00f8yfast st\u00e5l eller aluminium, som t\u00e5ler h\u00f8yt trykk og tunge belastninger, samtidig som de er egnet for t\u00f8ffe arbeidsmilj\u00f8er. Utviklet med slitestyrke og korrosjonsbestandighet i tankene for \u00e5 forlenge levetiden.<\/li>\n<li><strong>Effektiv hydraulisk drift:<\/strong> Bruker hydraulisk oljetrykk for jevn forlengelse og tilbaketrekking, noe som gir rask respons p\u00e5 driftskommandoer og betydelig skyve- og trekkekraft som er egnet for h\u00e5ndtering av tunge materialer og komplekse oppgaver.<\/li>\n<li><strong>Ulike typer:<\/strong> Tilgjengelig i ulike konfigurasjoner, inkludert enkeltvirkende (hydraulisk virkning i \u00e9n retning) eller dobbeltvirkende (hydraulisk virkning i begge retninger) sylindere. Noen modeller er teleskopiske, noe som gir st\u00f8rre forlengelse uten \u00e5 \u00f8ke de ytre m\u00e5lene, noe som gj\u00f8r dem ideelle for plassbegrensede applikasjoner.<\/li>\n<li><strong>Tilpasset produksjon:<\/strong> Produktene v\u00e5re erstatter eksisterende hydrauliske sylindere p\u00e5 en perfekt m\u00e5te, og sikrer kompatibilitet og p\u00e5litelighet.<\/li>\n<\/ul>\n<p><img decoding=\"async\" src=\"https:\/\/www.hydraulic-cylinders.net\/wp-content\/uploads\/2025\/04\/songte-cylinder-head-with-all-kinds-excavator-models.webp\" alt=\"Gravemaskinmodeller\" \/><\/p>\n<h2>Bruksomr\u00e5der for bomsylinder<\/h2>\n<h3>Anleggsutstyr<\/h3>\n<p>I gravemaskiner er bomsylindere avgj\u00f8rende for graving, lasting og flytting av jord eller rusk. De gir den n\u00f8dvendige kraften til \u00e5 trenge ned i bakken og l\u00f8fte tunge materialer, noe som gj\u00f8r dem uunnv\u00e6rlige p\u00e5 byggeplasser. I gravemaskinlastere hjelper bomsylinderen til med b\u00e5de grave- og l\u00f8fteoperasjoner, slik at operat\u00f8rene kan takle en rekke oppgaver effektivt.<\/p>\n<h3>Landbruksmaskiner<\/h3>\n<p>I frontlastere spiller bomsylindre en viktig rolle i utgraving, l\u00f8fting og transport av jord, h\u00f8y og annet materiale. De forbedrer maskinens funksjonalitet ved \u00e5 gj\u00f8re det mulig for f\u00f8reren \u00e5 utf\u00f8re ulike landbruksoppgaver, fra \u00e5 grave gr\u00f8fter til \u00e5 laste materialer p\u00e5 lastebiler, og dermed forbedre produktiviteten betydelig.<\/p>\n<h3>Gravemaskiner<\/h3>\n<p>Gravemaskiner bruker bomsylindere for \u00e5 la skuffen trenge effektivt ned i jorden, noe som muliggj\u00f8r effektive graveoperasjoner. Denne egenskapen er avgj\u00f8rende i prosjekter som krever presis utgraving, enten det er for fundamenter, landskapsarbeid eller forsyningsinstallasjoner.<\/p>\n<h3>Lastere<\/h3>\n<p>I frontlastere bidrar bomsylindre til effektiv l\u00f8fting og dumping av last. Designet deres sikrer at tunge materialer kan flyttes med presisjon, noe som er avgj\u00f8rende for bygg, landskapsarbeid og landbruk.<\/p>\n<h2>Designhensyn og utvalgskriterier<\/h2>\n<h3>Lastekapasitet<\/h3>\n<p>Bom-sylinderens lastekapasitet er en kritisk faktor, ettersom den m\u00e5 kunne h\u00e5ndtere vekten av lasten som l\u00f8ftes eller flyttes. \u00c5 velge en sylinder med passende lastekapasitet sikrer sikkerhet og driftseffektivitet, og reduserer risikoen for feil under tunge oppgaver.<\/p>\n<h3>Tetningsytelse<\/h3>\n<p>Effektiv tetting er avgj\u00f8rende for \u00e5 forhindre lekkasje av hydraulisk v\u00e6ske, noe som kan f\u00f8re til ytelsesproblemer og \u00f8kte vedlikeholdskostnader. Tetninger og pakninger av h\u00f8y kvalitet er konstruert for \u00e5 t\u00e5le de t\u00f8ffe forholdene ved bygge- og gravearbeid, noe som sikrer lang levetid og p\u00e5litelighet.<\/p>\n<h3>Varighet<\/h3>\n<p>Holdbarheten til bomsylinderen bestemmes av materialene som brukes og designfunksjonene som er innlemmet. Den b\u00f8r v\u00e6re konstruert av robuste materialer som motst\u00e5r slitasje, inkludert eksponering for ulike elementer som smuss, st\u00f8v og fuktighet for \u00e5 forlenge levetiden.<\/p>\n<h3>Sikkerhetsfunksjoner<\/h3>\n<p>Sikkerhet er avgj\u00f8rende n\u00e5r man velger hydrauliske sylindere. Funksjoner som trykkavlastningsventiler og overbelastningssensorer kan bidra til \u00e5 forhindre ulykker og utstyrsskader, og sikre sikker drift under alle arbeidsforhold.<\/p>\n<h3>Vedlikeholdstilgjengelighet<\/h3>\n<p>Det er avgj\u00f8rende \u00e5 designe bomsylinderen for enkel tilgang under vedlikehold for \u00e5 minimere nedetid. Sylindere b\u00f8r konstrueres p\u00e5 en m\u00e5te som muliggj\u00f8r enkel inspeksjon og utskifting av komponenter, noe som letter regelmessig vedlikehold og forbedrer driftseffektiviteten.<\/p>\n<p><img decoding=\"async\" src=\"https:\/\/www.hydraulic-cylinders.net\/wp-content\/uploads\/2025\/04\/songte-oil-pipes-and-spare-parts.webp\" alt=\"Hydrauliske deler\" \/><\/p>\n<h2>Tetting og sm\u00f8ring<\/h2>\n<p>Effektiviteten til bomsylinderen er i stor grad avhengig av dens tetnings- og sm\u00f8resystemer. Ulike tetninger, som stempeltetninger og stangtetninger, brukes for \u00e5 forhindre at hydraulisk v\u00e6ske lekker. Tetninger laget av slitesterk materiale som polyuretan og nitrilgummi er foretrukket p\u00e5 grunn av holdbarheten. Sylinderhuset og gjengede endeflater er fint bearbeidet for \u00e5 forbedre slitestyrken. I tillegg er regelmessig sm\u00f8ring med hydraulisk olje viktig for \u00e5 opprettholde ytelsen og forhindre slitasje.<\/p>\n<h2>Forebyggende tiltak og regelmessig vedlikehold<\/h2>\n<ul>\n<li><strong>Regelmessige inspeksjoner:<\/strong> \u00c5 utf\u00f8re rutinemessige inspeksjoner bidrar til \u00e5 oppdage potensielle problemer tidlig. Sjekk for tegn p\u00e5 slitasje, lekkasje eller skade p\u00e5 komponenter for \u00e5 sikre at bomsylinderen fungerer effektivt.<\/li>\n<li><strong>Riktig sm\u00f8ring:<\/strong> Tilstrekkelig sm\u00f8ring er avgj\u00f8rende for problemfri drift av bomsylinderen. Overv\u00e5k og etterfyll hydraulikkolje regelmessig for \u00e5 opprettholde optimal ytelse og forhindre skade.<\/li>\n<li><strong>Utskifting av tetning:<\/strong> Tetninger b\u00f8r skiftes med jevne mellomrom for \u00e5 unng\u00e5 lekkasjer. Riktig identifisering av tegn p\u00e5 slitasje kan bidra til \u00e5 bevare det hydrauliske systemets integritet.<\/li>\n<\/ul>\n<h2>Installasjonsretningslinjer<\/h2>\n<p>Riktig installasjon av bomsylinderen er avgj\u00f8rende for \u00e5 sikre effektiv drift. Begynn med \u00e5 justere sylinderen riktig med monteringspunktene p\u00e5 maskineriet. Bruk passende installasjonsbraketter for \u00e5 feste sylinderen p\u00e5 plass, og s\u00f8rg for at den er stabil. Det er viktig \u00e5 kontrollere at alle tilkoblinger er stramme og at det ikke er noen hindringer som kan hindre bevegelse. \u00c5 f\u00f8lge produsentens retningslinjer vil bidra til \u00e5 oppn\u00e5 best mulig resultat under installasjonen. Regelmessig kontroll av justeringen etter installasjon kan bidra til \u00e5 opprettholde ytelsen og forhindre problemer.<\/p>\n<p><img decoding=\"async\" src=\"https:\/\/www.hydraulic-cylinders.net\/wp-content\/uploads\/2025\/04\/songte-chushion-collar.webp\" alt=\"Putekrage\" \/><\/p>\n<h2>Vanlige vedlikeholdsoppgaver<\/h2>\n<h3>Regelmessige inspeksjoner<\/h3>\n<p>Hyppige inspeksjoner av bomsylinderen er viktige for \u00e5 identifisere slitasje f\u00f8r den utvikler seg til betydelige problemer. Se etter tegn p\u00e5 lekkasje eller skade, og s\u00f8rg for at alle komponenter fungerer som de skal. Tidlig oppdagelse av problemer kan spare tid og kostnader forbundet med st\u00f8rre reparasjoner.<\/p>\n<h3>Riktig sm\u00f8ring<\/h3>\n<p>\u00c5 opprettholde riktig niv\u00e5 av hydraulikkolje er avgj\u00f8rende for at bomsylinderen skal fungere problemfritt. S\u00f8rg for at oljen er fri for forurensninger og at den oppfyller spesifikasjonene som er angitt av produsenten. Regelmessig sm\u00f8ring fremmer optimal ytelse og kan forlenge levetiden til de hydrauliske komponentene betydelig.<\/p>\n<h3>Utskifting av tetning<\/h3>\n<p>Over tid kan pakninger slites ut og m\u00e5 kanskje byttes ut for \u00e5 forhindre lekkasje av hydraulikkv\u00e6ske. Sjekk pakningenes tilstand regelmessig og skift dem ut etter behov. Dette vil forbedre bomsylinderens p\u00e5litelighet og forhindre tap av hydraulikkv\u00e6ske, noe som kan p\u00e5virke ytelsen.<\/p>\n<h2>Sikkerhets- og milj\u00f8hensyn<\/h2>\n<p>N\u00e5r man arbeider med hydrauliske systemer, er sikkerhetstiltak avgj\u00f8rende. Operat\u00f8rer b\u00f8r v\u00e6re oppl\u00e6rt i sikker h\u00e5ndtering av hydrauliske maskiner, s\u00f8rge for at de forst\u00e5r viktigheten av verneutstyr og f\u00f8lger sikkerhetsprotokoller. Videre er riktig avhending av hydrauliske v\u00e6sker og slitte komponenter avgj\u00f8rende for \u00e5 minimere milj\u00f8p\u00e5virkningen.<\/p>\n<h2>Feils\u00f8king av vanlige problemer<\/h2>\n<ul>\n<li><strong>Lekkasje:<\/strong> Hvis det lekker hydraulisk v\u00e6ske fra sylinderen, kan det skyldes slitte pakninger eller skadede slanger. Inspiser disse komponentene og skift dem ut om n\u00f8dvendig.<\/li>\n<li><strong>Redusert ytelse:<\/strong> En reduksjon i sylinderytelsen kan tyde p\u00e5 lave hydrauliske v\u00e6skeniv\u00e5er eller forurensninger i systemet. S\u00f8rg for riktig v\u00e6skeniv\u00e5 og renslighet.<\/li>\n<li><strong>Ikke-responsiv operasjon:<\/strong> Hvis sylinderen ikke reagerer p\u00e5 kontrollene, sjekk for problemer som blokkerte ledninger eller ventiler som ikke fungerer. L\u00f8s disse problemene raskt for \u00e5 gjenopprette funksjonaliteten.<\/li>\n<\/ul>\n<p><img decoding=\"async\" src=\"https:\/\/www.hydraulic-cylinders.net\/wp-content\/uploads\/2025\/04\/songte-bushings-with-all-kinds-of-excavator-models.webp\" alt=\"Gravemaskinforinger\" \/><\/p>\n<h2>Selskapsoversikt<\/h2>\n<p>Vi er en ledende produsent av hydrauliske sylindere, og spesialiserer oss p\u00e5 \u00e5 produsere h\u00f8ykvalitets erstatninger for ulike bruksomr\u00e5der. Produktsortimentet v\u00e5rt er omfattende, noe som posisjonerer oss som en av de ledende produsentene og grossistene i b\u00e5de innenlandske og internasjonale markeder. Vi f\u00f8lger prinsippene om fortreffelighet, og utnytter v\u00e5re sofistikerte produksjonsprosesser og avanserte teknologi for \u00e5 sikre f\u00f8rsteklasses produktkvalitet.<\/p>\n<p><img decoding=\"async\" src=\"https:\/\/www.hydraulic-cylinders.net\/wp-content\/uploads\/2025\/04\/songte-company-4.webp\" alt=\"Selskapsoversikt 1\" \/><br \/>\n<img decoding=\"async\" src=\"https:\/\/www.hydraulic-cylinders.net\/wp-content\/uploads\/2025\/04\/songte-company-3.webp\" alt=\"Selskapsoversikt 2\" \/><\/p>\n<p>Med en forpliktelse til profesjonelle standarder, internasjonale sertifiseringer og tilpasset service, forbedrer vi kontinuerlig produksjonskapasiteten v\u00e5r, og sikrer at vi m\u00f8ter ulike kundebehov med h\u00f8y effektivitet, presisjon og kvalitet.<\/p>\n<p>Forfatter: lyl<\/p>","protected":false},"excerpt":{"rendered":"<p>Boom Cylinder For Caterpillar Middle Excavator E320D RR Overview of Boom Cylinder The Boom Cylinder is an essential component of the hydraulic system in heavy machinery, specifically designed to control the motion of the bucket in excavators and backhoe loaders. This hydraulic cylinder allows for the lifting, lowering, and tilting of the bucket, facilitating material [&hellip;]<\/p>","protected":false},"featured_media":17867,"comment_status":"open","ping_status":"closed","template":"","meta":{"_et_pb_use_builder":"","_et_pb_old_content":"","_et_gb_content_width":""},"product_brand":[],"product_cat":[1546],"product_tag":[1547,1496],"class_list":{"0":"post-18955","1":"product","2":"type-product","3":"status-publish","4":"has-post-thumbnail","6":"product_cat-boom-cylinders","7":"product_tag-boom-cylinders","8":"product_tag-hydraulic-cylinders","10":"first","11":"instock","12":"shipping-taxable","13":"product-type-simple"},"amp_enabled":true,"_links":{"self":[{"href":"https:\/\/www.hydraulic-cylinders.net\/nb\/wp-json\/wp\/v2\/product\/18955","targetHints":{"allow":["GET"]}}],"collection":[{"href":"https:\/\/www.hydraulic-cylinders.net\/nb\/wp-json\/wp\/v2\/product"}],"about":[{"href":"https:\/\/www.hydraulic-cylinders.net\/nb\/wp-json\/wp\/v2\/types\/product"}],"replies":[{"embeddable":true,"href":"https:\/\/www.hydraulic-cylinders.net\/nb\/wp-json\/wp\/v2\/comments?post=18955"}],"wp:featuredmedia":[{"embeddable":true,"href":"https:\/\/www.hydraulic-cylinders.net\/nb\/wp-json\/wp\/v2\/media\/17867"}],"wp:attachment":[{"href":"https:\/\/www.hydraulic-cylinders.net\/nb\/wp-json\/wp\/v2\/media?parent=18955"}],"wp:term":[{"taxonomy":"product_brand","embeddable":true,"href":"https:\/\/www.hydraulic-cylinders.net\/nb\/wp-json\/wp\/v2\/product_brand?post=18955"},{"taxonomy":"product_cat","embeddable":true,"href":"https:\/\/www.hydraulic-cylinders.net\/nb\/wp-json\/wp\/v2\/product_cat?post=18955"},{"taxonomy":"product_tag","embeddable":true,"href":"https:\/\/www.hydraulic-cylinders.net\/nb\/wp-json\/wp\/v2\/product_tag?post=18955"}],"curies":[{"name":"wp","href":"https:\/\/api.w.org\/{rel}","templated":true}]}}