{"id":18957,"date":"2025-04-07T06:04:14","date_gmt":"2025-04-07T06:04:14","guid":{"rendered":"https:\/\/www.hydraulic-cylinders.net\/product\/boom-cylinder-for-caterpillar-middle-excavator-e325d\/"},"modified":"2025-04-07T06:04:16","modified_gmt":"2025-04-07T06:04:16","slug":"boom-cylinder-for-caterpillar-middle-excavator-e325d","status":"publish","type":"product","link":"https:\/\/www.hydraulic-cylinders.net\/nb\/produkt\/boom-cylinder-for-caterpillar-middle-excavator-e325d\/","title":{"rendered":"Bomcylinder for Caterpillar mellomgraver E325D"},"content":{"rendered":"<h1>Bomcylinder for Caterpillar mellomgraver E325D<\/h1>\n<h2>Introduksjon til bomsylinder<\/h2>\n<p>Bom-sylinderen er en avgj\u00f8rende komponent i hydrauliske systemer, spesielt utviklet for \u00e5 kontrollere bevegelsen til skuffen i diverse tunge maskiner som gravemaskiner, traktorgravere og frontlastere. Denne hydrauliske sylinderen gj\u00f8r det mulig \u00e5 l\u00f8fte, senke og tilte skuffen, noe som muliggj\u00f8r effektive materialh\u00e5ndteringsoppgaver. I hovedsak er bom-sylindere hydrauliske aktuatorer som omdanner hydraulisk energi til mekanisk bevegelse, noe som gir presis kontroll over tunge laster.<\/p>\n<p><img decoding=\"async\" src=\"https:\/\/www.hydraulic-cylinders.net\/wp-content\/uploads\/2025\/04\/songte-company-1.webp\" alt=\"Bom-sylinder\" \/><\/p>\n<h3>Viktige funksjoner for bomsylindere<\/h3>\n<ul>\n<li><strong>H\u00f8y styrke og holdbarhet:<\/strong> Disse sylindrene er vanligvis konstruert av h\u00f8yfast st\u00e5l eller aluminium, og t\u00e5ler h\u00f8yt trykk og tunge belastninger, noe som gj\u00f8r dem egnet for t\u00f8ffe arbeidsmilj\u00f8er. Designet tar ogs\u00e5 hensyn til slitestyrke og korrosjonsbestandighet, noe som forlenger produktets levetid.<\/li>\n<li><strong>Effektiv hydraulisk drift:<\/strong> Ved \u00e5 bruke hydraulisk oljetrykk oppn\u00e5r bomsylindrene jevn forlengelse og inntrekking, og reagerer raskt p\u00e5 f\u00f8rerkommandoer samtidig som de gir sterk skyve- og trekkekraft, ideelt for h\u00e5ndtering av tunge og komplekse oppgaver.<\/li>\n<li><strong>Ulike typer:<\/strong> Bomsylindre er tilgjengelige i enkeltvirkende (hydraulisk brukt i \u00e9n retning) eller dobbeltvirkende (hydraulisk brukt i begge retninger) konfigurasjoner for \u00e5 m\u00f8te ulike driftsbehov. Noen modeller er teleskopiske, noe som gir st\u00f8rre forlengelse uten \u00e5 \u00f8ke de ytre dimensjonene, egnet for plassbegrensede bruksomr\u00e5der.<\/li>\n<li><strong>Kompatibilitet:<\/strong> Produktene v\u00e5re kan erstatte eksisterende hydrauliske sylindere p\u00e5 en perfekt m\u00e5te, og sikrer s\u00f8ml\u00f8s integrering og ytelse i maskineriet ditt.<\/li>\n<\/ul>\n<p><img decoding=\"async\" src=\"https:\/\/www.hydraulic-cylinders.net\/wp-content\/uploads\/2025\/04\/songte-cylinder-head-with-all-kinds-excavator-models.webp\" alt=\"Utskifting av hydrauliske sylindere\" \/><\/p>\n<h2>Bruksomr\u00e5der for bomsylindere<\/h2>\n<h3>Anleggsutstyr<\/h3>\n<p>I gravemaskiner er bomsylindere viktige for graving, lasting og flytting av jord eller rusk. Evnen til \u00e5 forlenges og trekkes inn muliggj\u00f8r presise gravebevegelser, noe som er avgj\u00f8rende for byggeprosjekter. I gravemaskin hjelper bomsylinderen ikke bare med graving, men ogs\u00e5 med \u00e5 l\u00f8fte last, noe som \u00f8ker maskinens allsidighet p\u00e5 stedet.<\/p>\n<h3>Landbruksmaskiner<\/h3>\n<p>I frontlastere forenkler bomsylindrene utgraving, l\u00f8fting og transport av jord, h\u00f8y og annet materiale. Funksjonaliteten deres forbedrer effektiviteten i landbruksoppgaver, noe som gir raskere drift og \u00f8kt produktivitet p\u00e5 g\u00e5rder.<\/p>\n<h3>Utgravingsoppgaver<\/h3>\n<p>Gravemaskiner bruker bomsylindre for \u00e5 trenge effektivt ned i jorden, noe som gj\u00f8r dem uunnv\u00e6rlige for gravearbeid. Den hydrauliske virkningen til disse sylindrene gir den n\u00f8dvendige kraften til \u00e5 bryte terreng og fjerne smuss, noe som viser seg \u00e5 v\u00e6re avgj\u00f8rende for bygge- og graveprosjekter.<\/p>\n<h3>Lastemaskiner<\/h3>\n<p>I frontlastere hjelper bomsylindre med \u00e5 l\u00f8fte og dumpe materialer effektivt. Designet deres muliggj\u00f8r optimal lasth\u00e5ndtering, noe som sikrer at oppgaver utf\u00f8res raskt og effektivt, noe som er viktig i ulike industrielle applikasjoner.<\/p>\n<h2>Designhensyn og utvalgsstandarder<\/h2>\n<h3>Lastekapasitet<\/h3>\n<p>N\u00e5r du velger en bomsylinder, er det viktig \u00e5 vurdere lastekapasiteten som kreves for den spesifikke applikasjonen. Sylinderen m\u00e5 kunne h\u00e5ndtere den maksimale vekten den vil m\u00f8te under drift. Dette inneb\u00e6rer \u00e5 forst\u00e5 de hydrauliske trykkniv\u00e5ene og materialene som l\u00f8ftes eller flyttes. Riktig lastekapasitet sikrer sikkerhet og forlenger levetiden til utstyret.<\/p>\n<h3>Seglintegritet<\/h3>\n<p>Tetninger spiller en kritisk rolle i ytelsen til hydrauliske sylindere. Valg av h\u00f8ykvalitetstetninger, som stempeltetninger og stangtetninger, er viktig for \u00e5 forhindre lekkasjer og opprettholde hydraulisk trykk. Effektiv tetting forbedrer ikke bare effektiviteten, men forlenger ogs\u00e5 levetiden til det hydrauliske systemet ved \u00e5 minimere slitasje p\u00e5 komponenter.<\/p>\n<h3>Varighet<\/h3>\n<p>Holdbarhet er en viktig faktor n\u00e5r det gjelder hydrauliske sylindere, spesielt i krevende milj\u00f8er. Materialene som brukes i konstruksjonen b\u00f8r motst\u00e5 korrosjon og slitasje. I tillegg b\u00f8r designet t\u00e5le de h\u00f8ye belastningsforholdene som bomsylindere ofte st\u00e5r overfor i tunge maskiner.<\/p>\n<h3>Sikkerhetsfunksjoner<\/h3>\n<p>Sikkerhet er avgj\u00f8rende i design av hydrauliske systemer. Implementering av sikkerhetsfunksjoner som trykkavlastningsventiler og overbelastningsbeskyttelsesmekanismer bidrar til \u00e5 forhindre ulykker og utstyrsfeil. Dessuten sikrer design av sylindere med sikkerhetsfaktorer p\u00e5litelig ytelse under ulike driftsforhold.<\/p>\n<h3>Vedlikehold og reparasjonsevne<\/h3>\n<p>Det er avgj\u00f8rende \u00e5 designe for vedlikehold for \u00e5 redusere nedetid. Bomsylindre b\u00f8r gi enkel tilgang til tetninger og komponenter for inspeksjon og reparasjoner. Regelmessige vedlikeholdskontroller og muligheten til \u00e5 bytte ut slitte deler er viktig for \u00e5 sikre langsiktig funksjonalitet og sikkerhet for utstyret.<\/p>\n<p><img decoding=\"async\" src=\"https:\/\/www.hydraulic-cylinders.net\/wp-content\/uploads\/2025\/04\/songte-oil-pipes-and-spare-parts.webp\" alt=\"Vedlikehold av hydrauliske sylindere\" \/><\/p>\n<h2>Tetting og sm\u00f8ring av hydrauliske sylindere<\/h2>\n<p>Effektiv tetting er avgj\u00f8rende for hydrauliske sylindere. Ulike tetningselementer, inkludert stempeltetninger og stangtetninger, m\u00e5 velges basert p\u00e5 materialkompatibilitet og slitestyrke. Vanlige materialer som brukes til tetninger inkluderer polyuretan og nitrilgummi, kjent for sin holdbarhet i hydrauliske applikasjoner. Sylinderhuset og gjengede endeflater b\u00f8r gjennomg\u00e5 finmaskinering for \u00e5 forbedre slitestyrken, sikre tette tetninger og forhindre lekkasjer. I tillegg er det viktig \u00e5 regelmessig etterfylle hydraulikkolje for sm\u00f8ring, noe som reduserer friksjon og slitasje p\u00e5 bevegelige deler, noe som er kritisk for \u00e5 opprettholde ytelse og levetid.<\/p>\n<h2>Forebyggende vedlikeholdstiltak<\/h2>\n<ul>\n<li><strong>Regelmessige inspeksjoner:<\/strong> \u00c5 gjennomf\u00f8re rutinemessige inspeksjoner kan bidra til \u00e5 identifisere potensielle problemer f\u00f8r de eskalerer. Sjekk for lekkasjer, uvanlige lyder og tegn p\u00e5 slitasje for \u00e5 sikre at sylinderen fungerer optimalt.<\/li>\n<li><strong>Passende sm\u00f8ring:<\/strong> Det er avgj\u00f8rende \u00e5 opprettholde tilstrekkelig sm\u00f8ring for \u00e5 forhindre overdreven slitasje. S\u00f8rg for at hydraulikkoljeniv\u00e5et er tilstrekkelig, og bytt ut forurenset olje etter behov for \u00e5 sikre problemfri drift.<\/li>\n<li><strong>Utskifting av tetning:<\/strong> Kontroller pakningene regelmessig for slitasje og skift dem ut raskt for \u00e5 forhindre lekkasjer og opprettholde hydraulisk trykk. Dette bidrar til \u00e5 unng\u00e5 kostbar nedetid og reparasjoner.<\/li>\n<\/ul>\n<h2>Installasjonsretningslinjer<\/h2>\n<p>Riktig installasjon av bomsylinderen er avgj\u00f8rende for optimal ytelse og levetid. Begynn med \u00e5 s\u00f8rge for at alle komponenter er riktig justert. Bruk passende monteringsbraketter for \u00e5 feste sylinderen, slik at den ikke blir feiljustert under drift. Det er viktig \u00e5 f\u00f8lge produsentens spesifikasjoner for momentinnstillinger og installasjonsprosedyrer. Etter installasjon, kontroller at sylinderen er riktig justert og fungerer ved \u00e5 bruke den med varierende hastigheter og belastninger. Kontroller regelmessig at enheten er festet og fri for hindringer for \u00e5 sikre problemfri drift.<\/p>\n<h2>Vedlikeholdsoppgaver<\/h2>\n<ul>\n<li><strong>Regelmessige inspeksjoner:<\/strong> \u00c5 utf\u00f8re regelmessige kontroller av det hydrauliske systemet bidrar til \u00e5 oppdage problemer tidlig. Se etter tegn p\u00e5 v\u00e6skelekkasjer, korrosjon eller uvanlig slitasje p\u00e5 komponenter, som kan tyde p\u00e5 underliggende problemer.<\/li>\n<li><strong>Riktig sm\u00f8ring:<\/strong> S\u00f8rg for at alle bevegelige deler er tilstrekkelig smurt for \u00e5 minimere friksjon og slitasje. Fors\u00f8mmelse av sm\u00f8ring kan f\u00f8re til for tidlig svikt og kostbare reparasjoner.<\/li>\n<li><strong>Utskifting av tetning:<\/strong> Tetninger b\u00f8r kontrolleres regelmessig for tegn p\u00e5 slitasje og skiftes ut etter behov. Dette forhindrer katastrofale feil og opprettholder hydraulisk trykk, noe som sikrer effektiv drift.<\/li>\n<\/ul>\n<h2>Sikkerhetshensyn og milj\u00f8faktorer<\/h2>\n<p>Sikkerhetstiltak er viktige n\u00e5r man arbeider med hydrauliske sylindere. Operat\u00f8rer b\u00f8r f\u00e5 oppl\u00e6ring i sikker h\u00e5ndteringspraksis, inkludert bevissthet om potensielle farer. \u00c5 s\u00f8rge for at alle sikkerhetsfunksjoner er i orden, for eksempel n\u00f8davstengningsventiler, kan redusere risikoer. I tillegg b\u00f8r man vurdere milj\u00f8p\u00e5virkningen n\u00e5r man kaster hydrauliske v\u00e6sker eller slitte komponenter for \u00e5 overholde lokale forskrifter og fremme b\u00e6rekraft.<\/p>\n<h2>Feils\u00f8king og vanlige problemer<\/h2>\n<ul>\n<li><strong>Lekkasje:<\/strong> Sjekk tetninger og koblinger for tegn p\u00e5 lekkasje av hydraulisk v\u00e6ske. Inspiser for slitte eller skadede tetninger, og skift dem ut etter behov for \u00e5 opprettholde hydraulisk trykk.<\/li>\n<li><strong>D\u00e5rlig ytelse:<\/strong> Hvis sylinderen ikke reagerer som forventet, sjekk hydraulikkv\u00e6skeniv\u00e5ene og s\u00f8rg for at det ikke er noen blokkeringer i r\u00f8rene. Luft som er fanget i systemet kan ogs\u00e5 redusere effektiviteten.<\/li>\n<li><strong>Overoppheting:<\/strong> For h\u00f8y varme kan indikere overbelastning eller utilstrekkelig sm\u00f8ring. Overv\u00e5k driftsforholdene og s\u00f8rg for at systemet ikke overskrider nominell kapasitet.<\/li>\n<\/ul>\n<p>For \u00e5 h\u00e5ndtere disse problemene er det viktig \u00e5 f\u00f8lge en systematisk feils\u00f8kingsmetode. Regelmessig vedlikehold og raske korrigerende tiltak kan forhindre at mindre problemer eskalerer til betydelige feil.<\/p>\n<p><img decoding=\"async\" src=\"https:\/\/www.hydraulic-cylinders.net\/wp-content\/uploads\/2025\/04\/songte-bushings-with-all-kinds-of-excavator-models.webp\" alt=\"Hydrauliske sylinderdeler\" \/><\/p>\n<h2>Selskapsoversikt<\/h2>\n<p>Vi er en ledende produsent og grossist av hydrauliske sylindere, og spesialiserer oss p\u00e5 \u00e5 tilby erstatningsalternativer for ulike bruksomr\u00e5der. V\u00e5rt omfattende produktsortiment har etablert oss som en ledende akt\u00f8r i b\u00e5de innenlandske og internasjonale markeder. Vi overholder strenge kvalitetsstandarder og er avhengige av raffinerte produksjonsstrategier for \u00e5 sikre kvalitet. V\u00e5r investering i dyktig personell, avansert digitalt produksjonsutstyr og spesialiserte testsystemer forbedrer kontinuerlig produksjonskapasiteten v\u00e5r. Ved \u00e5 f\u00f8lge prinsipper for effektivitet, presisjon og kvalitet, m\u00f8ter vi kundenes ulike behov.<\/p>\n<p><img decoding=\"async\" src=\"https:\/\/www.hydraulic-cylinders.net\/wp-content\/uploads\/2025\/04\/songte-company-4.webp\" alt=\"Selskapets produksjon\" \/><br \/>\n<img decoding=\"async\" src=\"https:\/\/www.hydraulic-cylinders.net\/wp-content\/uploads\/2025\/04\/songte-company-3.webp\" alt=\"Produksjonsanlegg\" \/><\/p>\n<p>V\u00e5r ekspertise strekker seg over en rekke domener, inkludert profesjonelle sertifiseringer, tilpassede tjenestetilbud, toppmoderne produksjonsutstyr og eksepsjonell ettersalgsst\u00f8tte, noe som sikrer at kundene v\u00e5re f\u00e5r de beste produktene og den beste servicen som er tilgjengelig.<\/p>\n<p>Forfatter: lyl<\/p>","protected":false},"excerpt":{"rendered":"<p>Boom Cylinder For Caterpillar Middle Excavator E325D Introduction to Boom Cylinder The boom cylinder is a crucial component in hydraulic systems, specifically designed to control the movement of the bucket in various heavy machinery such as excavators, backhoe loaders, and front loaders. This hydraulic cylinder enables the bucket to lift, lower, and tilt, facilitating efficient [&hellip;]<\/p>","protected":false},"featured_media":17869,"comment_status":"open","ping_status":"closed","template":"","meta":{"_et_pb_use_builder":"","_et_pb_old_content":"","_et_gb_content_width":""},"product_brand":[],"product_cat":[1546],"product_tag":[1547,1496],"class_list":{"0":"post-18957","1":"product","2":"type-product","3":"status-publish","4":"has-post-thumbnail","6":"product_cat-boom-cylinders","7":"product_tag-boom-cylinders","8":"product_tag-hydraulic-cylinders","10":"first","11":"instock","12":"shipping-taxable","13":"product-type-simple"},"amp_enabled":true,"_links":{"self":[{"href":"https:\/\/www.hydraulic-cylinders.net\/nb\/wp-json\/wp\/v2\/product\/18957","targetHints":{"allow":["GET"]}}],"collection":[{"href":"https:\/\/www.hydraulic-cylinders.net\/nb\/wp-json\/wp\/v2\/product"}],"about":[{"href":"https:\/\/www.hydraulic-cylinders.net\/nb\/wp-json\/wp\/v2\/types\/product"}],"replies":[{"embeddable":true,"href":"https:\/\/www.hydraulic-cylinders.net\/nb\/wp-json\/wp\/v2\/comments?post=18957"}],"wp:featuredmedia":[{"embeddable":true,"href":"https:\/\/www.hydraulic-cylinders.net\/nb\/wp-json\/wp\/v2\/media\/17869"}],"wp:attachment":[{"href":"https:\/\/www.hydraulic-cylinders.net\/nb\/wp-json\/wp\/v2\/media?parent=18957"}],"wp:term":[{"taxonomy":"product_brand","embeddable":true,"href":"https:\/\/www.hydraulic-cylinders.net\/nb\/wp-json\/wp\/v2\/product_brand?post=18957"},{"taxonomy":"product_cat","embeddable":true,"href":"https:\/\/www.hydraulic-cylinders.net\/nb\/wp-json\/wp\/v2\/product_cat?post=18957"},{"taxonomy":"product_tag","embeddable":true,"href":"https:\/\/www.hydraulic-cylinders.net\/nb\/wp-json\/wp\/v2\/product_tag?post=18957"}],"curies":[{"name":"wp","href":"https:\/\/api.w.org\/{rel}","templated":true}]}}