{"id":18958,"date":"2025-04-07T06:04:16","date_gmt":"2025-04-07T06:04:16","guid":{"rendered":"https:\/\/www.hydraulic-cylinders.net\/product\/boom-cylinder-for-caterpillar-large-excavator-e326dl\/"},"modified":"2025-04-07T06:04:19","modified_gmt":"2025-04-07T06:04:19","slug":"boom-cylinder-for-caterpillar-large-excavator-e326dl","status":"publish","type":"product","link":"https:\/\/www.hydraulic-cylinders.net\/nb\/produkt\/boom-cylinder-for-caterpillar-large-excavator-e326dl\/","title":{"rendered":"Bomcylinder for Caterpillar stor gravemaskin E326DL"},"content":{"rendered":"<h1>Bomcylinder for Caterpillar stor gravemaskin E326DL<\/h1>\n<h2>Introduksjon til bomsylindere<\/h2>\n<p>Bom-sylinderen, ogs\u00e5 kjent som skuffesylinderen, er en spesialisert hydraulisk sylinder som er designet for \u00e5 kontrollere bevegelsen til skuffer i diverse tunge maskiner, inkludert gravemaskiner, traktorgravere og frontlastere. Denne viktige komponenten lar skuffen l\u00f8fte, senke og vippe, noe som gj\u00f8r den essensiell for materialh\u00e5ndteringsoppgaver. Effektiviteten til hydrauliske systemer gj\u00f8r bom-sylindere viktige i bygg- og landbruksapplikasjoner, og sikrer at bevegelsene er jevne og kraftige.<\/p>\n<p><img decoding=\"async\" src=\"https:\/\/www.hydraulic-cylinders.net\/wp-content\/uploads\/2025\/04\/songte-company-1.webp\" alt=\"Bomcylinder for gravemaskin\" \/><\/p>\n<h2>Viktige funksjoner p\u00e5 bomsylinderen<\/h2>\n<ul>\n<li><strong>H\u00f8y styrke og holdbarhet:<\/strong> Disse sylindrene er vanligvis laget av h\u00f8yfast st\u00e5l eller aluminium, og er konstruert for \u00e5 t\u00e5le h\u00f8yt trykk og tunge belastninger, og er egnet for t\u00f8ffe arbeidsmilj\u00f8er.<\/li>\n<li><strong>Effektiv hydraulisk drift:<\/strong> Ved \u00e5 bruke hydraulisk oljetrykk for jevn forlengelse og inntrekking, gir de rask respons p\u00e5 kontrollkommandoer, og gir kraftig skyve- og trekkkrefter for h\u00e5ndtering av tunge materialer.<\/li>\n<li><strong>Ulike typer:<\/strong> De er tilgjengelige med enkeltvirkende (hydraulisk drift i \u00e9n retning) eller dobbeltvirkende (i begge retninger) sylindere, og dekker ulike driftsbehov. Noen modeller har teleskopiske design, som gir st\u00f8rre forlengelse uten \u00e5 \u00f8ke de ytre m\u00e5lene.<\/li>\n<li><strong>Kompakt design:<\/strong> Designhensynene for disse sylindrene sikrer at de passer inn i trange rom uten at det g\u00e5r p\u00e5 bekostning av ytelsen, noe som gj\u00f8r dem ideelle for begrensede bruksomr\u00e5der.<\/li>\n<li><strong>Korrosjonsbestandighet:<\/strong> Disse sylindrene er designet med slitesterke og korrosjonsbestandige materialer, og sikrer lang levetid selv i utfordrende milj\u00f8er.<\/li>\n<\/ul>\n<h3>V\u00e5re produksjonsmuligheter<\/h3>\n<p>Vi produserer bomsylindere av h\u00f8y kvalitet som perfekt erstatter eksisterende hydrauliske sylindere p\u00e5 markedet.<\/p>\n<p><img decoding=\"async\" src=\"https:\/\/www.hydraulic-cylinders.net\/wp-content\/uploads\/2025\/04\/songte-cylinder-head-with-all-kinds-excavator-models.webp\" alt=\"Gravemaskinmodeller\" \/><\/p>\n<h2>Bruksomr\u00e5der for bomsylindere<\/h2>\n<h3>Anleggsutstyr<\/h3>\n<p>I gravemaskiner er bomsylindre avgj\u00f8rende for graving, lasting og flytting av jord eller rusk. De gj\u00f8r at skuffen kan trenge effektivt ned i bakken, noe som sikrer effektiv graving. I gravemaskinlastere hjelper bomsylindrene b\u00e5de med grave- og l\u00f8fteoperasjoner, noe som gj\u00f8r dem til allsidige verkt\u00f8y for byggeplasser.<\/p>\n<h3>Landbruksmaskiner<\/h3>\n<p>Bomsylindre, som brukes i frontlastere, forenkler skraping, l\u00f8fting og transport av jord, h\u00f8y og andre materialer. Den kraftige driften gj\u00f8r det mulig for b\u00f8nder \u00e5 h\u00e5ndtere bulkmaterialer med letthet, noe som forbedrer produktiviteten i landbruksoppgaver.<\/p>\n<h3>Gravemaskiner<\/h3>\n<p>Skuffesylinderen gj\u00f8r det mulig for gravemaskinen \u00e5 utf\u00f8re gravearbeid ved \u00e5 la skuffen trenge ned i jorden. Denne funksjonaliteten er viktig for anleggs- og landskapsarbeid, noe som gj\u00f8r gravemaskinen til et viktig maskineri i slike milj\u00f8er.<\/p>\n<h3>Lastere<\/h3>\n<p>I frontlastere hjelper bomsylindre med \u00e5 l\u00f8fte og dumpe last effektivt. Deres evne til \u00e5 gi betydelig l\u00f8ftekraft sikrer at materialer kan flyttes raskt og effektivt, noe som forbedrer arbeidsflyten p\u00e5 arbeidsplasser.<\/p>\n<h2>Designhensyn og utvalgskriterier<\/h2>\n<ul>\n<li><strong>Lastekapasitet:<\/strong> Bom-sylinderens lastekapasitet er kritisk. Den m\u00e5 kunne b\u00e6re vekten av materialene den skal h\u00e5ndtere, samt motst\u00e5 kreftene som ut\u00f8ves under drift. Overbelastning kan f\u00f8re til sylindersvikt, noe som gj\u00f8r det viktig \u00e5 velge en sylinder som overg\u00e5r driftskravene.<\/li>\n<li><strong>Tetningsintegritet:<\/strong> Tetninger spiller en viktig rolle i \u00e5 opprettholde hydraulisk trykk og forhindre lekkasjer. Kvalitetstetninger b\u00f8r velges, slik at de t\u00e5ler driftstrykk og temperaturer. Valg av materialer, som polyuretan eller nitrilgummi, kan ha betydelig innvirkning p\u00e5 tetningenes levetid og ytelse.<\/li>\n<li><strong>Varighet:<\/strong> Sylinderen m\u00e5 v\u00e6re konstruert av materialer som motst\u00e5r slitasje og korrosjon. Bruk av harde belegg eller overflatebehandlinger kan forbedre holdbarheten, spesielt i slitende milj\u00f8er. Dette sikrer lengre levetid, noe som reduserer hyppigheten av utskiftinger og reparasjoner.<\/li>\n<li><strong>Sikkerhetsfunksjoner:<\/strong> Sikkerhet er avgj\u00f8rende i hydrauliske systemer. Designet b\u00f8r inkludere funksjoner som trykkavlastningsventiler som forhindrer overdreven trykkoppbygging, og dermed beskytter hele systemet mot potensielle feil som kan f\u00f8re til ulykker.<\/li>\n<li><strong>Vedlikeholdstilgjengelighet:<\/strong> Utformingen b\u00f8r tillate enkelt vedlikehold og reparasjoner. Dette inkluderer \u00e5 s\u00f8rge for tilstrekkelige tilgangspunkter for inspeksjon og service, noe som gj\u00f8r det enklere \u00e5 sikre at sylinderen forblir i topp stand.<\/li>\n<\/ul>\n<p><img decoding=\"async\" src=\"https:\/\/www.hydraulic-cylinders.net\/wp-content\/uploads\/2025\/04\/songte-oil-pipes-and-spare-parts.webp\" alt=\"Hydrauliske deler\" \/><\/p>\n<h2>Tetting og sm\u00f8ring av sylinderen<\/h2>\n<p>Integriteten til en hydraulisk sylinder er i stor grad avhengig av effektiv tetting og sm\u00f8ring. Ulike tetningskomponenter, inkludert stempeltetninger og stangtetninger, brukes til \u00e5 opprettholde trykket i sylinderen. Tetninger er ofte laget av slitesterke materialer som polyuretan og nitrilgummi, noe som gir slitestyrke og sikrer en tett forsegling. Sylinderhuset og de gjengede endeflatene gjennomg\u00e5r fin bearbeiding for \u00e5 forbedre slitestyrken. Regelmessig sm\u00f8ring med passende hydraulisk olje er viktig for \u00e5 redusere friksjon, forhindre slitasje og opprettholde optimal ytelse over tid.<\/p>\n<h2>Regelmessig inspeksjon og forebyggende vedlikehold<\/h2>\n<ul>\n<li><strong>Regelmessige inspeksjoner:<\/strong> Utf\u00f8r rutinekontroller for \u00e5 identifisere tegn p\u00e5 slitasje eller lekkasje. Tidlig oppdagelse av problemer som oljelekkasjer kan forhindre mer omfattende reparasjoner senere.<\/li>\n<li><strong>Riktig sm\u00f8ring:<\/strong> Hold en regelmessig sm\u00f8replan for \u00e5 sikre at tetninger og bevegelige deler forblir tilstrekkelig smurt, noe som reduserer friksjon og slitasje.<\/li>\n<li><strong>Utskifting av tetning:<\/strong> Vurder tilstanden til pakningene regelmessig og skift dem ut etter behov. Slitte pakninger kan f\u00f8re til redusert effektivitet og h\u00f8yere driftskostnader.<\/li>\n<\/ul>\n<h2>Installasjonsretningslinjer<\/h2>\n<p>Riktig montering av bomsylinderen er avgj\u00f8rende for optimal ytelse. Begynn med \u00e5 s\u00f8rge for at sylinderen er riktig justert med monteringspunktene p\u00e5 maskineriet. Bruk passende monteringsbraketter for \u00e5 feste sylinderen godt p\u00e5 plass. Det er viktig \u00e5 stramme alle bolter i henhold til produsentens spesifikasjoner for \u00e5 unng\u00e5 bevegelse under drift. Etter montering, kontroller for eventuell feiljustering og juster deretter. S\u00f8rg i tillegg for at hydraulikkslangene er riktig koblet til for \u00e5 forhindre lekkasjer. Til slutt, test det hydrauliske systemet, og observer sylinderens ytelse for \u00e5 sikre at alt fungerer problemfritt.<\/p>\n<h2>Vanlige vedlikeholdsoppgaver<\/h2>\n<ul>\n<li><strong>Regelmessige inspeksjoner:<\/strong> Hyppige inspeksjoner kan bidra til \u00e5 oppdage lekkasjer eller tegn p\u00e5 slitasje tidlig, noe som muliggj\u00f8r rettidige reparasjoner som forlenger sylinderens levetid. V\u00e6r spesielt oppmerksom p\u00e5 pakninger og stang for eventuelle skader.<\/li>\n<li><strong>Passende sm\u00f8ring:<\/strong> Det er viktig \u00e5 s\u00f8rge for at hydraulikkoljeniv\u00e5ene er tilstrekkelige og at sm\u00f8repunktene vedlikeholdes regelmessig. Bruk anbefalte hydraulikkv\u00e6sker for \u00e5 opprettholde systemets effektivitet og redusere slitasje.<\/li>\n<li><strong>Utskifting av tetninger og kalibreringskontroller:<\/strong> Regelmessig utskifting av pakninger kan forhindre oljelekkasjer og opprettholde systemets trykk. I tillegg m\u00e5 du utf\u00f8re kalibreringskontroller for \u00e5 sikre at sylinderen fungerer innenfor de n\u00f8dvendige spesifikasjonene.<\/li>\n<\/ul>\n<p><img decoding=\"async\" src=\"https:\/\/www.hydraulic-cylinders.net\/wp-content\/uploads\/2025\/04\/songte-chushion-collar.webp\" alt=\"Putekrage\" \/><\/p>\n<h2>Sikkerhetshensyn og milj\u00f8faktorer<\/h2>\n<p>Sikkerhetstiltak er avgj\u00f8rende ved bruk av hydrauliske systemer. Operat\u00f8rer b\u00f8r trenes til \u00e5 gjenkjenne potensielle farer forbundet med hydraulisk utstyr, for eksempel plutselige bevegelser eller feil. Implementering av sikkerhetsprotokoller, som bruk av verneutstyr og sikring av at arbeidsomr\u00e5der er fri for hindringer, kan minimere risikoer. Vurder i tillegg milj\u00f8p\u00e5virkningen av hydrauliske v\u00e6sker. Velg biologisk nedbrytbare oljer der det er mulig for \u00e5 redusere det \u00f8kologiske fotavtrykket, og s\u00f8rg for riktige avhendingsmetoder for avfall som genereres under vedlikehold.<\/p>\n<h2>Feils\u00f8king og vanlige problemer<\/h2>\n<ul>\n<li><strong>Lekkasje:<\/strong> Et av de vanligste problemene med hydrauliske sylindere er lekkasje. Sjekk for skadede pakninger eller l\u00f8se beslag, og skift pakninger etter behov for \u00e5 l\u00f8se dette problemet.<\/li>\n<li><strong>Treg drift:<\/strong> Hvis sylinderen g\u00e5r sakte, sjekk hydraulikkv\u00e6skeniv\u00e5ene og s\u00f8rg for at det ikke er noen hindringer i systemet. Luft i systemet kan ogs\u00e5 for\u00e5rsake sakte bevegelse; det kan v\u00e6re n\u00f8dvendig \u00e5 lufte systemet.<\/li>\n<li><strong>Uventet bevegelse:<\/strong> Dette kan tyde p\u00e5 en svikt i tetningene eller en funksjonsfeil i kontrollventilen. Unders\u00f8k tetningene for skader og s\u00f8rg for at kontrollsystemene fungerer som de skal.<\/li>\n<\/ul>\n<p>For \u00e5 effektivt diagnostisere og l\u00f8se problemer, b\u00f8r operat\u00f8rer f\u00f8re en detaljert vedlikeholdslogg, der de noterer eventuelle problemer som oppst\u00e5r og l\u00f8sningene som er iverksatt. Forebygging er n\u00f8kkelen; regelmessige vedlikeholdskontroller kan redusere sjansen for gjentakende problemer betraktelig.<\/p>\n<p><img decoding=\"async\" src=\"https:\/\/www.hydraulic-cylinders.net\/wp-content\/uploads\/2025\/04\/songte-bushings-with-all-kinds-of-excavator-models.webp\" alt=\"Foringer for gravemaskiner\" \/><\/p>\n<h2>Selskapsoversikt<\/h2>\n<p>Vi er en ledende produsent av hydrauliske sylindere for utskifting, og tilbyr et bredt spekter av produkter som dekker b\u00e5de innenlandske og internasjonale markeder. V\u00e5r forpliktelse til kvalitet driver oss til \u00e5 overholde h\u00f8ye kvalitetsstandarder, st\u00f8ttet av en sofistikert produksjonsstrategi. Vi bruker avansert teknologi og dyktig personell for \u00e5 forbedre produksjonskapasiteten v\u00e5r, og sikrer at vi m\u00f8ter kundenes ulike behov effektivt og produktivt.<\/p>\n<h3>V\u00e5re spesialiteter<\/h3>\n<ul>\n<li><strong>Faglig ekspertise:<\/strong> Teamet v\u00e5rt best\u00e5r av h\u00f8yt kvalifiserte fagfolk med omfattende kunnskap innen hydrauliske systemer, noe som sikrer at vi tilbyr de beste l\u00f8sningene for v\u00e5re kunder.<\/li>\n<li><strong>Internasjonale sertifiseringer:<\/strong> Vi har diverse internasjonale sertifiseringer som bekrefter kvaliteten og p\u00e5liteligheten til produktene v\u00e5re.<\/li>\n<li><strong>Tilpassede l\u00f8sninger:<\/strong> Vi tilbyr skreddersydde produksjonstjenester for \u00e5 m\u00f8te spesifikke kunders behov, og sikrer at hvert produkt er skreddersydd til deres krav.<\/li>\n<li><strong>Avansert produksjonsutstyr:<\/strong> V\u00e5rt toppmoderne produksjonsmaskineri gj\u00f8r det mulig for oss \u00e5 opprettholde h\u00f8y presisjon og effektivitet i produksjonsprosessene v\u00e5re.<\/li>\n<li><strong>Omfattende ettersalgsservice:<\/strong> Vi tilbyr robust ettersalgsst\u00f8tte, slik at kundene v\u00e5re er forn\u00f8yde med kj\u00f8pene sine og f\u00e5r hjelp n\u00e5r de trenger det.<\/li>\n<\/ul>\n<p><img decoding=\"async\" src=\"https:\/\/www.hydraulic-cylinders.net\/wp-content\/uploads\/2025\/04\/songte-company-4.webp\" alt=\"Selskapsoversikt 1\" \/><br \/>\n<img decoding=\"async\" src=\"https:\/\/www.hydraulic-cylinders.net\/wp-content\/uploads\/2025\/04\/songte-company-3.webp\" alt=\"Selskapsoversikt 2\" \/><\/p>\n<p>Forfatter: lyl<\/p>","protected":false},"excerpt":{"rendered":"<p>Boom Cylinder For Caterpillar Large Excavator E326DL Introduction to Boom Cylinders The boom cylinder, also known as the bucket cylinder, is a specialized hydraulic cylinder designed to control the movement of buckets in various heavy machinery, including excavators, backhoe loaders, and front loaders. This crucial component allows the bucket to lift, lower, and tilt, making [&hellip;]<\/p>","protected":false},"featured_media":17870,"comment_status":"open","ping_status":"closed","template":"","meta":{"_et_pb_use_builder":"","_et_pb_old_content":"","_et_gb_content_width":""},"product_brand":[],"product_cat":[1546],"product_tag":[1547,1496],"class_list":{"0":"post-18958","1":"product","2":"type-product","3":"status-publish","4":"has-post-thumbnail","6":"product_cat-boom-cylinders","7":"product_tag-boom-cylinders","8":"product_tag-hydraulic-cylinders","10":"first","11":"instock","12":"shipping-taxable","13":"product-type-simple"},"amp_enabled":true,"_links":{"self":[{"href":"https:\/\/www.hydraulic-cylinders.net\/nb\/wp-json\/wp\/v2\/product\/18958","targetHints":{"allow":["GET"]}}],"collection":[{"href":"https:\/\/www.hydraulic-cylinders.net\/nb\/wp-json\/wp\/v2\/product"}],"about":[{"href":"https:\/\/www.hydraulic-cylinders.net\/nb\/wp-json\/wp\/v2\/types\/product"}],"replies":[{"embeddable":true,"href":"https:\/\/www.hydraulic-cylinders.net\/nb\/wp-json\/wp\/v2\/comments?post=18958"}],"wp:featuredmedia":[{"embeddable":true,"href":"https:\/\/www.hydraulic-cylinders.net\/nb\/wp-json\/wp\/v2\/media\/17870"}],"wp:attachment":[{"href":"https:\/\/www.hydraulic-cylinders.net\/nb\/wp-json\/wp\/v2\/media?parent=18958"}],"wp:term":[{"taxonomy":"product_brand","embeddable":true,"href":"https:\/\/www.hydraulic-cylinders.net\/nb\/wp-json\/wp\/v2\/product_brand?post=18958"},{"taxonomy":"product_cat","embeddable":true,"href":"https:\/\/www.hydraulic-cylinders.net\/nb\/wp-json\/wp\/v2\/product_cat?post=18958"},{"taxonomy":"product_tag","embeddable":true,"href":"https:\/\/www.hydraulic-cylinders.net\/nb\/wp-json\/wp\/v2\/product_tag?post=18958"}],"curies":[{"name":"wp","href":"https:\/\/api.w.org\/{rel}","templated":true}]}}