{"id":18965,"date":"2025-04-07T06:04:34","date_gmt":"2025-04-07T06:04:34","guid":{"rendered":"https:\/\/www.hydraulic-cylinders.net\/product\/boom-cylinder-for-caterpillar-large-excavator-e328dlc\/"},"modified":"2025-04-07T06:04:37","modified_gmt":"2025-04-07T06:04:37","slug":"boom-cylinder-for-caterpillar-large-excavator-e328dlc","status":"publish","type":"product","link":"https:\/\/www.hydraulic-cylinders.net\/nb\/produkt\/boom-cylinder-for-caterpillar-large-excavator-e328dlc\/","title":{"rendered":"Bom-sylinder for Caterpillar stor gravemaskin E328DLC"},"content":{"rendered":"<h1>Bom-sylinder for Caterpillar stor gravemaskin E328DLC<\/h1>\n<h2>Introduksjon til bomsylinder<\/h2>\n<p>Bom-sylinderen er en viktig komponent i hydrauliske systemer, spesielt i store gravemaskiner som Caterpillar E328DLC. Denne hydrauliske sylinderen er spesielt utviklet for \u00e5 kontrollere bevegelsen til bommen, slik at den kan heve, senke og vippe gravemaskinens arm. Effektiv drift av bom-sylinderen er avgj\u00f8rende for \u00e5 utf\u00f8re ulike materialh\u00e5ndteringsoppgaver, noe som gj\u00f8r den til en uunnv\u00e6rlig del av tungt maskineri.<\/p>\n<p><img decoding=\"async\" src=\"https:\/\/www.hydraulic-cylinders.net\/wp-content\/uploads\/2025\/04\/songte-company-1.webp\" alt=\"Bilde av bomsylinder\" \/><\/p>\n<h3>Oversikt over bomsylinder i hydrauliske systemer<\/h3>\n<p>I hydrauliske systemer fungerer bomsylinderen som en kraftmultiplikator, og bruker hydraulisk v\u00e6sketrykk til \u00e5 skape line\u00e6r bevegelse. Dette lar gravemaskinen utf\u00f8re oppgaver som graving, l\u00f8fting av tunge laster og presis man\u00f8vrering. Trykket i hydraulisk v\u00e6ske muliggj\u00f8r jevn og effektiv drift, noe som er viktig for tunge applikasjoner. Bomsylinderen er designet for holdbarhet og p\u00e5litelighet, og lar operat\u00f8rer utf\u00f8re komplekse oppgaver med letthet, noe som gj\u00f8r den til en kritisk komponent i bygg- og gruveindustrien.<\/p>\n<h2>Funksjoner p\u00e5 bomsylinderen<\/h2>\n<ul>\n<li><strong>H\u00f8y styrke og holdbarhet:<\/strong> Bom-sylinderen er konstruert av h\u00f8yfast st\u00e5l eller aluminium, og t\u00e5ler h\u00f8yt trykk og tunge belastninger. Utformingen tar hensyn til slitestyrke og korrosjonsbeskyttelse, noe som sikrer lang levetid under t\u00f8ffe arbeidsforhold.<\/li>\n<li><strong>Effektiv hydraulisk drift:<\/strong> Ved \u00e5 bruke hydraulisk v\u00e6sketrykk gir denne sylinderen jevn forlengelse og tilbaketrekking, og leverer kraftige skyve- og trekkekrefter. Den er spesielt effektiv for h\u00e5ndtering av tunge gjenstander og komplekse driftsoppgaver.<\/li>\n<li><strong>Ulike typer:<\/strong> Bom-sylinderen er tilgjengelig i enkeltvirkende (opererer i \u00e9n retning) eller dobbeltvirkende (opererer i begge retninger) konfigurasjoner, og kan skreddersys for \u00e5 m\u00f8te ulike driftskrav. Enkelte modeller har teleskopiske design, som gir st\u00f8rre forlengelse uten \u00e5 \u00f8ke de ytre dimensjonene, ideelt for plassbegrensede applikasjoner.<\/li>\n<\/ul>\n<h3>V\u00e5re produksjonsmuligheter<\/h3>\n<p>Vi spesialiserer oss p\u00e5 \u00e5 produsere bomsylindere av h\u00f8y kvalitet som perfekt erstatter eksisterende hydrauliske sylindere i ulike bruksomr\u00e5der.<\/p>\n<p><img decoding=\"async\" src=\"https:\/\/www.hydraulic-cylinders.net\/wp-content\/uploads\/2025\/04\/songte-cylinder-head-with-all-kinds-excavator-models.webp\" alt=\"Sylinderhode for gravemaskiner\" \/><\/p>\n<h2>Bruksomr\u00e5der for bomsylinder<\/h2>\n<h3>Anleggsutstyr<\/h3>\n<p>I gravemaskiner er bomsylindre avgj\u00f8rende for graving, lasting og flytting av jord eller avfall. Deres evne til \u00e5 forenkle b\u00e5de grave- og l\u00f8fteoperasjoner gj\u00f8r dem uunnv\u00e6rlige for byggeprosjekter der effektivitet og presisjon er avgj\u00f8rende.<\/p>\n<h3>Landbruksmaskiner<\/h3>\n<p>Bomsylindre, som brukes i frontlastere, er viktige for \u00e5 utarbeide, l\u00f8fte og transportere jord, h\u00f8y og andre materialer. Allsidigheten til disse sylindrene lar b\u00f8nder h\u00e5ndtere ulike oppgaver effektivt, noe som \u00f8ker produktiviteten i landbruksdriften.<\/p>\n<h3>Gravemaskiner<\/h3>\n<p>Bomsylindre gj\u00f8r det mulig for gravemaskiner \u00e5 trenge effektivt ned i bakken, noe som muliggj\u00f8r effektive graveoperasjoner. Designet deres sikrer maksimal kraftp\u00e5f\u00f8ring, noe som gj\u00f8r dem egnet for ulike jordtyper og forhold.<\/p>\n<h3>Lastere<\/h3>\n<p>I frontlastere hjelper bomsylindre med \u00e5 l\u00f8fte og dumpe last effektivt. Deres p\u00e5litelige ytelse sikrer raske behandlingstider ved laste- og losseoppgaver, noe som er avgj\u00f8rende i travle arbeidsmilj\u00f8er.<\/p>\n<h2>Designhensyn og utvalgskriterier<\/h2>\n<h3>Lastekapasitet<\/h3>\n<p>N\u00e5r man velger en bomsylinder, er lastekapasiteten avgj\u00f8rende. Den bestemmer hvor mye vekt sylinderen effektivt kan h\u00e5ndtere under drift. Designet m\u00e5 h\u00e5ndtere de maksimale potensielle belastningene som oppst\u00e5r i spesifikke applikasjoner, noe som sikrer sikkerhet og effektivitet.<\/p>\n<h3>Tetningsytelse<\/h3>\n<p>Effektiv tetting er avgj\u00f8rende for \u00e5 forhindre lekkasjer av hydraulisk v\u00e6ske, som kan kompromittere systemets effektivitet og sikkerhet. Tetninger av h\u00f8y kvalitet m\u00e5 brukes for \u00e5 opprettholde trykk og funksjonalitet over lengre perioder, selv under krevende forhold.<\/p>\n<h3>Varighet<\/h3>\n<p>Holdbarhet er en viktig faktor i utformingen av bomsylindere. De m\u00e5 motst\u00e5 slitasje fra konstant bruk i t\u00f8ffe milj\u00f8er. Materialene og beleggene som brukes i konstruksjonen spiller en avgj\u00f8rende rolle i \u00e5 forbedre levetiden og p\u00e5liteligheten.<\/p>\n<h2>Tetting og sm\u00f8ring av bomsylinderen<\/h2>\n<p>Riktig tetting og sm\u00f8ring er avgj\u00f8rende for \u00e5 opprettholde funksjonaliteten til bomsylindrene. Ulike tetningstyper, som stempeltetninger og stangtetninger, brukes for \u00e5 sikre tett lukking og forhindre lekkasjer. Tetninger laget av slitesterke materialer som polyuretan og nitrilgummi gir motstand mot slitasje og milj\u00f8faktorer.<\/p>\n<p>Sylinderhuset og gjengede overflater gjennomg\u00e5r finbearbeiding for \u00e5 forbedre slitestyrken, mens regelmessig sm\u00f8ring med hydraulikkolje er viktig for problemfri drift. Regelmessige kontroller er n\u00f8dvendige for \u00e5 sikre at tetningene forblir intakte og fungerer som de skal.<\/p>\n<h2>Forebyggende vedlikeholdstiltak<\/h2>\n<ul>\n<li><strong>Regelmessige inspeksjoner:<\/strong> Utf\u00f8r rutinemessige inspeksjoner for \u00e5 identifisere slitasje eller skader f\u00f8r de eskalerer til alvorlige problemer.<\/li>\n<li><strong>Riktig sm\u00f8ring:<\/strong> S\u00f8rg for at sylinderen er tilstrekkelig smurt med hydraulikkolje for \u00e5 sikre jevn drift og forhindre slitasje.<\/li>\n<li><strong>Utskifting av tetning:<\/strong> Sjekk og skift ut pakninger regelmessig for \u00e5 opprettholde trykk og ytelse.<\/li>\n<\/ul>\n<h2>Installasjonsretningslinjer for bomsylinder<\/h2>\n<p>Riktig installasjon er avgj\u00f8rende for at bomsylinderen skal fungere. Begynn med \u00e5 s\u00f8rge for at monteringsflatene er rene og fri for rusk. Juster sylinderen n\u00f8yaktig med monteringsbrakettene, og bruk passende monteringsfester for \u00e5 feste den p\u00e5 plass. Det er viktig \u00e5 stramme boltene i henhold til produsentens spesifikasjoner for \u00e5 unng\u00e5 feiljustering eller un\u00f8dig belastning p\u00e5 sylinderen. Til slutt kobler du til de hydrauliske slangene, og s\u00f8rger for at det ikke er noen lekkasjer f\u00f8r bruk.<\/p>\n<h2>Vanlige vedlikeholdsoppgaver<\/h2>\n<ul>\n<li><strong>Regelmessige kontroller:<\/strong> Planlegg regelmessige kontroller for \u00e5 overv\u00e5ke sylinderens tilstand, og se etter tegn p\u00e5 slitasje eller v\u00e6skelekkasjer.<\/li>\n<li><strong>Passende sm\u00f8ring:<\/strong> Sm\u00f8r sylinderen regelmessig for \u00e5 opprettholde dens driftseffektivitet, og forhindre friksjon og slitasje.<\/li>\n<li><strong>Utskifting og kalibrering av tetning:<\/strong> Overv\u00e5k pakningene for slitasje og skift dem ut etter behov, slik at systemet forblir trykksatt og funksjonelt.<\/li>\n<\/ul>\n<h2>Sikkerhetshensyn og milj\u00f8faktorer<\/h2>\n<p>N\u00e5r man bruker bomsylindere, er det avgj\u00f8rende \u00e5 f\u00f8lge sikkerhetsprotokollene. Operat\u00f8rer b\u00f8r v\u00e6re oppl\u00e6rt i sikker h\u00e5ndteringspraksis og forst\u00e5 de potensielle farene ved hydrauliske systemer. Riktig vedlikehold og kontroller bidrar ogs\u00e5 til milj\u00f8forvaltning ved \u00e5 minimere lekkasjer og s\u00f8l som kan skade \u00f8kosystemet.<\/p>\n<h2>Feils\u00f8king og vanlige problemer<\/h2>\n<ul>\n<li><strong>Lekkasjer av hydraulisk v\u00e6ske:<\/strong> Inspiser tetninger og koblinger hvis det er tegn p\u00e5 v\u00e6skelekkasje, da dette kan tyde p\u00e5 slitte tetninger eller feil koblinger.<\/li>\n<li><strong>Inkonsekvent sylinderbevegelse:<\/strong> Sjekk for blokkeringer i hydraulikkledningene eller lave v\u00e6skeniv\u00e5er som kan p\u00e5virke sylinderens ytelse.<\/li>\n<li><strong>Uvanlige lyder:<\/strong> Hvis sylinderen lager uvanlige lyder under drift, kan det tyde p\u00e5 indre skader eller utilstrekkelig sm\u00f8ring.<\/li>\n<\/ul>\n<h2>Tips for effektiv feildiagnose<\/h2>\n<p>For \u00e5 effektivt diagnostisere og l\u00f8se problemer med bomsylinderen, b\u00f8r operat\u00f8rer f\u00f8lge en systematisk tiln\u00e6rming. Regelmessig overv\u00e5king av systemets ytelse kan bidra til \u00e5 identifisere potensielle problemer tidlig. Implementering av forebyggende tiltak, som rutinemessig vedlikehold og riktig sm\u00f8ring, minimerer sannsynligheten for at det oppst\u00e5r betydelige problemer. \u00c5 f\u00f8re en logg over vedlikeholdsaktiviteter og symptomer kan hjelpe til med feils\u00f8king, og sikre effektiv drift og levetid for utstyret.<\/p>\n<p><img decoding=\"async\" src=\"https:\/\/www.hydraulic-cylinders.net\/wp-content\/uploads\/2025\/04\/songte-bushings-with-all-kinds-of-excavator-models.webp\" alt=\"Foringer for gravemaskinmodeller\" \/><\/p>\n<h2>Om selskapet v\u00e5rt<\/h2>\n<p>Vi er en ledende produsent av hydrauliske sylindere for utskifting, og tilbyr et omfattende utvalg av produkter som dekker b\u00e5de innenlandske og internasjonale markeder. V\u00e5r forpliktelse til kvalitet demonstreres gjennom v\u00e5re raffinerte produksjonsprosesser, dyktige arbeidsstyrke og avanserte strategier for produksjonsstyring. Vi bruker banebrytende teknologi og strenge kvalitetskontrollsystemer for \u00e5 forbedre produksjonskapasiteten v\u00e5r, og sikrer at vi m\u00f8ter ulike kundebehov med presisjon og effektivitet.<\/p>\n<h3>Spesialisering og sertifisering<\/h3>\n<p>V\u00e5rt firma er stolt av \u00e5 tilby skreddersydde tjenester som er skreddersydd for v\u00e5re kunders unike behov. Vi har en rekke internasjonale sertifiseringer som bekrefter v\u00e5r forpliktelse til kvalitet og p\u00e5litelighet i v\u00e5re produkter.<\/p>\n<h3>Produksjonsutstyr og ettersalgsservice<\/h3>\n<p>Utstyrt med toppmoderne produksjonsteknologi kan vi produsere hydrauliske sylindere av h\u00f8y kvalitet til konkurransedyktige priser. V\u00e5r dedikerte ettersalgsservice sikrer at kundene f\u00e5r jevnlig st\u00f8tte og veiledning gjennom hele produktenes levetid.<\/p>\n<p><img decoding=\"async\" src=\"https:\/\/www.hydraulic-cylinders.net\/wp-content\/uploads\/2025\/04\/songte-company-4.webp\" alt=\"Selskapets produksjonsanlegg\" \/><br \/>\n<img decoding=\"async\" src=\"https:\/\/www.hydraulic-cylinders.net\/wp-content\/uploads\/2025\/04\/songte-company-3.webp\" alt=\"Selskapssertifisering og kvalitet\" \/><\/p>\n<p>Forfatter: lyl<\/p>","protected":false},"excerpt":{"rendered":"<p>Boom Cylinder For Caterpillar Large Excavator E328DLC Introduction to Boom Cylinder The boom cylinder is an essential component of hydraulic systems, particularly in large excavators like the Caterpillar E328DLC. This hydraulic cylinder is specifically designed to control the movement of the boom, allowing for the lifting, lowering, and tilting of the excavator&#8217;s arm. The efficient [&hellip;]<\/p>","protected":false},"featured_media":17877,"comment_status":"open","ping_status":"closed","template":"","meta":{"_et_pb_use_builder":"","_et_pb_old_content":"","_et_gb_content_width":""},"product_brand":[],"product_cat":[1546],"product_tag":[1547,1496],"class_list":{"0":"post-18965","1":"product","2":"type-product","3":"status-publish","4":"has-post-thumbnail","6":"product_cat-boom-cylinders","7":"product_tag-boom-cylinders","8":"product_tag-hydraulic-cylinders","10":"first","11":"instock","12":"shipping-taxable","13":"product-type-simple"},"amp_enabled":true,"_links":{"self":[{"href":"https:\/\/www.hydraulic-cylinders.net\/nb\/wp-json\/wp\/v2\/product\/18965","targetHints":{"allow":["GET"]}}],"collection":[{"href":"https:\/\/www.hydraulic-cylinders.net\/nb\/wp-json\/wp\/v2\/product"}],"about":[{"href":"https:\/\/www.hydraulic-cylinders.net\/nb\/wp-json\/wp\/v2\/types\/product"}],"replies":[{"embeddable":true,"href":"https:\/\/www.hydraulic-cylinders.net\/nb\/wp-json\/wp\/v2\/comments?post=18965"}],"wp:featuredmedia":[{"embeddable":true,"href":"https:\/\/www.hydraulic-cylinders.net\/nb\/wp-json\/wp\/v2\/media\/17877"}],"wp:attachment":[{"href":"https:\/\/www.hydraulic-cylinders.net\/nb\/wp-json\/wp\/v2\/media?parent=18965"}],"wp:term":[{"taxonomy":"product_brand","embeddable":true,"href":"https:\/\/www.hydraulic-cylinders.net\/nb\/wp-json\/wp\/v2\/product_brand?post=18965"},{"taxonomy":"product_cat","embeddable":true,"href":"https:\/\/www.hydraulic-cylinders.net\/nb\/wp-json\/wp\/v2\/product_cat?post=18965"},{"taxonomy":"product_tag","embeddable":true,"href":"https:\/\/www.hydraulic-cylinders.net\/nb\/wp-json\/wp\/v2\/product_tag?post=18965"}],"curies":[{"name":"wp","href":"https:\/\/api.w.org\/{rel}","templated":true}]}}