{"id":18979,"date":"2025-04-07T06:05:30","date_gmt":"2025-04-07T06:05:30","guid":{"rendered":"https:\/\/www.hydraulic-cylinders.net\/product\/boom-cylinder-for-caterpillar-wheel-excavator-m326d\/"},"modified":"2025-04-07T06:05:32","modified_gmt":"2025-04-07T06:05:32","slug":"boom-cylinder-for-caterpillar-wheel-excavator-m326d","status":"publish","type":"product","link":"https:\/\/www.hydraulic-cylinders.net\/nb\/produkt\/boom-cylinder-for-caterpillar-wheel-excavator-m326d\/","title":{"rendered":"Bomcylinder for Caterpillar hjulgraver M326D"},"content":{"rendered":"<h1>Bomcylinder for Caterpillar hjulgraver M326D<\/h1>\n<h2>Produktoversikt<\/h2>\n<p>De <strong>Bom-sylinder for Caterpillar hjulgraver M326D<\/strong> er en viktig hydraulisk komponent som er utviklet for \u00e5 kontrollere bevegelsene til bommen i gravemaskiner. Denne hydrauliske sylinderen muliggj\u00f8r l\u00f8fting, senking og tilting av bommen, noe som forenkler effektive materialh\u00e5ndteringsoppgaver. Som en viktig del av det hydrauliske systemet spiller den en betydelig rolle i \u00e5 forbedre den generelle ytelsen til tunge maskiner.<\/p>\n<p>Skuffesylinderen er spesifikt en type hydraulisk sylinder som er spesialisert for \u00e5 kontrollere bevegelsen til skuffer i diverse tunge maskiner som gravemaskiner, traktorgravere og frontlastere. Den lar skuffen utf\u00f8re kritiske funksjoner som graving, l\u00f8fting og tilting, som er avgj\u00f8rende for effektiv materialbevegelse og driftseffektivitet.<\/p>\n<p><img decoding=\"async\" src=\"https:\/\/www.hydraulic-cylinders.net\/wp-content\/uploads\/2025\/04\/songte-company-1.webp\" alt=\"Bomcylinder for gravemaskin\" \/><\/p>\n<h2>Funksjoner p\u00e5 bomsylinderen<\/h2>\n<ul>\n<li><strong>H\u00f8y styrke og holdbarhet:<\/strong> Disse sylindrene er vanligvis konstruert av h\u00f8yfast st\u00e5l eller aluminium, og t\u00e5ler h\u00f8yt trykk og tunge belastninger samtidig som de tilpasser seg t\u00f8ffe arbeidsmilj\u00f8er. De er konstruert for \u00e5 v\u00e6re slitesterke og korrosjonsbestandige, noe som forlenger produktets levetid.<\/li>\n<li><strong>Effektiv hydraulisk drift:<\/strong> Ved \u00e5 utnytte trykket fra hydraulikkoljen oppn\u00e5r bomsylinderen jevn forlengelse og inntrekking. Den reagerer raskt p\u00e5 kontrollkommandoer og gir betydelig skyve- og trekkekraft, egnet for h\u00e5ndtering av tunge materialer og komplekse driftsoppgaver.<\/li>\n<li><strong>Ulike varianter:<\/strong> Alternativene inkluderer enkeltvirkende (utnytter hydraulisk kraft i \u00e9n retning) og dobbeltvirkende (utnytter hydraulisk kraft i begge retninger) sylindere, som im\u00f8tekommer ulike driftsbehov. Enkelte modeller er teleskopiske, noe som gir st\u00f8rre forlengelse uten \u00e5 \u00f8ke de ytre m\u00e5lene, ideelt for applikasjoner med begrenset plass.<\/li>\n<li><strong>Presisjonsteknikk:<\/strong> Disse sylindrene er utviklet for \u00e5 forbedre ytelse og p\u00e5litelighet, og er produsert ved hjelp av avanserte teknikker for \u00e5 sikre stramme toleranser og optimal funksjonalitet.<\/li>\n<li><strong>Tilpassbare l\u00f8sninger:<\/strong> Produktene v\u00e5re kan erstatte eksisterende hydrauliske sylindere p\u00e5 en perfekt m\u00e5te, og gir fleksibilitet og tilpasningsevne for ulike maskinkonfigurasjoner.<\/li>\n<\/ul>\n<p><img decoding=\"async\" src=\"https:\/\/www.hydraulic-cylinders.net\/wp-content\/uploads\/2025\/04\/songte-cylinder-head-with-all-kinds-excavator-models.webp\" alt=\"Gravemaskinmodeller\" \/><\/p>\n<h2>Bruksomr\u00e5der for bomsylinderen<\/h2>\n<h3>Anleggsutstyr<\/h3>\n<p>I gravemaskiner er bomsylindre avgj\u00f8rende for graving, lasting og flytting av jord eller rusk. De gir den n\u00f8dvendige kraften til \u00e5 grave ut og hjelper til med \u00e5 l\u00f8fte materialer, slik at byggeprosjekter utf\u00f8res effektivt. Tilpasningsevnen til disse sylindrene gj\u00f8r at de kan st\u00f8tte ulike redskaper, noe som gj\u00f8r gravemaskiner til allsidige verkt\u00f8y p\u00e5 ethvert arbeidssted.<\/p>\n<h3>Landbruksmaskiner<\/h3>\n<p>I frontlastere brukes bomsylindre til \u00e5 utarbeide, l\u00f8fte og transportere jord, h\u00f8y og andre materialer. Den robuste designen gj\u00f8r det mulig for f\u00f8rere \u00e5 h\u00e5ndtere tunge lass med letthet, noe som gj\u00f8r dem uunnv\u00e6rlige i landbruksdrift. Effektiviteten til disse sylindrene bidrar til forbedret produktivitet p\u00e5 landbruksomr\u00e5der.<\/p>\n<h3>Gravemaskiner<\/h3>\n<p>I vanlige gravemaskiner forenkler bomsylinderen gravebevegelsen ved \u00e5 la skuffen trenge effektivt ned i jorden. Ved \u00e5 muliggj\u00f8re presis kontroll over skuffens bevegelse forbedrer disse sylindrene driftsn\u00f8yaktigheten, noe som f\u00f8rer til bedre graveresultater og mindre materialsvinn.<\/p>\n<h3>Lastere<\/h3>\n<p>I frontlastere hjelper bomsylinderen med \u00e5 l\u00f8fte og dumpe materialer effektivt. Denne funksjonen er avgj\u00f8rende for lasting av lastebiler, flytting av materialer rundt p\u00e5 arbeidsplasser og utf\u00f8relse av ulike l\u00f8fteoppgaver. Bomsylinderens p\u00e5litelighet sikrer langvarig driftseffektivitet i krevende milj\u00f8er.<\/p>\n<h2>Designhensyn og utvalgskriterier<\/h2>\n<h3>Lastekapasitet<\/h3>\n<p>N\u00e5r du velger en bomsylinder, er det viktig \u00e5 forst\u00e5 dens lastekapasitet. Sylinderen m\u00e5 kunne h\u00e5ndtere den maksimale forventede belastningen under drift. Overbelastning kan f\u00f8re til for tidlig svikt, \u00f8kt slitasje og sikkerhetsfarer. Ingeni\u00f8rer utf\u00f8rer ofte lastanalyser for \u00e5 bestemme passende spesifikasjoner, og sikrer at sylinderen vil fungere p\u00e5litelig under de forventede forholdene.<\/p>\n<h3>Tetting og holdbarhet<\/h3>\n<p>Tetting er en annen viktig faktor for bomsylindere. Riktige tetninger forhindrer lekkasjer av hydraulisk v\u00e6ske, og opprettholder systemtrykk og effektivitet. H\u00f8ykvalitetstetninger laget av materialer som polyuretan eller nitrilgummi gir holdbarhet mot slitasje og milj\u00f8faktorer. Sylinderens design m\u00e5 ogs\u00e5 ta hensyn til potensielle forurensninger, noe som sikrer langvarig ytelse og reduserer vedlikeholdsbehovet.<\/p>\n<h3>Sikkerhetsfunksjoner<\/h3>\n<p>Sikkerhet er avgj\u00f8rende ved utforming av hydrauliske sylindere. Funksjoner som trykkavlastningsventiler og sikkerhetsl\u00e5ser bidrar til \u00e5 forhindre ulykker under drift. \u00c5 s\u00f8rge for at disse sikkerhetsmekanismene er p\u00e5 plass kan beskytte utstyr og operat\u00f8rer mot uventede feil eller funksjonsfeil, og dermed fremme et tryggere arbeidsmilj\u00f8.<\/p>\n<h3>Vedlikeholdstilgjengelighet<\/h3>\n<p>Det er viktig \u00e5 designe hydrauliske sylindere for enkelt vedlikehold. Komponenter som muliggj\u00f8r enkel inspeksjon, sm\u00f8ring og utskifting kan redusere nedetid og vedlikeholdskostnader betraktelig. Produsenter b\u00f8r vurdere tilgangspunkter for regelmessige vedlikeholdsoppgaver for \u00e5 sikre bomsylinderens levetid og p\u00e5litelighet.<\/p>\n<p><img decoding=\"async\" src=\"https:\/\/www.hydraulic-cylinders.net\/wp-content\/uploads\/2025\/04\/songte-oil-pipes-and-spare-parts.webp\" alt=\"Hydrauliske sylindere og deler\" \/><\/p>\n<h2>Tetting og sm\u00f8ring<\/h2>\n<p>For \u00e5 sikre optimal ytelse brukes ulike tetningskomponenter i hydrauliske sylindere, inkludert stempeltetninger og stangtetninger. Tetninger laget av materialer som polyuretan og nitrilgummi velges ofte p\u00e5 grunn av slitestyrke og holdbarhet. Sylinderhuset og gjengede endeflater gjennomg\u00e5r fine maskineringsprosesser for \u00e5 forbedre slitestyrken. Regelmessig sm\u00f8ring med passende hydraulisk olje er ogs\u00e5 n\u00f8dvendig for \u00e5 minimere friksjon og sikre jevn drift.<\/p>\n<h2>Forebyggende vedlikeholdstiltak<\/h2>\n<ul>\n<li><strong>Regelmessige inspeksjoner:<\/strong> Rutinemessige kontroller av bomsylinderen sikrer at eventuelle tegn p\u00e5 slitasje eller skade oppdages tidlig. Se etter lekkasjer, uvanlige lyder og tegn p\u00e5 korrosjon.<\/li>\n<li><strong>Passende sm\u00f8ring:<\/strong> S\u00f8rg for at sylinderen er tilstrekkelig smurt med hydraulikkolje av h\u00f8y kvalitet for \u00e5 opprettholde effektiviteten og forlenge levetiden. Etabler en sm\u00f8replan basert p\u00e5 driftstimer og -forhold.<\/li>\n<li><strong>Utskifting av tetning:<\/strong> Overv\u00e5k tilstanden til pakningene regelmessig og skift dem ut etter behov for \u00e5 forhindre lekkasjer og opprettholde optimal ytelse.<\/li>\n<\/ul>\n<h2>Installasjonsretningslinjer<\/h2>\n<p>Riktig installasjon av bomsylinderen er avgj\u00f8rende for dens ytelse og levetid. Begynn med \u00e5 s\u00f8rge for at alle komponenter er rene og fri for forurensninger. Juster sylinderen n\u00f8ye under installasjonen for \u00e5 unng\u00e5 un\u00f8dig belastning p\u00e5 komponentene. Det anbefales \u00e5 bruke passende monteringsbraketter for \u00e5 feste sylinderen sikkert p\u00e5 plass. \u00c5 f\u00f8lge produsentens spesifikasjoner for momentinnstillinger og tilkobling av hydrauliske ledninger vil bidra til \u00e5 sikre en vellykket installasjon. Etter installasjon er det avgj\u00f8rende \u00e5 teste sylinderen under kontrollerte forhold for \u00e5 bekrefte ytelsen og gj\u00f8re n\u00f8dvendige justeringer.<\/p>\n<h2>Vanlige vedlikeholdsoppgaver<\/h2>\n<h3>Regelmessige inspeksjoner<\/h3>\n<p>Det er viktig \u00e5 utf\u00f8re regelmessige inspeksjoner av bomsylinderen for \u00e5 identifisere potensielle problemer tidlig. Se etter lekkasjer, slitasje og tegn p\u00e5 belastning p\u00e5 komponentene. Inspeksjoner b\u00f8r dokumenteres, og eventuelle uregelmessigheter b\u00f8r tas h\u00e5nd om raskt for \u00e5 forhindre ytterligere komplikasjoner.<\/p>\n<h3>Riktig sm\u00f8ring<\/h3>\n<p>S\u00f8rg for at bomsylinderen er smurt i henhold til produsentens anbefalinger. Riktig sm\u00f8ring minimerer friksjon, forbedrer ytelsen og forlenger sylinderens levetid. Vurder milj\u00f8forhold som kan p\u00e5virke sm\u00f8refrekvensen og juster vedlikeholdsplanen deretter.<\/p>\n<h3>Utskifting av tetning<\/h3>\n<p>Det er viktig \u00e5 overv\u00e5ke tilstanden til pakningene for \u00e5 opprettholde det hydrauliske systemets integritet. N\u00e5r pakningene viser tegn til slitasje eller skade, b\u00f8r de byttes ut umiddelbart for \u00e5 forhindre v\u00e6skelekkasje og sikre optimal drift. F\u00f8lg riktige prosedyrer for pakningsutskifting for \u00e5 minimere nedetid.<\/p>\n<p><img decoding=\"async\" src=\"https:\/\/www.hydraulic-cylinders.net\/wp-content\/uploads\/2025\/04\/songte-chushion-collar.webp\" alt=\"Putekrage\" \/><\/p>\n<h2>Sikkerhetshensyn og milj\u00f8faktorer<\/h2>\n<p>N\u00e5r man arbeider med hydrauliske sylindere, er det avgj\u00f8rende \u00e5 implementere sikkerhetstiltak. Riktig oppl\u00e6ring av operat\u00f8rer og vedlikeholdspersonell kan redusere risikoen for ulykker betydelig. I tillegg m\u00e5 milj\u00f8faktorer som temperatur og eksponering for kjemikalier overv\u00e5kes for \u00e5 sikre at det hydrauliske systemets integritet forblir intakt.<\/p>\n<h2>Feildiagnose og vanlige problemer<\/h2>\n<ul>\n<li><strong>Lekkasje:<\/strong> Lekkasje er et vanlig problem som kan oppst\u00e5 fra slitte pakninger eller skadede komponenter. Inspiser pakningene regelmessig og skift dem ut etter behov for \u00e5 forhindre tap av hydraulisk v\u00e6ske.<\/li>\n<li><strong>Utilstrekkelig str\u00f8m:<\/strong> Hvis bomsylinderen ikke reagerer tilstrekkelig, kan det tyde p\u00e5 lave hydrauliske v\u00e6skeniv\u00e5er eller luft i systemet. S\u00f8rg for riktig v\u00e6skeniv\u00e5 og luft systemet etter behov.<\/li>\n<li><strong>St\u00f8y under drift:<\/strong> Uvanlige lyder kan signalisere mekaniske problemer i sylinderen. Unders\u00f8k eventuelle unormale lyder raskt for \u00e5 unng\u00e5 ytterligere skade p\u00e5 utstyret.<\/li>\n<\/ul>\n<h2>Feils\u00f8kingstips<\/h2>\n<p>For effektiv feils\u00f8king, start med \u00e5 identifisere symptomene som bomsylinderen viser. Vurder det hydrauliske systemet for lekkasjer, og s\u00f8rg for at alle tetninger og koblinger er intakte. Sjekk alltid niv\u00e5ene og kvaliteten p\u00e5 hydraulisk v\u00e6ske, da lavt eller forurenset v\u00e6skeniv\u00e5 kan f\u00f8re til ytelsesproblemer. Implementer forebyggende tiltak, for eksempel regelmessig vedlikehold og inspeksjoner, for \u00e5 minimere risikoen for vanlige problemer og sikre at det hydrauliske systemet varer lenge.<\/p>\n<p><img decoding=\"async\" src=\"https:\/\/www.hydraulic-cylinders.net\/wp-content\/uploads\/2025\/04\/songte-bushings-with-all-kinds-of-excavator-models.webp\" alt=\"Foringer for gravemaskinmodeller\" \/><\/p>\n<h2>Om selskapet v\u00e5rt<\/h2>\n<p>Vi er en produsent som spesialiserer oss p\u00e5 hydrauliske sylindere for utskifting, og tilbyr et omfattende produktsortiment for \u00e5 bli en av de ledende produsentene og grossistene av hydrauliske sylindere i b\u00e5de innenlandske og internasjonale markeder. Vi f\u00f8lger prinsippet om kvalitetssikring, og utnytter et raffinert produksjonsverksted og strategier for industriell produksjonsstyring. V\u00e5rt selskap forbedrer kontinuerlig produksjonsplattformen v\u00e5r ved \u00e5 bruke teknisk talent, avansert digitalt produksjonsutstyr og profesjonelle testsystemer for \u00e5 forbedre produktkvaliteten og produksjonsruten v\u00e5r. Dette lar oss oppfylle ulike kundebehov med effektivitet, presisjon og h\u00f8y kvalitet.<\/p>\n<p>Fra profesjonalitet til internasjonale sertifiseringer tilbyr vi tilpassede tjenester som er skreddersydd for \u00e5 m\u00f8te spesifikke kundekrav. V\u00e5rt avanserte produksjonsutstyr gj\u00f8r det mulig for oss \u00e5 opprettholde h\u00f8ye standarder, mens v\u00e5rt dedikerte ettersalgsteam sikrer kundetilfredshet og tar seg av eventuelle bekymringer som m\u00e5tte oppst\u00e5 etter kj\u00f8p.<\/p>\n<p><img decoding=\"async\" src=\"https:\/\/www.hydraulic-cylinders.net\/wp-content\/uploads\/2025\/04\/songte-company-4.webp\" alt=\"Selskapsoversikt\" \/><br \/>\n<img decoding=\"async\" src=\"https:\/\/www.hydraulic-cylinders.net\/wp-content\/uploads\/2025\/04\/songte-company-3.webp\" alt=\"Produksjonsanlegg\" \/><\/p>\n<p>Forfatter: lyl<\/p>","protected":false},"excerpt":{"rendered":"<p>Boom Cylinder For Caterpillar Wheel Excavator M326D Product Overview The Boom Cylinder for Caterpillar Wheel Excavator M326D is an essential hydraulic component designed to control the movements of the boom in excavators. This hydraulic cylinder enables the lifting, lowering, and tilting of the boom, facilitating efficient material handling tasks. As a crucial part of the [&hellip;]<\/p>","protected":false},"featured_media":17876,"comment_status":"open","ping_status":"closed","template":"","meta":{"_et_pb_use_builder":"","_et_pb_old_content":"","_et_gb_content_width":""},"product_brand":[],"product_cat":[1546],"product_tag":[1547,1496],"class_list":{"0":"post-18979","1":"product","2":"type-product","3":"status-publish","4":"has-post-thumbnail","6":"product_cat-boom-cylinders","7":"product_tag-boom-cylinders","8":"product_tag-hydraulic-cylinders","10":"first","11":"instock","12":"shipping-taxable","13":"product-type-simple"},"amp_enabled":true,"_links":{"self":[{"href":"https:\/\/www.hydraulic-cylinders.net\/nb\/wp-json\/wp\/v2\/product\/18979","targetHints":{"allow":["GET"]}}],"collection":[{"href":"https:\/\/www.hydraulic-cylinders.net\/nb\/wp-json\/wp\/v2\/product"}],"about":[{"href":"https:\/\/www.hydraulic-cylinders.net\/nb\/wp-json\/wp\/v2\/types\/product"}],"replies":[{"embeddable":true,"href":"https:\/\/www.hydraulic-cylinders.net\/nb\/wp-json\/wp\/v2\/comments?post=18979"}],"wp:featuredmedia":[{"embeddable":true,"href":"https:\/\/www.hydraulic-cylinders.net\/nb\/wp-json\/wp\/v2\/media\/17876"}],"wp:attachment":[{"href":"https:\/\/www.hydraulic-cylinders.net\/nb\/wp-json\/wp\/v2\/media?parent=18979"}],"wp:term":[{"taxonomy":"product_brand","embeddable":true,"href":"https:\/\/www.hydraulic-cylinders.net\/nb\/wp-json\/wp\/v2\/product_brand?post=18979"},{"taxonomy":"product_cat","embeddable":true,"href":"https:\/\/www.hydraulic-cylinders.net\/nb\/wp-json\/wp\/v2\/product_cat?post=18979"},{"taxonomy":"product_tag","embeddable":true,"href":"https:\/\/www.hydraulic-cylinders.net\/nb\/wp-json\/wp\/v2\/product_tag?post=18979"}],"curies":[{"name":"wp","href":"https:\/\/api.w.org\/{rel}","templated":true}]}}