{"id":1900,"date":"2023-10-19T06:38:44","date_gmt":"2023-10-19T06:38:44","guid":{"rendered":"https:\/\/hydraulic-cylinders.net\/?post_type=product&#038;p=1900"},"modified":"2025-04-11T03:43:26","modified_gmt":"2025-04-11T03:43:26","slug":"open-tbm-torque-cylinder","status":"publish","type":"product","link":"https:\/\/www.hydraulic-cylinders.net\/nb\/produkt\/open-tbm-torque-cylinder\/","title":{"rendered":"\u00c5pen TBM-momentsylinder"},"content":{"rendered":"<h1 style=\"text-align: center;\"><strong>\u00c5pen TBM-momentsylinder<\/strong><\/h1>\n<p><img loading=\"lazy\" decoding=\"async\" class=\"aligncenter wp-image-1901\" src=\"https:\/\/hydraulic-cylinders.net\/wp-content\/uploads\/2023\/10\/torque-cylinder-1-300x300.webp\" alt=\"\" width=\"400\" height=\"400\" \/><\/p>\n<p>Den \u00e5pne TBM-momentsylinderen er en banebrytende hydraulisk komponent som er utviklet for \u00e5 levere eksepsjonell kraft og presisjon i tunnelboreoperasjoner. Denne spesialiserte sylinderen spiller en viktig rolle i \u00e5 gi momentkraft til tunnelboremaskinen (TBM), noe som muliggj\u00f8r effektiv utgraving gjennom ulike geologiske formasjoner. I denne informative artikkelen vil vi utforske de viktigste egenskapene, bruksmetodene og vedlikeholdsretningslinjene for den \u00e5pne TBM-momentsylinderen.<\/p>\n<p>Den \u00e5pne TBM-momentsylinderen er en kraftig hydraulisk komponent som forbedrer effektiviteten og presisjonen ved tunnelboring. Med sitt h\u00f8ye moment, presise kontroll, holdbarhet og sikkerhetsfunksjoner sikrer denne sylinderen jevn og p\u00e5litelig utgraving av tunneler. Ved \u00e5 f\u00f8lge de anbefalte bruksmetodene og regelmessige vedlikeholdspraksiser, vil den \u00e5pne TBM-momentsylinderen fortsette \u00e5 levere enest\u00e5ende ytelse, noe som bidrar til suksess for tunnelprosjekter. Opplev kraften og presisjonen til den \u00e5pne TBM-momentsylinderen, som revolusjonerer tunnelboring med uovertruffen effektivitet.<\/p>\n<p>N\u00f8kkelegenskaper for \u00e5pen TBM-momentsylinder:<\/p>\n<ul>\n<li>H\u00f8yt dreiemoment: Den \u00e5pne TBM-momentsylinderen har imponerende dreiemoment, slik at TBM-en enkelt overvinner utfordrende grunnforhold. Den robuste designen og presise konstruksjonen sikrer optimal dreiemomentoverf\u00f8ring, noe som muliggj\u00f8r effektiv utgraving og reduserer prosjektets tidsfrister.<\/li>\n<li>Presis kontroll og n\u00f8yaktighet: Denne sylinderen er utstyrt med avanserte hydrauliske systemer og gir presis kontroll over dreiemomentet som p\u00e5f\u00f8res av tunnelboremaskinen. Operat\u00f8rer kan justere dreiemomentet for \u00e5 matche de spesifikke kravene til forskjellige geologiske formasjoner, noe som sikrer n\u00f8yaktig og effektiv utgraving.<\/li>\n<li>Holdbarhet og p\u00e5litelighet: Den \u00e5pne TBM-momentsylinderen er bygget med materialer av h\u00f8y kvalitet og konstruert for \u00e5 t\u00e5le de krevende forholdene som oppst\u00e5r i tunnelboreoperasjoner. Den t\u00e5ler tunge belastninger, vibrasjoner og st\u00f8t, noe som gir langvarig holdbarhet, minimerer nedetid og reduserer vedlikeholdskostnader.<\/li>\n<li>Sikkerhetsfunksjoner: Den \u00e5pne TBM-momentsylinderen har sikkerhetsfunksjoner som overbelastningsbeskyttelse og n\u00f8dstoppmekanismer. Disse funksjonene bidrar til \u00e5 forhindre for h\u00f8yt moment og sikrer TBM-operat\u00f8renes sikkerhet, noe som minimerer risikoen for skade p\u00e5 utstyret.<\/li>\n<\/ul>\n<h2><strong>\u00c5pne TBM momentsylinderparameter:<\/strong><\/h2>\n<table border=\"1\" cellspacing=\"0\" cellpadding=\"0\">\n<tbody>\n<tr>\n<td>Produktnavn<\/td>\n<td>Momentsylinder for \u00e5pen tunnelboremaskin<\/td>\n<\/tr>\n<tr>\n<td>Funksjoner:<\/td>\n<td>Brukes til justering av retningen p\u00e5 tunnelboremaskinen og overf\u00f8ring av dreiemomentet til kutterhodet<\/td>\n<\/tr>\n<tr>\n<td>Borediameter:<\/td>\n<td>220 mm\uff5e450 mm<\/td>\n<\/tr>\n<tr>\n<td>Stangdiameter:<\/td>\n<td>125 mm \uff5e260 mm<br \/>\nSlaglengde 200 mm ~ 260 mm<\/td>\n<\/tr>\n<tr>\n<td>Trykk:<\/td>\n<td>opptil 35 MPa<\/td>\n<\/tr>\n<tr>\n<td>Bruksomr\u00e5der:<\/td>\n<td>\u00c5pen tunnelboremaskin<\/td>\n<\/tr>\n<\/tbody>\n<\/table>\n<h2><strong>\u00c5pne TBM-sylinderapplikasjon:<\/strong><\/h2>\n<p><img loading=\"lazy\" decoding=\"async\" class=\"alignnone wp-image-1899 size-full\" src=\"https:\/\/hydraulic-cylinders.net\/wp-content\/uploads\/2023\/10\/open-tbm-cylinder-1.webp\" alt=\"\" width=\"709\" height=\"473\" srcset=\"https:\/\/hydraulic-cylinders.net\/wp-content\/uploads\/2023\/10\/open-tbm-cylinder-1.webp 709w, https:\/\/hydraulic-cylinders.net\/wp-content\/uploads\/2023\/10\/open-tbm-cylinder-1-480x320.webp 480w\" sizes=\"(min-width: 0px) and (max-width: 480px) 480px, (min-width: 481px) 709px, 100vw\" \/><\/p>\n<h2><strong>Bruksmetode for \u00e5pen TBM-momentsylinder<\/strong><strong>:<\/strong><\/h2>\n<ul>\n<li><strong>Sylinderinstallasjon:<\/strong>\u00a0 Installer den \u00e5pne momentsylinderen for TBM i henhold til produsentens instruksjoner. S\u00f8rg for riktig justering og sikkert feste til TBM-ens konstruksjon ved hjelp av passende monteringsbraketter eller tilbeh\u00f8r.<\/li>\n<li><strong>Integrering av hydraulisk system:<\/strong> Koble sylinderen til tunnelboremaskinens hydrauliske system med kompatible slanger og koblinger. Kontroller at alle koblinger er sikre, lekkasjefrie og tilstrekkelig strammet for \u00e5 sikre optimal hydraulisk ytelse.<\/li>\n<li><strong>Momentjustering:<\/strong>\u00a0 Gj\u00f8r deg kjent med kontrollene som er spesifikke for den \u00e5pne TBM-momentsylinderen. Disse kontrollene justerer momentutgangen, slik at du f\u00e5r presis kontroll over TBM-ens gravekraft. Tilpass momentutgangen basert p\u00e5 grunnforholdene og gravekravene.<\/li>\n<li><strong>Sikkerhetsregler:<\/strong>\u00a0 F\u00f8lg alle sikkerhetsprotokoller og retningslinjer gitt av TBM-produsenten. S\u00f8rg for at operat\u00f8rene er oppl\u00e6rt i sikker bruk av TBM-en og den \u00e5pne TBM-momentsylinderen. Inspiser sikkerhetsmekanismene regelmessig og utf\u00f8r vedlikehold som anbefalt for \u00e5 sikre korrekt funksjon.<\/li>\n<\/ul>\n<h2><strong>Hvordan lufte en hydraulisk sylinder p\u00e5 en traktor?<\/strong><\/h2>\n<p>Lufting av hydraulikksylinderen p\u00e5 en traktor er viktig for \u00e5 opprettholde riktig funksjon og ytelse av hydraulikksystemet. Her er en trinnvis veiledning som hjelper deg med \u00e5 lufte hydraulikksylinderen:<\/p>\n<ol>\n<li><strong>Sikkerhet f\u00f8rst:<\/strong> F\u00f8r du begynner, s\u00f8rg for at traktoren er sl\u00e5tt av, motoren er avkj\u00f8lt og at det hydrauliske systemet er trykkavlastet. Ta ogs\u00e5 p\u00e5 passende personlig verneutstyr (PPE) som hansker og vernebriller.<\/li>\n<li><strong>Finn lufteventilen:<\/strong> Identifiser lufteventilen p\u00e5 den hydrauliske sylinderen. Lufteventilen er vanligvis en liten skrue eller ventil som er plassert p\u00e5 sylinderhuset eller i n\u00e6rheten av de hydrauliske tilkoblingene.<\/li>\n<li><strong>Klargj\u00f8r oppsamlingsbeholderen:<\/strong> Plasser en passende beholder under lufteventilen for \u00e5 samle opp eventuell hydraulisk v\u00e6ske som kan slippes ut under lufteprosessen.<\/li>\n<li><strong>\u00c5pne lufteventilen:<\/strong> Bruk en passende skiften\u00f8kkel eller et verkt\u00f8y til \u00e5 forsiktig \u00e5pne lufteventilen ved \u00e5 vri den mot klokken. Dette vil la luft og eventuell innestengt v\u00e6ske slippe ut.<\/li>\n<li><strong>Start motoren:<\/strong> Start traktorens motor og la den g\u00e5 p\u00e5 tomgang. Denne handlingen aktiverer hydraulikkpumpen, slik at v\u00e6sken kan str\u00f8mme gjennom systemet.<\/li>\n<li><strong>Betjen den hydrauliske kontrollen:<\/strong> Aktiver den hydrauliske kontrollen som betjener sylinderen du vil lufte. Flytt kontrollen til utstrakt eller innstrakt posisjon, avhengig av \u00f8nsket handling. Dette vil bidra til \u00e5 skape hydraulisk trykk og presse eventuell innestengt luft ut av sylinderen.<\/li>\n<li><strong>Observer v\u00e6skestr\u00f8mmen:<\/strong> F\u00f8lg med p\u00e5 v\u00e6skestr\u00f8mmen fra lufteventilen. I starten kan du se luftbobler, men etter hvert som lufteprosessen fortsetter, skal v\u00e6sken bli jevn og luftfri. La v\u00e6sken renne en stund for \u00e5 sikre at all luft er utst\u00f8tt.<\/li>\n<li><strong>Steng lufteventilen:<\/strong> N\u00e5r v\u00e6sken flyter jevnt uten luftbobler, lukk lufteventilen ved \u00e5 vri den med klokken. Pass p\u00e5 at du ikke strammer den for hardt.<\/li>\n<li><strong>Sjekk hydraulikkv\u00e6skeniv\u00e5et:<\/strong> Kontroller niv\u00e5et p\u00e5 hydraulikkv\u00e6sken i traktorens beholder. Om n\u00f8dvendig, fyll p\u00e5 anbefalt hydraulikkv\u00e6ske for \u00e5 opprettholde riktig niv\u00e5. Se traktorens h\u00e5ndbok for riktig type og spesifikasjoner for hydraulikkv\u00e6ske.<\/li>\n<li><strong>Testoperasjon:<\/strong> N\u00e5r den hydrauliske sylinderen er luftet og v\u00e6skeniv\u00e5et er kontrollert, test traktorens hydrauliske system ved \u00e5 betjene kontrollen for sylinderen du luftet. Observer sylinderens ytelse. Den skal fungere jevnt og gi tilstrekkelig kraft.<\/li>\n<li><strong>Gjenta om n\u00f8dvendig:<\/strong> I noen tilfeller kan gjenstridige luftlommer kreve flere luftesykluser. Hvis du fortsatt merker luft i systemet eller opplever d\u00e5rlig ytelse, gjenta lufteprosessen.<\/li>\n<\/ol>\n<h2><strong>Fabrikkens kapasitet og kapasitet:<\/strong><\/h2>\n<h3>(1) Montering<\/h3>\n<p>Vi har en f\u00f8rsteklasses uavhengig forsknings- og utviklingsplattform for montering. Verkstedet for produksjon av hydrauliske sylindere har fire halvautomatiske monteringslinjer for l\u00f8ftesylindere og \u00e9n automatisk monteringslinje for vippesylindere, med en \u00e5rlig produksjonskapasitet p\u00e5 1 million enheter. Spesialsylinderverkstedet er utstyrt med ulike spesifikasjoner for et halvautomatisk rengj\u00f8ringsmonteringssystem med en \u00e5rlig produksjonskapasitet p\u00e5 200 000 enheter, og er utstyrt med kjent CNC-maskineringsutstyr, et maskineringssenter, spesialutstyr for h\u00f8ypresisjons sylinderbehandling, en robotsveisemaskin, en automatisk rengj\u00f8ringsmaskin, en automatisk sylindermonteringsmaskin og en automatisk produksjonslinje for lakkering. Vi har mer enn 300 sett (sett) av kritisk utstyr. Optimal allokering og effektiv bruk av utstyrsressurser sikrer n\u00f8yaktighetskravene til produktene og oppfyller produktenes h\u00f8ye kvalitetsbehov.<\/p>\n<p><img loading=\"lazy\" decoding=\"async\" class=\"alignnone wp-image-626\" src=\"https:\/\/hydraulic-cylinders.net\/wp-content\/uploads\/2023\/08\/hydraulic-cylinder-product-1-300x158.webp\" alt=\"\" width=\"495\" height=\"260\" srcset=\"https:\/\/hydraulic-cylinders.net\/wp-content\/uploads\/2023\/08\/hydraulic-cylinder-product-1-300x158.webp 495w, https:\/\/hydraulic-cylinders.net\/wp-content\/uploads\/2023\/08\/hydraulic-cylinder-product-1-480x252.webp 480w\" sizes=\"(min-width: 0px) and (max-width: 480px) 480px, (min-width: 481px) 495px, 100vw\" \/> <img loading=\"lazy\" decoding=\"async\" class=\"alignnone wp-image-627\" src=\"https:\/\/hydraulic-cylinders.net\/wp-content\/uploads\/2023\/08\/hydraulic-cylinder-product-2-300x189.webp\" alt=\"\" width=\"413\" height=\"260\" \/><\/p>\n<h3>(2) Maskinering<\/h3>\n<p>Maskineringsverkstedet er utstyrt med et spesialtilpasset dreiesenter for skr\u00e5 skinner, maskineringssenter, h\u00f8yhastighets honemaskin, sveiserobot og annet relatert utstyr, som kan h\u00e5ndtere bearbeiding av sylinderr\u00f8r med en maksimal indre diameter p\u00e5 400 mm og en maksimal lengde p\u00e5 6 meter.<\/p>\n<p><img loading=\"lazy\" decoding=\"async\" class=\"alignnone wp-image-628 size-large\" src=\"https:\/\/hydraulic-cylinders.net\/wp-content\/uploads\/2023\/08\/hydraulic-cylinder-product-3-1024x391.webp\" alt=\"\" width=\"1024\" height=\"391\" srcset=\"https:\/\/hydraulic-cylinders.net\/wp-content\/uploads\/2023\/08\/hydraulic-cylinder-product-3-980x374.webp 980w, https:\/\/hydraulic-cylinders.net\/wp-content\/uploads\/2023\/08\/hydraulic-cylinder-product-3-480x183.webp 480w\" sizes=\"(min-width: 0px) and (max-width: 480px) 480px, (min-width: 481px) and (max-width: 980px) 980px, (min-width: 981px) 1024px, 100vw\" \/><\/p>\n<h3>(3) Sveising<\/h3>\n<p><img loading=\"lazy\" decoding=\"async\" class=\"alignnone wp-image-629 size-large\" src=\"https:\/\/hydraulic-cylinders.net\/wp-content\/uploads\/2023\/08\/hydraulic-cylinder-product-4-1024x510.webp\" alt=\"\" width=\"1024\" height=\"510\" srcset=\"https:\/\/hydraulic-cylinders.net\/wp-content\/uploads\/2023\/08\/hydraulic-cylinder-product-4-980x488.webp 980w, https:\/\/hydraulic-cylinders.net\/wp-content\/uploads\/2023\/08\/hydraulic-cylinder-product-4-480x239.webp 480w\" sizes=\"(min-width: 0px) and (max-width: 480px) 480px, (min-width: 481px) and (max-width: 980px) 980px, (min-width: 981px) 1024px, 100vw\" \/><\/p>\n<h3>(4) Maling og belegg<\/h3>\n<p>Med sm\u00e5 og mellomstore sylinderautomatiske vannbaserte malingsbeleggslinjer, for \u00e5 oppn\u00e5 automatisk robotlasting og -lossing og automatisk spr\u00f8yting, er den designede kapasiteten 4000 stykker per skift;<br \/>\nVi har ogs\u00e5 en halvautomatisk produksjonslinje for maling for store sylindere drevet av en kabelkjede, med en designkapasitet p\u00e5 60 kasser per skift.<\/p>\n<p><img loading=\"lazy\" decoding=\"async\" class=\"alignnone wp-image-630\" src=\"https:\/\/hydraulic-cylinders.net\/wp-content\/uploads\/2023\/08\/hydraulic-cylinder-product-5-300x213.webp\" alt=\"\" width=\"366\" height=\"260\" \/> <img loading=\"lazy\" decoding=\"async\" class=\"alignnone wp-image-631\" src=\"https:\/\/hydraulic-cylinders.net\/wp-content\/uploads\/2023\/08\/hydraulic-cylinder-product-6-300x225.webp\" alt=\"\" width=\"347\" height=\"260\" \/><\/p>\n<h3>(5) Testing<\/h3>\n<p>Vi har f\u00f8rsteklasses inspeksjonsfasiliteter og testbenker for \u00e5 sikre at sylinderens ytelse oppfyller kravene.<\/p>\n<p><img loading=\"lazy\" decoding=\"async\" class=\"alignnone wp-image-632\" src=\"https:\/\/hydraulic-cylinders.net\/wp-content\/uploads\/2023\/08\/hydraulic-cylinder-product-8-300x200.webp\" alt=\"\" width=\"389\" height=\"260\" \/><\/p>\n<p>&nbsp;<\/p>\n<p>&nbsp;<\/p>\n<p>Vi er en av de beste produsentene av hydrauliske sylindere. Vi kan tilby et omfattende utvalg av hydrauliske sylindere. Vi tilbyr ogs\u00e5 tilsvarende <a href=\"https:\/\/hzpt.com\/agricultural-pto-gearbox\/\" target=\"_blank\" rel=\"noopener\">landbruksgirkasser<\/a>Vi har eksportert produktene v\u00e5re til kunder over hele verden og opparbeidet oss et godt rykte p\u00e5 grunn av v\u00e5r overlegne produktkvalitet og ettersalgsservice. Vi \u00f8nsker kunder i inn- og utland velkommen til \u00e5 kontakte oss for \u00e5 forhandle om forretninger, utveksle informasjon og <a href=\"https:\/\/www.hydraulic-cylinders.net\/nb\/contact-us\/\">samarbeide med oss<\/a>!<\/p>\n<p>&nbsp;<\/p>","protected":false},"excerpt":{"rendered":"<p>Open TBM Torque Cylinder The open TBM torque cylinder is a cutting-edge hydraulic component designed to deliver exceptional power and precision in tunnel boring operations. This specialized cylinder plays a vital role in providing torque force to the tunnel boring machine (TBM), enabling efficient excavation through various geological formations. In this informative article, we will [&hellip;]<\/p>","protected":false},"featured_media":1902,"comment_status":"open","ping_status":"closed","template":"","meta":{"_et_pb_use_builder":"","_et_pb_old_content":"","_et_gb_content_width":""},"product_brand":[],"product_cat":[1550,1519],"product_tag":[1380],"class_list":{"0":"post-1900","1":"product","2":"type-product","3":"status-publish","4":"has-post-thumbnail","6":"product_cat-double-acting-hydraulic-cylinder","7":"product_cat-shield-machine-hydraulic-cylinders","8":"product_tag-hydraulic-cylinder","10":"first","11":"instock","12":"shipping-taxable","13":"product-type-simple"},"amp_enabled":true,"_links":{"self":[{"href":"https:\/\/www.hydraulic-cylinders.net\/nb\/wp-json\/wp\/v2\/product\/1900","targetHints":{"allow":["GET"]}}],"collection":[{"href":"https:\/\/www.hydraulic-cylinders.net\/nb\/wp-json\/wp\/v2\/product"}],"about":[{"href":"https:\/\/www.hydraulic-cylinders.net\/nb\/wp-json\/wp\/v2\/types\/product"}],"replies":[{"embeddable":true,"href":"https:\/\/www.hydraulic-cylinders.net\/nb\/wp-json\/wp\/v2\/comments?post=1900"}],"wp:featuredmedia":[{"embeddable":true,"href":"https:\/\/www.hydraulic-cylinders.net\/nb\/wp-json\/wp\/v2\/media\/1902"}],"wp:attachment":[{"href":"https:\/\/www.hydraulic-cylinders.net\/nb\/wp-json\/wp\/v2\/media?parent=1900"}],"wp:term":[{"taxonomy":"product_brand","embeddable":true,"href":"https:\/\/www.hydraulic-cylinders.net\/nb\/wp-json\/wp\/v2\/product_brand?post=1900"},{"taxonomy":"product_cat","embeddable":true,"href":"https:\/\/www.hydraulic-cylinders.net\/nb\/wp-json\/wp\/v2\/product_cat?post=1900"},{"taxonomy":"product_tag","embeddable":true,"href":"https:\/\/www.hydraulic-cylinders.net\/nb\/wp-json\/wp\/v2\/product_tag?post=1900"}],"curies":[{"name":"wp","href":"https:\/\/api.w.org\/{rel}","templated":true}]}}