{"id":19095,"date":"2025-04-07T06:12:32","date_gmt":"2025-04-07T06:12:32","guid":{"rendered":"https:\/\/www.hydraulic-cylinders.net\/product\/boom-cylinder-for-yugong-wy75-7-8\/"},"modified":"2025-04-07T06:12:34","modified_gmt":"2025-04-07T06:12:34","slug":"boom-cylinder-for-yugong-wy75-7-8","status":"publish","type":"product","link":"https:\/\/www.hydraulic-cylinders.net\/nb\/produkt\/boom-cylinder-for-yugong-wy75-7-8\/","title":{"rendered":"Bom-sylinder for Yugong WY75-7-8"},"content":{"rendered":"<h1>Bom-sylinder for Yugong WY75-7-8<\/h1>\n<h2>Introduksjon til bomsylinder<\/h2>\n<p>En bomsylinder er en spesialisert hydraulisk sylinder som spiller en kritisk rolle i \u00e5 kontrollere bevegelsen til skuffer i diverse tunge maskiner som gravemaskiner, traktorgravere og frontlastere. Denne hydrauliske komponenten gj\u00f8r det mulig for skuffen \u00e5 l\u00f8fte, senke og tilte, noe som muliggj\u00f8r effektive materialh\u00e5ndteringsoppgaver. Skuffesylindere er designet for \u00e5 levere kraftige og presise bevegelser, noe som gj\u00f8r dem essensielle for bygg-, landbruks- og industriapplikasjoner.<\/p>\n<p><img decoding=\"async\" src=\"https:\/\/www.hydraulic-cylinders.net\/wp-content\/uploads\/2025\/04\/songte-company-1.webp\" alt=\"Bomcylinder for gravemaskiner\"><\/p>\n<h3>Definisjon og oversikt<\/h3>\n<p>I hydrauliske systemer er bomsylinderen viktig for \u00e5 utf\u00f8re tunge oppgaver. Denne sylinderen fungerer ved \u00e5 bruke trykksatt hydraulisk v\u00e6ske for \u00e5 skape bevegelse. Evnen til \u00e5 forlenge og trekke inn sylinderen betyr at skuffen er allsidig nok til \u00e5 h\u00e5ndtere ulike materialer effektivt. Enten det graves i bakken eller l\u00f8ftes tunge laster, er bomsylinderens ytelse avgj\u00f8rende for \u00e5 bestemme maskineriets totale effektivitet.<\/p>\n<h2>Funksjoner p\u00e5 bomsylinderen<\/h2>\n<ul>\n<li><strong>H\u00f8y styrke og holdbarhet:<\/strong> Bom-sylinderen er vanligvis konstruert av h\u00f8yfast st\u00e5l eller aluminium, og t\u00e5ler h\u00f8yt trykk og tunge belastninger, noe som gj\u00f8r den egnet for t\u00f8ffe arbeidsmilj\u00f8er. Designet legger ogs\u00e5 vekt p\u00e5 slitestyrke og korrosjonsbeskyttelse for \u00e5 forlenge levetiden.<\/li>\n<li><strong>Effektiv hydraulisk drift:<\/strong> Sylinderen bruker hydraulisk oljetrykk for \u00e5 oppn\u00e5 jevn og responsiv forlengelse og tilbaketrekking, noe som gir robust skyve- og trekkekraft som er viktig for h\u00e5ndtering av tunge eller komplekse oppgaver.<\/li>\n<li><strong>Ulike typer:<\/strong> Bom-sylinderen er tilgjengelig i enkeltvirkende (som fungerer i \u00e9n retning) eller dobbeltvirkende (som fungerer i begge retninger) design, og kan skreddersys til ulike driftsbehov. Enkelte modeller er teleskopiske, noe som gir st\u00f8rre forlengelse uten \u00e5 \u00f8ke de ytre m\u00e5lene, noe som gj\u00f8r dem ideelle for plassbegrensede bruksomr\u00e5der.<\/li>\n<li><strong>Tilpasset produksjon:<\/strong> Vi spesialiserer oss p\u00e5 \u00e5 produsere dette produktet, og sikrer at sylinderene v\u00e5re perfekt kan erstatte eksisterende hydrauliske sylindere i maskiner, og gir p\u00e5litelig ytelse.<\/li>\n<li><strong>Kompatibilitet med ulike modeller:<\/strong> Bomsylindrene v\u00e5re er konstruert for \u00e5 fungere s\u00f8ml\u00f8st med flere gravemaskinmodeller, noe som sikrer allsidighet p\u00e5 tvers av ulike bruksomr\u00e5der.<\/li>\n<\/ul>\n<p><img decoding=\"async\" src=\"https:\/\/www.hydraulic-cylinders.net\/wp-content\/uploads\/2025\/04\/songte-cylinder-head-with-all-kinds-excavator-models.webp\" alt=\"Kompatibilitet mellom bomsylindere\"><\/p>\n<h2>S\u00f8knadsscenarier<\/h2>\n<h3>Anleggsutstyr<\/h3>\n<p>Bomsylindre finnes hovedsakelig i gravemaskiner, og spiller en avgj\u00f8rende rolle i graving, lasting og flytting av jord eller rusk. De gir den n\u00f8dvendige kraften for \u00e5 trenge inn i jord og l\u00f8fte materialer, noe som gj\u00f8r dem uvurderlige p\u00e5 byggeplasser. I gravemaskiner hjelper bomsylindre ikke bare med utgraving, men ogs\u00e5 med l\u00f8fteoperasjoner, noe som forbedrer nytten.<\/p>\n<h3>Landbruksmaskiner<\/h3>\n<p>I frontlastere brukes bomsylindre til \u00e5 ut\u00f8se, l\u00f8fte og transportere jord, h\u00f8y og andre materialer effektivt. Designet deres forenkler man\u00f8vrering og h\u00e5ndtering av landbruksprodukter, noe som \u00f8ker produktiviteten p\u00e5 g\u00e5rdene betydelig.<\/p>\n<h3>Gravemaskiner<\/h3>\n<p>For gravemaskiner gj\u00f8r bomsylindere det mulig for skuffen \u00e5 trenge effektivt ned i jorden, noe som forbedrer gravefunksjonen. Dette muliggj\u00f8r dypere og mer effektive graveoppgaver, noe som er avgj\u00f8rende for forberedelse av tomten i ulike byggeprosjekter.<\/p>\n<h3>Lastere<\/h3>\n<p>I frontlastere hjelper bomsylindre med effektiv l\u00f8fting og lossing av last. De gir den n\u00f8dvendige kraften til \u00e5 h\u00e5ndtere tunge materialer, og sikrer jevn drift under laste- og losseprosesser.<\/p>\n<h2>Designhensyn og utvalgskriterier<\/h2>\n<h3>Lastekapasitet<\/h3>\n<p>N\u00e5r du velger en bomsylinder, er det avgj\u00f8rende \u00e5 forst\u00e5 dens lastekapasitet. Sylinderen m\u00e5 kunne h\u00e5ndtere den maksimale forventede belastningen uten at det g\u00e5r p\u00e5 bekostning av sikkerhet eller ytelse. Produsenter gir spesifikasjoner som beskriver den maksimale belastningen sylinderen kan h\u00e5ndtere, noe som b\u00f8r v\u00e6re i samsvar med maskineriets driftskrav.<\/p>\n<h3>Tetting og holdbarhet<\/h3>\n<p>Tetting er et kritisk aspekt ved bomsylinderdesign. Effektive tetninger forhindrer lekkasjer av hydraulisk v\u00e6ske, noe som sikrer optimal ytelse og levetid. Tetninger laget av slitesterke materialer som polyuretan eller nitrilgummi forbedrer sylinderens motstand mot slitasje og milj\u00f8faktorer, og beskytter funksjonaliteten over tid. Regelmessige kontroller og vedlikehold av tetninger er avgj\u00f8rende for \u00e5 unng\u00e5 driftsfeil.<\/p>\n<h3>Sikkerhetsfunksjoner<\/h3>\n<p>Sikkerhet er en prim\u00e6r faktor ved utforming av hydrauliske sylindere. Funksjoner som trykkavlastningsventiler kan forhindre overbelastning, mens robuste konstruksjonsmaterialer forbedrer sylinderens evne til \u00e5 motst\u00e5 h\u00f8yt trykk. Slike funksjoner er avgj\u00f8rende for \u00e5 sikre sikker drift, spesielt i krevende milj\u00f8er. Vedlikeholdsrutiner b\u00f8r inkludere inspeksjoner for \u00e5 identifisere eventuelle sikkerhetsrisikoer.<\/p>\n<h3>Vedlikehold og reparasjonsevne<\/h3>\n<p>Enkel vedlikehold og reparasjon er en annen viktig faktor. En godt designet bomsylinder b\u00f8r gi enkel tilgang til komponentene for reparasjon eller utskifting. Regelmessige vedlikeholdsplaner, inkludert inspeksjoner og utskifting av deler, b\u00f8r etableres for \u00e5 sikre fortsatt funksjonalitet og ytelse.<\/p>\n<p><img decoding=\"async\" src=\"https:\/\/www.hydraulic-cylinders.net\/wp-content\/uploads\/2025\/04\/songte-oil-pipes-and-spare-parts.webp\" alt=\"Hydrauliske sylinderdeler\"><\/p>\n<h2>Tetting og sm\u00f8ring<\/h2>\n<p>Ytelsen til en bomsylinder er i stor grad avhengig av effektiv tetting og sm\u00f8ring. Ulike tetninger, som stempeltetninger og stangtetninger, brukes til \u00e5 opprettholde hydraulisk trykk og beskytte mot ytre forurensninger. Tetninger laget av slitesterke materialer som polyuretan og nitrilgummi er foretrukket p\u00e5 grunn av deres lange levetid og p\u00e5litelighet.<\/p>\n<p>I tillegg gjennomg\u00e5r sylinderhuset og de gjengede endeflatene presis maskinering for \u00e5 forbedre slitestyrken. Regelmessig sm\u00f8ring med passende hydraulikkolje er viktig for at bevegelige deler skal fungere problemfritt, noe som reduserer friksjon og slitasje.<\/p>\n<h2>Forebyggende vedlikeholdstiltak<\/h2>\n<ul>\n<li><strong>Regelmessige inspeksjoner:<\/strong> Rutinemessige kontroller for lekkasjer, korrosjon og slitasje er viktige for \u00e5 identifisere problemer f\u00f8r de eskalerer. Inspiser pakninger og beslag for tegn p\u00e5 slitasje og skift dem ut om n\u00f8dvendig.<\/li>\n<li><strong>Sm\u00f8ring:<\/strong> S\u00f8rg for at riktig sm\u00f8ring utf\u00f8res med anbefalte intervaller for \u00e5 opprettholde sylinderens ytelse. Bruk den spesifiserte hydraulikkoljen for \u00e5 unng\u00e5 kompatibilitetsproblemer.<\/li>\n<li><strong>Utskifting av tetning:<\/strong> Planlegg periodiske utskiftinger av tetninger som en del av vedlikeholdet for \u00e5 sikre optimal ytelse og forhindre lekkasjer. Overv\u00e5k forringelsen av tetninger, spesielt i t\u00f8ffe milj\u00f8er.<\/li>\n<\/ul>\n<h2>Installasjonsretningslinjer<\/h2>\n<p>Riktig montering av bomsylinderen er avgj\u00f8rende for optimal ytelse. Begynn med \u00e5 s\u00f8rge for at alle komponenter er rene og fri for rusk f\u00f8r montering. Bruk passende justeringsverkt\u00f8y for \u00e5 justere sylinderen n\u00f8yaktig i maskineriet. Det anbefales \u00e5 bruke passende monteringsbraketter for \u00e5 feste sylinderen p\u00e5 plass, slik at den ikke blir feiljustert under drift.<\/p>\n<p>F\u00f8lg produsentens spesifikasjoner for momentinnstillinger n\u00e5r du fester sylinderen for \u00e5 unng\u00e5 skade. Etter installasjon, kontroller de hydrauliske koblingene for lekkasjer og s\u00f8rg for at niv\u00e5ene i hydraulikkv\u00e6sken er tilstrekkelige. Test sylinderens funksjonalitet under kontrollerte forhold f\u00f8r full driftsbruk for \u00e5 bekrefte riktig installasjon.<\/p>\n<h2>Vanlige vedlikeholdsoppgaver<\/h2>\n<h3>Regelmessige inspeksjoner<\/h3>\n<p>Det er avgj\u00f8rende \u00e5 gjennomf\u00f8re regelmessige inspeksjoner for \u00e5 identifisere potensielle problemer tidlig. Sjekk for tegn p\u00e5 slitasje, lekkasjer og skader p\u00e5 det hydrauliske systemet. Regelmessige inspeksjoner bidrar til \u00e5 opprettholde maskineriets generelle helse og sikre sikker drift.<\/p>\n<h3>Riktig sm\u00f8ring<\/h3>\n<p>Riktig sm\u00f8ring er viktig for \u00e5 minimere friksjon og slitasje mellom bevegelige deler. S\u00f8rg for at hydraulikkoljeniv\u00e5ene er tilstrekkelige, og bruk anbefalt oljetype for sm\u00f8ring. Utilstrekkelig sm\u00f8ring kan f\u00f8re til for tidlig slitasje og svikt i sylinderen.<\/p>\n<h3>Utskifting av tetning og kalibreringskontroll<\/h3>\n<p>Skift ut slitte pakninger regelmessig for \u00e5 opprettholde hydraulisk trykk og forhindre lekkasjer. Kalibreringskontroller b\u00f8r utf\u00f8res for \u00e5 sikre at sylinderen fungerer innenfor spesifiserte parametere. Riktig tetting og kalibrering er avgj\u00f8rende for \u00e5 forlenge bomsylinderens levetid.<\/p>\n<p><img decoding=\"async\" src=\"https:\/\/www.hydraulic-cylinders.net\/wp-content\/uploads\/2025\/04\/songte-chushion-collar.webp\" alt=\"Bom sylinder pute krage\"><\/p>\n<h2>Sikkerhetshensyn og milj\u00f8faktorer<\/h2>\n<p>N\u00e5r man bruker bomsylindere, er det viktig \u00e5 implementere sikkerhetstiltak for \u00e5 forhindre ulykker. Operat\u00f8rer b\u00f8r bruke passende personlig verneutstyr (PPE) og f\u00f8lge sikkerhetsprotokoller for \u00e5 minimere farer under drift. Milj\u00f8faktorer som ekstreme temperaturer kan p\u00e5virke hydraulikkv\u00e6skens egenskaper og dermed p\u00e5virke ytelsen. S\u00f8rg for at sylinderen er egnet for driftsmilj\u00f8et for \u00e5 opprettholde effektiviteten.<\/p>\n<h2>Feils\u00f8king og vanlige problemer<\/h2>\n<ul>\n<li><strong>Lekkasje:<\/strong> Hvis det oppdages lekkasjer, kontroller pakninger og beslag for slitasje. Skift ut skadede komponenter omg\u00e5ende for \u00e5 unng\u00e5 tap av hydraulisk v\u00e6ske.<\/li>\n<li><strong>Tap av str\u00f8m:<\/strong> En redusert ytelse kan tyde p\u00e5 lave hydrauliske v\u00e6skeniv\u00e5er eller intern skade. Kontroller v\u00e6skeniv\u00e5ene og vurder \u00e5 utf\u00f8re interne inspeksjoner om n\u00f8dvendig.<\/li>\n<li><strong>Uvanlige lyder:<\/strong> St\u00f8y under drift kan tyde p\u00e5 luft i systemet eller slitte komponenter. Luft det hydrauliske systemet for luft og kontroller for eventuelle mekaniske problemer.<\/li>\n<\/ul>\n<p>Implementering av forebyggende tiltak kan redusere forekomsten av disse problemene betydelig og sikre problemfri drift av bomsylinderen.<\/p>\n<p><img decoding=\"async\" src=\"https:\/\/www.hydraulic-cylinders.net\/wp-content\/uploads\/2025\/04\/songte-bushings-with-all-kinds-of-excavator-models.webp\" alt=\"Bom sylinderforinger\"><\/p>\n<h2>Om selskapet v\u00e5rt<\/h2>\n<p>Vi er en ledende produsent av hydrauliske sylindere for utskifting, og tilbyr et omfattende utvalg av produkter som dekker b\u00e5de innenlandske og internasjonale markeder. V\u00e5r forpliktelse til kvalitet gjenspeiles i v\u00e5re toppmoderne produksjonspraksiser, drevet av en strategi for grundig produksjonsstyring.<\/p>\n<p>Med fokus p\u00e5 kvalitet utnytter vi avansert teknologi, dyktig personell og et robust testsystem for \u00e5 forbedre produksjonsplattformen v\u00e5r. Denne integrerte tiln\u00e6rmingen gj\u00f8r det mulig for oss \u00e5 m\u00f8te ulike kundebehov med h\u00f8y effektivitet, presisjon og kvalitet.<\/p>\n<p>V\u00e5r forpliktelse til profesjonell service styrkes av internasjonale sertifiseringer, som gj\u00f8r at vi kan tilby skreddersydde l\u00f8sninger som samsvarer med bransjestandarder. Vi prioriterer kundetilfredshet gjennom responsiv ettersalgsst\u00f8tte og skreddersydde tjenester, slik at kundene v\u00e5re f\u00e5r de beste produktene for sine applikasjoner.<\/p>\n<p><img decoding=\"async\" src=\"https:\/\/www.hydraulic-cylinders.net\/wp-content\/uploads\/2025\/04\/songte-company-4.webp\" alt=\"V\u00e5rt selskapsoversikt\"><br \/>\n<img decoding=\"async\" src=\"https:\/\/www.hydraulic-cylinders.net\/wp-content\/uploads\/2025\/04\/songte-company-3.webp\" alt=\"Selskapets fasiliteter\"><\/p>\n<p>Forfatter: lyl<\/p>","protected":false},"excerpt":{"rendered":"<p>Boom Cylinder For Yugong WY75-7-8 Introduction to Boom Cylinder A boom cylinder is a specialized hydraulic cylinder that plays a critical role in controlling the movement of buckets in various heavy machinery such as excavators, backhoe loaders, and front loaders. This hydraulic component enables the bucket to lift, lower, and tilt, facilitating efficient material handling [&hellip;]<\/p>","protected":false},"featured_media":17871,"comment_status":"open","ping_status":"closed","template":"","meta":{"_et_pb_use_builder":"","_et_pb_old_content":"","_et_gb_content_width":""},"product_brand":[],"product_cat":[1546],"product_tag":[1547,1496],"class_list":{"0":"post-19095","1":"product","2":"type-product","3":"status-publish","4":"has-post-thumbnail","6":"product_cat-boom-cylinders","7":"product_tag-boom-cylinders","8":"product_tag-hydraulic-cylinders","10":"first","11":"instock","12":"shipping-taxable","13":"product-type-simple"},"amp_enabled":true,"_links":{"self":[{"href":"https:\/\/www.hydraulic-cylinders.net\/nb\/wp-json\/wp\/v2\/product\/19095","targetHints":{"allow":["GET"]}}],"collection":[{"href":"https:\/\/www.hydraulic-cylinders.net\/nb\/wp-json\/wp\/v2\/product"}],"about":[{"href":"https:\/\/www.hydraulic-cylinders.net\/nb\/wp-json\/wp\/v2\/types\/product"}],"replies":[{"embeddable":true,"href":"https:\/\/www.hydraulic-cylinders.net\/nb\/wp-json\/wp\/v2\/comments?post=19095"}],"wp:featuredmedia":[{"embeddable":true,"href":"https:\/\/www.hydraulic-cylinders.net\/nb\/wp-json\/wp\/v2\/media\/17871"}],"wp:attachment":[{"href":"https:\/\/www.hydraulic-cylinders.net\/nb\/wp-json\/wp\/v2\/media?parent=19095"}],"wp:term":[{"taxonomy":"product_brand","embeddable":true,"href":"https:\/\/www.hydraulic-cylinders.net\/nb\/wp-json\/wp\/v2\/product_brand?post=19095"},{"taxonomy":"product_cat","embeddable":true,"href":"https:\/\/www.hydraulic-cylinders.net\/nb\/wp-json\/wp\/v2\/product_cat?post=19095"},{"taxonomy":"product_tag","embeddable":true,"href":"https:\/\/www.hydraulic-cylinders.net\/nb\/wp-json\/wp\/v2\/product_tag?post=19095"}],"curies":[{"name":"wp","href":"https:\/\/api.w.org\/{rel}","templated":true}]}}