{"id":19096,"date":"2025-04-07T06:12:34","date_gmt":"2025-04-07T06:12:34","guid":{"rendered":"https:\/\/www.hydraulic-cylinders.net\/product\/boom-cylinder-for-yugong-wy135-8\/"},"modified":"2025-04-07T06:12:40","modified_gmt":"2025-04-07T06:12:40","slug":"boom-cylinder-for-yugong-wy135-8","status":"publish","type":"product","link":"https:\/\/www.hydraulic-cylinders.net\/nb\/produkt\/boom-cylinder-for-yugong-wy135-8\/","title":{"rendered":"Bom-sylinder for Yugong WY135-8"},"content":{"rendered":"<h1>Bom-sylinder for Yugong WY135-8<\/h1>\n<h2>Produktoversikt<\/h2>\n<p>Bom-sylinderen for Yugong WY135-8 er en spesialisert hydraulisk sylinder designet for \u00e5 kontrollere bevegelsen til bomarmen i diverse tunge maskiner som gravemaskiner, traktorgravere og frontlastere. Disse sylindrene muliggj\u00f8r presis l\u00f8fting, senking og tilting av utstyr, og dermed forenkler effektive materialh\u00e5ndteringsoppgaver. Som en viktig komponent i hydrauliske systemer, fungerer bom-sylinderen ved \u00e5 konvertere hydraulisk energi til mekanisk energi, noe som gir kraftige og kontrollerte bevegelser.<\/p>\n<p><img decoding=\"async\" src=\"https:\/\/www.hydraulic-cylinders.net\/wp-content\/uploads\/2025\/04\/songte-company-1.webp\" alt=\"Bilde av bomsylinder\" \/><\/p>\n<h2>Viktige funksjoner<\/h2>\n<ul>\n<li>\n<h3>H\u00f8y styrke og holdbarhet<\/h3>\n<p>Bom-sylinderen er konstruert av h\u00f8yfast st\u00e5l eller aluminium, og er konstruert for \u00e5 t\u00e5le h\u00f8yt trykk og tunge belastninger, noe som gj\u00f8r den egnet for t\u00f8ffe arbeidsmilj\u00f8er. Designet har slitestyrke og korrosjonsbeskyttelse for \u00e5 forlenge produktets levetid.<\/p>\n<\/li>\n<li>\n<h3>Effektiv hydraulisk drift<\/h3>\n<p>Sylinderen bruker hydraulisk oljetrykk for \u00e5 oppn\u00e5 jevn forlengelse og inntrekking, reagerer raskt p\u00e5 operat\u00f8rkommandoer og gir robust skyve- og trekkekraft. Denne effektiviteten er avgj\u00f8rende for h\u00e5ndtering av tunge materialer og komplekse driftsoppgaver.<\/p>\n<\/li>\n<li>\n<h3>Ulike konfigurasjoner<\/h3>\n<p>Bom-sylinderen er tilgjengelig i b\u00e5de enkeltvirkende (opererer i \u00e9n retning) og dobbeltvirkende (opererer i to retninger) design, og kan oppfylle ulike driftskrav. Noen modeller har teleskopiske design, som gir st\u00f8rre forlengelse uten \u00e5 \u00f8ke de ytre dimensjonene, ideelt for bruksomr\u00e5der med begrenset plass.<\/p>\n<\/li>\n<li>\n<h3>Tilpassbar produksjon<\/h3>\n<p>Vi har kapasitet til \u00e5 produsere dette produktet, og sylindrene v\u00e5re kan s\u00f8ml\u00f8st erstatte eksisterende hydrauliske sylindere p\u00e5 markedet.<\/p>\n<\/li>\n<\/ul>\n<p><img decoding=\"async\" src=\"https:\/\/www.hydraulic-cylinders.net\/wp-content\/uploads\/2025\/04\/songte-cylinder-head-with-all-kinds-excavator-models.webp\" alt=\"Gravemaskinmodell\" \/><\/p>\n<h2>Bruksomr\u00e5der<\/h2>\n<ul>\n<li>\n<h3>Anleggsutstyr<\/h3>\n<p>I gravemaskiner er bomsylindre viktige for graving, lasting og flytting av jord eller avfall. De hjelper ikke bare med utgraving, men ogs\u00e5 med \u00e5 l\u00f8fte materialer, noe som \u00f8ker maskinens produktivitet betydelig. Deres p\u00e5litelige ytelse er avgj\u00f8rende for byggebransjens daglige drift.<\/p>\n<\/li>\n<li>\n<h3>Landbruksmaskiner<\/h3>\n<p>Disse sylindrene, som brukes i frontlastere, er ansvarlige for \u00e5 utarbeide, l\u00f8fte og transportere jord, h\u00f8y og andre materialer. Designet deres muliggj\u00f8r effektiv drift i ulike landbruksoppgaver, noe som sikrer at b\u00f8nder kan h\u00e5ndtere materialer effektivt og forbedre produktiviteten.<\/p>\n<\/li>\n<li>\n<h3>Gravemaskiner<\/h3>\n<p>Bom-sylinderen gj\u00f8r at skuffen kan trenge ned i bakken under gravearbeid, slik at f\u00f8reren kan grave effektivt. Den presise kontrollen av bommens bevegelse sikrer at gravemaskiner kan grave dypere og mer n\u00f8yaktig, noe som gj\u00f8r dem essensielle i bygge- og landskapsprosjekter.<\/p>\n<\/li>\n<li>\n<h3>Lastere<\/h3>\n<p>I frontlastere bidrar bomsylindrene til \u00e5 heve og dumpe last effektivt. Deres responsive bevegelse og styrke sikrer at lastere kan h\u00e5ndtere ulike materialer, fra jord til tilslag, med letthet, noe som bidrar til den totale effektiviteten i lasteprosessen.<\/p>\n<\/li>\n<\/ul>\n<h2>Designhensyn og utvalgskriterier<\/h2>\n<ul>\n<li>\n<h3>Lastekapasitet<\/h3>\n<p>N\u00e5r du velger en bomsylinder, er det avgj\u00f8rende \u00e5 vurdere lastekapasiteten. Sylinderen m\u00e5 kunne h\u00e5ndtere den maksimale forventede lasten uten at det g\u00e5r p\u00e5 bekostning av sikkerhet eller ytelse. Dette inneb\u00e6rer \u00e5 vurdere vekten p\u00e5 materialene som flyttes og de spesifikke kravene til maskineriet.<\/p>\n<\/li>\n<li>\n<h3>Tetningsytelse<\/h3>\n<p>Effektiv tetting er avgj\u00f8rende for \u00e5 opprettholde hydraulisk trykk og forhindre lekkasjer. H\u00f8ykvalitetstetninger laget av slitesterke materialer er avgj\u00f8rende for \u00e5 sikre sylinderens levetid og p\u00e5litelighet. Riktig tetting reduserer vedlikeholdsbehovet og forbedrer driftseffektiviteten.<\/p>\n<\/li>\n<li>\n<h3>Varighet<\/h3>\n<p>Holdbarhet er en viktig faktor i design av hydrauliske sylindere. Sylinderen m\u00e5 t\u00e5le t\u00f8ffe arbeidsforhold, inkludert eksponering for smuss, rusk og ekstreme temperaturer. \u00c5 velge materialer og overflater som gir korrosjonsbestandighet og slitasjebeskyttelse er avgj\u00f8rende for forlenget levetid.<\/p>\n<\/li>\n<li>\n<h3>Sikkerhetsfunksjoner<\/h3>\n<p>Sikkerhet b\u00f8r alltid v\u00e6re en prioritet i design av hydrauliske sylindere. Ved \u00e5 inkludere sikkerhetsfunksjoner, som trykkavlastningsventiler og beskyttende innkapslinger, sikrer du at systemet kan h\u00e5ndtere uforutsette omstendigheter uten risiko for operat\u00f8rer eller utstyr.<\/p>\n<\/li>\n<li>\n<h3>Vedlikeholdstilgjengelighet<\/h3>\n<p>Designet b\u00f8r ogs\u00e5 ta hensyn til enkelt vedlikehold. Det b\u00f8r muliggj\u00f8re enkel inspeksjon, sm\u00f8ring og utskifting av deler. Tilgjengelighet er n\u00f8kkelen til \u00e5 sikre at regelmessig vedlikehold kan utf\u00f8res effektivt, og dermed forlenge sylinderens levetid.<\/p>\n<\/li>\n<\/ul>\n<p><img decoding=\"async\" src=\"https:\/\/www.hydraulic-cylinders.net\/wp-content\/uploads\/2025\/04\/songte-oil-pipes-and-spare-parts.webp\" alt=\"Hydrauliske deler\" \/><\/p>\n<h2>Tetting og sm\u00f8ring<\/h2>\n<p>Riktig tetting og sm\u00f8ring er avgj\u00f8rende for effektiv funksjon av hydrauliske sylindere. Ulike tetningskomponenter, som stempeltetninger og stangtetninger, brukes til \u00e5 opprettholde trykket i systemet. Tetninger laget av slitesterke materialer som polyuretan og nitrilgummi brukes ofte for \u00e5 forbedre holdbarheten.<\/p>\n<p>Sylinderhuset og gjengede ender er n\u00f8ye behandlet for \u00e5 forbedre slitestyrken, noe som sikrer at tetningene opprettholder sin integritet over tid. Regelmessig sm\u00f8ring med hydraulikkolje er n\u00f8dvendig for \u00e5 redusere friksjon og forhindre slitasje mellom bevegelige deler. \u00c5 f\u00f8lge en streng sm\u00f8replan bidrar til \u00e5 opprettholde driftseffektiviteten og forlenge sylinderens levetid.<\/p>\n<h2>Regelmessig inspeksjon og forebyggende vedlikehold<\/h2>\n<ul>\n<li>\n<h3>Regelmessige inspeksjoner<\/h3>\n<p>Det er viktig \u00e5 gjennomf\u00f8re rutinemessige inspeksjoner for \u00e5 identifisere potensielle problemer f\u00f8r de eskalerer. Operat\u00f8rer b\u00f8r visuelt sjekke for lekkasjer, slitasje og skader p\u00e5 sylinderen og dens komponenter for \u00e5 sikre optimal ytelse.<\/p>\n<\/li>\n<li>\n<h3>Riktig sm\u00f8ring<\/h3>\n<p>Det er viktig \u00e5 s\u00f8rge for at den hydrauliske sylinderen er tilstrekkelig smurt for problemfri drift. Operat\u00f8rer b\u00f8r f\u00f8lge produsentens retningslinjer for sm\u00f8reintervaller og bruke anbefalt hydraulikkolje for \u00e5 forhindre slitasje.<\/p>\n<\/li>\n<li>\n<h3>Utskifting av tetning<\/h3>\n<p>Tetninger b\u00f8r skiftes ut med jevne mellomrom for \u00e5 opprettholde hydraulisk integritet. Operat\u00f8rer m\u00e5 v\u00e6re \u00e5rv\u00e5kne med \u00e5 overv\u00e5ke tetningenes ytelse og raskt utbedre tegn p\u00e5 slitasje eller lekkasjer for \u00e5 forhindre systemfeil.<\/p>\n<\/li>\n<\/ul>\n<h2>Installasjonsretningslinjer<\/h2>\n<p>Det er avgj\u00f8rende \u00e5 installere bomsylinderen riktig for optimal ytelse. Her er noen viktige trinn \u00e5 f\u00f8lge:<\/p>\n<ol>\n<li>S\u00f8rg for at monteringsflatene er rene og fri for rusk.<\/li>\n<li>Juster sylinderen riktig for \u00e5 unng\u00e5 feiljustering som kan f\u00f8re til for tidlig slitasje.<\/li>\n<li>Bruk passende monteringsbraketter for \u00e5 feste sylinderen, og s\u00f8rg for at den er stabil og n\u00f8yaktig plassert.<\/li>\n<li>Etter installasjon, kontroller at sylinderen beveger seg som den skal og foreta n\u00f8dvendige justeringer.<\/li>\n<li>F\u00f8lg produsentens retningslinjer for momentspesifikasjoner n\u00e5r du strammer bolter og beslag.<\/li>\n<\/ol>\n<h2>Vanlige vedlikeholdsoppgaver<\/h2>\n<ul>\n<li>\n<h3>Regelmessige kontroller<\/h3>\n<p>Det er avgj\u00f8rende \u00e5 utf\u00f8re regelmessige kontroller av det hydrauliske systemet, inkludert bomsylinderen, for \u00e5 identifisere eventuelle problemer tidlig. F\u00f8rere b\u00f8r vurdere den generelle tilstanden til sylinderen og omkringliggende komponenter for \u00e5 sikre at alt fungerer som det skal.<\/p>\n<\/li>\n<li>\n<h3>Riktig sm\u00f8ring<\/h3>\n<p>Sm\u00f8ring er viktig for \u00e5 redusere friksjon og slitasje i hydrauliske systemer. Operat\u00f8rer m\u00e5 overholde sm\u00f8replanene og bruke passende hydrauliske oljer for \u00e5 sikre bomsylinderens levetid og effektivitet.<\/p>\n<\/li>\n<li>\n<h3>Utskifting av tetninger og kalibreringskontroller<\/h3>\n<p>Regelmessig utskifting av pakninger og kontroll av kalibreringen av sylinderen er viktige vedlikeholdsoppgaver. Operat\u00f8rer b\u00f8r overv\u00e5ke pakningenes ytelse og bytte dem ut etter behov for \u00e5 forhindre lekkasjer og opprettholde trykket. Kalibreringskontroller sikrer at sylinderen fungerer innenfor spesifiserte parametere.<\/p>\n<\/li>\n<\/ul>\n<p><img decoding=\"async\" src=\"https:\/\/www.hydraulic-cylinders.net\/wp-content\/uploads\/2025\/04\/songte-chushion-collar.webp\" alt=\"Putekrage\" \/><\/p>\n<h2>Sikkerhets- og milj\u00f8hensyn<\/h2>\n<p>Ved bruk av hydrauliske sylindere er det viktig \u00e5 implementere sikkerhetstiltak for \u00e5 beskytte operat\u00f8rer og milj\u00f8et. Riktig oppl\u00e6ring i driftsprosedyrer og sikkerhetsprotokoller minimerer risikoen for ulykker. I tillegg bidrar bruk av milj\u00f8vennlige hydrauliske oljer og riktige avhendingsmetoder for avfallsmaterialer til \u00e5 redusere milj\u00f8p\u00e5virkningen av hydrauliske operasjoner.<\/p>\n<h2>Feils\u00f8king og vanlige problemer<\/h2>\n<ul>\n<li>\n<h3>Lekkasje<\/h3>\n<p>Et vanlig problem med hydrauliske sylindere er lekkasje. Dette kan oppst\u00e5 p\u00e5 grunn av slitte tetninger eller skadede komponenter. Operat\u00f8rer b\u00f8r inspisere tetninger regelmessig og bytte dem ut ved f\u00f8rste tegn p\u00e5 slitasje for \u00e5 forhindre ytterligere skade.<\/p>\n<\/li>\n<li>\n<h3>Langsom bevegelse<\/h3>\n<p>Hvis sylinderen g\u00e5r sakte, kan det tyde p\u00e5 lave hydraulikkv\u00e6skeniv\u00e5er eller blokkeringer i systemet. \u00c5 kontrollere v\u00e6skeniv\u00e5ene og s\u00f8rge for at det ikke er noen blokkeringer i hydraulikkledningene kan bidra til \u00e5 l\u00f8se dette problemet.<\/p>\n<\/li>\n<li>\n<h3>Uvanlige lyder<\/h3>\n<p>Uvanlige lyder under drift kan v\u00e6re tegn p\u00e5 intern slitasje eller mangel p\u00e5 sm\u00f8ring. Operat\u00f8rer b\u00f8r unders\u00f8ke eventuelle merkelige lyder og utf\u00f8re vedlikehold etter behov for \u00e5 forhindre st\u00f8rre feil.<\/p>\n<\/li>\n<\/ul>\n<p><img decoding=\"async\" src=\"https:\/\/www.hydraulic-cylinders.net\/wp-content\/uploads\/2025\/04\/songte-bushings-with-all-kinds-of-excavator-models.webp\" alt=\"Foringer\" \/><\/p>\n<h2>Konklusjon<\/h2>\n<p>V\u00e5rt firma spesialiserer seg p\u00e5 produksjon av hydrauliske sylindere av h\u00f8y kvalitet, inkludert bomsylinderen for Yugong WY135-8. Vi er forpliktet til \u00e5 levere et bredt utvalg av hydrauliske l\u00f8sninger, noe som gj\u00f8r oss til en ledende produsent og grossistdistribut\u00f8r i b\u00e5de innenlandske og internasjonale markeder. V\u00e5rt fokus p\u00e5 kvalitet, kombinert med avanserte produksjonsstrategier, sikrer at vi m\u00f8ter kundenes ulike behov med h\u00f8y effektivitet, presisjon og kvalitet.<\/p>\n<p>Med profesjonell ekspertise, internasjonale sertifiseringer, tilpassede tjenester, avansert produksjonsutstyr og p\u00e5litelig ettersalgsst\u00f8tte, er vi dedikert til \u00e5 tilby f\u00f8rsteklasses produkter og tjenester til v\u00e5re kunder.<\/p>\n<p><img decoding=\"async\" src=\"https:\/\/www.hydraulic-cylinders.net\/wp-content\/uploads\/2025\/04\/songte-company-4.webp\" alt=\"Firmabilde 1\" \/><br \/>\n<img decoding=\"async\" src=\"https:\/\/www.hydraulic-cylinders.net\/wp-content\/uploads\/2025\/04\/songte-company-3.webp\" alt=\"Firmabilde 2\" \/><\/p>\n<p>Forfatter: lyl<\/p>","protected":false},"excerpt":{"rendered":"<p>Boom Cylinder For Yugong WY135-8 Product Overview The Boom Cylinder for Yugong WY135-8 is a specialized hydraulic cylinder designed to control the movement of the boom arm in various heavy machinery such as excavators, backhoe loaders, and front loaders. These cylinders enable the precise lifting, lowering, and tilting of equipment, thus facilitating efficient material handling [&hellip;]<\/p>","protected":false},"featured_media":17872,"comment_status":"open","ping_status":"closed","template":"","meta":{"_et_pb_use_builder":"","_et_pb_old_content":"","_et_gb_content_width":""},"product_brand":[],"product_cat":[1546],"product_tag":[1547,1496],"class_list":{"0":"post-19096","1":"product","2":"type-product","3":"status-publish","4":"has-post-thumbnail","6":"product_cat-boom-cylinders","7":"product_tag-boom-cylinders","8":"product_tag-hydraulic-cylinders","10":"first","11":"instock","12":"shipping-taxable","13":"product-type-simple"},"amp_enabled":true,"_links":{"self":[{"href":"https:\/\/www.hydraulic-cylinders.net\/nb\/wp-json\/wp\/v2\/product\/19096","targetHints":{"allow":["GET"]}}],"collection":[{"href":"https:\/\/www.hydraulic-cylinders.net\/nb\/wp-json\/wp\/v2\/product"}],"about":[{"href":"https:\/\/www.hydraulic-cylinders.net\/nb\/wp-json\/wp\/v2\/types\/product"}],"replies":[{"embeddable":true,"href":"https:\/\/www.hydraulic-cylinders.net\/nb\/wp-json\/wp\/v2\/comments?post=19096"}],"wp:featuredmedia":[{"embeddable":true,"href":"https:\/\/www.hydraulic-cylinders.net\/nb\/wp-json\/wp\/v2\/media\/17872"}],"wp:attachment":[{"href":"https:\/\/www.hydraulic-cylinders.net\/nb\/wp-json\/wp\/v2\/media?parent=19096"}],"wp:term":[{"taxonomy":"product_brand","embeddable":true,"href":"https:\/\/www.hydraulic-cylinders.net\/nb\/wp-json\/wp\/v2\/product_brand?post=19096"},{"taxonomy":"product_cat","embeddable":true,"href":"https:\/\/www.hydraulic-cylinders.net\/nb\/wp-json\/wp\/v2\/product_cat?post=19096"},{"taxonomy":"product_tag","embeddable":true,"href":"https:\/\/www.hydraulic-cylinders.net\/nb\/wp-json\/wp\/v2\/product_tag?post=19096"}],"curies":[{"name":"wp","href":"https:\/\/api.w.org\/{rel}","templated":true}]}}